{"id":4229,"date":"2024-12-05T12:22:11","date_gmt":"2024-12-05T12:22:11","guid":{"rendered":"https:\/\/dosingpump.shop\/product\/centrifugaalpomp-voor-chemicalien-htm10\/"},"modified":"2026-03-23T11:54:10","modified_gmt":"2026-03-23T10:54:10","slug":"centrifugaalpomp-voor-chemicalien-htm10-pp","status":"publish","type":"product","link":"https:\/\/dosingpump.shop\/it\/product\/centrifugaalpomp-voor-chemicalien-htm10-pp\/","title":{"rendered":"Pompa centrifuga per prodotti chimici HTM10-PP"},"content":{"rendered":"<h3><strong>Pompaggio sicuro ed efficiente di liquidi chimici<\/strong><\/h3>\n<p>Il <strong>HTM10<\/strong> di Gemme Cotti \u00e8 la soluzione per il pompaggio sicuro e affidabile di liquidi chimici, corrosivi o aggressivi. Realizzata con materiali di alta qualit\u00e0, questa pompa a magnete \u00e8 stata appositamente progettata per resistere alle applicazioni chimiche pi\u00f9 impegnative. Grazie all'innovativa tecnologia \"mag-drive\", non ci sono tenute meccaniche che possano perdere, il che aumenta significativamente sia la sicurezza che la facilit\u00e0 di manutenzione.<\/p>\n<h4><strong>Caratteristiche e applicazioni:<\/strong><\/h4>\n<ul>\n<li>Appositamente progettato per liquidi chimici come acidi, cloro, soda caustica e urea.<\/li>\n<li>Nessuna tenuta meccanica: maggiore sicurezza e durata.<\/li>\n<li>Materiali di alta qualit\u00e0 come PP o PVDF per una resistenza chimica ottimale.<\/li>\n<li>Disponibili con O-ring in EPDM o Viton, a seconda dell'applicazione specifica.<\/li>\n<\/ul>\n<h4><strong>Versioni disponibili:<\/strong><\/h4>\n<ul>\n<li><strong>HTM10 PP<\/strong> con motore elettrico monofase (0,55 kW) e piastra di base.<\/li>\n<li>Versione alternativa: <strong>PVDF<\/strong> per una maggiore resistenza alla corrosione.<\/li>\n<li>Opzione: motore trifase per applicazioni industriali.<\/li>\n<\/ul>\n<h4><strong>Perch\u00e9 scegliere Gemme Cotti?<\/strong><\/h4>\n<p>Dal 1992, Gemme Cotti \u00e8 nota per l'eccellente qualit\u00e0 e affidabilit\u00e0 delle sue pompe HTM. La HTM10 \u00e8 la scelta ideale per chi cerca sicurezza, efficienza e durata nel pompaggio di liquidi chimici.<\/p>\n<p>Avete domande sulla pompa giusta per la vostra applicazione o desiderate ricevere un preventivo? Non esitate a contattarci. I nostri esperti sono pronti a consigliarvi!<\/p>","protected":false},"excerpt":{"rendered":"<p>HTM10-PP Pompa centrifuga per prodotti chimici<br \/>\nPer il pompaggio sicuro di liquidi chimici.<br \/>\nMax 13 m3\/h, a seconda della prevalenza<\/p>","protected":false},"featured_media":8772,"template":"","meta":[],"product_brand":[],"product_cat":[86],"product_tag":[],"class_list":{"0":"post-4229","1":"product","2":"type-product","3":"status-publish","4":"has-post-thumbnail","6":"product_cat-centrifugaalpomp-voor-chemicalien","8":"first","9":"instock","10":"taxable","11":"shipping-taxable","12":"purchasable","13":"product-type-simple"},"yoast_head":"<!-- This site is optimized with the Yoast SEO plugin v27.2 - https:\/\/yoast.com\/product\/yoast-seo-wordpress\/ -->\n<title>Centrifugaalpomp voor Chemicali\u00ebn HTM10 | Dosing Pump Shop B.V. PP GemmeCotti<\/title>\n<meta name=\"description\" content=\"Chemicali\u00ebn verpompen kan met deze centrifugaalpomp voor chemicali\u00ebn. De magneetaandrijving is lekvrij en zeer resistent. Diverse uitvoeringen leverbaar.\" \/>\n<meta name=\"robots\" content=\"index, follow, max-snippet:-1, max-image-preview:large, max-video-preview:-1\" \/>\n<link rel=\"canonical\" href=\"https:\/\/dosingpump.shop\/it\/prodotto\/centrifugaalpomp-voor-chemicalien-htm10-pp\/\" \/>\n<meta property=\"og:locale\" content=\"it_IT\" \/>\n<meta property=\"og:type\" content=\"article\" \/>\n<meta property=\"og:title\" content=\"Centrifugaalpomp voor Chemicali\u00ebn HTM10 | Dosing Pump Shop B.V. PP GemmeCotti\" \/>\n<meta property=\"og:description\" content=\"Chemicali\u00ebn verpompen kan met deze centrifugaalpomp voor chemicali\u00ebn. De magneetaandrijving is lekvrij en zeer resistent. Diverse uitvoeringen leverbaar.\" \/>\n<meta property=\"og:url\" content=\"https:\/\/dosingpump.shop\/it\/prodotto\/centrifugaalpomp-voor-chemicalien-htm10-pp\/\" \/>\n<meta property=\"og:site_name\" content=\"Dosing Pump Shop B.V.\" \/>\n<meta property=\"article:modified_time\" content=\"2026-03-23T10:54:10+00:00\" \/>\n<meta property=\"og:image\" content=\"https:\/\/dosingpump.shop\/wp-content\/uploads\/2024\/12\/GemmeCotti-HTM-10-PP.png\" \/>\n\t<meta property=\"og:image:width\" content=\"600\" \/>\n\t<meta property=\"og:image:height\" content=\"600\" \/>\n\t<meta property=\"og:image:type\" content=\"image\/png\" \/>\n<meta name=\"twitter:card\" content=\"summary_large_image\" \/>\n<meta name=\"twitter:label1\" content=\"Prezzo\" \/>\n\t<meta name=\"twitter:data1\" content=\"&euro;756,00\" \/>\n\t<meta name=\"twitter:label2\" content=\"Disponibilit\u00e0\" \/>\n\t<meta name=\"twitter:data2\" content=\"In stock\" \/>\n<script type=\"application\/ld+json\" class=\"yoast-schema-graph\">{\"@context\":\"https:\/\/schema.org\",\"@graph\":[{\"@type\":\"WebPage\",\"@id\":\"https:\/\/dosingpump.shop\/product\/centrifugaalpomp-voor-chemicalien-htm10-pp\/\",\"url\":\"https:\/\/dosingpump.shop\/product\/centrifugaalpomp-voor-chemicalien-htm10-pp\/\",\"name\":\"Centrifugaalpomp voor Chemicali\u00ebn HTM10 | Dosing Pump Shop B.V. PP GemmeCotti\",\"isPartOf\":{\"@id\":\"https:\/\/dosingpump.shop\/de\/#website\"},\"primaryImageOfPage\":{\"@id\":\"https:\/\/dosingpump.shop\/product\/centrifugaalpomp-voor-chemicalien-htm10-pp\/#primaryimage\"},\"image\":{\"@id\":\"https:\/\/dosingpump.shop\/product\/centrifugaalpomp-voor-chemicalien-htm10-pp\/#primaryimage\"},\"thumbnailUrl\":\"https:\/\/dosingpump.shop\/wp-content\/uploads\/2024\/12\/GemmeCotti-HTM-10-PP.png\",\"datePublished\":\"2024-12-05T12:22:11+00:00\",\"dateModified\":\"2026-03-23T10:54:10+00:00\",\"description\":\"Chemicali\u00ebn verpompen kan met deze centrifugaalpomp voor chemicali\u00ebn. De magneetaandrijving is lekvrij en zeer resistent. Diverse uitvoeringen leverbaar.\",\"breadcrumb\":{\"@id\":\"https:\/\/dosingpump.shop\/product\/centrifugaalpomp-voor-chemicalien-htm10-pp\/#breadcrumb\"},\"inLanguage\":\"it-IT\",\"potentialAction\":[{\"@type\":\"ReadAction\",\"target\":[\"https:\/\/dosingpump.shop\/product\/centrifugaalpomp-voor-chemicalien-htm10-pp\/\"]}]},{\"@type\":\"ImageObject\",\"inLanguage\":\"it-IT\",\"@id\":\"https:\/\/dosingpump.shop\/product\/centrifugaalpomp-voor-chemicalien-htm10-pp\/#primaryimage\",\"url\":\"https:\/\/dosingpump.shop\/wp-content\/uploads\/2024\/12\/GemmeCotti-HTM-10-PP.png\",\"contentUrl\":\"https:\/\/dosingpump.shop\/wp-content\/uploads\/2024\/12\/GemmeCotti-HTM-10-PP.png\",\"width\":600,\"height\":600},{\"@type\":\"BreadcrumbList\",\"@id\":\"https:\/\/dosingpump.shop\/product\/centrifugaalpomp-voor-chemicalien-htm10-pp\/#breadcrumb\",\"itemListElement\":[{\"@type\":\"ListItem\",\"position\":1,\"name\":\"Home\",\"item\":\"https:\/\/dosingpump.shop\/\"},{\"@type\":\"ListItem\",\"position\":2,\"name\":\"Shop\",\"item\":\"https:\/\/dosingpump.shop\/de\/shop\/\"},{\"@type\":\"ListItem\",\"position\":3,\"name\":\"Centrifugaalpomp voor chemicali\u00ebn HTM10-PP\"}]},{\"@type\":\"WebSite\",\"@id\":\"https:\/\/dosingpump.shop\/de\/#website\",\"url\":\"https:\/\/dosingpump.shop\/de\/\",\"name\":\"Dosing Pump Shop B.V.\",\"description\":\"\",\"publisher\":{\"@id\":\"https:\/\/dosingpump.shop\/de\/#organization\"},\"potentialAction\":[{\"@type\":\"SearchAction\",\"target\":{\"@type\":\"EntryPoint\",\"urlTemplate\":\"https:\/\/dosingpump.shop\/de\/?s={search_term_string}\"},\"query-input\":{\"@type\":\"PropertyValueSpecification\",\"valueRequired\":true,\"valueName\":\"search_term_string\"}}],\"inLanguage\":\"it-IT\"},{\"@type\":\"Organization\",\"@id\":\"https:\/\/dosingpump.shop\/de\/#organization\",\"name\":\"Dosing Pump Shop B.V.\",\"url\":\"https:\/\/dosingpump.shop\/de\/\",\"logo\":{\"@type\":\"ImageObject\",\"inLanguage\":\"it-IT\",\"@id\":\"https:\/\/dosingpump.shop\/de\/#\/schema\/logo\/image\/\",\"url\":\"https:\/\/dosingpump.shop\/wp-content\/uploads\/2024\/10\/Dosing-Pump-Shop-logo.png\",\"contentUrl\":\"https:\/\/dosingpump.shop\/wp-content\/uploads\/2024\/10\/Dosing-Pump-Shop-logo.png\",\"width\":350,\"height\":45,\"caption\":\"Dosing Pump Shop B.V.\"},\"image\":{\"@id\":\"https:\/\/dosingpump.shop\/de\/#\/schema\/logo\/image\/\"},\"sameAs\":[\"https:\/\/linkedin.com\/company\/dosing-pump-shop\"]}]}<\/script>\n<meta property=\"product:price:amount\" content=\"756.00\" \/>\n<meta property=\"product:price:currency\" content=\"EUR\" \/>\n<meta property=\"og:availability\" content=\"instock\" \/>\n<meta property=\"product:availability\" content=\"instock\" \/>\n<meta property=\"product:retailer_item_id\" content=\"HTM10-PP\" \/>\n<meta property=\"product:condition\" content=\"new\" \/>\n<!-- \/ Yoast SEO plugin. -->","yoast_head_json":{"title":"Centrifugaalpomp voor Chemicali\u00ebn HTM10 | Dosing Pump Shop B.V. PP GemmeCotti","description":"Il pompaggio di prodotti chimici pu\u00f2 essere effettuato con questa pompa centrifuga per prodotti chimici. L'azionamento magnetico \u00e8 a prova di perdite e altamente resistente. Sono disponibili diverse versioni.","robots":{"index":"index","follow":"follow","max-snippet":"max-snippet:-1","max-image-preview":"max-image-preview:large","max-video-preview":"max-video-preview:-1"},"canonical":"https:\/\/dosingpump.shop\/it\/prodotto\/centrifugaalpomp-voor-chemicalien-htm10-pp\/","og_locale":"it_IT","og_type":"article","og_title":"Centrifugaalpomp voor Chemicali\u00ebn HTM10 | Dosing Pump Shop B.V. PP GemmeCotti","og_description":"Chemicali\u00ebn verpompen kan met deze centrifugaalpomp voor chemicali\u00ebn. De magneetaandrijving is lekvrij en zeer resistent. Diverse uitvoeringen leverbaar.","og_url":"https:\/\/dosingpump.shop\/it\/prodotto\/centrifugaalpomp-voor-chemicalien-htm10-pp\/","og_site_name":"Dosing Pump Shop B.V.","article_modified_time":"2026-03-23T10:54:10+00:00","og_image":[{"width":600,"height":600,"url":"https:\/\/dosingpump.shop\/wp-content\/uploads\/2024\/12\/GemmeCotti-HTM-10-PP.png","type":"image\/png"}],"twitter_card":"summary_large_image","twitter_misc":{"Prezzo":"&euro;756,00","Disponibilit\u00e0":"In stock"},"schema":{"@context":"https:\/\/schema.org","@graph":[{"@type":"WebPage","@id":"https:\/\/dosingpump.shop\/product\/centrifugaalpomp-voor-chemicalien-htm10-pp\/","url":"https:\/\/dosingpump.shop\/product\/centrifugaalpomp-voor-chemicalien-htm10-pp\/","name":"Centrifugaalpomp voor Chemicali\u00ebn HTM10 | Dosing Pump Shop B.V. PP GemmeCotti","isPartOf":{"@id":"https:\/\/dosingpump.shop\/de\/#website"},"primaryImageOfPage":{"@id":"https:\/\/dosingpump.shop\/product\/centrifugaalpomp-voor-chemicalien-htm10-pp\/#primaryimage"},"image":{"@id":"https:\/\/dosingpump.shop\/product\/centrifugaalpomp-voor-chemicalien-htm10-pp\/#primaryimage"},"thumbnailUrl":"https:\/\/dosingpump.shop\/wp-content\/uploads\/2024\/12\/GemmeCotti-HTM-10-PP.png","datePublished":"2024-12-05T12:22:11+00:00","dateModified":"2026-03-23T10:54:10+00:00","description":"Il pompaggio di prodotti chimici pu\u00f2 essere effettuato con questa pompa centrifuga per prodotti chimici. L'azionamento magnetico \u00e8 a prova di perdite e altamente resistente. Sono disponibili diverse versioni.","breadcrumb":{"@id":"https:\/\/dosingpump.shop\/product\/centrifugaalpomp-voor-chemicalien-htm10-pp\/#breadcrumb"},"inLanguage":"it-IT","potentialAction":[{"@type":"ReadAction","target":["https:\/\/dosingpump.shop\/product\/centrifugaalpomp-voor-chemicalien-htm10-pp\/"]}]},{"@type":"ImageObject","inLanguage":"it-IT","@id":"https:\/\/dosingpump.shop\/product\/centrifugaalpomp-voor-chemicalien-htm10-pp\/#primaryimage","url":"https:\/\/dosingpump.shop\/wp-content\/uploads\/2024\/12\/GemmeCotti-HTM-10-PP.png","contentUrl":"https:\/\/dosingpump.shop\/wp-content\/uploads\/2024\/12\/GemmeCotti-HTM-10-PP.png","width":600,"height":600},{"@type":"BreadcrumbList","@id":"https:\/\/dosingpump.shop\/product\/centrifugaalpomp-voor-chemicalien-htm10-pp\/#breadcrumb","itemListElement":[{"@type":"ListItem","position":1,"name":"Home","item":"https:\/\/dosingpump.shop\/"},{"@type":"ListItem","position":2,"name":"Shop","item":"https:\/\/dosingpump.shop\/de\/shop\/"},{"@type":"ListItem","position":3,"name":"Centrifugaalpomp voor chemicali\u00ebn HTM10-PP"}]},{"@type":"WebSite","@id":"https:\/\/dosingpump.shop\/de\/#website","url":"https:\/\/dosingpump.shop\/de\/","name":"Dosing Pump Shop B.V.","description":"","publisher":{"@id":"https:\/\/dosingpump.shop\/de\/#organization"},"potentialAction":[{"@type":"SearchAction","target":{"@type":"EntryPoint","urlTemplate":"https:\/\/dosingpump.shop\/de\/?s={search_term_string}"},"query-input":{"@type":"PropertyValueSpecification","valueRequired":true,"valueName":"search_term_string"}}],"inLanguage":"it-IT"},{"@type":"Organization","@id":"https:\/\/dosingpump.shop\/de\/#organization","name":"Dosing Pump Shop B.V.","url":"https:\/\/dosingpump.shop\/de\/","logo":{"@type":"ImageObject","inLanguage":"it-IT","@id":"https:\/\/dosingpump.shop\/de\/#\/schema\/logo\/image\/","url":"https:\/\/dosingpump.shop\/wp-content\/uploads\/2024\/10\/Dosing-Pump-Shop-logo.png","contentUrl":"https:\/\/dosingpump.shop\/wp-content\/uploads\/2024\/10\/Dosing-Pump-Shop-logo.png","width":350,"height":45,"caption":"Dosing Pump Shop B.V."},"image":{"@id":"https:\/\/dosingpump.shop\/de\/#\/schema\/logo\/image\/"},"sameAs":["https:\/\/linkedin.com\/company\/dosing-pump-shop"]}]},"product_price_amount":"756.00","product_price_currency":"EUR","og_availability":"instock","product_availability":"instock","product_retailer_item_id":"HTM10-PP","product_condition":"new"},"_links":{"self":[{"href":"https:\/\/dosingpump.shop\/it\/wp-json\/wp\/v2\/product\/4229","targetHints":{"allow":["GET"]}}],"collection":[{"href":"https:\/\/dosingpump.shop\/it\/wp-json\/wp\/v2\/product"}],"about":[{"href":"https:\/\/dosingpump.shop\/it\/wp-json\/wp\/v2\/types\/product"}],"wp:featuredmedia":[{"embeddable":true,"href":"https:\/\/dosingpump.shop\/it\/wp-json\/wp\/v2\/media\/8772"}],"wp:attachment":[{"href":"https:\/\/dosingpump.shop\/it\/wp-json\/wp\/v2\/media?parent=4229"}],"wp:term":[{"taxonomy":"product_brand","embeddable":true,"href":"https:\/\/dosingpump.shop\/it\/wp-json\/wp\/v2\/product_brand?post=4229"},{"taxonomy":"product_cat","embeddable":true,"href":"https:\/\/dosingpump.shop\/it\/wp-json\/wp\/v2\/product_cat?post=4229"},{"taxonomy":"product_tag","embeddable":true,"href":"https:\/\/dosingpump.shop\/it\/wp-json\/wp\/v2\/product_tag?post=4229"}],"curies":[{"name":"wp","href":"https:\/\/api.w.org\/{rel}","templated":true}]}}