{"id":4416,"date":"2024-12-05T12:22:54","date_gmt":"2024-12-05T12:22:54","guid":{"rendered":"https:\/\/dosingpump.shop\/?post_type=product&#038;p=4416"},"modified":"2026-02-27T14:49:30","modified_gmt":"2026-02-27T12:49:30","slug":"sistema-di-dosaggio-del-cloro-110l","status":"publish","type":"product","link":"https:\/\/dosingpump.shop\/it\/product\/doseersysteem-voor-chloor-110l\/","title":{"rendered":"Sistema di dosaggio per cloro 110L"},"content":{"rendered":"<h2>Sistema di dosaggio del cloro - 110 litri<\/h2>\n<p>Con questo sistema di dosaggio del cloro, avete tutto ci\u00f2 che vi serve per dosare il cloro in modo sicuro ed efficiente. Naturalmente, abbiamo pensato alla resistenza chimica in modo che i vari componenti durino a lungo.<\/p>\n<p>La capacit\u00e0 del serbatoio del cloro \u00e8 di 110 litri come standard. Il serbatoio \u00e8 dotato di una lancia di aspirazione, collegata alla pompa di dosaggio. La lancia di aspirazione \u00e8 dotata di un contatto di livello che disattiva la pompa quando il serbatoio \u00e8 vuoto. Questo \u00e8 utile perch\u00e9 impedisce all'aria di entrare nei tubi.<\/p>\n<p>La pompa di dosaggio pu\u00f2 essere montata sul serbatoio.<\/p>\n<p>I componenti di questo sistema sono forniti sfusi. L'assemblaggio \u00e8 semplice e noi possiamo naturalmente assistervi in questa operazione.<\/p>\n<h2>Sistema di dosaggio del contenuto per il cloro:<\/h2>\n<ul>\n<li>Serbatoio di cloro da 110 litri<\/li>\n<li>Pompa dosatrice Kcl plus 08-08 (8 litri\/ora - 8 bar) con lunghezza e frequenza di corsa regolabili<\/li>\n<li>Lancia di aspirazione con controllo di livello<\/li>\n<li>Valvola di iniezione e tubo di dosaggio<\/li>\n<\/ul>\n<p>\u00c8 disponibile un sistema di dosaggio del cloro opzionale:<\/p>\n<ul>\n<li>Serbatoio di cloro da 50, 100, 200, 500 o 1000 litri<\/li>\n<li>Pompa per cloro fino a 80 l\/h (per installazione diretta in vasca)<\/li>\n<li>Pompa per cloro fino a 1000 l\/h (da installare contro una parete sopra la vasca)<\/li>\n<li>Controllo 4-20 mA<\/li>\n<li>Pompa di riempimento del serbatoio<\/li>\n<li>Agitatore (manuale o automatico)<\/li>\n<li>Vassoio di raccolta appropriato<\/li>\n<li>Consegna completamente assemblata<\/li>\n<\/ul>","protected":false},"excerpt":{"rendered":"<p>Sistema di dosaggio del cloro completo di serbatoio, lancia di aspirazione e pompa di dosaggio. Capacit\u00e0 110 litri<\/p>","protected":false},"featured_media":4431,"template":"","meta":[],"product_brand":[],"product_cat":[90],"product_tag":[],"class_list":{"0":"post-4416","1":"product","2":"type-product","3":"status-publish","4":"has-post-thumbnail","6":"product_cat-doseersysteem-chloor","8":"first","9":"instock","10":"taxable","11":"shipping-taxable","12":"purchasable","13":"product-type-simple"},"yoast_head":"<!-- This site is optimized with the Yoast SEO plugin v27.2 - https:\/\/yoast.com\/product\/yoast-seo-wordpress\/ -->\n<title>Doseersysteem voor chloor 110L | Dosing Pump Shop B.V.<\/title>\n<meta name=\"description\" content=\"Compleet Doseersysteem voor chloor 110L met aanzuiglans en doseerpomp. Veilig en effici\u00ebnt chloor doseren in diverse toepassingen. Eenvoudige montage.\" \/>\n<meta name=\"robots\" content=\"index, follow, max-snippet:-1, max-image-preview:large, max-video-preview:-1\" \/>\n<link rel=\"canonical\" href=\"https:\/\/dosingpump.shop\/it\/prodotto\/sistema-di-dosaggio-del-cloro-110l\/\" \/>\n<meta property=\"og:locale\" content=\"it_IT\" \/>\n<meta property=\"og:type\" content=\"article\" \/>\n<meta property=\"og:title\" content=\"Doseersysteem voor chloor 110L | Dosing Pump Shop B.V.\" \/>\n<meta property=\"og:description\" content=\"Compleet Doseersysteem voor chloor 110L met aanzuiglans en doseerpomp. Veilig en effici\u00ebnt chloor doseren in diverse toepassingen. Eenvoudige montage.\" \/>\n<meta property=\"og:url\" content=\"https:\/\/dosingpump.shop\/it\/prodotto\/sistema-di-dosaggio-del-cloro-110l\/\" \/>\n<meta property=\"og:site_name\" content=\"Dosing Pump Shop B.V.\" \/>\n<meta property=\"article:modified_time\" content=\"2026-02-27T12:49:30+00:00\" \/>\n<meta property=\"og:image\" content=\"https:\/\/dosingpump.shop\/wp-content\/uploads\/2024\/12\/chloor-doseerinstallatie-2.webp\" \/>\n\t<meta property=\"og:image:width\" content=\"500\" \/>\n\t<meta property=\"og:image:height\" content=\"500\" \/>\n\t<meta property=\"og:image:type\" content=\"image\/webp\" \/>\n<meta name=\"twitter:card\" content=\"summary_large_image\" \/>\n<meta name=\"twitter:label1\" content=\"Prezzo\" \/>\n\t<meta name=\"twitter:data1\" content=\"&euro;773,00\" \/>\n\t<meta name=\"twitter:label2\" content=\"Disponibilit\u00e0\" \/>\n\t<meta name=\"twitter:data2\" content=\"In stock\" \/>\n<script type=\"application\/ld+json\" class=\"yoast-schema-graph\">{\"@context\":\"https:\/\/schema.org\",\"@graph\":[{\"@type\":\"WebPage\",\"@id\":\"https:\/\/dosingpump.shop\/es\/producto\/sistema-de-dosificacion-de-cloro-110l\/\",\"url\":\"https:\/\/dosingpump.shop\/es\/producto\/sistema-de-dosificacion-de-cloro-110l\/\",\"name\":\"Doseersysteem voor chloor 110L | Dosing Pump Shop B.V.\",\"isPartOf\":{\"@id\":\"https:\/\/dosingpump.shop\/de\/#website\"},\"primaryImageOfPage\":{\"@id\":\"https:\/\/dosingpump.shop\/es\/producto\/sistema-de-dosificacion-de-cloro-110l\/#primaryimage\"},\"image\":{\"@id\":\"https:\/\/dosingpump.shop\/es\/producto\/sistema-de-dosificacion-de-cloro-110l\/#primaryimage\"},\"thumbnailUrl\":\"https:\/\/dosingpump.shop\/wp-content\/uploads\/2024\/12\/chloor-doseerinstallatie-2.webp\",\"datePublished\":\"2024-12-05T12:22:54+00:00\",\"dateModified\":\"2026-02-27T12:49:30+00:00\",\"description\":\"Compleet Doseersysteem voor chloor 110L met aanzuiglans en doseerpomp. Veilig en effici\u00ebnt chloor doseren in diverse toepassingen. Eenvoudige montage.\",\"breadcrumb\":{\"@id\":\"https:\/\/dosingpump.shop\/es\/producto\/sistema-de-dosificacion-de-cloro-110l\/#breadcrumb\"},\"inLanguage\":\"it-IT\",\"potentialAction\":[{\"@type\":\"ReadAction\",\"target\":[\"https:\/\/dosingpump.shop\/es\/producto\/sistema-de-dosificacion-de-cloro-110l\/\"]}]},{\"@type\":\"ImageObject\",\"inLanguage\":\"it-IT\",\"@id\":\"https:\/\/dosingpump.shop\/es\/producto\/sistema-de-dosificacion-de-cloro-110l\/#primaryimage\",\"url\":\"https:\/\/dosingpump.shop\/wp-content\/uploads\/2024\/12\/chloor-doseerinstallatie-2.webp\",\"contentUrl\":\"https:\/\/dosingpump.shop\/wp-content\/uploads\/2024\/12\/chloor-doseerinstallatie-2.webp\",\"width\":500,\"height\":500},{\"@type\":\"BreadcrumbList\",\"@id\":\"https:\/\/dosingpump.shop\/es\/producto\/sistema-de-dosificacion-de-cloro-110l\/#breadcrumb\",\"itemListElement\":[{\"@type\":\"ListItem\",\"position\":1,\"name\":\"Home\",\"item\":\"https:\/\/dosingpump.shop\/\"},{\"@type\":\"ListItem\",\"position\":2,\"name\":\"Shop\",\"item\":\"https:\/\/dosingpump.shop\/de\/shop\/\"},{\"@type\":\"ListItem\",\"position\":3,\"name\":\"Doseersysteem voor chloor 110L\"}]},{\"@type\":\"WebSite\",\"@id\":\"https:\/\/dosingpump.shop\/de\/#website\",\"url\":\"https:\/\/dosingpump.shop\/de\/\",\"name\":\"Dosing Pump Shop B.V.\",\"description\":\"\",\"publisher\":{\"@id\":\"https:\/\/dosingpump.shop\/de\/#organization\"},\"potentialAction\":[{\"@type\":\"SearchAction\",\"target\":{\"@type\":\"EntryPoint\",\"urlTemplate\":\"https:\/\/dosingpump.shop\/de\/?s={search_term_string}\"},\"query-input\":{\"@type\":\"PropertyValueSpecification\",\"valueRequired\":true,\"valueName\":\"search_term_string\"}}],\"inLanguage\":\"it-IT\"},{\"@type\":\"Organization\",\"@id\":\"https:\/\/dosingpump.shop\/de\/#organization\",\"name\":\"Dosing Pump Shop B.V.\",\"url\":\"https:\/\/dosingpump.shop\/de\/\",\"logo\":{\"@type\":\"ImageObject\",\"inLanguage\":\"it-IT\",\"@id\":\"https:\/\/dosingpump.shop\/de\/#\/schema\/logo\/image\/\",\"url\":\"https:\/\/dosingpump.shop\/wp-content\/uploads\/2024\/10\/Dosing-Pump-Shop-logo.png\",\"contentUrl\":\"https:\/\/dosingpump.shop\/wp-content\/uploads\/2024\/10\/Dosing-Pump-Shop-logo.png\",\"width\":350,\"height\":45,\"caption\":\"Dosing Pump Shop B.V.\"},\"image\":{\"@id\":\"https:\/\/dosingpump.shop\/de\/#\/schema\/logo\/image\/\"},\"sameAs\":[\"https:\/\/linkedin.com\/company\/dosing-pump-shop\"]}]}<\/script>\n<meta property=\"product:price:amount\" content=\"773.00\" \/>\n<meta property=\"product:price:currency\" content=\"EUR\" \/>\n<meta property=\"og:availability\" content=\"instock\" \/>\n<meta property=\"product:availability\" content=\"instock\" \/>\n<meta property=\"product:retailer_item_id\" content=\"Dos-set-chloor-compl-110\" \/>\n<meta property=\"product:condition\" content=\"new\" \/>\n<!-- \/ Yoast SEO plugin. -->","yoast_head_json":{"title":"Sistema di dosaggio per cloro 110L | Dosing Pump Shop B.V.","description":"Sistema completo di dosaggio del cloro 110L con lancia di aspirazione e pompa di dosaggio. Dosaggio sicuro ed efficiente del cloro in varie applicazioni. Montaggio semplice.","robots":{"index":"index","follow":"follow","max-snippet":"max-snippet:-1","max-image-preview":"max-image-preview:large","max-video-preview":"max-video-preview:-1"},"canonical":"https:\/\/dosingpump.shop\/it\/prodotto\/sistema-di-dosaggio-del-cloro-110l\/","og_locale":"it_IT","og_type":"article","og_title":"Doseersysteem voor chloor 110L | Dosing Pump Shop B.V.","og_description":"Compleet Doseersysteem voor chloor 110L met aanzuiglans en doseerpomp. Veilig en effici\u00ebnt chloor doseren in diverse toepassingen. Eenvoudige montage.","og_url":"https:\/\/dosingpump.shop\/it\/prodotto\/sistema-di-dosaggio-del-cloro-110l\/","og_site_name":"Dosing Pump Shop B.V.","article_modified_time":"2026-02-27T12:49:30+00:00","og_image":[{"width":500,"height":500,"url":"https:\/\/dosingpump.shop\/wp-content\/uploads\/2024\/12\/chloor-doseerinstallatie-2.webp","type":"image\/webp"}],"twitter_card":"summary_large_image","twitter_misc":{"Prezzo":"&euro;773,00","Disponibilit\u00e0":"In stock"},"schema":{"@context":"https:\/\/schema.org","@graph":[{"@type":"WebPage","@id":"https:\/\/dosingpump.shop\/es\/producto\/sistema-de-dosificacion-de-cloro-110l\/","url":"https:\/\/dosingpump.shop\/es\/producto\/sistema-de-dosificacion-de-cloro-110l\/","name":"Sistema di dosaggio per cloro 110L | Dosing Pump Shop B.V.","isPartOf":{"@id":"https:\/\/dosingpump.shop\/de\/#website"},"primaryImageOfPage":{"@id":"https:\/\/dosingpump.shop\/es\/producto\/sistema-de-dosificacion-de-cloro-110l\/#primaryimage"},"image":{"@id":"https:\/\/dosingpump.shop\/es\/producto\/sistema-de-dosificacion-de-cloro-110l\/#primaryimage"},"thumbnailUrl":"https:\/\/dosingpump.shop\/wp-content\/uploads\/2024\/12\/chloor-doseerinstallatie-2.webp","datePublished":"2024-12-05T12:22:54+00:00","dateModified":"2026-02-27T12:49:30+00:00","description":"Sistema completo di dosaggio del cloro 110L con lancia di aspirazione e pompa di dosaggio. Dosaggio sicuro ed efficiente del cloro in varie applicazioni. Montaggio semplice.","breadcrumb":{"@id":"https:\/\/dosingpump.shop\/es\/producto\/sistema-de-dosificacion-de-cloro-110l\/#breadcrumb"},"inLanguage":"it-IT","potentialAction":[{"@type":"ReadAction","target":["https:\/\/dosingpump.shop\/es\/producto\/sistema-de-dosificacion-de-cloro-110l\/"]}]},{"@type":"ImageObject","inLanguage":"it-IT","@id":"https:\/\/dosingpump.shop\/es\/producto\/sistema-de-dosificacion-de-cloro-110l\/#primaryimage","url":"https:\/\/dosingpump.shop\/wp-content\/uploads\/2024\/12\/chloor-doseerinstallatie-2.webp","contentUrl":"https:\/\/dosingpump.shop\/wp-content\/uploads\/2024\/12\/chloor-doseerinstallatie-2.webp","width":500,"height":500},{"@type":"BreadcrumbList","@id":"https:\/\/dosingpump.shop\/es\/producto\/sistema-de-dosificacion-de-cloro-110l\/#breadcrumb","itemListElement":[{"@type":"ListItem","position":1,"name":"Home","item":"https:\/\/dosingpump.shop\/"},{"@type":"ListItem","position":2,"name":"Shop","item":"https:\/\/dosingpump.shop\/de\/shop\/"},{"@type":"ListItem","position":3,"name":"Doseersysteem voor chloor 110L"}]},{"@type":"WebSite","@id":"https:\/\/dosingpump.shop\/de\/#website","url":"https:\/\/dosingpump.shop\/de\/","name":"Dosing Pump Shop B.V.","description":"","publisher":{"@id":"https:\/\/dosingpump.shop\/de\/#organization"},"potentialAction":[{"@type":"SearchAction","target":{"@type":"EntryPoint","urlTemplate":"https:\/\/dosingpump.shop\/de\/?s={search_term_string}"},"query-input":{"@type":"PropertyValueSpecification","valueRequired":true,"valueName":"search_term_string"}}],"inLanguage":"it-IT"},{"@type":"Organization","@id":"https:\/\/dosingpump.shop\/de\/#organization","name":"Dosing Pump Shop B.V.","url":"https:\/\/dosingpump.shop\/de\/","logo":{"@type":"ImageObject","inLanguage":"it-IT","@id":"https:\/\/dosingpump.shop\/de\/#\/schema\/logo\/image\/","url":"https:\/\/dosingpump.shop\/wp-content\/uploads\/2024\/10\/Dosing-Pump-Shop-logo.png","contentUrl":"https:\/\/dosingpump.shop\/wp-content\/uploads\/2024\/10\/Dosing-Pump-Shop-logo.png","width":350,"height":45,"caption":"Dosing Pump Shop B.V."},"image":{"@id":"https:\/\/dosingpump.shop\/de\/#\/schema\/logo\/image\/"},"sameAs":["https:\/\/linkedin.com\/company\/dosing-pump-shop"]}]},"product_price_amount":"773.00","product_price_currency":"EUR","og_availability":"instock","product_availability":"instock","product_retailer_item_id":"Dos-set-chloor-compl-110","product_condition":"new"},"_links":{"self":[{"href":"https:\/\/dosingpump.shop\/it\/wp-json\/wp\/v2\/product\/4416","targetHints":{"allow":["GET"]}}],"collection":[{"href":"https:\/\/dosingpump.shop\/it\/wp-json\/wp\/v2\/product"}],"about":[{"href":"https:\/\/dosingpump.shop\/it\/wp-json\/wp\/v2\/types\/product"}],"wp:featuredmedia":[{"embeddable":true,"href":"https:\/\/dosingpump.shop\/it\/wp-json\/wp\/v2\/media\/4431"}],"wp:attachment":[{"href":"https:\/\/dosingpump.shop\/it\/wp-json\/wp\/v2\/media?parent=4416"}],"wp:term":[{"taxonomy":"product_brand","embeddable":true,"href":"https:\/\/dosingpump.shop\/it\/wp-json\/wp\/v2\/product_brand?post=4416"},{"taxonomy":"product_cat","embeddable":true,"href":"https:\/\/dosingpump.shop\/it\/wp-json\/wp\/v2\/product_cat?post=4416"},{"taxonomy":"product_tag","embeddable":true,"href":"https:\/\/dosingpump.shop\/it\/wp-json\/wp\/v2\/product_tag?post=4416"}],"curies":[{"name":"wp","href":"https:\/\/api.w.org\/{rel}","templated":true}]}}