{"id":4590,"date":"2024-12-05T12:23:27","date_gmt":"2024-12-05T12:23:27","guid":{"rendered":"https:\/\/dosingpump.shop\/product\/doseerpomp-voor-borax-tm-natriumtetraboraat\/"},"modified":"2026-02-27T14:49:37","modified_gmt":"2026-02-27T12:49:37","slug":"pompa-dosatrice-per-borace-tm-tetraborato-di-sodio","status":"publish","type":"product","link":"https:\/\/dosingpump.shop\/it\/product\/doseerpomp-voor-borax-tm-natriumtetraboraat\/","title":{"rendered":"Pompa dosatrice per borace TM (tetraborato di sodio)"},"content":{"rendered":"<h2>Pompa dosatrice per borace TM (tetraborato di sodio)<\/h2>\n<p>Questa pompa dosatrice Emec di alta qualit\u00e0 \u00e8 adatta al dosaggio di borace TM (tetraborato di sodio). Abbiamo selezionato questa pompa per la buona resistenza dei materiali utilizzati per questo prodotto. Questo garantisce una <b>lunga durata<\/b> e un ambiente di lavoro sicuro.<\/p>\n<p>La pompa dosatrice KCL plus 08-08 \u00e8 dotata di una <b>volume di corsa regolabile e frequenza di corsa regolabile<\/b>. Questa pompa chimica \u00e8 quindi <b>regolazione molto precisa<\/b>.<\/p>\n<p>La pompa viene fornita molto completa. Pertanto, sono inclusi un filtro di aspirazione e una valvola di iniezione.<\/p>\n<p>La KCL plus 08-08 pu\u00f2 dosare fino a 8 litri all'ora a una pressione di 8 bar. La pompa \u00e8 regolabile manualmente e pu\u00f2 essere controllata opzionalmente tramite la tensione di alimentazione a 230V. Naturalmente sono disponibili anche altri modelli di pompe dosatrici.<\/p>\n<h3>Altre versioni Pompa dosatrice per borace TM (tetraborato di sodio)<\/h3>\n<p>Questa pompa dosatrice \u00e8 disponibile in diverse versioni. Ad esempio, \u00e8 possibile fornire una versione MF che pu\u00f2 essere controllata tramite 4-20 mA, impulsi o 0-10V. Anche una portata maggiore non \u00e8 un problema. \u00c8 possibile fornire una pompa in grado di controllare fino a <b>1.000 litri all'ora<\/b> pu\u00f2 dosare. Naturalmente, anche in termini di pressione o tensione di alimentazione ci sono pi\u00f9 opzioni.<\/p>\n<h3>Quali sono i materiali consigliati per il dosaggio del borace TM (tetraborato di sodio)?<\/h3>\n<p>Noi di Dosing Pump Shop disponiamo di un'ampia gamma di parti di pompe dosatrici in vari materiali, in modo da poter personalizzare qualsiasi pompa dosatrice in base alla giusta resistenza. Per il dosaggio dell'acetaldeide, consigliamo i seguenti componenti e materiali:<\/p>\n<p><b>Testa della pompa<\/b><\/p>\n<ul>\n<li>PVDF<\/li>\n<li>PP<\/li>\n<li>Acciaio inox (SS 316), resistenza limitata<\/li>\n<li>PMMA<\/li>\n<\/ul>\n<p><b>O-Ring<\/b><\/p>\n<ul>\n<li>FPM (Viton)<\/li>\n<li>EPDM<\/li>\n<\/ul>\n<p><b>Membrana<\/b><\/p>\n<ul>\n<li>PFTE (Teflon)<\/li>\n<\/ul>\n<p><b>Tubo flessibile di dosaggio<\/b><\/p>\n<ul>\n<li>PE<\/li>\n<li>PVC<\/li>\n<li>PVDF<\/li>\n<\/ul>\n<p><em>Le parti con una resistenza limitata all'acetaldeide sono resistenti, ma bisogna tenere presente che poi si dovr\u00e0 sostituire questa parte pi\u00f9 regolarmente.<\/em><\/p>\n<h3>Siete curiosi di conoscere le possibilit\u00e0?<\/h3>\n<p>Il modo pi\u00f9 conveniente \u00e8 mettersi in contatto con noi. Possiamo tradurre le vostre esigenze per trovare la pompa dosatrice giusta per il borace TM (tetraborato di sodio)!<\/p>","protected":false},"excerpt":{"rendered":"<p>Per un dosaggio sicuro e preciso del borace TM (tetraborato di sodio) (). Da applicazioni di dosaggio precise (10 ml\/ora) a grandi applicazioni fino a 1.000 litri\/ora (a seconda della versione).<\/p>\n<p>Versione: K CL PLUS 08-08 o simile.<br \/>Avete bisogno di un'altra versione? Richiedete un preventivo!<\/p>","protected":false},"featured_media":4072,"template":"","meta":[],"product_brand":[],"product_cat":[94],"product_tag":[],"class_list":{"0":"post-4590","1":"product","2":"type-product","3":"status-publish","4":"has-post-thumbnail","6":"product_cat-chemical-compatibility","8":"first","9":"instock","10":"taxable","11":"shipping-taxable","12":"purchasable","13":"product-type-simple"},"yoast_head":"<!-- This site is optimized with the Yoast SEO plugin v27.2 - https:\/\/yoast.com\/product\/yoast-seo-wordpress\/ -->\n<title>Doseerpomp voor Borax TM (natriumtetraboraat) | Dosing Pump Shop B.V.<\/title>\n<meta name=\"description\" content=\"Nauwkeurige en betrouwbare Doseerpomp voor Borax TM (natriumtetraboraat) voor diverse industri\u00eble toepassingen. Eenvoudige installatie en onderhoud.\" \/>\n<meta name=\"robots\" content=\"index, follow, max-snippet:-1, max-image-preview:large, max-video-preview:-1\" \/>\n<link rel=\"canonical\" href=\"https:\/\/dosingpump.shop\/it\/prodotto\/pompa-dosatrice-per-borace-tm-tetraborato-di-sodio\/\" \/>\n<meta property=\"og:locale\" content=\"it_IT\" \/>\n<meta property=\"og:type\" content=\"article\" \/>\n<meta property=\"og:title\" content=\"Doseerpomp voor Borax TM (natriumtetraboraat) | Dosing Pump Shop B.V.\" \/>\n<meta property=\"og:description\" content=\"Nauwkeurige en betrouwbare Doseerpomp voor Borax TM (natriumtetraboraat) voor diverse industri\u00eble toepassingen. Eenvoudige installatie en onderhoud.\" \/>\n<meta property=\"og:url\" content=\"https:\/\/dosingpump.shop\/it\/prodotto\/pompa-dosatrice-per-borace-tm-tetraborato-di-sodio\/\" \/>\n<meta property=\"og:site_name\" content=\"Dosing Pump Shop B.V.\" \/>\n<meta property=\"article:modified_time\" content=\"2026-02-27T12:49:37+00:00\" \/>\n<meta property=\"og:image\" content=\"https:\/\/dosingpump.shop\/wp-content\/uploads\/2024\/12\/EMEC-K-SERIE-ANALOG-dosing-pump.webp\" \/>\n\t<meta property=\"og:image:width\" content=\"498\" \/>\n\t<meta property=\"og:image:height\" content=\"501\" \/>\n\t<meta property=\"og:image:type\" content=\"image\/webp\" \/>\n<meta name=\"twitter:card\" content=\"summary_large_image\" \/>\n<meta name=\"twitter:label1\" content=\"Prezzo\" \/>\n\t<meta name=\"twitter:data1\" content=\"&euro;459,00\" \/>\n\t<meta name=\"twitter:label2\" content=\"Disponibilit\u00e0\" \/>\n\t<meta name=\"twitter:data2\" content=\"In stock\" \/>\n<script type=\"application\/ld+json\" class=\"yoast-schema-graph\">{\"@context\":\"https:\/\/schema.org\",\"@graph\":[{\"@type\":\"WebPage\",\"@id\":\"https:\/\/dosingpump.shop\/product\/doseerpomp-voor-borax-tm-natriumtetraboraat\/\",\"url\":\"https:\/\/dosingpump.shop\/product\/doseerpomp-voor-borax-tm-natriumtetraboraat\/\",\"name\":\"Doseerpomp voor Borax TM (natriumtetraboraat) | Dosing Pump Shop B.V.\",\"isPartOf\":{\"@id\":\"https:\/\/dosingpump.shop\/de\/#website\"},\"primaryImageOfPage\":{\"@id\":\"https:\/\/dosingpump.shop\/product\/doseerpomp-voor-borax-tm-natriumtetraboraat\/#primaryimage\"},\"image\":{\"@id\":\"https:\/\/dosingpump.shop\/product\/doseerpomp-voor-borax-tm-natriumtetraboraat\/#primaryimage\"},\"thumbnailUrl\":\"https:\/\/dosingpump.shop\/wp-content\/uploads\/2024\/12\/EMEC-K-SERIE-ANALOG-dosing-pump.webp\",\"datePublished\":\"2024-12-05T12:23:27+00:00\",\"dateModified\":\"2026-02-27T12:49:37+00:00\",\"description\":\"Nauwkeurige en betrouwbare Doseerpomp voor Borax TM (natriumtetraboraat) voor diverse industri\u00eble toepassingen. Eenvoudige installatie en onderhoud.\",\"breadcrumb\":{\"@id\":\"https:\/\/dosingpump.shop\/product\/doseerpomp-voor-borax-tm-natriumtetraboraat\/#breadcrumb\"},\"inLanguage\":\"it-IT\",\"potentialAction\":[{\"@type\":\"ReadAction\",\"target\":[\"https:\/\/dosingpump.shop\/product\/doseerpomp-voor-borax-tm-natriumtetraboraat\/\"]}]},{\"@type\":\"ImageObject\",\"inLanguage\":\"it-IT\",\"@id\":\"https:\/\/dosingpump.shop\/product\/doseerpomp-voor-borax-tm-natriumtetraboraat\/#primaryimage\",\"url\":\"https:\/\/dosingpump.shop\/wp-content\/uploads\/2024\/12\/EMEC-K-SERIE-ANALOG-dosing-pump.webp\",\"contentUrl\":\"https:\/\/dosingpump.shop\/wp-content\/uploads\/2024\/12\/EMEC-K-SERIE-ANALOG-dosing-pump.webp\",\"width\":498,\"height\":501},{\"@type\":\"BreadcrumbList\",\"@id\":\"https:\/\/dosingpump.shop\/product\/doseerpomp-voor-borax-tm-natriumtetraboraat\/#breadcrumb\",\"itemListElement\":[{\"@type\":\"ListItem\",\"position\":1,\"name\":\"Home\",\"item\":\"https:\/\/dosingpump.shop\/\"},{\"@type\":\"ListItem\",\"position\":2,\"name\":\"Shop\",\"item\":\"https:\/\/dosingpump.shop\/de\/shop\/\"},{\"@type\":\"ListItem\",\"position\":3,\"name\":\"Doseerpomp voor Borax TM (natriumtetraboraat)\"}]},{\"@type\":\"WebSite\",\"@id\":\"https:\/\/dosingpump.shop\/de\/#website\",\"url\":\"https:\/\/dosingpump.shop\/de\/\",\"name\":\"Dosing Pump Shop B.V.\",\"description\":\"\",\"publisher\":{\"@id\":\"https:\/\/dosingpump.shop\/de\/#organization\"},\"potentialAction\":[{\"@type\":\"SearchAction\",\"target\":{\"@type\":\"EntryPoint\",\"urlTemplate\":\"https:\/\/dosingpump.shop\/de\/?s={search_term_string}\"},\"query-input\":{\"@type\":\"PropertyValueSpecification\",\"valueRequired\":true,\"valueName\":\"search_term_string\"}}],\"inLanguage\":\"it-IT\"},{\"@type\":\"Organization\",\"@id\":\"https:\/\/dosingpump.shop\/de\/#organization\",\"name\":\"Dosing Pump Shop B.V.\",\"url\":\"https:\/\/dosingpump.shop\/de\/\",\"logo\":{\"@type\":\"ImageObject\",\"inLanguage\":\"it-IT\",\"@id\":\"https:\/\/dosingpump.shop\/de\/#\/schema\/logo\/image\/\",\"url\":\"https:\/\/dosingpump.shop\/wp-content\/uploads\/2024\/10\/Dosing-Pump-Shop-logo.png\",\"contentUrl\":\"https:\/\/dosingpump.shop\/wp-content\/uploads\/2024\/10\/Dosing-Pump-Shop-logo.png\",\"width\":350,\"height\":45,\"caption\":\"Dosing Pump Shop B.V.\"},\"image\":{\"@id\":\"https:\/\/dosingpump.shop\/de\/#\/schema\/logo\/image\/\"},\"sameAs\":[\"https:\/\/linkedin.com\/company\/dosing-pump-shop\"]}]}<\/script>\n<meta property=\"product:price:amount\" content=\"459.00\" \/>\n<meta property=\"product:price:currency\" content=\"EUR\" \/>\n<meta property=\"og:availability\" content=\"instock\" \/>\n<meta property=\"product:availability\" content=\"instock\" \/>\n<meta property=\"product:retailer_item_id\" content=\"Borax TM (natriumtetraboraat)\" \/>\n<meta property=\"product:condition\" content=\"new\" \/>\n<!-- \/ Yoast SEO plugin. -->","yoast_head_json":{"title":"Pompa dosatrice per borace TM (tetraborato di sodio) | Dosing Pump Shop B.V.","description":"Pompa dosatrice per borace TM (tetraborato di sodio) precisa e affidabile per varie applicazioni industriali. Facile installazione e manutenzione.","robots":{"index":"index","follow":"follow","max-snippet":"max-snippet:-1","max-image-preview":"max-image-preview:large","max-video-preview":"max-video-preview:-1"},"canonical":"https:\/\/dosingpump.shop\/it\/prodotto\/pompa-dosatrice-per-borace-tm-tetraborato-di-sodio\/","og_locale":"it_IT","og_type":"article","og_title":"Doseerpomp voor Borax TM (natriumtetraboraat) | Dosing Pump Shop B.V.","og_description":"Nauwkeurige en betrouwbare Doseerpomp voor Borax TM (natriumtetraboraat) voor diverse industri\u00eble toepassingen. Eenvoudige installatie en onderhoud.","og_url":"https:\/\/dosingpump.shop\/it\/prodotto\/pompa-dosatrice-per-borace-tm-tetraborato-di-sodio\/","og_site_name":"Dosing Pump Shop B.V.","article_modified_time":"2026-02-27T12:49:37+00:00","og_image":[{"width":498,"height":501,"url":"https:\/\/dosingpump.shop\/wp-content\/uploads\/2024\/12\/EMEC-K-SERIE-ANALOG-dosing-pump.webp","type":"image\/webp"}],"twitter_card":"summary_large_image","twitter_misc":{"Prezzo":"&euro;459,00","Disponibilit\u00e0":"In stock"},"schema":{"@context":"https:\/\/schema.org","@graph":[{"@type":"WebPage","@id":"https:\/\/dosingpump.shop\/product\/doseerpomp-voor-borax-tm-natriumtetraboraat\/","url":"https:\/\/dosingpump.shop\/product\/doseerpomp-voor-borax-tm-natriumtetraboraat\/","name":"Pompa dosatrice per borace TM (tetraborato di sodio) | Dosing Pump Shop B.V.","isPartOf":{"@id":"https:\/\/dosingpump.shop\/de\/#website"},"primaryImageOfPage":{"@id":"https:\/\/dosingpump.shop\/product\/doseerpomp-voor-borax-tm-natriumtetraboraat\/#primaryimage"},"image":{"@id":"https:\/\/dosingpump.shop\/product\/doseerpomp-voor-borax-tm-natriumtetraboraat\/#primaryimage"},"thumbnailUrl":"https:\/\/dosingpump.shop\/wp-content\/uploads\/2024\/12\/EMEC-K-SERIE-ANALOG-dosing-pump.webp","datePublished":"2024-12-05T12:23:27+00:00","dateModified":"2026-02-27T12:49:37+00:00","description":"Pompa dosatrice per borace TM (tetraborato di sodio) precisa e affidabile per varie applicazioni industriali. Facile installazione e manutenzione.","breadcrumb":{"@id":"https:\/\/dosingpump.shop\/product\/doseerpomp-voor-borax-tm-natriumtetraboraat\/#breadcrumb"},"inLanguage":"it-IT","potentialAction":[{"@type":"ReadAction","target":["https:\/\/dosingpump.shop\/product\/doseerpomp-voor-borax-tm-natriumtetraboraat\/"]}]},{"@type":"ImageObject","inLanguage":"it-IT","@id":"https:\/\/dosingpump.shop\/product\/doseerpomp-voor-borax-tm-natriumtetraboraat\/#primaryimage","url":"https:\/\/dosingpump.shop\/wp-content\/uploads\/2024\/12\/EMEC-K-SERIE-ANALOG-dosing-pump.webp","contentUrl":"https:\/\/dosingpump.shop\/wp-content\/uploads\/2024\/12\/EMEC-K-SERIE-ANALOG-dosing-pump.webp","width":498,"height":501},{"@type":"BreadcrumbList","@id":"https:\/\/dosingpump.shop\/product\/doseerpomp-voor-borax-tm-natriumtetraboraat\/#breadcrumb","itemListElement":[{"@type":"ListItem","position":1,"name":"Home","item":"https:\/\/dosingpump.shop\/"},{"@type":"ListItem","position":2,"name":"Shop","item":"https:\/\/dosingpump.shop\/de\/shop\/"},{"@type":"ListItem","position":3,"name":"Doseerpomp voor Borax TM (natriumtetraboraat)"}]},{"@type":"WebSite","@id":"https:\/\/dosingpump.shop\/de\/#website","url":"https:\/\/dosingpump.shop\/de\/","name":"Dosing Pump Shop B.V.","description":"","publisher":{"@id":"https:\/\/dosingpump.shop\/de\/#organization"},"potentialAction":[{"@type":"SearchAction","target":{"@type":"EntryPoint","urlTemplate":"https:\/\/dosingpump.shop\/de\/?s={search_term_string}"},"query-input":{"@type":"PropertyValueSpecification","valueRequired":true,"valueName":"search_term_string"}}],"inLanguage":"it-IT"},{"@type":"Organization","@id":"https:\/\/dosingpump.shop\/de\/#organization","name":"Dosing Pump Shop B.V.","url":"https:\/\/dosingpump.shop\/de\/","logo":{"@type":"ImageObject","inLanguage":"it-IT","@id":"https:\/\/dosingpump.shop\/de\/#\/schema\/logo\/image\/","url":"https:\/\/dosingpump.shop\/wp-content\/uploads\/2024\/10\/Dosing-Pump-Shop-logo.png","contentUrl":"https:\/\/dosingpump.shop\/wp-content\/uploads\/2024\/10\/Dosing-Pump-Shop-logo.png","width":350,"height":45,"caption":"Dosing Pump Shop B.V."},"image":{"@id":"https:\/\/dosingpump.shop\/de\/#\/schema\/logo\/image\/"},"sameAs":["https:\/\/linkedin.com\/company\/dosing-pump-shop"]}]},"product_price_amount":"459.00","product_price_currency":"EUR","og_availability":"instock","product_availability":"instock","product_retailer_item_id":"Borax TM (natriumtetraboraat)","product_condition":"new"},"_links":{"self":[{"href":"https:\/\/dosingpump.shop\/it\/wp-json\/wp\/v2\/product\/4590","targetHints":{"allow":["GET"]}}],"collection":[{"href":"https:\/\/dosingpump.shop\/it\/wp-json\/wp\/v2\/product"}],"about":[{"href":"https:\/\/dosingpump.shop\/it\/wp-json\/wp\/v2\/types\/product"}],"wp:featuredmedia":[{"embeddable":true,"href":"https:\/\/dosingpump.shop\/it\/wp-json\/wp\/v2\/media\/4072"}],"wp:attachment":[{"href":"https:\/\/dosingpump.shop\/it\/wp-json\/wp\/v2\/media?parent=4590"}],"wp:term":[{"taxonomy":"product_brand","embeddable":true,"href":"https:\/\/dosingpump.shop\/it\/wp-json\/wp\/v2\/product_brand?post=4590"},{"taxonomy":"product_cat","embeddable":true,"href":"https:\/\/dosingpump.shop\/it\/wp-json\/wp\/v2\/product_cat?post=4590"},{"taxonomy":"product_tag","embeddable":true,"href":"https:\/\/dosingpump.shop\/it\/wp-json\/wp\/v2\/product_tag?post=4590"}],"curies":[{"name":"wp","href":"https:\/\/api.w.org\/{rel}","templated":true}]}}