{"id":6042,"date":"2025-01-22T10:34:33","date_gmt":"2025-01-22T10:34:33","guid":{"rendered":"https:\/\/dosingpump.shop\/product\/doseerinstallatie-voor-calciumhypochloriet-gechloreerde-kalk\/"},"modified":"2026-02-27T14:50:01","modified_gmt":"2026-02-27T12:50:01","slug":"unita-di-dosaggio-per-ipoclorito-di-calcio-clorurato-a-calce","status":"publish","type":"product","link":"https:\/\/dosingpump.shop\/it\/product\/doseerinstallatie-voor-calciumhypochloriet-gechloreerde-kalk\/","title":{"rendered":"Impianto di dosaggio dell'ipoclorito di calcio (calce clorata)"},"content":{"rendered":"<h3>Impianto di dosaggio dell'ipoclorito di calcio (calce clorata) - 50 litri<\/h3>\n<p>Con questo sistema di dosaggio per ipoclorito di calcio (calce clorata) (Ca(OCl)2), avete tutto ci\u00f2 che vi serve per un dosaggio sicuro ed efficiente dell'ipoclorito di calcio (calce clorata). Naturalmente, abbiamo pensato alla resistenza chimica, in modo che i vari componenti durino a lungo.<\/p>\n<p>La capacit\u00e0 del serbatoio \u00e8 di 50 litri come standard. Il serbatoio \u00e8 dotato di una lancia di aspirazione, collegata alla pompa di dosaggio. La lancia di aspirazione \u00e8 dotata di un contatto di livello che disattiva la pompa quando il serbatoio \u00e8 vuoto. Questo \u00e8 comodo perch\u00e9 impedisce all'aria di entrare nei tubi. La pompa di dosaggio pu\u00f2 essere montata sul serbatoio. I componenti di questo sistema sono forniti separatamente. L'assemblaggio \u00e8 semplice e noi possiamo naturalmente assistervi in questo.<\/p>\n<h3>Contenuti Impianto di dosaggio dell'ipoclorito di calcio (calce clorata)<\/h3>\n<ul>\n<li>Serbatoio da 50 litri, adatto all'ipoclorito di calcio (calce clorata).<\/li>\n<li>Pompa dosatrice Emec K CL PLUS 08-08 (8 L\/ora - 8 Bar) con lunghezza di corsa e frequenza regolabili.<\/li>\n<li>lancia di aspirazione con controllo di livello<\/li>\n<li>Valvola di iniezione e tubo di dosaggio<\/li>\n<\/ul>\n<p>Per questo sistema di dosaggio del cloro <b>opzionale<\/b> disponibile:<\/p>\n<ul>\n<li>Serbatoio pi\u00f9 grande disponibile da: 100, 200, 500 o 1.000 litri<\/li>\n<li>Capacit\u00e0 fino a 80 litri all'ora, per pompe posizionate direttamente sul serbatoio<\/li>\n<li>Capacit\u00e0 fino a 1.000 litri all'ora, per pompe posizionate contro una parete sopra il serbatoio<\/li>\n<li>Controllo 4-20 mA<\/li>\n<li>Pompa di riempimento del serbatoio<\/li>\n<li>Agitatore (manuale o automatico)<\/li>\n<li>Vassoio di raccolta appropriato<\/li>\n<li>Consegna completamente assemblata<\/li>\n<\/ul>","protected":false},"excerpt":{"rendered":"<p>Sistema di dosaggio completo per ipoclorito di calcio (calce clorata) comprendente serbatoio, lancia di aspirazione e pompa di dosaggio. Capacit\u00e0 50 litri.<\/p>","protected":false},"featured_media":4432,"template":"","meta":[],"product_brand":[],"product_cat":[123],"product_tag":[],"class_list":{"0":"post-6042","1":"product","2":"type-product","3":"status-publish","4":"has-post-thumbnail","6":"product_cat-doseerinstallaties-voor-chemicalien","8":"first","9":"instock","10":"taxable","11":"shipping-taxable","12":"purchasable","13":"product-type-simple"},"yoast_head":"<!-- This site is optimized with the Yoast SEO plugin v27.2 - https:\/\/yoast.com\/product\/yoast-seo-wordpress\/ -->\n<title>Doseerinstallatie voor Calciumhypochloriet (gechloreerde kalk) | Dosing Pump Shop B.V.<\/title>\n<meta name=\"description\" content=\"Complete Doseerinstallatie voor Calciumhypochloriet (gechloreerde kalk) incl. tank, aanzuiglans en doseerpomp. Inhoud: 50 liter.\" \/>\n<meta name=\"robots\" content=\"index, follow, max-snippet:-1, max-image-preview:large, max-video-preview:-1\" \/>\n<link rel=\"canonical\" href=\"https:\/\/dosingpump.shop\/it\/prodotto\/unita-di-dosaggio-per-ipoclorito-di-calcio-clorurato-a-calce\/\" \/>\n<meta property=\"og:locale\" content=\"it_IT\" \/>\n<meta property=\"og:type\" content=\"article\" \/>\n<meta property=\"og:title\" content=\"Doseerinstallatie voor Calciumhypochloriet (gechloreerde kalk) | Dosing Pump Shop B.V.\" \/>\n<meta property=\"og:description\" content=\"Complete Doseerinstallatie voor Calciumhypochloriet (gechloreerde kalk) incl. tank, aanzuiglans en doseerpomp. Inhoud: 50 liter.\" \/>\n<meta property=\"og:url\" content=\"https:\/\/dosingpump.shop\/it\/prodotto\/unita-di-dosaggio-per-ipoclorito-di-calcio-clorurato-a-calce\/\" \/>\n<meta property=\"og:site_name\" content=\"Dosing Pump Shop B.V.\" \/>\n<meta property=\"article:modified_time\" content=\"2026-02-27T12:50:01+00:00\" \/>\n<meta property=\"og:image\" content=\"https:\/\/dosingpump.shop\/wp-content\/uploads\/2024\/12\/waterstofperoxide-doseerinstallatie.webp\" \/>\n\t<meta property=\"og:image:width\" content=\"500\" \/>\n\t<meta property=\"og:image:height\" content=\"500\" \/>\n\t<meta property=\"og:image:type\" content=\"image\/webp\" \/>\n<meta name=\"twitter:card\" content=\"summary_large_image\" \/>\n<meta name=\"twitter:label1\" content=\"Prezzo\" \/>\n\t<meta name=\"twitter:data1\" content=\"&euro;757,00\" \/>\n\t<meta name=\"twitter:label2\" content=\"Disponibilit\u00e0\" \/>\n\t<meta name=\"twitter:data2\" content=\"In stock\" \/>\n<script type=\"application\/ld+json\" class=\"yoast-schema-graph\">{\"@context\":\"https:\/\/schema.org\",\"@graph\":[{\"@type\":\"WebPage\",\"@id\":\"https:\/\/dosingpump.shop\/it\/prodotto\/unita-di-dosaggio-per-ipoclorito-di-calcio-clorurato-a-calce\/\",\"url\":\"https:\/\/dosingpump.shop\/it\/prodotto\/unita-di-dosaggio-per-ipoclorito-di-calcio-clorurato-a-calce\/\",\"name\":\"Doseerinstallatie voor Calciumhypochloriet (gechloreerde kalk) | Dosing Pump Shop B.V.\",\"isPartOf\":{\"@id\":\"https:\/\/dosingpump.shop\/de\/#website\"},\"primaryImageOfPage\":{\"@id\":\"https:\/\/dosingpump.shop\/it\/prodotto\/unita-di-dosaggio-per-ipoclorito-di-calcio-clorurato-a-calce\/#primaryimage\"},\"image\":{\"@id\":\"https:\/\/dosingpump.shop\/it\/prodotto\/unita-di-dosaggio-per-ipoclorito-di-calcio-clorurato-a-calce\/#primaryimage\"},\"thumbnailUrl\":\"https:\/\/dosingpump.shop\/wp-content\/uploads\/2024\/12\/waterstofperoxide-doseerinstallatie.webp\",\"datePublished\":\"2025-01-22T10:34:33+00:00\",\"dateModified\":\"2026-02-27T12:50:01+00:00\",\"description\":\"Complete Doseerinstallatie voor Calciumhypochloriet (gechloreerde kalk) incl. tank, aanzuiglans en doseerpomp. Inhoud: 50 liter.\",\"breadcrumb\":{\"@id\":\"https:\/\/dosingpump.shop\/it\/prodotto\/unita-di-dosaggio-per-ipoclorito-di-calcio-clorurato-a-calce\/#breadcrumb\"},\"inLanguage\":\"it-IT\",\"potentialAction\":[{\"@type\":\"ReadAction\",\"target\":[\"https:\/\/dosingpump.shop\/it\/prodotto\/unita-di-dosaggio-per-ipoclorito-di-calcio-clorurato-a-calce\/\"]}]},{\"@type\":\"ImageObject\",\"inLanguage\":\"it-IT\",\"@id\":\"https:\/\/dosingpump.shop\/it\/prodotto\/unita-di-dosaggio-per-ipoclorito-di-calcio-clorurato-a-calce\/#primaryimage\",\"url\":\"https:\/\/dosingpump.shop\/wp-content\/uploads\/2024\/12\/waterstofperoxide-doseerinstallatie.webp\",\"contentUrl\":\"https:\/\/dosingpump.shop\/wp-content\/uploads\/2024\/12\/waterstofperoxide-doseerinstallatie.webp\",\"width\":500,\"height\":500},{\"@type\":\"BreadcrumbList\",\"@id\":\"https:\/\/dosingpump.shop\/it\/prodotto\/unita-di-dosaggio-per-ipoclorito-di-calcio-clorurato-a-calce\/#breadcrumb\",\"itemListElement\":[{\"@type\":\"ListItem\",\"position\":1,\"name\":\"Home\",\"item\":\"https:\/\/dosingpump.shop\/\"},{\"@type\":\"ListItem\",\"position\":2,\"name\":\"Shop\",\"item\":\"https:\/\/dosingpump.shop\/de\/shop\/\"},{\"@type\":\"ListItem\",\"position\":3,\"name\":\"Doseerinstallatie voor Calciumhypochloriet (gechloreerde kalk)\"}]},{\"@type\":\"WebSite\",\"@id\":\"https:\/\/dosingpump.shop\/de\/#website\",\"url\":\"https:\/\/dosingpump.shop\/de\/\",\"name\":\"Dosing Pump Shop B.V.\",\"description\":\"\",\"publisher\":{\"@id\":\"https:\/\/dosingpump.shop\/de\/#organization\"},\"potentialAction\":[{\"@type\":\"SearchAction\",\"target\":{\"@type\":\"EntryPoint\",\"urlTemplate\":\"https:\/\/dosingpump.shop\/de\/?s={search_term_string}\"},\"query-input\":{\"@type\":\"PropertyValueSpecification\",\"valueRequired\":true,\"valueName\":\"search_term_string\"}}],\"inLanguage\":\"it-IT\"},{\"@type\":\"Organization\",\"@id\":\"https:\/\/dosingpump.shop\/de\/#organization\",\"name\":\"Dosing Pump Shop B.V.\",\"url\":\"https:\/\/dosingpump.shop\/de\/\",\"logo\":{\"@type\":\"ImageObject\",\"inLanguage\":\"it-IT\",\"@id\":\"https:\/\/dosingpump.shop\/de\/#\/schema\/logo\/image\/\",\"url\":\"https:\/\/dosingpump.shop\/wp-content\/uploads\/2024\/10\/Dosing-Pump-Shop-logo.png\",\"contentUrl\":\"https:\/\/dosingpump.shop\/wp-content\/uploads\/2024\/10\/Dosing-Pump-Shop-logo.png\",\"width\":350,\"height\":45,\"caption\":\"Dosing Pump Shop B.V.\"},\"image\":{\"@id\":\"https:\/\/dosingpump.shop\/de\/#\/schema\/logo\/image\/\"},\"sameAs\":[\"https:\/\/linkedin.com\/company\/dosing-pump-shop\"]}]}<\/script>\n<meta property=\"product:price:amount\" content=\"757.00\" \/>\n<meta property=\"product:price:currency\" content=\"EUR\" \/>\n<meta property=\"og:availability\" content=\"instock\" \/>\n<meta property=\"product:availability\" content=\"instock\" \/>\n<meta property=\"product:retailer_item_id\" content=\"doseerinstalatie-Calciumhypochloriet (gechloreerde kalk)\" \/>\n<meta property=\"product:condition\" content=\"new\" \/>\n<!-- \/ Yoast SEO plugin. -->","yoast_head_json":{"title":"Impianto di dosaggio dell'ipoclorito di calcio (calce clorata) | Dosing Pump Shop B.V.","description":"Sistema di dosaggio completo per ipoclorito di calcio (calce clorata), comprensivo di serbatoio, lancia di aspirazione e pompa di dosaggio. Capacit\u00e0: 50 litri.","robots":{"index":"index","follow":"follow","max-snippet":"max-snippet:-1","max-image-preview":"max-image-preview:large","max-video-preview":"max-video-preview:-1"},"canonical":"https:\/\/dosingpump.shop\/it\/prodotto\/unita-di-dosaggio-per-ipoclorito-di-calcio-clorurato-a-calce\/","og_locale":"it_IT","og_type":"article","og_title":"Doseerinstallatie voor Calciumhypochloriet (gechloreerde kalk) | Dosing Pump Shop B.V.","og_description":"Complete Doseerinstallatie voor Calciumhypochloriet (gechloreerde kalk) incl. tank, aanzuiglans en doseerpomp. Inhoud: 50 liter.","og_url":"https:\/\/dosingpump.shop\/it\/prodotto\/unita-di-dosaggio-per-ipoclorito-di-calcio-clorurato-a-calce\/","og_site_name":"Dosing Pump Shop B.V.","article_modified_time":"2026-02-27T12:50:01+00:00","og_image":[{"width":500,"height":500,"url":"https:\/\/dosingpump.shop\/wp-content\/uploads\/2024\/12\/waterstofperoxide-doseerinstallatie.webp","type":"image\/webp"}],"twitter_card":"summary_large_image","twitter_misc":{"Prezzo":"&euro;757,00","Disponibilit\u00e0":"In stock"},"schema":{"@context":"https:\/\/schema.org","@graph":[{"@type":"WebPage","@id":"https:\/\/dosingpump.shop\/it\/prodotto\/unita-di-dosaggio-per-ipoclorito-di-calcio-clorurato-a-calce\/","url":"https:\/\/dosingpump.shop\/it\/prodotto\/unita-di-dosaggio-per-ipoclorito-di-calcio-clorurato-a-calce\/","name":"Impianto di dosaggio dell'ipoclorito di calcio (calce clorata) | Dosing Pump Shop B.V.","isPartOf":{"@id":"https:\/\/dosingpump.shop\/de\/#website"},"primaryImageOfPage":{"@id":"https:\/\/dosingpump.shop\/it\/prodotto\/unita-di-dosaggio-per-ipoclorito-di-calcio-clorurato-a-calce\/#primaryimage"},"image":{"@id":"https:\/\/dosingpump.shop\/it\/prodotto\/unita-di-dosaggio-per-ipoclorito-di-calcio-clorurato-a-calce\/#primaryimage"},"thumbnailUrl":"https:\/\/dosingpump.shop\/wp-content\/uploads\/2024\/12\/waterstofperoxide-doseerinstallatie.webp","datePublished":"2025-01-22T10:34:33+00:00","dateModified":"2026-02-27T12:50:01+00:00","description":"Sistema di dosaggio completo per ipoclorito di calcio (calce clorata), comprensivo di serbatoio, lancia di aspirazione e pompa di dosaggio. Capacit\u00e0: 50 litri.","breadcrumb":{"@id":"https:\/\/dosingpump.shop\/it\/prodotto\/unita-di-dosaggio-per-ipoclorito-di-calcio-clorurato-a-calce\/#breadcrumb"},"inLanguage":"it-IT","potentialAction":[{"@type":"ReadAction","target":["https:\/\/dosingpump.shop\/it\/prodotto\/unita-di-dosaggio-per-ipoclorito-di-calcio-clorurato-a-calce\/"]}]},{"@type":"ImageObject","inLanguage":"it-IT","@id":"https:\/\/dosingpump.shop\/it\/prodotto\/unita-di-dosaggio-per-ipoclorito-di-calcio-clorurato-a-calce\/#primaryimage","url":"https:\/\/dosingpump.shop\/wp-content\/uploads\/2024\/12\/waterstofperoxide-doseerinstallatie.webp","contentUrl":"https:\/\/dosingpump.shop\/wp-content\/uploads\/2024\/12\/waterstofperoxide-doseerinstallatie.webp","width":500,"height":500},{"@type":"BreadcrumbList","@id":"https:\/\/dosingpump.shop\/it\/prodotto\/unita-di-dosaggio-per-ipoclorito-di-calcio-clorurato-a-calce\/#breadcrumb","itemListElement":[{"@type":"ListItem","position":1,"name":"Home","item":"https:\/\/dosingpump.shop\/"},{"@type":"ListItem","position":2,"name":"Shop","item":"https:\/\/dosingpump.shop\/de\/shop\/"},{"@type":"ListItem","position":3,"name":"Doseerinstallatie voor Calciumhypochloriet (gechloreerde kalk)"}]},{"@type":"WebSite","@id":"https:\/\/dosingpump.shop\/de\/#website","url":"https:\/\/dosingpump.shop\/de\/","name":"Dosing Pump Shop B.V.","description":"","publisher":{"@id":"https:\/\/dosingpump.shop\/de\/#organization"},"potentialAction":[{"@type":"SearchAction","target":{"@type":"EntryPoint","urlTemplate":"https:\/\/dosingpump.shop\/de\/?s={search_term_string}"},"query-input":{"@type":"PropertyValueSpecification","valueRequired":true,"valueName":"search_term_string"}}],"inLanguage":"it-IT"},{"@type":"Organization","@id":"https:\/\/dosingpump.shop\/de\/#organization","name":"Dosing Pump Shop B.V.","url":"https:\/\/dosingpump.shop\/de\/","logo":{"@type":"ImageObject","inLanguage":"it-IT","@id":"https:\/\/dosingpump.shop\/de\/#\/schema\/logo\/image\/","url":"https:\/\/dosingpump.shop\/wp-content\/uploads\/2024\/10\/Dosing-Pump-Shop-logo.png","contentUrl":"https:\/\/dosingpump.shop\/wp-content\/uploads\/2024\/10\/Dosing-Pump-Shop-logo.png","width":350,"height":45,"caption":"Dosing Pump Shop B.V."},"image":{"@id":"https:\/\/dosingpump.shop\/de\/#\/schema\/logo\/image\/"},"sameAs":["https:\/\/linkedin.com\/company\/dosing-pump-shop"]}]},"product_price_amount":"757.00","product_price_currency":"EUR","og_availability":"instock","product_availability":"instock","product_retailer_item_id":"doseerinstalatie-Calciumhypochloriet (gechloreerde kalk)","product_condition":"new"},"_links":{"self":[{"href":"https:\/\/dosingpump.shop\/it\/wp-json\/wp\/v2\/product\/6042","targetHints":{"allow":["GET"]}}],"collection":[{"href":"https:\/\/dosingpump.shop\/it\/wp-json\/wp\/v2\/product"}],"about":[{"href":"https:\/\/dosingpump.shop\/it\/wp-json\/wp\/v2\/types\/product"}],"wp:featuredmedia":[{"embeddable":true,"href":"https:\/\/dosingpump.shop\/it\/wp-json\/wp\/v2\/media\/4432"}],"wp:attachment":[{"href":"https:\/\/dosingpump.shop\/it\/wp-json\/wp\/v2\/media?parent=6042"}],"wp:term":[{"taxonomy":"product_brand","embeddable":true,"href":"https:\/\/dosingpump.shop\/it\/wp-json\/wp\/v2\/product_brand?post=6042"},{"taxonomy":"product_cat","embeddable":true,"href":"https:\/\/dosingpump.shop\/it\/wp-json\/wp\/v2\/product_cat?post=6042"},{"taxonomy":"product_tag","embeddable":true,"href":"https:\/\/dosingpump.shop\/it\/wp-json\/wp\/v2\/product_tag?post=6042"}],"curies":[{"name":"wp","href":"https:\/\/api.w.org\/{rel}","templated":true}]}}