{"id":6520,"date":"2025-01-29T13:36:38","date_gmt":"2025-01-29T13:36:38","guid":{"rendered":"https:\/\/dosingpump.shop\/?post_type=product&#038;p=6520"},"modified":"2026-02-27T14:50:19","modified_gmt":"2026-02-27T12:50:19","slug":"emec-ams-cl-plus-07-20-pmmaep","status":"publish","type":"product","link":"https:\/\/dosingpump.shop\/it\/product\/emec-ams-cl-plus-07-20-pmmaep\/","title":{"rendered":"Emec AMS CL PLUS 07-20 PMMA+EP"},"content":{"rendered":"<p>Emec AMS CL PLUS 07-20 PMMA+EP \u00e8 una pompa dosatrice avanzata che offre un'eccellente precisione e affidabilit\u00e0 in una variet\u00e0 di applicazioni. Questo modello funziona in modalit\u00e0 costante ed \u00e8 progettato per i settori in cui \u00e8 essenziale un dosaggio accurato, come il trattamento delle acque, i processi chimici e l'agricoltura. Il controllo avanzato del livello mantiene le prestazioni della pompa costanti, indipendentemente dalle variazioni di carico o di ambiente.<\/p>\n<p>Questa pompa dosatrice pu\u00f2 erogare 20 litri all'ora a una pressione di 7 bar. La sua costruzione in PMMA (Polimetilmetacrilato) e EP (Gomma Etilene-Propilene) garantisce una maggiore resistenza chimica e durata. Il materiale garantisce che la pompa sia adatta a liquidi aggressivi e a un uso prolungato senza perdita di prestazioni.<\/p>\n<p>Come altri modelli della serie AMS CL PLUS, questa pompa \u00e8 dotata di una membrana completamente in PTFE, che garantisce una lunga durata e requisiti minimi di manutenzione. Al momento dell'acquisto, riceverete un kit completo, comprendente un filtro di aspirazione, una valvola di iniezione e un tubo flessibile, in modo da poter iniziare subito a lavorare.<\/p>\n<h4><strong>Caratteristiche principali di Emec AMS CL PLUS 07-20 PMMA+EP:<\/strong><\/h4>\n<ul>\n<li><strong>20 l\/h a 7 bar<\/strong> - Capacit\u00e0 e pressione elevate per varie applicazioni<\/li>\n<li><strong>Materiali PMMA e EP<\/strong> - Eccellente resistenza chimica<\/li>\n<li><strong>Membrana completa in PTFE<\/strong> - Durevole e a bassa manutenzione<\/li>\n<li><strong>Frequenza e volume di corsa regolabili<\/strong> - Controllo preciso del dosaggio<\/li>\n<li><strong>Kit di installazione completo incluso<\/strong> - Immediatamente pronto per l'uso<\/li>\n<\/ul>\n<p>Grazie alla possibilit\u00e0 di regolare sia la frequenza che il volume della corsa, la pompa Emec AMS CL PLUS 07-20 PMMA+EP offre la massima flessibilit\u00e0 e controllo. Questo rende la pompa perfetta per un dosaggio preciso e stabile nei processi industriali pi\u00f9 impegnativi.<\/p>\n<p>Volete sapere se questa pompa \u00e8 adatta alla vostra applicazione? Saremo lieti di aiutarvi con una consulenza esperta e la giusta configurazione.<\/p>","protected":false},"excerpt":{"rendered":"<p>Il\u00a0<a href=\"https:\/\/dosingpump.shop\/de\/produkt\/emec-ams-cl-plus-dosierpumpe\/\">AMS CL PLUS<\/a>\u00a0\u00e8 un sistema avanzato che funziona in modalit\u00e0 costante. Garantisce le prestazioni desiderate con un controllo preciso del livello.<\/p>\n<ul>\n<li>Dosaggio continuo<\/li>\n<li>Fornito completo<\/li>\n<li>Membrana completa in PTFE<\/li>\n<\/ul>","protected":false},"featured_media":5190,"template":"","meta":[],"product_brand":[],"product_cat":[85],"product_tag":[],"class_list":{"0":"post-6520","1":"product","2":"type-product","3":"status-publish","4":"has-post-thumbnail","6":"product_cat-assortiment","8":"first","9":"onbackorder","10":"taxable","11":"shipping-taxable","12":"purchasable","13":"product-type-simple"},"yoast_head":"<!-- This site is optimized with the Yoast SEO plugin v27.2 - https:\/\/yoast.com\/product\/yoast-seo-wordpress\/ -->\n<title>Emec AMS CL PLUS 07-20 PMMA+EP | Dosing Pump Shop B.V.<\/title>\n<meta name=\"robots\" content=\"index, follow, max-snippet:-1, max-image-preview:large, max-video-preview:-1\" \/>\n<link rel=\"canonical\" href=\"https:\/\/dosingpump.shop\/it\/prodotto\/emec-ams-cl-plus-07-20-pmmaep\/\" \/>\n<meta property=\"og:locale\" content=\"it_IT\" \/>\n<meta property=\"og:type\" content=\"article\" \/>\n<meta property=\"og:title\" content=\"Emec AMS CL PLUS 07-20 PMMA+EP | Dosing Pump Shop B.V.\" \/>\n<meta property=\"og:description\" content=\"De\u00a0AMS CL PLUS\u00a0is een geavanceerd systeem dat werkt in een constante modus. Het levert gewenste prestaties met nauwkeurige niveauregeling.   Continu doseren  Compleet geleverd  Vol PTFE membraan\" \/>\n<meta property=\"og:url\" content=\"https:\/\/dosingpump.shop\/it\/prodotto\/emec-ams-cl-plus-07-20-pmmaep\/\" \/>\n<meta property=\"og:site_name\" content=\"Dosing Pump Shop B.V.\" \/>\n<meta property=\"article:modified_time\" content=\"2026-02-27T12:50:19+00:00\" \/>\n<meta property=\"og:image\" content=\"https:\/\/dosingpump.shop\/wp-content\/uploads\/2024\/12\/Emec-AMS-Series.webp\" \/>\n\t<meta property=\"og:image:width\" content=\"600\" \/>\n\t<meta property=\"og:image:height\" content=\"600\" \/>\n\t<meta property=\"og:image:type\" content=\"image\/webp\" \/>\n<meta name=\"twitter:card\" content=\"summary_large_image\" \/>\n<meta name=\"twitter:label1\" content=\"Prezzo\" \/>\n\t<meta name=\"twitter:data1\" content=\"&euro;893,00\" \/>\n\t<meta name=\"twitter:label2\" content=\"Disponibilit\u00e0\" \/>\n\t<meta name=\"twitter:data2\" content=\"Su ordinazione\" \/>\n<script type=\"application\/ld+json\" class=\"yoast-schema-graph\">{\"@context\":\"https:\/\/schema.org\",\"@graph\":[{\"@type\":\"WebPage\",\"@id\":\"https:\/\/dosingpump.shop\/pl\/produkt-2\/emec-ams-cl-plus-07-20-pmmaep\/\",\"url\":\"https:\/\/dosingpump.shop\/pl\/produkt-2\/emec-ams-cl-plus-07-20-pmmaep\/\",\"name\":\"Emec AMS CL PLUS 07-20 PMMA+EP | Dosing Pump Shop B.V.\",\"isPartOf\":{\"@id\":\"https:\/\/dosingpump.shop\/de\/#website\"},\"primaryImageOfPage\":{\"@id\":\"https:\/\/dosingpump.shop\/pl\/produkt-2\/emec-ams-cl-plus-07-20-pmmaep\/#primaryimage\"},\"image\":{\"@id\":\"https:\/\/dosingpump.shop\/pl\/produkt-2\/emec-ams-cl-plus-07-20-pmmaep\/#primaryimage\"},\"thumbnailUrl\":\"https:\/\/dosingpump.shop\/wp-content\/uploads\/2024\/12\/Emec-AMS-Series.webp\",\"datePublished\":\"2025-01-29T13:36:38+00:00\",\"dateModified\":\"2026-02-27T12:50:19+00:00\",\"breadcrumb\":{\"@id\":\"https:\/\/dosingpump.shop\/pl\/produkt-2\/emec-ams-cl-plus-07-20-pmmaep\/#breadcrumb\"},\"inLanguage\":\"it-IT\",\"potentialAction\":[{\"@type\":\"ReadAction\",\"target\":[\"https:\/\/dosingpump.shop\/pl\/produkt-2\/emec-ams-cl-plus-07-20-pmmaep\/\"]}]},{\"@type\":\"ImageObject\",\"inLanguage\":\"it-IT\",\"@id\":\"https:\/\/dosingpump.shop\/pl\/produkt-2\/emec-ams-cl-plus-07-20-pmmaep\/#primaryimage\",\"url\":\"https:\/\/dosingpump.shop\/wp-content\/uploads\/2024\/12\/Emec-AMS-Series.webp\",\"contentUrl\":\"https:\/\/dosingpump.shop\/wp-content\/uploads\/2024\/12\/Emec-AMS-Series.webp\",\"width\":600,\"height\":600},{\"@type\":\"BreadcrumbList\",\"@id\":\"https:\/\/dosingpump.shop\/pl\/produkt-2\/emec-ams-cl-plus-07-20-pmmaep\/#breadcrumb\",\"itemListElement\":[{\"@type\":\"ListItem\",\"position\":1,\"name\":\"Home\",\"item\":\"https:\/\/dosingpump.shop\/\"},{\"@type\":\"ListItem\",\"position\":2,\"name\":\"Shop\",\"item\":\"https:\/\/dosingpump.shop\/de\/shop\/\"},{\"@type\":\"ListItem\",\"position\":3,\"name\":\"Emec AMS CL PLUS 07-20 PMMA+EP\"}]},{\"@type\":\"WebSite\",\"@id\":\"https:\/\/dosingpump.shop\/de\/#website\",\"url\":\"https:\/\/dosingpump.shop\/de\/\",\"name\":\"Dosing Pump Shop B.V.\",\"description\":\"\",\"publisher\":{\"@id\":\"https:\/\/dosingpump.shop\/de\/#organization\"},\"potentialAction\":[{\"@type\":\"SearchAction\",\"target\":{\"@type\":\"EntryPoint\",\"urlTemplate\":\"https:\/\/dosingpump.shop\/de\/?s={search_term_string}\"},\"query-input\":{\"@type\":\"PropertyValueSpecification\",\"valueRequired\":true,\"valueName\":\"search_term_string\"}}],\"inLanguage\":\"it-IT\"},{\"@type\":\"Organization\",\"@id\":\"https:\/\/dosingpump.shop\/de\/#organization\",\"name\":\"Dosing Pump Shop B.V.\",\"url\":\"https:\/\/dosingpump.shop\/de\/\",\"logo\":{\"@type\":\"ImageObject\",\"inLanguage\":\"it-IT\",\"@id\":\"https:\/\/dosingpump.shop\/de\/#\/schema\/logo\/image\/\",\"url\":\"https:\/\/dosingpump.shop\/wp-content\/uploads\/2024\/10\/Dosing-Pump-Shop-logo.png\",\"contentUrl\":\"https:\/\/dosingpump.shop\/wp-content\/uploads\/2024\/10\/Dosing-Pump-Shop-logo.png\",\"width\":350,\"height\":45,\"caption\":\"Dosing Pump Shop B.V.\"},\"image\":{\"@id\":\"https:\/\/dosingpump.shop\/de\/#\/schema\/logo\/image\/\"},\"sameAs\":[\"https:\/\/linkedin.com\/company\/dosing-pump-shop\"]}]}<\/script>\n<meta property=\"product:price:amount\" content=\"893.00\" \/>\n<meta property=\"product:price:currency\" content=\"EUR\" \/>\n<meta property=\"og:availability\" content=\"backorder\" \/>\n<meta property=\"product:availability\" content=\"available for order\" \/>\n<meta property=\"product:retailer_item_id\" content=\"ACP07020D0000GBSA000\" \/>\n<meta property=\"product:condition\" content=\"new\" \/>\n<!-- \/ Yoast SEO plugin. -->","yoast_head_json":{"title":"Emec AMS CL PLUS 07-20 PMMA+EP | Dosing Pump Shop B.V.","robots":{"index":"index","follow":"follow","max-snippet":"max-snippet:-1","max-image-preview":"max-image-preview:large","max-video-preview":"max-video-preview:-1"},"canonical":"https:\/\/dosingpump.shop\/it\/prodotto\/emec-ams-cl-plus-07-20-pmmaep\/","og_locale":"it_IT","og_type":"article","og_title":"Emec AMS CL PLUS 07-20 PMMA+EP | Dosing Pump Shop B.V.","og_description":"De\u00a0AMS CL PLUS\u00a0is een geavanceerd systeem dat werkt in een constante modus. Het levert gewenste prestaties met nauwkeurige niveauregeling.   Continu doseren  Compleet geleverd  Vol PTFE membraan","og_url":"https:\/\/dosingpump.shop\/it\/prodotto\/emec-ams-cl-plus-07-20-pmmaep\/","og_site_name":"Dosing Pump Shop B.V.","article_modified_time":"2026-02-27T12:50:19+00:00","og_image":[{"width":600,"height":600,"url":"https:\/\/dosingpump.shop\/wp-content\/uploads\/2024\/12\/Emec-AMS-Series.webp","type":"image\/webp"}],"twitter_card":"summary_large_image","twitter_misc":{"Prezzo":"&euro;893,00","Disponibilit\u00e0":"Su ordinazione"},"schema":{"@context":"https:\/\/schema.org","@graph":[{"@type":"WebPage","@id":"https:\/\/dosingpump.shop\/pl\/produkt-2\/emec-ams-cl-plus-07-20-pmmaep\/","url":"https:\/\/dosingpump.shop\/pl\/produkt-2\/emec-ams-cl-plus-07-20-pmmaep\/","name":"Emec AMS CL PLUS 07-20 PMMA+EP | Dosing Pump Shop B.V.","isPartOf":{"@id":"https:\/\/dosingpump.shop\/de\/#website"},"primaryImageOfPage":{"@id":"https:\/\/dosingpump.shop\/pl\/produkt-2\/emec-ams-cl-plus-07-20-pmmaep\/#primaryimage"},"image":{"@id":"https:\/\/dosingpump.shop\/pl\/produkt-2\/emec-ams-cl-plus-07-20-pmmaep\/#primaryimage"},"thumbnailUrl":"https:\/\/dosingpump.shop\/wp-content\/uploads\/2024\/12\/Emec-AMS-Series.webp","datePublished":"2025-01-29T13:36:38+00:00","dateModified":"2026-02-27T12:50:19+00:00","breadcrumb":{"@id":"https:\/\/dosingpump.shop\/pl\/produkt-2\/emec-ams-cl-plus-07-20-pmmaep\/#breadcrumb"},"inLanguage":"it-IT","potentialAction":[{"@type":"ReadAction","target":["https:\/\/dosingpump.shop\/pl\/produkt-2\/emec-ams-cl-plus-07-20-pmmaep\/"]}]},{"@type":"ImageObject","inLanguage":"it-IT","@id":"https:\/\/dosingpump.shop\/pl\/produkt-2\/emec-ams-cl-plus-07-20-pmmaep\/#primaryimage","url":"https:\/\/dosingpump.shop\/wp-content\/uploads\/2024\/12\/Emec-AMS-Series.webp","contentUrl":"https:\/\/dosingpump.shop\/wp-content\/uploads\/2024\/12\/Emec-AMS-Series.webp","width":600,"height":600},{"@type":"BreadcrumbList","@id":"https:\/\/dosingpump.shop\/pl\/produkt-2\/emec-ams-cl-plus-07-20-pmmaep\/#breadcrumb","itemListElement":[{"@type":"ListItem","position":1,"name":"Home","item":"https:\/\/dosingpump.shop\/"},{"@type":"ListItem","position":2,"name":"Shop","item":"https:\/\/dosingpump.shop\/de\/shop\/"},{"@type":"ListItem","position":3,"name":"Emec AMS CL PLUS 07-20 PMMA+EP"}]},{"@type":"WebSite","@id":"https:\/\/dosingpump.shop\/de\/#website","url":"https:\/\/dosingpump.shop\/de\/","name":"Dosing Pump Shop B.V.","description":"","publisher":{"@id":"https:\/\/dosingpump.shop\/de\/#organization"},"potentialAction":[{"@type":"SearchAction","target":{"@type":"EntryPoint","urlTemplate":"https:\/\/dosingpump.shop\/de\/?s={search_term_string}"},"query-input":{"@type":"PropertyValueSpecification","valueRequired":true,"valueName":"search_term_string"}}],"inLanguage":"it-IT"},{"@type":"Organization","@id":"https:\/\/dosingpump.shop\/de\/#organization","name":"Dosing Pump Shop B.V.","url":"https:\/\/dosingpump.shop\/de\/","logo":{"@type":"ImageObject","inLanguage":"it-IT","@id":"https:\/\/dosingpump.shop\/de\/#\/schema\/logo\/image\/","url":"https:\/\/dosingpump.shop\/wp-content\/uploads\/2024\/10\/Dosing-Pump-Shop-logo.png","contentUrl":"https:\/\/dosingpump.shop\/wp-content\/uploads\/2024\/10\/Dosing-Pump-Shop-logo.png","width":350,"height":45,"caption":"Dosing Pump Shop B.V."},"image":{"@id":"https:\/\/dosingpump.shop\/de\/#\/schema\/logo\/image\/"},"sameAs":["https:\/\/linkedin.com\/company\/dosing-pump-shop"]}]},"product_price_amount":"893.00","product_price_currency":"EUR","og_availability":"backorder","product_availability":"available for order","product_retailer_item_id":"ACP07020D0000GBSA000","product_condition":"new"},"_links":{"self":[{"href":"https:\/\/dosingpump.shop\/it\/wp-json\/wp\/v2\/product\/6520","targetHints":{"allow":["GET"]}}],"collection":[{"href":"https:\/\/dosingpump.shop\/it\/wp-json\/wp\/v2\/product"}],"about":[{"href":"https:\/\/dosingpump.shop\/it\/wp-json\/wp\/v2\/types\/product"}],"wp:featuredmedia":[{"embeddable":true,"href":"https:\/\/dosingpump.shop\/it\/wp-json\/wp\/v2\/media\/5190"}],"wp:attachment":[{"href":"https:\/\/dosingpump.shop\/it\/wp-json\/wp\/v2\/media?parent=6520"}],"wp:term":[{"taxonomy":"product_brand","embeddable":true,"href":"https:\/\/dosingpump.shop\/it\/wp-json\/wp\/v2\/product_brand?post=6520"},{"taxonomy":"product_cat","embeddable":true,"href":"https:\/\/dosingpump.shop\/it\/wp-json\/wp\/v2\/product_cat?post=6520"},{"taxonomy":"product_tag","embeddable":true,"href":"https:\/\/dosingpump.shop\/it\/wp-json\/wp\/v2\/product_tag?post=6520"}],"curies":[{"name":"wp","href":"https:\/\/api.w.org\/{rel}","templated":true}]}}