{"id":8383,"date":"2025-10-03T13:54:25","date_gmt":"2025-10-03T11:54:25","guid":{"rendered":"https:\/\/dosingpump.shop\/product\/qdos-renu-pompkop-qdos-60-santoprene-7-bar-100-psi\/"},"modified":"2026-03-10T23:21:37","modified_gmt":"2026-03-10T22:21:37","slug":"testa-della-pompa-qdos-renu-qdos-60-santoprene-7-bar-100-psi","status":"publish","type":"product","link":"https:\/\/dosingpump.shop\/it\/product\/qdos-renu-pompkop-qdos-60-santoprene-7-bar-100-psi\/","title":{"rendered":"Testa Qdos ReNu Qdos 60 Santoprene (7 bar\/100 psi)"},"content":{"rendered":"<p>La testa della pompa ReNu 60 in Santoprene \u00e8 progettata specificamente come componente di ricambio per la pompa di dosaggio peristaltica Qdos 60. Questo componente \u00e8 essenziale per garantire le elevate prestazioni del vostro sistema di dosaggio. Grazie all'uso del Santoprene come materiale del tubo nel percorso del fluido, questa testa di pompa \u00e8 compatibile con un'ampia gamma di prodotti chimici e pu\u00f2 gestire pressioni operative fino a 7 bar (100 psi). Il sistema \u00e8 progettato per fornire un flusso di fluido altamente accurato e ripetibile, con una precisione di \u00b11%.<\/p>\n<p>L'innovativo design ReNu mira a ridurre al minimo la manutenzione e a massimizzare il tempo di processo (uptime). Il design senza valvole evita problemi quali l'accumulo di gas e l'intasamento delle valvole. Quando \u00e8 necessaria la manutenzione, la sostituzione \"senza attrezzi\" assicura che la testa della pompa possa essere sostituita in modo rapido, semplice e sicuro. Inoltre, l'esclusiva funzione di recupero del fluido aumenta la sicurezza dell'operatore e previene lo spreco di sostanze chimiche. Con un rapporto di flusso controllato di 5000:1, la testa di pompaggio ReNu 60 Santoprene \u00e8 una soluzione di dosaggio affidabile, efficiente e sicura.<\/p>","protected":false},"excerpt":{"rendered":"<ul>\n<li>7 bar\/100 psi<\/li>\n<li>Adatto per Qdos 60<\/li>\n<li>Tubo flessibile in Santoprene<\/li>\n<\/ul>","protected":false},"featured_media":8388,"template":"","meta":[],"product_brand":[],"product_cat":[329],"product_tag":[],"class_list":{"0":"post-8383","1":"product","2":"type-product","3":"status-publish","4":"has-post-thumbnail","6":"product_cat-qdos-pompkoppen","8":"first","9":"instock","10":"taxable","11":"shipping-taxable","12":"product-type-simple"},"yoast_head":"<!-- This site is optimized with the Yoast SEO plugin v27.2 - https:\/\/yoast.com\/product\/yoast-seo-wordpress\/ -->\n<title>Qdos ReNu Pompkop Qdos 60 Santoprene (7 bar\/100 psi) - Dosing Pump Shop B.V.<\/title>\n<meta name=\"robots\" content=\"index, follow, max-snippet:-1, max-image-preview:large, max-video-preview:-1\" \/>\n<link rel=\"canonical\" href=\"https:\/\/dosingpump.shop\/it\/prodotto\/testa-della-pompa-qdos-renu-qdos-60-santoprene-7-bar-100-psi\/\" \/>\n<meta property=\"og:locale\" content=\"it_IT\" \/>\n<meta property=\"og:type\" content=\"article\" \/>\n<meta property=\"og:title\" content=\"Qdos ReNu Pompkop Qdos 60 Santoprene (7 bar\/100 psi) - Dosing Pump Shop B.V.\" \/>\n<meta property=\"og:description\" content=\"7 bar\/100 psi  Geschikt voor Qdos 60  Slang van Santoprene\" \/>\n<meta property=\"og:url\" content=\"https:\/\/dosingpump.shop\/it\/prodotto\/testa-della-pompa-qdos-renu-qdos-60-santoprene-7-bar-100-psi\/\" \/>\n<meta property=\"og:site_name\" content=\"Dosing Pump Shop B.V.\" \/>\n<meta property=\"article:modified_time\" content=\"2026-03-10T22:21:37+00:00\" \/>\n<meta property=\"og:image\" content=\"https:\/\/dosingpump.shop\/wp-content\/uploads\/2025\/10\/Pompkoppen-QDos-removebg-preview.png\" \/>\n\t<meta property=\"og:image:width\" content=\"500\" \/>\n\t<meta property=\"og:image:height\" content=\"500\" \/>\n\t<meta property=\"og:image:type\" content=\"image\/png\" \/>\n<meta name=\"twitter:card\" content=\"summary_large_image\" \/>\n<meta name=\"twitter:label1\" content=\"Prezzo\" \/>\n\t<meta name=\"twitter:data1\" content=\"\" \/>\n\t<meta name=\"twitter:label2\" content=\"Disponibilit\u00e0\" \/>\n\t<meta name=\"twitter:data2\" content=\"In stock\" \/>\n<script type=\"application\/ld+json\" class=\"yoast-schema-graph\">{\"@context\":\"https:\/\/schema.org\",\"@graph\":[{\"@type\":\"WebPage\",\"@id\":\"https:\/\/dosingpump.shop\/product\/qdos-renu-pompkop-qdos-60-santoprene-7-bar-100-psi\/\",\"url\":\"https:\/\/dosingpump.shop\/product\/qdos-renu-pompkop-qdos-60-santoprene-7-bar-100-psi\/\",\"name\":\"Qdos ReNu Pompkop Qdos 60 Santoprene (7 bar\/100 psi) - Dosing Pump Shop B.V.\",\"isPartOf\":{\"@id\":\"https:\/\/dosingpump.shop\/de\/#website\"},\"primaryImageOfPage\":{\"@id\":\"https:\/\/dosingpump.shop\/product\/qdos-renu-pompkop-qdos-60-santoprene-7-bar-100-psi\/#primaryimage\"},\"image\":{\"@id\":\"https:\/\/dosingpump.shop\/product\/qdos-renu-pompkop-qdos-60-santoprene-7-bar-100-psi\/#primaryimage\"},\"thumbnailUrl\":\"https:\/\/dosingpump.shop\/wp-content\/uploads\/2025\/10\/Pompkoppen-QDos-removebg-preview.png\",\"datePublished\":\"2025-10-03T11:54:25+00:00\",\"dateModified\":\"2026-03-10T22:21:37+00:00\",\"breadcrumb\":{\"@id\":\"https:\/\/dosingpump.shop\/product\/qdos-renu-pompkop-qdos-60-santoprene-7-bar-100-psi\/#breadcrumb\"},\"inLanguage\":\"it-IT\",\"potentialAction\":[{\"@type\":\"ReadAction\",\"target\":[\"https:\/\/dosingpump.shop\/product\/qdos-renu-pompkop-qdos-60-santoprene-7-bar-100-psi\/\"]}]},{\"@type\":\"ImageObject\",\"inLanguage\":\"it-IT\",\"@id\":\"https:\/\/dosingpump.shop\/product\/qdos-renu-pompkop-qdos-60-santoprene-7-bar-100-psi\/#primaryimage\",\"url\":\"https:\/\/dosingpump.shop\/wp-content\/uploads\/2025\/10\/Pompkoppen-QDos-removebg-preview.png\",\"contentUrl\":\"https:\/\/dosingpump.shop\/wp-content\/uploads\/2025\/10\/Pompkoppen-QDos-removebg-preview.png\",\"width\":500,\"height\":500},{\"@type\":\"BreadcrumbList\",\"@id\":\"https:\/\/dosingpump.shop\/product\/qdos-renu-pompkop-qdos-60-santoprene-7-bar-100-psi\/#breadcrumb\",\"itemListElement\":[{\"@type\":\"ListItem\",\"position\":1,\"name\":\"Home\",\"item\":\"https:\/\/dosingpump.shop\/\"},{\"@type\":\"ListItem\",\"position\":2,\"name\":\"Shop\",\"item\":\"https:\/\/dosingpump.shop\/de\/shop\/\"},{\"@type\":\"ListItem\",\"position\":3,\"name\":\"Qdos ReNu Pompkop Qdos 60 Santoprene (7 bar\/100 psi)\"}]},{\"@type\":\"WebSite\",\"@id\":\"https:\/\/dosingpump.shop\/de\/#website\",\"url\":\"https:\/\/dosingpump.shop\/de\/\",\"name\":\"Dosing Pump Shop B.V.\",\"description\":\"\",\"publisher\":{\"@id\":\"https:\/\/dosingpump.shop\/de\/#organization\"},\"potentialAction\":[{\"@type\":\"SearchAction\",\"target\":{\"@type\":\"EntryPoint\",\"urlTemplate\":\"https:\/\/dosingpump.shop\/de\/?s={search_term_string}\"},\"query-input\":{\"@type\":\"PropertyValueSpecification\",\"valueRequired\":true,\"valueName\":\"search_term_string\"}}],\"inLanguage\":\"it-IT\"},{\"@type\":\"Organization\",\"@id\":\"https:\/\/dosingpump.shop\/de\/#organization\",\"name\":\"Dosing Pump Shop B.V.\",\"url\":\"https:\/\/dosingpump.shop\/de\/\",\"logo\":{\"@type\":\"ImageObject\",\"inLanguage\":\"it-IT\",\"@id\":\"https:\/\/dosingpump.shop\/de\/#\/schema\/logo\/image\/\",\"url\":\"https:\/\/dosingpump.shop\/wp-content\/uploads\/2024\/10\/Dosing-Pump-Shop-logo.png\",\"contentUrl\":\"https:\/\/dosingpump.shop\/wp-content\/uploads\/2024\/10\/Dosing-Pump-Shop-logo.png\",\"width\":350,\"height\":45,\"caption\":\"Dosing Pump Shop B.V.\"},\"image\":{\"@id\":\"https:\/\/dosingpump.shop\/de\/#\/schema\/logo\/image\/\"},\"sameAs\":[\"https:\/\/linkedin.com\/company\/dosing-pump-shop\"]}]}<\/script>\n<meta property=\"product:price:currency\" content=\"EUR\" \/>\n<meta property=\"og:availability\" content=\"instock\" \/>\n<meta property=\"product:availability\" content=\"instock\" \/>\n<meta property=\"product:retailer_item_id\" content=\"0M3.3200.PFP\" \/>\n<meta property=\"product:condition\" content=\"new\" \/>\n<!-- \/ Yoast SEO plugin. -->","yoast_head_json":{"title":"Testa di pompaggio Qdos ReNu Qdos 60 Santoprene (7 bar\/100 psi) - Dosing Pump Shop B.V.","robots":{"index":"index","follow":"follow","max-snippet":"max-snippet:-1","max-image-preview":"max-image-preview:large","max-video-preview":"max-video-preview:-1"},"canonical":"https:\/\/dosingpump.shop\/it\/prodotto\/testa-della-pompa-qdos-renu-qdos-60-santoprene-7-bar-100-psi\/","og_locale":"it_IT","og_type":"article","og_title":"Qdos ReNu Pompkop Qdos 60 Santoprene (7 bar\/100 psi) - Dosing Pump Shop B.V.","og_description":"7 bar\/100 psi  Geschikt voor Qdos 60  Slang van Santoprene","og_url":"https:\/\/dosingpump.shop\/it\/prodotto\/testa-della-pompa-qdos-renu-qdos-60-santoprene-7-bar-100-psi\/","og_site_name":"Dosing Pump Shop B.V.","article_modified_time":"2026-03-10T22:21:37+00:00","og_image":[{"width":500,"height":500,"url":"https:\/\/dosingpump.shop\/wp-content\/uploads\/2025\/10\/Pompkoppen-QDos-removebg-preview.png","type":"image\/png"}],"twitter_card":"summary_large_image","twitter_misc":{"Prezzo":"","Disponibilit\u00e0":"In stock"},"schema":{"@context":"https:\/\/schema.org","@graph":[{"@type":"WebPage","@id":"https:\/\/dosingpump.shop\/product\/qdos-renu-pompkop-qdos-60-santoprene-7-bar-100-psi\/","url":"https:\/\/dosingpump.shop\/product\/qdos-renu-pompkop-qdos-60-santoprene-7-bar-100-psi\/","name":"Testa di pompaggio Qdos ReNu Qdos 60 Santoprene (7 bar\/100 psi) - Dosing Pump Shop B.V.","isPartOf":{"@id":"https:\/\/dosingpump.shop\/de\/#website"},"primaryImageOfPage":{"@id":"https:\/\/dosingpump.shop\/product\/qdos-renu-pompkop-qdos-60-santoprene-7-bar-100-psi\/#primaryimage"},"image":{"@id":"https:\/\/dosingpump.shop\/product\/qdos-renu-pompkop-qdos-60-santoprene-7-bar-100-psi\/#primaryimage"},"thumbnailUrl":"https:\/\/dosingpump.shop\/wp-content\/uploads\/2025\/10\/Pompkoppen-QDos-removebg-preview.png","datePublished":"2025-10-03T11:54:25+00:00","dateModified":"2026-03-10T22:21:37+00:00","breadcrumb":{"@id":"https:\/\/dosingpump.shop\/product\/qdos-renu-pompkop-qdos-60-santoprene-7-bar-100-psi\/#breadcrumb"},"inLanguage":"it-IT","potentialAction":[{"@type":"ReadAction","target":["https:\/\/dosingpump.shop\/product\/qdos-renu-pompkop-qdos-60-santoprene-7-bar-100-psi\/"]}]},{"@type":"ImageObject","inLanguage":"it-IT","@id":"https:\/\/dosingpump.shop\/product\/qdos-renu-pompkop-qdos-60-santoprene-7-bar-100-psi\/#primaryimage","url":"https:\/\/dosingpump.shop\/wp-content\/uploads\/2025\/10\/Pompkoppen-QDos-removebg-preview.png","contentUrl":"https:\/\/dosingpump.shop\/wp-content\/uploads\/2025\/10\/Pompkoppen-QDos-removebg-preview.png","width":500,"height":500},{"@type":"BreadcrumbList","@id":"https:\/\/dosingpump.shop\/product\/qdos-renu-pompkop-qdos-60-santoprene-7-bar-100-psi\/#breadcrumb","itemListElement":[{"@type":"ListItem","position":1,"name":"Home","item":"https:\/\/dosingpump.shop\/"},{"@type":"ListItem","position":2,"name":"Shop","item":"https:\/\/dosingpump.shop\/de\/shop\/"},{"@type":"ListItem","position":3,"name":"Qdos ReNu Pompkop Qdos 60 Santoprene (7 bar\/100 psi)"}]},{"@type":"WebSite","@id":"https:\/\/dosingpump.shop\/de\/#website","url":"https:\/\/dosingpump.shop\/de\/","name":"Dosing Pump Shop B.V.","description":"","publisher":{"@id":"https:\/\/dosingpump.shop\/de\/#organization"},"potentialAction":[{"@type":"SearchAction","target":{"@type":"EntryPoint","urlTemplate":"https:\/\/dosingpump.shop\/de\/?s={search_term_string}"},"query-input":{"@type":"PropertyValueSpecification","valueRequired":true,"valueName":"search_term_string"}}],"inLanguage":"it-IT"},{"@type":"Organization","@id":"https:\/\/dosingpump.shop\/de\/#organization","name":"Dosing Pump Shop B.V.","url":"https:\/\/dosingpump.shop\/de\/","logo":{"@type":"ImageObject","inLanguage":"it-IT","@id":"https:\/\/dosingpump.shop\/de\/#\/schema\/logo\/image\/","url":"https:\/\/dosingpump.shop\/wp-content\/uploads\/2024\/10\/Dosing-Pump-Shop-logo.png","contentUrl":"https:\/\/dosingpump.shop\/wp-content\/uploads\/2024\/10\/Dosing-Pump-Shop-logo.png","width":350,"height":45,"caption":"Dosing Pump Shop B.V."},"image":{"@id":"https:\/\/dosingpump.shop\/de\/#\/schema\/logo\/image\/"},"sameAs":["https:\/\/linkedin.com\/company\/dosing-pump-shop"]}]},"product_price_currency":"EUR","og_availability":"instock","product_availability":"instock","product_retailer_item_id":"0M3.3200.PFP","product_condition":"new"},"_links":{"self":[{"href":"https:\/\/dosingpump.shop\/it\/wp-json\/wp\/v2\/product\/8383","targetHints":{"allow":["GET"]}}],"collection":[{"href":"https:\/\/dosingpump.shop\/it\/wp-json\/wp\/v2\/product"}],"about":[{"href":"https:\/\/dosingpump.shop\/it\/wp-json\/wp\/v2\/types\/product"}],"wp:featuredmedia":[{"embeddable":true,"href":"https:\/\/dosingpump.shop\/it\/wp-json\/wp\/v2\/media\/8388"}],"wp:attachment":[{"href":"https:\/\/dosingpump.shop\/it\/wp-json\/wp\/v2\/media?parent=8383"}],"wp:term":[{"taxonomy":"product_brand","embeddable":true,"href":"https:\/\/dosingpump.shop\/it\/wp-json\/wp\/v2\/product_brand?post=8383"},{"taxonomy":"product_cat","embeddable":true,"href":"https:\/\/dosingpump.shop\/it\/wp-json\/wp\/v2\/product_cat?post=8383"},{"taxonomy":"product_tag","embeddable":true,"href":"https:\/\/dosingpump.shop\/it\/wp-json\/wp\/v2\/product_tag?post=8383"}],"curies":[{"name":"wp","href":"https:\/\/api.w.org\/{rel}","templated":true}]}}