{"id":3928,"date":"2024-12-05T12:21:33","date_gmt":"2024-12-05T12:21:33","guid":{"rendered":"https:\/\/dosingpump.shop\/product\/doseerinstallatie-kacl\/"},"modified":"2026-02-27T14:49:14","modified_gmt":"2026-02-27T12:49:14","slug":"dozavimo-irenginys-kacl","status":"publish","type":"product","link":"https:\/\/dosingpump.shop\/lt\/product\/doseerinstallatie-kacl\/","title":{"rendered":"KACL dozatorius"},"content":{"rendered":"<h2 style=\"font-size: 1.6em; margin-bottom: 20px;\">Sukomplektuotas dozavimo \u012frenginys KACL<\/h2>\n<p>Ie\u0161kote \"iki rakt\u0173\" dozavimo \u012frenginio saugiam chemini\u0173 med\u017eiag\u0173 dozavimui, tuomet tikrai verta apsvarstyti KACL dozavimo \u012frengin\u012f. 110 litr\u0173 talpos rezervuare yra automatinis mai\u0161ytuvas su elektriniu varikliu, \u012fsiurbimo lynas, ventiliacijos angos ir dozavimo siurblys.<\/p>\n<p>KACL dozavimo siurblyje \u012frengta automatin\u0117 ventiliacijos sistema, o d\u0117l reguliuojamo eigos t\u016brio j\u012f galima labai tiksliai nustatyti. Galimi \u012fvair\u016bs sl\u0117giai ir srautai.<\/p>\n<h3 style=\"font-size: 1.2em; margin-bottom: 20px;\">I\u0161 ko susideda KACL dozatorius?<\/h3>\n<ul style=\"list-style-type: disc; margin-left: 2rem;\">\n<li>110 litr\u0173 chemini\u0173 med\u017eiag\u0173 bakas su ventiliacijos sistema<\/li>\n<li>A MIXVN8 0,09 kW galios mai\u0161ykl\u0117<\/li>\n<li>LASP4 \u012fsiurbimo antgalis su pl\u016bdine sklende, kuri i\u0161jungia dozavimo siurbl\u012f, kai lygis \u017eemas.<\/li>\n<li>KACL dozavimo siurblys su reguliuojamu eigos t\u016briu<\/li>\n<\/ul>\n<h3 style=\"font-size: 1.2em; margin-bottom: 20px;\">Taip pat galima \u012fsigyti \u0161\u012f maitintuv\u0105:<\/h3>\n<ul style=\"list-style-type: disc; margin-left: 2rem;\">\n<li>KMSA MF dozavimo siurblys, valdomas 4-20 mA signalu<\/li>\n<li>Vandens skaitiklis su impuls\u0173 generatoriumi (i.c.w.) KMSA MF<\/li>\n<li>La\u0161\u0117jimo pad\u0117klas<\/li>\n<li>Chemini\u0173 med\u017eiag\u0173 bakas iki 1000 litr\u0173<\/li>\n<\/ul>","protected":false},"excerpt":{"rendered":"<h4>Sukomplektuotas dozavimo \u012frenginys KACL<\/h4>\n<p>Dozavimo \u012frenginys su dozavimo siurbliu ir automatine mai\u0161ykle.<\/p>\n<p>Tinka \u012fvairioms chemin\u0117ms med\u017eiagoms. Daugiau informacijos? Gaukite pasi\u016blym\u0105!<\/p>\n<p>Galima \u012fsigyti proporcing\u0105 dozavimo siurbl\u012f.<\/p>","protected":false},"featured_media":3927,"template":"","meta":[],"product_brand":[],"product_cat":[48,17,27,80],"product_tag":[],"class_list":{"0":"post-3928","1":"product","2":"type-product","3":"status-publish","4":"has-post-thumbnail","6":"product_cat-doseerinstallaties","7":"product_cat-doseerpompen","8":"product_cat-complete-oplossingen","9":"product_cat-doseerunits","11":"first","12":"instock","13":"taxable","14":"shipping-taxable","15":"purchasable","16":"product-type-simple"},"yoast_head":"<!-- This site is optimized with the Yoast SEO plugin v27.2 - https:\/\/yoast.com\/product\/yoast-seo-wordpress\/ -->\n<title>Doseerinstallatie KACL | Dosing Pump Shop B.V.<\/title>\n<meta name=\"description\" content=\"Complete doseerinstallatie met roerwerk, vat, doseerpomp en aanzuig lans. Deze complete doseerinstallatie is uit voorraad leverbaar.\" \/>\n<meta name=\"robots\" content=\"index, follow, max-snippet:-1, max-image-preview:large, max-video-preview:-1\" \/>\n<link rel=\"canonical\" href=\"https:\/\/dosingpump.shop\/lt\/produktas\/dozavimo-irenginys-kacl\/\" \/>\n<meta property=\"og:locale\" content=\"lt_LT\" \/>\n<meta property=\"og:type\" content=\"article\" \/>\n<meta property=\"og:title\" content=\"Doseerinstallatie KACL | Dosing Pump Shop B.V.\" \/>\n<meta property=\"og:description\" content=\"Complete doseerinstallatie met roerwerk, vat, doseerpomp en aanzuig lans. Deze complete doseerinstallatie is uit voorraad leverbaar.\" \/>\n<meta property=\"og:url\" content=\"https:\/\/dosingpump.shop\/lt\/produktas\/dozavimo-irenginys-kacl\/\" \/>\n<meta property=\"og:site_name\" content=\"Dosing Pump Shop B.V.\" \/>\n<meta property=\"article:modified_time\" content=\"2026-02-27T12:49:14+00:00\" \/>\n<meta property=\"og:image\" content=\"https:\/\/dosingpump.shop\/wp-content\/uploads\/2024\/12\/doseerinstallatie_kmsa-removebg-preview-1.webp\" \/>\n\t<meta property=\"og:image:width\" content=\"500\" \/>\n\t<meta property=\"og:image:height\" content=\"500\" \/>\n\t<meta property=\"og:image:type\" content=\"image\/webp\" \/>\n<meta name=\"twitter:card\" content=\"summary_large_image\" \/>\n<meta name=\"twitter:label1\" content=\"Price\" \/>\n\t<meta name=\"twitter:data1\" content=\"&euro;1.238,00\" \/>\n\t<meta name=\"twitter:label2\" content=\"Availability\" \/>\n\t<meta name=\"twitter:data2\" content=\"In stock\" \/>\n<script type=\"application\/ld+json\" class=\"yoast-schema-graph\">{\"@context\":\"https:\/\/schema.org\",\"@graph\":[{\"@type\":\"WebPage\",\"@id\":\"https:\/\/dosingpump.shop\/en\/product\/dosing-unit-kacl\/\",\"url\":\"https:\/\/dosingpump.shop\/en\/product\/dosing-unit-kacl\/\",\"name\":\"Doseerinstallatie KACL | Dosing Pump Shop B.V.\",\"isPartOf\":{\"@id\":\"https:\/\/dosingpump.shop\/de\/#website\"},\"primaryImageOfPage\":{\"@id\":\"https:\/\/dosingpump.shop\/en\/product\/dosing-unit-kacl\/#primaryimage\"},\"image\":{\"@id\":\"https:\/\/dosingpump.shop\/en\/product\/dosing-unit-kacl\/#primaryimage\"},\"thumbnailUrl\":\"https:\/\/dosingpump.shop\/wp-content\/uploads\/2024\/12\/doseerinstallatie_kmsa-removebg-preview-1.webp\",\"datePublished\":\"2024-12-05T12:21:33+00:00\",\"dateModified\":\"2026-02-27T12:49:14+00:00\",\"description\":\"Complete doseerinstallatie met roerwerk, vat, doseerpomp en aanzuig lans. Deze complete doseerinstallatie is uit voorraad leverbaar.\",\"breadcrumb\":{\"@id\":\"https:\/\/dosingpump.shop\/en\/product\/dosing-unit-kacl\/#breadcrumb\"},\"inLanguage\":\"lt-LT\",\"potentialAction\":[{\"@type\":\"ReadAction\",\"target\":[\"https:\/\/dosingpump.shop\/en\/product\/dosing-unit-kacl\/\"]}]},{\"@type\":\"ImageObject\",\"inLanguage\":\"lt-LT\",\"@id\":\"https:\/\/dosingpump.shop\/en\/product\/dosing-unit-kacl\/#primaryimage\",\"url\":\"https:\/\/dosingpump.shop\/wp-content\/uploads\/2024\/12\/doseerinstallatie_kmsa-removebg-preview-1.webp\",\"contentUrl\":\"https:\/\/dosingpump.shop\/wp-content\/uploads\/2024\/12\/doseerinstallatie_kmsa-removebg-preview-1.webp\",\"width\":500,\"height\":500},{\"@type\":\"BreadcrumbList\",\"@id\":\"https:\/\/dosingpump.shop\/en\/product\/dosing-unit-kacl\/#breadcrumb\",\"itemListElement\":[{\"@type\":\"ListItem\",\"position\":1,\"name\":\"Home\",\"item\":\"https:\/\/dosingpump.shop\/\"},{\"@type\":\"ListItem\",\"position\":2,\"name\":\"Shop\",\"item\":\"https:\/\/dosingpump.shop\/de\/shop\/\"},{\"@type\":\"ListItem\",\"position\":3,\"name\":\"Doseerinstallatie KACL\"}]},{\"@type\":\"WebSite\",\"@id\":\"https:\/\/dosingpump.shop\/de\/#website\",\"url\":\"https:\/\/dosingpump.shop\/de\/\",\"name\":\"Dosing Pump Shop B.V.\",\"description\":\"\",\"publisher\":{\"@id\":\"https:\/\/dosingpump.shop\/de\/#organization\"},\"potentialAction\":[{\"@type\":\"SearchAction\",\"target\":{\"@type\":\"EntryPoint\",\"urlTemplate\":\"https:\/\/dosingpump.shop\/de\/?s={search_term_string}\"},\"query-input\":{\"@type\":\"PropertyValueSpecification\",\"valueRequired\":true,\"valueName\":\"search_term_string\"}}],\"inLanguage\":\"lt-LT\"},{\"@type\":\"Organization\",\"@id\":\"https:\/\/dosingpump.shop\/de\/#organization\",\"name\":\"Dosing Pump Shop B.V.\",\"url\":\"https:\/\/dosingpump.shop\/de\/\",\"logo\":{\"@type\":\"ImageObject\",\"inLanguage\":\"lt-LT\",\"@id\":\"https:\/\/dosingpump.shop\/de\/#\/schema\/logo\/image\/\",\"url\":\"https:\/\/dosingpump.shop\/wp-content\/uploads\/2024\/10\/Dosing-Pump-Shop-logo.png\",\"contentUrl\":\"https:\/\/dosingpump.shop\/wp-content\/uploads\/2024\/10\/Dosing-Pump-Shop-logo.png\",\"width\":350,\"height\":45,\"caption\":\"Dosing Pump Shop B.V.\"},\"image\":{\"@id\":\"https:\/\/dosingpump.shop\/de\/#\/schema\/logo\/image\/\"},\"sameAs\":[\"https:\/\/linkedin.com\/company\/dosing-pump-shop\"]}]}<\/script>\n<meta property=\"product:price:amount\" content=\"1238.00\" \/>\n<meta property=\"product:price:currency\" content=\"EUR\" \/>\n<meta property=\"og:availability\" content=\"instock\" \/>\n<meta property=\"product:availability\" content=\"instock\" \/>\n<meta property=\"product:retailer_item_id\" content=\"Emec-DOS-KMSA\" \/>\n<meta property=\"product:condition\" content=\"new\" \/>\n<!-- \/ Yoast SEO plugin. -->","yoast_head_json":{"title":"Dozavimo \u012frenginys KACL | Dosing Pump Shop B.V.","description":"Sukomplektuotas dozavimo \u012frenginys su mai\u0161ykle, indu, dozavimo siurbliu ir \u012fsiurbimo lankais. \u0160\u012f sukomplektuot\u0105 dozavimo \u012frengin\u012f galima \u012fsigyti i\u0161 sand\u0117lio.","robots":{"index":"index","follow":"follow","max-snippet":"max-snippet:-1","max-image-preview":"max-image-preview:large","max-video-preview":"max-video-preview:-1"},"canonical":"https:\/\/dosingpump.shop\/lt\/produktas\/dozavimo-irenginys-kacl\/","og_locale":"lt_LT","og_type":"article","og_title":"Doseerinstallatie KACL | Dosing Pump Shop B.V.","og_description":"Complete doseerinstallatie met roerwerk, vat, doseerpomp en aanzuig lans. Deze complete doseerinstallatie is uit voorraad leverbaar.","og_url":"https:\/\/dosingpump.shop\/lt\/produktas\/dozavimo-irenginys-kacl\/","og_site_name":"Dosing Pump Shop B.V.","article_modified_time":"2026-02-27T12:49:14+00:00","og_image":[{"width":500,"height":500,"url":"https:\/\/dosingpump.shop\/wp-content\/uploads\/2024\/12\/doseerinstallatie_kmsa-removebg-preview-1.webp","type":"image\/webp"}],"twitter_card":"summary_large_image","twitter_misc":{"Price":"&euro;1.238,00","Availability":"In stock"},"schema":{"@context":"https:\/\/schema.org","@graph":[{"@type":"WebPage","@id":"https:\/\/dosingpump.shop\/en\/product\/dosing-unit-kacl\/","url":"https:\/\/dosingpump.shop\/en\/product\/dosing-unit-kacl\/","name":"Dozavimo \u012frenginys KACL | Dosing Pump Shop B.V.","isPartOf":{"@id":"https:\/\/dosingpump.shop\/de\/#website"},"primaryImageOfPage":{"@id":"https:\/\/dosingpump.shop\/en\/product\/dosing-unit-kacl\/#primaryimage"},"image":{"@id":"https:\/\/dosingpump.shop\/en\/product\/dosing-unit-kacl\/#primaryimage"},"thumbnailUrl":"https:\/\/dosingpump.shop\/wp-content\/uploads\/2024\/12\/doseerinstallatie_kmsa-removebg-preview-1.webp","datePublished":"2024-12-05T12:21:33+00:00","dateModified":"2026-02-27T12:49:14+00:00","description":"Sukomplektuotas dozavimo \u012frenginys su mai\u0161ykle, indu, dozavimo siurbliu ir \u012fsiurbimo lankais. \u0160\u012f sukomplektuot\u0105 dozavimo \u012frengin\u012f galima \u012fsigyti i\u0161 sand\u0117lio.","breadcrumb":{"@id":"https:\/\/dosingpump.shop\/en\/product\/dosing-unit-kacl\/#breadcrumb"},"inLanguage":"lt-LT","potentialAction":[{"@type":"ReadAction","target":["https:\/\/dosingpump.shop\/en\/product\/dosing-unit-kacl\/"]}]},{"@type":"ImageObject","inLanguage":"lt-LT","@id":"https:\/\/dosingpump.shop\/en\/product\/dosing-unit-kacl\/#primaryimage","url":"https:\/\/dosingpump.shop\/wp-content\/uploads\/2024\/12\/doseerinstallatie_kmsa-removebg-preview-1.webp","contentUrl":"https:\/\/dosingpump.shop\/wp-content\/uploads\/2024\/12\/doseerinstallatie_kmsa-removebg-preview-1.webp","width":500,"height":500},{"@type":"BreadcrumbList","@id":"https:\/\/dosingpump.shop\/en\/product\/dosing-unit-kacl\/#breadcrumb","itemListElement":[{"@type":"ListItem","position":1,"name":"Home","item":"https:\/\/dosingpump.shop\/"},{"@type":"ListItem","position":2,"name":"Shop","item":"https:\/\/dosingpump.shop\/de\/shop\/"},{"@type":"ListItem","position":3,"name":"Doseerinstallatie KACL"}]},{"@type":"WebSite","@id":"https:\/\/dosingpump.shop\/de\/#website","url":"https:\/\/dosingpump.shop\/de\/","name":"Dosing Pump Shop B.V.","description":"","publisher":{"@id":"https:\/\/dosingpump.shop\/de\/#organization"},"potentialAction":[{"@type":"SearchAction","target":{"@type":"EntryPoint","urlTemplate":"https:\/\/dosingpump.shop\/de\/?s={search_term_string}"},"query-input":{"@type":"PropertyValueSpecification","valueRequired":true,"valueName":"search_term_string"}}],"inLanguage":"lt-LT"},{"@type":"Organization","@id":"https:\/\/dosingpump.shop\/de\/#organization","name":"Dosing Pump Shop B.V.","url":"https:\/\/dosingpump.shop\/de\/","logo":{"@type":"ImageObject","inLanguage":"lt-LT","@id":"https:\/\/dosingpump.shop\/de\/#\/schema\/logo\/image\/","url":"https:\/\/dosingpump.shop\/wp-content\/uploads\/2024\/10\/Dosing-Pump-Shop-logo.png","contentUrl":"https:\/\/dosingpump.shop\/wp-content\/uploads\/2024\/10\/Dosing-Pump-Shop-logo.png","width":350,"height":45,"caption":"Dosing Pump Shop B.V."},"image":{"@id":"https:\/\/dosingpump.shop\/de\/#\/schema\/logo\/image\/"},"sameAs":["https:\/\/linkedin.com\/company\/dosing-pump-shop"]}]},"product_price_amount":"1238.00","product_price_currency":"EUR","og_availability":"instock","product_availability":"instock","product_retailer_item_id":"Emec-DOS-KMSA","product_condition":"new"},"_links":{"self":[{"href":"https:\/\/dosingpump.shop\/lt\/wp-json\/wp\/v2\/product\/3928","targetHints":{"allow":["GET"]}}],"collection":[{"href":"https:\/\/dosingpump.shop\/lt\/wp-json\/wp\/v2\/product"}],"about":[{"href":"https:\/\/dosingpump.shop\/lt\/wp-json\/wp\/v2\/types\/product"}],"wp:featuredmedia":[{"embeddable":true,"href":"https:\/\/dosingpump.shop\/lt\/wp-json\/wp\/v2\/media\/3927"}],"wp:attachment":[{"href":"https:\/\/dosingpump.shop\/lt\/wp-json\/wp\/v2\/media?parent=3928"}],"wp:term":[{"taxonomy":"product_brand","embeddable":true,"href":"https:\/\/dosingpump.shop\/lt\/wp-json\/wp\/v2\/product_brand?post=3928"},{"taxonomy":"product_cat","embeddable":true,"href":"https:\/\/dosingpump.shop\/lt\/wp-json\/wp\/v2\/product_cat?post=3928"},{"taxonomy":"product_tag","embeddable":true,"href":"https:\/\/dosingpump.shop\/lt\/wp-json\/wp\/v2\/product_tag?post=3928"}],"curies":[{"name":"wp","href":"https:\/\/api.w.org\/{rel}","templated":true}]}}