{"id":3930,"date":"2024-12-05T12:21:33","date_gmt":"2024-12-05T12:21:33","guid":{"rendered":"https:\/\/dosingpump.shop\/product\/doseerunit-vacl\/"},"modified":"2026-02-27T14:49:14","modified_gmt":"2026-02-27T12:49:14","slug":"dozatorius-vacl","status":"publish","type":"product","link":"https:\/\/dosingpump.shop\/lt\/product\/doseerunit-vacl\/","title":{"rendered":"VACL dozatorius"},"content":{"rendered":"<h2 style=\"font-size: 1.6em; margin-bottom: 20px;\">Pilnas VACL dozatorius, u\u017etikrinantis optimal\u0173 dozavimo patogum\u0105<\/h2>\n<p>Patirtis <strong>nesud\u0117tingas dozavimas<\/strong> su \u0161ia i\u0161baigta VACL dozavimo sistema! \u0160is <strong>\"plug-and-play\" dozatorius<\/strong> skirtas saugiai laikyti ir dozuoti chemines med\u017eiagas. Rankinis mai\u0161ytuvas (galima rinktis su varikliu) leid\u017eia lengvai mai\u0161yti skys\u010dius. VACL dozavimo siurblys su automatine ventiliacija u\u017etikrina universalum\u0105 u\u017e prieinam\u0105 kain\u0105, pavyzd\u017eiui, 10 bar\u0173 - 3,4 litro per valand\u0105, 15 bar\u0173 - 0,1 litro per valand\u0105 ir 3 bar\u0173 - 0,7 litro per valand\u0105 variantai. Reguliuojamas srautas valdomas per eigos da\u017en\u012f. D\u0117l alternatyvi\u0173 konfig\u016bracij\u0173 susisiekite su mumis arba papra\u0161ykite pateikti pasi\u016blym\u0105.<\/p>\n<p><strong>\u012e komplekt\u0105 \u012feina:<\/strong><\/p>\n<ul>\n<li>50 litr\u0173 chemini\u0173 med\u017eiag\u0173 bakas<\/li>\n<li>Rankinis mai\u0161ytuvas<\/li>\n<li>\u012esiurbimo antgalis su pl\u016bdine sistema automatiniam i\u0161sijungimui esant \u017eemam lygiui<\/li>\n<li>VACL dozavimo siurblys<\/li>\n<\/ul>\n<p><strong>\u0160iam dozavimo \u012frenginiui galima u\u017esakyti pasirinktinai:<\/strong><\/p>\n<ul>\n<li>VMSA MF dozavimo siurblys, valdomas 4-20 mA signalu<\/li>\n<li>Vandens skaitiklis su impuls\u0173 generatoriumi (kartu su VMSA MF)<\/li>\n<li>La\u0161\u0117jimo pad\u0117klas<\/li>\n<li>Chemini\u0173 med\u017eiag\u0173 bakas iki 1000 litr\u0173<\/li>\n<\/ul>\n<p>Patobulinkite dozavimo proces\u0105 naudodami universalias \u0161io VACL dozatoriaus galimybes. Susisiekite su mumis d\u0117l papildom\u0173 konfig\u016bracij\u0173 arba individualaus pasi\u016blymo.<\/p>","protected":false},"excerpt":{"rendered":"<h4>Visa matavimo sistema VACL<\/h4>\n<p>Dozavimo \u012frenginys su dozavimo siurbliu ir mai\u0161ytuvu.<\/p>\n<p>Tinka naudoti su \u012fvairiomis chemin\u0117mis med\u017eiagomis. Daugiau informacijos? Tiesiog susisiekite!<\/p>\n<p>&nbsp;<\/p>","protected":false},"featured_media":3929,"template":"","meta":[],"product_brand":[],"product_cat":[48,17,27,80],"product_tag":[],"class_list":{"0":"post-3930","1":"product","2":"type-product","3":"status-publish","4":"has-post-thumbnail","6":"product_cat-doseerinstallaties","7":"product_cat-doseerpompen","8":"product_cat-complete-oplossingen","9":"product_cat-doseerunits","11":"first","12":"instock","13":"taxable","14":"shipping-taxable","15":"purchasable","16":"product-type-simple"},"yoast_head":"<!-- This site is optimized with the Yoast SEO plugin v27.2 - https:\/\/yoast.com\/product\/yoast-seo-wordpress\/ -->\n<title>Doseerunit VACL | Dosing Pump Shop B.V.<\/title>\n<meta name=\"description\" content=\"Complete doseerunit met handmatig roerwerk, doseerpomp en aanzuiglans. Plug-and-Play. Perfect voor diverse chemicali\u00ebn. Andere combinaties mogelijk.\" \/>\n<meta name=\"robots\" content=\"index, follow, max-snippet:-1, max-image-preview:large, max-video-preview:-1\" \/>\n<link rel=\"canonical\" href=\"https:\/\/dosingpump.shop\/lt\/produktas\/dozatorius-vacl\/\" \/>\n<meta property=\"og:locale\" content=\"lt_LT\" \/>\n<meta property=\"og:type\" content=\"article\" \/>\n<meta property=\"og:title\" content=\"Doseerunit VACL | Dosing Pump Shop B.V.\" \/>\n<meta property=\"og:description\" content=\"Complete doseerunit met handmatig roerwerk, doseerpomp en aanzuiglans. Plug-and-Play. Perfect voor diverse chemicali\u00ebn. Andere combinaties mogelijk.\" \/>\n<meta property=\"og:url\" content=\"https:\/\/dosingpump.shop\/lt\/produktas\/dozatorius-vacl\/\" \/>\n<meta property=\"og:site_name\" content=\"Dosing Pump Shop B.V.\" \/>\n<meta property=\"article:modified_time\" content=\"2026-02-27T12:49:14+00:00\" \/>\n<meta property=\"og:image\" content=\"https:\/\/dosingpump.shop\/wp-content\/uploads\/2024\/12\/Emec-Doseerinstallatie-VACL.webp\" \/>\n\t<meta property=\"og:image:width\" content=\"500\" \/>\n\t<meta property=\"og:image:height\" content=\"500\" \/>\n\t<meta property=\"og:image:type\" content=\"image\/webp\" \/>\n<meta name=\"twitter:card\" content=\"summary_large_image\" \/>\n<meta name=\"twitter:label1\" content=\"Price\" \/>\n\t<meta name=\"twitter:data1\" content=\"&euro;771,00\" \/>\n\t<meta name=\"twitter:label2\" content=\"Availability\" \/>\n\t<meta name=\"twitter:data2\" content=\"In stock\" \/>\n<script type=\"application\/ld+json\" class=\"yoast-schema-graph\">{\"@context\":\"https:\/\/schema.org\",\"@graph\":[{\"@type\":\"WebPage\",\"@id\":\"https:\/\/dosingpump.shop\/se\/produkt\/proportionerare-vakuum\/\",\"url\":\"https:\/\/dosingpump.shop\/se\/produkt\/proportionerare-vakuum\/\",\"name\":\"Doseerunit VACL | Dosing Pump Shop B.V.\",\"isPartOf\":{\"@id\":\"https:\/\/dosingpump.shop\/de\/#website\"},\"primaryImageOfPage\":{\"@id\":\"https:\/\/dosingpump.shop\/se\/produkt\/proportionerare-vakuum\/#primaryimage\"},\"image\":{\"@id\":\"https:\/\/dosingpump.shop\/se\/produkt\/proportionerare-vakuum\/#primaryimage\"},\"thumbnailUrl\":\"https:\/\/dosingpump.shop\/wp-content\/uploads\/2024\/12\/Emec-Doseerinstallatie-VACL.webp\",\"datePublished\":\"2024-12-05T12:21:33+00:00\",\"dateModified\":\"2026-02-27T12:49:14+00:00\",\"description\":\"Complete doseerunit met handmatig roerwerk, doseerpomp en aanzuiglans. Plug-and-Play. Perfect voor diverse chemicali\u00ebn. Andere combinaties mogelijk.\",\"breadcrumb\":{\"@id\":\"https:\/\/dosingpump.shop\/se\/produkt\/proportionerare-vakuum\/#breadcrumb\"},\"inLanguage\":\"lt-LT\",\"potentialAction\":[{\"@type\":\"ReadAction\",\"target\":[\"https:\/\/dosingpump.shop\/se\/produkt\/proportionerare-vakuum\/\"]}]},{\"@type\":\"ImageObject\",\"inLanguage\":\"lt-LT\",\"@id\":\"https:\/\/dosingpump.shop\/se\/produkt\/proportionerare-vakuum\/#primaryimage\",\"url\":\"https:\/\/dosingpump.shop\/wp-content\/uploads\/2024\/12\/Emec-Doseerinstallatie-VACL.webp\",\"contentUrl\":\"https:\/\/dosingpump.shop\/wp-content\/uploads\/2024\/12\/Emec-Doseerinstallatie-VACL.webp\",\"width\":500,\"height\":500},{\"@type\":\"BreadcrumbList\",\"@id\":\"https:\/\/dosingpump.shop\/se\/produkt\/proportionerare-vakuum\/#breadcrumb\",\"itemListElement\":[{\"@type\":\"ListItem\",\"position\":1,\"name\":\"Home\",\"item\":\"https:\/\/dosingpump.shop\/\"},{\"@type\":\"ListItem\",\"position\":2,\"name\":\"Shop\",\"item\":\"https:\/\/dosingpump.shop\/de\/shop\/\"},{\"@type\":\"ListItem\",\"position\":3,\"name\":\"Doseerunit VACL\"}]},{\"@type\":\"WebSite\",\"@id\":\"https:\/\/dosingpump.shop\/de\/#website\",\"url\":\"https:\/\/dosingpump.shop\/de\/\",\"name\":\"Dosing Pump Shop B.V.\",\"description\":\"\",\"publisher\":{\"@id\":\"https:\/\/dosingpump.shop\/de\/#organization\"},\"potentialAction\":[{\"@type\":\"SearchAction\",\"target\":{\"@type\":\"EntryPoint\",\"urlTemplate\":\"https:\/\/dosingpump.shop\/de\/?s={search_term_string}\"},\"query-input\":{\"@type\":\"PropertyValueSpecification\",\"valueRequired\":true,\"valueName\":\"search_term_string\"}}],\"inLanguage\":\"lt-LT\"},{\"@type\":\"Organization\",\"@id\":\"https:\/\/dosingpump.shop\/de\/#organization\",\"name\":\"Dosing Pump Shop B.V.\",\"url\":\"https:\/\/dosingpump.shop\/de\/\",\"logo\":{\"@type\":\"ImageObject\",\"inLanguage\":\"lt-LT\",\"@id\":\"https:\/\/dosingpump.shop\/de\/#\/schema\/logo\/image\/\",\"url\":\"https:\/\/dosingpump.shop\/wp-content\/uploads\/2024\/10\/Dosing-Pump-Shop-logo.png\",\"contentUrl\":\"https:\/\/dosingpump.shop\/wp-content\/uploads\/2024\/10\/Dosing-Pump-Shop-logo.png\",\"width\":350,\"height\":45,\"caption\":\"Dosing Pump Shop B.V.\"},\"image\":{\"@id\":\"https:\/\/dosingpump.shop\/de\/#\/schema\/logo\/image\/\"},\"sameAs\":[\"https:\/\/linkedin.com\/company\/dosing-pump-shop\"]}]}<\/script>\n<meta property=\"product:price:amount\" content=\"771.00\" \/>\n<meta property=\"product:price:currency\" content=\"EUR\" \/>\n<meta property=\"og:availability\" content=\"instock\" \/>\n<meta property=\"product:availability\" content=\"instock\" \/>\n<meta property=\"product:retailer_item_id\" content=\"Emec-dos-VACL\" \/>\n<meta property=\"product:condition\" content=\"new\" \/>\n<!-- \/ Yoast SEO plugin. -->","yoast_head_json":{"title":"VACL dozatorius | Dosing Pump Shop B.V.","description":"Sukomplektuotas dozavimo \u012frenginys su rankine mai\u0161ykle, dozavimo siurbliu ir \u012fsiurbimo lankais. Prijunkite ir naudokite. Puikiai tinka \u012fvairioms chemin\u0117ms med\u017eiagoms. Galimi ir kiti deriniai.","robots":{"index":"index","follow":"follow","max-snippet":"max-snippet:-1","max-image-preview":"max-image-preview:large","max-video-preview":"max-video-preview:-1"},"canonical":"https:\/\/dosingpump.shop\/lt\/produktas\/dozatorius-vacl\/","og_locale":"lt_LT","og_type":"article","og_title":"Doseerunit VACL | Dosing Pump Shop B.V.","og_description":"Complete doseerunit met handmatig roerwerk, doseerpomp en aanzuiglans. Plug-and-Play. Perfect voor diverse chemicali\u00ebn. Andere combinaties mogelijk.","og_url":"https:\/\/dosingpump.shop\/lt\/produktas\/dozatorius-vacl\/","og_site_name":"Dosing Pump Shop B.V.","article_modified_time":"2026-02-27T12:49:14+00:00","og_image":[{"width":500,"height":500,"url":"https:\/\/dosingpump.shop\/wp-content\/uploads\/2024\/12\/Emec-Doseerinstallatie-VACL.webp","type":"image\/webp"}],"twitter_card":"summary_large_image","twitter_misc":{"Price":"&euro;771,00","Availability":"In stock"},"schema":{"@context":"https:\/\/schema.org","@graph":[{"@type":"WebPage","@id":"https:\/\/dosingpump.shop\/se\/produkt\/proportionerare-vakuum\/","url":"https:\/\/dosingpump.shop\/se\/produkt\/proportionerare-vakuum\/","name":"VACL dozatorius | Dosing Pump Shop B.V.","isPartOf":{"@id":"https:\/\/dosingpump.shop\/de\/#website"},"primaryImageOfPage":{"@id":"https:\/\/dosingpump.shop\/se\/produkt\/proportionerare-vakuum\/#primaryimage"},"image":{"@id":"https:\/\/dosingpump.shop\/se\/produkt\/proportionerare-vakuum\/#primaryimage"},"thumbnailUrl":"https:\/\/dosingpump.shop\/wp-content\/uploads\/2024\/12\/Emec-Doseerinstallatie-VACL.webp","datePublished":"2024-12-05T12:21:33+00:00","dateModified":"2026-02-27T12:49:14+00:00","description":"Sukomplektuotas dozavimo \u012frenginys su rankine mai\u0161ykle, dozavimo siurbliu ir \u012fsiurbimo lankais. Prijunkite ir naudokite. Puikiai tinka \u012fvairioms chemin\u0117ms med\u017eiagoms. Galimi ir kiti deriniai.","breadcrumb":{"@id":"https:\/\/dosingpump.shop\/se\/produkt\/proportionerare-vakuum\/#breadcrumb"},"inLanguage":"lt-LT","potentialAction":[{"@type":"ReadAction","target":["https:\/\/dosingpump.shop\/se\/produkt\/proportionerare-vakuum\/"]}]},{"@type":"ImageObject","inLanguage":"lt-LT","@id":"https:\/\/dosingpump.shop\/se\/produkt\/proportionerare-vakuum\/#primaryimage","url":"https:\/\/dosingpump.shop\/wp-content\/uploads\/2024\/12\/Emec-Doseerinstallatie-VACL.webp","contentUrl":"https:\/\/dosingpump.shop\/wp-content\/uploads\/2024\/12\/Emec-Doseerinstallatie-VACL.webp","width":500,"height":500},{"@type":"BreadcrumbList","@id":"https:\/\/dosingpump.shop\/se\/produkt\/proportionerare-vakuum\/#breadcrumb","itemListElement":[{"@type":"ListItem","position":1,"name":"Home","item":"https:\/\/dosingpump.shop\/"},{"@type":"ListItem","position":2,"name":"Shop","item":"https:\/\/dosingpump.shop\/de\/shop\/"},{"@type":"ListItem","position":3,"name":"Doseerunit VACL"}]},{"@type":"WebSite","@id":"https:\/\/dosingpump.shop\/de\/#website","url":"https:\/\/dosingpump.shop\/de\/","name":"Dosing Pump Shop B.V.","description":"","publisher":{"@id":"https:\/\/dosingpump.shop\/de\/#organization"},"potentialAction":[{"@type":"SearchAction","target":{"@type":"EntryPoint","urlTemplate":"https:\/\/dosingpump.shop\/de\/?s={search_term_string}"},"query-input":{"@type":"PropertyValueSpecification","valueRequired":true,"valueName":"search_term_string"}}],"inLanguage":"lt-LT"},{"@type":"Organization","@id":"https:\/\/dosingpump.shop\/de\/#organization","name":"Dosing Pump Shop B.V.","url":"https:\/\/dosingpump.shop\/de\/","logo":{"@type":"ImageObject","inLanguage":"lt-LT","@id":"https:\/\/dosingpump.shop\/de\/#\/schema\/logo\/image\/","url":"https:\/\/dosingpump.shop\/wp-content\/uploads\/2024\/10\/Dosing-Pump-Shop-logo.png","contentUrl":"https:\/\/dosingpump.shop\/wp-content\/uploads\/2024\/10\/Dosing-Pump-Shop-logo.png","width":350,"height":45,"caption":"Dosing Pump Shop B.V."},"image":{"@id":"https:\/\/dosingpump.shop\/de\/#\/schema\/logo\/image\/"},"sameAs":["https:\/\/linkedin.com\/company\/dosing-pump-shop"]}]},"product_price_amount":"771.00","product_price_currency":"EUR","og_availability":"instock","product_availability":"instock","product_retailer_item_id":"Emec-dos-VACL","product_condition":"new"},"_links":{"self":[{"href":"https:\/\/dosingpump.shop\/lt\/wp-json\/wp\/v2\/product\/3930","targetHints":{"allow":["GET"]}}],"collection":[{"href":"https:\/\/dosingpump.shop\/lt\/wp-json\/wp\/v2\/product"}],"about":[{"href":"https:\/\/dosingpump.shop\/lt\/wp-json\/wp\/v2\/types\/product"}],"wp:featuredmedia":[{"embeddable":true,"href":"https:\/\/dosingpump.shop\/lt\/wp-json\/wp\/v2\/media\/3929"}],"wp:attachment":[{"href":"https:\/\/dosingpump.shop\/lt\/wp-json\/wp\/v2\/media?parent=3930"}],"wp:term":[{"taxonomy":"product_brand","embeddable":true,"href":"https:\/\/dosingpump.shop\/lt\/wp-json\/wp\/v2\/product_brand?post=3930"},{"taxonomy":"product_cat","embeddable":true,"href":"https:\/\/dosingpump.shop\/lt\/wp-json\/wp\/v2\/product_cat?post=3930"},{"taxonomy":"product_tag","embeddable":true,"href":"https:\/\/dosingpump.shop\/lt\/wp-json\/wp\/v2\/product_tag?post=3930"}],"curies":[{"name":"wp","href":"https:\/\/api.w.org\/{rel}","templated":true}]}}