{"id":4017,"date":"2024-12-05T12:21:44","date_gmt":"2024-12-05T12:21:44","guid":{"rendered":"https:\/\/dosingpump.shop\/product\/geleidbaarheidssensor-eicd\/"},"modified":"2026-02-27T14:49:15","modified_gmt":"2026-02-27T12:49:15","slug":"laidumo-jutiklis-eicd","status":"publish","type":"product","link":"https:\/\/dosingpump.shop\/lt\/product\/geleidbaarheidssensor-eicd\/","title":{"rendered":"Laidumo jutiklis EICD"},"content":{"rendered":"<p><a>Apra\u0161ymas<\/a><br \/>\n<a>Versijos<\/a><br \/>\nApra\u0161ymas<\/p>\n<h2 style=\"margin-bottom: 20px;\"><span style=\"color: #000000;\">Laidumo jutiklis EIDC<\/span>?naudoti su (Emec) valdikliu<\/h2>\n<p>\u0160is g<span style=\"color: #000000;\">irektyvumo jutiklis?<\/span>matuoja tirpalo laidum\u0105. \u0160is jutiklis matuoja laidum\u0105 naudodamas ner\u016bdijan\u010diojo plieno elektrodus. Korpusas pagamintas i\u0161 ner\u016bdijan\u010diojo plieno, tod\u0117l j\u012f galima naudoti esant auk\u0161tai temperat\u016brai ir sl\u0117giui.<\/p>\n<p>\u017dinoma, mes taip pat tiekiame valdiklius, kurie veikia su \u0161iais jutikliais.<\/p>\n<p>Ie\u0161kote sistemos laidumui matuoti ir kontroliuoti? Mielai pad\u0117sime i\u0161sirinkti tinkam\u0105 gamin\u012f. Tiesiog susisiekite su mumis!<\/p>\n<h3 style=\"font-size: 1.2em; font-style: normal; margin-bottom: 20px;\">Funkcijos Laidumo jutiklis EIDC<\/h3>\n<ul style=\"margin-left: 2rem;\">\n<li style=\"font-family: Roboto, sans-serif; font-size: 15px; font-style: normal;\">Med\u017eiaga: 316L ner\u016bdijantis plienas su 316L ner\u016bdijan\u010dio plieno elektrodais<\/li>\n<li style=\"font-family: Roboto, sans-serif; font-size: 15px; font-style: normal;\">Galimas ilgesnis kabelis<\/li>\n<li>Kategorijos:?\u017er. ?Versijos?<\/li>\n<li style=\"font-family: Roboto, sans-serif; font-size: 15px; font-style: normal;\">Did\u017eiausias sl\u0117gis: \u017er. ?Versijos?<\/li>\n<li style=\"font-family: Roboto, sans-serif; font-size: 15px; font-style: normal;\">Maksimali temperat\u016bra:?\u017er. ?Versijos?<\/li>\n<li style=\"font-family: Roboto, sans-serif; font-size: 15px; font-style: normal;\">Ma\u017eiausias laidumas:??\u017er. ?Versijos?<\/li>\n<\/ul>\n<p>Versijos<\/p>\n<p>Toliau pateiktoje lentel\u0117je matote, kokios versijos yra prieinamos. Lentel\u0117je galite pasirinkti kai kurias i\u0161 j\u0173. Nerandate norimo laidumo jutiklio? Tada susisiekite su mumis.<\/p>\n<table>\n<tbody>\n<tr>\n<td><b>Modelis<\/b><\/td>\n<td><b>elektrodas<\/b><\/td>\n<td><b>diapazonas<\/b><\/td>\n<td><b>?bar<\/b><\/td>\n<td><b>temperat\u016bra (?C)<\/b><\/td>\n<td><b>temperat\u016bros jutiklis?<\/b><\/td>\n<td><b>kabelis (m)<\/b><\/td>\n<td><b>?body<\/b><\/td>\n<td><b>?<\/b><\/td>\n<\/tr>\n<tr>\n<td>EICDC\/1<\/td>\n<td>SS k1<\/td>\n<td>0-20 ms<\/td>\n<td>?0-15<\/td>\n<td>0-130<\/td>\n<td>NTC<\/td>\n<td>4<\/td>\n<td>AISI 316<\/td>\n<td><\/td>\n<\/tr>\n<tr>\n<td>EICDC\/001<\/td>\n<td>SS k0,01<\/td>\n<td>0-20 _S<\/td>\n<td>?0-15<\/td>\n<td>0-130<\/td>\n<td>NTC<\/td>\n<td>4<\/td>\n<td>AISI 316<\/td>\n<td><\/td>\n<\/tr>\n<tr>\n<td>EICDC\/01<\/td>\n<td>SS k0.1<\/td>\n<td>0-200 _S<\/td>\n<td>?0-15<\/td>\n<td>0-130<\/td>\n<td>NTC<\/td>\n<td>4<\/td>\n<td>AISI 316<\/td>\n<td><\/td>\n<\/tr>\n<tr>\n<td>EICDCPT\/001<\/td>\n<td>SS k0,01<\/td>\n<td>0-20 _S<\/td>\n<td>?0-15<\/td>\n<td>0-130<\/td>\n<td>PT100<\/td>\n<td>4<\/td>\n<td>AISI 316<\/td>\n<td><\/td>\n<\/tr>\n<tr>\n<td>EICDCPT\/1<\/td>\n<td>SS k1<\/td>\n<td>?0-20 mS<\/td>\n<td>?0-15<\/td>\n<td>0-130<\/td>\n<td>PT100<\/td>\n<td>4<\/td>\n<td>AISI 316<\/td>\n<td><\/td>\n<\/tr>\n<tr>\n<td>EICDCPT\/01<\/td>\n<td>SS k0.1<\/td>\n<td>?0-200 _S<\/td>\n<td>?0-15<\/td>\n<td>0-130<\/td>\n<td>PT100<\/td>\n<td>4<\/td>\n<td>AISI 316<\/td>\n<td><\/td>\n<\/tr>\n<tr>\n<td>EICDHPT\/1<\/td>\n<td>SS k1<\/td>\n<td>?0-20 mS<\/td>\n<td>?0-15<\/td>\n<td>0-200<\/td>\n<td>?PT100<\/td>\n<td>?4<\/td>\n<td>AISI 316<\/td>\n<td><\/td>\n<\/tr>\n<\/tbody>\n<\/table>","protected":false},"excerpt":{"rendered":"<p><span style=\"color: #000000;\">Laidumo jutiklis, skirtas naudoti su (Emec) valdikliu. Standarti\u0161kai tiekiamas su 4 m kabeliu.?<\/span><\/p>\n<p>Elektrodai: NER\u016aDIJANTIS PLIENAS.<\/p>\n<p>Korpusas: ner\u016bdijantis plienas.<\/p>\n<p>Diapazonas: 0-200 _S | 0-20 _S | 0-20 mS |.<\/p>\n<p>Maksimali temperat\u016bra: 200 ?C.<\/p>\n<p>Galimos \u012fvairios versijos.<\/p>\n<p>Modelis: EIDC\/1<\/p>","protected":false},"featured_media":4016,"template":"","meta":[],"product_brand":[],"product_cat":[85],"product_tag":[],"class_list":{"0":"post-4017","1":"product","2":"type-product","3":"status-publish","4":"has-post-thumbnail","6":"product_cat-assortiment","8":"first","9":"instock","10":"taxable","11":"shipping-taxable","12":"purchasable","13":"product-type-simple"},"yoast_head":"<!-- This site is optimized with the Yoast SEO plugin v27.2 - https:\/\/yoast.com\/product\/yoast-seo-wordpress\/ -->\n<title>Geleidbaarheidssensor EICD | Dosing Pump Shop B.V.<\/title>\n<meta name=\"description\" content=\"Hoogwaardige geleidbaarheidssensor met RVS behuizing. Deze geleidbaarheidssensor is uit voorraad leverbaar en verkrijgbaar in diverse uitvoeringen.\" \/>\n<meta name=\"robots\" content=\"index, follow, max-snippet:-1, max-image-preview:large, max-video-preview:-1\" \/>\n<link rel=\"canonical\" href=\"https:\/\/dosingpump.shop\/lt\/produktas\/laidumo-jutiklis-eicd\/\" \/>\n<meta property=\"og:locale\" content=\"lt_LT\" \/>\n<meta property=\"og:type\" content=\"article\" \/>\n<meta property=\"og:title\" content=\"Geleidbaarheidssensor EICD | Dosing Pump Shop B.V.\" \/>\n<meta property=\"og:description\" content=\"Hoogwaardige geleidbaarheidssensor met RVS behuizing. Deze geleidbaarheidssensor is uit voorraad leverbaar en verkrijgbaar in diverse uitvoeringen.\" \/>\n<meta property=\"og:url\" content=\"https:\/\/dosingpump.shop\/lt\/produktas\/laidumo-jutiklis-eicd\/\" \/>\n<meta property=\"og:site_name\" content=\"Dosing Pump Shop B.V.\" \/>\n<meta property=\"article:modified_time\" content=\"2026-02-27T12:49:15+00:00\" \/>\n<meta property=\"og:image\" content=\"https:\/\/dosingpump.shop\/wp-content\/uploads\/2024\/12\/Geleidbaarheidssensor-EICD.webp\" \/>\n\t<meta property=\"og:image:width\" content=\"481\" \/>\n\t<meta property=\"og:image:height\" content=\"518\" \/>\n\t<meta property=\"og:image:type\" content=\"image\/webp\" \/>\n<meta name=\"twitter:card\" content=\"summary_large_image\" \/>\n<meta name=\"twitter:label1\" content=\"Price\" \/>\n\t<meta name=\"twitter:data1\" content=\"&euro;247,00\" \/>\n\t<meta name=\"twitter:label2\" content=\"Availability\" \/>\n\t<meta name=\"twitter:data2\" content=\"In stock\" \/>\n<script type=\"application\/ld+json\" class=\"yoast-schema-graph\">{\"@context\":\"https:\/\/schema.org\",\"@graph\":[{\"@type\":\"WebPage\",\"@id\":\"https:\/\/dosingpump.shop\/se\/produkt\/konduktivitetssensor-eicd\/\",\"url\":\"https:\/\/dosingpump.shop\/se\/produkt\/konduktivitetssensor-eicd\/\",\"name\":\"Geleidbaarheidssensor EICD | Dosing Pump Shop B.V.\",\"isPartOf\":{\"@id\":\"https:\/\/dosingpump.shop\/de\/#website\"},\"primaryImageOfPage\":{\"@id\":\"https:\/\/dosingpump.shop\/se\/produkt\/konduktivitetssensor-eicd\/#primaryimage\"},\"image\":{\"@id\":\"https:\/\/dosingpump.shop\/se\/produkt\/konduktivitetssensor-eicd\/#primaryimage\"},\"thumbnailUrl\":\"https:\/\/dosingpump.shop\/wp-content\/uploads\/2024\/12\/Geleidbaarheidssensor-EICD.webp\",\"datePublished\":\"2024-12-05T12:21:44+00:00\",\"dateModified\":\"2026-02-27T12:49:15+00:00\",\"description\":\"Hoogwaardige geleidbaarheidssensor met RVS behuizing. Deze geleidbaarheidssensor is uit voorraad leverbaar en verkrijgbaar in diverse uitvoeringen.\",\"breadcrumb\":{\"@id\":\"https:\/\/dosingpump.shop\/se\/produkt\/konduktivitetssensor-eicd\/#breadcrumb\"},\"inLanguage\":\"lt-LT\",\"potentialAction\":[{\"@type\":\"ReadAction\",\"target\":[\"https:\/\/dosingpump.shop\/se\/produkt\/konduktivitetssensor-eicd\/\"]}]},{\"@type\":\"ImageObject\",\"inLanguage\":\"lt-LT\",\"@id\":\"https:\/\/dosingpump.shop\/se\/produkt\/konduktivitetssensor-eicd\/#primaryimage\",\"url\":\"https:\/\/dosingpump.shop\/wp-content\/uploads\/2024\/12\/Geleidbaarheidssensor-EICD.webp\",\"contentUrl\":\"https:\/\/dosingpump.shop\/wp-content\/uploads\/2024\/12\/Geleidbaarheidssensor-EICD.webp\",\"width\":481,\"height\":518},{\"@type\":\"BreadcrumbList\",\"@id\":\"https:\/\/dosingpump.shop\/se\/produkt\/konduktivitetssensor-eicd\/#breadcrumb\",\"itemListElement\":[{\"@type\":\"ListItem\",\"position\":1,\"name\":\"Home\",\"item\":\"https:\/\/dosingpump.shop\/\"},{\"@type\":\"ListItem\",\"position\":2,\"name\":\"Shop\",\"item\":\"https:\/\/dosingpump.shop\/de\/shop\/\"},{\"@type\":\"ListItem\",\"position\":3,\"name\":\"Geleidbaarheidssensor EICD\"}]},{\"@type\":\"WebSite\",\"@id\":\"https:\/\/dosingpump.shop\/de\/#website\",\"url\":\"https:\/\/dosingpump.shop\/de\/\",\"name\":\"Dosing Pump Shop B.V.\",\"description\":\"\",\"publisher\":{\"@id\":\"https:\/\/dosingpump.shop\/de\/#organization\"},\"potentialAction\":[{\"@type\":\"SearchAction\",\"target\":{\"@type\":\"EntryPoint\",\"urlTemplate\":\"https:\/\/dosingpump.shop\/de\/?s={search_term_string}\"},\"query-input\":{\"@type\":\"PropertyValueSpecification\",\"valueRequired\":true,\"valueName\":\"search_term_string\"}}],\"inLanguage\":\"lt-LT\"},{\"@type\":\"Organization\",\"@id\":\"https:\/\/dosingpump.shop\/de\/#organization\",\"name\":\"Dosing Pump Shop B.V.\",\"url\":\"https:\/\/dosingpump.shop\/de\/\",\"logo\":{\"@type\":\"ImageObject\",\"inLanguage\":\"lt-LT\",\"@id\":\"https:\/\/dosingpump.shop\/de\/#\/schema\/logo\/image\/\",\"url\":\"https:\/\/dosingpump.shop\/wp-content\/uploads\/2024\/10\/Dosing-Pump-Shop-logo.png\",\"contentUrl\":\"https:\/\/dosingpump.shop\/wp-content\/uploads\/2024\/10\/Dosing-Pump-Shop-logo.png\",\"width\":350,\"height\":45,\"caption\":\"Dosing Pump Shop B.V.\"},\"image\":{\"@id\":\"https:\/\/dosingpump.shop\/de\/#\/schema\/logo\/image\/\"},\"sameAs\":[\"https:\/\/linkedin.com\/company\/dosing-pump-shop\"]}]}<\/script>\n<meta property=\"product:price:amount\" content=\"247.00\" \/>\n<meta property=\"product:price:currency\" content=\"EUR\" \/>\n<meta property=\"og:availability\" content=\"instock\" \/>\n<meta property=\"product:availability\" content=\"instock\" \/>\n<meta property=\"product:retailer_item_id\" content=\"15110303-3-1\" \/>\n<meta property=\"product:condition\" content=\"new\" \/>\n<!-- \/ Yoast SEO plugin. -->","yoast_head_json":{"title":"Laidumo jutiklis EICD | Dosing Pump Shop B.V.","description":"Auk\u0161tos kokyb\u0117s laidumo jutiklis su ner\u016bdijan\u010dio plieno korpusu. \u0160\u012f laidumo jutikl\u012f galima \u012fsigyti i\u0161 sand\u0117lio ir \u012fvairi\u0173 versij\u0173.","robots":{"index":"index","follow":"follow","max-snippet":"max-snippet:-1","max-image-preview":"max-image-preview:large","max-video-preview":"max-video-preview:-1"},"canonical":"https:\/\/dosingpump.shop\/lt\/produktas\/laidumo-jutiklis-eicd\/","og_locale":"lt_LT","og_type":"article","og_title":"Geleidbaarheidssensor EICD | Dosing Pump Shop B.V.","og_description":"Hoogwaardige geleidbaarheidssensor met RVS behuizing. Deze geleidbaarheidssensor is uit voorraad leverbaar en verkrijgbaar in diverse uitvoeringen.","og_url":"https:\/\/dosingpump.shop\/lt\/produktas\/laidumo-jutiklis-eicd\/","og_site_name":"Dosing Pump Shop B.V.","article_modified_time":"2026-02-27T12:49:15+00:00","og_image":[{"width":481,"height":518,"url":"https:\/\/dosingpump.shop\/wp-content\/uploads\/2024\/12\/Geleidbaarheidssensor-EICD.webp","type":"image\/webp"}],"twitter_card":"summary_large_image","twitter_misc":{"Price":"&euro;247,00","Availability":"In stock"},"schema":{"@context":"https:\/\/schema.org","@graph":[{"@type":"WebPage","@id":"https:\/\/dosingpump.shop\/se\/produkt\/konduktivitetssensor-eicd\/","url":"https:\/\/dosingpump.shop\/se\/produkt\/konduktivitetssensor-eicd\/","name":"Laidumo jutiklis EICD | Dosing Pump Shop B.V.","isPartOf":{"@id":"https:\/\/dosingpump.shop\/de\/#website"},"primaryImageOfPage":{"@id":"https:\/\/dosingpump.shop\/se\/produkt\/konduktivitetssensor-eicd\/#primaryimage"},"image":{"@id":"https:\/\/dosingpump.shop\/se\/produkt\/konduktivitetssensor-eicd\/#primaryimage"},"thumbnailUrl":"https:\/\/dosingpump.shop\/wp-content\/uploads\/2024\/12\/Geleidbaarheidssensor-EICD.webp","datePublished":"2024-12-05T12:21:44+00:00","dateModified":"2026-02-27T12:49:15+00:00","description":"Auk\u0161tos kokyb\u0117s laidumo jutiklis su ner\u016bdijan\u010dio plieno korpusu. \u0160\u012f laidumo jutikl\u012f galima \u012fsigyti i\u0161 sand\u0117lio ir \u012fvairi\u0173 versij\u0173.","breadcrumb":{"@id":"https:\/\/dosingpump.shop\/se\/produkt\/konduktivitetssensor-eicd\/#breadcrumb"},"inLanguage":"lt-LT","potentialAction":[{"@type":"ReadAction","target":["https:\/\/dosingpump.shop\/se\/produkt\/konduktivitetssensor-eicd\/"]}]},{"@type":"ImageObject","inLanguage":"lt-LT","@id":"https:\/\/dosingpump.shop\/se\/produkt\/konduktivitetssensor-eicd\/#primaryimage","url":"https:\/\/dosingpump.shop\/wp-content\/uploads\/2024\/12\/Geleidbaarheidssensor-EICD.webp","contentUrl":"https:\/\/dosingpump.shop\/wp-content\/uploads\/2024\/12\/Geleidbaarheidssensor-EICD.webp","width":481,"height":518},{"@type":"BreadcrumbList","@id":"https:\/\/dosingpump.shop\/se\/produkt\/konduktivitetssensor-eicd\/#breadcrumb","itemListElement":[{"@type":"ListItem","position":1,"name":"Home","item":"https:\/\/dosingpump.shop\/"},{"@type":"ListItem","position":2,"name":"Shop","item":"https:\/\/dosingpump.shop\/de\/shop\/"},{"@type":"ListItem","position":3,"name":"Geleidbaarheidssensor EICD"}]},{"@type":"WebSite","@id":"https:\/\/dosingpump.shop\/de\/#website","url":"https:\/\/dosingpump.shop\/de\/","name":"Dosing Pump Shop B.V.","description":"","publisher":{"@id":"https:\/\/dosingpump.shop\/de\/#organization"},"potentialAction":[{"@type":"SearchAction","target":{"@type":"EntryPoint","urlTemplate":"https:\/\/dosingpump.shop\/de\/?s={search_term_string}"},"query-input":{"@type":"PropertyValueSpecification","valueRequired":true,"valueName":"search_term_string"}}],"inLanguage":"lt-LT"},{"@type":"Organization","@id":"https:\/\/dosingpump.shop\/de\/#organization","name":"Dosing Pump Shop B.V.","url":"https:\/\/dosingpump.shop\/de\/","logo":{"@type":"ImageObject","inLanguage":"lt-LT","@id":"https:\/\/dosingpump.shop\/de\/#\/schema\/logo\/image\/","url":"https:\/\/dosingpump.shop\/wp-content\/uploads\/2024\/10\/Dosing-Pump-Shop-logo.png","contentUrl":"https:\/\/dosingpump.shop\/wp-content\/uploads\/2024\/10\/Dosing-Pump-Shop-logo.png","width":350,"height":45,"caption":"Dosing Pump Shop B.V."},"image":{"@id":"https:\/\/dosingpump.shop\/de\/#\/schema\/logo\/image\/"},"sameAs":["https:\/\/linkedin.com\/company\/dosing-pump-shop"]}]},"product_price_amount":"247.00","product_price_currency":"EUR","og_availability":"instock","product_availability":"instock","product_retailer_item_id":"15110303-3-1","product_condition":"new"},"_links":{"self":[{"href":"https:\/\/dosingpump.shop\/lt\/wp-json\/wp\/v2\/product\/4017","targetHints":{"allow":["GET"]}}],"collection":[{"href":"https:\/\/dosingpump.shop\/lt\/wp-json\/wp\/v2\/product"}],"about":[{"href":"https:\/\/dosingpump.shop\/lt\/wp-json\/wp\/v2\/types\/product"}],"wp:featuredmedia":[{"embeddable":true,"href":"https:\/\/dosingpump.shop\/lt\/wp-json\/wp\/v2\/media\/4016"}],"wp:attachment":[{"href":"https:\/\/dosingpump.shop\/lt\/wp-json\/wp\/v2\/media?parent=4017"}],"wp:term":[{"taxonomy":"product_brand","embeddable":true,"href":"https:\/\/dosingpump.shop\/lt\/wp-json\/wp\/v2\/product_brand?post=4017"},{"taxonomy":"product_cat","embeddable":true,"href":"https:\/\/dosingpump.shop\/lt\/wp-json\/wp\/v2\/product_cat?post=4017"},{"taxonomy":"product_tag","embeddable":true,"href":"https:\/\/dosingpump.shop\/lt\/wp-json\/wp\/v2\/product_tag?post=4017"}],"curies":[{"name":"wp","href":"https:\/\/api.w.org\/{rel}","templated":true}]}}