{"id":4033,"date":"2024-12-05T12:21:46","date_gmt":"2024-12-05T12:21:46","guid":{"rendered":"https:\/\/dosingpump.shop\/product\/emec-doseerpomp-met-ph-regelaar\/"},"modified":"2026-02-27T14:49:16","modified_gmt":"2026-02-27T12:49:16","slug":"emec-dozavimo-siurblys-su-ph-valdikliu","status":"publish","type":"product","link":"https:\/\/dosingpump.shop\/lt\/product\/emec-doseerpomp-met-ph-regelaar\/","title":{"rendered":"\"Emec\" dozavimo siurblys su pH valdikliu"},"content":{"rendered":"<h3>\"Emec\" dozavimo siurblys su pH valdikliu<\/h3>\n<p>pH kontrol\u0117 naudojama daugeliu atvej\u0173. Basein\u0173 pasaulyje, taip pat sodininkyst\u0117je ir pramon\u0117je.<br \/>\n\u0160is komplektas - tai paprastas, bet veiksmingas proporcingas pH valdiklis. Pridedamas pH jutiklis su jutiklio laikikliu \u012fsukamas \u012f gr\u0119\u017eimo baln\u0105 arba tri\u0161ak\u012f ir leid\u017eia dozavimo siurblio \u012fmontuotam pH valdikliui matuoti skys\u010dio pH. Dozuojant r\u016bg\u0161t\u012f arba \u0161arm\u0105, pasiekiamas norimas pH.<\/p>\n<p>Visi\u0161ka PVDF konfig\u016bracija u\u017etikrina ilg\u0105 tarnavimo laik\u0105, net ir esant didesnei r\u016bg\u0161ties koncentracijai. VMS PO turi labai patogi\u0105 \u012fsiurbimo filtro pl\u016bd\u0117s funkcij\u0105. Ji i\u0161jungia siurbl\u012f, kai indas yra tu\u0161\u010dias, ir neleid\u017eia i\u0161tu\u0161t\u0117ti visam vamzdynui. \u0160\u012f pavojaus signal\u0105 taip pat galite i\u0161gauti i\u0161 i\u0161or\u0117s ir prie jo prijungti pavojaus signal\u0105.<\/p>\n<p>\"Emec VMS PO\" turi rankin\u012f nuleidim\u0105.<\/p>\n<p>\u0160i konfig\u016bracija tinka r\u016bg\u0161\u010diai. Ar norite padidinti pH b\u016btent su \u0161armu? \u017dinoma, galite. Jei taip, susisiekite su mumis!<\/p>\n<p>Versija: VMS PO 10-04 su pH jutikliu su 0,8 m kabeliu ir jutiklio laikikliu su 1\/2 sriegiu.<\/p>\n<p>Reikia daugiau informacijos arba citatos? Tuomet susisiekite su mumis!<\/p>\n<p>Funkcijos \"Emec\" dozavimo siurblys su ph valdikliu<br \/>\nDizainas ypa\u010d tinkamas montuoti ant sienos<br \/>\n\u012erengtas ai\u0161kus LCD ekranas<br \/>\nPilna PVDF konfig\u016bracija (siurblio galvut\u0117, \u012fpur\u0161kimo nipelis, siurbimo filtras ir i\u0161leidimo bei \u012fsiurbimo \u017earnos)<br \/>\nKomplektuojamas rinkinys (2 m sl\u0117gio ir siurbimo \u017earna, \u012fpur\u0161kimo vo\u017etuvas ir siurbimo filtras)<br \/>\nGalima \u012fsigyti tyli\u0105j\u0105 versij\u0105.<br \/>\nGalimas srautas ir sl\u0117gis<\/p>\n<p>\"Emec VMS PO\" versijos<\/p>\n<p>&nbsp;<\/p>\n<table>\n<tbody>\n<tr>\n<th><span style=\"font-weight: 400;\">Sl\u0117gis (bar)<\/span><\/th>\n<th><span style=\"font-weight: 400;\">Srautas (l\/val.)<\/span><\/th>\n<\/tr>\n<tr>\n<td>20<\/td>\n<td>01<\/td>\n<\/tr>\n<tr>\n<td>10<\/td>\n<td>04<\/td>\n<\/tr>\n<tr>\n<td>07<\/td>\n<td>06<\/td>\n<\/tr>\n<tr>\n<td>03<\/td>\n<td>10<\/td>\n<\/tr>\n<tr>\n<td>01<\/td>\n<td>16<\/td>\n<\/tr>\n<tr>\n<td><\/td>\n<td><\/td>\n<\/tr>\n<\/tbody>\n<\/table>\n<p>\u0160\u012f siurbl\u012f galima \u012fsigyti \u012fvairi\u0173 versij\u0173. Susisiekite su mumis!<\/p>","protected":false},"excerpt":{"rendered":"<p>Dozavimo siurblio, pH jutiklio ir jutiklio laikiklio komplektas.<\/p>\n<p>Automati\u0161kai reguliuoja, pavyzd\u017eiui, baseino ar baseino pH.<\/p>\n<p>Taip pat reguliariai naudojamas sodininkyst\u0117je.<\/p>\n<p>Versija: VMS PO su pH jutikliu su 0,8 m kabeliu ir 1\/2\u2033 jutiklio laikikliu. Tinka r\u016bg\u0161tims.<\/p>\n<p>Reikia kitos versijos? Papra\u0161ykite pasi\u016blymo!<\/p>","protected":false},"featured_media":4032,"template":"","meta":[],"product_brand":[],"product_cat":[17],"product_tag":[],"class_list":{"0":"post-4033","1":"product","2":"type-product","3":"status-publish","4":"has-post-thumbnail","6":"product_cat-doseerpompen","8":"first","9":"instock","10":"taxable","11":"shipping-taxable","12":"purchasable","13":"product-type-simple"},"yoast_head":"<!-- This site is optimized with the Yoast SEO plugin v27.2 - https:\/\/yoast.com\/product\/yoast-seo-wordpress\/ -->\n<title>Emec doseerpomp met pH regelaar | Dosing Pump Shop B.V.<\/title>\n<meta name=\"description\" content=\"Complete set van Emec doseerpomp met pH regelaar voor het automatisch regelen van de pH van een volumestroom. _ ruime voorraad _ goed advies.\" \/>\n<meta name=\"robots\" content=\"index, follow, max-snippet:-1, max-image-preview:large, max-video-preview:-1\" \/>\n<link rel=\"canonical\" href=\"https:\/\/dosingpump.shop\/lt\/produktas\/emec-dozavimo-siurblys-su-ph-valdikliu\/\" \/>\n<meta property=\"og:locale\" content=\"lt_LT\" \/>\n<meta property=\"og:type\" content=\"article\" \/>\n<meta property=\"og:title\" content=\"Emec doseerpomp met pH regelaar | Dosing Pump Shop B.V.\" \/>\n<meta property=\"og:description\" content=\"Complete set van Emec doseerpomp met pH regelaar voor het automatisch regelen van de pH van een volumestroom. _ ruime voorraad _ goed advies.\" \/>\n<meta property=\"og:url\" content=\"https:\/\/dosingpump.shop\/lt\/produktas\/emec-dozavimo-siurblys-su-ph-valdikliu\/\" \/>\n<meta property=\"og:site_name\" content=\"Dosing Pump Shop B.V.\" \/>\n<meta property=\"article:modified_time\" content=\"2026-02-27T12:49:16+00:00\" \/>\n<meta property=\"og:image\" content=\"https:\/\/dosingpump.shop\/wp-content\/uploads\/2024\/12\/Doseerpomp-met-ph-regelaar.webp\" \/>\n\t<meta property=\"og:image:width\" content=\"316\" \/>\n\t<meta property=\"og:image:height\" content=\"368\" \/>\n\t<meta property=\"og:image:type\" content=\"image\/webp\" \/>\n<meta name=\"twitter:card\" content=\"summary_large_image\" \/>\n<meta name=\"twitter:label1\" content=\"Price\" \/>\n\t<meta name=\"twitter:data1\" content=\"&euro;730,00\" \/>\n\t<meta name=\"twitter:label2\" content=\"Availability\" \/>\n\t<meta name=\"twitter:data2\" content=\"In stock\" \/>\n<script type=\"application\/ld+json\" class=\"yoast-schema-graph\">{\"@context\":\"https:\/\/schema.org\",\"@graph\":[{\"@type\":\"WebPage\",\"@id\":\"https:\/\/dosingpump.shop\/de\/produkt\/emec-dosierpumpe-mit-ph-regler\/\",\"url\":\"https:\/\/dosingpump.shop\/de\/produkt\/emec-dosierpumpe-mit-ph-regler\/\",\"name\":\"Emec doseerpomp met pH regelaar | Dosing Pump Shop B.V.\",\"isPartOf\":{\"@id\":\"https:\/\/dosingpump.shop\/de\/#website\"},\"primaryImageOfPage\":{\"@id\":\"https:\/\/dosingpump.shop\/de\/produkt\/emec-dosierpumpe-mit-ph-regler\/#primaryimage\"},\"image\":{\"@id\":\"https:\/\/dosingpump.shop\/de\/produkt\/emec-dosierpumpe-mit-ph-regler\/#primaryimage\"},\"thumbnailUrl\":\"https:\/\/dosingpump.shop\/wp-content\/uploads\/2024\/12\/Doseerpomp-met-ph-regelaar.webp\",\"datePublished\":\"2024-12-05T12:21:46+00:00\",\"dateModified\":\"2026-02-27T12:49:16+00:00\",\"description\":\"Complete set van Emec doseerpomp met pH regelaar voor het automatisch regelen van de pH van een volumestroom. _ ruime voorraad _ goed advies.\",\"breadcrumb\":{\"@id\":\"https:\/\/dosingpump.shop\/de\/produkt\/emec-dosierpumpe-mit-ph-regler\/#breadcrumb\"},\"inLanguage\":\"lt-LT\",\"potentialAction\":[{\"@type\":\"ReadAction\",\"target\":[\"https:\/\/dosingpump.shop\/de\/produkt\/emec-dosierpumpe-mit-ph-regler\/\"]}]},{\"@type\":\"ImageObject\",\"inLanguage\":\"lt-LT\",\"@id\":\"https:\/\/dosingpump.shop\/de\/produkt\/emec-dosierpumpe-mit-ph-regler\/#primaryimage\",\"url\":\"https:\/\/dosingpump.shop\/wp-content\/uploads\/2024\/12\/Doseerpomp-met-ph-regelaar.webp\",\"contentUrl\":\"https:\/\/dosingpump.shop\/wp-content\/uploads\/2024\/12\/Doseerpomp-met-ph-regelaar.webp\",\"width\":316,\"height\":368},{\"@type\":\"BreadcrumbList\",\"@id\":\"https:\/\/dosingpump.shop\/de\/produkt\/emec-dosierpumpe-mit-ph-regler\/#breadcrumb\",\"itemListElement\":[{\"@type\":\"ListItem\",\"position\":1,\"name\":\"Home\",\"item\":\"https:\/\/dosingpump.shop\/\"},{\"@type\":\"ListItem\",\"position\":2,\"name\":\"Shop\",\"item\":\"https:\/\/dosingpump.shop\/de\/shop\/\"},{\"@type\":\"ListItem\",\"position\":3,\"name\":\"Emec doseerpomp met pH regelaar\"}]},{\"@type\":\"WebSite\",\"@id\":\"https:\/\/dosingpump.shop\/de\/#website\",\"url\":\"https:\/\/dosingpump.shop\/de\/\",\"name\":\"Dosing Pump Shop B.V.\",\"description\":\"\",\"publisher\":{\"@id\":\"https:\/\/dosingpump.shop\/de\/#organization\"},\"potentialAction\":[{\"@type\":\"SearchAction\",\"target\":{\"@type\":\"EntryPoint\",\"urlTemplate\":\"https:\/\/dosingpump.shop\/de\/?s={search_term_string}\"},\"query-input\":{\"@type\":\"PropertyValueSpecification\",\"valueRequired\":true,\"valueName\":\"search_term_string\"}}],\"inLanguage\":\"lt-LT\"},{\"@type\":\"Organization\",\"@id\":\"https:\/\/dosingpump.shop\/de\/#organization\",\"name\":\"Dosing Pump Shop B.V.\",\"url\":\"https:\/\/dosingpump.shop\/de\/\",\"logo\":{\"@type\":\"ImageObject\",\"inLanguage\":\"lt-LT\",\"@id\":\"https:\/\/dosingpump.shop\/de\/#\/schema\/logo\/image\/\",\"url\":\"https:\/\/dosingpump.shop\/wp-content\/uploads\/2024\/10\/Dosing-Pump-Shop-logo.png\",\"contentUrl\":\"https:\/\/dosingpump.shop\/wp-content\/uploads\/2024\/10\/Dosing-Pump-Shop-logo.png\",\"width\":350,\"height\":45,\"caption\":\"Dosing Pump Shop B.V.\"},\"image\":{\"@id\":\"https:\/\/dosingpump.shop\/de\/#\/schema\/logo\/image\/\"},\"sameAs\":[\"https:\/\/linkedin.com\/company\/dosing-pump-shop\"]}]}<\/script>\n<meta property=\"product:price:amount\" content=\"730.00\" \/>\n<meta property=\"product:price:currency\" content=\"EUR\" \/>\n<meta property=\"og:availability\" content=\"instock\" \/>\n<meta property=\"product:availability\" content=\"instock\" \/>\n<meta property=\"product:condition\" content=\"new\" \/>\n<!-- \/ Yoast SEO plugin. -->","yoast_head_json":{"title":"\"Emec\" dozavimo siurblys su pH valdikliu | Dosing Pump Shop B.V.","description":"\"Emec\" dozavimo siurblio komplektas su pH valdikliu, skirtas automatiniam t\u016brinio srauto pH reguliavimui. _ didel\u0117s atsargos _ geras patarimas.","robots":{"index":"index","follow":"follow","max-snippet":"max-snippet:-1","max-image-preview":"max-image-preview:large","max-video-preview":"max-video-preview:-1"},"canonical":"https:\/\/dosingpump.shop\/lt\/produktas\/emec-dozavimo-siurblys-su-ph-valdikliu\/","og_locale":"lt_LT","og_type":"article","og_title":"Emec doseerpomp met pH regelaar | Dosing Pump Shop B.V.","og_description":"Complete set van Emec doseerpomp met pH regelaar voor het automatisch regelen van de pH van een volumestroom. _ ruime voorraad _ goed advies.","og_url":"https:\/\/dosingpump.shop\/lt\/produktas\/emec-dozavimo-siurblys-su-ph-valdikliu\/","og_site_name":"Dosing Pump Shop B.V.","article_modified_time":"2026-02-27T12:49:16+00:00","og_image":[{"width":316,"height":368,"url":"https:\/\/dosingpump.shop\/wp-content\/uploads\/2024\/12\/Doseerpomp-met-ph-regelaar.webp","type":"image\/webp"}],"twitter_card":"summary_large_image","twitter_misc":{"Price":"&euro;730,00","Availability":"In stock"},"schema":{"@context":"https:\/\/schema.org","@graph":[{"@type":"WebPage","@id":"https:\/\/dosingpump.shop\/de\/produkt\/emec-dosierpumpe-mit-ph-regler\/","url":"https:\/\/dosingpump.shop\/de\/produkt\/emec-dosierpumpe-mit-ph-regler\/","name":"\"Emec\" dozavimo siurblys su pH valdikliu | Dosing Pump Shop B.V.","isPartOf":{"@id":"https:\/\/dosingpump.shop\/de\/#website"},"primaryImageOfPage":{"@id":"https:\/\/dosingpump.shop\/de\/produkt\/emec-dosierpumpe-mit-ph-regler\/#primaryimage"},"image":{"@id":"https:\/\/dosingpump.shop\/de\/produkt\/emec-dosierpumpe-mit-ph-regler\/#primaryimage"},"thumbnailUrl":"https:\/\/dosingpump.shop\/wp-content\/uploads\/2024\/12\/Doseerpomp-met-ph-regelaar.webp","datePublished":"2024-12-05T12:21:46+00:00","dateModified":"2026-02-27T12:49:16+00:00","description":"\"Emec\" dozavimo siurblio komplektas su pH valdikliu, skirtas automatiniam t\u016brinio srauto pH reguliavimui. _ didel\u0117s atsargos _ geras patarimas.","breadcrumb":{"@id":"https:\/\/dosingpump.shop\/de\/produkt\/emec-dosierpumpe-mit-ph-regler\/#breadcrumb"},"inLanguage":"lt-LT","potentialAction":[{"@type":"ReadAction","target":["https:\/\/dosingpump.shop\/de\/produkt\/emec-dosierpumpe-mit-ph-regler\/"]}]},{"@type":"ImageObject","inLanguage":"lt-LT","@id":"https:\/\/dosingpump.shop\/de\/produkt\/emec-dosierpumpe-mit-ph-regler\/#primaryimage","url":"https:\/\/dosingpump.shop\/wp-content\/uploads\/2024\/12\/Doseerpomp-met-ph-regelaar.webp","contentUrl":"https:\/\/dosingpump.shop\/wp-content\/uploads\/2024\/12\/Doseerpomp-met-ph-regelaar.webp","width":316,"height":368},{"@type":"BreadcrumbList","@id":"https:\/\/dosingpump.shop\/de\/produkt\/emec-dosierpumpe-mit-ph-regler\/#breadcrumb","itemListElement":[{"@type":"ListItem","position":1,"name":"Home","item":"https:\/\/dosingpump.shop\/"},{"@type":"ListItem","position":2,"name":"Shop","item":"https:\/\/dosingpump.shop\/de\/shop\/"},{"@type":"ListItem","position":3,"name":"Emec doseerpomp met pH regelaar"}]},{"@type":"WebSite","@id":"https:\/\/dosingpump.shop\/de\/#website","url":"https:\/\/dosingpump.shop\/de\/","name":"Dosing Pump Shop B.V.","description":"","publisher":{"@id":"https:\/\/dosingpump.shop\/de\/#organization"},"potentialAction":[{"@type":"SearchAction","target":{"@type":"EntryPoint","urlTemplate":"https:\/\/dosingpump.shop\/de\/?s={search_term_string}"},"query-input":{"@type":"PropertyValueSpecification","valueRequired":true,"valueName":"search_term_string"}}],"inLanguage":"lt-LT"},{"@type":"Organization","@id":"https:\/\/dosingpump.shop\/de\/#organization","name":"Dosing Pump Shop B.V.","url":"https:\/\/dosingpump.shop\/de\/","logo":{"@type":"ImageObject","inLanguage":"lt-LT","@id":"https:\/\/dosingpump.shop\/de\/#\/schema\/logo\/image\/","url":"https:\/\/dosingpump.shop\/wp-content\/uploads\/2024\/10\/Dosing-Pump-Shop-logo.png","contentUrl":"https:\/\/dosingpump.shop\/wp-content\/uploads\/2024\/10\/Dosing-Pump-Shop-logo.png","width":350,"height":45,"caption":"Dosing Pump Shop B.V."},"image":{"@id":"https:\/\/dosingpump.shop\/de\/#\/schema\/logo\/image\/"},"sameAs":["https:\/\/linkedin.com\/company\/dosing-pump-shop"]}]},"product_price_amount":"730.00","product_price_currency":"EUR","og_availability":"instock","product_availability":"instock","product_condition":"new"},"_links":{"self":[{"href":"https:\/\/dosingpump.shop\/lt\/wp-json\/wp\/v2\/product\/4033","targetHints":{"allow":["GET"]}}],"collection":[{"href":"https:\/\/dosingpump.shop\/lt\/wp-json\/wp\/v2\/product"}],"about":[{"href":"https:\/\/dosingpump.shop\/lt\/wp-json\/wp\/v2\/types\/product"}],"wp:featuredmedia":[{"embeddable":true,"href":"https:\/\/dosingpump.shop\/lt\/wp-json\/wp\/v2\/media\/4032"}],"wp:attachment":[{"href":"https:\/\/dosingpump.shop\/lt\/wp-json\/wp\/v2\/media?parent=4033"}],"wp:term":[{"taxonomy":"product_brand","embeddable":true,"href":"https:\/\/dosingpump.shop\/lt\/wp-json\/wp\/v2\/product_brand?post=4033"},{"taxonomy":"product_cat","embeddable":true,"href":"https:\/\/dosingpump.shop\/lt\/wp-json\/wp\/v2\/product_cat?post=4033"},{"taxonomy":"product_tag","embeddable":true,"href":"https:\/\/dosingpump.shop\/lt\/wp-json\/wp\/v2\/product_tag?post=4033"}],"curies":[{"name":"wp","href":"https:\/\/api.w.org\/{rel}","templated":true}]}}