{"id":4069,"date":"2024-12-05T12:21:49","date_gmt":"2024-12-05T12:21:49","guid":{"rendered":"https:\/\/dosingpump.shop\/product\/vrij-chloor-doseersysteem-voor-zwembaden\/"},"modified":"2026-02-27T14:49:17","modified_gmt":"2026-02-27T12:49:17","slug":"laisvojo-chloro-dozavimo-sistema-baseinams","status":"publish","type":"product","link":"https:\/\/dosingpump.shop\/lt\/product\/vrij-chloor-doseersysteem-voor-zwembaden\/","title":{"rendered":"Nemokama chloro dozavimo sistema baseinams"},"content":{"rendered":"<p>EMEC WDPHCL laisvojo chloro dozavimo sistema yra pa\u017eangus sprendimas, skirtas automati\u0161kai matuoti ir reguliuoti laisvojo chloro ir pH lyg\u012f plaukimo vandenyje. \u0160is paketas idealiai tinka \u012fvairioms reikm\u0117ms - nuo priva\u010di\u0173 basein\u0173 iki vie\u0161\u0173j\u0173 plaukimo \u012fstaig\u0173 ir SPA centr\u0173. Taip visada u\u017etikrinsite optimali\u0105 vandens kokyb\u0119 ir saugum\u0105.<\/p>\n<p>&nbsp;<\/p>\n<h3>Galingas \"Emec WDPHCL\" dozavimo siurblys<\/h3>\n<p>\u0160ios sistemos pagrindas - \"Emec\" WDPHCL dozavimo siurblys. \u0160is siurblys gars\u0117ja patikimumu ir auk\u0161ta kokybe. Jo patvari konstrukcija apima vis\u0105 PTFE diafragm\u0105 ir Vitono sandarinimo \u017eiedus. Be to, siurblio galvut\u0117s pagamintos i\u0161 tvirto PVDF.<\/p>\n<p>Siurblys suprojektuotas taip, kad j\u012f b\u016bt\u0173 lengva naudoti. Montuojant ant sienos, \u012frengti paprasta. Standartin\u0117je komplektacijoje yra visos reikalingos jungiamosios med\u017eiagos, pavyzd\u017eiui, siurbimo filtrai, 1\/2\u2033 \u012fpur\u0161kimo vo\u017etuvai ir 4x6 mm \u017earnos. Naujovi\u0161ka kalibravimo sistema u\u017etikrina tikslius matavimus. Taip pat pasirinktinai galima \u012fsigyti srauto jutikl\u012f. \"Emec\" suteikia didel\u0119 5 met\u0173 garantij\u0105 \"sausai daliai\", \u012fskaitant membran\u0105.<\/p>\n<p>&nbsp;<\/p>\n<h3>\"Accurate Emec ECL6\" laisvojo chloro elektrodas<\/h3>\n<p>\"Emec ECL6\" laisvojo chloro elektrodas yra esminis \u0161ios dozavimo sistemos komponentas. Tai atviras amperometrinis elementas, kuris labai tiksliai matuoja laisv\u0105j\u012f chlor\u0105. Jutiklis veikia esant did\u017eiausiam 5 bar\u0173 sl\u0117giui. Be to, jutikliui reikia 40 litr\u0173 per valand\u0105 srauto.<\/p>\n<p>Laisvojo chloro matavimo intervalas yra 0-10 mg\/l (0-10 ppm). Darbin\u0117 temperat\u016bra svyruoja nuo 5 iki 40 \u00b0C. Jutiklis optimaliai veikia 6-8 pH intervale. Kartu \u0161ie komponentai sudaro veiksming\u0105 ir patikim\u0105 sistem\u0105, u\u017etikrinan\u010di\u0105 sveik\u0105 maudykl\u0173 vandens aplink\u0105.<\/p>","protected":false},"excerpt":{"rendered":"<ul>\n<li>Saugus ir \u0161varus maudymosi vanduo, atitinkantis atitinkamus saugos reikalavimus<\/li>\n<li>Automatinis reguliavimas pagal laisv\u0105j\u012f chlor\u0105 ir pH<\/li>\n<li>Taip pat galimi \u017earniniai siurbliai<\/li>\n<li>Nuotolinis valdymas per 3G, \"Wifi\" ir Ethernet (ERMES serveris) (papildoma galimyb\u0117)<\/li>\n<li>\u012eskai\u010diuotas \"Emec WDPHCL\" dozavimo siurblys su PVDF siurblio galvute<\/li>\n<li>\u012etrauktas laisvojo chloro jutiklis (Emec ECL6)<\/li>\n<li>5 met\u0173 garantija (i\u0161skyrus dr\u0117gnas dalis)<\/li>\n<\/ul>","protected":false},"featured_media":4038,"template":"","meta":[],"product_brand":[],"product_cat":[85],"product_tag":[],"class_list":{"0":"post-4069","1":"product","2":"type-product","3":"status-publish","4":"has-post-thumbnail","6":"product_cat-assortiment","8":"first","9":"instock","10":"taxable","11":"shipping-taxable","12":"purchasable","13":"product-type-simple"},"yoast_head":"<!-- This site is optimized with the Yoast SEO plugin v27.2 - https:\/\/yoast.com\/product\/yoast-seo-wordpress\/ -->\n<title>Vrij Chloor Doseersysteem | Pakket met Doseerpomp + Vrij Chloor Sensor<\/title>\n<meta name=\"description\" content=\"Speciaal voor vrij chloor meten en reguleren van vrij chloor in zwembaden biedt dit pakket een pomp en sensor voor automatische regulering.\" \/>\n<meta name=\"robots\" content=\"index, follow, max-snippet:-1, max-image-preview:large, max-video-preview:-1\" \/>\n<link rel=\"canonical\" href=\"https:\/\/dosingpump.shop\/lt\/produktas\/laisvojo-chloro-dozavimo-sistema-baseinams\/\" \/>\n<meta property=\"og:locale\" content=\"lt_LT\" \/>\n<meta property=\"og:type\" content=\"article\" \/>\n<meta property=\"og:title\" content=\"Vrij Chloor Doseersysteem | Pakket met Doseerpomp + Vrij Chloor Sensor\" \/>\n<meta property=\"og:description\" content=\"Speciaal voor vrij chloor meten en reguleren van vrij chloor in zwembaden biedt dit pakket een pomp en sensor voor automatische regulering.\" \/>\n<meta property=\"og:url\" content=\"https:\/\/dosingpump.shop\/lt\/produktas\/laisvojo-chloro-dozavimo-sistema-baseinams\/\" \/>\n<meta property=\"og:site_name\" content=\"Dosing Pump Shop B.V.\" \/>\n<meta property=\"article:modified_time\" content=\"2026-02-27T12:49:17+00:00\" \/>\n<meta property=\"og:image\" content=\"https:\/\/dosingpump.shop\/wp-content\/uploads\/2024\/12\/Automatische-chloor-ph-regeling.webp\" \/>\n\t<meta property=\"og:image:width\" content=\"500\" \/>\n\t<meta property=\"og:image:height\" content=\"500\" \/>\n\t<meta property=\"og:image:type\" content=\"image\/webp\" \/>\n<meta name=\"twitter:card\" content=\"summary_large_image\" \/>\n<meta name=\"twitter:label1\" content=\"Price\" \/>\n\t<meta name=\"twitter:data1\" content=\"&euro;2.317,00\" \/>\n\t<meta name=\"twitter:label2\" content=\"Availability\" \/>\n\t<meta name=\"twitter:data2\" content=\"In stock\" \/>\n<script type=\"application\/ld+json\" class=\"yoast-schema-graph\">{\"@context\":\"https:\/\/schema.org\",\"@graph\":[{\"@type\":\"WebPage\",\"@id\":\"https:\/\/dosingpump.shop\/lt\/produktas\/laisvojo-chloro-dozavimo-sistema-baseinams\/\",\"url\":\"https:\/\/dosingpump.shop\/lt\/produktas\/laisvojo-chloro-dozavimo-sistema-baseinams\/\",\"name\":\"Vrij Chloor Doseersysteem | Pakket met Doseerpomp + Vrij Chloor Sensor\",\"isPartOf\":{\"@id\":\"https:\/\/dosingpump.shop\/de\/#website\"},\"primaryImageOfPage\":{\"@id\":\"https:\/\/dosingpump.shop\/lt\/produktas\/laisvojo-chloro-dozavimo-sistema-baseinams\/#primaryimage\"},\"image\":{\"@id\":\"https:\/\/dosingpump.shop\/lt\/produktas\/laisvojo-chloro-dozavimo-sistema-baseinams\/#primaryimage\"},\"thumbnailUrl\":\"https:\/\/dosingpump.shop\/wp-content\/uploads\/2024\/12\/Automatische-chloor-ph-regeling.webp\",\"datePublished\":\"2024-12-05T12:21:49+00:00\",\"dateModified\":\"2026-02-27T12:49:17+00:00\",\"description\":\"Speciaal voor vrij chloor meten en reguleren van vrij chloor in zwembaden biedt dit pakket een pomp en sensor voor automatische regulering.\",\"breadcrumb\":{\"@id\":\"https:\/\/dosingpump.shop\/lt\/produktas\/laisvojo-chloro-dozavimo-sistema-baseinams\/#breadcrumb\"},\"inLanguage\":\"lt-LT\",\"potentialAction\":[{\"@type\":\"ReadAction\",\"target\":[\"https:\/\/dosingpump.shop\/lt\/produktas\/laisvojo-chloro-dozavimo-sistema-baseinams\/\"]}]},{\"@type\":\"ImageObject\",\"inLanguage\":\"lt-LT\",\"@id\":\"https:\/\/dosingpump.shop\/lt\/produktas\/laisvojo-chloro-dozavimo-sistema-baseinams\/#primaryimage\",\"url\":\"https:\/\/dosingpump.shop\/wp-content\/uploads\/2024\/12\/Automatische-chloor-ph-regeling.webp\",\"contentUrl\":\"https:\/\/dosingpump.shop\/wp-content\/uploads\/2024\/12\/Automatische-chloor-ph-regeling.webp\",\"width\":500,\"height\":500},{\"@type\":\"BreadcrumbList\",\"@id\":\"https:\/\/dosingpump.shop\/lt\/produktas\/laisvojo-chloro-dozavimo-sistema-baseinams\/#breadcrumb\",\"itemListElement\":[{\"@type\":\"ListItem\",\"position\":1,\"name\":\"Home\",\"item\":\"https:\/\/dosingpump.shop\/\"},{\"@type\":\"ListItem\",\"position\":2,\"name\":\"Shop\",\"item\":\"https:\/\/dosingpump.shop\/de\/shop\/\"},{\"@type\":\"ListItem\",\"position\":3,\"name\":\"Vrij Chloor Doseersysteem voor Zwembaden\"}]},{\"@type\":\"WebSite\",\"@id\":\"https:\/\/dosingpump.shop\/de\/#website\",\"url\":\"https:\/\/dosingpump.shop\/de\/\",\"name\":\"Dosing Pump Shop B.V.\",\"description\":\"\",\"publisher\":{\"@id\":\"https:\/\/dosingpump.shop\/de\/#organization\"},\"potentialAction\":[{\"@type\":\"SearchAction\",\"target\":{\"@type\":\"EntryPoint\",\"urlTemplate\":\"https:\/\/dosingpump.shop\/de\/?s={search_term_string}\"},\"query-input\":{\"@type\":\"PropertyValueSpecification\",\"valueRequired\":true,\"valueName\":\"search_term_string\"}}],\"inLanguage\":\"lt-LT\"},{\"@type\":\"Organization\",\"@id\":\"https:\/\/dosingpump.shop\/de\/#organization\",\"name\":\"Dosing Pump Shop B.V.\",\"url\":\"https:\/\/dosingpump.shop\/de\/\",\"logo\":{\"@type\":\"ImageObject\",\"inLanguage\":\"lt-LT\",\"@id\":\"https:\/\/dosingpump.shop\/de\/#\/schema\/logo\/image\/\",\"url\":\"https:\/\/dosingpump.shop\/wp-content\/uploads\/2024\/10\/Dosing-Pump-Shop-logo.png\",\"contentUrl\":\"https:\/\/dosingpump.shop\/wp-content\/uploads\/2024\/10\/Dosing-Pump-Shop-logo.png\",\"width\":350,\"height\":45,\"caption\":\"Dosing Pump Shop B.V.\"},\"image\":{\"@id\":\"https:\/\/dosingpump.shop\/de\/#\/schema\/logo\/image\/\"},\"sameAs\":[\"https:\/\/linkedin.com\/company\/dosing-pump-shop\"]}]}<\/script>\n<meta property=\"product:price:amount\" content=\"2317.00\" \/>\n<meta property=\"product:price:currency\" content=\"EUR\" \/>\n<meta property=\"og:availability\" content=\"instock\" \/>\n<meta property=\"product:availability\" content=\"instock\" \/>\n<meta property=\"product:retailer_item_id\" content=\"WDPHCL-1\" \/>\n<meta property=\"product:condition\" content=\"new\" \/>\n<!-- \/ Yoast SEO plugin. -->","yoast_head_json":{"title":"Laisvojo chloro dozavimo sistema | Paketas su dozavimo siurbliu ir laisvojo chloro jutikliu","description":"\u0160iame pakete, specialiai skirtame matuoti ir reguliuoti laisv\u0105j\u012f chlor\u0105 baseinuose, yra siurblys ir jutiklis automatiniam reguliavimui.","robots":{"index":"index","follow":"follow","max-snippet":"max-snippet:-1","max-image-preview":"max-image-preview:large","max-video-preview":"max-video-preview:-1"},"canonical":"https:\/\/dosingpump.shop\/lt\/produktas\/laisvojo-chloro-dozavimo-sistema-baseinams\/","og_locale":"lt_LT","og_type":"article","og_title":"Vrij Chloor Doseersysteem | Pakket met Doseerpomp + Vrij Chloor Sensor","og_description":"Speciaal voor vrij chloor meten en reguleren van vrij chloor in zwembaden biedt dit pakket een pomp en sensor voor automatische regulering.","og_url":"https:\/\/dosingpump.shop\/lt\/produktas\/laisvojo-chloro-dozavimo-sistema-baseinams\/","og_site_name":"Dosing Pump Shop B.V.","article_modified_time":"2026-02-27T12:49:17+00:00","og_image":[{"width":500,"height":500,"url":"https:\/\/dosingpump.shop\/wp-content\/uploads\/2024\/12\/Automatische-chloor-ph-regeling.webp","type":"image\/webp"}],"twitter_card":"summary_large_image","twitter_misc":{"Price":"&euro;2.317,00","Availability":"In stock"},"schema":{"@context":"https:\/\/schema.org","@graph":[{"@type":"WebPage","@id":"https:\/\/dosingpump.shop\/lt\/produktas\/laisvojo-chloro-dozavimo-sistema-baseinams\/","url":"https:\/\/dosingpump.shop\/lt\/produktas\/laisvojo-chloro-dozavimo-sistema-baseinams\/","name":"Laisvojo chloro dozavimo sistema | Paketas su dozavimo siurbliu ir laisvojo chloro jutikliu","isPartOf":{"@id":"https:\/\/dosingpump.shop\/de\/#website"},"primaryImageOfPage":{"@id":"https:\/\/dosingpump.shop\/lt\/produktas\/laisvojo-chloro-dozavimo-sistema-baseinams\/#primaryimage"},"image":{"@id":"https:\/\/dosingpump.shop\/lt\/produktas\/laisvojo-chloro-dozavimo-sistema-baseinams\/#primaryimage"},"thumbnailUrl":"https:\/\/dosingpump.shop\/wp-content\/uploads\/2024\/12\/Automatische-chloor-ph-regeling.webp","datePublished":"2024-12-05T12:21:49+00:00","dateModified":"2026-02-27T12:49:17+00:00","description":"\u0160iame pakete, specialiai skirtame matuoti ir reguliuoti laisv\u0105j\u012f chlor\u0105 baseinuose, yra siurblys ir jutiklis automatiniam reguliavimui.","breadcrumb":{"@id":"https:\/\/dosingpump.shop\/lt\/produktas\/laisvojo-chloro-dozavimo-sistema-baseinams\/#breadcrumb"},"inLanguage":"lt-LT","potentialAction":[{"@type":"ReadAction","target":["https:\/\/dosingpump.shop\/lt\/produktas\/laisvojo-chloro-dozavimo-sistema-baseinams\/"]}]},{"@type":"ImageObject","inLanguage":"lt-LT","@id":"https:\/\/dosingpump.shop\/lt\/produktas\/laisvojo-chloro-dozavimo-sistema-baseinams\/#primaryimage","url":"https:\/\/dosingpump.shop\/wp-content\/uploads\/2024\/12\/Automatische-chloor-ph-regeling.webp","contentUrl":"https:\/\/dosingpump.shop\/wp-content\/uploads\/2024\/12\/Automatische-chloor-ph-regeling.webp","width":500,"height":500},{"@type":"BreadcrumbList","@id":"https:\/\/dosingpump.shop\/lt\/produktas\/laisvojo-chloro-dozavimo-sistema-baseinams\/#breadcrumb","itemListElement":[{"@type":"ListItem","position":1,"name":"Home","item":"https:\/\/dosingpump.shop\/"},{"@type":"ListItem","position":2,"name":"Shop","item":"https:\/\/dosingpump.shop\/de\/shop\/"},{"@type":"ListItem","position":3,"name":"Vrij Chloor Doseersysteem voor Zwembaden"}]},{"@type":"WebSite","@id":"https:\/\/dosingpump.shop\/de\/#website","url":"https:\/\/dosingpump.shop\/de\/","name":"Dosing Pump Shop B.V.","description":"","publisher":{"@id":"https:\/\/dosingpump.shop\/de\/#organization"},"potentialAction":[{"@type":"SearchAction","target":{"@type":"EntryPoint","urlTemplate":"https:\/\/dosingpump.shop\/de\/?s={search_term_string}"},"query-input":{"@type":"PropertyValueSpecification","valueRequired":true,"valueName":"search_term_string"}}],"inLanguage":"lt-LT"},{"@type":"Organization","@id":"https:\/\/dosingpump.shop\/de\/#organization","name":"Dosing Pump Shop B.V.","url":"https:\/\/dosingpump.shop\/de\/","logo":{"@type":"ImageObject","inLanguage":"lt-LT","@id":"https:\/\/dosingpump.shop\/de\/#\/schema\/logo\/image\/","url":"https:\/\/dosingpump.shop\/wp-content\/uploads\/2024\/10\/Dosing-Pump-Shop-logo.png","contentUrl":"https:\/\/dosingpump.shop\/wp-content\/uploads\/2024\/10\/Dosing-Pump-Shop-logo.png","width":350,"height":45,"caption":"Dosing Pump Shop B.V."},"image":{"@id":"https:\/\/dosingpump.shop\/de\/#\/schema\/logo\/image\/"},"sameAs":["https:\/\/linkedin.com\/company\/dosing-pump-shop"]}]},"product_price_amount":"2317.00","product_price_currency":"EUR","og_availability":"instock","product_availability":"instock","product_retailer_item_id":"WDPHCL-1","product_condition":"new"},"_links":{"self":[{"href":"https:\/\/dosingpump.shop\/lt\/wp-json\/wp\/v2\/product\/4069","targetHints":{"allow":["GET"]}}],"collection":[{"href":"https:\/\/dosingpump.shop\/lt\/wp-json\/wp\/v2\/product"}],"about":[{"href":"https:\/\/dosingpump.shop\/lt\/wp-json\/wp\/v2\/types\/product"}],"wp:featuredmedia":[{"embeddable":true,"href":"https:\/\/dosingpump.shop\/lt\/wp-json\/wp\/v2\/media\/4038"}],"wp:attachment":[{"href":"https:\/\/dosingpump.shop\/lt\/wp-json\/wp\/v2\/media?parent=4069"}],"wp:term":[{"taxonomy":"product_brand","embeddable":true,"href":"https:\/\/dosingpump.shop\/lt\/wp-json\/wp\/v2\/product_brand?post=4069"},{"taxonomy":"product_cat","embeddable":true,"href":"https:\/\/dosingpump.shop\/lt\/wp-json\/wp\/v2\/product_cat?post=4069"},{"taxonomy":"product_tag","embeddable":true,"href":"https:\/\/dosingpump.shop\/lt\/wp-json\/wp\/v2\/product_tag?post=4069"}],"curies":[{"name":"wp","href":"https:\/\/api.w.org\/{rel}","templated":true}]}}