{"id":4092,"date":"2024-12-05T12:21:54","date_gmt":"2024-12-05T12:21:54","guid":{"rendered":"https:\/\/dosingpump.shop\/?post_type=product&#038;p=4092"},"modified":"2026-02-27T14:49:18","modified_gmt":"2026-02-27T12:49:18","slug":"emec-prism-24vdc-dozavimo-siurblys","status":"publish","type":"product","link":"https:\/\/dosingpump.shop\/lt\/product\/emec-prisma-24vdc-doseerpomp\/","title":{"rendered":"EMEC PRISMA 24VDC dozavimo siurblys"},"content":{"rendered":"<h3>Emec Prisma 05-28 Dozavimo siurblys: tobulas tikslaus dozavimo valdymas<\/h3>\n<p>Atraskite <strong>Emec Prisma dozavimo siurblys<\/strong>, su \u017eingsniniu varikliu, u\u017etikrinan\u010diu neprilygstam\u0105 tikslum\u0105 dozuojant skys\u010dius, net ir klampiausius. \u0160is didelio na\u0161umo dozavimo siurblys standarti\u0161kai sukonfig\u016bruotas valdyti i\u0161oriniu signalu (4-20 mA | 0-10 V | Impulsinis) ir RS485. 05-28 gali i\u0161purk\u0161ti 28 litrus per valand\u0105, esant 5 bar\u0173 prie\u0161sl\u0117giui.<\/p>\n<h4>Unikalios savyb\u0117s:<\/h4>\n<ul>\n<li><strong>Ry\u0161iai:<\/strong> Pasirinktinai su \"Bluetooth\" ir nuotoliniu valdymu per \"Emec Ermes\" server\u012f, leid\u017eian\u010diu nuskaityti ir nustatyti siurblio rodmenis i\u0161 bet kurios pasaulio vietos per mobil\u0173j\u012f telefon\u0105.<\/li>\n<li><strong>Suderinamumas:<\/strong> Galimi ir MODBUS, ir RS485 jungtys. RS485 yra net standartin\u0117.<\/li>\n<li><strong>Prisitaikymas:<\/strong> Programin\u0117 \u012franga ir \u017eingsninis variklis leid\u017eia Emec Prisma visi\u0161kai pritaikyti prie j\u016bs\u0173 dozavimo poreiki\u0173. Galimos kelios dozavimo programos!<\/li>\n<li><strong>Maksimalus valdymas:<\/strong> \u012esp\u016bdingas 1:4800 apsuk\u0173 santykis u\u017etikrina tiksliausi\u0105 dozavimo proceso kontrol\u0119.<\/li>\n<li><strong>L\u0117tas re\u017eimas:<\/strong> Unikali funkcija, leid\u017eianti tiksliai i\u0161pilstyti didelio klampumo skys\u010dius, suma\u017einant siurblio eig\u0105 iki 25, 50 arba 75% \u012fprasto na\u0161umo.<\/li>\n<\/ul>\n<h4>Galimos Emec Prisma dozavimo siurblio versijos:<\/h4>\n<p>Nuo 20 bar\u0173 - 1 l\/h iki 02 bar\u0173 - 80 l\/h - visada rasite Emec Prisma dozavimo siurbl\u012f, kuris puikiai atitinka j\u016bs\u0173 poreikius. Reikia pagalbos renkantis tinkam\u0105 versij\u0105? U\u017esisakykite pasi\u016blym\u0105 ir mes esame pasireng\u0119 jums patarti!<\/p>","protected":false},"excerpt":{"rendered":"<p>Naudodami \"Emec\" PRISMA serijos siurbl\u012f gausite geriausi\u0105 dozavimo siurbl\u012f. \u0160is diafragminis siurblys su \u017eingsniniu varikliu yra novatori\u0161kiausias iki \u0161iol sukurtas dozavimo siurblys. Nedelsdami u\u017esisakykite \u0161\u012f universal\u0173j\u012f siurbl\u012f, jei siekiate tikslumo ir patikimumo.<\/p>\n<ul>\n<li>WIFI<\/li>\n<li>\"Bluetooth\"<\/li>\n<li>modbus<\/li>\n<li>RS485<\/li>\n<\/ul>","protected":false},"featured_media":4249,"template":"","meta":[],"product_brand":[],"product_cat":[17,19,78],"product_tag":[],"class_list":{"0":"post-4092","1":"product","2":"type-product","3":"status-publish","4":"has-post-thumbnail","6":"product_cat-doseerpompen","7":"product_cat-stappenmotor-gedreven","8":"product_cat-emec-prisma","10":"first","11":"instock","12":"taxable","13":"shipping-taxable","14":"purchasable","15":"product-type-simple"},"yoast_head":"<!-- This site is optimized with the Yoast SEO plugin v27.2 - https:\/\/yoast.com\/product\/yoast-seo-wordpress\/ -->\n<title>EMEC PRISMA 24VDC Doseerpomp | Dosing Pump Shop B.V.<\/title>\n<meta name=\"robots\" content=\"index, follow, max-snippet:-1, max-image-preview:large, max-video-preview:-1\" \/>\n<link rel=\"canonical\" href=\"https:\/\/dosingpump.shop\/lt\/produktas\/emec-prism-24vdc-dozavimo-siurblys\/\" \/>\n<meta property=\"og:locale\" content=\"lt_LT\" \/>\n<meta property=\"og:type\" content=\"article\" \/>\n<meta property=\"og:title\" content=\"EMEC PRISMA 24VDC Doseerpomp | Dosing Pump Shop B.V.\" \/>\n<meta property=\"og:description\" content=\"Met de Emec PRISMA serie haalt u de beste doseerpomp in huis. Deze membraanpomp is met zijn stappenmotor de meeste innovatieve doseerpomp tot nu toe. Vraag deze alleskunner direct aan als u gaat voor precisie en betrouwbaarheid.   WIFI  Bluetooth  modbus  RS485\" \/>\n<meta property=\"og:url\" content=\"https:\/\/dosingpump.shop\/lt\/produktas\/emec-prism-24vdc-dozavimo-siurblys\/\" \/>\n<meta property=\"og:site_name\" content=\"Dosing Pump Shop B.V.\" \/>\n<meta property=\"article:modified_time\" content=\"2026-02-27T12:49:18+00:00\" \/>\n<meta property=\"og:image\" content=\"https:\/\/dosingpump.shop\/wp-content\/uploads\/2024\/12\/Emec-Prisma-Doseerpomp-24vdc.webp\" \/>\n\t<meta property=\"og:image:width\" content=\"500\" \/>\n\t<meta property=\"og:image:height\" content=\"500\" \/>\n\t<meta property=\"og:image:type\" content=\"image\/webp\" \/>\n<meta name=\"twitter:card\" content=\"summary_large_image\" \/>\n<meta name=\"twitter:label1\" content=\"Price\" \/>\n\t<meta name=\"twitter:data1\" content=\"&euro;1.563,00\" \/>\n\t<meta name=\"twitter:label2\" content=\"Availability\" \/>\n\t<meta name=\"twitter:data2\" content=\"In stock\" \/>\n<script type=\"application\/ld+json\" class=\"yoast-schema-graph\">{\"@context\":\"https:\/\/schema.org\",\"@graph\":[{\"@type\":\"WebPage\",\"@id\":\"https:\/\/dosingpump.shop\/pt\/produto\/bomba-doseadora-emec-prism-24vdc\/\",\"url\":\"https:\/\/dosingpump.shop\/pt\/produto\/bomba-doseadora-emec-prism-24vdc\/\",\"name\":\"EMEC PRISMA 24VDC Doseerpomp | Dosing Pump Shop B.V.\",\"isPartOf\":{\"@id\":\"https:\/\/dosingpump.shop\/de\/#website\"},\"primaryImageOfPage\":{\"@id\":\"https:\/\/dosingpump.shop\/pt\/produto\/bomba-doseadora-emec-prism-24vdc\/#primaryimage\"},\"image\":{\"@id\":\"https:\/\/dosingpump.shop\/pt\/produto\/bomba-doseadora-emec-prism-24vdc\/#primaryimage\"},\"thumbnailUrl\":\"https:\/\/dosingpump.shop\/wp-content\/uploads\/2024\/12\/Emec-Prisma-Doseerpomp-24vdc.webp\",\"datePublished\":\"2024-12-05T12:21:54+00:00\",\"dateModified\":\"2026-02-27T12:49:18+00:00\",\"breadcrumb\":{\"@id\":\"https:\/\/dosingpump.shop\/pt\/produto\/bomba-doseadora-emec-prism-24vdc\/#breadcrumb\"},\"inLanguage\":\"lt-LT\",\"potentialAction\":[{\"@type\":\"ReadAction\",\"target\":[\"https:\/\/dosingpump.shop\/pt\/produto\/bomba-doseadora-emec-prism-24vdc\/\"]}]},{\"@type\":\"ImageObject\",\"inLanguage\":\"lt-LT\",\"@id\":\"https:\/\/dosingpump.shop\/pt\/produto\/bomba-doseadora-emec-prism-24vdc\/#primaryimage\",\"url\":\"https:\/\/dosingpump.shop\/wp-content\/uploads\/2024\/12\/Emec-Prisma-Doseerpomp-24vdc.webp\",\"contentUrl\":\"https:\/\/dosingpump.shop\/wp-content\/uploads\/2024\/12\/Emec-Prisma-Doseerpomp-24vdc.webp\",\"width\":500,\"height\":500},{\"@type\":\"BreadcrumbList\",\"@id\":\"https:\/\/dosingpump.shop\/pt\/produto\/bomba-doseadora-emec-prism-24vdc\/#breadcrumb\",\"itemListElement\":[{\"@type\":\"ListItem\",\"position\":1,\"name\":\"Home\",\"item\":\"https:\/\/dosingpump.shop\/\"},{\"@type\":\"ListItem\",\"position\":2,\"name\":\"Shop\",\"item\":\"https:\/\/dosingpump.shop\/de\/shop\/\"},{\"@type\":\"ListItem\",\"position\":3,\"name\":\"EMEC PRISMA 24VDC Doseerpomp\"}]},{\"@type\":\"WebSite\",\"@id\":\"https:\/\/dosingpump.shop\/de\/#website\",\"url\":\"https:\/\/dosingpump.shop\/de\/\",\"name\":\"Dosing Pump Shop B.V.\",\"description\":\"\",\"publisher\":{\"@id\":\"https:\/\/dosingpump.shop\/de\/#organization\"},\"potentialAction\":[{\"@type\":\"SearchAction\",\"target\":{\"@type\":\"EntryPoint\",\"urlTemplate\":\"https:\/\/dosingpump.shop\/de\/?s={search_term_string}\"},\"query-input\":{\"@type\":\"PropertyValueSpecification\",\"valueRequired\":true,\"valueName\":\"search_term_string\"}}],\"inLanguage\":\"lt-LT\"},{\"@type\":\"Organization\",\"@id\":\"https:\/\/dosingpump.shop\/de\/#organization\",\"name\":\"Dosing Pump Shop B.V.\",\"url\":\"https:\/\/dosingpump.shop\/de\/\",\"logo\":{\"@type\":\"ImageObject\",\"inLanguage\":\"lt-LT\",\"@id\":\"https:\/\/dosingpump.shop\/de\/#\/schema\/logo\/image\/\",\"url\":\"https:\/\/dosingpump.shop\/wp-content\/uploads\/2024\/10\/Dosing-Pump-Shop-logo.png\",\"contentUrl\":\"https:\/\/dosingpump.shop\/wp-content\/uploads\/2024\/10\/Dosing-Pump-Shop-logo.png\",\"width\":350,\"height\":45,\"caption\":\"Dosing Pump Shop B.V.\"},\"image\":{\"@id\":\"https:\/\/dosingpump.shop\/de\/#\/schema\/logo\/image\/\"},\"sameAs\":[\"https:\/\/linkedin.com\/company\/dosing-pump-shop\"]}]}<\/script>\n<meta property=\"product:price:amount\" content=\"1563.00\" \/>\n<meta property=\"product:price:currency\" content=\"EUR\" \/>\n<meta property=\"og:availability\" content=\"instock\" \/>\n<meta property=\"product:availability\" content=\"instock\" \/>\n<meta property=\"product:retailer_item_id\" content=\"PRI05028K0007V00A000\" \/>\n<meta property=\"product:condition\" content=\"new\" \/>\n<!-- \/ Yoast SEO plugin. -->","yoast_head_json":{"title":"EMEC PRISMA 24VDC dozavimo siurblys | Dosing Pump Shop B.V.","robots":{"index":"index","follow":"follow","max-snippet":"max-snippet:-1","max-image-preview":"max-image-preview:large","max-video-preview":"max-video-preview:-1"},"canonical":"https:\/\/dosingpump.shop\/lt\/produktas\/emec-prism-24vdc-dozavimo-siurblys\/","og_locale":"lt_LT","og_type":"article","og_title":"EMEC PRISMA 24VDC Doseerpomp | Dosing Pump Shop B.V.","og_description":"Met de Emec PRISMA serie haalt u de beste doseerpomp in huis. Deze membraanpomp is met zijn stappenmotor de meeste innovatieve doseerpomp tot nu toe. Vraag deze alleskunner direct aan als u gaat voor precisie en betrouwbaarheid.   WIFI  Bluetooth  modbus  RS485","og_url":"https:\/\/dosingpump.shop\/lt\/produktas\/emec-prism-24vdc-dozavimo-siurblys\/","og_site_name":"Dosing Pump Shop B.V.","article_modified_time":"2026-02-27T12:49:18+00:00","og_image":[{"width":500,"height":500,"url":"https:\/\/dosingpump.shop\/wp-content\/uploads\/2024\/12\/Emec-Prisma-Doseerpomp-24vdc.webp","type":"image\/webp"}],"twitter_card":"summary_large_image","twitter_misc":{"Price":"&euro;1.563,00","Availability":"In stock"},"schema":{"@context":"https:\/\/schema.org","@graph":[{"@type":"WebPage","@id":"https:\/\/dosingpump.shop\/pt\/produto\/bomba-doseadora-emec-prism-24vdc\/","url":"https:\/\/dosingpump.shop\/pt\/produto\/bomba-doseadora-emec-prism-24vdc\/","name":"EMEC PRISMA 24VDC dozavimo siurblys | Dosing Pump Shop B.V.","isPartOf":{"@id":"https:\/\/dosingpump.shop\/de\/#website"},"primaryImageOfPage":{"@id":"https:\/\/dosingpump.shop\/pt\/produto\/bomba-doseadora-emec-prism-24vdc\/#primaryimage"},"image":{"@id":"https:\/\/dosingpump.shop\/pt\/produto\/bomba-doseadora-emec-prism-24vdc\/#primaryimage"},"thumbnailUrl":"https:\/\/dosingpump.shop\/wp-content\/uploads\/2024\/12\/Emec-Prisma-Doseerpomp-24vdc.webp","datePublished":"2024-12-05T12:21:54+00:00","dateModified":"2026-02-27T12:49:18+00:00","breadcrumb":{"@id":"https:\/\/dosingpump.shop\/pt\/produto\/bomba-doseadora-emec-prism-24vdc\/#breadcrumb"},"inLanguage":"lt-LT","potentialAction":[{"@type":"ReadAction","target":["https:\/\/dosingpump.shop\/pt\/produto\/bomba-doseadora-emec-prism-24vdc\/"]}]},{"@type":"ImageObject","inLanguage":"lt-LT","@id":"https:\/\/dosingpump.shop\/pt\/produto\/bomba-doseadora-emec-prism-24vdc\/#primaryimage","url":"https:\/\/dosingpump.shop\/wp-content\/uploads\/2024\/12\/Emec-Prisma-Doseerpomp-24vdc.webp","contentUrl":"https:\/\/dosingpump.shop\/wp-content\/uploads\/2024\/12\/Emec-Prisma-Doseerpomp-24vdc.webp","width":500,"height":500},{"@type":"BreadcrumbList","@id":"https:\/\/dosingpump.shop\/pt\/produto\/bomba-doseadora-emec-prism-24vdc\/#breadcrumb","itemListElement":[{"@type":"ListItem","position":1,"name":"Home","item":"https:\/\/dosingpump.shop\/"},{"@type":"ListItem","position":2,"name":"Shop","item":"https:\/\/dosingpump.shop\/de\/shop\/"},{"@type":"ListItem","position":3,"name":"EMEC PRISMA 24VDC Doseerpomp"}]},{"@type":"WebSite","@id":"https:\/\/dosingpump.shop\/de\/#website","url":"https:\/\/dosingpump.shop\/de\/","name":"Dosing Pump Shop B.V.","description":"","publisher":{"@id":"https:\/\/dosingpump.shop\/de\/#organization"},"potentialAction":[{"@type":"SearchAction","target":{"@type":"EntryPoint","urlTemplate":"https:\/\/dosingpump.shop\/de\/?s={search_term_string}"},"query-input":{"@type":"PropertyValueSpecification","valueRequired":true,"valueName":"search_term_string"}}],"inLanguage":"lt-LT"},{"@type":"Organization","@id":"https:\/\/dosingpump.shop\/de\/#organization","name":"Dosing Pump Shop B.V.","url":"https:\/\/dosingpump.shop\/de\/","logo":{"@type":"ImageObject","inLanguage":"lt-LT","@id":"https:\/\/dosingpump.shop\/de\/#\/schema\/logo\/image\/","url":"https:\/\/dosingpump.shop\/wp-content\/uploads\/2024\/10\/Dosing-Pump-Shop-logo.png","contentUrl":"https:\/\/dosingpump.shop\/wp-content\/uploads\/2024\/10\/Dosing-Pump-Shop-logo.png","width":350,"height":45,"caption":"Dosing Pump Shop B.V."},"image":{"@id":"https:\/\/dosingpump.shop\/de\/#\/schema\/logo\/image\/"},"sameAs":["https:\/\/linkedin.com\/company\/dosing-pump-shop"]}]},"product_price_amount":"1563.00","product_price_currency":"EUR","og_availability":"instock","product_availability":"instock","product_retailer_item_id":"PRI05028K0007V00A000","product_condition":"new"},"_links":{"self":[{"href":"https:\/\/dosingpump.shop\/lt\/wp-json\/wp\/v2\/product\/4092","targetHints":{"allow":["GET"]}}],"collection":[{"href":"https:\/\/dosingpump.shop\/lt\/wp-json\/wp\/v2\/product"}],"about":[{"href":"https:\/\/dosingpump.shop\/lt\/wp-json\/wp\/v2\/types\/product"}],"wp:featuredmedia":[{"embeddable":true,"href":"https:\/\/dosingpump.shop\/lt\/wp-json\/wp\/v2\/media\/4249"}],"wp:attachment":[{"href":"https:\/\/dosingpump.shop\/lt\/wp-json\/wp\/v2\/media?parent=4092"}],"wp:term":[{"taxonomy":"product_brand","embeddable":true,"href":"https:\/\/dosingpump.shop\/lt\/wp-json\/wp\/v2\/product_brand?post=4092"},{"taxonomy":"product_cat","embeddable":true,"href":"https:\/\/dosingpump.shop\/lt\/wp-json\/wp\/v2\/product_cat?post=4092"},{"taxonomy":"product_tag","embeddable":true,"href":"https:\/\/dosingpump.shop\/lt\/wp-json\/wp\/v2\/product_tag?post=4092"}],"curies":[{"name":"wp","href":"https:\/\/api.w.org\/{rel}","templated":true}]}}