{"id":4185,"date":"2024-12-05T12:22:07","date_gmt":"2024-12-05T12:22:07","guid":{"rendered":"https:\/\/dosingpump.shop\/?post_type=product&#038;p=4185"},"modified":"2026-02-27T14:49:21","modified_gmt":"2026-02-27T12:49:21","slug":"emec-kms-mf-08-08-fp-dozavimo-siurblys","status":"publish","type":"product","link":"https:\/\/dosingpump.shop\/lt\/product\/emec-kms-mf-08-08-fp-doseerpomp\/","title":{"rendered":"\"Emec KMS MF 08-08 FP\" dozavimo siurblys"},"content":{"rendered":"<p>\"Emec KMS MF 08-08 FP\" yra auk\u0161tos kokyb\u0117s dozavimo siurblys, galintis i\u0161purk\u0161ti 8 litrus per valand\u0105, esant 8 bar\u0173 sl\u0117giui. \u0160is dozavimo siurblys i\u0161siskiria tuo, kad jame naudojama PTFE diafragma, tod\u0117l jis yra nepakartojamai patvarus. Metai i\u0161 met\u0173, metai i\u0161 met\u0173, \u0161iuo siurbliu galite pasikliauti be joki\u0173 problem\u0173. Nepertraukiamas dozavimas \"Emec KMS MF 08-08 FP\" n\u0117ra jokia problema.<\/p>\n<p>Ta\u010diau saugokit\u0117s! Labai svarbu pasirinkti tinkam\u0105 konfig\u016bracij\u0105, atitinkan\u010di\u0105 j\u016bs\u0173 program\u0105 ir produkt\u0105, kur\u012f norite dozuoti. Nesijaudinkite, mes pad\u0117sime jums tinkamai pasirinkti. Dr\u0105siai kreipkit\u0117s \u012f mus, ir mes suteiksime jums ekspert\u0173 patarim\u0173.<\/p>\n<p>\"Emec KMS MF 08-08 FP\" dozavimo siurblys komplektuojamas su \u012fsiurbimo filtru, \u012fpur\u0161kimo vo\u017etuvu ir \u017earna. Tod\u0117l galite prad\u0117ti j\u012f naudoti i\u0161 karto, be joki\u0173 r\u016bpes\u010di\u0173.<\/p>\n<h2>Technin\u0117 informacija<\/h2>\n<h3>Proporcinis ir daugiafunkcinis<\/h3>\n<p>\"Emec KMS MF 08-08 FP\" pavadinime esanti raid\u0117 MF rei\u0161kia \"daugiafunkcinis\". Tai rei\u0161kia, kad \u0161\u012f dozavimo siurbl\u012f galite valdyti proporcingai naudodami i\u0161orin\u012f signal\u0105, pavyzd\u017eiui, 4-20 mA, 0-10 V arba impulsin\u012f signal\u0105. Tai leid\u017eia visi\u0161kai kontroliuoti dozavim\u0105, atsi\u017evelgiant \u012f proceso poreikius.<\/p>\n<h3>Lygi\u0173 kontrol\u0117<\/h3>\n<p>\u0160io dozavimo siurblio CL ir MF versijos turi \u012fsiurbimo filtro lygio kontrol\u0119. Tai patogi funkcija, u\u017etikrinanti, kad dozavimo siurblys veikt\u0173 optimaliai ir j\u016bs\u0173 procesas vykt\u0173 skland\u017eiai. CO versijos \u0161ios funkcijos neturi, tod\u0117l svarbu pasirinkti tinkamai, atsi\u017evelgiant \u012f savo poreikius.<\/p>\n<h3>Technin\u0117s specifikacijos<\/h3>\n<p>I\u0161sami\u0105 technin\u0119 informacij\u0105 apie \"Emec KMS MF 08-08 FP\" dozavimo siurbl\u012f \u017er. <a href=\"https:\/\/dosingpump.shop\/lt\/produktas\/emec-kms-mf-20-01-ppep-doseerpomp\/\" target=\"_new\" rel=\"noopener\">Oficialus \"Emec KMS\" dozavimo siurblio puslapis<\/a>. \u010cia rasite i\u0161samias specifikacijas ir techninius duomenis, kuri\u0173 reikia norint teisingai pasirinkti.<\/p>\n<p>Jei \u0161iame puslapyje taip pat negaunate i\u0161samaus atsakymo \u012f savo klausim\u0105, nedvejodami susisiekite su mumis telefonu arba el. pa\u0161tu. Esame pasireng\u0119 jums pad\u0117ti.<\/p>\n<h2>\u012evesties parinktys<\/h2>\n<p>\"Emec KMS MF 08-08 FP\" dozavimo siurblys si\u016blo \u012fvairias \u012fvesties parinktis, kad atitikt\u0173 j\u016bs\u0173 konkre\u010dius poreikius. Dozavimo siurbl\u012f galite valdyti:<\/p>\n<ul>\n<li>4-20 mA signalas<\/li>\n<li>0-10 V signalas<\/li>\n<li>Impulsinis signalas<\/li>\n<li>Impulsus skleid\u017eiantis vandens skaitiklis<\/li>\n<li>Lygio \u012fvestis<\/li>\n<\/ul>\n<p>Tai suteikia jums lankstumo integruoti dozavimo siurbl\u012f \u012f proces\u0105 ir priversti j\u012f veikti taip, kaip norite.<\/p>\n<h2>Funkcijos<\/h2>\n<p>\"Emec KMS MF 08-08 FP\" dozavimo siurblys pasi\u017eymi daugybe patogi\u0173 funkcij\u0173, \u012fskaitant:<\/p>\n<ul>\n<li>Nuolatinis dozavimas<\/li>\n<li>Skys\u010di\u0173 paskirstymas<\/li>\n<li>Dozi\u0173 dauginimas<\/li>\n<li>Dozavimas PPM (milijonin\u0117mis dalimis)<\/li>\n<li>Partijos dozavimas<\/li>\n<li>Volt\u0173 ir mA valdymas<\/li>\n<li>Procentin\u0117 doz\u0117<\/li>\n<li>ml per sekund\u0119 doz\u0117<\/li>\n<\/ul>\n<p>Tur\u0117dami visas \u0161ias funkcijas, galite pritaikyti dozavimo siurbl\u012f prie konkre\u010di\u0173 poreiki\u0173 ir u\u017etikrinti tiksl\u0173 chemini\u0173 med\u017eiag\u0173 dozavim\u0105.<\/p>","protected":false},"excerpt":{"rendered":"<p>Emec KMS MF 08-08 FP<\/p>\n<p>Komplektuojama su \u012fpur\u0161kimo vo\u017etuvu, \u012fsiurbimo filtru ir \u017earna.<\/p>","protected":false},"featured_media":3980,"template":"","meta":[],"product_brand":[],"product_cat":[85],"product_tag":[],"class_list":{"0":"post-4185","1":"product","2":"type-product","3":"status-publish","4":"has-post-thumbnail","6":"product_cat-assortiment","8":"first","9":"instock","10":"taxable","11":"shipping-taxable","12":"purchasable","13":"product-type-simple"},"yoast_head":"<!-- This site is optimized with the Yoast SEO plugin v27.2 - https:\/\/yoast.com\/product\/yoast-seo-wordpress\/ -->\n<title>Emec KMS MF 08-08 FP Doseerpomp | Dosing Pump Shop B.V.<\/title>\n<meta name=\"description\" content=\"Ontdek de betrouwbare Emec KMS MF 08-08 FP doseerpomp bij Dosing Pump Shop. Advies op maat en snelle levering. Capaciteit: 8 l\/uur. Druk: 8 bar.\" \/>\n<meta name=\"robots\" content=\"index, follow, max-snippet:-1, max-image-preview:large, max-video-preview:-1\" \/>\n<link rel=\"canonical\" href=\"https:\/\/dosingpump.shop\/lt\/produktas\/emec-kms-mf-08-08-fp-dozavimo-siurblys\/\" \/>\n<meta property=\"og:locale\" content=\"lt_LT\" \/>\n<meta property=\"og:type\" content=\"article\" \/>\n<meta property=\"og:title\" content=\"Emec KMS MF 08-08 FP Doseerpomp | Dosing Pump Shop B.V.\" \/>\n<meta property=\"og:description\" content=\"Ontdek de betrouwbare Emec KMS MF 08-08 FP doseerpomp bij Dosing Pump Shop. Advies op maat en snelle levering. Capaciteit: 8 l\/uur. Druk: 8 bar.\" \/>\n<meta property=\"og:url\" content=\"https:\/\/dosingpump.shop\/lt\/produktas\/emec-kms-mf-08-08-fp-dozavimo-siurblys\/\" \/>\n<meta property=\"og:site_name\" content=\"Dosing Pump Shop B.V.\" \/>\n<meta property=\"article:modified_time\" content=\"2026-02-27T12:49:21+00:00\" \/>\n<meta property=\"og:image\" content=\"https:\/\/dosingpump.shop\/wp-content\/uploads\/2024\/12\/Emec-kms-doseerpomp-1-1-1.webp\" \/>\n\t<meta property=\"og:image:width\" content=\"500\" \/>\n\t<meta property=\"og:image:height\" content=\"500\" \/>\n\t<meta property=\"og:image:type\" content=\"image\/webp\" \/>\n<meta name=\"twitter:card\" content=\"summary_large_image\" \/>\n<meta name=\"twitter:label1\" content=\"Price\" \/>\n\t<meta name=\"twitter:data1\" content=\"&euro;697,00\" \/>\n\t<meta name=\"twitter:label2\" content=\"Availability\" \/>\n\t<meta name=\"twitter:data2\" content=\"In stock\" \/>\n<script type=\"application\/ld+json\" class=\"yoast-schema-graph\">{\"@context\":\"https:\/\/schema.org\",\"@graph\":[{\"@type\":\"WebPage\",\"@id\":\"https:\/\/dosingpump.shop\/es\/producto\/bomba-dosificadora-emec-kms-mf-08-fp\/\",\"url\":\"https:\/\/dosingpump.shop\/es\/producto\/bomba-dosificadora-emec-kms-mf-08-fp\/\",\"name\":\"Emec KMS MF 08-08 FP Doseerpomp | Dosing Pump Shop B.V.\",\"isPartOf\":{\"@id\":\"https:\/\/dosingpump.shop\/de\/#website\"},\"primaryImageOfPage\":{\"@id\":\"https:\/\/dosingpump.shop\/es\/producto\/bomba-dosificadora-emec-kms-mf-08-fp\/#primaryimage\"},\"image\":{\"@id\":\"https:\/\/dosingpump.shop\/es\/producto\/bomba-dosificadora-emec-kms-mf-08-fp\/#primaryimage\"},\"thumbnailUrl\":\"https:\/\/dosingpump.shop\/wp-content\/uploads\/2024\/12\/Emec-kms-doseerpomp-1-1-1.webp\",\"datePublished\":\"2024-12-05T12:22:07+00:00\",\"dateModified\":\"2026-02-27T12:49:21+00:00\",\"description\":\"Ontdek de betrouwbare Emec KMS MF 08-08 FP doseerpomp bij Dosing Pump Shop. Advies op maat en snelle levering. Capaciteit: 8 l\/uur. Druk: 8 bar.\",\"breadcrumb\":{\"@id\":\"https:\/\/dosingpump.shop\/es\/producto\/bomba-dosificadora-emec-kms-mf-08-fp\/#breadcrumb\"},\"inLanguage\":\"lt-LT\",\"potentialAction\":[{\"@type\":\"ReadAction\",\"target\":[\"https:\/\/dosingpump.shop\/es\/producto\/bomba-dosificadora-emec-kms-mf-08-fp\/\"]}]},{\"@type\":\"ImageObject\",\"inLanguage\":\"lt-LT\",\"@id\":\"https:\/\/dosingpump.shop\/es\/producto\/bomba-dosificadora-emec-kms-mf-08-fp\/#primaryimage\",\"url\":\"https:\/\/dosingpump.shop\/wp-content\/uploads\/2024\/12\/Emec-kms-doseerpomp-1-1-1.webp\",\"contentUrl\":\"https:\/\/dosingpump.shop\/wp-content\/uploads\/2024\/12\/Emec-kms-doseerpomp-1-1-1.webp\",\"width\":500,\"height\":500},{\"@type\":\"BreadcrumbList\",\"@id\":\"https:\/\/dosingpump.shop\/es\/producto\/bomba-dosificadora-emec-kms-mf-08-fp\/#breadcrumb\",\"itemListElement\":[{\"@type\":\"ListItem\",\"position\":1,\"name\":\"Home\",\"item\":\"https:\/\/dosingpump.shop\/\"},{\"@type\":\"ListItem\",\"position\":2,\"name\":\"Shop\",\"item\":\"https:\/\/dosingpump.shop\/de\/shop\/\"},{\"@type\":\"ListItem\",\"position\":3,\"name\":\"Emec KMS MF 08-08 FP Doseerpomp\"}]},{\"@type\":\"WebSite\",\"@id\":\"https:\/\/dosingpump.shop\/de\/#website\",\"url\":\"https:\/\/dosingpump.shop\/de\/\",\"name\":\"Dosing Pump Shop B.V.\",\"description\":\"\",\"publisher\":{\"@id\":\"https:\/\/dosingpump.shop\/de\/#organization\"},\"potentialAction\":[{\"@type\":\"SearchAction\",\"target\":{\"@type\":\"EntryPoint\",\"urlTemplate\":\"https:\/\/dosingpump.shop\/de\/?s={search_term_string}\"},\"query-input\":{\"@type\":\"PropertyValueSpecification\",\"valueRequired\":true,\"valueName\":\"search_term_string\"}}],\"inLanguage\":\"lt-LT\"},{\"@type\":\"Organization\",\"@id\":\"https:\/\/dosingpump.shop\/de\/#organization\",\"name\":\"Dosing Pump Shop B.V.\",\"url\":\"https:\/\/dosingpump.shop\/de\/\",\"logo\":{\"@type\":\"ImageObject\",\"inLanguage\":\"lt-LT\",\"@id\":\"https:\/\/dosingpump.shop\/de\/#\/schema\/logo\/image\/\",\"url\":\"https:\/\/dosingpump.shop\/wp-content\/uploads\/2024\/10\/Dosing-Pump-Shop-logo.png\",\"contentUrl\":\"https:\/\/dosingpump.shop\/wp-content\/uploads\/2024\/10\/Dosing-Pump-Shop-logo.png\",\"width\":350,\"height\":45,\"caption\":\"Dosing Pump Shop B.V.\"},\"image\":{\"@id\":\"https:\/\/dosingpump.shop\/de\/#\/schema\/logo\/image\/\"},\"sameAs\":[\"https:\/\/linkedin.com\/company\/dosing-pump-shop\"]}]}<\/script>\n<meta property=\"product:price:amount\" content=\"697.00\" \/>\n<meta property=\"product:price:currency\" content=\"EUR\" \/>\n<meta property=\"og:availability\" content=\"instock\" \/>\n<meta property=\"product:availability\" content=\"instock\" \/>\n<meta property=\"product:retailer_item_id\" content=\"KMF08008K0000V00A000\" \/>\n<meta property=\"product:condition\" content=\"new\" \/>\n<!-- \/ Yoast SEO plugin. -->","yoast_head_json":{"title":"\"Emec KMS MF 08-08 FP\" dozavimo siurblys | Dosing Pump Shop B.V.","description":"Atraskite patikim\u0105 \"Emec KMS MF 08-08 FP\" dozavimo siurbl\u012f Dosing Pump Shop. Individualios konsultacijos ir greitas pristatymas. Na\u0161umas: 8 l\/val. Sl\u0117gis: 8 bar.","robots":{"index":"index","follow":"follow","max-snippet":"max-snippet:-1","max-image-preview":"max-image-preview:large","max-video-preview":"max-video-preview:-1"},"canonical":"https:\/\/dosingpump.shop\/lt\/produktas\/emec-kms-mf-08-08-fp-dozavimo-siurblys\/","og_locale":"lt_LT","og_type":"article","og_title":"Emec KMS MF 08-08 FP Doseerpomp | Dosing Pump Shop B.V.","og_description":"Ontdek de betrouwbare Emec KMS MF 08-08 FP doseerpomp bij Dosing Pump Shop. Advies op maat en snelle levering. Capaciteit: 8 l\/uur. Druk: 8 bar.","og_url":"https:\/\/dosingpump.shop\/lt\/produktas\/emec-kms-mf-08-08-fp-dozavimo-siurblys\/","og_site_name":"Dosing Pump Shop B.V.","article_modified_time":"2026-02-27T12:49:21+00:00","og_image":[{"width":500,"height":500,"url":"https:\/\/dosingpump.shop\/wp-content\/uploads\/2024\/12\/Emec-kms-doseerpomp-1-1-1.webp","type":"image\/webp"}],"twitter_card":"summary_large_image","twitter_misc":{"Price":"&euro;697,00","Availability":"In stock"},"schema":{"@context":"https:\/\/schema.org","@graph":[{"@type":"WebPage","@id":"https:\/\/dosingpump.shop\/es\/producto\/bomba-dosificadora-emec-kms-mf-08-fp\/","url":"https:\/\/dosingpump.shop\/es\/producto\/bomba-dosificadora-emec-kms-mf-08-fp\/","name":"\"Emec KMS MF 08-08 FP\" dozavimo siurblys | Dosing Pump Shop B.V.","isPartOf":{"@id":"https:\/\/dosingpump.shop\/de\/#website"},"primaryImageOfPage":{"@id":"https:\/\/dosingpump.shop\/es\/producto\/bomba-dosificadora-emec-kms-mf-08-fp\/#primaryimage"},"image":{"@id":"https:\/\/dosingpump.shop\/es\/producto\/bomba-dosificadora-emec-kms-mf-08-fp\/#primaryimage"},"thumbnailUrl":"https:\/\/dosingpump.shop\/wp-content\/uploads\/2024\/12\/Emec-kms-doseerpomp-1-1-1.webp","datePublished":"2024-12-05T12:22:07+00:00","dateModified":"2026-02-27T12:49:21+00:00","description":"Atraskite patikim\u0105 \"Emec KMS MF 08-08 FP\" dozavimo siurbl\u012f Dosing Pump Shop. Individualios konsultacijos ir greitas pristatymas. Na\u0161umas: 8 l\/val. Sl\u0117gis: 8 bar.","breadcrumb":{"@id":"https:\/\/dosingpump.shop\/es\/producto\/bomba-dosificadora-emec-kms-mf-08-fp\/#breadcrumb"},"inLanguage":"lt-LT","potentialAction":[{"@type":"ReadAction","target":["https:\/\/dosingpump.shop\/es\/producto\/bomba-dosificadora-emec-kms-mf-08-fp\/"]}]},{"@type":"ImageObject","inLanguage":"lt-LT","@id":"https:\/\/dosingpump.shop\/es\/producto\/bomba-dosificadora-emec-kms-mf-08-fp\/#primaryimage","url":"https:\/\/dosingpump.shop\/wp-content\/uploads\/2024\/12\/Emec-kms-doseerpomp-1-1-1.webp","contentUrl":"https:\/\/dosingpump.shop\/wp-content\/uploads\/2024\/12\/Emec-kms-doseerpomp-1-1-1.webp","width":500,"height":500},{"@type":"BreadcrumbList","@id":"https:\/\/dosingpump.shop\/es\/producto\/bomba-dosificadora-emec-kms-mf-08-fp\/#breadcrumb","itemListElement":[{"@type":"ListItem","position":1,"name":"Home","item":"https:\/\/dosingpump.shop\/"},{"@type":"ListItem","position":2,"name":"Shop","item":"https:\/\/dosingpump.shop\/de\/shop\/"},{"@type":"ListItem","position":3,"name":"Emec KMS MF 08-08 FP Doseerpomp"}]},{"@type":"WebSite","@id":"https:\/\/dosingpump.shop\/de\/#website","url":"https:\/\/dosingpump.shop\/de\/","name":"Dosing Pump Shop B.V.","description":"","publisher":{"@id":"https:\/\/dosingpump.shop\/de\/#organization"},"potentialAction":[{"@type":"SearchAction","target":{"@type":"EntryPoint","urlTemplate":"https:\/\/dosingpump.shop\/de\/?s={search_term_string}"},"query-input":{"@type":"PropertyValueSpecification","valueRequired":true,"valueName":"search_term_string"}}],"inLanguage":"lt-LT"},{"@type":"Organization","@id":"https:\/\/dosingpump.shop\/de\/#organization","name":"Dosing Pump Shop B.V.","url":"https:\/\/dosingpump.shop\/de\/","logo":{"@type":"ImageObject","inLanguage":"lt-LT","@id":"https:\/\/dosingpump.shop\/de\/#\/schema\/logo\/image\/","url":"https:\/\/dosingpump.shop\/wp-content\/uploads\/2024\/10\/Dosing-Pump-Shop-logo.png","contentUrl":"https:\/\/dosingpump.shop\/wp-content\/uploads\/2024\/10\/Dosing-Pump-Shop-logo.png","width":350,"height":45,"caption":"Dosing Pump Shop B.V."},"image":{"@id":"https:\/\/dosingpump.shop\/de\/#\/schema\/logo\/image\/"},"sameAs":["https:\/\/linkedin.com\/company\/dosing-pump-shop"]}]},"product_price_amount":"697.00","product_price_currency":"EUR","og_availability":"instock","product_availability":"instock","product_retailer_item_id":"KMF08008K0000V00A000","product_condition":"new"},"_links":{"self":[{"href":"https:\/\/dosingpump.shop\/lt\/wp-json\/wp\/v2\/product\/4185","targetHints":{"allow":["GET"]}}],"collection":[{"href":"https:\/\/dosingpump.shop\/lt\/wp-json\/wp\/v2\/product"}],"about":[{"href":"https:\/\/dosingpump.shop\/lt\/wp-json\/wp\/v2\/types\/product"}],"wp:featuredmedia":[{"embeddable":true,"href":"https:\/\/dosingpump.shop\/lt\/wp-json\/wp\/v2\/media\/3980"}],"wp:attachment":[{"href":"https:\/\/dosingpump.shop\/lt\/wp-json\/wp\/v2\/media?parent=4185"}],"wp:term":[{"taxonomy":"product_brand","embeddable":true,"href":"https:\/\/dosingpump.shop\/lt\/wp-json\/wp\/v2\/product_brand?post=4185"},{"taxonomy":"product_cat","embeddable":true,"href":"https:\/\/dosingpump.shop\/lt\/wp-json\/wp\/v2\/product_cat?post=4185"},{"taxonomy":"product_tag","embeddable":true,"href":"https:\/\/dosingpump.shop\/lt\/wp-json\/wp\/v2\/product_tag?post=4185"}],"curies":[{"name":"wp","href":"https:\/\/api.w.org\/{rel}","templated":true}]}}