{"id":4450,"date":"2024-12-05T12:23:00","date_gmt":"2024-12-05T12:23:00","guid":{"rendered":"https:\/\/dosingpump.shop\/?post_type=product&#038;p=4450"},"modified":"2026-02-27T14:49:31","modified_gmt":"2026-02-27T12:49:31","slug":"lasp4-d-4x6-63cm-2p-jungtis-2","status":"publish","type":"product","link":"https:\/\/dosingpump.shop\/lt\/product\/lasp4-d-4x6-63cm-2p-connector-2\/","title":{"rendered":"LASP4\/D 4X6 63 cm (2P jungtis)"},"content":{"rendered":"<h2><strong>\"Emec LASP4\/D\" siurbimo lynas 63 cm<\/strong><\/h2>\n<p>Dauguma \"Emec\" dozavimo siurbli\u0173 tiekiami su kojiniu vo\u017etuvu su \u012fsiurbimo filtru. Tai veikia gerai, ta\u010diau yra atvej\u0173, kai siurbimo landa veikia geriau arba saugiau, pavyzd\u017eiui, kai yra mai\u0161ytuvas arba kai naudojamas kanistras. \u012esiurbimo lynas - tai PVC arba PVDF plastikinis lynas su filtru ir lygio jungikliu. Pasirinkus tinkam\u0105 ilg\u012f, siurbimo lynas pasiekia b\u016bgno ar IBC dugn\u0105, o siurblio siurbimas prijungiamas prie jo vir\u0161aus. Kai siurblys suderinamas, galima prijungti lygio jungikl\u012f. Jis i\u0161jungia siurbl\u012f, kai indas yra tu\u0161\u010dias. Ie\u0161kote kitokios versijos? Tuomet susisiekite su mumis ir papra\u0161ykite pasi\u016blymo. daugiau technin\u0117s informacijos? \u017di\u016br\u0117kite technin\u0117s informacijos skirtuk\u0105.<\/p>","protected":false},"excerpt":{"rendered":"<p>\"Emec\" dozavimo siurblio \u012fsiurbimo antgalis 63 cm. Med\u017eiaga PVC, O-\u017eiedas EPDM<\/p>","protected":false},"featured_media":0,"template":"","meta":[],"product_brand":[],"product_cat":[87],"product_tag":[],"class_list":{"0":"post-4450","1":"product","2":"type-product","3":"status-publish","5":"product_cat-aanzuiglans-lasp4","7":"first","8":"instock","9":"taxable","10":"shipping-taxable","11":"purchasable","12":"product-type-simple"},"yoast_head":"<!-- This site is optimized with the Yoast SEO plugin v27.2 - https:\/\/yoast.com\/product\/yoast-seo-wordpress\/ -->\n<title>LASP4\/D 4X6 63CM (2P Connector) | Dosing Pump Shop B.V.<\/title>\n<meta name=\"robots\" content=\"index, follow, max-snippet:-1, max-image-preview:large, max-video-preview:-1\" \/>\n<link rel=\"canonical\" href=\"https:\/\/dosingpump.shop\/lt\/produktas\/lasp4-d-4x6-63cm-2p-jungtis-2\/\" \/>\n<meta property=\"og:locale\" content=\"lt_LT\" \/>\n<meta property=\"og:type\" content=\"article\" \/>\n<meta property=\"og:title\" content=\"LASP4\/D 4X6 63CM (2P Connector) | Dosing Pump Shop B.V.\" \/>\n<meta property=\"og:description\" content=\"Emec Aanzuiglans voor doseerpomp 63 cm. Materiaal PVC, O-ring EPDM\" \/>\n<meta property=\"og:url\" content=\"https:\/\/dosingpump.shop\/lt\/produktas\/lasp4-d-4x6-63cm-2p-jungtis-2\/\" \/>\n<meta property=\"og:site_name\" content=\"Dosing Pump Shop B.V.\" \/>\n<meta property=\"article:modified_time\" content=\"2026-02-27T12:49:31+00:00\" \/>\n<meta name=\"twitter:card\" content=\"summary_large_image\" \/>\n<meta name=\"twitter:label1\" content=\"Price\" \/>\n\t<meta name=\"twitter:data1\" content=\"&euro;124,00\" \/>\n\t<meta name=\"twitter:label2\" content=\"Availability\" \/>\n\t<meta name=\"twitter:data2\" content=\"In stock\" \/>\n<script type=\"application\/ld+json\" class=\"yoast-schema-graph\">{\"@context\":\"https:\/\/schema.org\",\"@graph\":[{\"@type\":\"WebPage\",\"@id\":\"https:\/\/dosingpump.shop\/product\/lasp4-d-4x6-63cm-2p-connector-2\/\",\"url\":\"https:\/\/dosingpump.shop\/product\/lasp4-d-4x6-63cm-2p-connector-2\/\",\"name\":\"LASP4\/D 4X6 63CM (2P Connector) | Dosing Pump Shop B.V.\",\"isPartOf\":{\"@id\":\"https:\/\/dosingpump.shop\/de\/#website\"},\"datePublished\":\"2024-12-05T12:23:00+00:00\",\"dateModified\":\"2026-02-27T12:49:31+00:00\",\"breadcrumb\":{\"@id\":\"https:\/\/dosingpump.shop\/product\/lasp4-d-4x6-63cm-2p-connector-2\/#breadcrumb\"},\"inLanguage\":\"lt-LT\",\"potentialAction\":[{\"@type\":\"ReadAction\",\"target\":[\"https:\/\/dosingpump.shop\/product\/lasp4-d-4x6-63cm-2p-connector-2\/\"]}]},{\"@type\":\"BreadcrumbList\",\"@id\":\"https:\/\/dosingpump.shop\/product\/lasp4-d-4x6-63cm-2p-connector-2\/#breadcrumb\",\"itemListElement\":[{\"@type\":\"ListItem\",\"position\":1,\"name\":\"Home\",\"item\":\"https:\/\/dosingpump.shop\/\"},{\"@type\":\"ListItem\",\"position\":2,\"name\":\"Shop\",\"item\":\"https:\/\/dosingpump.shop\/de\/shop\/\"},{\"@type\":\"ListItem\",\"position\":3,\"name\":\"LASP4\/D 4X6 63CM (2P Connector)\"}]},{\"@type\":\"WebSite\",\"@id\":\"https:\/\/dosingpump.shop\/de\/#website\",\"url\":\"https:\/\/dosingpump.shop\/de\/\",\"name\":\"Dosing Pump Shop B.V.\",\"description\":\"\",\"publisher\":{\"@id\":\"https:\/\/dosingpump.shop\/de\/#organization\"},\"potentialAction\":[{\"@type\":\"SearchAction\",\"target\":{\"@type\":\"EntryPoint\",\"urlTemplate\":\"https:\/\/dosingpump.shop\/de\/?s={search_term_string}\"},\"query-input\":{\"@type\":\"PropertyValueSpecification\",\"valueRequired\":true,\"valueName\":\"search_term_string\"}}],\"inLanguage\":\"lt-LT\"},{\"@type\":\"Organization\",\"@id\":\"https:\/\/dosingpump.shop\/de\/#organization\",\"name\":\"Dosing Pump Shop B.V.\",\"url\":\"https:\/\/dosingpump.shop\/de\/\",\"logo\":{\"@type\":\"ImageObject\",\"inLanguage\":\"lt-LT\",\"@id\":\"https:\/\/dosingpump.shop\/de\/#\/schema\/logo\/image\/\",\"url\":\"https:\/\/dosingpump.shop\/wp-content\/uploads\/2024\/10\/Dosing-Pump-Shop-logo.png\",\"contentUrl\":\"https:\/\/dosingpump.shop\/wp-content\/uploads\/2024\/10\/Dosing-Pump-Shop-logo.png\",\"width\":350,\"height\":45,\"caption\":\"Dosing Pump Shop B.V.\"},\"image\":{\"@id\":\"https:\/\/dosingpump.shop\/de\/#\/schema\/logo\/image\/\"},\"sameAs\":[\"https:\/\/linkedin.com\/company\/dosing-pump-shop\"]}]}<\/script>\n<meta property=\"product:price:amount\" content=\"124.00\" \/>\n<meta property=\"product:price:currency\" content=\"EUR\" \/>\n<meta property=\"og:availability\" content=\"instock\" \/>\n<meta property=\"product:availability\" content=\"instock\" \/>\n<meta property=\"product:retailer_item_id\" content=\"LASP4D06331ZO350003\" \/>\n<meta property=\"product:condition\" content=\"new\" \/>\n<!-- \/ Yoast SEO plugin. -->","yoast_head_json":{"title":"LASP4\/D 4X6 63 cm (2P jungtis) | Dosing Pump Shop B.V.","robots":{"index":"index","follow":"follow","max-snippet":"max-snippet:-1","max-image-preview":"max-image-preview:large","max-video-preview":"max-video-preview:-1"},"canonical":"https:\/\/dosingpump.shop\/lt\/produktas\/lasp4-d-4x6-63cm-2p-jungtis-2\/","og_locale":"lt_LT","og_type":"article","og_title":"LASP4\/D 4X6 63CM (2P Connector) | Dosing Pump Shop B.V.","og_description":"Emec Aanzuiglans voor doseerpomp 63 cm. Materiaal PVC, O-ring EPDM","og_url":"https:\/\/dosingpump.shop\/lt\/produktas\/lasp4-d-4x6-63cm-2p-jungtis-2\/","og_site_name":"Dosing Pump Shop B.V.","article_modified_time":"2026-02-27T12:49:31+00:00","twitter_card":"summary_large_image","twitter_misc":{"Price":"&euro;124,00","Availability":"In stock"},"schema":{"@context":"https:\/\/schema.org","@graph":[{"@type":"WebPage","@id":"https:\/\/dosingpump.shop\/product\/lasp4-d-4x6-63cm-2p-connector-2\/","url":"https:\/\/dosingpump.shop\/product\/lasp4-d-4x6-63cm-2p-connector-2\/","name":"LASP4\/D 4X6 63 cm (2P jungtis) | Dosing Pump Shop B.V.","isPartOf":{"@id":"https:\/\/dosingpump.shop\/de\/#website"},"datePublished":"2024-12-05T12:23:00+00:00","dateModified":"2026-02-27T12:49:31+00:00","breadcrumb":{"@id":"https:\/\/dosingpump.shop\/product\/lasp4-d-4x6-63cm-2p-connector-2\/#breadcrumb"},"inLanguage":"lt-LT","potentialAction":[{"@type":"ReadAction","target":["https:\/\/dosingpump.shop\/product\/lasp4-d-4x6-63cm-2p-connector-2\/"]}]},{"@type":"BreadcrumbList","@id":"https:\/\/dosingpump.shop\/product\/lasp4-d-4x6-63cm-2p-connector-2\/#breadcrumb","itemListElement":[{"@type":"ListItem","position":1,"name":"Home","item":"https:\/\/dosingpump.shop\/"},{"@type":"ListItem","position":2,"name":"Shop","item":"https:\/\/dosingpump.shop\/de\/shop\/"},{"@type":"ListItem","position":3,"name":"LASP4\/D 4X6 63CM (2P Connector)"}]},{"@type":"WebSite","@id":"https:\/\/dosingpump.shop\/de\/#website","url":"https:\/\/dosingpump.shop\/de\/","name":"Dosing Pump Shop B.V.","description":"","publisher":{"@id":"https:\/\/dosingpump.shop\/de\/#organization"},"potentialAction":[{"@type":"SearchAction","target":{"@type":"EntryPoint","urlTemplate":"https:\/\/dosingpump.shop\/de\/?s={search_term_string}"},"query-input":{"@type":"PropertyValueSpecification","valueRequired":true,"valueName":"search_term_string"}}],"inLanguage":"lt-LT"},{"@type":"Organization","@id":"https:\/\/dosingpump.shop\/de\/#organization","name":"Dosing Pump Shop B.V.","url":"https:\/\/dosingpump.shop\/de\/","logo":{"@type":"ImageObject","inLanguage":"lt-LT","@id":"https:\/\/dosingpump.shop\/de\/#\/schema\/logo\/image\/","url":"https:\/\/dosingpump.shop\/wp-content\/uploads\/2024\/10\/Dosing-Pump-Shop-logo.png","contentUrl":"https:\/\/dosingpump.shop\/wp-content\/uploads\/2024\/10\/Dosing-Pump-Shop-logo.png","width":350,"height":45,"caption":"Dosing Pump Shop B.V."},"image":{"@id":"https:\/\/dosingpump.shop\/de\/#\/schema\/logo\/image\/"},"sameAs":["https:\/\/linkedin.com\/company\/dosing-pump-shop"]}]},"product_price_amount":"124.00","product_price_currency":"EUR","og_availability":"instock","product_availability":"instock","product_retailer_item_id":"LASP4D06331ZO350003","product_condition":"new"},"_links":{"self":[{"href":"https:\/\/dosingpump.shop\/lt\/wp-json\/wp\/v2\/product\/4450","targetHints":{"allow":["GET"]}}],"collection":[{"href":"https:\/\/dosingpump.shop\/lt\/wp-json\/wp\/v2\/product"}],"about":[{"href":"https:\/\/dosingpump.shop\/lt\/wp-json\/wp\/v2\/types\/product"}],"wp:attachment":[{"href":"https:\/\/dosingpump.shop\/lt\/wp-json\/wp\/v2\/media?parent=4450"}],"wp:term":[{"taxonomy":"product_brand","embeddable":true,"href":"https:\/\/dosingpump.shop\/lt\/wp-json\/wp\/v2\/product_brand?post=4450"},{"taxonomy":"product_cat","embeddable":true,"href":"https:\/\/dosingpump.shop\/lt\/wp-json\/wp\/v2\/product_cat?post=4450"},{"taxonomy":"product_tag","embeddable":true,"href":"https:\/\/dosingpump.shop\/lt\/wp-json\/wp\/v2\/product_tag?post=4450"}],"curies":[{"name":"wp","href":"https:\/\/api.w.org\/{rel}","templated":true}]}}