{"id":6052,"date":"2025-01-22T10:34:42","date_gmt":"2025-01-22T10:34:42","guid":{"rendered":"https:\/\/dosingpump.shop\/product\/doseerinstallatie-voor-chloorethanol\/"},"modified":"2026-02-27T14:50:01","modified_gmt":"2026-02-27T12:50:01","slug":"chloroetanolio-dozavimo-irenginys","status":"publish","type":"product","link":"https:\/\/dosingpump.shop\/lt\/product\/doseerinstallatie-voor-chloorethanol\/","title":{"rendered":"Chloroetanolio dozavimo \u012frenginys"},"content":{"rendered":"<h3>Chloroetanolio dozatorius - 50 litr\u0173<\/h3>\n<p>Su \u0161ia chloroetanolio (ClCH2CH2OH) dozavimo sistema turite visk\u0105, ko reikia saugiam ir veiksmingam chloroetanolio dozavimui. \u017dinoma, mes pagalvojome apie atsparum\u0105 chemin\u0117ms med\u017eiagoms, kad \u012fvair\u016bs komponentai tarnaut\u0173 labai ilgai.<\/p>\n<p>Standartin\u0117 bako talpa - 50 litr\u0173. Rezervuare sumontuotas \u012fsiurbimo antgalis, kuris prijungtas prie dozavimo siurblio. \u012esiurbimo lynas turi lygio kontakt\u0105, kuris i\u0161jungia siurbl\u012f, kai bakas tu\u0161\u010dias. Tai patogu, nes neleid\u017eia orui patekti \u012f vamzd\u017eius. Dozavimo siurbl\u012f galima montuoti ant rezervuaro. \u0160ios sistemos komponentai tiekiami atskirai. Surinkti nesud\u0117tinga, ir mes, \u017einoma, galime jums pad\u0117ti tai padaryti.<\/p>\n<h3>Turinys Chloroetanolio dozatorius<\/h3>\n<ul>\n<li>50 litr\u0173 talpykla, tinkama chloroetanoliui.<\/li>\n<li>\"Emec K CL PLUS 08-08\" (8 l\/val. - 8 bar\u0173) dozavimo siurblys su reguliuojamu eigos ilgiu ir da\u017eniu.<\/li>\n<li>\u012esiurbimo lynas su lygio reguliavimu<\/li>\n<li>\u012epur\u0161kimo vo\u017etuvas ir dozavimo \u017earna<\/li>\n<\/ul>\n<p>\u0160iai chloro dozavimo sistemai <b>pasirinktinai<\/b> galima \u012fsigyti:<\/p>\n<ul>\n<li>Didesn\u012f bak\u0105 galima \u012fsigyti i\u0161: 100, 200, 500 arba 1 000 litr\u0173<\/li>\n<li>Iki 80 litr\u0173 per valand\u0105 na\u0161umas, kai siurbliai montuojami tiesiai ant rezervuaro<\/li>\n<li>Iki 1 000 litr\u0173 per valand\u0105 na\u0161umas, kai siurbliai statomi prie sienos vir\u0161 rezervuaro<\/li>\n<li>4-20 mA valdymas<\/li>\n<li>Bako u\u017epildymo siurblys<\/li>\n<li>Mai\u0161ytuvas (rankinis arba automatinis)<\/li>\n<li>Tinkamas la\u0161\u0117jimo pad\u0117klas<\/li>\n<li>Visi\u0161kai surinktas pristatymas<\/li>\n<\/ul>","protected":false},"excerpt":{"rendered":"<p>Sukomplektuota chloroetanolio dozavimo sistema, \u012fskaitant talpykl\u0105, \u012fsiurbimo lancet\u0119 ir dozavimo siurbl\u012f. Talpa 50 litr\u0173.<\/p>","protected":false},"featured_media":4432,"template":"","meta":[],"product_brand":[],"product_cat":[123],"product_tag":[],"class_list":{"0":"post-6052","1":"product","2":"type-product","3":"status-publish","4":"has-post-thumbnail","6":"product_cat-doseerinstallaties-voor-chemicalien","8":"first","9":"instock","10":"taxable","11":"shipping-taxable","12":"purchasable","13":"product-type-simple"},"yoast_head":"<!-- This site is optimized with the Yoast SEO plugin v27.2 - https:\/\/yoast.com\/product\/yoast-seo-wordpress\/ -->\n<title>Doseerinstallatie voor Chloorethanol | Dosing Pump Shop B.V.<\/title>\n<meta name=\"description\" content=\"Complete Doseerinstallatie voor Chloorethanol incl. tank, aanzuiglans en doseerpomp. Inhoud: 50 liter.\" \/>\n<meta name=\"robots\" content=\"index, follow, max-snippet:-1, max-image-preview:large, max-video-preview:-1\" \/>\n<link rel=\"canonical\" href=\"https:\/\/dosingpump.shop\/lt\/produktas\/chloroetanolio-dozavimo-irenginys\/\" \/>\n<meta property=\"og:locale\" content=\"lt_LT\" \/>\n<meta property=\"og:type\" content=\"article\" \/>\n<meta property=\"og:title\" content=\"Doseerinstallatie voor Chloorethanol | Dosing Pump Shop B.V.\" \/>\n<meta property=\"og:description\" content=\"Complete Doseerinstallatie voor Chloorethanol incl. tank, aanzuiglans en doseerpomp. Inhoud: 50 liter.\" \/>\n<meta property=\"og:url\" content=\"https:\/\/dosingpump.shop\/lt\/produktas\/chloroetanolio-dozavimo-irenginys\/\" \/>\n<meta property=\"og:site_name\" content=\"Dosing Pump Shop B.V.\" \/>\n<meta property=\"article:modified_time\" content=\"2026-02-27T12:50:01+00:00\" \/>\n<meta property=\"og:image\" content=\"https:\/\/dosingpump.shop\/wp-content\/uploads\/2024\/12\/waterstofperoxide-doseerinstallatie.webp\" \/>\n\t<meta property=\"og:image:width\" content=\"500\" \/>\n\t<meta property=\"og:image:height\" content=\"500\" \/>\n\t<meta property=\"og:image:type\" content=\"image\/webp\" \/>\n<meta name=\"twitter:card\" content=\"summary_large_image\" \/>\n<meta name=\"twitter:label1\" content=\"Price\" \/>\n\t<meta name=\"twitter:data1\" content=\"&euro;757,00\" \/>\n\t<meta name=\"twitter:label2\" content=\"Availability\" \/>\n\t<meta name=\"twitter:data2\" content=\"In stock\" \/>\n<script type=\"application\/ld+json\" class=\"yoast-schema-graph\">{\"@context\":\"https:\/\/schema.org\",\"@graph\":[{\"@type\":\"WebPage\",\"@id\":\"https:\/\/dosingpump.shop\/se\/produkt\/kloretanol-doseringsanlaggning\/\",\"url\":\"https:\/\/dosingpump.shop\/se\/produkt\/kloretanol-doseringsanlaggning\/\",\"name\":\"Doseerinstallatie voor Chloorethanol | Dosing Pump Shop B.V.\",\"isPartOf\":{\"@id\":\"https:\/\/dosingpump.shop\/de\/#website\"},\"primaryImageOfPage\":{\"@id\":\"https:\/\/dosingpump.shop\/se\/produkt\/kloretanol-doseringsanlaggning\/#primaryimage\"},\"image\":{\"@id\":\"https:\/\/dosingpump.shop\/se\/produkt\/kloretanol-doseringsanlaggning\/#primaryimage\"},\"thumbnailUrl\":\"https:\/\/dosingpump.shop\/wp-content\/uploads\/2024\/12\/waterstofperoxide-doseerinstallatie.webp\",\"datePublished\":\"2025-01-22T10:34:42+00:00\",\"dateModified\":\"2026-02-27T12:50:01+00:00\",\"description\":\"Complete Doseerinstallatie voor Chloorethanol incl. tank, aanzuiglans en doseerpomp. Inhoud: 50 liter.\",\"breadcrumb\":{\"@id\":\"https:\/\/dosingpump.shop\/se\/produkt\/kloretanol-doseringsanlaggning\/#breadcrumb\"},\"inLanguage\":\"lt-LT\",\"potentialAction\":[{\"@type\":\"ReadAction\",\"target\":[\"https:\/\/dosingpump.shop\/se\/produkt\/kloretanol-doseringsanlaggning\/\"]}]},{\"@type\":\"ImageObject\",\"inLanguage\":\"lt-LT\",\"@id\":\"https:\/\/dosingpump.shop\/se\/produkt\/kloretanol-doseringsanlaggning\/#primaryimage\",\"url\":\"https:\/\/dosingpump.shop\/wp-content\/uploads\/2024\/12\/waterstofperoxide-doseerinstallatie.webp\",\"contentUrl\":\"https:\/\/dosingpump.shop\/wp-content\/uploads\/2024\/12\/waterstofperoxide-doseerinstallatie.webp\",\"width\":500,\"height\":500},{\"@type\":\"BreadcrumbList\",\"@id\":\"https:\/\/dosingpump.shop\/se\/produkt\/kloretanol-doseringsanlaggning\/#breadcrumb\",\"itemListElement\":[{\"@type\":\"ListItem\",\"position\":1,\"name\":\"Home\",\"item\":\"https:\/\/dosingpump.shop\/\"},{\"@type\":\"ListItem\",\"position\":2,\"name\":\"Shop\",\"item\":\"https:\/\/dosingpump.shop\/de\/shop\/\"},{\"@type\":\"ListItem\",\"position\":3,\"name\":\"Doseerinstallatie voor Chloorethanol\"}]},{\"@type\":\"WebSite\",\"@id\":\"https:\/\/dosingpump.shop\/de\/#website\",\"url\":\"https:\/\/dosingpump.shop\/de\/\",\"name\":\"Dosing Pump Shop B.V.\",\"description\":\"\",\"publisher\":{\"@id\":\"https:\/\/dosingpump.shop\/de\/#organization\"},\"potentialAction\":[{\"@type\":\"SearchAction\",\"target\":{\"@type\":\"EntryPoint\",\"urlTemplate\":\"https:\/\/dosingpump.shop\/de\/?s={search_term_string}\"},\"query-input\":{\"@type\":\"PropertyValueSpecification\",\"valueRequired\":true,\"valueName\":\"search_term_string\"}}],\"inLanguage\":\"lt-LT\"},{\"@type\":\"Organization\",\"@id\":\"https:\/\/dosingpump.shop\/de\/#organization\",\"name\":\"Dosing Pump Shop B.V.\",\"url\":\"https:\/\/dosingpump.shop\/de\/\",\"logo\":{\"@type\":\"ImageObject\",\"inLanguage\":\"lt-LT\",\"@id\":\"https:\/\/dosingpump.shop\/de\/#\/schema\/logo\/image\/\",\"url\":\"https:\/\/dosingpump.shop\/wp-content\/uploads\/2024\/10\/Dosing-Pump-Shop-logo.png\",\"contentUrl\":\"https:\/\/dosingpump.shop\/wp-content\/uploads\/2024\/10\/Dosing-Pump-Shop-logo.png\",\"width\":350,\"height\":45,\"caption\":\"Dosing Pump Shop B.V.\"},\"image\":{\"@id\":\"https:\/\/dosingpump.shop\/de\/#\/schema\/logo\/image\/\"},\"sameAs\":[\"https:\/\/linkedin.com\/company\/dosing-pump-shop\"]}]}<\/script>\n<meta property=\"product:price:amount\" content=\"757.00\" \/>\n<meta property=\"product:price:currency\" content=\"EUR\" \/>\n<meta property=\"og:availability\" content=\"instock\" \/>\n<meta property=\"product:availability\" content=\"instock\" \/>\n<meta property=\"product:retailer_item_id\" content=\"doseerinstalatie-Chloorethanol\" \/>\n<meta property=\"product:condition\" content=\"new\" \/>\n<!-- \/ Yoast SEO plugin. -->","yoast_head_json":{"title":"Chloroetanolio dozavimo \u012frenginys | Dosing Pump Shop B.V.","description":"Sukomplektuota chloroetanolio dozavimo sistema su rezervuaru, \u012fsiurbimo lankais ir dozavimo siurbliu. Talpa: 50 litr\u0173.","robots":{"index":"index","follow":"follow","max-snippet":"max-snippet:-1","max-image-preview":"max-image-preview:large","max-video-preview":"max-video-preview:-1"},"canonical":"https:\/\/dosingpump.shop\/lt\/produktas\/chloroetanolio-dozavimo-irenginys\/","og_locale":"lt_LT","og_type":"article","og_title":"Doseerinstallatie voor Chloorethanol | Dosing Pump Shop B.V.","og_description":"Complete Doseerinstallatie voor Chloorethanol incl. tank, aanzuiglans en doseerpomp. Inhoud: 50 liter.","og_url":"https:\/\/dosingpump.shop\/lt\/produktas\/chloroetanolio-dozavimo-irenginys\/","og_site_name":"Dosing Pump Shop B.V.","article_modified_time":"2026-02-27T12:50:01+00:00","og_image":[{"width":500,"height":500,"url":"https:\/\/dosingpump.shop\/wp-content\/uploads\/2024\/12\/waterstofperoxide-doseerinstallatie.webp","type":"image\/webp"}],"twitter_card":"summary_large_image","twitter_misc":{"Price":"&euro;757,00","Availability":"In stock"},"schema":{"@context":"https:\/\/schema.org","@graph":[{"@type":"WebPage","@id":"https:\/\/dosingpump.shop\/se\/produkt\/kloretanol-doseringsanlaggning\/","url":"https:\/\/dosingpump.shop\/se\/produkt\/kloretanol-doseringsanlaggning\/","name":"Chloroetanolio dozavimo \u012frenginys | Dosing Pump Shop B.V.","isPartOf":{"@id":"https:\/\/dosingpump.shop\/de\/#website"},"primaryImageOfPage":{"@id":"https:\/\/dosingpump.shop\/se\/produkt\/kloretanol-doseringsanlaggning\/#primaryimage"},"image":{"@id":"https:\/\/dosingpump.shop\/se\/produkt\/kloretanol-doseringsanlaggning\/#primaryimage"},"thumbnailUrl":"https:\/\/dosingpump.shop\/wp-content\/uploads\/2024\/12\/waterstofperoxide-doseerinstallatie.webp","datePublished":"2025-01-22T10:34:42+00:00","dateModified":"2026-02-27T12:50:01+00:00","description":"Sukomplektuota chloroetanolio dozavimo sistema su rezervuaru, \u012fsiurbimo lankais ir dozavimo siurbliu. Talpa: 50 litr\u0173.","breadcrumb":{"@id":"https:\/\/dosingpump.shop\/se\/produkt\/kloretanol-doseringsanlaggning\/#breadcrumb"},"inLanguage":"lt-LT","potentialAction":[{"@type":"ReadAction","target":["https:\/\/dosingpump.shop\/se\/produkt\/kloretanol-doseringsanlaggning\/"]}]},{"@type":"ImageObject","inLanguage":"lt-LT","@id":"https:\/\/dosingpump.shop\/se\/produkt\/kloretanol-doseringsanlaggning\/#primaryimage","url":"https:\/\/dosingpump.shop\/wp-content\/uploads\/2024\/12\/waterstofperoxide-doseerinstallatie.webp","contentUrl":"https:\/\/dosingpump.shop\/wp-content\/uploads\/2024\/12\/waterstofperoxide-doseerinstallatie.webp","width":500,"height":500},{"@type":"BreadcrumbList","@id":"https:\/\/dosingpump.shop\/se\/produkt\/kloretanol-doseringsanlaggning\/#breadcrumb","itemListElement":[{"@type":"ListItem","position":1,"name":"Home","item":"https:\/\/dosingpump.shop\/"},{"@type":"ListItem","position":2,"name":"Shop","item":"https:\/\/dosingpump.shop\/de\/shop\/"},{"@type":"ListItem","position":3,"name":"Doseerinstallatie voor Chloorethanol"}]},{"@type":"WebSite","@id":"https:\/\/dosingpump.shop\/de\/#website","url":"https:\/\/dosingpump.shop\/de\/","name":"Dosing Pump Shop B.V.","description":"","publisher":{"@id":"https:\/\/dosingpump.shop\/de\/#organization"},"potentialAction":[{"@type":"SearchAction","target":{"@type":"EntryPoint","urlTemplate":"https:\/\/dosingpump.shop\/de\/?s={search_term_string}"},"query-input":{"@type":"PropertyValueSpecification","valueRequired":true,"valueName":"search_term_string"}}],"inLanguage":"lt-LT"},{"@type":"Organization","@id":"https:\/\/dosingpump.shop\/de\/#organization","name":"Dosing Pump Shop B.V.","url":"https:\/\/dosingpump.shop\/de\/","logo":{"@type":"ImageObject","inLanguage":"lt-LT","@id":"https:\/\/dosingpump.shop\/de\/#\/schema\/logo\/image\/","url":"https:\/\/dosingpump.shop\/wp-content\/uploads\/2024\/10\/Dosing-Pump-Shop-logo.png","contentUrl":"https:\/\/dosingpump.shop\/wp-content\/uploads\/2024\/10\/Dosing-Pump-Shop-logo.png","width":350,"height":45,"caption":"Dosing Pump Shop B.V."},"image":{"@id":"https:\/\/dosingpump.shop\/de\/#\/schema\/logo\/image\/"},"sameAs":["https:\/\/linkedin.com\/company\/dosing-pump-shop"]}]},"product_price_amount":"757.00","product_price_currency":"EUR","og_availability":"instock","product_availability":"instock","product_retailer_item_id":"doseerinstalatie-Chloorethanol","product_condition":"new"},"_links":{"self":[{"href":"https:\/\/dosingpump.shop\/lt\/wp-json\/wp\/v2\/product\/6052","targetHints":{"allow":["GET"]}}],"collection":[{"href":"https:\/\/dosingpump.shop\/lt\/wp-json\/wp\/v2\/product"}],"about":[{"href":"https:\/\/dosingpump.shop\/lt\/wp-json\/wp\/v2\/types\/product"}],"wp:featuredmedia":[{"embeddable":true,"href":"https:\/\/dosingpump.shop\/lt\/wp-json\/wp\/v2\/media\/4432"}],"wp:attachment":[{"href":"https:\/\/dosingpump.shop\/lt\/wp-json\/wp\/v2\/media?parent=6052"}],"wp:term":[{"taxonomy":"product_brand","embeddable":true,"href":"https:\/\/dosingpump.shop\/lt\/wp-json\/wp\/v2\/product_brand?post=6052"},{"taxonomy":"product_cat","embeddable":true,"href":"https:\/\/dosingpump.shop\/lt\/wp-json\/wp\/v2\/product_cat?post=6052"},{"taxonomy":"product_tag","embeddable":true,"href":"https:\/\/dosingpump.shop\/lt\/wp-json\/wp\/v2\/product_tag?post=6052"}],"curies":[{"name":"wp","href":"https:\/\/api.w.org\/{rel}","templated":true}]}}