{"id":6352,"date":"2025-01-22T14:19:37","date_gmt":"2025-01-22T14:19:37","guid":{"rendered":"https:\/\/dosingpump.shop\/product\/watermeter-catcit-15-1-2-4i-l\/"},"modified":"2026-02-27T14:50:17","modified_gmt":"2026-02-27T12:50:17","slug":"vandens-skaitikliu-katcit-15-1-2-4i-l","status":"publish","type":"product","link":"https:\/\/dosingpump.shop\/lt\/product\/watermeter-catcit-15-1-2-4i-l\/","title":{"rendered":"Vandens skaitiklis CATCIT-15 1\/2\u2033 4i\/L"},"content":{"rendered":"<h3>\"Emec CATCIT\" | Impulsinis vandens skaitiklis, skirtas koroziniams skys\u010diams, esant auk\u0161tai temperat\u016brai<\/h3>\n<p>\"Emec CATCIT\" yra tikslus vandens skaitiklis su impuls\u0173 generatoriumi, skirtas korozij\u0105 sukeliantiems skys\u010diams auk\u0161toje temperat\u016broje matuoti. Skaitiklis generuoja impulsus litrui, tod\u0117l dozavimo siurbliai gali tiksliai dozuoti. Tai leid\u017eia sukurti 1% tirpal\u0105 arba nustatyti ppm lygio dozes. Be to, pasikeitus vandens srautui, dozavimo siurblys automati\u0161kai reguliuojasi, tod\u0117l dozavimas visada i\u0161lieka pastovus.<\/p>\n<p>Vandens skaitiklis turi saus\u0105 ciferblat\u0105, kuris idealiai tinka skys\u010diams su ne\u0161varum\u0173 dalel\u0117mis. \u0160variam geriamajam vandeniui gerai tinka dr\u0117gnas ciferblatas. D\u0117l vidin\u0117s ir i\u0161orin\u0117s PTFE dangos \"Emec CATCIT\" pasi\u017eymi puikiu atsparumu korozijai.<\/p>\n<h4>Koki\u0173 versij\u0173 jungtys yra prieinamos?<\/h4>\n<p>\"Emec CATCIT\" yra \u012fvairi\u0173 versij\u0173 ir jung\u010di\u0173. Tod\u0117l lengva pasirinkti konkre\u010diai j\u016bs\u0173 sistemai tinkant\u012f model\u012f.<\/p>\n<ul>\n<li><strong>CATCIT 15<\/strong>: 15 mm jungtis (1\/2 colio)<\/li>\n<li><strong>CATCIT 20<\/strong>: 20 mm jungtis (3\/4 colio)<\/li>\n<li><strong>CATCIT 25<\/strong>: 25 mm jungtis (1 colis)<\/li>\n<li><strong>CATCIT 30<\/strong>: 30 mm jungtis (1,1\/4 colio)<\/li>\n<li><strong>CATCIT 40<\/strong>: 40 mm jungtis (1,1\/2 colio)<\/li>\n<li><strong>CATCIT 50<\/strong>: 50 mm jungtis (2 coliai)<\/li>\n<\/ul>\n<h4>Svarbu \u017einoti<\/h4>\n<p>Kad veikt\u0173 teisingai, naudokite dozavimo siurbl\u012f su MF (daugiafunkcine) konfig\u016bracija. Abejojate d\u0117l tinkamos konfig\u016bracijos? Jei taip, nedvejodami kreipkit\u0117s \u012f mus. M\u016bs\u0173 komanda pasirengusi jums patarti.<\/p>","protected":false},"excerpt":{"rendered":"<ul>\n<li>Ypa\u010d skirtas naudoti su kar\u0161tu \/ kar\u0161tu vandeniu.<\/li>\n<li>PFTE danga, skirta naudoti su korozij\u0105 sukelian\u010diais skys\u010diais.<\/li>\n<li>Impuls\u0173 generatorius su sausu rinkikliu.<\/li>\n<li>Tiekiamas su 2,5 m kabeliu.<\/li>\n<\/ul>\n<p><em>Kaina taikoma \u0161iam modeliui: CATCIT 15. Kitiems modeliams taikomas papildomas mokestis, pra\u0161ome pateikti pasi\u016blym\u0105.<\/em><\/p>","protected":false},"featured_media":5885,"template":"","meta":[],"product_brand":[],"product_cat":[34,40],"product_tag":[],"class_list":{"0":"post-6352","1":"product","2":"type-product","3":"status-publish","4":"has-post-thumbnail","6":"product_cat-accessoires","7":"product_cat-watermeter-met-pulsgever","9":"first","10":"instock","11":"taxable","12":"shipping-taxable","13":"purchasable","14":"product-type-simple"},"yoast_head":"<!-- This site is optimized with the Yoast SEO plugin v27.2 - https:\/\/yoast.com\/product\/yoast-seo-wordpress\/ -->\n<title>Watermeter CATCIT-15 1\/2&quot; 4i\/L | Dosing Pump Shop B.V.<\/title>\n<meta name=\"robots\" content=\"index, follow, max-snippet:-1, max-image-preview:large, max-video-preview:-1\" \/>\n<link rel=\"canonical\" href=\"https:\/\/dosingpump.shop\/lt\/produktas\/vandens-skaitikliu-katcit-15-1-2-4i-l\/\" \/>\n<meta property=\"og:locale\" content=\"lt_LT\" \/>\n<meta property=\"og:type\" content=\"article\" \/>\n<meta property=\"og:title\" content=\"Watermeter CATCIT-15 1\/2&quot; 4i\/L | Dosing Pump Shop B.V.\" \/>\n<meta property=\"og:description\" content=\"Speciaal voor gebruik met warm\/heet water.  PFTE coating voor gebruik met corrosieve vloeistoffen.  Pulsgever met droge wijzerplaat.  Geleverd met 2,5 meter kabel.  Prijs geldt voor het volgende model: CATCIT 15. Voor andere modellen geldt een meerprijs, vraag daarvoor een offerte op.\" \/>\n<meta property=\"og:url\" content=\"https:\/\/dosingpump.shop\/lt\/produktas\/vandens-skaitikliu-katcit-15-1-2-4i-l\/\" \/>\n<meta property=\"og:site_name\" content=\"Dosing Pump Shop B.V.\" \/>\n<meta property=\"article:modified_time\" content=\"2026-02-27T12:50:17+00:00\" \/>\n<meta property=\"og:image\" content=\"https:\/\/dosingpump.shop\/wp-content\/uploads\/2024\/12\/Emec-CatCit.png\" \/>\n\t<meta property=\"og:image:width\" content=\"500\" \/>\n\t<meta property=\"og:image:height\" content=\"500\" \/>\n\t<meta property=\"og:image:type\" content=\"image\/png\" \/>\n<meta name=\"twitter:card\" content=\"summary_large_image\" \/>\n<meta name=\"twitter:label1\" content=\"Price\" \/>\n\t<meta name=\"twitter:data1\" content=\"&euro;284,00\" \/>\n\t<meta name=\"twitter:label2\" content=\"Availability\" \/>\n\t<meta name=\"twitter:data2\" content=\"In stock\" \/>\n<script type=\"application\/ld+json\" class=\"yoast-schema-graph\">{\"@context\":\"https:\/\/schema.org\",\"@graph\":[{\"@type\":\"WebPage\",\"@id\":\"https:\/\/dosingpump.shop\/nl\/product\/watermeter-catcit-15-1-2-4i-l\/\",\"url\":\"https:\/\/dosingpump.shop\/nl\/product\/watermeter-catcit-15-1-2-4i-l\/\",\"name\":\"Watermeter CATCIT-15 1\/2\\\" 4i\/L | Dosing Pump Shop B.V.\",\"isPartOf\":{\"@id\":\"https:\/\/dosingpump.shop\/de\/#website\"},\"primaryImageOfPage\":{\"@id\":\"https:\/\/dosingpump.shop\/nl\/product\/watermeter-catcit-15-1-2-4i-l\/#primaryimage\"},\"image\":{\"@id\":\"https:\/\/dosingpump.shop\/nl\/product\/watermeter-catcit-15-1-2-4i-l\/#primaryimage\"},\"thumbnailUrl\":\"https:\/\/dosingpump.shop\/wp-content\/uploads\/2024\/12\/Emec-CatCit.png\",\"datePublished\":\"2025-01-22T14:19:37+00:00\",\"dateModified\":\"2026-02-27T12:50:17+00:00\",\"breadcrumb\":{\"@id\":\"https:\/\/dosingpump.shop\/nl\/product\/watermeter-catcit-15-1-2-4i-l\/#breadcrumb\"},\"inLanguage\":\"lt-LT\",\"potentialAction\":[{\"@type\":\"ReadAction\",\"target\":[\"https:\/\/dosingpump.shop\/nl\/product\/watermeter-catcit-15-1-2-4i-l\/\"]}]},{\"@type\":\"ImageObject\",\"inLanguage\":\"lt-LT\",\"@id\":\"https:\/\/dosingpump.shop\/nl\/product\/watermeter-catcit-15-1-2-4i-l\/#primaryimage\",\"url\":\"https:\/\/dosingpump.shop\/wp-content\/uploads\/2024\/12\/Emec-CatCit.png\",\"contentUrl\":\"https:\/\/dosingpump.shop\/wp-content\/uploads\/2024\/12\/Emec-CatCit.png\",\"width\":500,\"height\":500,\"caption\":\"Emec CatCit\"},{\"@type\":\"BreadcrumbList\",\"@id\":\"https:\/\/dosingpump.shop\/nl\/product\/watermeter-catcit-15-1-2-4i-l\/#breadcrumb\",\"itemListElement\":[{\"@type\":\"ListItem\",\"position\":1,\"name\":\"Home\",\"item\":\"https:\/\/dosingpump.shop\/\"},{\"@type\":\"ListItem\",\"position\":2,\"name\":\"Shop\",\"item\":\"https:\/\/dosingpump.shop\/de\/shop\/\"},{\"@type\":\"ListItem\",\"position\":3,\"name\":\"Watermeter CATCIT-15 1\/2&#8243; 4i\/L\"}]},{\"@type\":\"WebSite\",\"@id\":\"https:\/\/dosingpump.shop\/de\/#website\",\"url\":\"https:\/\/dosingpump.shop\/de\/\",\"name\":\"Dosing Pump Shop B.V.\",\"description\":\"\",\"publisher\":{\"@id\":\"https:\/\/dosingpump.shop\/de\/#organization\"},\"potentialAction\":[{\"@type\":\"SearchAction\",\"target\":{\"@type\":\"EntryPoint\",\"urlTemplate\":\"https:\/\/dosingpump.shop\/de\/?s={search_term_string}\"},\"query-input\":{\"@type\":\"PropertyValueSpecification\",\"valueRequired\":true,\"valueName\":\"search_term_string\"}}],\"inLanguage\":\"lt-LT\"},{\"@type\":\"Organization\",\"@id\":\"https:\/\/dosingpump.shop\/de\/#organization\",\"name\":\"Dosing Pump Shop B.V.\",\"url\":\"https:\/\/dosingpump.shop\/de\/\",\"logo\":{\"@type\":\"ImageObject\",\"inLanguage\":\"lt-LT\",\"@id\":\"https:\/\/dosingpump.shop\/de\/#\/schema\/logo\/image\/\",\"url\":\"https:\/\/dosingpump.shop\/wp-content\/uploads\/2024\/10\/Dosing-Pump-Shop-logo.png\",\"contentUrl\":\"https:\/\/dosingpump.shop\/wp-content\/uploads\/2024\/10\/Dosing-Pump-Shop-logo.png\",\"width\":350,\"height\":45,\"caption\":\"Dosing Pump Shop B.V.\"},\"image\":{\"@id\":\"https:\/\/dosingpump.shop\/de\/#\/schema\/logo\/image\/\"},\"sameAs\":[\"https:\/\/linkedin.com\/company\/dosing-pump-shop\"]}]}<\/script>\n<meta property=\"product:price:amount\" content=\"284.00\" \/>\n<meta property=\"product:price:currency\" content=\"EUR\" \/>\n<meta property=\"og:availability\" content=\"instock\" \/>\n<meta property=\"product:availability\" content=\"instock\" \/>\n<meta property=\"product:retailer_item_id\" content=\"CATCT015004L02,5000X\" \/>\n<meta property=\"product:condition\" content=\"new\" \/>\n<!-- \/ Yoast SEO plugin. -->","yoast_head_json":{"title":"Vandens skaitiklis CATCIT-15 1\/2\" 4i\/L | Dosing Pump Shop B.V.","robots":{"index":"index","follow":"follow","max-snippet":"max-snippet:-1","max-image-preview":"max-image-preview:large","max-video-preview":"max-video-preview:-1"},"canonical":"https:\/\/dosingpump.shop\/lt\/produktas\/vandens-skaitikliu-katcit-15-1-2-4i-l\/","og_locale":"lt_LT","og_type":"article","og_title":"Watermeter CATCIT-15 1\/2\" 4i\/L | Dosing Pump Shop B.V.","og_description":"Speciaal voor gebruik met warm\/heet water.  PFTE coating voor gebruik met corrosieve vloeistoffen.  Pulsgever met droge wijzerplaat.  Geleverd met 2,5 meter kabel.  Prijs geldt voor het volgende model: CATCIT 15. Voor andere modellen geldt een meerprijs, vraag daarvoor een offerte op.","og_url":"https:\/\/dosingpump.shop\/lt\/produktas\/vandens-skaitikliu-katcit-15-1-2-4i-l\/","og_site_name":"Dosing Pump Shop B.V.","article_modified_time":"2026-02-27T12:50:17+00:00","og_image":[{"width":500,"height":500,"url":"https:\/\/dosingpump.shop\/wp-content\/uploads\/2024\/12\/Emec-CatCit.png","type":"image\/png"}],"twitter_card":"summary_large_image","twitter_misc":{"Price":"&euro;284,00","Availability":"In stock"},"schema":{"@context":"https:\/\/schema.org","@graph":[{"@type":"WebPage","@id":"https:\/\/dosingpump.shop\/nl\/product\/watermeter-catcit-15-1-2-4i-l\/","url":"https:\/\/dosingpump.shop\/nl\/product\/watermeter-catcit-15-1-2-4i-l\/","name":"Vandens skaitiklis CATCIT-15 1\/2\" 4i\/L | Dosing Pump Shop B.V.","isPartOf":{"@id":"https:\/\/dosingpump.shop\/de\/#website"},"primaryImageOfPage":{"@id":"https:\/\/dosingpump.shop\/nl\/product\/watermeter-catcit-15-1-2-4i-l\/#primaryimage"},"image":{"@id":"https:\/\/dosingpump.shop\/nl\/product\/watermeter-catcit-15-1-2-4i-l\/#primaryimage"},"thumbnailUrl":"https:\/\/dosingpump.shop\/wp-content\/uploads\/2024\/12\/Emec-CatCit.png","datePublished":"2025-01-22T14:19:37+00:00","dateModified":"2026-02-27T12:50:17+00:00","breadcrumb":{"@id":"https:\/\/dosingpump.shop\/nl\/product\/watermeter-catcit-15-1-2-4i-l\/#breadcrumb"},"inLanguage":"lt-LT","potentialAction":[{"@type":"ReadAction","target":["https:\/\/dosingpump.shop\/nl\/product\/watermeter-catcit-15-1-2-4i-l\/"]}]},{"@type":"ImageObject","inLanguage":"lt-LT","@id":"https:\/\/dosingpump.shop\/nl\/product\/watermeter-catcit-15-1-2-4i-l\/#primaryimage","url":"https:\/\/dosingpump.shop\/wp-content\/uploads\/2024\/12\/Emec-CatCit.png","contentUrl":"https:\/\/dosingpump.shop\/wp-content\/uploads\/2024\/12\/Emec-CatCit.png","width":500,"height":500,"caption":"Emec CatCit"},{"@type":"BreadcrumbList","@id":"https:\/\/dosingpump.shop\/nl\/product\/watermeter-catcit-15-1-2-4i-l\/#breadcrumb","itemListElement":[{"@type":"ListItem","position":1,"name":"Home","item":"https:\/\/dosingpump.shop\/"},{"@type":"ListItem","position":2,"name":"Shop","item":"https:\/\/dosingpump.shop\/de\/shop\/"},{"@type":"ListItem","position":3,"name":"Watermeter CATCIT-15 1\/2&#8243; 4i\/L"}]},{"@type":"WebSite","@id":"https:\/\/dosingpump.shop\/de\/#website","url":"https:\/\/dosingpump.shop\/de\/","name":"Dosing Pump Shop B.V.","description":"","publisher":{"@id":"https:\/\/dosingpump.shop\/de\/#organization"},"potentialAction":[{"@type":"SearchAction","target":{"@type":"EntryPoint","urlTemplate":"https:\/\/dosingpump.shop\/de\/?s={search_term_string}"},"query-input":{"@type":"PropertyValueSpecification","valueRequired":true,"valueName":"search_term_string"}}],"inLanguage":"lt-LT"},{"@type":"Organization","@id":"https:\/\/dosingpump.shop\/de\/#organization","name":"Dosing Pump Shop B.V.","url":"https:\/\/dosingpump.shop\/de\/","logo":{"@type":"ImageObject","inLanguage":"lt-LT","@id":"https:\/\/dosingpump.shop\/de\/#\/schema\/logo\/image\/","url":"https:\/\/dosingpump.shop\/wp-content\/uploads\/2024\/10\/Dosing-Pump-Shop-logo.png","contentUrl":"https:\/\/dosingpump.shop\/wp-content\/uploads\/2024\/10\/Dosing-Pump-Shop-logo.png","width":350,"height":45,"caption":"Dosing Pump Shop B.V."},"image":{"@id":"https:\/\/dosingpump.shop\/de\/#\/schema\/logo\/image\/"},"sameAs":["https:\/\/linkedin.com\/company\/dosing-pump-shop"]}]},"product_price_amount":"284.00","product_price_currency":"EUR","og_availability":"instock","product_availability":"instock","product_retailer_item_id":"CATCT015004L02,5000X","product_condition":"new"},"_links":{"self":[{"href":"https:\/\/dosingpump.shop\/lt\/wp-json\/wp\/v2\/product\/6352","targetHints":{"allow":["GET"]}}],"collection":[{"href":"https:\/\/dosingpump.shop\/lt\/wp-json\/wp\/v2\/product"}],"about":[{"href":"https:\/\/dosingpump.shop\/lt\/wp-json\/wp\/v2\/types\/product"}],"wp:featuredmedia":[{"embeddable":true,"href":"https:\/\/dosingpump.shop\/lt\/wp-json\/wp\/v2\/media\/5885"}],"wp:attachment":[{"href":"https:\/\/dosingpump.shop\/lt\/wp-json\/wp\/v2\/media?parent=6352"}],"wp:term":[{"taxonomy":"product_brand","embeddable":true,"href":"https:\/\/dosingpump.shop\/lt\/wp-json\/wp\/v2\/product_brand?post=6352"},{"taxonomy":"product_cat","embeddable":true,"href":"https:\/\/dosingpump.shop\/lt\/wp-json\/wp\/v2\/product_cat?post=6352"},{"taxonomy":"product_tag","embeddable":true,"href":"https:\/\/dosingpump.shop\/lt\/wp-json\/wp\/v2\/product_tag?post=6352"}],"curies":[{"name":"wp","href":"https:\/\/api.w.org\/{rel}","templated":true}]}}