{"id":6520,"date":"2025-01-29T13:36:38","date_gmt":"2025-01-29T13:36:38","guid":{"rendered":"https:\/\/dosingpump.shop\/?post_type=product&#038;p=6520"},"modified":"2026-02-27T14:50:19","modified_gmt":"2026-02-27T12:50:19","slug":"emec-ams-cl-plus-07-20-pmmaep","status":"publish","type":"product","link":"https:\/\/dosingpump.shop\/lt\/product\/emec-ams-cl-plus-07-20-pmmaep\/","title":{"rendered":"\"Emec AMS CL PLUS 07-20 PMMA+EP"},"content":{"rendered":"<p>\"Emec AMS CL PLUS 07-20 PMMA+EP\" yra pa\u017eangus dozavimo siurblys, pasi\u017eymintis dideliu tikslumu ir patikimumu \u012fvairiose srityse. \u0160is modelis veikia pastoviuoju re\u017eimu ir yra skirtas pramon\u0117s \u0161akoms, kuriose b\u016btinas tikslus dozavimas, pavyzd\u017eiui, vandens valymo, chemini\u0173 proces\u0173 ir \u017eem\u0117s \u016bkio srityse. Pa\u017eangi lygio kontrol\u0117 u\u017etikrina pastov\u0173 siurblio veikim\u0105 nepriklausomai nuo apkrovos ar aplinkos svyravim\u0173.<\/p>\n<p>\u0160is dozavimo siurblys gali i\u0161purk\u0161ti 20 litr\u0173 per valand\u0105, esant 7 bar\u0173 sl\u0117giui. Jo konstrukcija i\u0161 PMMA (polimetilmetakrilato) ir EP (etileno-propileno kau\u010diuko) u\u017etikrina papildom\u0105 atsparum\u0105 chemin\u0117ms med\u017eiagoms ir ilgaam\u017ei\u0161kum\u0105. \u0160i med\u017eiaga u\u017etikrina, kad siurblys tinka agresyviems skys\u010diams ir ilgalaikiam naudojimui neprarandant na\u0161umo.<\/p>\n<p>Kaip ir kituose AMS CL PLUS serijos modeliuose, \u0161iame siurblyje, kaip ir kituose, sumontuota pilna PTFE diafragma, u\u017etikrinanti ilg\u0105 tarnavimo laik\u0105 ir minimalius technin\u0117s prie\u017ei\u016bros reikalavimus. \u012esigydami gausite vis\u0105 komplekt\u0105, \u012fskaitant \u012fsiurbimo filtr\u0105, \u012fpur\u0161kimo vo\u017etuv\u0105 ir \u017earn\u0105, kad gal\u0117tum\u0117te i\u0161 karto prad\u0117ti dirbti.<\/p>\n<h4><strong>Pagrindin\u0117s \"Emec AMS CL PLUS 07-20 PMMA+EP\" savyb\u0117s:<\/strong><\/h4>\n<ul>\n<li><strong>20 l\/h, esant 7 barams<\/strong> - Didelis na\u0161umas ir sl\u0117gis \u012fvairioms reikm\u0117ms<\/li>\n<li><strong>PMMA ir EP med\u017eiagos<\/strong> - Puikus atsparumas chemin\u0117ms med\u017eiagoms<\/li>\n<li><strong>Visi\u0161ka PTFE membrana<\/strong> - Patvarus ir nereikalaujantis daug prie\u017ei\u016bros<\/li>\n<li><strong>Reguliuojamas sm\u016bgio da\u017enis ir sm\u016bgio apimtis<\/strong> - Tiksli dozavimo kontrol\u0117<\/li>\n<li><strong>Pridedamas pilnas montavimo rinkinys<\/strong> - I\u0161kart paruo\u0161tas naudoti<\/li>\n<\/ul>\n<p>D\u0117l galimyb\u0117s reguliuoti tiek eigos da\u017en\u012f, tiek eigos apimt\u012f \"Emec AMS CL PLUS 07-20 PMMA+EP\" si\u016blo maksimal\u0173 lankstum\u0105 ir kontrol\u0119. D\u0117l to siurblys puikiai tinka tiksliam ir stabiliam dozavimui sud\u0117tinguose pramoniniuose procesuose.<\/p>\n<p>Norite su\u017einoti, ar \u0161is siurblys tinka j\u016bs\u0173 programai? Mes mielai pad\u0117sime jums ekspert\u0173 patarimais ir parinksime tinkam\u0105 konfig\u016bracij\u0105.<\/p>","protected":false},"excerpt":{"rendered":"<p>Svetain\u0117\u00a0<a href=\"https:\/\/dosingpump.shop\/de\/produkt\/emec-ams-cl-plus-dosierpumpe\/\">AMS CL PLUS<\/a>\u00a0tai pa\u017eangi sistema, veikianti nuolatiniu re\u017eimu. Ji u\u017etikrina pageidaujam\u0105 na\u0161um\u0105, tiksliai kontroliuodama lyg\u012f.<\/p>\n<ul>\n<li>Nuolatinis dozavimas<\/li>\n<li>Pristatoma sukomplektuota<\/li>\n<li>Visi\u0161ka PTFE membrana<\/li>\n<\/ul>","protected":false},"featured_media":5190,"template":"","meta":[],"product_brand":[],"product_cat":[85],"product_tag":[],"class_list":{"0":"post-6520","1":"product","2":"type-product","3":"status-publish","4":"has-post-thumbnail","6":"product_cat-assortiment","8":"first","9":"onbackorder","10":"taxable","11":"shipping-taxable","12":"purchasable","13":"product-type-simple"},"yoast_head":"<!-- This site is optimized with the Yoast SEO plugin v27.2 - https:\/\/yoast.com\/product\/yoast-seo-wordpress\/ -->\n<title>Emec AMS CL PLUS 07-20 PMMA+EP | Dosing Pump Shop B.V.<\/title>\n<meta name=\"robots\" content=\"index, follow, max-snippet:-1, max-image-preview:large, max-video-preview:-1\" \/>\n<link rel=\"canonical\" href=\"https:\/\/dosingpump.shop\/lt\/produktas\/emec-ams-cl-plus-07-20-pmmaep\/\" \/>\n<meta property=\"og:locale\" content=\"lt_LT\" \/>\n<meta property=\"og:type\" content=\"article\" \/>\n<meta property=\"og:title\" content=\"Emec AMS CL PLUS 07-20 PMMA+EP | Dosing Pump Shop B.V.\" \/>\n<meta property=\"og:description\" content=\"De\u00a0AMS CL PLUS\u00a0is een geavanceerd systeem dat werkt in een constante modus. Het levert gewenste prestaties met nauwkeurige niveauregeling.   Continu doseren  Compleet geleverd  Vol PTFE membraan\" \/>\n<meta property=\"og:url\" content=\"https:\/\/dosingpump.shop\/lt\/produktas\/emec-ams-cl-plus-07-20-pmmaep\/\" \/>\n<meta property=\"og:site_name\" content=\"Dosing Pump Shop B.V.\" \/>\n<meta property=\"article:modified_time\" content=\"2026-02-27T12:50:19+00:00\" \/>\n<meta property=\"og:image\" content=\"https:\/\/dosingpump.shop\/wp-content\/uploads\/2024\/12\/Emec-AMS-Series.webp\" \/>\n\t<meta property=\"og:image:width\" content=\"600\" \/>\n\t<meta property=\"og:image:height\" content=\"600\" \/>\n\t<meta property=\"og:image:type\" content=\"image\/webp\" \/>\n<meta name=\"twitter:card\" content=\"summary_large_image\" \/>\n<meta name=\"twitter:label1\" content=\"Price\" \/>\n\t<meta name=\"twitter:data1\" content=\"&euro;893,00\" \/>\n\t<meta name=\"twitter:label2\" content=\"Availability\" \/>\n\t<meta name=\"twitter:data2\" content=\"On backorder\" \/>\n<script type=\"application\/ld+json\" class=\"yoast-schema-graph\">{\"@context\":\"https:\/\/schema.org\",\"@graph\":[{\"@type\":\"WebPage\",\"@id\":\"https:\/\/dosingpump.shop\/pl\/produkt-2\/emec-ams-cl-plus-07-20-pmmaep\/\",\"url\":\"https:\/\/dosingpump.shop\/pl\/produkt-2\/emec-ams-cl-plus-07-20-pmmaep\/\",\"name\":\"Emec AMS CL PLUS 07-20 PMMA+EP | Dosing Pump Shop B.V.\",\"isPartOf\":{\"@id\":\"https:\/\/dosingpump.shop\/de\/#website\"},\"primaryImageOfPage\":{\"@id\":\"https:\/\/dosingpump.shop\/pl\/produkt-2\/emec-ams-cl-plus-07-20-pmmaep\/#primaryimage\"},\"image\":{\"@id\":\"https:\/\/dosingpump.shop\/pl\/produkt-2\/emec-ams-cl-plus-07-20-pmmaep\/#primaryimage\"},\"thumbnailUrl\":\"https:\/\/dosingpump.shop\/wp-content\/uploads\/2024\/12\/Emec-AMS-Series.webp\",\"datePublished\":\"2025-01-29T13:36:38+00:00\",\"dateModified\":\"2026-02-27T12:50:19+00:00\",\"breadcrumb\":{\"@id\":\"https:\/\/dosingpump.shop\/pl\/produkt-2\/emec-ams-cl-plus-07-20-pmmaep\/#breadcrumb\"},\"inLanguage\":\"lt-LT\",\"potentialAction\":[{\"@type\":\"ReadAction\",\"target\":[\"https:\/\/dosingpump.shop\/pl\/produkt-2\/emec-ams-cl-plus-07-20-pmmaep\/\"]}]},{\"@type\":\"ImageObject\",\"inLanguage\":\"lt-LT\",\"@id\":\"https:\/\/dosingpump.shop\/pl\/produkt-2\/emec-ams-cl-plus-07-20-pmmaep\/#primaryimage\",\"url\":\"https:\/\/dosingpump.shop\/wp-content\/uploads\/2024\/12\/Emec-AMS-Series.webp\",\"contentUrl\":\"https:\/\/dosingpump.shop\/wp-content\/uploads\/2024\/12\/Emec-AMS-Series.webp\",\"width\":600,\"height\":600},{\"@type\":\"BreadcrumbList\",\"@id\":\"https:\/\/dosingpump.shop\/pl\/produkt-2\/emec-ams-cl-plus-07-20-pmmaep\/#breadcrumb\",\"itemListElement\":[{\"@type\":\"ListItem\",\"position\":1,\"name\":\"Home\",\"item\":\"https:\/\/dosingpump.shop\/\"},{\"@type\":\"ListItem\",\"position\":2,\"name\":\"Shop\",\"item\":\"https:\/\/dosingpump.shop\/de\/shop\/\"},{\"@type\":\"ListItem\",\"position\":3,\"name\":\"Emec AMS CL PLUS 07-20 PMMA+EP\"}]},{\"@type\":\"WebSite\",\"@id\":\"https:\/\/dosingpump.shop\/de\/#website\",\"url\":\"https:\/\/dosingpump.shop\/de\/\",\"name\":\"Dosing Pump Shop B.V.\",\"description\":\"\",\"publisher\":{\"@id\":\"https:\/\/dosingpump.shop\/de\/#organization\"},\"potentialAction\":[{\"@type\":\"SearchAction\",\"target\":{\"@type\":\"EntryPoint\",\"urlTemplate\":\"https:\/\/dosingpump.shop\/de\/?s={search_term_string}\"},\"query-input\":{\"@type\":\"PropertyValueSpecification\",\"valueRequired\":true,\"valueName\":\"search_term_string\"}}],\"inLanguage\":\"lt-LT\"},{\"@type\":\"Organization\",\"@id\":\"https:\/\/dosingpump.shop\/de\/#organization\",\"name\":\"Dosing Pump Shop B.V.\",\"url\":\"https:\/\/dosingpump.shop\/de\/\",\"logo\":{\"@type\":\"ImageObject\",\"inLanguage\":\"lt-LT\",\"@id\":\"https:\/\/dosingpump.shop\/de\/#\/schema\/logo\/image\/\",\"url\":\"https:\/\/dosingpump.shop\/wp-content\/uploads\/2024\/10\/Dosing-Pump-Shop-logo.png\",\"contentUrl\":\"https:\/\/dosingpump.shop\/wp-content\/uploads\/2024\/10\/Dosing-Pump-Shop-logo.png\",\"width\":350,\"height\":45,\"caption\":\"Dosing Pump Shop B.V.\"},\"image\":{\"@id\":\"https:\/\/dosingpump.shop\/de\/#\/schema\/logo\/image\/\"},\"sameAs\":[\"https:\/\/linkedin.com\/company\/dosing-pump-shop\"]}]}<\/script>\n<meta property=\"product:price:amount\" content=\"893.00\" \/>\n<meta property=\"product:price:currency\" content=\"EUR\" \/>\n<meta property=\"og:availability\" content=\"backorder\" \/>\n<meta property=\"product:availability\" content=\"available for order\" \/>\n<meta property=\"product:retailer_item_id\" content=\"ACP07020D0000GBSA000\" \/>\n<meta property=\"product:condition\" content=\"new\" \/>\n<!-- \/ Yoast SEO plugin. -->","yoast_head_json":{"title":"\"Emec AMS CL PLUS 07-20 PMMA+EP\" | Dosing Pump Shop B.V.","robots":{"index":"index","follow":"follow","max-snippet":"max-snippet:-1","max-image-preview":"max-image-preview:large","max-video-preview":"max-video-preview:-1"},"canonical":"https:\/\/dosingpump.shop\/lt\/produktas\/emec-ams-cl-plus-07-20-pmmaep\/","og_locale":"lt_LT","og_type":"article","og_title":"Emec AMS CL PLUS 07-20 PMMA+EP | Dosing Pump Shop B.V.","og_description":"De\u00a0AMS CL PLUS\u00a0is een geavanceerd systeem dat werkt in een constante modus. Het levert gewenste prestaties met nauwkeurige niveauregeling.   Continu doseren  Compleet geleverd  Vol PTFE membraan","og_url":"https:\/\/dosingpump.shop\/lt\/produktas\/emec-ams-cl-plus-07-20-pmmaep\/","og_site_name":"Dosing Pump Shop B.V.","article_modified_time":"2026-02-27T12:50:19+00:00","og_image":[{"width":600,"height":600,"url":"https:\/\/dosingpump.shop\/wp-content\/uploads\/2024\/12\/Emec-AMS-Series.webp","type":"image\/webp"}],"twitter_card":"summary_large_image","twitter_misc":{"Price":"&euro;893,00","Availability":"On backorder"},"schema":{"@context":"https:\/\/schema.org","@graph":[{"@type":"WebPage","@id":"https:\/\/dosingpump.shop\/pl\/produkt-2\/emec-ams-cl-plus-07-20-pmmaep\/","url":"https:\/\/dosingpump.shop\/pl\/produkt-2\/emec-ams-cl-plus-07-20-pmmaep\/","name":"\"Emec AMS CL PLUS 07-20 PMMA+EP\" | Dosing Pump Shop B.V.","isPartOf":{"@id":"https:\/\/dosingpump.shop\/de\/#website"},"primaryImageOfPage":{"@id":"https:\/\/dosingpump.shop\/pl\/produkt-2\/emec-ams-cl-plus-07-20-pmmaep\/#primaryimage"},"image":{"@id":"https:\/\/dosingpump.shop\/pl\/produkt-2\/emec-ams-cl-plus-07-20-pmmaep\/#primaryimage"},"thumbnailUrl":"https:\/\/dosingpump.shop\/wp-content\/uploads\/2024\/12\/Emec-AMS-Series.webp","datePublished":"2025-01-29T13:36:38+00:00","dateModified":"2026-02-27T12:50:19+00:00","breadcrumb":{"@id":"https:\/\/dosingpump.shop\/pl\/produkt-2\/emec-ams-cl-plus-07-20-pmmaep\/#breadcrumb"},"inLanguage":"lt-LT","potentialAction":[{"@type":"ReadAction","target":["https:\/\/dosingpump.shop\/pl\/produkt-2\/emec-ams-cl-plus-07-20-pmmaep\/"]}]},{"@type":"ImageObject","inLanguage":"lt-LT","@id":"https:\/\/dosingpump.shop\/pl\/produkt-2\/emec-ams-cl-plus-07-20-pmmaep\/#primaryimage","url":"https:\/\/dosingpump.shop\/wp-content\/uploads\/2024\/12\/Emec-AMS-Series.webp","contentUrl":"https:\/\/dosingpump.shop\/wp-content\/uploads\/2024\/12\/Emec-AMS-Series.webp","width":600,"height":600},{"@type":"BreadcrumbList","@id":"https:\/\/dosingpump.shop\/pl\/produkt-2\/emec-ams-cl-plus-07-20-pmmaep\/#breadcrumb","itemListElement":[{"@type":"ListItem","position":1,"name":"Home","item":"https:\/\/dosingpump.shop\/"},{"@type":"ListItem","position":2,"name":"Shop","item":"https:\/\/dosingpump.shop\/de\/shop\/"},{"@type":"ListItem","position":3,"name":"Emec AMS CL PLUS 07-20 PMMA+EP"}]},{"@type":"WebSite","@id":"https:\/\/dosingpump.shop\/de\/#website","url":"https:\/\/dosingpump.shop\/de\/","name":"Dosing Pump Shop B.V.","description":"","publisher":{"@id":"https:\/\/dosingpump.shop\/de\/#organization"},"potentialAction":[{"@type":"SearchAction","target":{"@type":"EntryPoint","urlTemplate":"https:\/\/dosingpump.shop\/de\/?s={search_term_string}"},"query-input":{"@type":"PropertyValueSpecification","valueRequired":true,"valueName":"search_term_string"}}],"inLanguage":"lt-LT"},{"@type":"Organization","@id":"https:\/\/dosingpump.shop\/de\/#organization","name":"Dosing Pump Shop B.V.","url":"https:\/\/dosingpump.shop\/de\/","logo":{"@type":"ImageObject","inLanguage":"lt-LT","@id":"https:\/\/dosingpump.shop\/de\/#\/schema\/logo\/image\/","url":"https:\/\/dosingpump.shop\/wp-content\/uploads\/2024\/10\/Dosing-Pump-Shop-logo.png","contentUrl":"https:\/\/dosingpump.shop\/wp-content\/uploads\/2024\/10\/Dosing-Pump-Shop-logo.png","width":350,"height":45,"caption":"Dosing Pump Shop B.V."},"image":{"@id":"https:\/\/dosingpump.shop\/de\/#\/schema\/logo\/image\/"},"sameAs":["https:\/\/linkedin.com\/company\/dosing-pump-shop"]}]},"product_price_amount":"893.00","product_price_currency":"EUR","og_availability":"backorder","product_availability":"available for order","product_retailer_item_id":"ACP07020D0000GBSA000","product_condition":"new"},"_links":{"self":[{"href":"https:\/\/dosingpump.shop\/lt\/wp-json\/wp\/v2\/product\/6520","targetHints":{"allow":["GET"]}}],"collection":[{"href":"https:\/\/dosingpump.shop\/lt\/wp-json\/wp\/v2\/product"}],"about":[{"href":"https:\/\/dosingpump.shop\/lt\/wp-json\/wp\/v2\/types\/product"}],"wp:featuredmedia":[{"embeddable":true,"href":"https:\/\/dosingpump.shop\/lt\/wp-json\/wp\/v2\/media\/5190"}],"wp:attachment":[{"href":"https:\/\/dosingpump.shop\/lt\/wp-json\/wp\/v2\/media?parent=6520"}],"wp:term":[{"taxonomy":"product_brand","embeddable":true,"href":"https:\/\/dosingpump.shop\/lt\/wp-json\/wp\/v2\/product_brand?post=6520"},{"taxonomy":"product_cat","embeddable":true,"href":"https:\/\/dosingpump.shop\/lt\/wp-json\/wp\/v2\/product_cat?post=6520"},{"taxonomy":"product_tag","embeddable":true,"href":"https:\/\/dosingpump.shop\/lt\/wp-json\/wp\/v2\/product_tag?post=6520"}],"curies":[{"name":"wp","href":"https:\/\/api.w.org\/{rel}","templated":true}]}}