{"id":7008,"date":"2025-05-20T09:15:38","date_gmt":"2025-05-20T07:15:38","guid":{"rendered":"https:\/\/dosingpump.shop\/product\/qdos-20-universal-sebs-right\/"},"modified":"2026-03-10T23:17:38","modified_gmt":"2026-03-10T22:17:38","slug":"qdos-20-universalioji-sebs-teise","status":"publish","type":"product","link":"https:\/\/dosingpump.shop\/lt\/product\/qdos-20-universal-sebs-right\/","title":{"rendered":"\"Qdos 20 Universal\" - SEBS - De\u0161inysis"},"content":{"rendered":"<p>\"Qdos 20 Universal - SEBS - Right\" yra tikslus ir lanks\u010diai valdomas peristaltinis siurblys su de\u0161in\u0117je pus\u0117je sumontuota \"ReNu\u2122 SEBS\" siurblio galvute, skirtas integruoti \u012f technologinius \u012frenginius, kuriuose naudojami 4-20 mA, impulsiniai arba skaitmeniniai \u012fvesties signalai. \u0160i versija idealiai tinka programoms, kuriose reikia patikimai dozuoti vandeninius ar lengvus cheminius skys\u010dius. D\u0117l be \u012franki\u0173 naudojamos \"ReNu\u2122\" technologijos technin\u0117 prie\u017ei\u016bra yra greita, \u0161vari ir saugi. Qdos 20 Universal - SEBS - Right suderina paprast\u0105 naudojim\u0105 ir universal\u0173 valdym\u0105 \u012fvairiose pramon\u0117s srityse.<\/p>","protected":false},"excerpt":{"rendered":"<ul>\n<li>Tinka tiksliai dozuoti<\/li>\n<li>Tinka ma\u017eiems srautams<\/li>\n<li>Apsaugos klas\u0117 IP66 \/ NEMA 4X<\/li>\n<li>Siurblio galvut\u0117 i\u0161 SEBS<\/li>\n<li>De\u0161in\u0117je pus\u0117je montuojama siurblio galvut\u0117<\/li>\n<\/ul>\n<p>Galima pra\u0161yti citatos i\u0161 karto.<\/p>","protected":false},"featured_media":7082,"template":"","meta":[],"product_brand":[],"product_cat":[246],"product_tag":[],"class_list":{"0":"post-7008","1":"product","2":"type-product","3":"status-publish","4":"has-post-thumbnail","6":"product_cat-qdos20","8":"first","9":"instock","10":"taxable","11":"shipping-taxable","12":"product-type-simple"},"yoast_head":"<!-- This site is optimized with the Yoast SEO plugin v27.2 - https:\/\/yoast.com\/product\/yoast-seo-wordpress\/ -->\n<title>Qdos 20 Universal - SEBS - Right - Dosing Pump Shop B.V.<\/title>\n<meta name=\"robots\" content=\"index, follow, max-snippet:-1, max-image-preview:large, max-video-preview:-1\" \/>\n<link rel=\"canonical\" href=\"https:\/\/dosingpump.shop\/lt\/produktas\/qdos-20-universalioji-sebs-teise\/\" \/>\n<meta property=\"og:locale\" content=\"lt_LT\" \/>\n<meta property=\"og:type\" content=\"article\" \/>\n<meta property=\"og:title\" content=\"Qdos 20 Universal - SEBS - Right - Dosing Pump Shop B.V.\" \/>\n<meta property=\"og:description\" content=\"Geschikt voor precieze doseering  Geschikt voor lage flows  Beschermingsklasse van IP66 \/ NEMA 4X  Pompkop van SEBS  Rechts gemonteerde pompkop  Beschikbaar vraag direct een offerte aan.\" \/>\n<meta property=\"og:url\" content=\"https:\/\/dosingpump.shop\/lt\/produktas\/qdos-20-universalioji-sebs-teise\/\" \/>\n<meta property=\"og:site_name\" content=\"Dosing Pump Shop B.V.\" \/>\n<meta property=\"article:modified_time\" content=\"2026-03-10T22:17:38+00:00\" \/>\n<meta property=\"og:image\" content=\"https:\/\/dosingpump.shop\/wp-content\/uploads\/2025\/05\/Qdos-Rechts-1.png\" \/>\n\t<meta property=\"og:image:width\" content=\"500\" \/>\n\t<meta property=\"og:image:height\" content=\"500\" \/>\n\t<meta property=\"og:image:type\" content=\"image\/png\" \/>\n<meta name=\"twitter:card\" content=\"summary_large_image\" \/>\n<meta name=\"twitter:label1\" content=\"Price\" \/>\n\t<meta name=\"twitter:data1\" content=\"\" \/>\n\t<meta name=\"twitter:label2\" content=\"Availability\" \/>\n\t<meta name=\"twitter:data2\" content=\"In stock\" \/>\n<script type=\"application\/ld+json\" class=\"yoast-schema-graph\">{\"@context\":\"https:\/\/schema.org\",\"@graph\":[{\"@type\":\"WebPage\",\"@id\":\"https:\/\/dosingpump.shop\/product\/qdos-20-universal-sebs-right\/\",\"url\":\"https:\/\/dosingpump.shop\/product\/qdos-20-universal-sebs-right\/\",\"name\":\"Qdos 20 Universal - SEBS - Right - Dosing Pump Shop B.V.\",\"isPartOf\":{\"@id\":\"https:\/\/dosingpump.shop\/de\/#website\"},\"primaryImageOfPage\":{\"@id\":\"https:\/\/dosingpump.shop\/product\/qdos-20-universal-sebs-right\/#primaryimage\"},\"image\":{\"@id\":\"https:\/\/dosingpump.shop\/product\/qdos-20-universal-sebs-right\/#primaryimage\"},\"thumbnailUrl\":\"https:\/\/dosingpump.shop\/wp-content\/uploads\/2025\/05\/Qdos-Rechts-1.png\",\"datePublished\":\"2025-05-20T07:15:38+00:00\",\"dateModified\":\"2026-03-10T22:17:38+00:00\",\"breadcrumb\":{\"@id\":\"https:\/\/dosingpump.shop\/product\/qdos-20-universal-sebs-right\/#breadcrumb\"},\"inLanguage\":\"lt-LT\",\"potentialAction\":[{\"@type\":\"ReadAction\",\"target\":[\"https:\/\/dosingpump.shop\/product\/qdos-20-universal-sebs-right\/\"]}]},{\"@type\":\"ImageObject\",\"inLanguage\":\"lt-LT\",\"@id\":\"https:\/\/dosingpump.shop\/product\/qdos-20-universal-sebs-right\/#primaryimage\",\"url\":\"https:\/\/dosingpump.shop\/wp-content\/uploads\/2025\/05\/Qdos-Rechts-1.png\",\"contentUrl\":\"https:\/\/dosingpump.shop\/wp-content\/uploads\/2025\/05\/Qdos-Rechts-1.png\",\"width\":500,\"height\":500},{\"@type\":\"BreadcrumbList\",\"@id\":\"https:\/\/dosingpump.shop\/product\/qdos-20-universal-sebs-right\/#breadcrumb\",\"itemListElement\":[{\"@type\":\"ListItem\",\"position\":1,\"name\":\"Home\",\"item\":\"https:\/\/dosingpump.shop\/\"},{\"@type\":\"ListItem\",\"position\":2,\"name\":\"Shop\",\"item\":\"https:\/\/dosingpump.shop\/de\/shop\/\"},{\"@type\":\"ListItem\",\"position\":3,\"name\":\"Qdos 20 Universal &#8211; SEBS &#8211; Right\"}]},{\"@type\":\"WebSite\",\"@id\":\"https:\/\/dosingpump.shop\/de\/#website\",\"url\":\"https:\/\/dosingpump.shop\/de\/\",\"name\":\"Dosing Pump Shop B.V.\",\"description\":\"\",\"publisher\":{\"@id\":\"https:\/\/dosingpump.shop\/de\/#organization\"},\"potentialAction\":[{\"@type\":\"SearchAction\",\"target\":{\"@type\":\"EntryPoint\",\"urlTemplate\":\"https:\/\/dosingpump.shop\/de\/?s={search_term_string}\"},\"query-input\":{\"@type\":\"PropertyValueSpecification\",\"valueRequired\":true,\"valueName\":\"search_term_string\"}}],\"inLanguage\":\"lt-LT\"},{\"@type\":\"Organization\",\"@id\":\"https:\/\/dosingpump.shop\/de\/#organization\",\"name\":\"Dosing Pump Shop B.V.\",\"url\":\"https:\/\/dosingpump.shop\/de\/\",\"logo\":{\"@type\":\"ImageObject\",\"inLanguage\":\"lt-LT\",\"@id\":\"https:\/\/dosingpump.shop\/de\/#\/schema\/logo\/image\/\",\"url\":\"https:\/\/dosingpump.shop\/wp-content\/uploads\/2024\/10\/Dosing-Pump-Shop-logo.png\",\"contentUrl\":\"https:\/\/dosingpump.shop\/wp-content\/uploads\/2024\/10\/Dosing-Pump-Shop-logo.png\",\"width\":350,\"height\":45,\"caption\":\"Dosing Pump Shop B.V.\"},\"image\":{\"@id\":\"https:\/\/dosingpump.shop\/de\/#\/schema\/logo\/image\/\"},\"sameAs\":[\"https:\/\/linkedin.com\/company\/dosing-pump-shop\"]}]}<\/script>\n<meta property=\"product:price:currency\" content=\"EUR\" \/>\n<meta property=\"og:availability\" content=\"instock\" \/>\n<meta property=\"product:availability\" content=\"instock\" \/>\n<meta property=\"product:retailer_item_id\" content=\"0M0.184L.GRE\" \/>\n<meta property=\"product:condition\" content=\"new\" \/>\n<!-- \/ Yoast SEO plugin. -->","yoast_head_json":{"title":"\"Qdos 20 Universal\" - SEBS - De\u0161inysis - Dosing Pump Shop B.V.","robots":{"index":"index","follow":"follow","max-snippet":"max-snippet:-1","max-image-preview":"max-image-preview:large","max-video-preview":"max-video-preview:-1"},"canonical":"https:\/\/dosingpump.shop\/lt\/produktas\/qdos-20-universalioji-sebs-teise\/","og_locale":"lt_LT","og_type":"article","og_title":"Qdos 20 Universal - SEBS - Right - Dosing Pump Shop B.V.","og_description":"Geschikt voor precieze doseering  Geschikt voor lage flows  Beschermingsklasse van IP66 \/ NEMA 4X  Pompkop van SEBS  Rechts gemonteerde pompkop  Beschikbaar vraag direct een offerte aan.","og_url":"https:\/\/dosingpump.shop\/lt\/produktas\/qdos-20-universalioji-sebs-teise\/","og_site_name":"Dosing Pump Shop B.V.","article_modified_time":"2026-03-10T22:17:38+00:00","og_image":[{"width":500,"height":500,"url":"https:\/\/dosingpump.shop\/wp-content\/uploads\/2025\/05\/Qdos-Rechts-1.png","type":"image\/png"}],"twitter_card":"summary_large_image","twitter_misc":{"Price":"","Availability":"In stock"},"schema":{"@context":"https:\/\/schema.org","@graph":[{"@type":"WebPage","@id":"https:\/\/dosingpump.shop\/product\/qdos-20-universal-sebs-right\/","url":"https:\/\/dosingpump.shop\/product\/qdos-20-universal-sebs-right\/","name":"\"Qdos 20 Universal\" - SEBS - De\u0161inysis - Dosing Pump Shop B.V.","isPartOf":{"@id":"https:\/\/dosingpump.shop\/de\/#website"},"primaryImageOfPage":{"@id":"https:\/\/dosingpump.shop\/product\/qdos-20-universal-sebs-right\/#primaryimage"},"image":{"@id":"https:\/\/dosingpump.shop\/product\/qdos-20-universal-sebs-right\/#primaryimage"},"thumbnailUrl":"https:\/\/dosingpump.shop\/wp-content\/uploads\/2025\/05\/Qdos-Rechts-1.png","datePublished":"2025-05-20T07:15:38+00:00","dateModified":"2026-03-10T22:17:38+00:00","breadcrumb":{"@id":"https:\/\/dosingpump.shop\/product\/qdos-20-universal-sebs-right\/#breadcrumb"},"inLanguage":"lt-LT","potentialAction":[{"@type":"ReadAction","target":["https:\/\/dosingpump.shop\/product\/qdos-20-universal-sebs-right\/"]}]},{"@type":"ImageObject","inLanguage":"lt-LT","@id":"https:\/\/dosingpump.shop\/product\/qdos-20-universal-sebs-right\/#primaryimage","url":"https:\/\/dosingpump.shop\/wp-content\/uploads\/2025\/05\/Qdos-Rechts-1.png","contentUrl":"https:\/\/dosingpump.shop\/wp-content\/uploads\/2025\/05\/Qdos-Rechts-1.png","width":500,"height":500},{"@type":"BreadcrumbList","@id":"https:\/\/dosingpump.shop\/product\/qdos-20-universal-sebs-right\/#breadcrumb","itemListElement":[{"@type":"ListItem","position":1,"name":"Home","item":"https:\/\/dosingpump.shop\/"},{"@type":"ListItem","position":2,"name":"Shop","item":"https:\/\/dosingpump.shop\/de\/shop\/"},{"@type":"ListItem","position":3,"name":"Qdos 20 Universal &#8211; SEBS &#8211; Right"}]},{"@type":"WebSite","@id":"https:\/\/dosingpump.shop\/de\/#website","url":"https:\/\/dosingpump.shop\/de\/","name":"Dosing Pump Shop B.V.","description":"","publisher":{"@id":"https:\/\/dosingpump.shop\/de\/#organization"},"potentialAction":[{"@type":"SearchAction","target":{"@type":"EntryPoint","urlTemplate":"https:\/\/dosingpump.shop\/de\/?s={search_term_string}"},"query-input":{"@type":"PropertyValueSpecification","valueRequired":true,"valueName":"search_term_string"}}],"inLanguage":"lt-LT"},{"@type":"Organization","@id":"https:\/\/dosingpump.shop\/de\/#organization","name":"Dosing Pump Shop B.V.","url":"https:\/\/dosingpump.shop\/de\/","logo":{"@type":"ImageObject","inLanguage":"lt-LT","@id":"https:\/\/dosingpump.shop\/de\/#\/schema\/logo\/image\/","url":"https:\/\/dosingpump.shop\/wp-content\/uploads\/2024\/10\/Dosing-Pump-Shop-logo.png","contentUrl":"https:\/\/dosingpump.shop\/wp-content\/uploads\/2024\/10\/Dosing-Pump-Shop-logo.png","width":350,"height":45,"caption":"Dosing Pump Shop B.V."},"image":{"@id":"https:\/\/dosingpump.shop\/de\/#\/schema\/logo\/image\/"},"sameAs":["https:\/\/linkedin.com\/company\/dosing-pump-shop"]}]},"product_price_currency":"EUR","og_availability":"instock","product_availability":"instock","product_retailer_item_id":"0M0.184L.GRE","product_condition":"new"},"_links":{"self":[{"href":"https:\/\/dosingpump.shop\/lt\/wp-json\/wp\/v2\/product\/7008","targetHints":{"allow":["GET"]}}],"collection":[{"href":"https:\/\/dosingpump.shop\/lt\/wp-json\/wp\/v2\/product"}],"about":[{"href":"https:\/\/dosingpump.shop\/lt\/wp-json\/wp\/v2\/types\/product"}],"wp:featuredmedia":[{"embeddable":true,"href":"https:\/\/dosingpump.shop\/lt\/wp-json\/wp\/v2\/media\/7082"}],"wp:attachment":[{"href":"https:\/\/dosingpump.shop\/lt\/wp-json\/wp\/v2\/media?parent=7008"}],"wp:term":[{"taxonomy":"product_brand","embeddable":true,"href":"https:\/\/dosingpump.shop\/lt\/wp-json\/wp\/v2\/product_brand?post=7008"},{"taxonomy":"product_cat","embeddable":true,"href":"https:\/\/dosingpump.shop\/lt\/wp-json\/wp\/v2\/product_cat?post=7008"},{"taxonomy":"product_tag","embeddable":true,"href":"https:\/\/dosingpump.shop\/lt\/wp-json\/wp\/v2\/product_tag?post=7008"}],"curies":[{"name":"wp","href":"https:\/\/api.w.org\/{rel}","templated":true}]}}