{"id":7036,"date":"2025-05-21T15:23:11","date_gmt":"2025-05-21T13:23:11","guid":{"rendered":"https:\/\/dosingpump.shop\/product\/qdos-30-remote-santoprene-left\/"},"modified":"2026-03-10T23:17:40","modified_gmt":"2026-03-10T22:17:40","slug":"qdos-30-nuotolinis-santoprene-kaire","status":"publish","type":"product","link":"https:\/\/dosingpump.shop\/lt\/product\/qdos-30-remote-santoprene-left\/","title":{"rendered":"\"Qdos 30\" nuotolinio valdymo pultas - \"Santoprene\" - kairysis"},"content":{"rendered":"<p>\"Qdos 30 Remote\" su \"Santoprene\" siurblio galvute kair\u0117je pus\u0117je yra i\u0161manus sprendimas tiksliam ir nuotoliniam skys\u010di\u0173 dozavimui. \u0160is dozavimo siurblys sujungia patikim\u0105 \"Qdos\" serijos na\u0161um\u0105 su galimybe valdyti i\u0161 i\u0161or\u0117s kontaktiniais signalais arba analogin\u0117mis \u012fvestimis, tod\u0117l puikiai \u012fsilieja \u012f esam\u0105 technologin\u0119 aplink\u0105.<\/p>\n<p>D\u0117l chemin\u0117ms med\u017eiagoms atsparios santopreno siurblio galvut\u0117s siurblys tinka \u012fvairiems darbams, net ir su agresyviais ar abrazyviais skys\u010diais. Technin\u0119 prie\u017ei\u016br\u0105 lengva atlikti d\u0117l \"ReNu\" sistemos, kuri leid\u017eia greitai ir saugiai pakeisti vis\u0105 siurblio galvut\u0119 be \u012franki\u0173. Siurblys \"Qdos 30 Remote\" skirtas naudotojams, siekiantiems maksimalaus valdymo ir lankstumo kompakti\u0161kame ir ma\u017eai prie\u017ei\u016bros reikalaujan\u010diame dozavimo sprendime.<\/p>","protected":false},"excerpt":{"rendered":"<ul>\n<li>Tinka tiksliai dozuoti<\/li>\n<li>Tinka ma\u017eiems srautams<\/li>\n<li>Apsaugos klas\u0117 IP66 \/ NEMA 4X<\/li>\n<li>Siurblio galvut\u0117 i\u0161 santopreno<\/li>\n<li>Siurblio galvut\u0117s pozityvas \u012f kair\u0119<\/li>\n<\/ul>\n<p>Galima pra\u0161yti citatos i\u0161 karto.<\/p>","protected":false},"featured_media":6975,"template":"","meta":[],"product_brand":[],"product_cat":[26,245],"product_tag":[],"class_list":{"0":"post-7036","1":"product","2":"type-product","3":"status-publish","4":"has-post-thumbnail","6":"product_cat-slangenpompen","7":"product_cat-watson-marlow-slangenpompen","9":"first","10":"instock","11":"taxable","12":"shipping-taxable","13":"product-type-simple"},"yoast_head":"<!-- This site is optimized with the Yoast SEO plugin v27.2 - https:\/\/yoast.com\/product\/yoast-seo-wordpress\/ -->\n<title>Qdos 30 Remote - Santoprene - Left - Dosing Pump Shop B.V.<\/title>\n<meta name=\"robots\" content=\"index, follow, max-snippet:-1, max-image-preview:large, max-video-preview:-1\" \/>\n<link rel=\"canonical\" href=\"https:\/\/dosingpump.shop\/lt\/produktas\/qdos-30-nuotolinis-santoprene-kaire\/\" \/>\n<meta property=\"og:locale\" content=\"lt_LT\" \/>\n<meta property=\"og:type\" content=\"article\" \/>\n<meta property=\"og:title\" content=\"Qdos 30 Remote - Santoprene - Left - Dosing Pump Shop B.V.\" \/>\n<meta property=\"og:description\" content=\"Geschikt voor precieze doseering  Geschikt voor lage flows  Beschermingsklasse van IP66 \/ NEMA 4X  Pompkop santoprene  Pompkop positite links  Beschikbaar vraag direct een offerte aan.\" \/>\n<meta property=\"og:url\" content=\"https:\/\/dosingpump.shop\/lt\/produktas\/qdos-30-nuotolinis-santoprene-kaire\/\" \/>\n<meta property=\"og:site_name\" content=\"Dosing Pump Shop B.V.\" \/>\n<meta property=\"article:modified_time\" content=\"2026-03-10T22:17:40+00:00\" \/>\n<meta property=\"og:image\" content=\"https:\/\/dosingpump.shop\/wp-content\/uploads\/2025\/05\/Qdos-20.png\" \/>\n\t<meta property=\"og:image:width\" content=\"500\" \/>\n\t<meta property=\"og:image:height\" content=\"500\" \/>\n\t<meta property=\"og:image:type\" content=\"image\/png\" \/>\n<meta name=\"twitter:card\" content=\"summary_large_image\" \/>\n<meta name=\"twitter:label1\" content=\"Price\" \/>\n\t<meta name=\"twitter:data1\" content=\"\" \/>\n\t<meta name=\"twitter:label2\" content=\"Availability\" \/>\n\t<meta name=\"twitter:data2\" content=\"In stock\" \/>\n<script type=\"application\/ld+json\" class=\"yoast-schema-graph\">{\"@context\":\"https:\/\/schema.org\",\"@graph\":[{\"@type\":\"WebPage\",\"@id\":\"https:\/\/dosingpump.shop\/product\/qdos-30-remote-santoprene-left\/\",\"url\":\"https:\/\/dosingpump.shop\/product\/qdos-30-remote-santoprene-left\/\",\"name\":\"Qdos 30 Remote - Santoprene - Left - Dosing Pump Shop B.V.\",\"isPartOf\":{\"@id\":\"https:\/\/dosingpump.shop\/de\/#website\"},\"primaryImageOfPage\":{\"@id\":\"https:\/\/dosingpump.shop\/product\/qdos-30-remote-santoprene-left\/#primaryimage\"},\"image\":{\"@id\":\"https:\/\/dosingpump.shop\/product\/qdos-30-remote-santoprene-left\/#primaryimage\"},\"thumbnailUrl\":\"https:\/\/dosingpump.shop\/wp-content\/uploads\/2025\/05\/Qdos-20.png\",\"datePublished\":\"2025-05-21T13:23:11+00:00\",\"dateModified\":\"2026-03-10T22:17:40+00:00\",\"breadcrumb\":{\"@id\":\"https:\/\/dosingpump.shop\/product\/qdos-30-remote-santoprene-left\/#breadcrumb\"},\"inLanguage\":\"lt-LT\",\"potentialAction\":[{\"@type\":\"ReadAction\",\"target\":[\"https:\/\/dosingpump.shop\/product\/qdos-30-remote-santoprene-left\/\"]}]},{\"@type\":\"ImageObject\",\"inLanguage\":\"lt-LT\",\"@id\":\"https:\/\/dosingpump.shop\/product\/qdos-30-remote-santoprene-left\/#primaryimage\",\"url\":\"https:\/\/dosingpump.shop\/wp-content\/uploads\/2025\/05\/Qdos-20.png\",\"contentUrl\":\"https:\/\/dosingpump.shop\/wp-content\/uploads\/2025\/05\/Qdos-20.png\",\"width\":500,\"height\":500},{\"@type\":\"BreadcrumbList\",\"@id\":\"https:\/\/dosingpump.shop\/product\/qdos-30-remote-santoprene-left\/#breadcrumb\",\"itemListElement\":[{\"@type\":\"ListItem\",\"position\":1,\"name\":\"Home\",\"item\":\"https:\/\/dosingpump.shop\/\"},{\"@type\":\"ListItem\",\"position\":2,\"name\":\"Shop\",\"item\":\"https:\/\/dosingpump.shop\/de\/shop\/\"},{\"@type\":\"ListItem\",\"position\":3,\"name\":\"Qdos 30 Remote &#8211; Santoprene &#8211; Left\"}]},{\"@type\":\"WebSite\",\"@id\":\"https:\/\/dosingpump.shop\/de\/#website\",\"url\":\"https:\/\/dosingpump.shop\/de\/\",\"name\":\"Dosing Pump Shop B.V.\",\"description\":\"\",\"publisher\":{\"@id\":\"https:\/\/dosingpump.shop\/de\/#organization\"},\"potentialAction\":[{\"@type\":\"SearchAction\",\"target\":{\"@type\":\"EntryPoint\",\"urlTemplate\":\"https:\/\/dosingpump.shop\/de\/?s={search_term_string}\"},\"query-input\":{\"@type\":\"PropertyValueSpecification\",\"valueRequired\":true,\"valueName\":\"search_term_string\"}}],\"inLanguage\":\"lt-LT\"},{\"@type\":\"Organization\",\"@id\":\"https:\/\/dosingpump.shop\/de\/#organization\",\"name\":\"Dosing Pump Shop B.V.\",\"url\":\"https:\/\/dosingpump.shop\/de\/\",\"logo\":{\"@type\":\"ImageObject\",\"inLanguage\":\"lt-LT\",\"@id\":\"https:\/\/dosingpump.shop\/de\/#\/schema\/logo\/image\/\",\"url\":\"https:\/\/dosingpump.shop\/wp-content\/uploads\/2024\/10\/Dosing-Pump-Shop-logo.png\",\"contentUrl\":\"https:\/\/dosingpump.shop\/wp-content\/uploads\/2024\/10\/Dosing-Pump-Shop-logo.png\",\"width\":350,\"height\":45,\"caption\":\"Dosing Pump Shop B.V.\"},\"image\":{\"@id\":\"https:\/\/dosingpump.shop\/de\/#\/schema\/logo\/image\/\"},\"sameAs\":[\"https:\/\/linkedin.com\/company\/dosing-pump-shop\"]}]}<\/script>\n<meta property=\"product:price:currency\" content=\"EUR\" \/>\n<meta property=\"og:availability\" content=\"instock\" \/>\n<meta property=\"product:availability\" content=\"instock\" \/>\n<meta property=\"product:retailer_item_id\" content=\"0M0.221L.GLE\" \/>\n<meta property=\"product:condition\" content=\"new\" \/>\n<!-- \/ Yoast SEO plugin. -->","yoast_head_json":{"title":"\"Qdos 30\" nuotolinio valdymo pultelis - Santoprenas - Kair\u0117 - Dosing Pump Shop B.V.","robots":{"index":"index","follow":"follow","max-snippet":"max-snippet:-1","max-image-preview":"max-image-preview:large","max-video-preview":"max-video-preview:-1"},"canonical":"https:\/\/dosingpump.shop\/lt\/produktas\/qdos-30-nuotolinis-santoprene-kaire\/","og_locale":"lt_LT","og_type":"article","og_title":"Qdos 30 Remote - Santoprene - Left - Dosing Pump Shop B.V.","og_description":"Geschikt voor precieze doseering  Geschikt voor lage flows  Beschermingsklasse van IP66 \/ NEMA 4X  Pompkop santoprene  Pompkop positite links  Beschikbaar vraag direct een offerte aan.","og_url":"https:\/\/dosingpump.shop\/lt\/produktas\/qdos-30-nuotolinis-santoprene-kaire\/","og_site_name":"Dosing Pump Shop B.V.","article_modified_time":"2026-03-10T22:17:40+00:00","og_image":[{"width":500,"height":500,"url":"https:\/\/dosingpump.shop\/wp-content\/uploads\/2025\/05\/Qdos-20.png","type":"image\/png"}],"twitter_card":"summary_large_image","twitter_misc":{"Price":"","Availability":"In stock"},"schema":{"@context":"https:\/\/schema.org","@graph":[{"@type":"WebPage","@id":"https:\/\/dosingpump.shop\/product\/qdos-30-remote-santoprene-left\/","url":"https:\/\/dosingpump.shop\/product\/qdos-30-remote-santoprene-left\/","name":"\"Qdos 30\" nuotolinio valdymo pultelis - Santoprenas - Kair\u0117 - Dosing Pump Shop B.V.","isPartOf":{"@id":"https:\/\/dosingpump.shop\/de\/#website"},"primaryImageOfPage":{"@id":"https:\/\/dosingpump.shop\/product\/qdos-30-remote-santoprene-left\/#primaryimage"},"image":{"@id":"https:\/\/dosingpump.shop\/product\/qdos-30-remote-santoprene-left\/#primaryimage"},"thumbnailUrl":"https:\/\/dosingpump.shop\/wp-content\/uploads\/2025\/05\/Qdos-20.png","datePublished":"2025-05-21T13:23:11+00:00","dateModified":"2026-03-10T22:17:40+00:00","breadcrumb":{"@id":"https:\/\/dosingpump.shop\/product\/qdos-30-remote-santoprene-left\/#breadcrumb"},"inLanguage":"lt-LT","potentialAction":[{"@type":"ReadAction","target":["https:\/\/dosingpump.shop\/product\/qdos-30-remote-santoprene-left\/"]}]},{"@type":"ImageObject","inLanguage":"lt-LT","@id":"https:\/\/dosingpump.shop\/product\/qdos-30-remote-santoprene-left\/#primaryimage","url":"https:\/\/dosingpump.shop\/wp-content\/uploads\/2025\/05\/Qdos-20.png","contentUrl":"https:\/\/dosingpump.shop\/wp-content\/uploads\/2025\/05\/Qdos-20.png","width":500,"height":500},{"@type":"BreadcrumbList","@id":"https:\/\/dosingpump.shop\/product\/qdos-30-remote-santoprene-left\/#breadcrumb","itemListElement":[{"@type":"ListItem","position":1,"name":"Home","item":"https:\/\/dosingpump.shop\/"},{"@type":"ListItem","position":2,"name":"Shop","item":"https:\/\/dosingpump.shop\/de\/shop\/"},{"@type":"ListItem","position":3,"name":"Qdos 30 Remote &#8211; Santoprene &#8211; Left"}]},{"@type":"WebSite","@id":"https:\/\/dosingpump.shop\/de\/#website","url":"https:\/\/dosingpump.shop\/de\/","name":"Dosing Pump Shop B.V.","description":"","publisher":{"@id":"https:\/\/dosingpump.shop\/de\/#organization"},"potentialAction":[{"@type":"SearchAction","target":{"@type":"EntryPoint","urlTemplate":"https:\/\/dosingpump.shop\/de\/?s={search_term_string}"},"query-input":{"@type":"PropertyValueSpecification","valueRequired":true,"valueName":"search_term_string"}}],"inLanguage":"lt-LT"},{"@type":"Organization","@id":"https:\/\/dosingpump.shop\/de\/#organization","name":"Dosing Pump Shop B.V.","url":"https:\/\/dosingpump.shop\/de\/","logo":{"@type":"ImageObject","inLanguage":"lt-LT","@id":"https:\/\/dosingpump.shop\/de\/#\/schema\/logo\/image\/","url":"https:\/\/dosingpump.shop\/wp-content\/uploads\/2024\/10\/Dosing-Pump-Shop-logo.png","contentUrl":"https:\/\/dosingpump.shop\/wp-content\/uploads\/2024\/10\/Dosing-Pump-Shop-logo.png","width":350,"height":45,"caption":"Dosing Pump Shop B.V."},"image":{"@id":"https:\/\/dosingpump.shop\/de\/#\/schema\/logo\/image\/"},"sameAs":["https:\/\/linkedin.com\/company\/dosing-pump-shop"]}]},"product_price_currency":"EUR","og_availability":"instock","product_availability":"instock","product_retailer_item_id":"0M0.221L.GLE","product_condition":"new"},"_links":{"self":[{"href":"https:\/\/dosingpump.shop\/lt\/wp-json\/wp\/v2\/product\/7036","targetHints":{"allow":["GET"]}}],"collection":[{"href":"https:\/\/dosingpump.shop\/lt\/wp-json\/wp\/v2\/product"}],"about":[{"href":"https:\/\/dosingpump.shop\/lt\/wp-json\/wp\/v2\/types\/product"}],"wp:featuredmedia":[{"embeddable":true,"href":"https:\/\/dosingpump.shop\/lt\/wp-json\/wp\/v2\/media\/6975"}],"wp:attachment":[{"href":"https:\/\/dosingpump.shop\/lt\/wp-json\/wp\/v2\/media?parent=7036"}],"wp:term":[{"taxonomy":"product_brand","embeddable":true,"href":"https:\/\/dosingpump.shop\/lt\/wp-json\/wp\/v2\/product_brand?post=7036"},{"taxonomy":"product_cat","embeddable":true,"href":"https:\/\/dosingpump.shop\/lt\/wp-json\/wp\/v2\/product_cat?post=7036"},{"taxonomy":"product_tag","embeddable":true,"href":"https:\/\/dosingpump.shop\/lt\/wp-json\/wp\/v2\/product_tag?post=7036"}],"curies":[{"name":"wp","href":"https:\/\/api.w.org\/{rel}","templated":true}]}}