{"id":7445,"date":"2025-06-16T11:08:03","date_gmt":"2025-06-16T09:08:03","guid":{"rendered":"https:\/\/dosingpump.shop\/?post_type=product&#038;p=7445"},"modified":"2026-02-27T14:50:31","modified_gmt":"2026-02-27T12:50:31","slug":"ipurskimo-voztuvas-1-2-6x8-pvdfepcec276","status":"publish","type":"product","link":"https:\/\/dosingpump.shop\/lt\/product\/injectieventiel-1-2-6x8-pvdfepcec276\/","title":{"rendered":"\u012epur\u0161kimo vo\u017etuvas 1\/2\u2033 6\u00d78 (PVDF+EP+CE+C276)"},"content":{"rendered":"<p>\u0160is \u012fpur\u0161kimo vo\u017etuvas yra nepakei\u010diama tikslaus skys\u010di\u0173 dozavimo sudedamoji dalis ir da\u017enai naudojamas kartu su dozavimo siurbliu. Jis padeda kontroliuoti ir efektyviai tiekti chemines med\u017eiagas ir kitus skys\u010dius \u012fvairiose srityse, pvz., vandens valymo, chemini\u0173 proces\u0173 ir pramon\u0117s sistemose.<\/p>\n<p>\u012epur\u0161kimo vo\u017etuvas pagamintas i\u0161 auk\u0161tos kokyb\u0117s med\u017eiag\u0173, atspari\u0173 \u012fvairioms chemin\u0117ms med\u017eiagoms. D\u0117l to jis tinka \u012fvairioms reikm\u0117ms, \u012fskaitant \u0161armini\u0173 skys\u010di\u0173 ir kit\u0173 chemini\u0173 med\u017eiag\u0173 dozavim\u0105. D\u0117l apgalvotos konstrukcijos j\u012f lengva montuoti ir derinti su \u012fvairiais dozavimo siurbliais.<\/p>\n<p>\u0160is vo\u017etuvas padeda u\u017etikrinti stabil\u0173 ir patikim\u0105 dozavimo sistem\u0173 veikim\u0105 ir yra skirtas ilgalaikiam veikimui. Jei reikia, galima \u012fsigyti ir skirting\u0173 specifikacij\u0173 variant\u0173. Turite kitokio dyd\u017eio arba specifini\u0173 reikalavim\u0173? Tuomet kreipkit\u0117s \u012f mus ir gaukite patarim\u0173 arba individual\u0173 pasi\u016blym\u0105!<\/p>","protected":false},"excerpt":{"rendered":"<ul>\n<li>Korpusas PVDF<\/li>\n<li>O \u017eiedai EP<\/li>\n<li>Sriegis 1\/2<\/li>\n<li>\"Transit\" 6\u00d78<\/li>\n<\/ul>","protected":false},"featured_media":7345,"template":"","meta":[],"product_brand":[],"product_cat":[85,31],"product_tag":[],"class_list":{"0":"post-7445","1":"product","2":"type-product","3":"status-publish","4":"has-post-thumbnail","6":"product_cat-assortiment","7":"product_cat-injectieventiel","9":"first","10":"instock","11":"taxable","12":"shipping-taxable","13":"purchasable","14":"product-type-simple"},"yoast_head":"<!-- This site is optimized with the Yoast SEO plugin v27.2 - https:\/\/yoast.com\/product\/yoast-seo-wordpress\/ -->\n<title>Injectieventiel 1\/2&quot; 6x8 (PVDF+EP+CE+C276) - Dosing Pump Shop B.V.<\/title>\n<meta name=\"robots\" content=\"index, follow, max-snippet:-1, max-image-preview:large, max-video-preview:-1\" \/>\n<link rel=\"canonical\" href=\"https:\/\/dosingpump.shop\/lt\/produktas\/ipurskimo-voztuvas-1-2-6x8-pvdfepcec276\/\" \/>\n<meta property=\"og:locale\" content=\"lt_LT\" \/>\n<meta property=\"og:type\" content=\"article\" \/>\n<meta property=\"og:title\" content=\"Injectieventiel 1\/2&quot; 6x8 (PVDF+EP+CE+C276) - Dosing Pump Shop B.V.\" \/>\n<meta property=\"og:description\" content=\"Behuizing PVDF  O-Ringen EP  Schroefdraad 1\/2  Doorvoer 6x8\" \/>\n<meta property=\"og:url\" content=\"https:\/\/dosingpump.shop\/lt\/produktas\/ipurskimo-voztuvas-1-2-6x8-pvdfepcec276\/\" \/>\n<meta property=\"og:site_name\" content=\"Dosing Pump Shop B.V.\" \/>\n<meta property=\"article:modified_time\" content=\"2026-02-27T12:50:31+00:00\" \/>\n<meta property=\"og:image\" content=\"https:\/\/dosingpump.shop\/wp-content\/uploads\/2024\/12\/Injectieventiel-EP.png\" \/>\n\t<meta property=\"og:image:width\" content=\"500\" \/>\n\t<meta property=\"og:image:height\" content=\"500\" \/>\n\t<meta property=\"og:image:type\" content=\"image\/png\" \/>\n<meta name=\"twitter:card\" content=\"summary_large_image\" \/>\n<meta name=\"twitter:label1\" content=\"Price\" \/>\n\t<meta name=\"twitter:data1\" content=\"&euro;27,00\" \/>\n\t<meta name=\"twitter:label2\" content=\"Availability\" \/>\n\t<meta name=\"twitter:data2\" content=\"In stock\" \/>\n<script type=\"application\/ld+json\" class=\"yoast-schema-graph\">{\"@context\":\"https:\/\/schema.org\",\"@graph\":[{\"@type\":\"WebPage\",\"@id\":\"https:\/\/dosingpump.shop\/fr\/produit\/valve-dinjection-1-2-6x8-pvdfepcec276\/\",\"url\":\"https:\/\/dosingpump.shop\/fr\/produit\/valve-dinjection-1-2-6x8-pvdfepcec276\/\",\"name\":\"Injectieventiel 1\/2\\\" 6x8 (PVDF+EP+CE+C276) - Dosing Pump Shop B.V.\",\"isPartOf\":{\"@id\":\"https:\/\/dosingpump.shop\/de\/#website\"},\"primaryImageOfPage\":{\"@id\":\"https:\/\/dosingpump.shop\/fr\/produit\/valve-dinjection-1-2-6x8-pvdfepcec276\/#primaryimage\"},\"image\":{\"@id\":\"https:\/\/dosingpump.shop\/fr\/produit\/valve-dinjection-1-2-6x8-pvdfepcec276\/#primaryimage\"},\"thumbnailUrl\":\"https:\/\/dosingpump.shop\/wp-content\/uploads\/2024\/12\/Injectieventiel-EP.png\",\"datePublished\":\"2025-06-16T09:08:03+00:00\",\"dateModified\":\"2026-02-27T12:50:31+00:00\",\"breadcrumb\":{\"@id\":\"https:\/\/dosingpump.shop\/fr\/produit\/valve-dinjection-1-2-6x8-pvdfepcec276\/#breadcrumb\"},\"inLanguage\":\"lt-LT\",\"potentialAction\":[{\"@type\":\"ReadAction\",\"target\":[\"https:\/\/dosingpump.shop\/fr\/produit\/valve-dinjection-1-2-6x8-pvdfepcec276\/\"]}]},{\"@type\":\"ImageObject\",\"inLanguage\":\"lt-LT\",\"@id\":\"https:\/\/dosingpump.shop\/fr\/produit\/valve-dinjection-1-2-6x8-pvdfepcec276\/#primaryimage\",\"url\":\"https:\/\/dosingpump.shop\/wp-content\/uploads\/2024\/12\/Injectieventiel-EP.png\",\"contentUrl\":\"https:\/\/dosingpump.shop\/wp-content\/uploads\/2024\/12\/Injectieventiel-EP.png\",\"width\":500,\"height\":500},{\"@type\":\"BreadcrumbList\",\"@id\":\"https:\/\/dosingpump.shop\/fr\/produit\/valve-dinjection-1-2-6x8-pvdfepcec276\/#breadcrumb\",\"itemListElement\":[{\"@type\":\"ListItem\",\"position\":1,\"name\":\"Home\",\"item\":\"https:\/\/dosingpump.shop\/\"},{\"@type\":\"ListItem\",\"position\":2,\"name\":\"Shop\",\"item\":\"https:\/\/dosingpump.shop\/de\/shop\/\"},{\"@type\":\"ListItem\",\"position\":3,\"name\":\"Injectieventiel 1\/2&#8243; 6&#215;8 (PVDF+EP+CE+C276)\"}]},{\"@type\":\"WebSite\",\"@id\":\"https:\/\/dosingpump.shop\/de\/#website\",\"url\":\"https:\/\/dosingpump.shop\/de\/\",\"name\":\"Dosing Pump Shop B.V.\",\"description\":\"\",\"publisher\":{\"@id\":\"https:\/\/dosingpump.shop\/de\/#organization\"},\"potentialAction\":[{\"@type\":\"SearchAction\",\"target\":{\"@type\":\"EntryPoint\",\"urlTemplate\":\"https:\/\/dosingpump.shop\/de\/?s={search_term_string}\"},\"query-input\":{\"@type\":\"PropertyValueSpecification\",\"valueRequired\":true,\"valueName\":\"search_term_string\"}}],\"inLanguage\":\"lt-LT\"},{\"@type\":\"Organization\",\"@id\":\"https:\/\/dosingpump.shop\/de\/#organization\",\"name\":\"Dosing Pump Shop B.V.\",\"url\":\"https:\/\/dosingpump.shop\/de\/\",\"logo\":{\"@type\":\"ImageObject\",\"inLanguage\":\"lt-LT\",\"@id\":\"https:\/\/dosingpump.shop\/de\/#\/schema\/logo\/image\/\",\"url\":\"https:\/\/dosingpump.shop\/wp-content\/uploads\/2024\/10\/Dosing-Pump-Shop-logo.png\",\"contentUrl\":\"https:\/\/dosingpump.shop\/wp-content\/uploads\/2024\/10\/Dosing-Pump-Shop-logo.png\",\"width\":350,\"height\":45,\"caption\":\"Dosing Pump Shop B.V.\"},\"image\":{\"@id\":\"https:\/\/dosingpump.shop\/de\/#\/schema\/logo\/image\/\"},\"sameAs\":[\"https:\/\/linkedin.com\/company\/dosing-pump-shop\"]}]}<\/script>\n<meta property=\"product:price:amount\" content=\"27.00\" \/>\n<meta property=\"product:price:currency\" content=\"EUR\" \/>\n<meta property=\"og:availability\" content=\"instock\" \/>\n<meta property=\"product:availability\" content=\"instock\" \/>\n<meta property=\"product:retailer_item_id\" content=\"073.1112.1\u00a0\" \/>\n<meta property=\"product:condition\" content=\"new\" \/>\n<!-- \/ Yoast SEO plugin. -->","yoast_head_json":{"title":"\u012epur\u0161kimo vo\u017etuvas 1\/2\" 6x8 (PVDF+EP+CE+C276) - Dosing Pump Shop B.V.","robots":{"index":"index","follow":"follow","max-snippet":"max-snippet:-1","max-image-preview":"max-image-preview:large","max-video-preview":"max-video-preview:-1"},"canonical":"https:\/\/dosingpump.shop\/lt\/produktas\/ipurskimo-voztuvas-1-2-6x8-pvdfepcec276\/","og_locale":"lt_LT","og_type":"article","og_title":"Injectieventiel 1\/2\" 6x8 (PVDF+EP+CE+C276) - Dosing Pump Shop B.V.","og_description":"Behuizing PVDF  O-Ringen EP  Schroefdraad 1\/2  Doorvoer 6x8","og_url":"https:\/\/dosingpump.shop\/lt\/produktas\/ipurskimo-voztuvas-1-2-6x8-pvdfepcec276\/","og_site_name":"Dosing Pump Shop B.V.","article_modified_time":"2026-02-27T12:50:31+00:00","og_image":[{"width":500,"height":500,"url":"https:\/\/dosingpump.shop\/wp-content\/uploads\/2024\/12\/Injectieventiel-EP.png","type":"image\/png"}],"twitter_card":"summary_large_image","twitter_misc":{"Price":"&euro;27,00","Availability":"In stock"},"schema":{"@context":"https:\/\/schema.org","@graph":[{"@type":"WebPage","@id":"https:\/\/dosingpump.shop\/fr\/produit\/valve-dinjection-1-2-6x8-pvdfepcec276\/","url":"https:\/\/dosingpump.shop\/fr\/produit\/valve-dinjection-1-2-6x8-pvdfepcec276\/","name":"\u012epur\u0161kimo vo\u017etuvas 1\/2\" 6x8 (PVDF+EP+CE+C276) - Dosing Pump Shop B.V.","isPartOf":{"@id":"https:\/\/dosingpump.shop\/de\/#website"},"primaryImageOfPage":{"@id":"https:\/\/dosingpump.shop\/fr\/produit\/valve-dinjection-1-2-6x8-pvdfepcec276\/#primaryimage"},"image":{"@id":"https:\/\/dosingpump.shop\/fr\/produit\/valve-dinjection-1-2-6x8-pvdfepcec276\/#primaryimage"},"thumbnailUrl":"https:\/\/dosingpump.shop\/wp-content\/uploads\/2024\/12\/Injectieventiel-EP.png","datePublished":"2025-06-16T09:08:03+00:00","dateModified":"2026-02-27T12:50:31+00:00","breadcrumb":{"@id":"https:\/\/dosingpump.shop\/fr\/produit\/valve-dinjection-1-2-6x8-pvdfepcec276\/#breadcrumb"},"inLanguage":"lt-LT","potentialAction":[{"@type":"ReadAction","target":["https:\/\/dosingpump.shop\/fr\/produit\/valve-dinjection-1-2-6x8-pvdfepcec276\/"]}]},{"@type":"ImageObject","inLanguage":"lt-LT","@id":"https:\/\/dosingpump.shop\/fr\/produit\/valve-dinjection-1-2-6x8-pvdfepcec276\/#primaryimage","url":"https:\/\/dosingpump.shop\/wp-content\/uploads\/2024\/12\/Injectieventiel-EP.png","contentUrl":"https:\/\/dosingpump.shop\/wp-content\/uploads\/2024\/12\/Injectieventiel-EP.png","width":500,"height":500},{"@type":"BreadcrumbList","@id":"https:\/\/dosingpump.shop\/fr\/produit\/valve-dinjection-1-2-6x8-pvdfepcec276\/#breadcrumb","itemListElement":[{"@type":"ListItem","position":1,"name":"Home","item":"https:\/\/dosingpump.shop\/"},{"@type":"ListItem","position":2,"name":"Shop","item":"https:\/\/dosingpump.shop\/de\/shop\/"},{"@type":"ListItem","position":3,"name":"Injectieventiel 1\/2&#8243; 6&#215;8 (PVDF+EP+CE+C276)"}]},{"@type":"WebSite","@id":"https:\/\/dosingpump.shop\/de\/#website","url":"https:\/\/dosingpump.shop\/de\/","name":"Dosing Pump Shop B.V.","description":"","publisher":{"@id":"https:\/\/dosingpump.shop\/de\/#organization"},"potentialAction":[{"@type":"SearchAction","target":{"@type":"EntryPoint","urlTemplate":"https:\/\/dosingpump.shop\/de\/?s={search_term_string}"},"query-input":{"@type":"PropertyValueSpecification","valueRequired":true,"valueName":"search_term_string"}}],"inLanguage":"lt-LT"},{"@type":"Organization","@id":"https:\/\/dosingpump.shop\/de\/#organization","name":"Dosing Pump Shop B.V.","url":"https:\/\/dosingpump.shop\/de\/","logo":{"@type":"ImageObject","inLanguage":"lt-LT","@id":"https:\/\/dosingpump.shop\/de\/#\/schema\/logo\/image\/","url":"https:\/\/dosingpump.shop\/wp-content\/uploads\/2024\/10\/Dosing-Pump-Shop-logo.png","contentUrl":"https:\/\/dosingpump.shop\/wp-content\/uploads\/2024\/10\/Dosing-Pump-Shop-logo.png","width":350,"height":45,"caption":"Dosing Pump Shop B.V."},"image":{"@id":"https:\/\/dosingpump.shop\/de\/#\/schema\/logo\/image\/"},"sameAs":["https:\/\/linkedin.com\/company\/dosing-pump-shop"]}]},"product_price_amount":"27.00","product_price_currency":"EUR","og_availability":"instock","product_availability":"instock","product_retailer_item_id":"073.1112.1\u00a0","product_condition":"new"},"_links":{"self":[{"href":"https:\/\/dosingpump.shop\/lt\/wp-json\/wp\/v2\/product\/7445","targetHints":{"allow":["GET"]}}],"collection":[{"href":"https:\/\/dosingpump.shop\/lt\/wp-json\/wp\/v2\/product"}],"about":[{"href":"https:\/\/dosingpump.shop\/lt\/wp-json\/wp\/v2\/types\/product"}],"wp:featuredmedia":[{"embeddable":true,"href":"https:\/\/dosingpump.shop\/lt\/wp-json\/wp\/v2\/media\/7345"}],"wp:attachment":[{"href":"https:\/\/dosingpump.shop\/lt\/wp-json\/wp\/v2\/media?parent=7445"}],"wp:term":[{"taxonomy":"product_brand","embeddable":true,"href":"https:\/\/dosingpump.shop\/lt\/wp-json\/wp\/v2\/product_brand?post=7445"},{"taxonomy":"product_cat","embeddable":true,"href":"https:\/\/dosingpump.shop\/lt\/wp-json\/wp\/v2\/product_cat?post=7445"},{"taxonomy":"product_tag","embeddable":true,"href":"https:\/\/dosingpump.shop\/lt\/wp-json\/wp\/v2\/product_tag?post=7445"}],"curies":[{"name":"wp","href":"https:\/\/api.w.org\/{rel}","templated":true}]}}