{"id":7474,"date":"2025-06-18T09:14:45","date_gmt":"2025-06-18T07:14:45","guid":{"rendered":"https:\/\/dosingpump.shop\/?post_type=product&#038;p=7474"},"modified":"2026-02-27T14:50:32","modified_gmt":"2026-02-27T12:50:32","slug":"dps-mp2-r-6l-u-1-bar","status":"publish","type":"product","link":"https:\/\/dosingpump.shop\/lt\/product\/dps-mp2-r-6l-u-1-bar\/","title":{"rendered":"DPS2-R - 6 l\/h - 1 baras"},"content":{"rendered":"<p>DPS2-R peristaltinis siurblys yra tvirtas ir patikimas dozavimo siurblys, idealiai tinkantis tais atvejais, kai reikia reguliariai tiksliai dozuoti skys\u010dius, \u012fskaitant chemines med\u017eiagas, pvz., chlor\u0105 ir \u012fvairias r\u016bg\u0161tis. D\u0117l tvirto polipropileno korpuso ir polikarbonato priekinio skydelio \u0161is siurblys pasi\u017eymi ilgaam\u017ei\u0161kumu. Siurblio \u0161irdis - Santopreno peristaltin\u0117 \u017earna - u\u017etikrina puik\u0173 atsparum\u0105 chemin\u0117ms med\u017eiagoms.<\/p>\n<p>\u0160is siurblys ypatingas tuo, kad jo srautas reguliuojamas be perstojo, tod\u0117l galima itin tiksliai sureguliuoti dozavim\u0105. Priklausomai nuo konkre\u010dios versijos, DPS2-R gali dozuoti iki 20 litr\u0173 per valand\u0105 ir pasiekti did\u017eiausi\u0105 3 bar\u0173 sl\u0117g\u012f. I\u0161samios informacijos apie skirtingas versijas ir j\u0173 specifikacijas rasite technin\u0117se specifikacijose.<\/p>\n<p>DPS2-R galite prad\u0117ti naudoti i\u0161 karto, nes siurblys komplektuojamas su 2 m ilgio sl\u0117gio ir siurbimo \u017earna, siurbimo filtru ir \u012fpur\u0161kimo antgaliu. Taip pat pridedama reikiama montavimo med\u017eiaga. \u017darnos jungtys yra standartinio 4 \u00d7 6 mm dyd\u017eio. Be to, \u0161\u012f dozavimo siurbl\u012f galima lengvai prijungti prie esamo valdymo, perjungiant standartin\u0119 230 V maitinimo \u012ftamp\u0105. Siurblys pritaikytas naudoti su 20-260 V daugiapoline maitinimo \u012ftampa.<\/p>\n<p>Atkreipkite d\u0117mes\u012f, kad DPS2-R peristaltinis siurblys netinka naudoti nepertraukiamai. Nors peristaltin\u0117 \u017earna yra labai atspari, j\u0105 reikia reguliariai tikrinti ir prireikus pakeisti. Atsargini\u0173 \u017earn\u0173 lengvai rasite m\u016bs\u0173 internetin\u0117je parduotuv\u0117je. Specifin\u0117ms reikm\u0117ms u\u017e papildom\u0105 mokest\u012f taip pat galima \u012fsigyti silikonin\u0119 \u017earn\u0105.<\/p>","protected":false},"excerpt":{"rendered":"<ul>\n<li>Ma\u017eas, bet puikus siurblys<\/li>\n<li>Did\u017eiausias srautas - 6 l\/h<\/li>\n<li>Did\u017eiausias sl\u0117gis - 1 baras<\/li>\n<\/ul>\n<p>Tiekiama su var\u017etais, PE ir PVC \u017earna, montavimo plok\u0161te, \u012fsiurbimo filtru ir \u012fpur\u0161kimo vo\u017etuvu.<\/p>","protected":false},"featured_media":7470,"template":"","meta":[],"product_brand":[],"product_cat":[291],"product_tag":[],"class_list":{"0":"post-7474","1":"product","2":"type-product","3":"status-publish","4":"has-post-thumbnail","6":"product_cat-dps-slangenpompen","8":"first","9":"instock","10":"taxable","11":"shipping-taxable","12":"purchasable","13":"product-type-simple"},"yoast_head":"<!-- This site is optimized with the Yoast SEO plugin v27.2 - https:\/\/yoast.com\/product\/yoast-seo-wordpress\/ -->\n<title>DPS2-R - 6l\/u - 1 Bar - Dosing Pump Shop B.V.<\/title>\n<meta name=\"robots\" content=\"index, follow, max-snippet:-1, max-image-preview:large, max-video-preview:-1\" \/>\n<link rel=\"canonical\" href=\"https:\/\/dosingpump.shop\/lt\/produktas\/dps-mp2-r-6l-u-1-bar\/\" \/>\n<meta property=\"og:locale\" content=\"lt_LT\" \/>\n<meta property=\"og:type\" content=\"article\" \/>\n<meta property=\"og:title\" content=\"DPS2-R - 6l\/u - 1 Bar - Dosing Pump Shop B.V.\" \/>\n<meta property=\"og:description\" content=\"Kleine maar uitstekend werkende pomp  Maximale flow van 6 l\/u  Maximale druk van 1 bar  Wordt geleverd met schroeven, PE en PVC slang, montageplaat, aanzuigfilter en injectieventiel\" \/>\n<meta property=\"og:url\" content=\"https:\/\/dosingpump.shop\/lt\/produktas\/dps-mp2-r-6l-u-1-bar\/\" \/>\n<meta property=\"og:site_name\" content=\"Dosing Pump Shop B.V.\" \/>\n<meta property=\"article:modified_time\" content=\"2026-02-27T12:50:32+00:00\" \/>\n<meta property=\"og:image\" content=\"https:\/\/dosingpump.shop\/wp-content\/uploads\/2025\/06\/Microdos-Pomp.png\" \/>\n\t<meta property=\"og:image:width\" content=\"500\" \/>\n\t<meta property=\"og:image:height\" content=\"500\" \/>\n\t<meta property=\"og:image:type\" content=\"image\/png\" \/>\n<meta name=\"twitter:card\" content=\"summary_large_image\" \/>\n<meta name=\"twitter:label1\" content=\"Price\" \/>\n\t<meta name=\"twitter:data1\" content=\"&euro;169,00\" \/>\n\t<meta name=\"twitter:label2\" content=\"Availability\" \/>\n\t<meta name=\"twitter:data2\" content=\"In stock\" \/>\n<script type=\"application\/ld+json\" class=\"yoast-schema-graph\">{\"@context\":\"https:\/\/schema.org\",\"@graph\":[{\"@type\":\"WebPage\",\"@id\":\"https:\/\/dosingpump.shop\/dk\/produkt\/dps-mp2-r-6l-u-1-bar\/\",\"url\":\"https:\/\/dosingpump.shop\/dk\/produkt\/dps-mp2-r-6l-u-1-bar\/\",\"name\":\"DPS2-R - 6l\/u - 1 Bar - Dosing Pump Shop B.V.\",\"isPartOf\":{\"@id\":\"https:\/\/dosingpump.shop\/de\/#website\"},\"primaryImageOfPage\":{\"@id\":\"https:\/\/dosingpump.shop\/dk\/produkt\/dps-mp2-r-6l-u-1-bar\/#primaryimage\"},\"image\":{\"@id\":\"https:\/\/dosingpump.shop\/dk\/produkt\/dps-mp2-r-6l-u-1-bar\/#primaryimage\"},\"thumbnailUrl\":\"https:\/\/dosingpump.shop\/wp-content\/uploads\/2025\/06\/Microdos-Pomp.png\",\"datePublished\":\"2025-06-18T07:14:45+00:00\",\"dateModified\":\"2026-02-27T12:50:32+00:00\",\"breadcrumb\":{\"@id\":\"https:\/\/dosingpump.shop\/dk\/produkt\/dps-mp2-r-6l-u-1-bar\/#breadcrumb\"},\"inLanguage\":\"lt-LT\",\"potentialAction\":[{\"@type\":\"ReadAction\",\"target\":[\"https:\/\/dosingpump.shop\/dk\/produkt\/dps-mp2-r-6l-u-1-bar\/\"]}]},{\"@type\":\"ImageObject\",\"inLanguage\":\"lt-LT\",\"@id\":\"https:\/\/dosingpump.shop\/dk\/produkt\/dps-mp2-r-6l-u-1-bar\/#primaryimage\",\"url\":\"https:\/\/dosingpump.shop\/wp-content\/uploads\/2025\/06\/Microdos-Pomp.png\",\"contentUrl\":\"https:\/\/dosingpump.shop\/wp-content\/uploads\/2025\/06\/Microdos-Pomp.png\",\"width\":500,\"height\":500},{\"@type\":\"BreadcrumbList\",\"@id\":\"https:\/\/dosingpump.shop\/dk\/produkt\/dps-mp2-r-6l-u-1-bar\/#breadcrumb\",\"itemListElement\":[{\"@type\":\"ListItem\",\"position\":1,\"name\":\"Home\",\"item\":\"https:\/\/dosingpump.shop\/\"},{\"@type\":\"ListItem\",\"position\":2,\"name\":\"Shop\",\"item\":\"https:\/\/dosingpump.shop\/de\/shop\/\"},{\"@type\":\"ListItem\",\"position\":3,\"name\":\"DPS2-R &#8211; 6l\/u &#8211; 1 Bar\"}]},{\"@type\":\"WebSite\",\"@id\":\"https:\/\/dosingpump.shop\/de\/#website\",\"url\":\"https:\/\/dosingpump.shop\/de\/\",\"name\":\"Dosing Pump Shop B.V.\",\"description\":\"\",\"publisher\":{\"@id\":\"https:\/\/dosingpump.shop\/de\/#organization\"},\"potentialAction\":[{\"@type\":\"SearchAction\",\"target\":{\"@type\":\"EntryPoint\",\"urlTemplate\":\"https:\/\/dosingpump.shop\/de\/?s={search_term_string}\"},\"query-input\":{\"@type\":\"PropertyValueSpecification\",\"valueRequired\":true,\"valueName\":\"search_term_string\"}}],\"inLanguage\":\"lt-LT\"},{\"@type\":\"Organization\",\"@id\":\"https:\/\/dosingpump.shop\/de\/#organization\",\"name\":\"Dosing Pump Shop B.V.\",\"url\":\"https:\/\/dosingpump.shop\/de\/\",\"logo\":{\"@type\":\"ImageObject\",\"inLanguage\":\"lt-LT\",\"@id\":\"https:\/\/dosingpump.shop\/de\/#\/schema\/logo\/image\/\",\"url\":\"https:\/\/dosingpump.shop\/wp-content\/uploads\/2024\/10\/Dosing-Pump-Shop-logo.png\",\"contentUrl\":\"https:\/\/dosingpump.shop\/wp-content\/uploads\/2024\/10\/Dosing-Pump-Shop-logo.png\",\"width\":350,\"height\":45,\"caption\":\"Dosing Pump Shop B.V.\"},\"image\":{\"@id\":\"https:\/\/dosingpump.shop\/de\/#\/schema\/logo\/image\/\"},\"sameAs\":[\"https:\/\/linkedin.com\/company\/dosing-pump-shop\"]}]}<\/script>\n<meta property=\"product:price:amount\" content=\"169.00\" \/>\n<meta property=\"product:price:currency\" content=\"EUR\" \/>\n<meta property=\"og:availability\" content=\"instock\" \/>\n<meta property=\"product:availability\" content=\"instock\" \/>\n<meta property=\"product:retailer_item_id\" content=\"DPS2R6LU1BAR\" \/>\n<meta property=\"product:condition\" content=\"new\" \/>\n<!-- \/ Yoast SEO plugin. -->","yoast_head_json":{"title":"DPS2-R - 6l\/h - 1 baras - Dosing Pump Shop B.V.","robots":{"index":"index","follow":"follow","max-snippet":"max-snippet:-1","max-image-preview":"max-image-preview:large","max-video-preview":"max-video-preview:-1"},"canonical":"https:\/\/dosingpump.shop\/lt\/produktas\/dps-mp2-r-6l-u-1-bar\/","og_locale":"lt_LT","og_type":"article","og_title":"DPS2-R - 6l\/u - 1 Bar - Dosing Pump Shop B.V.","og_description":"Kleine maar uitstekend werkende pomp  Maximale flow van 6 l\/u  Maximale druk van 1 bar  Wordt geleverd met schroeven, PE en PVC slang, montageplaat, aanzuigfilter en injectieventiel","og_url":"https:\/\/dosingpump.shop\/lt\/produktas\/dps-mp2-r-6l-u-1-bar\/","og_site_name":"Dosing Pump Shop B.V.","article_modified_time":"2026-02-27T12:50:32+00:00","og_image":[{"width":500,"height":500,"url":"https:\/\/dosingpump.shop\/wp-content\/uploads\/2025\/06\/Microdos-Pomp.png","type":"image\/png"}],"twitter_card":"summary_large_image","twitter_misc":{"Price":"&euro;169,00","Availability":"In stock"},"schema":{"@context":"https:\/\/schema.org","@graph":[{"@type":"WebPage","@id":"https:\/\/dosingpump.shop\/dk\/produkt\/dps-mp2-r-6l-u-1-bar\/","url":"https:\/\/dosingpump.shop\/dk\/produkt\/dps-mp2-r-6l-u-1-bar\/","name":"DPS2-R - 6l\/h - 1 baras - Dosing Pump Shop B.V.","isPartOf":{"@id":"https:\/\/dosingpump.shop\/de\/#website"},"primaryImageOfPage":{"@id":"https:\/\/dosingpump.shop\/dk\/produkt\/dps-mp2-r-6l-u-1-bar\/#primaryimage"},"image":{"@id":"https:\/\/dosingpump.shop\/dk\/produkt\/dps-mp2-r-6l-u-1-bar\/#primaryimage"},"thumbnailUrl":"https:\/\/dosingpump.shop\/wp-content\/uploads\/2025\/06\/Microdos-Pomp.png","datePublished":"2025-06-18T07:14:45+00:00","dateModified":"2026-02-27T12:50:32+00:00","breadcrumb":{"@id":"https:\/\/dosingpump.shop\/dk\/produkt\/dps-mp2-r-6l-u-1-bar\/#breadcrumb"},"inLanguage":"lt-LT","potentialAction":[{"@type":"ReadAction","target":["https:\/\/dosingpump.shop\/dk\/produkt\/dps-mp2-r-6l-u-1-bar\/"]}]},{"@type":"ImageObject","inLanguage":"lt-LT","@id":"https:\/\/dosingpump.shop\/dk\/produkt\/dps-mp2-r-6l-u-1-bar\/#primaryimage","url":"https:\/\/dosingpump.shop\/wp-content\/uploads\/2025\/06\/Microdos-Pomp.png","contentUrl":"https:\/\/dosingpump.shop\/wp-content\/uploads\/2025\/06\/Microdos-Pomp.png","width":500,"height":500},{"@type":"BreadcrumbList","@id":"https:\/\/dosingpump.shop\/dk\/produkt\/dps-mp2-r-6l-u-1-bar\/#breadcrumb","itemListElement":[{"@type":"ListItem","position":1,"name":"Home","item":"https:\/\/dosingpump.shop\/"},{"@type":"ListItem","position":2,"name":"Shop","item":"https:\/\/dosingpump.shop\/de\/shop\/"},{"@type":"ListItem","position":3,"name":"DPS2-R &#8211; 6l\/u &#8211; 1 Bar"}]},{"@type":"WebSite","@id":"https:\/\/dosingpump.shop\/de\/#website","url":"https:\/\/dosingpump.shop\/de\/","name":"Dosing Pump Shop B.V.","description":"","publisher":{"@id":"https:\/\/dosingpump.shop\/de\/#organization"},"potentialAction":[{"@type":"SearchAction","target":{"@type":"EntryPoint","urlTemplate":"https:\/\/dosingpump.shop\/de\/?s={search_term_string}"},"query-input":{"@type":"PropertyValueSpecification","valueRequired":true,"valueName":"search_term_string"}}],"inLanguage":"lt-LT"},{"@type":"Organization","@id":"https:\/\/dosingpump.shop\/de\/#organization","name":"Dosing Pump Shop B.V.","url":"https:\/\/dosingpump.shop\/de\/","logo":{"@type":"ImageObject","inLanguage":"lt-LT","@id":"https:\/\/dosingpump.shop\/de\/#\/schema\/logo\/image\/","url":"https:\/\/dosingpump.shop\/wp-content\/uploads\/2024\/10\/Dosing-Pump-Shop-logo.png","contentUrl":"https:\/\/dosingpump.shop\/wp-content\/uploads\/2024\/10\/Dosing-Pump-Shop-logo.png","width":350,"height":45,"caption":"Dosing Pump Shop B.V."},"image":{"@id":"https:\/\/dosingpump.shop\/de\/#\/schema\/logo\/image\/"},"sameAs":["https:\/\/linkedin.com\/company\/dosing-pump-shop"]}]},"product_price_amount":"169.00","product_price_currency":"EUR","og_availability":"instock","product_availability":"instock","product_retailer_item_id":"DPS2R6LU1BAR","product_condition":"new"},"_links":{"self":[{"href":"https:\/\/dosingpump.shop\/lt\/wp-json\/wp\/v2\/product\/7474","targetHints":{"allow":["GET"]}}],"collection":[{"href":"https:\/\/dosingpump.shop\/lt\/wp-json\/wp\/v2\/product"}],"about":[{"href":"https:\/\/dosingpump.shop\/lt\/wp-json\/wp\/v2\/types\/product"}],"wp:featuredmedia":[{"embeddable":true,"href":"https:\/\/dosingpump.shop\/lt\/wp-json\/wp\/v2\/media\/7470"}],"wp:attachment":[{"href":"https:\/\/dosingpump.shop\/lt\/wp-json\/wp\/v2\/media?parent=7474"}],"wp:term":[{"taxonomy":"product_brand","embeddable":true,"href":"https:\/\/dosingpump.shop\/lt\/wp-json\/wp\/v2\/product_brand?post=7474"},{"taxonomy":"product_cat","embeddable":true,"href":"https:\/\/dosingpump.shop\/lt\/wp-json\/wp\/v2\/product_cat?post=7474"},{"taxonomy":"product_tag","embeddable":true,"href":"https:\/\/dosingpump.shop\/lt\/wp-json\/wp\/v2\/product_tag?post=7474"}],"curies":[{"name":"wp","href":"https:\/\/api.w.org\/{rel}","templated":true}]}}