{"id":7497,"date":"2025-06-23T13:51:08","date_gmt":"2025-06-23T11:51:08","guid":{"rendered":"https:\/\/dosingpump.shop\/product\/slang-6x8-pvdf-50-meter\/"},"modified":"2026-02-27T14:50:33","modified_gmt":"2026-02-27T12:50:33","slug":"zarna-6x8-pvdf-50-metru","status":"publish","type":"product","link":"https:\/\/dosingpump.shop\/lt\/product\/slang-6x8-pvdf-50-meter\/","title":{"rendered":"\u017darna - 6\u00d78 - PVDF - 50 metr\u0173"},"content":{"rendered":"<p>\"Emec\" 6 \u00d7 8 mm dozavimo \u017earna, pagaminta i\u0161 auk\u0161tos kokyb\u0117s **PVDF**, yra esminis komponentas \u012fvairioms dozavimo reikm\u0117ms. \u0160i **50 metr\u0173 ilgio** \u017earna yra patikimas ir patvarus sprendimas chemin\u0117ms med\u017eiagoms transportuoti j\u016bs\u0173 dozavimo sistemoje. Naudojant **PVDF**, \u017earna pasi\u017eymi puikiu atsparumu chemin\u0117ms med\u017eiagoms**, net ir agresyviems skys\u010diams. \u0160ios \u017earnos vidinis skersmuo yra **6 mm**, o i\u0161orinis - **8 mm**, tod\u0117l ji tinka sistemoms, kurioms reikalingi \u0161ie specifiniai matmenys. 50 metr\u0173 ilgio \u017earnos ilgis u\u017etikrina plat\u0173 montavimo lankstum\u0105 ir prireikus j\u0105 galima lengvai patrumpinti. Ji idealiai tinka naudoti su \"Emec\" dozavimo siurbliais ir kitomis dozavimo sistemomis, kai reikia patikimos ir chemin\u0117ms med\u017eiagoms atsparios \u017earnos. PVDF pasi\u017eymi puikiu atsparumu chemin\u0117ms med\u017eiagoms ir \u0161iluminiam poveikiui; d\u0117l konkre\u010di\u0173 chemini\u0173 med\u017eiag\u0173 geriausia susipa\u017einti su cheminio suderinamumo s\u0105ra\u0161u, kad \u012fsitikintum\u0117te, ar PVDF tinka j\u016bs\u0173 naudojimui. \u0160i \u017earna yra ekonomi\u0161kas ir patikimas pasirinkimas j\u016bs\u0173 dozavimo poreikiams, pasi\u017eymintis kokybe, kurios galite tik\u0117tis i\u0161 \"Emec\".<\/p>","protected":false},"excerpt":{"rendered":"<ul>\n<li>\"Emec\" auk\u0161tos kokyb\u0117s PVDF \u017earna<\/li>\n<li>6\u00d78 pralaidumas<\/li>\n<li>50 metr\u0173 ilgio<\/li>\n<\/ul>\n<p><em><strong>Galimos kelios versijos<\/strong><\/em><\/p>","protected":false},"featured_media":7486,"template":"","meta":[],"product_brand":[],"product_cat":[34,280],"product_tag":[],"class_list":{"0":"post-7497","1":"product","2":"type-product","3":"status-publish","4":"has-post-thumbnail","6":"product_cat-accessoires","7":"product_cat-slangen","9":"first","10":"instock","11":"taxable","12":"shipping-taxable","13":"purchasable","14":"product-type-simple"},"yoast_head":"<!-- This site is optimized with the Yoast SEO plugin v27.2 - https:\/\/yoast.com\/product\/yoast-seo-wordpress\/ -->\n<title>Slang - 6x8 - PVDF - 50 Meter - Dosing Pump Shop B.V.<\/title>\n<meta name=\"robots\" content=\"index, follow, max-snippet:-1, max-image-preview:large, max-video-preview:-1\" \/>\n<link rel=\"canonical\" href=\"https:\/\/dosingpump.shop\/lt\/produktas\/zarna-6x8-pvdf-50-metru\/\" \/>\n<meta property=\"og:locale\" content=\"lt_LT\" \/>\n<meta property=\"og:type\" content=\"article\" \/>\n<meta property=\"og:title\" content=\"Slang - 6x8 - PVDF - 50 Meter - Dosing Pump Shop B.V.\" \/>\n<meta property=\"og:description\" content=\"Emec hoogwaardige PVDF Slang  Een doorvoer van 6x8  Lengte van 50 Meter  Beschikbaar in meerdere uitvoeringen\" \/>\n<meta property=\"og:url\" content=\"https:\/\/dosingpump.shop\/lt\/produktas\/zarna-6x8-pvdf-50-metru\/\" \/>\n<meta property=\"og:site_name\" content=\"Dosing Pump Shop B.V.\" \/>\n<meta property=\"article:modified_time\" content=\"2026-02-27T12:50:33+00:00\" \/>\n<meta property=\"og:image\" content=\"https:\/\/dosingpump.shop\/wp-content\/uploads\/2025\/06\/Emec-Slang-PE-1.png\" \/>\n\t<meta property=\"og:image:width\" content=\"500\" \/>\n\t<meta property=\"og:image:height\" content=\"500\" \/>\n\t<meta property=\"og:image:type\" content=\"image\/png\" \/>\n<meta name=\"twitter:card\" content=\"summary_large_image\" \/>\n<meta name=\"twitter:label1\" content=\"Price\" \/>\n\t<meta name=\"twitter:data1\" content=\"&euro;489,00\" \/>\n\t<meta name=\"twitter:label2\" content=\"Availability\" \/>\n\t<meta name=\"twitter:data2\" content=\"In stock\" \/>\n<script type=\"application\/ld+json\" class=\"yoast-schema-graph\">{\"@context\":\"https:\/\/schema.org\",\"@graph\":[{\"@type\":\"WebPage\",\"@id\":\"https:\/\/dosingpump.shop\/dk\/produkt\/slange-6x8-pvdf-50-meter\/\",\"url\":\"https:\/\/dosingpump.shop\/dk\/produkt\/slange-6x8-pvdf-50-meter\/\",\"name\":\"Slang - 6x8 - PVDF - 50 Meter - Dosing Pump Shop B.V.\",\"isPartOf\":{\"@id\":\"https:\/\/dosingpump.shop\/de\/#website\"},\"primaryImageOfPage\":{\"@id\":\"https:\/\/dosingpump.shop\/dk\/produkt\/slange-6x8-pvdf-50-meter\/#primaryimage\"},\"image\":{\"@id\":\"https:\/\/dosingpump.shop\/dk\/produkt\/slange-6x8-pvdf-50-meter\/#primaryimage\"},\"thumbnailUrl\":\"https:\/\/dosingpump.shop\/wp-content\/uploads\/2025\/06\/Emec-Slang-PE-1.png\",\"datePublished\":\"2025-06-23T11:51:08+00:00\",\"dateModified\":\"2026-02-27T12:50:33+00:00\",\"breadcrumb\":{\"@id\":\"https:\/\/dosingpump.shop\/dk\/produkt\/slange-6x8-pvdf-50-meter\/#breadcrumb\"},\"inLanguage\":\"lt-LT\",\"potentialAction\":[{\"@type\":\"ReadAction\",\"target\":[\"https:\/\/dosingpump.shop\/dk\/produkt\/slange-6x8-pvdf-50-meter\/\"]}]},{\"@type\":\"ImageObject\",\"inLanguage\":\"lt-LT\",\"@id\":\"https:\/\/dosingpump.shop\/dk\/produkt\/slange-6x8-pvdf-50-meter\/#primaryimage\",\"url\":\"https:\/\/dosingpump.shop\/wp-content\/uploads\/2025\/06\/Emec-Slang-PE-1.png\",\"contentUrl\":\"https:\/\/dosingpump.shop\/wp-content\/uploads\/2025\/06\/Emec-Slang-PE-1.png\",\"width\":500,\"height\":500},{\"@type\":\"BreadcrumbList\",\"@id\":\"https:\/\/dosingpump.shop\/dk\/produkt\/slange-6x8-pvdf-50-meter\/#breadcrumb\",\"itemListElement\":[{\"@type\":\"ListItem\",\"position\":1,\"name\":\"Home\",\"item\":\"https:\/\/dosingpump.shop\/\"},{\"@type\":\"ListItem\",\"position\":2,\"name\":\"Shop\",\"item\":\"https:\/\/dosingpump.shop\/de\/shop\/\"},{\"@type\":\"ListItem\",\"position\":3,\"name\":\"Slang &#8211; 6&#215;8 &#8211; PVDF &#8211; 50 Meter\"}]},{\"@type\":\"WebSite\",\"@id\":\"https:\/\/dosingpump.shop\/de\/#website\",\"url\":\"https:\/\/dosingpump.shop\/de\/\",\"name\":\"Dosing Pump Shop B.V.\",\"description\":\"\",\"publisher\":{\"@id\":\"https:\/\/dosingpump.shop\/de\/#organization\"},\"potentialAction\":[{\"@type\":\"SearchAction\",\"target\":{\"@type\":\"EntryPoint\",\"urlTemplate\":\"https:\/\/dosingpump.shop\/de\/?s={search_term_string}\"},\"query-input\":{\"@type\":\"PropertyValueSpecification\",\"valueRequired\":true,\"valueName\":\"search_term_string\"}}],\"inLanguage\":\"lt-LT\"},{\"@type\":\"Organization\",\"@id\":\"https:\/\/dosingpump.shop\/de\/#organization\",\"name\":\"Dosing Pump Shop B.V.\",\"url\":\"https:\/\/dosingpump.shop\/de\/\",\"logo\":{\"@type\":\"ImageObject\",\"inLanguage\":\"lt-LT\",\"@id\":\"https:\/\/dosingpump.shop\/de\/#\/schema\/logo\/image\/\",\"url\":\"https:\/\/dosingpump.shop\/wp-content\/uploads\/2024\/10\/Dosing-Pump-Shop-logo.png\",\"contentUrl\":\"https:\/\/dosingpump.shop\/wp-content\/uploads\/2024\/10\/Dosing-Pump-Shop-logo.png\",\"width\":350,\"height\":45,\"caption\":\"Dosing Pump Shop B.V.\"},\"image\":{\"@id\":\"https:\/\/dosingpump.shop\/de\/#\/schema\/logo\/image\/\"},\"sameAs\":[\"https:\/\/linkedin.com\/company\/dosing-pump-shop\"]}]}<\/script>\n<meta property=\"product:price:amount\" content=\"489.00\" \/>\n<meta property=\"product:price:currency\" content=\"EUR\" \/>\n<meta property=\"og:availability\" content=\"instock\" \/>\n<meta property=\"product:availability\" content=\"instock\" \/>\n<meta property=\"product:retailer_item_id\" content=\"049.0436.0\" \/>\n<meta property=\"product:condition\" content=\"new\" \/>\n<!-- \/ Yoast SEO plugin. -->","yoast_head_json":{"title":"\u017darna - 6x8 - PVDF - 50 metr\u0173 - Dosing Pump Shop B.V.","robots":{"index":"index","follow":"follow","max-snippet":"max-snippet:-1","max-image-preview":"max-image-preview:large","max-video-preview":"max-video-preview:-1"},"canonical":"https:\/\/dosingpump.shop\/lt\/produktas\/zarna-6x8-pvdf-50-metru\/","og_locale":"lt_LT","og_type":"article","og_title":"Slang - 6x8 - PVDF - 50 Meter - Dosing Pump Shop B.V.","og_description":"Emec hoogwaardige PVDF Slang  Een doorvoer van 6x8  Lengte van 50 Meter  Beschikbaar in meerdere uitvoeringen","og_url":"https:\/\/dosingpump.shop\/lt\/produktas\/zarna-6x8-pvdf-50-metru\/","og_site_name":"Dosing Pump Shop B.V.","article_modified_time":"2026-02-27T12:50:33+00:00","og_image":[{"width":500,"height":500,"url":"https:\/\/dosingpump.shop\/wp-content\/uploads\/2025\/06\/Emec-Slang-PE-1.png","type":"image\/png"}],"twitter_card":"summary_large_image","twitter_misc":{"Price":"&euro;489,00","Availability":"In stock"},"schema":{"@context":"https:\/\/schema.org","@graph":[{"@type":"WebPage","@id":"https:\/\/dosingpump.shop\/dk\/produkt\/slange-6x8-pvdf-50-meter\/","url":"https:\/\/dosingpump.shop\/dk\/produkt\/slange-6x8-pvdf-50-meter\/","name":"\u017darna - 6x8 - PVDF - 50 metr\u0173 - Dosing Pump Shop B.V.","isPartOf":{"@id":"https:\/\/dosingpump.shop\/de\/#website"},"primaryImageOfPage":{"@id":"https:\/\/dosingpump.shop\/dk\/produkt\/slange-6x8-pvdf-50-meter\/#primaryimage"},"image":{"@id":"https:\/\/dosingpump.shop\/dk\/produkt\/slange-6x8-pvdf-50-meter\/#primaryimage"},"thumbnailUrl":"https:\/\/dosingpump.shop\/wp-content\/uploads\/2025\/06\/Emec-Slang-PE-1.png","datePublished":"2025-06-23T11:51:08+00:00","dateModified":"2026-02-27T12:50:33+00:00","breadcrumb":{"@id":"https:\/\/dosingpump.shop\/dk\/produkt\/slange-6x8-pvdf-50-meter\/#breadcrumb"},"inLanguage":"lt-LT","potentialAction":[{"@type":"ReadAction","target":["https:\/\/dosingpump.shop\/dk\/produkt\/slange-6x8-pvdf-50-meter\/"]}]},{"@type":"ImageObject","inLanguage":"lt-LT","@id":"https:\/\/dosingpump.shop\/dk\/produkt\/slange-6x8-pvdf-50-meter\/#primaryimage","url":"https:\/\/dosingpump.shop\/wp-content\/uploads\/2025\/06\/Emec-Slang-PE-1.png","contentUrl":"https:\/\/dosingpump.shop\/wp-content\/uploads\/2025\/06\/Emec-Slang-PE-1.png","width":500,"height":500},{"@type":"BreadcrumbList","@id":"https:\/\/dosingpump.shop\/dk\/produkt\/slange-6x8-pvdf-50-meter\/#breadcrumb","itemListElement":[{"@type":"ListItem","position":1,"name":"Home","item":"https:\/\/dosingpump.shop\/"},{"@type":"ListItem","position":2,"name":"Shop","item":"https:\/\/dosingpump.shop\/de\/shop\/"},{"@type":"ListItem","position":3,"name":"Slang &#8211; 6&#215;8 &#8211; PVDF &#8211; 50 Meter"}]},{"@type":"WebSite","@id":"https:\/\/dosingpump.shop\/de\/#website","url":"https:\/\/dosingpump.shop\/de\/","name":"Dosing Pump Shop B.V.","description":"","publisher":{"@id":"https:\/\/dosingpump.shop\/de\/#organization"},"potentialAction":[{"@type":"SearchAction","target":{"@type":"EntryPoint","urlTemplate":"https:\/\/dosingpump.shop\/de\/?s={search_term_string}"},"query-input":{"@type":"PropertyValueSpecification","valueRequired":true,"valueName":"search_term_string"}}],"inLanguage":"lt-LT"},{"@type":"Organization","@id":"https:\/\/dosingpump.shop\/de\/#organization","name":"Dosing Pump Shop B.V.","url":"https:\/\/dosingpump.shop\/de\/","logo":{"@type":"ImageObject","inLanguage":"lt-LT","@id":"https:\/\/dosingpump.shop\/de\/#\/schema\/logo\/image\/","url":"https:\/\/dosingpump.shop\/wp-content\/uploads\/2024\/10\/Dosing-Pump-Shop-logo.png","contentUrl":"https:\/\/dosingpump.shop\/wp-content\/uploads\/2024\/10\/Dosing-Pump-Shop-logo.png","width":350,"height":45,"caption":"Dosing Pump Shop B.V."},"image":{"@id":"https:\/\/dosingpump.shop\/de\/#\/schema\/logo\/image\/"},"sameAs":["https:\/\/linkedin.com\/company\/dosing-pump-shop"]}]},"product_price_amount":"489.00","product_price_currency":"EUR","og_availability":"instock","product_availability":"instock","product_retailer_item_id":"049.0436.0","product_condition":"new"},"_links":{"self":[{"href":"https:\/\/dosingpump.shop\/lt\/wp-json\/wp\/v2\/product\/7497","targetHints":{"allow":["GET"]}}],"collection":[{"href":"https:\/\/dosingpump.shop\/lt\/wp-json\/wp\/v2\/product"}],"about":[{"href":"https:\/\/dosingpump.shop\/lt\/wp-json\/wp\/v2\/types\/product"}],"wp:featuredmedia":[{"embeddable":true,"href":"https:\/\/dosingpump.shop\/lt\/wp-json\/wp\/v2\/media\/7486"}],"wp:attachment":[{"href":"https:\/\/dosingpump.shop\/lt\/wp-json\/wp\/v2\/media?parent=7497"}],"wp:term":[{"taxonomy":"product_brand","embeddable":true,"href":"https:\/\/dosingpump.shop\/lt\/wp-json\/wp\/v2\/product_brand?post=7497"},{"taxonomy":"product_cat","embeddable":true,"href":"https:\/\/dosingpump.shop\/lt\/wp-json\/wp\/v2\/product_cat?post=7497"},{"taxonomy":"product_tag","embeddable":true,"href":"https:\/\/dosingpump.shop\/lt\/wp-json\/wp\/v2\/product_tag?post=7497"}],"curies":[{"name":"wp","href":"https:\/\/api.w.org\/{rel}","templated":true}]}}