{"id":8195,"date":"2025-07-25T16:50:32","date_gmt":"2025-07-25T14:50:32","guid":{"rendered":"https:\/\/dosingpump.shop\/product\/emec-ams-co-plus-02-60-fp-230vac-2\/"},"modified":"2026-02-27T14:50:48","modified_gmt":"2026-02-27T12:50:48","slug":"emec-ams-co-plus-02-60-fp-230vac-2","status":"publish","type":"product","link":"https:\/\/dosingpump.shop\/lt\/product\/emec-ams-co-plus-02-60-fp-230vac-2\/","title":{"rendered":"Emec AMS-CO-PLUS 02-60 FP 230VAC"},"content":{"rendered":"<p>\"Emec AMS CO Plus\" yra pramoniniu b\u016bdu sukurtas, horizontaliai montuojamas magnetu varomas diafragminis dozavimo siurblys, specialiai sukonstruotas darbams, kuriems reikia nuolatinio ir tikslaus chemini\u0173 med\u017eiag\u0173 dozavimo. \u0160is modelis veikia nuolatinio veikimo re\u017eimu, t. y. jis nuolat dozuoja fiksuot\u0105 nustatyt\u0105 kiek\u012f be galimyb\u0117s j\u012f valdyti i\u0161oriniu lygio signalu.<\/p>\n<p>Techni\u0161kai siurbl\u012f suka elektromagnetas, kuris i\u0161judina PTFE diafragm\u0105. Naudojant vis\u0105 (kiet\u0105j\u0105) PTFE membran\u0105 u\u017etikrinamas did\u017eiausias suderinamumas su chemin\u0117mis med\u017eiagomis ir itin ilgas tarnavimo laikas, net ir pumpuojant agresyviausias chemines med\u017eiagas. Siurblio galvut\u0117 ir hidrauliniai komponentai pagaminti i\u0161 auk\u0161tos kokyb\u0117s med\u017eiag\u0173, pavyzd\u017eiui, PVDF (polivinilidenfluorido), tod\u0117l siurblys atsparus daugeliui r\u016bg\u0161\u010di\u0173, \u0161arm\u0173 ir tirpikli\u0173.<\/p>\n<p>Siurblio na\u0161umas reguliuojamas rankiniu b\u016bdu, naudojant 0-100% eigos da\u017enio reguliatori\u0173, tod\u0117l operatorius gali tiksliai sureguliuoti sraut\u0105 pagal proceso reikalavimus. Tvirto korpuso, pagaminto i\u0161 stiklo pluo\u0161tu sutvirtinto polipropileno, apsaugos klas\u0117 yra IP65, kuri apsaugo vidinius komponentus nuo dulki\u0173 ir vandens \u010diurk\u0161li\u0173, tod\u0117l siurblys tinka naudoti sud\u0117tingoje pramonin\u0117je aplinkoje.<\/p>\n<p>Standarti\u0161kai \"AMS CO Plus\" komplektuojamas su pilnu montavimo rinkiniu, kur\u012f sudaro \u012fsiurbimo filtras, \u012fpur\u0161kimo vo\u017etuvas ir b\u016btinos sl\u0117gio ir \u012fsiurbimo \u017earnos, kad b\u016bt\u0173 galima greitai ir efektyviai prad\u0117ti eksploatuoti.<\/p>","protected":false},"excerpt":{"rendered":"<p>Svetain\u0117 <strong>AMS CO Plus<\/strong> tai patikimas ir universalus dozavimo siurblys, skirtas nuolatiniam dozavimui be lygio kontrol\u0117s. \u0160is tvirtas modelis idealiai tinka tais atvejais, kai reikia nuolatinio ir tikslaus chemini\u0173 med\u017eiag\u0173 dozavimo.<\/p>\n<ul>\n<li><strong>Pastovi doz\u0117<\/strong> be lygio kontrol\u0117s<\/li>\n<li><strong>Tvirtas ir universalus<\/strong> naudingas<\/li>\n<li>Vykdoma su <strong>pilna PTFE membrana<\/strong> d\u0117l didelio atsparumo chemin\u0117ms med\u017eiagoms<\/li>\n<\/ul>","protected":false},"featured_media":5190,"template":"","meta":[],"product_brand":[],"product_cat":[85],"product_tag":[],"class_list":{"0":"post-8195","1":"product","2":"type-product","3":"status-publish","4":"has-post-thumbnail","6":"product_cat-assortiment","8":"first","9":"onbackorder","10":"taxable","11":"shipping-taxable","12":"purchasable","13":"product-type-simple"},"yoast_head":"<!-- This site is optimized with the Yoast SEO plugin v27.2 - https:\/\/yoast.com\/product\/yoast-seo-wordpress\/ -->\n<title>Emec AMS-CO-PLUS 02-60 FP 230VAC - Dosing Pump Shop B.V.<\/title>\n<meta name=\"robots\" content=\"index, follow, max-snippet:-1, max-image-preview:large, max-video-preview:-1\" \/>\n<link rel=\"canonical\" href=\"https:\/\/dosingpump.shop\/lt\/produktas\/emec-ams-co-plus-02-60-fp-230vac-2\/\" \/>\n<meta property=\"og:locale\" content=\"lt_LT\" \/>\n<meta property=\"og:type\" content=\"article\" \/>\n<meta property=\"og:title\" content=\"Emec AMS-CO-PLUS 02-60 FP 230VAC - Dosing Pump Shop B.V.\" \/>\n<meta property=\"og:description\" content=\"De AMS CO Plus is een betrouwbare en veelzijdige doseerpomp die ontworpen is voor constante dosering zonder niveauregeling. Dit robuuste model is ideaal voor toepassingen waar een continue en nauwkeurige afgifte van chemicali\u00ebn vereist is.        Constante dosering zonder niveauregeling     Robuust en veelzijdig inzetbaar     Uitgevoerd met een volledig PTFE membraan voor hoge chemische bestendigheid\" \/>\n<meta property=\"og:url\" content=\"https:\/\/dosingpump.shop\/lt\/produktas\/emec-ams-co-plus-02-60-fp-230vac-2\/\" \/>\n<meta property=\"og:site_name\" content=\"Dosing Pump Shop B.V.\" \/>\n<meta property=\"article:modified_time\" content=\"2026-02-27T12:50:48+00:00\" \/>\n<meta property=\"og:image\" content=\"https:\/\/dosingpump.shop\/wp-content\/uploads\/2024\/12\/Emec-AMS-Series.webp\" \/>\n\t<meta property=\"og:image:width\" content=\"600\" \/>\n\t<meta property=\"og:image:height\" content=\"600\" \/>\n\t<meta property=\"og:image:type\" content=\"image\/webp\" \/>\n<meta name=\"twitter:card\" content=\"summary_large_image\" \/>\n<meta name=\"twitter:label1\" content=\"Price\" \/>\n\t<meta name=\"twitter:data1\" content=\"&euro;816,00\" \/>\n\t<meta name=\"twitter:label2\" content=\"Availability\" \/>\n\t<meta name=\"twitter:data2\" content=\"On backorder\" \/>\n<script type=\"application\/ld+json\" class=\"yoast-schema-graph\">{\"@context\":\"https:\/\/schema.org\",\"@graph\":[{\"@type\":\"WebPage\",\"@id\":\"https:\/\/dosingpump.shop\/product\/emec-ams-co-plus-02-60-fp-230vac-2\/\",\"url\":\"https:\/\/dosingpump.shop\/product\/emec-ams-co-plus-02-60-fp-230vac-2\/\",\"name\":\"Emec AMS-CO-PLUS 02-60 FP 230VAC - Dosing Pump Shop B.V.\",\"isPartOf\":{\"@id\":\"https:\/\/dosingpump.shop\/de\/#website\"},\"primaryImageOfPage\":{\"@id\":\"https:\/\/dosingpump.shop\/product\/emec-ams-co-plus-02-60-fp-230vac-2\/#primaryimage\"},\"image\":{\"@id\":\"https:\/\/dosingpump.shop\/product\/emec-ams-co-plus-02-60-fp-230vac-2\/#primaryimage\"},\"thumbnailUrl\":\"https:\/\/dosingpump.shop\/wp-content\/uploads\/2024\/12\/Emec-AMS-Series.webp\",\"datePublished\":\"2025-07-25T14:50:32+00:00\",\"dateModified\":\"2026-02-27T12:50:48+00:00\",\"breadcrumb\":{\"@id\":\"https:\/\/dosingpump.shop\/product\/emec-ams-co-plus-02-60-fp-230vac-2\/#breadcrumb\"},\"inLanguage\":\"lt-LT\",\"potentialAction\":[{\"@type\":\"ReadAction\",\"target\":[\"https:\/\/dosingpump.shop\/product\/emec-ams-co-plus-02-60-fp-230vac-2\/\"]}]},{\"@type\":\"ImageObject\",\"inLanguage\":\"lt-LT\",\"@id\":\"https:\/\/dosingpump.shop\/product\/emec-ams-co-plus-02-60-fp-230vac-2\/#primaryimage\",\"url\":\"https:\/\/dosingpump.shop\/wp-content\/uploads\/2024\/12\/Emec-AMS-Series.webp\",\"contentUrl\":\"https:\/\/dosingpump.shop\/wp-content\/uploads\/2024\/12\/Emec-AMS-Series.webp\",\"width\":600,\"height\":600},{\"@type\":\"BreadcrumbList\",\"@id\":\"https:\/\/dosingpump.shop\/product\/emec-ams-co-plus-02-60-fp-230vac-2\/#breadcrumb\",\"itemListElement\":[{\"@type\":\"ListItem\",\"position\":1,\"name\":\"Home\",\"item\":\"https:\/\/dosingpump.shop\/\"},{\"@type\":\"ListItem\",\"position\":2,\"name\":\"Shop\",\"item\":\"https:\/\/dosingpump.shop\/de\/shop\/\"},{\"@type\":\"ListItem\",\"position\":3,\"name\":\"Emec AMS-CO-PLUS 02-60 FP 230VAC\"}]},{\"@type\":\"WebSite\",\"@id\":\"https:\/\/dosingpump.shop\/de\/#website\",\"url\":\"https:\/\/dosingpump.shop\/de\/\",\"name\":\"Dosing Pump Shop B.V.\",\"description\":\"\",\"publisher\":{\"@id\":\"https:\/\/dosingpump.shop\/de\/#organization\"},\"potentialAction\":[{\"@type\":\"SearchAction\",\"target\":{\"@type\":\"EntryPoint\",\"urlTemplate\":\"https:\/\/dosingpump.shop\/de\/?s={search_term_string}\"},\"query-input\":{\"@type\":\"PropertyValueSpecification\",\"valueRequired\":true,\"valueName\":\"search_term_string\"}}],\"inLanguage\":\"lt-LT\"},{\"@type\":\"Organization\",\"@id\":\"https:\/\/dosingpump.shop\/de\/#organization\",\"name\":\"Dosing Pump Shop B.V.\",\"url\":\"https:\/\/dosingpump.shop\/de\/\",\"logo\":{\"@type\":\"ImageObject\",\"inLanguage\":\"lt-LT\",\"@id\":\"https:\/\/dosingpump.shop\/de\/#\/schema\/logo\/image\/\",\"url\":\"https:\/\/dosingpump.shop\/wp-content\/uploads\/2024\/10\/Dosing-Pump-Shop-logo.png\",\"contentUrl\":\"https:\/\/dosingpump.shop\/wp-content\/uploads\/2024\/10\/Dosing-Pump-Shop-logo.png\",\"width\":350,\"height\":45,\"caption\":\"Dosing Pump Shop B.V.\"},\"image\":{\"@id\":\"https:\/\/dosingpump.shop\/de\/#\/schema\/logo\/image\/\"},\"sameAs\":[\"https:\/\/linkedin.com\/company\/dosing-pump-shop\"]}]}<\/script>\n<meta property=\"product:price:amount\" content=\"816.00\" \/>\n<meta property=\"product:price:currency\" content=\"EUR\" \/>\n<meta property=\"og:availability\" content=\"backorder\" \/>\n<meta property=\"product:availability\" content=\"available for order\" \/>\n<meta property=\"product:retailer_item_id\" content=\"AUO02060K0000G00A000\" \/>\n<meta property=\"product:condition\" content=\"new\" \/>\n<!-- \/ Yoast SEO plugin. -->","yoast_head_json":{"title":"Emec AMS-CO-PLUS 02-60 FP 230VAC - Dosing Pump Shop B.V.","robots":{"index":"index","follow":"follow","max-snippet":"max-snippet:-1","max-image-preview":"max-image-preview:large","max-video-preview":"max-video-preview:-1"},"canonical":"https:\/\/dosingpump.shop\/lt\/produktas\/emec-ams-co-plus-02-60-fp-230vac-2\/","og_locale":"lt_LT","og_type":"article","og_title":"Emec AMS-CO-PLUS 02-60 FP 230VAC - Dosing Pump Shop B.V.","og_description":"De AMS CO Plus is een betrouwbare en veelzijdige doseerpomp die ontworpen is voor constante dosering zonder niveauregeling. Dit robuuste model is ideaal voor toepassingen waar een continue en nauwkeurige afgifte van chemicali\u00ebn vereist is.        Constante dosering zonder niveauregeling     Robuust en veelzijdig inzetbaar     Uitgevoerd met een volledig PTFE membraan voor hoge chemische bestendigheid","og_url":"https:\/\/dosingpump.shop\/lt\/produktas\/emec-ams-co-plus-02-60-fp-230vac-2\/","og_site_name":"Dosing Pump Shop B.V.","article_modified_time":"2026-02-27T12:50:48+00:00","og_image":[{"width":600,"height":600,"url":"https:\/\/dosingpump.shop\/wp-content\/uploads\/2024\/12\/Emec-AMS-Series.webp","type":"image\/webp"}],"twitter_card":"summary_large_image","twitter_misc":{"Price":"&euro;816,00","Availability":"On backorder"},"schema":{"@context":"https:\/\/schema.org","@graph":[{"@type":"WebPage","@id":"https:\/\/dosingpump.shop\/product\/emec-ams-co-plus-02-60-fp-230vac-2\/","url":"https:\/\/dosingpump.shop\/product\/emec-ams-co-plus-02-60-fp-230vac-2\/","name":"Emec AMS-CO-PLUS 02-60 FP 230VAC - Dosing Pump Shop B.V.","isPartOf":{"@id":"https:\/\/dosingpump.shop\/de\/#website"},"primaryImageOfPage":{"@id":"https:\/\/dosingpump.shop\/product\/emec-ams-co-plus-02-60-fp-230vac-2\/#primaryimage"},"image":{"@id":"https:\/\/dosingpump.shop\/product\/emec-ams-co-plus-02-60-fp-230vac-2\/#primaryimage"},"thumbnailUrl":"https:\/\/dosingpump.shop\/wp-content\/uploads\/2024\/12\/Emec-AMS-Series.webp","datePublished":"2025-07-25T14:50:32+00:00","dateModified":"2026-02-27T12:50:48+00:00","breadcrumb":{"@id":"https:\/\/dosingpump.shop\/product\/emec-ams-co-plus-02-60-fp-230vac-2\/#breadcrumb"},"inLanguage":"lt-LT","potentialAction":[{"@type":"ReadAction","target":["https:\/\/dosingpump.shop\/product\/emec-ams-co-plus-02-60-fp-230vac-2\/"]}]},{"@type":"ImageObject","inLanguage":"lt-LT","@id":"https:\/\/dosingpump.shop\/product\/emec-ams-co-plus-02-60-fp-230vac-2\/#primaryimage","url":"https:\/\/dosingpump.shop\/wp-content\/uploads\/2024\/12\/Emec-AMS-Series.webp","contentUrl":"https:\/\/dosingpump.shop\/wp-content\/uploads\/2024\/12\/Emec-AMS-Series.webp","width":600,"height":600},{"@type":"BreadcrumbList","@id":"https:\/\/dosingpump.shop\/product\/emec-ams-co-plus-02-60-fp-230vac-2\/#breadcrumb","itemListElement":[{"@type":"ListItem","position":1,"name":"Home","item":"https:\/\/dosingpump.shop\/"},{"@type":"ListItem","position":2,"name":"Shop","item":"https:\/\/dosingpump.shop\/de\/shop\/"},{"@type":"ListItem","position":3,"name":"Emec AMS-CO-PLUS 02-60 FP 230VAC"}]},{"@type":"WebSite","@id":"https:\/\/dosingpump.shop\/de\/#website","url":"https:\/\/dosingpump.shop\/de\/","name":"Dosing Pump Shop B.V.","description":"","publisher":{"@id":"https:\/\/dosingpump.shop\/de\/#organization"},"potentialAction":[{"@type":"SearchAction","target":{"@type":"EntryPoint","urlTemplate":"https:\/\/dosingpump.shop\/de\/?s={search_term_string}"},"query-input":{"@type":"PropertyValueSpecification","valueRequired":true,"valueName":"search_term_string"}}],"inLanguage":"lt-LT"},{"@type":"Organization","@id":"https:\/\/dosingpump.shop\/de\/#organization","name":"Dosing Pump Shop B.V.","url":"https:\/\/dosingpump.shop\/de\/","logo":{"@type":"ImageObject","inLanguage":"lt-LT","@id":"https:\/\/dosingpump.shop\/de\/#\/schema\/logo\/image\/","url":"https:\/\/dosingpump.shop\/wp-content\/uploads\/2024\/10\/Dosing-Pump-Shop-logo.png","contentUrl":"https:\/\/dosingpump.shop\/wp-content\/uploads\/2024\/10\/Dosing-Pump-Shop-logo.png","width":350,"height":45,"caption":"Dosing Pump Shop B.V."},"image":{"@id":"https:\/\/dosingpump.shop\/de\/#\/schema\/logo\/image\/"},"sameAs":["https:\/\/linkedin.com\/company\/dosing-pump-shop"]}]},"product_price_amount":"816.00","product_price_currency":"EUR","og_availability":"backorder","product_availability":"available for order","product_retailer_item_id":"AUO02060K0000G00A000","product_condition":"new"},"_links":{"self":[{"href":"https:\/\/dosingpump.shop\/lt\/wp-json\/wp\/v2\/product\/8195","targetHints":{"allow":["GET"]}}],"collection":[{"href":"https:\/\/dosingpump.shop\/lt\/wp-json\/wp\/v2\/product"}],"about":[{"href":"https:\/\/dosingpump.shop\/lt\/wp-json\/wp\/v2\/types\/product"}],"wp:featuredmedia":[{"embeddable":true,"href":"https:\/\/dosingpump.shop\/lt\/wp-json\/wp\/v2\/media\/5190"}],"wp:attachment":[{"href":"https:\/\/dosingpump.shop\/lt\/wp-json\/wp\/v2\/media?parent=8195"}],"wp:term":[{"taxonomy":"product_brand","embeddable":true,"href":"https:\/\/dosingpump.shop\/lt\/wp-json\/wp\/v2\/product_brand?post=8195"},{"taxonomy":"product_cat","embeddable":true,"href":"https:\/\/dosingpump.shop\/lt\/wp-json\/wp\/v2\/product_cat?post=8195"},{"taxonomy":"product_tag","embeddable":true,"href":"https:\/\/dosingpump.shop\/lt\/wp-json\/wp\/v2\/product_tag?post=8195"}],"curies":[{"name":"wp","href":"https:\/\/api.w.org\/{rel}","templated":true}]}}