{"id":8539,"date":"2025-11-14T15:26:22","date_gmt":"2025-11-14T13:26:22","guid":{"rendered":"https:\/\/dosingpump.shop\/product\/emec-ams-plus-03-40-fp-230vac-4\/"},"modified":"2026-02-27T14:50:54","modified_gmt":"2026-02-27T12:50:54","slug":"emec-ams-plus-03-40-fp-230vac-4","status":"publish","type":"product","link":"https:\/\/dosingpump.shop\/lt\/product\/emec-ams-plus-03-40-fp-230vac-4\/","title":{"rendered":"Emec AMS-PLUS 03-40 FP 230VAC"},"content":{"rendered":"<p>\"Emec\" AMS-PLUS 03-40 FP 230VAC yra tvirtas ir universalus, horizontaliai montuojamas, magnetu varomas AMS serijos dozavimo siurblys. \u0160is konkretus modelis skirtas tiek pastoviam, tiek proporcingam dozavimui, \u012fskaitant lygio valdym\u0105.<\/p>\n<p>Pastoviu re\u017eimu siurblys tiekia fiksuot\u0105 skys\u010dio kiek\u012f. Proporcinguoju re\u017eimu jis reguliuoja doz\u0119 pagal i\u0161orin\u012f signal\u0105, pvz., impuls\u0105 (pvz., i\u0161 vandens skaitiklio) arba 4-20 mA srov\u0117s signal\u0105. D\u0117l to siurblys idealiai tinka tais atvejais, kai reikia tiksliai suderinti doz\u0119 su proceso poreikiais.<\/p>\n<p>\u0160io modelio dozavimo na\u0161umas - 40 litr\u0173 per valand\u0105, kai did\u017eiausias sl\u0117gis yra 3 barai. \u0160i konfig\u016bracija ypa\u010d tinka chemin\u0117ms med\u017eiagoms, pavyzd\u017eiui, natrio hipochloritui (chlorui) ir kaustinei sodai, dozuoti, nes \u0161ios med\u017eiagos pasi\u017eymi puikiu atsparumu \u0161armams ir oksiduojan\u010dioms med\u017eiagoms.<\/p>\n<p>Siurblyje rankiniu b\u016bdu reguliuojamas eigos ilgis (nuo 0 iki 100%) ir elektroninis eigos da\u017enio valdymas, tod\u0117l u\u017etikrinamas tikslus ir patikimas dozavimas. Siurblys tiekiamas su montavimo rinkiniu (\u012fsiurbimo filtras su pl\u016bdine sklende, \u012fpur\u0161kimo vo\u017etuvas ir \u017earnos) ir turi IP65 apsaugos klas\u0119.<\/p>","protected":false},"excerpt":{"rendered":"<p>\"Emec AMS Plus\" yra universalus dozavimo siurblys, galintis tiek nuolat, tiek proporcingai dozuoti pagal i\u0161orin\u012f impulsin\u012f signal\u0105 (pvz., i\u0161 vandens skaitiklio). \u0160i versija su PVDF (FP) siurblio galvute labai tinka r\u016bg\u0161tims ir kitoms agresyvioms chemin\u0117ms med\u017eiagoms dozuoti.<\/p>\n<ul>\n<li>Pastovus ir proporcingas dozavimas<\/li>\n<li>PVDF siurblio galvut\u0117 r\u016bg\u0161tims<\/li>\n<li>Valdymas per i\u0161orin\u012f impulsin\u012f signal\u0105<\/li>\n<\/ul>","protected":false},"featured_media":5190,"template":"","meta":[],"product_brand":[],"product_cat":[85],"product_tag":[],"class_list":{"0":"post-8539","1":"product","2":"type-product","3":"status-publish","4":"has-post-thumbnail","6":"product_cat-assortiment","8":"first","9":"onbackorder","10":"taxable","11":"shipping-taxable","12":"purchasable","13":"product-type-simple"},"yoast_head":"<!-- This site is optimized with the Yoast SEO plugin v27.2 - https:\/\/yoast.com\/product\/yoast-seo-wordpress\/ -->\n<title>Emec AMS-PLUS 03-40 FP 230VAC - Dosing Pump Shop B.V.<\/title>\n<meta name=\"robots\" content=\"index, follow, max-snippet:-1, max-image-preview:large, max-video-preview:-1\" \/>\n<link rel=\"canonical\" href=\"https:\/\/dosingpump.shop\/lt\/produktas\/emec-ams-plus-03-40-fp-230vac-4\/\" \/>\n<meta property=\"og:locale\" content=\"lt_LT\" \/>\n<meta property=\"og:type\" content=\"article\" \/>\n<meta property=\"og:title\" content=\"Emec AMS-PLUS 03-40 FP 230VAC - Dosing Pump Shop B.V.\" \/>\n<meta property=\"og:description\" content=\"De Emec AMS Plus is een veelzijdige doseerpomp die zowel constant als proportioneel kan doseren op basis van een extern pulssignaal (bijv. van een watermeter). Deze uitvoering met een PVDF (FP) pompkop is zeer geschikt voor het doseren van zuren en andere agressieve chemicali\u00ebn.   Constant en proportioneel doseren  PVDF pompkop voor zuren  Aansturing via extern pulssignaal\" \/>\n<meta property=\"og:url\" content=\"https:\/\/dosingpump.shop\/lt\/produktas\/emec-ams-plus-03-40-fp-230vac-4\/\" \/>\n<meta property=\"og:site_name\" content=\"Dosing Pump Shop B.V.\" \/>\n<meta property=\"article:modified_time\" content=\"2026-02-27T12:50:54+00:00\" \/>\n<meta property=\"og:image\" content=\"https:\/\/dosingpump.shop\/wp-content\/uploads\/2024\/12\/Emec-AMS-Series.webp\" \/>\n\t<meta property=\"og:image:width\" content=\"600\" \/>\n\t<meta property=\"og:image:height\" content=\"600\" \/>\n\t<meta property=\"og:image:type\" content=\"image\/webp\" \/>\n<meta name=\"twitter:card\" content=\"summary_large_image\" \/>\n<meta name=\"twitter:label1\" content=\"Price\" \/>\n\t<meta name=\"twitter:data1\" content=\"&euro;875,00\" \/>\n\t<meta name=\"twitter:label2\" content=\"Availability\" \/>\n\t<meta name=\"twitter:data2\" content=\"On backorder\" \/>\n<script type=\"application\/ld+json\" class=\"yoast-schema-graph\">{\"@context\":\"https:\/\/schema.org\",\"@graph\":[{\"@type\":\"WebPage\",\"@id\":\"https:\/\/dosingpump.shop\/product\/emec-ams-plus-03-40-fp-230vac-4\/\",\"url\":\"https:\/\/dosingpump.shop\/product\/emec-ams-plus-03-40-fp-230vac-4\/\",\"name\":\"Emec AMS-PLUS 03-40 FP 230VAC - Dosing Pump Shop B.V.\",\"isPartOf\":{\"@id\":\"https:\/\/dosingpump.shop\/de\/#website\"},\"primaryImageOfPage\":{\"@id\":\"https:\/\/dosingpump.shop\/product\/emec-ams-plus-03-40-fp-230vac-4\/#primaryimage\"},\"image\":{\"@id\":\"https:\/\/dosingpump.shop\/product\/emec-ams-plus-03-40-fp-230vac-4\/#primaryimage\"},\"thumbnailUrl\":\"https:\/\/dosingpump.shop\/wp-content\/uploads\/2024\/12\/Emec-AMS-Series.webp\",\"datePublished\":\"2025-11-14T13:26:22+00:00\",\"dateModified\":\"2026-02-27T12:50:54+00:00\",\"breadcrumb\":{\"@id\":\"https:\/\/dosingpump.shop\/product\/emec-ams-plus-03-40-fp-230vac-4\/#breadcrumb\"},\"inLanguage\":\"lt-LT\",\"potentialAction\":[{\"@type\":\"ReadAction\",\"target\":[\"https:\/\/dosingpump.shop\/product\/emec-ams-plus-03-40-fp-230vac-4\/\"]}]},{\"@type\":\"ImageObject\",\"inLanguage\":\"lt-LT\",\"@id\":\"https:\/\/dosingpump.shop\/product\/emec-ams-plus-03-40-fp-230vac-4\/#primaryimage\",\"url\":\"https:\/\/dosingpump.shop\/wp-content\/uploads\/2024\/12\/Emec-AMS-Series.webp\",\"contentUrl\":\"https:\/\/dosingpump.shop\/wp-content\/uploads\/2024\/12\/Emec-AMS-Series.webp\",\"width\":600,\"height\":600},{\"@type\":\"BreadcrumbList\",\"@id\":\"https:\/\/dosingpump.shop\/product\/emec-ams-plus-03-40-fp-230vac-4\/#breadcrumb\",\"itemListElement\":[{\"@type\":\"ListItem\",\"position\":1,\"name\":\"Home\",\"item\":\"https:\/\/dosingpump.shop\/\"},{\"@type\":\"ListItem\",\"position\":2,\"name\":\"Shop\",\"item\":\"https:\/\/dosingpump.shop\/de\/shop\/\"},{\"@type\":\"ListItem\",\"position\":3,\"name\":\"Emec AMS-PLUS 03-40 FP 230VAC\"}]},{\"@type\":\"WebSite\",\"@id\":\"https:\/\/dosingpump.shop\/de\/#website\",\"url\":\"https:\/\/dosingpump.shop\/de\/\",\"name\":\"Dosing Pump Shop B.V.\",\"description\":\"\",\"publisher\":{\"@id\":\"https:\/\/dosingpump.shop\/de\/#organization\"},\"potentialAction\":[{\"@type\":\"SearchAction\",\"target\":{\"@type\":\"EntryPoint\",\"urlTemplate\":\"https:\/\/dosingpump.shop\/de\/?s={search_term_string}\"},\"query-input\":{\"@type\":\"PropertyValueSpecification\",\"valueRequired\":true,\"valueName\":\"search_term_string\"}}],\"inLanguage\":\"lt-LT\"},{\"@type\":\"Organization\",\"@id\":\"https:\/\/dosingpump.shop\/de\/#organization\",\"name\":\"Dosing Pump Shop B.V.\",\"url\":\"https:\/\/dosingpump.shop\/de\/\",\"logo\":{\"@type\":\"ImageObject\",\"inLanguage\":\"lt-LT\",\"@id\":\"https:\/\/dosingpump.shop\/de\/#\/schema\/logo\/image\/\",\"url\":\"https:\/\/dosingpump.shop\/wp-content\/uploads\/2024\/10\/Dosing-Pump-Shop-logo.png\",\"contentUrl\":\"https:\/\/dosingpump.shop\/wp-content\/uploads\/2024\/10\/Dosing-Pump-Shop-logo.png\",\"width\":350,\"height\":45,\"caption\":\"Dosing Pump Shop B.V.\"},\"image\":{\"@id\":\"https:\/\/dosingpump.shop\/de\/#\/schema\/logo\/image\/\"},\"sameAs\":[\"https:\/\/linkedin.com\/company\/dosing-pump-shop\"]}]}<\/script>\n<meta property=\"product:price:amount\" content=\"875.00\" \/>\n<meta property=\"product:price:currency\" content=\"EUR\" \/>\n<meta property=\"og:availability\" content=\"backorder\" \/>\n<meta property=\"product:availability\" content=\"available for order\" \/>\n<meta property=\"product:retailer_item_id\" content=\"AMU03040K0000V00A000\" \/>\n<meta property=\"product:condition\" content=\"new\" \/>\n<!-- \/ Yoast SEO plugin. -->","yoast_head_json":{"title":"Emec AMS-PLUS 03-40 FP 230VAC - Dosing Pump Shop B.V.","robots":{"index":"index","follow":"follow","max-snippet":"max-snippet:-1","max-image-preview":"max-image-preview:large","max-video-preview":"max-video-preview:-1"},"canonical":"https:\/\/dosingpump.shop\/lt\/produktas\/emec-ams-plus-03-40-fp-230vac-4\/","og_locale":"lt_LT","og_type":"article","og_title":"Emec AMS-PLUS 03-40 FP 230VAC - Dosing Pump Shop B.V.","og_description":"De Emec AMS Plus is een veelzijdige doseerpomp die zowel constant als proportioneel kan doseren op basis van een extern pulssignaal (bijv. van een watermeter). Deze uitvoering met een PVDF (FP) pompkop is zeer geschikt voor het doseren van zuren en andere agressieve chemicali\u00ebn.   Constant en proportioneel doseren  PVDF pompkop voor zuren  Aansturing via extern pulssignaal","og_url":"https:\/\/dosingpump.shop\/lt\/produktas\/emec-ams-plus-03-40-fp-230vac-4\/","og_site_name":"Dosing Pump Shop B.V.","article_modified_time":"2026-02-27T12:50:54+00:00","og_image":[{"width":600,"height":600,"url":"https:\/\/dosingpump.shop\/wp-content\/uploads\/2024\/12\/Emec-AMS-Series.webp","type":"image\/webp"}],"twitter_card":"summary_large_image","twitter_misc":{"Price":"&euro;875,00","Availability":"On backorder"},"schema":{"@context":"https:\/\/schema.org","@graph":[{"@type":"WebPage","@id":"https:\/\/dosingpump.shop\/product\/emec-ams-plus-03-40-fp-230vac-4\/","url":"https:\/\/dosingpump.shop\/product\/emec-ams-plus-03-40-fp-230vac-4\/","name":"Emec AMS-PLUS 03-40 FP 230VAC - Dosing Pump Shop B.V.","isPartOf":{"@id":"https:\/\/dosingpump.shop\/de\/#website"},"primaryImageOfPage":{"@id":"https:\/\/dosingpump.shop\/product\/emec-ams-plus-03-40-fp-230vac-4\/#primaryimage"},"image":{"@id":"https:\/\/dosingpump.shop\/product\/emec-ams-plus-03-40-fp-230vac-4\/#primaryimage"},"thumbnailUrl":"https:\/\/dosingpump.shop\/wp-content\/uploads\/2024\/12\/Emec-AMS-Series.webp","datePublished":"2025-11-14T13:26:22+00:00","dateModified":"2026-02-27T12:50:54+00:00","breadcrumb":{"@id":"https:\/\/dosingpump.shop\/product\/emec-ams-plus-03-40-fp-230vac-4\/#breadcrumb"},"inLanguage":"lt-LT","potentialAction":[{"@type":"ReadAction","target":["https:\/\/dosingpump.shop\/product\/emec-ams-plus-03-40-fp-230vac-4\/"]}]},{"@type":"ImageObject","inLanguage":"lt-LT","@id":"https:\/\/dosingpump.shop\/product\/emec-ams-plus-03-40-fp-230vac-4\/#primaryimage","url":"https:\/\/dosingpump.shop\/wp-content\/uploads\/2024\/12\/Emec-AMS-Series.webp","contentUrl":"https:\/\/dosingpump.shop\/wp-content\/uploads\/2024\/12\/Emec-AMS-Series.webp","width":600,"height":600},{"@type":"BreadcrumbList","@id":"https:\/\/dosingpump.shop\/product\/emec-ams-plus-03-40-fp-230vac-4\/#breadcrumb","itemListElement":[{"@type":"ListItem","position":1,"name":"Home","item":"https:\/\/dosingpump.shop\/"},{"@type":"ListItem","position":2,"name":"Shop","item":"https:\/\/dosingpump.shop\/de\/shop\/"},{"@type":"ListItem","position":3,"name":"Emec AMS-PLUS 03-40 FP 230VAC"}]},{"@type":"WebSite","@id":"https:\/\/dosingpump.shop\/de\/#website","url":"https:\/\/dosingpump.shop\/de\/","name":"Dosing Pump Shop B.V.","description":"","publisher":{"@id":"https:\/\/dosingpump.shop\/de\/#organization"},"potentialAction":[{"@type":"SearchAction","target":{"@type":"EntryPoint","urlTemplate":"https:\/\/dosingpump.shop\/de\/?s={search_term_string}"},"query-input":{"@type":"PropertyValueSpecification","valueRequired":true,"valueName":"search_term_string"}}],"inLanguage":"lt-LT"},{"@type":"Organization","@id":"https:\/\/dosingpump.shop\/de\/#organization","name":"Dosing Pump Shop B.V.","url":"https:\/\/dosingpump.shop\/de\/","logo":{"@type":"ImageObject","inLanguage":"lt-LT","@id":"https:\/\/dosingpump.shop\/de\/#\/schema\/logo\/image\/","url":"https:\/\/dosingpump.shop\/wp-content\/uploads\/2024\/10\/Dosing-Pump-Shop-logo.png","contentUrl":"https:\/\/dosingpump.shop\/wp-content\/uploads\/2024\/10\/Dosing-Pump-Shop-logo.png","width":350,"height":45,"caption":"Dosing Pump Shop B.V."},"image":{"@id":"https:\/\/dosingpump.shop\/de\/#\/schema\/logo\/image\/"},"sameAs":["https:\/\/linkedin.com\/company\/dosing-pump-shop"]}]},"product_price_amount":"875.00","product_price_currency":"EUR","og_availability":"backorder","product_availability":"available for order","product_retailer_item_id":"AMU03040K0000V00A000","product_condition":"new"},"_links":{"self":[{"href":"https:\/\/dosingpump.shop\/lt\/wp-json\/wp\/v2\/product\/8539","targetHints":{"allow":["GET"]}}],"collection":[{"href":"https:\/\/dosingpump.shop\/lt\/wp-json\/wp\/v2\/product"}],"about":[{"href":"https:\/\/dosingpump.shop\/lt\/wp-json\/wp\/v2\/types\/product"}],"wp:featuredmedia":[{"embeddable":true,"href":"https:\/\/dosingpump.shop\/lt\/wp-json\/wp\/v2\/media\/5190"}],"wp:attachment":[{"href":"https:\/\/dosingpump.shop\/lt\/wp-json\/wp\/v2\/media?parent=8539"}],"wp:term":[{"taxonomy":"product_brand","embeddable":true,"href":"https:\/\/dosingpump.shop\/lt\/wp-json\/wp\/v2\/product_brand?post=8539"},{"taxonomy":"product_cat","embeddable":true,"href":"https:\/\/dosingpump.shop\/lt\/wp-json\/wp\/v2\/product_cat?post=8539"},{"taxonomy":"product_tag","embeddable":true,"href":"https:\/\/dosingpump.shop\/lt\/wp-json\/wp\/v2\/product_tag?post=8539"}],"curies":[{"name":"wp","href":"https:\/\/api.w.org\/{rel}","templated":true}]}}