{"id":4033,"date":"2024-12-05T12:21:46","date_gmt":"2024-12-05T12:21:46","guid":{"rendered":"https:\/\/dosingpump.shop\/product\/emec-doseerpomp-met-ph-regelaar\/"},"modified":"2026-02-27T14:49:16","modified_gmt":"2026-02-27T12:49:16","slug":"emec-doseringspumpe-med-ph-kontroller","status":"publish","type":"product","link":"https:\/\/dosingpump.shop\/no\/product\/emec-doseerpomp-met-ph-regelaar\/","title":{"rendered":"Emec-doseringspumpe med pH-regulator"},"content":{"rendered":"<h3>Emec-doseringspumpe med pH-regulator<\/h3>\n<p>Kontroll av pH-verdien brukes i mange situasjoner. I bassengverdenen, men ogs\u00e5 i hagebruk og industri.<br \/>\nDette komplette settet er en enkel, men effektiv proporsjonal pH-regulator. Den medf\u00f8lgende pH-sensoren skrus fast i en boresadel eller T-stykke med sensorholderen og gj\u00f8r det mulig for den innebygde pH-regulatoren i doseringspumpen \u00e5 m\u00e5le pH-verdien i v\u00e6sken. Ved \u00e5 dosere syre eller lut oppn\u00e5s \u00f8nsket pH-verdi.<\/p>\n<p>Den komplette PVDF-konfigurasjonen sikrer lang levetid, selv ved h\u00f8yere syrekonsentrasjoner. VMS PO har en sv\u00e6rt praktisk flott\u00f8rfunksjon p\u00e5 sugefilteret. Denne sl\u00e5r av pumpen n\u00e5r beholderen er tom, og forhindrer at hele r\u00f8rsystemet blir tomt. Du kan ogs\u00e5 hente ut dette alarmsignalet eksternt og koble en alarm til det.<\/p>\n<p>Emec VMS PO har manuell utlufting.<\/p>\n<p>Denne konfigurasjonen er egnet for syre. \u00d8nsker du \u00e5 \u00f8ke pH-verdien med lut? Selvsagt kan du det. I s\u00e5 fall, vennligst ta kontakt!<\/p>\n<p>Versjon: VMS PO 10-04 med pH-sensor med 0,8 m kabel og sensorholder med 1\/2 gjenger.<\/p>\n<p>Trenger du mer informasjon eller et tilbud? Ta kontakt med oss!<\/p>\n<p>Funksjoner Emec doseringspumpe med ph-kontroller<br \/>\nDesign spesielt egnet for veggmontering<br \/>\nUtstyrt med tydelig LCD-skjerm<br \/>\nFull PVDF-konfigurasjon (pumpehode, innspr\u00f8ytningsnippel, innsugsfilter og utl\u00f8ps- og innsugsslanger)<br \/>\nLeveres med komplett sett (2 m trykk- og sugeslange, innspr\u00f8ytningsventil og sugefilter)<br \/>\nLydl\u00f8s versjon tilgjengelig.<br \/>\nTilgjengelig str\u00f8mning og trykk<\/p>\n<p>Emec VMS PO-versjoner<\/p>\n<p>&nbsp;<\/p>\n<table>\n<tbody>\n<tr>\n<th><span style=\"font-weight: 400;\">Trykk (Bar)<\/span><\/th>\n<th><span style=\"font-weight: 400;\">Gjennomstr\u00f8mning (l\/time)<\/span><\/th>\n<\/tr>\n<tr>\n<td>20<\/td>\n<td>01<\/td>\n<\/tr>\n<tr>\n<td>10<\/td>\n<td>04<\/td>\n<\/tr>\n<tr>\n<td>07<\/td>\n<td>06<\/td>\n<\/tr>\n<tr>\n<td>03<\/td>\n<td>10<\/td>\n<\/tr>\n<tr>\n<td>01<\/td>\n<td>16<\/td>\n<\/tr>\n<tr>\n<td><\/td>\n<td><\/td>\n<\/tr>\n<\/tbody>\n<\/table>\n<p>Ulike versjoner er tilgjengelige for denne pumpen. Vennligst kontakt oss!<\/p>","protected":false},"excerpt":{"rendered":"<p>Komplett sett med doseringspumpe, pH-sensor og sensorholder.<\/p>\n<p>Regulerer automatisk pH-verdien i for eksempel et basseng eller et bassengbasseng.<\/p>\n<p>Brukes ogs\u00e5 regelmessig i hagebruk.<\/p>\n<p>Versjon: VMS PO med pH-sensor med 0,8 m kabel og 1\/2\u2033 sensorholder. Egnet for syrer.<\/p>\n<p>Trenger du en annen versjon? Be om et tilbud!<\/p>","protected":false},"featured_media":4032,"template":"","meta":[],"product_brand":[],"product_cat":[17],"product_tag":[],"class_list":{"0":"post-4033","1":"product","2":"type-product","3":"status-publish","4":"has-post-thumbnail","6":"product_cat-doseerpompen","8":"first","9":"instock","10":"taxable","11":"shipping-taxable","12":"purchasable","13":"product-type-simple"},"yoast_head":"<!-- This site is optimized with the Yoast SEO plugin v27.2 - https:\/\/yoast.com\/product\/yoast-seo-wordpress\/ -->\n<title>Emec doseerpomp met pH regelaar | Dosing Pump Shop B.V.<\/title>\n<meta name=\"description\" content=\"Complete set van Emec doseerpomp met pH regelaar voor het automatisch regelen van de pH van een volumestroom. _ ruime voorraad _ goed advies.\" \/>\n<meta name=\"robots\" content=\"index, follow, max-snippet:-1, max-image-preview:large, max-video-preview:-1\" \/>\n<link rel=\"canonical\" href=\"https:\/\/dosingpump.shop\/no\/produkt\/emec-doseringspumpe-med-ph-kontroller\/\" \/>\n<meta property=\"og:locale\" content=\"nb_NO\" \/>\n<meta property=\"og:type\" content=\"article\" \/>\n<meta property=\"og:title\" content=\"Emec doseerpomp met pH regelaar | Dosing Pump Shop B.V.\" \/>\n<meta property=\"og:description\" content=\"Complete set van Emec doseerpomp met pH regelaar voor het automatisch regelen van de pH van een volumestroom. _ ruime voorraad _ goed advies.\" \/>\n<meta property=\"og:url\" content=\"https:\/\/dosingpump.shop\/no\/produkt\/emec-doseringspumpe-med-ph-kontroller\/\" \/>\n<meta property=\"og:site_name\" content=\"Dosing Pump Shop B.V.\" \/>\n<meta property=\"article:modified_time\" content=\"2026-02-27T12:49:16+00:00\" \/>\n<meta property=\"og:image\" content=\"https:\/\/dosingpump.shop\/wp-content\/uploads\/2024\/12\/Doseerpomp-met-ph-regelaar.webp\" \/>\n\t<meta property=\"og:image:width\" content=\"316\" \/>\n\t<meta property=\"og:image:height\" content=\"368\" \/>\n\t<meta property=\"og:image:type\" content=\"image\/webp\" \/>\n<meta name=\"twitter:card\" content=\"summary_large_image\" \/>\n<meta name=\"twitter:label1\" content=\"Pris\" \/>\n\t<meta name=\"twitter:data1\" content=\"&euro;730,00\" \/>\n\t<meta name=\"twitter:label2\" content=\"Tilgjengelighet\" \/>\n\t<meta name=\"twitter:data2\" content=\"P\u00e5 lager\" \/>\n<script type=\"application\/ld+json\" class=\"yoast-schema-graph\">{\"@context\":\"https:\/\/schema.org\",\"@graph\":[{\"@type\":\"WebPage\",\"@id\":\"https:\/\/dosingpump.shop\/de\/produkt\/emec-dosierpumpe-mit-ph-regler\/\",\"url\":\"https:\/\/dosingpump.shop\/de\/produkt\/emec-dosierpumpe-mit-ph-regler\/\",\"name\":\"Emec doseerpomp met pH regelaar | Dosing Pump Shop B.V.\",\"isPartOf\":{\"@id\":\"https:\/\/dosingpump.shop\/de\/#website\"},\"primaryImageOfPage\":{\"@id\":\"https:\/\/dosingpump.shop\/de\/produkt\/emec-dosierpumpe-mit-ph-regler\/#primaryimage\"},\"image\":{\"@id\":\"https:\/\/dosingpump.shop\/de\/produkt\/emec-dosierpumpe-mit-ph-regler\/#primaryimage\"},\"thumbnailUrl\":\"https:\/\/dosingpump.shop\/wp-content\/uploads\/2024\/12\/Doseerpomp-met-ph-regelaar.webp\",\"datePublished\":\"2024-12-05T12:21:46+00:00\",\"dateModified\":\"2026-02-27T12:49:16+00:00\",\"description\":\"Complete set van Emec doseerpomp met pH regelaar voor het automatisch regelen van de pH van een volumestroom. _ ruime voorraad _ goed advies.\",\"breadcrumb\":{\"@id\":\"https:\/\/dosingpump.shop\/de\/produkt\/emec-dosierpumpe-mit-ph-regler\/#breadcrumb\"},\"inLanguage\":\"nb-NO\",\"potentialAction\":[{\"@type\":\"ReadAction\",\"target\":[\"https:\/\/dosingpump.shop\/de\/produkt\/emec-dosierpumpe-mit-ph-regler\/\"]}]},{\"@type\":\"ImageObject\",\"inLanguage\":\"nb-NO\",\"@id\":\"https:\/\/dosingpump.shop\/de\/produkt\/emec-dosierpumpe-mit-ph-regler\/#primaryimage\",\"url\":\"https:\/\/dosingpump.shop\/wp-content\/uploads\/2024\/12\/Doseerpomp-met-ph-regelaar.webp\",\"contentUrl\":\"https:\/\/dosingpump.shop\/wp-content\/uploads\/2024\/12\/Doseerpomp-met-ph-regelaar.webp\",\"width\":316,\"height\":368},{\"@type\":\"BreadcrumbList\",\"@id\":\"https:\/\/dosingpump.shop\/de\/produkt\/emec-dosierpumpe-mit-ph-regler\/#breadcrumb\",\"itemListElement\":[{\"@type\":\"ListItem\",\"position\":1,\"name\":\"Home\",\"item\":\"https:\/\/dosingpump.shop\/\"},{\"@type\":\"ListItem\",\"position\":2,\"name\":\"Shop\",\"item\":\"https:\/\/dosingpump.shop\/de\/shop\/\"},{\"@type\":\"ListItem\",\"position\":3,\"name\":\"Emec doseerpomp met pH regelaar\"}]},{\"@type\":\"WebSite\",\"@id\":\"https:\/\/dosingpump.shop\/de\/#website\",\"url\":\"https:\/\/dosingpump.shop\/de\/\",\"name\":\"Dosing Pump Shop B.V.\",\"description\":\"\",\"publisher\":{\"@id\":\"https:\/\/dosingpump.shop\/de\/#organization\"},\"potentialAction\":[{\"@type\":\"SearchAction\",\"target\":{\"@type\":\"EntryPoint\",\"urlTemplate\":\"https:\/\/dosingpump.shop\/de\/?s={search_term_string}\"},\"query-input\":{\"@type\":\"PropertyValueSpecification\",\"valueRequired\":true,\"valueName\":\"search_term_string\"}}],\"inLanguage\":\"nb-NO\"},{\"@type\":\"Organization\",\"@id\":\"https:\/\/dosingpump.shop\/de\/#organization\",\"name\":\"Dosing Pump Shop B.V.\",\"url\":\"https:\/\/dosingpump.shop\/de\/\",\"logo\":{\"@type\":\"ImageObject\",\"inLanguage\":\"nb-NO\",\"@id\":\"https:\/\/dosingpump.shop\/de\/#\/schema\/logo\/image\/\",\"url\":\"https:\/\/dosingpump.shop\/wp-content\/uploads\/2024\/10\/Dosing-Pump-Shop-logo.png\",\"contentUrl\":\"https:\/\/dosingpump.shop\/wp-content\/uploads\/2024\/10\/Dosing-Pump-Shop-logo.png\",\"width\":350,\"height\":45,\"caption\":\"Dosing Pump Shop B.V.\"},\"image\":{\"@id\":\"https:\/\/dosingpump.shop\/de\/#\/schema\/logo\/image\/\"},\"sameAs\":[\"https:\/\/linkedin.com\/company\/dosing-pump-shop\"]}]}<\/script>\n<meta property=\"product:price:amount\" content=\"730.00\" \/>\n<meta property=\"product:price:currency\" content=\"EUR\" \/>\n<meta property=\"og:availability\" content=\"instock\" \/>\n<meta property=\"product:availability\" content=\"instock\" \/>\n<meta property=\"product:condition\" content=\"new\" \/>\n<!-- \/ Yoast SEO plugin. -->","yoast_head_json":{"title":"Emec doseringspumpe med pH-regulator | Dosing Pump Shop B.V.","description":"Komplett sett med Emec doseringspumpe med pH-regulator for automatisk kontroll av pH i en volumstr\u00f8m. _ stort lager _ gode r\u00e5d.","robots":{"index":"index","follow":"follow","max-snippet":"max-snippet:-1","max-image-preview":"max-image-preview:large","max-video-preview":"max-video-preview:-1"},"canonical":"https:\/\/dosingpump.shop\/no\/produkt\/emec-doseringspumpe-med-ph-kontroller\/","og_locale":"nb_NO","og_type":"article","og_title":"Emec doseerpomp met pH regelaar | Dosing Pump Shop B.V.","og_description":"Complete set van Emec doseerpomp met pH regelaar voor het automatisch regelen van de pH van een volumestroom. _ ruime voorraad _ goed advies.","og_url":"https:\/\/dosingpump.shop\/no\/produkt\/emec-doseringspumpe-med-ph-kontroller\/","og_site_name":"Dosing Pump Shop B.V.","article_modified_time":"2026-02-27T12:49:16+00:00","og_image":[{"width":316,"height":368,"url":"https:\/\/dosingpump.shop\/wp-content\/uploads\/2024\/12\/Doseerpomp-met-ph-regelaar.webp","type":"image\/webp"}],"twitter_card":"summary_large_image","twitter_misc":{"Pris":"&euro;730,00","Tilgjengelighet":"P\u00e5 lager"},"schema":{"@context":"https:\/\/schema.org","@graph":[{"@type":"WebPage","@id":"https:\/\/dosingpump.shop\/de\/produkt\/emec-dosierpumpe-mit-ph-regler\/","url":"https:\/\/dosingpump.shop\/de\/produkt\/emec-dosierpumpe-mit-ph-regler\/","name":"Emec doseringspumpe med pH-regulator | Dosing Pump Shop B.V.","isPartOf":{"@id":"https:\/\/dosingpump.shop\/de\/#website"},"primaryImageOfPage":{"@id":"https:\/\/dosingpump.shop\/de\/produkt\/emec-dosierpumpe-mit-ph-regler\/#primaryimage"},"image":{"@id":"https:\/\/dosingpump.shop\/de\/produkt\/emec-dosierpumpe-mit-ph-regler\/#primaryimage"},"thumbnailUrl":"https:\/\/dosingpump.shop\/wp-content\/uploads\/2024\/12\/Doseerpomp-met-ph-regelaar.webp","datePublished":"2024-12-05T12:21:46+00:00","dateModified":"2026-02-27T12:49:16+00:00","description":"Komplett sett med Emec doseringspumpe med pH-regulator for automatisk kontroll av pH i en volumstr\u00f8m. _ stort lager _ gode r\u00e5d.","breadcrumb":{"@id":"https:\/\/dosingpump.shop\/de\/produkt\/emec-dosierpumpe-mit-ph-regler\/#breadcrumb"},"inLanguage":"nb-NO","potentialAction":[{"@type":"ReadAction","target":["https:\/\/dosingpump.shop\/de\/produkt\/emec-dosierpumpe-mit-ph-regler\/"]}]},{"@type":"ImageObject","inLanguage":"nb-NO","@id":"https:\/\/dosingpump.shop\/de\/produkt\/emec-dosierpumpe-mit-ph-regler\/#primaryimage","url":"https:\/\/dosingpump.shop\/wp-content\/uploads\/2024\/12\/Doseerpomp-met-ph-regelaar.webp","contentUrl":"https:\/\/dosingpump.shop\/wp-content\/uploads\/2024\/12\/Doseerpomp-met-ph-regelaar.webp","width":316,"height":368},{"@type":"BreadcrumbList","@id":"https:\/\/dosingpump.shop\/de\/produkt\/emec-dosierpumpe-mit-ph-regler\/#breadcrumb","itemListElement":[{"@type":"ListItem","position":1,"name":"Home","item":"https:\/\/dosingpump.shop\/"},{"@type":"ListItem","position":2,"name":"Shop","item":"https:\/\/dosingpump.shop\/de\/shop\/"},{"@type":"ListItem","position":3,"name":"Emec doseerpomp met pH regelaar"}]},{"@type":"WebSite","@id":"https:\/\/dosingpump.shop\/de\/#website","url":"https:\/\/dosingpump.shop\/de\/","name":"Dosing Pump Shop B.V.","description":"","publisher":{"@id":"https:\/\/dosingpump.shop\/de\/#organization"},"potentialAction":[{"@type":"SearchAction","target":{"@type":"EntryPoint","urlTemplate":"https:\/\/dosingpump.shop\/de\/?s={search_term_string}"},"query-input":{"@type":"PropertyValueSpecification","valueRequired":true,"valueName":"search_term_string"}}],"inLanguage":"nb-NO"},{"@type":"Organization","@id":"https:\/\/dosingpump.shop\/de\/#organization","name":"Dosing Pump Shop B.V.","url":"https:\/\/dosingpump.shop\/de\/","logo":{"@type":"ImageObject","inLanguage":"nb-NO","@id":"https:\/\/dosingpump.shop\/de\/#\/schema\/logo\/image\/","url":"https:\/\/dosingpump.shop\/wp-content\/uploads\/2024\/10\/Dosing-Pump-Shop-logo.png","contentUrl":"https:\/\/dosingpump.shop\/wp-content\/uploads\/2024\/10\/Dosing-Pump-Shop-logo.png","width":350,"height":45,"caption":"Dosing Pump Shop B.V."},"image":{"@id":"https:\/\/dosingpump.shop\/de\/#\/schema\/logo\/image\/"},"sameAs":["https:\/\/linkedin.com\/company\/dosing-pump-shop"]}]},"product_price_amount":"730.00","product_price_currency":"EUR","og_availability":"instock","product_availability":"instock","product_condition":"new"},"_links":{"self":[{"href":"https:\/\/dosingpump.shop\/no\/wp-json\/wp\/v2\/product\/4033","targetHints":{"allow":["GET"]}}],"collection":[{"href":"https:\/\/dosingpump.shop\/no\/wp-json\/wp\/v2\/product"}],"about":[{"href":"https:\/\/dosingpump.shop\/no\/wp-json\/wp\/v2\/types\/product"}],"wp:featuredmedia":[{"embeddable":true,"href":"https:\/\/dosingpump.shop\/no\/wp-json\/wp\/v2\/media\/4032"}],"wp:attachment":[{"href":"https:\/\/dosingpump.shop\/no\/wp-json\/wp\/v2\/media?parent=4033"}],"wp:term":[{"taxonomy":"product_brand","embeddable":true,"href":"https:\/\/dosingpump.shop\/no\/wp-json\/wp\/v2\/product_brand?post=4033"},{"taxonomy":"product_cat","embeddable":true,"href":"https:\/\/dosingpump.shop\/no\/wp-json\/wp\/v2\/product_cat?post=4033"},{"taxonomy":"product_tag","embeddable":true,"href":"https:\/\/dosingpump.shop\/no\/wp-json\/wp\/v2\/product_tag?post=4033"}],"curies":[{"name":"wp","href":"https:\/\/api.w.org\/{rel}","templated":true}]}}