{"id":4115,"date":"2024-12-05T14:21:56","date_gmt":"2024-12-05T12:21:56","guid":{"rendered":"https:\/\/dosingpump.shop\/product\/emec-wdphrhs-03-10-fp-doseerpomp\/"},"modified":"2026-02-27T14:49:19","modified_gmt":"2026-02-27T12:49:19","slug":"emec-wdphrhs-03-10-fp-doseringspumpe","status":"publish","type":"product","link":"https:\/\/dosingpump.shop\/no\/product\/emec-wdphrhs-03-10-fp-doseerpomp\/","title":{"rendered":"Emec WDPHRHS 03-10 FP Doseringspumpe"},"content":{"rendered":"<div class=\"bot-name gds-title-s ng-tns-c2975687916-27 ng-star-inserted\"><\/div>\n<div class=\"response-content ng-tns-c2975687916-27\">\n<div id=\"model-response-message-contentr_b37d3081ee6a214a\" class=\"markdown markdown-main-panel stronger enable-updated-hr-color\" dir=\"ltr\">\n<p>Emec WDPHRHS 03-10 FP doseringspumpe er en del av WDPHxx-systemet, en avansert l\u00f8sning som integrerer en kontrollenhet med proporsjonale doseringspumper. Dette systemet er spesielt utviklet for spesifikke bruksomr\u00e5der, for eksempel innen sv\u00f8mmebassengsektoren, og tilbyr profesjonell og p\u00e5litelig dosering av kjemikalier. Pumpen er utstyrt med en brukervennlig LCD-skjerm og en enkoderknott for enkel navigering og parameterinnstilling.<\/p>\n<p>Pumpen er konstruert med et slitesterkt pumpehus i PVDF og hydrauliske komponenter av h\u00f8y kvalitet, noe som sikrer lang levetid og motstand mot aggressive kjemikalier. Viktige funksjoner omfatter standby-modus, en inngang for str\u00f8mningskontroll og mulighet for forsinket doseringsstart. For optimal kontroll er det mulig \u00e5 prioritere pH-dosering, og det finnes ogs\u00e5 en servicemeny som viser den \u00f8yeblikkelige sondeverdien. Pumpen har ogs\u00e5 omfattende sondeoverv\u00e5king og ulike alarmfunksjoner for ekstra sikkerhet og p\u00e5litelighet.<\/p>\n<p>Denne pumpen er spesifikk for WDPHRHS-serien og tilbyr proporsjonal pH- og redoksdosering, noe som er avgj\u00f8rende for \u00e5 opprettholde riktig vannkvalitet. Den ekstra Schuko-utgangen gj\u00f8r installasjon og bruk enda enklere og mer allsidig. Pumpen er dessuten utstyrt med en RS485-utgang, noe som muliggj\u00f8r fjernstyring via nettet med det eksklusive ERMES-systemet, som forenkler fjernoverv\u00e5king og doseringsjustering.<\/p>\n<\/div>\n<\/div>","protected":false},"excerpt":{"rendered":"<ul>\n<li>Komplett med innspr\u00f8ytningsventil, inntaksfilter og slange.<\/li>\n<li>standby-modus<\/li>\n<li>Prioritetsinnstilling for pH-dosering tilgjengelig<\/li>\n<li>Ansikt for sv\u00f8mmebassenger<\/li>\n<\/ul>","protected":false},"featured_media":5292,"template":"","meta":[],"product_brand":[],"product_cat":[17],"product_tag":[],"class_list":{"0":"post-4115","1":"product","2":"type-product","3":"status-publish","4":"has-post-thumbnail","6":"product_cat-doseerpompen","8":"first","9":"onbackorder","10":"taxable","11":"shipping-taxable","12":"purchasable","13":"product-type-simple"},"yoast_head":"<!-- This site is optimized with the Yoast SEO plugin v27.2 - https:\/\/yoast.com\/product\/yoast-seo-wordpress\/ -->\n<title>Emec WDPHRHS 03-10 FP Doseerpomp | Dosing Pump Shop B.V.<\/title>\n<meta name=\"description\" content=\"De Emec WDPHRHS is een ouder model uit de Emec WDPHXX serie. Capaciteit: 10 l\/uur. Druk: 3 bar. Laatste modellen. Aantrekkelijke korting.\" \/>\n<meta name=\"robots\" content=\"index, follow, max-snippet:-1, max-image-preview:large, max-video-preview:-1\" \/>\n<link rel=\"canonical\" href=\"https:\/\/dosingpump.shop\/no\/produkt\/emec-wdphrhs-03-10-fp-doseringspumpe\/\" \/>\n<meta property=\"og:locale\" content=\"nb_NO\" \/>\n<meta property=\"og:type\" content=\"article\" \/>\n<meta property=\"og:title\" content=\"Emec WDPHRHS 03-10 FP Doseerpomp | Dosing Pump Shop B.V.\" \/>\n<meta property=\"og:description\" content=\"De Emec WDPHRHS is een ouder model uit de Emec WDPHXX serie. Capaciteit: 10 l\/uur. Druk: 3 bar. Laatste modellen. Aantrekkelijke korting.\" \/>\n<meta property=\"og:url\" content=\"https:\/\/dosingpump.shop\/no\/produkt\/emec-wdphrhs-03-10-fp-doseringspumpe\/\" \/>\n<meta property=\"og:site_name\" content=\"Dosing Pump Shop B.V.\" \/>\n<meta property=\"article:modified_time\" content=\"2026-02-27T12:49:19+00:00\" \/>\n<meta property=\"og:image\" content=\"https:\/\/dosingpump.shop\/wp-content\/uploads\/2024\/12\/Emec-WDPHXX-Series.webp\" \/>\n\t<meta property=\"og:image:width\" content=\"500\" \/>\n\t<meta property=\"og:image:height\" content=\"500\" \/>\n\t<meta property=\"og:image:type\" content=\"image\/webp\" \/>\n<meta name=\"twitter:card\" content=\"summary_large_image\" \/>\n<meta name=\"twitter:label1\" content=\"Pris\" \/>\n\t<meta name=\"twitter:data1\" content=\"&euro;946,00\" \/>\n\t<meta name=\"twitter:label2\" content=\"Tilgjengelighet\" \/>\n\t<meta name=\"twitter:data2\" content=\"P\u00e5 restordre\" \/>\n<script type=\"application\/ld+json\" class=\"yoast-schema-graph\">{\"@context\":\"https:\/\/schema.org\",\"@graph\":[{\"@type\":\"WebPage\",\"@id\":\"https:\/\/dosingpump.shop\/nl\/product\/emec-wdphrhs-03-10-fp-doseerpomp\/\",\"url\":\"https:\/\/dosingpump.shop\/nl\/product\/emec-wdphrhs-03-10-fp-doseerpomp\/\",\"name\":\"Emec WDPHRHS 03-10 FP Doseerpomp | Dosing Pump Shop B.V.\",\"isPartOf\":{\"@id\":\"https:\/\/dosingpump.shop\/de\/#website\"},\"primaryImageOfPage\":{\"@id\":\"https:\/\/dosingpump.shop\/nl\/product\/emec-wdphrhs-03-10-fp-doseerpomp\/#primaryimage\"},\"image\":{\"@id\":\"https:\/\/dosingpump.shop\/nl\/product\/emec-wdphrhs-03-10-fp-doseerpomp\/#primaryimage\"},\"thumbnailUrl\":\"https:\/\/dosingpump.shop\/wp-content\/uploads\/2024\/12\/Emec-WDPHXX-Series.webp\",\"datePublished\":\"2024-12-05T12:21:56+00:00\",\"dateModified\":\"2026-02-27T12:49:19+00:00\",\"description\":\"De Emec WDPHRHS is een ouder model uit de Emec WDPHXX serie. Capaciteit: 10 l\/uur. Druk: 3 bar. Laatste modellen. Aantrekkelijke korting.\",\"breadcrumb\":{\"@id\":\"https:\/\/dosingpump.shop\/nl\/product\/emec-wdphrhs-03-10-fp-doseerpomp\/#breadcrumb\"},\"inLanguage\":\"nb-NO\",\"potentialAction\":[{\"@type\":\"ReadAction\",\"target\":[\"https:\/\/dosingpump.shop\/nl\/product\/emec-wdphrhs-03-10-fp-doseerpomp\/\"]}]},{\"@type\":\"ImageObject\",\"inLanguage\":\"nb-NO\",\"@id\":\"https:\/\/dosingpump.shop\/nl\/product\/emec-wdphrhs-03-10-fp-doseerpomp\/#primaryimage\",\"url\":\"https:\/\/dosingpump.shop\/wp-content\/uploads\/2024\/12\/Emec-WDPHXX-Series.webp\",\"contentUrl\":\"https:\/\/dosingpump.shop\/wp-content\/uploads\/2024\/12\/Emec-WDPHXX-Series.webp\",\"width\":500,\"height\":500},{\"@type\":\"BreadcrumbList\",\"@id\":\"https:\/\/dosingpump.shop\/nl\/product\/emec-wdphrhs-03-10-fp-doseerpomp\/#breadcrumb\",\"itemListElement\":[{\"@type\":\"ListItem\",\"position\":1,\"name\":\"Home\",\"item\":\"https:\/\/dosingpump.shop\/\"},{\"@type\":\"ListItem\",\"position\":2,\"name\":\"Shop\",\"item\":\"https:\/\/dosingpump.shop\/de\/shop\/\"},{\"@type\":\"ListItem\",\"position\":3,\"name\":\"Emec WDPHRHS 03-10 FP Doseerpomp\"}]},{\"@type\":\"WebSite\",\"@id\":\"https:\/\/dosingpump.shop\/de\/#website\",\"url\":\"https:\/\/dosingpump.shop\/de\/\",\"name\":\"Dosing Pump Shop B.V.\",\"description\":\"\",\"publisher\":{\"@id\":\"https:\/\/dosingpump.shop\/de\/#organization\"},\"potentialAction\":[{\"@type\":\"SearchAction\",\"target\":{\"@type\":\"EntryPoint\",\"urlTemplate\":\"https:\/\/dosingpump.shop\/de\/?s={search_term_string}\"},\"query-input\":{\"@type\":\"PropertyValueSpecification\",\"valueRequired\":true,\"valueName\":\"search_term_string\"}}],\"inLanguage\":\"nb-NO\"},{\"@type\":\"Organization\",\"@id\":\"https:\/\/dosingpump.shop\/de\/#organization\",\"name\":\"Dosing Pump Shop B.V.\",\"url\":\"https:\/\/dosingpump.shop\/de\/\",\"logo\":{\"@type\":\"ImageObject\",\"inLanguage\":\"nb-NO\",\"@id\":\"https:\/\/dosingpump.shop\/de\/#\/schema\/logo\/image\/\",\"url\":\"https:\/\/dosingpump.shop\/wp-content\/uploads\/2024\/10\/Dosing-Pump-Shop-logo.png\",\"contentUrl\":\"https:\/\/dosingpump.shop\/wp-content\/uploads\/2024\/10\/Dosing-Pump-Shop-logo.png\",\"width\":350,\"height\":45,\"caption\":\"Dosing Pump Shop B.V.\"},\"image\":{\"@id\":\"https:\/\/dosingpump.shop\/de\/#\/schema\/logo\/image\/\"},\"sameAs\":[\"https:\/\/linkedin.com\/company\/dosing-pump-shop\"]}]}<\/script>\n<meta property=\"product:price:amount\" content=\"946.00\" \/>\n<meta property=\"product:price:currency\" content=\"EUR\" \/>\n<meta property=\"og:availability\" content=\"backorder\" \/>\n<meta property=\"product:availability\" content=\"available for order\" \/>\n<meta property=\"product:condition\" content=\"new\" \/>\n<!-- \/ Yoast SEO plugin. -->","yoast_head_json":{"title":"Emec WDPHRHS 03-10 FP Doseringspumpe | Dosing Pump Shop B.V.","description":"Emec WDPHRHS er en eldre modell fra Emec WDPHXX-serien. Kapasitet: 10 l\/time. Trykk: 3 bar. Nyeste modeller. Attraktiv rabatt.","robots":{"index":"index","follow":"follow","max-snippet":"max-snippet:-1","max-image-preview":"max-image-preview:large","max-video-preview":"max-video-preview:-1"},"canonical":"https:\/\/dosingpump.shop\/no\/produkt\/emec-wdphrhs-03-10-fp-doseringspumpe\/","og_locale":"nb_NO","og_type":"article","og_title":"Emec WDPHRHS 03-10 FP Doseerpomp | Dosing Pump Shop B.V.","og_description":"De Emec WDPHRHS is een ouder model uit de Emec WDPHXX serie. Capaciteit: 10 l\/uur. Druk: 3 bar. Laatste modellen. Aantrekkelijke korting.","og_url":"https:\/\/dosingpump.shop\/no\/produkt\/emec-wdphrhs-03-10-fp-doseringspumpe\/","og_site_name":"Dosing Pump Shop B.V.","article_modified_time":"2026-02-27T12:49:19+00:00","og_image":[{"width":500,"height":500,"url":"https:\/\/dosingpump.shop\/wp-content\/uploads\/2024\/12\/Emec-WDPHXX-Series.webp","type":"image\/webp"}],"twitter_card":"summary_large_image","twitter_misc":{"Pris":"&euro;946,00","Tilgjengelighet":"P\u00e5 restordre"},"schema":{"@context":"https:\/\/schema.org","@graph":[{"@type":"WebPage","@id":"https:\/\/dosingpump.shop\/nl\/product\/emec-wdphrhs-03-10-fp-doseerpomp\/","url":"https:\/\/dosingpump.shop\/nl\/product\/emec-wdphrhs-03-10-fp-doseerpomp\/","name":"Emec WDPHRHS 03-10 FP Doseringspumpe | Dosing Pump Shop B.V.","isPartOf":{"@id":"https:\/\/dosingpump.shop\/de\/#website"},"primaryImageOfPage":{"@id":"https:\/\/dosingpump.shop\/nl\/product\/emec-wdphrhs-03-10-fp-doseerpomp\/#primaryimage"},"image":{"@id":"https:\/\/dosingpump.shop\/nl\/product\/emec-wdphrhs-03-10-fp-doseerpomp\/#primaryimage"},"thumbnailUrl":"https:\/\/dosingpump.shop\/wp-content\/uploads\/2024\/12\/Emec-WDPHXX-Series.webp","datePublished":"2024-12-05T12:21:56+00:00","dateModified":"2026-02-27T12:49:19+00:00","description":"Emec WDPHRHS er en eldre modell fra Emec WDPHXX-serien. Kapasitet: 10 l\/time. Trykk: 3 bar. Nyeste modeller. Attraktiv rabatt.","breadcrumb":{"@id":"https:\/\/dosingpump.shop\/nl\/product\/emec-wdphrhs-03-10-fp-doseerpomp\/#breadcrumb"},"inLanguage":"nb-NO","potentialAction":[{"@type":"ReadAction","target":["https:\/\/dosingpump.shop\/nl\/product\/emec-wdphrhs-03-10-fp-doseerpomp\/"]}]},{"@type":"ImageObject","inLanguage":"nb-NO","@id":"https:\/\/dosingpump.shop\/nl\/product\/emec-wdphrhs-03-10-fp-doseerpomp\/#primaryimage","url":"https:\/\/dosingpump.shop\/wp-content\/uploads\/2024\/12\/Emec-WDPHXX-Series.webp","contentUrl":"https:\/\/dosingpump.shop\/wp-content\/uploads\/2024\/12\/Emec-WDPHXX-Series.webp","width":500,"height":500},{"@type":"BreadcrumbList","@id":"https:\/\/dosingpump.shop\/nl\/product\/emec-wdphrhs-03-10-fp-doseerpomp\/#breadcrumb","itemListElement":[{"@type":"ListItem","position":1,"name":"Home","item":"https:\/\/dosingpump.shop\/"},{"@type":"ListItem","position":2,"name":"Shop","item":"https:\/\/dosingpump.shop\/de\/shop\/"},{"@type":"ListItem","position":3,"name":"Emec WDPHRHS 03-10 FP Doseerpomp"}]},{"@type":"WebSite","@id":"https:\/\/dosingpump.shop\/de\/#website","url":"https:\/\/dosingpump.shop\/de\/","name":"Dosing Pump Shop B.V.","description":"","publisher":{"@id":"https:\/\/dosingpump.shop\/de\/#organization"},"potentialAction":[{"@type":"SearchAction","target":{"@type":"EntryPoint","urlTemplate":"https:\/\/dosingpump.shop\/de\/?s={search_term_string}"},"query-input":{"@type":"PropertyValueSpecification","valueRequired":true,"valueName":"search_term_string"}}],"inLanguage":"nb-NO"},{"@type":"Organization","@id":"https:\/\/dosingpump.shop\/de\/#organization","name":"Dosing Pump Shop B.V.","url":"https:\/\/dosingpump.shop\/de\/","logo":{"@type":"ImageObject","inLanguage":"nb-NO","@id":"https:\/\/dosingpump.shop\/de\/#\/schema\/logo\/image\/","url":"https:\/\/dosingpump.shop\/wp-content\/uploads\/2024\/10\/Dosing-Pump-Shop-logo.png","contentUrl":"https:\/\/dosingpump.shop\/wp-content\/uploads\/2024\/10\/Dosing-Pump-Shop-logo.png","width":350,"height":45,"caption":"Dosing Pump Shop B.V."},"image":{"@id":"https:\/\/dosingpump.shop\/de\/#\/schema\/logo\/image\/"},"sameAs":["https:\/\/linkedin.com\/company\/dosing-pump-shop"]}]},"product_price_amount":"946.00","product_price_currency":"EUR","og_availability":"backorder","product_availability":"available for order","product_condition":"new"},"_links":{"self":[{"href":"https:\/\/dosingpump.shop\/no\/wp-json\/wp\/v2\/product\/4115","targetHints":{"allow":["GET"]}}],"collection":[{"href":"https:\/\/dosingpump.shop\/no\/wp-json\/wp\/v2\/product"}],"about":[{"href":"https:\/\/dosingpump.shop\/no\/wp-json\/wp\/v2\/types\/product"}],"wp:featuredmedia":[{"embeddable":true,"href":"https:\/\/dosingpump.shop\/no\/wp-json\/wp\/v2\/media\/5292"}],"wp:attachment":[{"href":"https:\/\/dosingpump.shop\/no\/wp-json\/wp\/v2\/media?parent=4115"}],"wp:term":[{"taxonomy":"product_brand","embeddable":true,"href":"https:\/\/dosingpump.shop\/no\/wp-json\/wp\/v2\/product_brand?post=4115"},{"taxonomy":"product_cat","embeddable":true,"href":"https:\/\/dosingpump.shop\/no\/wp-json\/wp\/v2\/product_cat?post=4115"},{"taxonomy":"product_tag","embeddable":true,"href":"https:\/\/dosingpump.shop\/no\/wp-json\/wp\/v2\/product_tag?post=4115"}],"curies":[{"name":"wp","href":"https:\/\/api.w.org\/{rel}","templated":true}]}}