{"id":4228,"date":"2024-12-05T12:22:11","date_gmt":"2024-12-05T12:22:11","guid":{"rendered":"https:\/\/dosingpump.shop\/product\/centrifugaalpomp-voor-chemicalien-htm6\/"},"modified":"2026-03-23T11:44:34","modified_gmt":"2026-03-23T10:44:34","slug":"sentrifugalpumpe-for-kjemikalier-htm6-pp","status":"publish","type":"product","link":"https:\/\/dosingpump.shop\/no\/product\/centrifugaalpomp-voor-chemicalien-htm6-pp\/","title":{"rendered":"Sentrifugalpumpe for kjemikalier HTM6-PP"},"content":{"rendered":"<h1>HTM6-PP Kjemikaliepumpe:<\/h1>\n<p>Sikker og effektiv pumping av kjemiske v\u00e6sker<\/p>\n<p>Pumping av kjemiske v\u00e6sker, kjemikalier eller korrosive v\u00e6sker krever en pumpe som t\u00e5ler v\u00e6sken som skal pumpes. En mag-drive-pumpe, konstruert av de riktige materialene, er utmerket til dette form\u00e5let. Takket v\u00e6re \"mag-drive\" er det ingen mekanisk tetning som kan lekke, noe som \u00f8ker sikkerheten betraktelig.<\/p>\n<p>P\u00e5 nettstedet v\u00e5rt kan du oppdage Gemme Cottis HTM-pumper av h\u00f8y kvalitet, som har v\u00e6rt kjent for sin utmerkede kvalitet siden 1992. Disse pumpene er spesielt utviklet for sikker og effektiv pumping av kjemiske v\u00e6sker, og brukes blant annet som syrepumper, klorpumper, ureapumper og til pumping av kaustisk soda.<\/p>\n<p>Har du sp\u00f8rsm\u00e5l om applikasjonen eller \u00f8nsker du \u00e5 motta et tilbud? Da er du velkommen til \u00e5 kontakte oss!<\/p>\n<p>Tilbudt versjon: HTM6 PP med enfaset elektrisk motor og bunnplate. Ogs\u00e5 tilgjengelig: PVDF. O-ringer: EPDM eller Viton.<\/p>\n<h2>Egenskaper ved HTM6-PP kjemikaliepumpe<\/h2>\n<ul>\n<li style=\"list-style-type: none\">\n<ul>\n<li>Materiale: PP. (PVDF tilgjengelig)<\/li>\n<li>Materialer som kommer i kontakt med v\u00e6sken:\n<ul>\n<li>Hus og l\u00f8pehjul: PP;<\/li>\n<li>O-ring: EPDM (standard for PP-pumper);<\/li>\n<li>Statisk aske: Al2O3 99,7%;<\/li>\n<li>Roterende buss: PTFEC.<\/li>\n<\/ul>\n<\/li>\n<li>Magnetkobling med h\u00f8yt dreiemoment NdFeB, standard.<\/li>\n<li>Gjennomstr\u00f8mningshastighet opp til 6,5 m3\/t.<\/li>\n<li>Hodet opp til 8,5 m.<\/li>\n<li>Maksimal temperatur: PP 60 \u00b0C. (PVDF 90\u00b0C)<\/li>\n<li>Maksimal viskositet: 200 cSt.<\/li>\n<li>Trykkklassifisering NP 6 ved 20 \u00b0C.<\/li>\n<li>Forbindelser:\n<ul>\n<li>Sugeside (In): 1\" innvendig gjenge;<\/li>\n<li>Trykkside (ut): 3\/4\" utvendig gjenger.<\/li>\n<\/ul>\n<\/li>\n<li>Valgfritt tilgjengelig: t\u00f8rrl\u00f8psbeskyttelse, flenser og bunnplater.<\/li>\n<\/ul>\n<\/li>\n<\/ul>\n<p>&nbsp;<\/p>","protected":false},"excerpt":{"rendered":"<p>HTM6-PP Sentrifugalpumpe for kjemikalier<br \/>\nFor sikker pumping av kjemiske v\u00e6sker.<br \/>\nMaks. 6,5 m3\/t, avhengig av leveringsh\u00f8yde<\/p>","protected":false},"featured_media":8769,"template":"","meta":[],"product_brand":[],"product_cat":[86],"product_tag":[],"class_list":{"0":"post-4228","1":"product","2":"type-product","3":"status-publish","4":"has-post-thumbnail","6":"product_cat-centrifugaalpomp-voor-chemicalien","8":"first","9":"onbackorder","10":"taxable","11":"shipping-taxable","12":"purchasable","13":"product-type-simple"},"yoast_head":"<!-- This site is optimized with the Yoast SEO plugin v27.2 - https:\/\/yoast.com\/product\/yoast-seo-wordpress\/ -->\n<title>Centrifugaalpomp HTM6 | Dosing Pump Shop B.V. PP GemmeCotti<\/title>\n<meta name=\"description\" content=\"Chemicali\u00ebn verpompen kan met deze centrifugaalpomp voor chemicali\u00ebn. De magneetaandrijving is lekvrij en zeer resistent. Diverse uitvoeringen leverbaar.\" \/>\n<meta name=\"robots\" content=\"index, follow, max-snippet:-1, max-image-preview:large, max-video-preview:-1\" \/>\n<link rel=\"canonical\" href=\"https:\/\/dosingpump.shop\/no\/produkt\/sentrifugalpumpe-for-kjemikalier-htm6-pp\/\" \/>\n<meta property=\"og:locale\" content=\"nb_NO\" \/>\n<meta property=\"og:type\" content=\"article\" \/>\n<meta property=\"og:title\" content=\"Centrifugaalpomp HTM6 | Dosing Pump Shop B.V. PP GemmeCotti\" \/>\n<meta property=\"og:description\" content=\"Chemicali\u00ebn verpompen kan met deze centrifugaalpomp voor chemicali\u00ebn. De magneetaandrijving is lekvrij en zeer resistent. Diverse uitvoeringen leverbaar.\" \/>\n<meta property=\"og:url\" content=\"https:\/\/dosingpump.shop\/no\/produkt\/sentrifugalpumpe-for-kjemikalier-htm6-pp\/\" \/>\n<meta property=\"og:site_name\" content=\"Dosing Pump Shop B.V.\" \/>\n<meta property=\"article:modified_time\" content=\"2026-03-23T10:44:34+00:00\" \/>\n<meta property=\"og:image\" content=\"https:\/\/dosingpump.shop\/wp-content\/uploads\/2024\/12\/GemmeCotti-HTM-6-PP-1.png\" \/>\n\t<meta property=\"og:image:width\" content=\"600\" \/>\n\t<meta property=\"og:image:height\" content=\"600\" \/>\n\t<meta property=\"og:image:type\" content=\"image\/png\" \/>\n<meta name=\"twitter:card\" content=\"summary_large_image\" \/>\n<meta name=\"twitter:label1\" content=\"Pris\" \/>\n\t<meta name=\"twitter:data1\" content=\"&euro;643,00\" \/>\n\t<meta name=\"twitter:label2\" content=\"Tilgjengelighet\" \/>\n\t<meta name=\"twitter:data2\" content=\"P\u00e5 restordre\" \/>\n<script type=\"application\/ld+json\" class=\"yoast-schema-graph\">{\"@context\":\"https:\/\/schema.org\",\"@graph\":[{\"@type\":\"WebPage\",\"@id\":\"https:\/\/dosingpump.shop\/product\/centrifugaalpomp-voor-chemicalien-htm6-pp\/\",\"url\":\"https:\/\/dosingpump.shop\/product\/centrifugaalpomp-voor-chemicalien-htm6-pp\/\",\"name\":\"Centrifugaalpomp HTM6 | Dosing Pump Shop B.V. PP GemmeCotti\",\"isPartOf\":{\"@id\":\"https:\/\/dosingpump.shop\/de\/#website\"},\"primaryImageOfPage\":{\"@id\":\"https:\/\/dosingpump.shop\/product\/centrifugaalpomp-voor-chemicalien-htm6-pp\/#primaryimage\"},\"image\":{\"@id\":\"https:\/\/dosingpump.shop\/product\/centrifugaalpomp-voor-chemicalien-htm6-pp\/#primaryimage\"},\"thumbnailUrl\":\"https:\/\/dosingpump.shop\/wp-content\/uploads\/2024\/12\/GemmeCotti-HTM-6-PP-1.png\",\"datePublished\":\"2024-12-05T12:22:11+00:00\",\"dateModified\":\"2026-03-23T10:44:34+00:00\",\"description\":\"Chemicali\u00ebn verpompen kan met deze centrifugaalpomp voor chemicali\u00ebn. De magneetaandrijving is lekvrij en zeer resistent. Diverse uitvoeringen leverbaar.\",\"breadcrumb\":{\"@id\":\"https:\/\/dosingpump.shop\/product\/centrifugaalpomp-voor-chemicalien-htm6-pp\/#breadcrumb\"},\"inLanguage\":\"nb-NO\",\"potentialAction\":[{\"@type\":\"ReadAction\",\"target\":[\"https:\/\/dosingpump.shop\/product\/centrifugaalpomp-voor-chemicalien-htm6-pp\/\"]}]},{\"@type\":\"ImageObject\",\"inLanguage\":\"nb-NO\",\"@id\":\"https:\/\/dosingpump.shop\/product\/centrifugaalpomp-voor-chemicalien-htm6-pp\/#primaryimage\",\"url\":\"https:\/\/dosingpump.shop\/wp-content\/uploads\/2024\/12\/GemmeCotti-HTM-6-PP-1.png\",\"contentUrl\":\"https:\/\/dosingpump.shop\/wp-content\/uploads\/2024\/12\/GemmeCotti-HTM-6-PP-1.png\",\"width\":600,\"height\":600},{\"@type\":\"BreadcrumbList\",\"@id\":\"https:\/\/dosingpump.shop\/product\/centrifugaalpomp-voor-chemicalien-htm6-pp\/#breadcrumb\",\"itemListElement\":[{\"@type\":\"ListItem\",\"position\":1,\"name\":\"Home\",\"item\":\"https:\/\/dosingpump.shop\/\"},{\"@type\":\"ListItem\",\"position\":2,\"name\":\"Shop\",\"item\":\"https:\/\/dosingpump.shop\/de\/shop\/\"},{\"@type\":\"ListItem\",\"position\":3,\"name\":\"Centrifugaalpomp voor chemicali\u00ebn HTM6-PP\"}]},{\"@type\":\"WebSite\",\"@id\":\"https:\/\/dosingpump.shop\/de\/#website\",\"url\":\"https:\/\/dosingpump.shop\/de\/\",\"name\":\"Dosing Pump Shop B.V.\",\"description\":\"\",\"publisher\":{\"@id\":\"https:\/\/dosingpump.shop\/de\/#organization\"},\"potentialAction\":[{\"@type\":\"SearchAction\",\"target\":{\"@type\":\"EntryPoint\",\"urlTemplate\":\"https:\/\/dosingpump.shop\/de\/?s={search_term_string}\"},\"query-input\":{\"@type\":\"PropertyValueSpecification\",\"valueRequired\":true,\"valueName\":\"search_term_string\"}}],\"inLanguage\":\"nb-NO\"},{\"@type\":\"Organization\",\"@id\":\"https:\/\/dosingpump.shop\/de\/#organization\",\"name\":\"Dosing Pump Shop B.V.\",\"url\":\"https:\/\/dosingpump.shop\/de\/\",\"logo\":{\"@type\":\"ImageObject\",\"inLanguage\":\"nb-NO\",\"@id\":\"https:\/\/dosingpump.shop\/de\/#\/schema\/logo\/image\/\",\"url\":\"https:\/\/dosingpump.shop\/wp-content\/uploads\/2024\/10\/Dosing-Pump-Shop-logo.png\",\"contentUrl\":\"https:\/\/dosingpump.shop\/wp-content\/uploads\/2024\/10\/Dosing-Pump-Shop-logo.png\",\"width\":350,\"height\":45,\"caption\":\"Dosing Pump Shop B.V.\"},\"image\":{\"@id\":\"https:\/\/dosingpump.shop\/de\/#\/schema\/logo\/image\/\"},\"sameAs\":[\"https:\/\/linkedin.com\/company\/dosing-pump-shop\"]}]}<\/script>\n<meta property=\"product:price:amount\" content=\"643.00\" \/>\n<meta property=\"product:price:currency\" content=\"EUR\" \/>\n<meta property=\"og:availability\" content=\"backorder\" \/>\n<meta property=\"product:availability\" content=\"available for order\" \/>\n<meta property=\"product:retailer_item_id\" content=\"HTM6-PP\" \/>\n<meta property=\"product:condition\" content=\"new\" \/>\n<!-- \/ Yoast SEO plugin. -->","yoast_head_json":{"title":"Sentrifugalpumpe HTM6 | Dosing Pump Shop B.V. PP GemmeCotti","description":"Med denne sentrifugalpumpen for kjemikalier kan du pumpe kjemikalier. Magnetdrevet er lekkasjesikkert og sv\u00e6rt motstandsdyktig. Ulike versjoner er tilgjengelige.","robots":{"index":"index","follow":"follow","max-snippet":"max-snippet:-1","max-image-preview":"max-image-preview:large","max-video-preview":"max-video-preview:-1"},"canonical":"https:\/\/dosingpump.shop\/no\/produkt\/sentrifugalpumpe-for-kjemikalier-htm6-pp\/","og_locale":"nb_NO","og_type":"article","og_title":"Centrifugaalpomp HTM6 | Dosing Pump Shop B.V. PP GemmeCotti","og_description":"Chemicali\u00ebn verpompen kan met deze centrifugaalpomp voor chemicali\u00ebn. De magneetaandrijving is lekvrij en zeer resistent. Diverse uitvoeringen leverbaar.","og_url":"https:\/\/dosingpump.shop\/no\/produkt\/sentrifugalpumpe-for-kjemikalier-htm6-pp\/","og_site_name":"Dosing Pump Shop B.V.","article_modified_time":"2026-03-23T10:44:34+00:00","og_image":[{"width":600,"height":600,"url":"https:\/\/dosingpump.shop\/wp-content\/uploads\/2024\/12\/GemmeCotti-HTM-6-PP-1.png","type":"image\/png"}],"twitter_card":"summary_large_image","twitter_misc":{"Pris":"&euro;643,00","Tilgjengelighet":"P\u00e5 restordre"},"schema":{"@context":"https:\/\/schema.org","@graph":[{"@type":"WebPage","@id":"https:\/\/dosingpump.shop\/product\/centrifugaalpomp-voor-chemicalien-htm6-pp\/","url":"https:\/\/dosingpump.shop\/product\/centrifugaalpomp-voor-chemicalien-htm6-pp\/","name":"Sentrifugalpumpe HTM6 | Dosing Pump Shop B.V. PP GemmeCotti","isPartOf":{"@id":"https:\/\/dosingpump.shop\/de\/#website"},"primaryImageOfPage":{"@id":"https:\/\/dosingpump.shop\/product\/centrifugaalpomp-voor-chemicalien-htm6-pp\/#primaryimage"},"image":{"@id":"https:\/\/dosingpump.shop\/product\/centrifugaalpomp-voor-chemicalien-htm6-pp\/#primaryimage"},"thumbnailUrl":"https:\/\/dosingpump.shop\/wp-content\/uploads\/2024\/12\/GemmeCotti-HTM-6-PP-1.png","datePublished":"2024-12-05T12:22:11+00:00","dateModified":"2026-03-23T10:44:34+00:00","description":"Med denne sentrifugalpumpen for kjemikalier kan du pumpe kjemikalier. Magnetdrevet er lekkasjesikkert og sv\u00e6rt motstandsdyktig. Ulike versjoner er tilgjengelige.","breadcrumb":{"@id":"https:\/\/dosingpump.shop\/product\/centrifugaalpomp-voor-chemicalien-htm6-pp\/#breadcrumb"},"inLanguage":"nb-NO","potentialAction":[{"@type":"ReadAction","target":["https:\/\/dosingpump.shop\/product\/centrifugaalpomp-voor-chemicalien-htm6-pp\/"]}]},{"@type":"ImageObject","inLanguage":"nb-NO","@id":"https:\/\/dosingpump.shop\/product\/centrifugaalpomp-voor-chemicalien-htm6-pp\/#primaryimage","url":"https:\/\/dosingpump.shop\/wp-content\/uploads\/2024\/12\/GemmeCotti-HTM-6-PP-1.png","contentUrl":"https:\/\/dosingpump.shop\/wp-content\/uploads\/2024\/12\/GemmeCotti-HTM-6-PP-1.png","width":600,"height":600},{"@type":"BreadcrumbList","@id":"https:\/\/dosingpump.shop\/product\/centrifugaalpomp-voor-chemicalien-htm6-pp\/#breadcrumb","itemListElement":[{"@type":"ListItem","position":1,"name":"Home","item":"https:\/\/dosingpump.shop\/"},{"@type":"ListItem","position":2,"name":"Shop","item":"https:\/\/dosingpump.shop\/de\/shop\/"},{"@type":"ListItem","position":3,"name":"Centrifugaalpomp voor chemicali\u00ebn HTM6-PP"}]},{"@type":"WebSite","@id":"https:\/\/dosingpump.shop\/de\/#website","url":"https:\/\/dosingpump.shop\/de\/","name":"Dosing Pump Shop B.V.","description":"","publisher":{"@id":"https:\/\/dosingpump.shop\/de\/#organization"},"potentialAction":[{"@type":"SearchAction","target":{"@type":"EntryPoint","urlTemplate":"https:\/\/dosingpump.shop\/de\/?s={search_term_string}"},"query-input":{"@type":"PropertyValueSpecification","valueRequired":true,"valueName":"search_term_string"}}],"inLanguage":"nb-NO"},{"@type":"Organization","@id":"https:\/\/dosingpump.shop\/de\/#organization","name":"Dosing Pump Shop B.V.","url":"https:\/\/dosingpump.shop\/de\/","logo":{"@type":"ImageObject","inLanguage":"nb-NO","@id":"https:\/\/dosingpump.shop\/de\/#\/schema\/logo\/image\/","url":"https:\/\/dosingpump.shop\/wp-content\/uploads\/2024\/10\/Dosing-Pump-Shop-logo.png","contentUrl":"https:\/\/dosingpump.shop\/wp-content\/uploads\/2024\/10\/Dosing-Pump-Shop-logo.png","width":350,"height":45,"caption":"Dosing Pump Shop B.V."},"image":{"@id":"https:\/\/dosingpump.shop\/de\/#\/schema\/logo\/image\/"},"sameAs":["https:\/\/linkedin.com\/company\/dosing-pump-shop"]}]},"product_price_amount":"643.00","product_price_currency":"EUR","og_availability":"backorder","product_availability":"available for order","product_retailer_item_id":"HTM6-PP","product_condition":"new"},"_links":{"self":[{"href":"https:\/\/dosingpump.shop\/no\/wp-json\/wp\/v2\/product\/4228","targetHints":{"allow":["GET"]}}],"collection":[{"href":"https:\/\/dosingpump.shop\/no\/wp-json\/wp\/v2\/product"}],"about":[{"href":"https:\/\/dosingpump.shop\/no\/wp-json\/wp\/v2\/types\/product"}],"wp:featuredmedia":[{"embeddable":true,"href":"https:\/\/dosingpump.shop\/no\/wp-json\/wp\/v2\/media\/8769"}],"wp:attachment":[{"href":"https:\/\/dosingpump.shop\/no\/wp-json\/wp\/v2\/media?parent=4228"}],"wp:term":[{"taxonomy":"product_brand","embeddable":true,"href":"https:\/\/dosingpump.shop\/no\/wp-json\/wp\/v2\/product_brand?post=4228"},{"taxonomy":"product_cat","embeddable":true,"href":"https:\/\/dosingpump.shop\/no\/wp-json\/wp\/v2\/product_cat?post=4228"},{"taxonomy":"product_tag","embeddable":true,"href":"https:\/\/dosingpump.shop\/no\/wp-json\/wp\/v2\/product_tag?post=4228"}],"curies":[{"name":"wp","href":"https:\/\/api.w.org\/{rel}","templated":true}]}}