{"id":4766,"date":"2024-12-05T12:23:44","date_gmt":"2024-12-05T12:23:44","guid":{"rendered":"https:\/\/dosingpump.shop\/product\/doseerpomp-voor-magnesiumsulfaat-epsom-zouten\/"},"modified":"2026-02-27T14:49:45","modified_gmt":"2026-02-27T12:49:45","slug":"doseringspumpe-for-magnesiumsulfat-epsomsalt","status":"publish","type":"product","link":"https:\/\/dosingpump.shop\/no\/product\/doseerpomp-voor-magnesiumsulfaat-epsom-zouten\/","title":{"rendered":"Dosepumpe for magnesiumsulfat (Epsom-salter)"},"content":{"rendered":"<h2>Dosepumpe for magnesiumsulfat (Epsom-salter)<\/h2>\n<p>Denne Emec-doseringspumpen av h\u00f8y kvalitet er egnet for dosering av magnesiumsulfat (Epsom-salter). Vi har valgt denne pumpen p\u00e5 grunn av den gode motstandsdyktigheten til materialene som brukes til dette produktet. Dette garanterer en <b>lang levetid<\/b> og et trygt arbeidsmilj\u00f8.<\/p>\n<p>KCL plus 08-08 doseringspumpe har en <b>justerbart slagvolum og justerbar slagfrekvens<\/b>. Denne kjemiske pumpen er dermed <b>sv\u00e6rt presis justering<\/b>.<\/p>\n<p>Pumpen leveres sv\u00e6rt komplett. Et sugefilter og en innspr\u00f8ytningsventil er inkludert.<\/p>\n<p>KCL plus 08-08 kan dosere opptil 8 liter i timen ved et trykk p\u00e5 8 bar. Pumpen kan reguleres manuelt og kan valgfritt styres via 230 V forsyningsspenning. Det finnes naturligvis ogs\u00e5 andre modeller av doseringspumper.<\/p>\n<h3>Andre versjoner Doseringspumpe for magnesiumsulfat (Epsom-salter)<\/h3>\n<p>Denne doseringspumpen er tilgjengelig i ulike versjoner. Det er for eksempel mulig \u00e5 levere en MF-versjon som kan styres via 4-20 mA, puls eller 0-10V. H\u00f8yere gjennomstr\u00f8mning er heller ikke noe problem. Det er mulig \u00e5 levere en pumpe som kan styre opp til <b>1 000 liter per time<\/b> kan dosere. N\u00e5r det gjelder trykk eller forsyningsspenning, finnes det selvf\u00f8lgelig ogs\u00e5 flere alternativer.<\/p>\n<h3>Hvilke materialer anbefaler vi til dosering av magnesiumsulfat (Epsomsalt)?<\/h3>\n<p>Hos Dosing Pump Shop har vi et bredt utvalg av doseringspumpedeler i ulike materialer, slik at vi kan tilpasse enhver doseringspumpe til riktig motstand. For dosering av aceetaldehyd anbefaler vi f\u00f8lgende deler og materialer:<\/p>\n<p><b>Pumpehode<\/b><\/p>\n<ul>\n<li>PVDF<\/li>\n<li>PP<\/li>\n<li>Rustfritt st\u00e5l (SS 316)<\/li>\n<li>PMMA<\/li>\n<\/ul>\n<p><b>O-ring<\/b><\/p>\n<ul>\n<li>FPM (Viton)<\/li>\n<li>EPDM<\/li>\n<\/ul>\n<p><b>Membran<\/b><\/p>\n<ul>\n<li>PFTE (teflon)<\/li>\n<\/ul>\n<p><b>Doseringsslange<\/b><\/p>\n<ul>\n<li>PE<\/li>\n<li>PVC<\/li>\n<li>PVDF<\/li>\n<\/ul>\n<p><em>Deler med begrenset motstand mot aceetaldehyd er motstandsdyktige, men husk at du da m\u00e5 bytte ut denne delen mer regelmessig.<\/em><\/p>\n<h3>Er du nysgjerrig p\u00e5 mulighetene?<\/h3>\n<p>Den mest praktiske m\u00e5ten er \u00e5 ta kontakt. Vi kan da oversette dine behov for \u00e5 komme frem til riktig doseringspumpe for magnesiumsulfat (Epsom-salter)!<\/p>","protected":false},"excerpt":{"rendered":"<p>For sikker og n\u00f8yaktig dosering av magnesiumsulfat (Epsom-salter) (MgSO4), fra presise doseringsapplikasjoner (10 ml\/time) til store applikasjoner p\u00e5 opptil 1 000 liter per time (avhengig av versjon).<\/p>\n<p>Versjon: K CL PLUS 08-08 eller tilsvarende.<br \/>Trenger du en annen versjon? Be om et tilbud!<\/p>","protected":false},"featured_media":4072,"template":"","meta":[],"product_brand":[],"product_cat":[94],"product_tag":[],"class_list":{"0":"post-4766","1":"product","2":"type-product","3":"status-publish","4":"has-post-thumbnail","6":"product_cat-chemical-compatibility","8":"first","9":"instock","10":"taxable","11":"shipping-taxable","12":"purchasable","13":"product-type-simple"},"yoast_head":"<!-- This site is optimized with the Yoast SEO plugin v27.2 - https:\/\/yoast.com\/product\/yoast-seo-wordpress\/ -->\n<title>Doseerpomp voor Magnesiumsulfaat (Epsom-zouten) | Dosing Pump Shop B.V.<\/title>\n<meta name=\"description\" content=\"Nauwkeurige en betrouwbare Doseerpomp voor Magnesiumsulfaat (Epsom-zouten) voor diverse industri\u00eble toepassingen. Eenvoudige installatie en onderhoud.\" \/>\n<meta name=\"robots\" content=\"index, follow, max-snippet:-1, max-image-preview:large, max-video-preview:-1\" \/>\n<link rel=\"canonical\" href=\"https:\/\/dosingpump.shop\/no\/produkt\/doseringspumpe-for-magnesiumsulfat-epsomsalt\/\" \/>\n<meta property=\"og:locale\" content=\"nb_NO\" \/>\n<meta property=\"og:type\" content=\"article\" \/>\n<meta property=\"og:title\" content=\"Doseerpomp voor Magnesiumsulfaat (Epsom-zouten) | Dosing Pump Shop B.V.\" \/>\n<meta property=\"og:description\" content=\"Nauwkeurige en betrouwbare Doseerpomp voor Magnesiumsulfaat (Epsom-zouten) voor diverse industri\u00eble toepassingen. Eenvoudige installatie en onderhoud.\" \/>\n<meta property=\"og:url\" content=\"https:\/\/dosingpump.shop\/no\/produkt\/doseringspumpe-for-magnesiumsulfat-epsomsalt\/\" \/>\n<meta property=\"og:site_name\" content=\"Dosing Pump Shop B.V.\" \/>\n<meta property=\"article:modified_time\" content=\"2026-02-27T12:49:45+00:00\" \/>\n<meta property=\"og:image\" content=\"https:\/\/dosingpump.shop\/wp-content\/uploads\/2024\/12\/EMEC-K-SERIE-ANALOG-dosing-pump.webp\" \/>\n\t<meta property=\"og:image:width\" content=\"498\" \/>\n\t<meta property=\"og:image:height\" content=\"501\" \/>\n\t<meta property=\"og:image:type\" content=\"image\/webp\" \/>\n<meta name=\"twitter:card\" content=\"summary_large_image\" \/>\n<meta name=\"twitter:label1\" content=\"Pris\" \/>\n\t<meta name=\"twitter:data1\" content=\"&euro;459,00\" \/>\n\t<meta name=\"twitter:label2\" content=\"Tilgjengelighet\" \/>\n\t<meta name=\"twitter:data2\" content=\"P\u00e5 lager\" \/>\n<script type=\"application\/ld+json\" class=\"yoast-schema-graph\">{\"@context\":\"https:\/\/schema.org\",\"@graph\":[{\"@type\":\"WebPage\",\"@id\":\"https:\/\/dosingpump.shop\/product\/doseerpomp-voor-magnesiumsulfaat-epsom-zouten\/\",\"url\":\"https:\/\/dosingpump.shop\/product\/doseerpomp-voor-magnesiumsulfaat-epsom-zouten\/\",\"name\":\"Doseerpomp voor Magnesiumsulfaat (Epsom-zouten) | Dosing Pump Shop B.V.\",\"isPartOf\":{\"@id\":\"https:\/\/dosingpump.shop\/de\/#website\"},\"primaryImageOfPage\":{\"@id\":\"https:\/\/dosingpump.shop\/product\/doseerpomp-voor-magnesiumsulfaat-epsom-zouten\/#primaryimage\"},\"image\":{\"@id\":\"https:\/\/dosingpump.shop\/product\/doseerpomp-voor-magnesiumsulfaat-epsom-zouten\/#primaryimage\"},\"thumbnailUrl\":\"https:\/\/dosingpump.shop\/wp-content\/uploads\/2024\/12\/EMEC-K-SERIE-ANALOG-dosing-pump.webp\",\"datePublished\":\"2024-12-05T12:23:44+00:00\",\"dateModified\":\"2026-02-27T12:49:45+00:00\",\"description\":\"Nauwkeurige en betrouwbare Doseerpomp voor Magnesiumsulfaat (Epsom-zouten) voor diverse industri\u00eble toepassingen. Eenvoudige installatie en onderhoud.\",\"breadcrumb\":{\"@id\":\"https:\/\/dosingpump.shop\/product\/doseerpomp-voor-magnesiumsulfaat-epsom-zouten\/#breadcrumb\"},\"inLanguage\":\"nb-NO\",\"potentialAction\":[{\"@type\":\"ReadAction\",\"target\":[\"https:\/\/dosingpump.shop\/product\/doseerpomp-voor-magnesiumsulfaat-epsom-zouten\/\"]}]},{\"@type\":\"ImageObject\",\"inLanguage\":\"nb-NO\",\"@id\":\"https:\/\/dosingpump.shop\/product\/doseerpomp-voor-magnesiumsulfaat-epsom-zouten\/#primaryimage\",\"url\":\"https:\/\/dosingpump.shop\/wp-content\/uploads\/2024\/12\/EMEC-K-SERIE-ANALOG-dosing-pump.webp\",\"contentUrl\":\"https:\/\/dosingpump.shop\/wp-content\/uploads\/2024\/12\/EMEC-K-SERIE-ANALOG-dosing-pump.webp\",\"width\":498,\"height\":501},{\"@type\":\"BreadcrumbList\",\"@id\":\"https:\/\/dosingpump.shop\/product\/doseerpomp-voor-magnesiumsulfaat-epsom-zouten\/#breadcrumb\",\"itemListElement\":[{\"@type\":\"ListItem\",\"position\":1,\"name\":\"Home\",\"item\":\"https:\/\/dosingpump.shop\/\"},{\"@type\":\"ListItem\",\"position\":2,\"name\":\"Shop\",\"item\":\"https:\/\/dosingpump.shop\/de\/shop\/\"},{\"@type\":\"ListItem\",\"position\":3,\"name\":\"Doseerpomp voor Magnesiumsulfaat (Epsom-zouten)\"}]},{\"@type\":\"WebSite\",\"@id\":\"https:\/\/dosingpump.shop\/de\/#website\",\"url\":\"https:\/\/dosingpump.shop\/de\/\",\"name\":\"Dosing Pump Shop B.V.\",\"description\":\"\",\"publisher\":{\"@id\":\"https:\/\/dosingpump.shop\/de\/#organization\"},\"potentialAction\":[{\"@type\":\"SearchAction\",\"target\":{\"@type\":\"EntryPoint\",\"urlTemplate\":\"https:\/\/dosingpump.shop\/de\/?s={search_term_string}\"},\"query-input\":{\"@type\":\"PropertyValueSpecification\",\"valueRequired\":true,\"valueName\":\"search_term_string\"}}],\"inLanguage\":\"nb-NO\"},{\"@type\":\"Organization\",\"@id\":\"https:\/\/dosingpump.shop\/de\/#organization\",\"name\":\"Dosing Pump Shop B.V.\",\"url\":\"https:\/\/dosingpump.shop\/de\/\",\"logo\":{\"@type\":\"ImageObject\",\"inLanguage\":\"nb-NO\",\"@id\":\"https:\/\/dosingpump.shop\/de\/#\/schema\/logo\/image\/\",\"url\":\"https:\/\/dosingpump.shop\/wp-content\/uploads\/2024\/10\/Dosing-Pump-Shop-logo.png\",\"contentUrl\":\"https:\/\/dosingpump.shop\/wp-content\/uploads\/2024\/10\/Dosing-Pump-Shop-logo.png\",\"width\":350,\"height\":45,\"caption\":\"Dosing Pump Shop B.V.\"},\"image\":{\"@id\":\"https:\/\/dosingpump.shop\/de\/#\/schema\/logo\/image\/\"},\"sameAs\":[\"https:\/\/linkedin.com\/company\/dosing-pump-shop\"]}]}<\/script>\n<meta property=\"product:price:amount\" content=\"459.00\" \/>\n<meta property=\"product:price:currency\" content=\"EUR\" \/>\n<meta property=\"og:availability\" content=\"instock\" \/>\n<meta property=\"product:availability\" content=\"instock\" \/>\n<meta property=\"product:retailer_item_id\" content=\"Magnesiumsulfaat (Epsom-zouten)\" \/>\n<meta property=\"product:condition\" content=\"new\" \/>\n<!-- \/ Yoast SEO plugin. -->","yoast_head_json":{"title":"Dosepumpe for magnesiumsulfat (Epsom-salter) | Dosing Pump Shop B.V.","description":"N\u00f8yaktig og p\u00e5litelig doseringspumpe for magnesiumsulfat (Epsom-salter) til ulike industrielle bruksomr\u00e5der. Enkel installasjon og vedlikehold.","robots":{"index":"index","follow":"follow","max-snippet":"max-snippet:-1","max-image-preview":"max-image-preview:large","max-video-preview":"max-video-preview:-1"},"canonical":"https:\/\/dosingpump.shop\/no\/produkt\/doseringspumpe-for-magnesiumsulfat-epsomsalt\/","og_locale":"nb_NO","og_type":"article","og_title":"Doseerpomp voor Magnesiumsulfaat (Epsom-zouten) | Dosing Pump Shop B.V.","og_description":"Nauwkeurige en betrouwbare Doseerpomp voor Magnesiumsulfaat (Epsom-zouten) voor diverse industri\u00eble toepassingen. Eenvoudige installatie en onderhoud.","og_url":"https:\/\/dosingpump.shop\/no\/produkt\/doseringspumpe-for-magnesiumsulfat-epsomsalt\/","og_site_name":"Dosing Pump Shop B.V.","article_modified_time":"2026-02-27T12:49:45+00:00","og_image":[{"width":498,"height":501,"url":"https:\/\/dosingpump.shop\/wp-content\/uploads\/2024\/12\/EMEC-K-SERIE-ANALOG-dosing-pump.webp","type":"image\/webp"}],"twitter_card":"summary_large_image","twitter_misc":{"Pris":"&euro;459,00","Tilgjengelighet":"P\u00e5 lager"},"schema":{"@context":"https:\/\/schema.org","@graph":[{"@type":"WebPage","@id":"https:\/\/dosingpump.shop\/product\/doseerpomp-voor-magnesiumsulfaat-epsom-zouten\/","url":"https:\/\/dosingpump.shop\/product\/doseerpomp-voor-magnesiumsulfaat-epsom-zouten\/","name":"Dosepumpe for magnesiumsulfat (Epsom-salter) | Dosing Pump Shop B.V.","isPartOf":{"@id":"https:\/\/dosingpump.shop\/de\/#website"},"primaryImageOfPage":{"@id":"https:\/\/dosingpump.shop\/product\/doseerpomp-voor-magnesiumsulfaat-epsom-zouten\/#primaryimage"},"image":{"@id":"https:\/\/dosingpump.shop\/product\/doseerpomp-voor-magnesiumsulfaat-epsom-zouten\/#primaryimage"},"thumbnailUrl":"https:\/\/dosingpump.shop\/wp-content\/uploads\/2024\/12\/EMEC-K-SERIE-ANALOG-dosing-pump.webp","datePublished":"2024-12-05T12:23:44+00:00","dateModified":"2026-02-27T12:49:45+00:00","description":"N\u00f8yaktig og p\u00e5litelig doseringspumpe for magnesiumsulfat (Epsom-salter) til ulike industrielle bruksomr\u00e5der. Enkel installasjon og vedlikehold.","breadcrumb":{"@id":"https:\/\/dosingpump.shop\/product\/doseerpomp-voor-magnesiumsulfaat-epsom-zouten\/#breadcrumb"},"inLanguage":"nb-NO","potentialAction":[{"@type":"ReadAction","target":["https:\/\/dosingpump.shop\/product\/doseerpomp-voor-magnesiumsulfaat-epsom-zouten\/"]}]},{"@type":"ImageObject","inLanguage":"nb-NO","@id":"https:\/\/dosingpump.shop\/product\/doseerpomp-voor-magnesiumsulfaat-epsom-zouten\/#primaryimage","url":"https:\/\/dosingpump.shop\/wp-content\/uploads\/2024\/12\/EMEC-K-SERIE-ANALOG-dosing-pump.webp","contentUrl":"https:\/\/dosingpump.shop\/wp-content\/uploads\/2024\/12\/EMEC-K-SERIE-ANALOG-dosing-pump.webp","width":498,"height":501},{"@type":"BreadcrumbList","@id":"https:\/\/dosingpump.shop\/product\/doseerpomp-voor-magnesiumsulfaat-epsom-zouten\/#breadcrumb","itemListElement":[{"@type":"ListItem","position":1,"name":"Home","item":"https:\/\/dosingpump.shop\/"},{"@type":"ListItem","position":2,"name":"Shop","item":"https:\/\/dosingpump.shop\/de\/shop\/"},{"@type":"ListItem","position":3,"name":"Doseerpomp voor Magnesiumsulfaat (Epsom-zouten)"}]},{"@type":"WebSite","@id":"https:\/\/dosingpump.shop\/de\/#website","url":"https:\/\/dosingpump.shop\/de\/","name":"Dosing Pump Shop B.V.","description":"","publisher":{"@id":"https:\/\/dosingpump.shop\/de\/#organization"},"potentialAction":[{"@type":"SearchAction","target":{"@type":"EntryPoint","urlTemplate":"https:\/\/dosingpump.shop\/de\/?s={search_term_string}"},"query-input":{"@type":"PropertyValueSpecification","valueRequired":true,"valueName":"search_term_string"}}],"inLanguage":"nb-NO"},{"@type":"Organization","@id":"https:\/\/dosingpump.shop\/de\/#organization","name":"Dosing Pump Shop B.V.","url":"https:\/\/dosingpump.shop\/de\/","logo":{"@type":"ImageObject","inLanguage":"nb-NO","@id":"https:\/\/dosingpump.shop\/de\/#\/schema\/logo\/image\/","url":"https:\/\/dosingpump.shop\/wp-content\/uploads\/2024\/10\/Dosing-Pump-Shop-logo.png","contentUrl":"https:\/\/dosingpump.shop\/wp-content\/uploads\/2024\/10\/Dosing-Pump-Shop-logo.png","width":350,"height":45,"caption":"Dosing Pump Shop B.V."},"image":{"@id":"https:\/\/dosingpump.shop\/de\/#\/schema\/logo\/image\/"},"sameAs":["https:\/\/linkedin.com\/company\/dosing-pump-shop"]}]},"product_price_amount":"459.00","product_price_currency":"EUR","og_availability":"instock","product_availability":"instock","product_retailer_item_id":"Magnesiumsulfaat (Epsom-zouten)","product_condition":"new"},"_links":{"self":[{"href":"https:\/\/dosingpump.shop\/no\/wp-json\/wp\/v2\/product\/4766","targetHints":{"allow":["GET"]}}],"collection":[{"href":"https:\/\/dosingpump.shop\/no\/wp-json\/wp\/v2\/product"}],"about":[{"href":"https:\/\/dosingpump.shop\/no\/wp-json\/wp\/v2\/types\/product"}],"wp:featuredmedia":[{"embeddable":true,"href":"https:\/\/dosingpump.shop\/no\/wp-json\/wp\/v2\/media\/4072"}],"wp:attachment":[{"href":"https:\/\/dosingpump.shop\/no\/wp-json\/wp\/v2\/media?parent=4766"}],"wp:term":[{"taxonomy":"product_brand","embeddable":true,"href":"https:\/\/dosingpump.shop\/no\/wp-json\/wp\/v2\/product_brand?post=4766"},{"taxonomy":"product_cat","embeddable":true,"href":"https:\/\/dosingpump.shop\/no\/wp-json\/wp\/v2\/product_cat?post=4766"},{"taxonomy":"product_tag","embeddable":true,"href":"https:\/\/dosingpump.shop\/no\/wp-json\/wp\/v2\/product_tag?post=4766"}],"curies":[{"name":"wp","href":"https:\/\/api.w.org\/{rel}","templated":true}]}}