{"id":6165,"date":"2025-01-22T10:36:26","date_gmt":"2025-01-22T10:36:26","guid":{"rendered":"https:\/\/dosingpump.shop\/product\/doseerinstallatie-voor-magnesiumsulfaat-epsom-zouten\/"},"modified":"2026-02-27T14:50:07","modified_gmt":"2026-02-27T12:50:07","slug":"doseringsanlegg-for-magnesiumsulfat-epsomsalt","status":"publish","type":"product","link":"https:\/\/dosingpump.shop\/no\/product\/doseerinstallatie-voor-magnesiumsulfaat-epsom-zouten\/","title":{"rendered":"Doseringsanlegg for magnesiumsulfat (Epsom-salter)"},"content":{"rendered":"<h3>Doseringsanlegg for magnesiumsulfat (Epsom-salter) - 50 liter<\/h3>\n<p>Med dette doseringssystemet for magnesiumsulfat (epsomsalt) (MgSO4) har du alt du trenger for sikker og effektiv dosering av magnesiumsulfat (epsomsalt). Vi har naturligvis tenkt p\u00e5 kjemisk resistens, slik at de ulike komponentene holder sv\u00e6rt lenge.<\/p>\n<p>Tankens kapasitet er 50 liter som standard. Tanken er utstyrt med en sugelanse som er koblet til doseringspumpen. Sugelansen har en niv\u00e5kontakt som sl\u00e5r av pumpen n\u00e5r tanken er tom. Dette er praktisk fordi det forhindrer at det kommer luft inn i r\u00f8rene. Doseringspumpen kan monteres p\u00e5 tanken. Komponentene til dette systemet leveres separat. Monteringen er enkel, og vi kan selvf\u00f8lgelig hjelpe deg med dette.<\/p>\n<h3>Innhold Doseringsanlegg for magnesiumsulfat (Epsom-salter)<\/h3>\n<ul>\n<li>Tank p\u00e5 50 liter, egnet for magnesiumsulfat (Epsom-salter).<\/li>\n<li>Emec K CL PLUS 08-08 (8 l\/time - 8 bar) doseringspumpe med justerbar slaglengde og frekvens.<\/li>\n<li>sugelanse med niv\u00e5kontroll<\/li>\n<li>Innspr\u00f8ytningsventil og doseringsslange<\/li>\n<\/ul>\n<p>For dette klordoseringssystemet <b>valgfritt<\/b> tilgjengelig:<\/p>\n<ul>\n<li>St\u00f8rre tank tilgjengelig fra: 100, 200, 500 eller 1 000 liter<\/li>\n<li>Kapasitet p\u00e5 opptil 80 liter i timen, for pumper plassert direkte p\u00e5 tanken<\/li>\n<li>Kapasitet p\u00e5 opptil 1 000 liter i timen, for pumper plassert mot en vegg over tanken<\/li>\n<li>4-20 mA-kontroll<\/li>\n<li>Pumpe for tankfylling<\/li>\n<li>Omr\u00f8rer (manuell eller automatisk)<\/li>\n<li>Passende dryppbrett<\/li>\n<li>Leveres ferdig montert<\/li>\n<\/ul>","protected":false},"excerpt":{"rendered":"<p>Komplett doseringssystem for magnesiumsulfat (epsomsalt), inkludert tank, sugelanse og doseringspumpe. Kapasitet 50 liter.<\/p>","protected":false},"featured_media":4432,"template":"","meta":[],"product_brand":[],"product_cat":[123],"product_tag":[],"class_list":{"0":"post-6165","1":"product","2":"type-product","3":"status-publish","4":"has-post-thumbnail","6":"product_cat-doseerinstallaties-voor-chemicalien","8":"first","9":"instock","10":"taxable","11":"shipping-taxable","12":"purchasable","13":"product-type-simple"},"yoast_head":"<!-- This site is optimized with the Yoast SEO plugin v27.2 - https:\/\/yoast.com\/product\/yoast-seo-wordpress\/ -->\n<title>Doseerinstallatie voor Magnesiumsulfaat (Epsom-zouten) | Dosing Pump Shop B.V.<\/title>\n<meta name=\"description\" content=\"Complete Doseerinstallatie voor Magnesiumsulfaat (Epsom-zouten) incl. tank, aanzuiglans en doseerpomp. Inhoud: 50 liter.\" \/>\n<meta name=\"robots\" content=\"index, follow, max-snippet:-1, max-image-preview:large, max-video-preview:-1\" \/>\n<link rel=\"canonical\" href=\"https:\/\/dosingpump.shop\/no\/produkt\/doseringsanlegg-for-magnesiumsulfat-epsomsalt\/\" \/>\n<meta property=\"og:locale\" content=\"nb_NO\" \/>\n<meta property=\"og:type\" content=\"article\" \/>\n<meta property=\"og:title\" content=\"Doseerinstallatie voor Magnesiumsulfaat (Epsom-zouten) | Dosing Pump Shop B.V.\" \/>\n<meta property=\"og:description\" content=\"Complete Doseerinstallatie voor Magnesiumsulfaat (Epsom-zouten) incl. tank, aanzuiglans en doseerpomp. Inhoud: 50 liter.\" \/>\n<meta property=\"og:url\" content=\"https:\/\/dosingpump.shop\/no\/produkt\/doseringsanlegg-for-magnesiumsulfat-epsomsalt\/\" \/>\n<meta property=\"og:site_name\" content=\"Dosing Pump Shop B.V.\" \/>\n<meta property=\"article:modified_time\" content=\"2026-02-27T12:50:07+00:00\" \/>\n<meta property=\"og:image\" content=\"https:\/\/dosingpump.shop\/wp-content\/uploads\/2024\/12\/waterstofperoxide-doseerinstallatie.webp\" \/>\n\t<meta property=\"og:image:width\" content=\"500\" \/>\n\t<meta property=\"og:image:height\" content=\"500\" \/>\n\t<meta property=\"og:image:type\" content=\"image\/webp\" \/>\n<meta name=\"twitter:card\" content=\"summary_large_image\" \/>\n<meta name=\"twitter:label1\" content=\"Pris\" \/>\n\t<meta name=\"twitter:data1\" content=\"&euro;757,00\" \/>\n\t<meta name=\"twitter:label2\" content=\"Tilgjengelighet\" \/>\n\t<meta name=\"twitter:data2\" content=\"P\u00e5 lager\" \/>\n<script type=\"application\/ld+json\" class=\"yoast-schema-graph\">{\"@context\":\"https:\/\/schema.org\",\"@graph\":[{\"@type\":\"WebPage\",\"@id\":\"https:\/\/dosingpump.shop\/pl\/produkt-2\/instalacja-dozujaca-do-siarczanu-magnezu-i-soli-epsom\/\",\"url\":\"https:\/\/dosingpump.shop\/pl\/produkt-2\/instalacja-dozujaca-do-siarczanu-magnezu-i-soli-epsom\/\",\"name\":\"Doseerinstallatie voor Magnesiumsulfaat (Epsom-zouten) | Dosing Pump Shop B.V.\",\"isPartOf\":{\"@id\":\"https:\/\/dosingpump.shop\/de\/#website\"},\"primaryImageOfPage\":{\"@id\":\"https:\/\/dosingpump.shop\/pl\/produkt-2\/instalacja-dozujaca-do-siarczanu-magnezu-i-soli-epsom\/#primaryimage\"},\"image\":{\"@id\":\"https:\/\/dosingpump.shop\/pl\/produkt-2\/instalacja-dozujaca-do-siarczanu-magnezu-i-soli-epsom\/#primaryimage\"},\"thumbnailUrl\":\"https:\/\/dosingpump.shop\/wp-content\/uploads\/2024\/12\/waterstofperoxide-doseerinstallatie.webp\",\"datePublished\":\"2025-01-22T10:36:26+00:00\",\"dateModified\":\"2026-02-27T12:50:07+00:00\",\"description\":\"Complete Doseerinstallatie voor Magnesiumsulfaat (Epsom-zouten) incl. tank, aanzuiglans en doseerpomp. Inhoud: 50 liter.\",\"breadcrumb\":{\"@id\":\"https:\/\/dosingpump.shop\/pl\/produkt-2\/instalacja-dozujaca-do-siarczanu-magnezu-i-soli-epsom\/#breadcrumb\"},\"inLanguage\":\"nb-NO\",\"potentialAction\":[{\"@type\":\"ReadAction\",\"target\":[\"https:\/\/dosingpump.shop\/pl\/produkt-2\/instalacja-dozujaca-do-siarczanu-magnezu-i-soli-epsom\/\"]}]},{\"@type\":\"ImageObject\",\"inLanguage\":\"nb-NO\",\"@id\":\"https:\/\/dosingpump.shop\/pl\/produkt-2\/instalacja-dozujaca-do-siarczanu-magnezu-i-soli-epsom\/#primaryimage\",\"url\":\"https:\/\/dosingpump.shop\/wp-content\/uploads\/2024\/12\/waterstofperoxide-doseerinstallatie.webp\",\"contentUrl\":\"https:\/\/dosingpump.shop\/wp-content\/uploads\/2024\/12\/waterstofperoxide-doseerinstallatie.webp\",\"width\":500,\"height\":500},{\"@type\":\"BreadcrumbList\",\"@id\":\"https:\/\/dosingpump.shop\/pl\/produkt-2\/instalacja-dozujaca-do-siarczanu-magnezu-i-soli-epsom\/#breadcrumb\",\"itemListElement\":[{\"@type\":\"ListItem\",\"position\":1,\"name\":\"Home\",\"item\":\"https:\/\/dosingpump.shop\/\"},{\"@type\":\"ListItem\",\"position\":2,\"name\":\"Shop\",\"item\":\"https:\/\/dosingpump.shop\/de\/shop\/\"},{\"@type\":\"ListItem\",\"position\":3,\"name\":\"Doseerinstallatie voor Magnesiumsulfaat (Epsom-zouten)\"}]},{\"@type\":\"WebSite\",\"@id\":\"https:\/\/dosingpump.shop\/de\/#website\",\"url\":\"https:\/\/dosingpump.shop\/de\/\",\"name\":\"Dosing Pump Shop B.V.\",\"description\":\"\",\"publisher\":{\"@id\":\"https:\/\/dosingpump.shop\/de\/#organization\"},\"potentialAction\":[{\"@type\":\"SearchAction\",\"target\":{\"@type\":\"EntryPoint\",\"urlTemplate\":\"https:\/\/dosingpump.shop\/de\/?s={search_term_string}\"},\"query-input\":{\"@type\":\"PropertyValueSpecification\",\"valueRequired\":true,\"valueName\":\"search_term_string\"}}],\"inLanguage\":\"nb-NO\"},{\"@type\":\"Organization\",\"@id\":\"https:\/\/dosingpump.shop\/de\/#organization\",\"name\":\"Dosing Pump Shop B.V.\",\"url\":\"https:\/\/dosingpump.shop\/de\/\",\"logo\":{\"@type\":\"ImageObject\",\"inLanguage\":\"nb-NO\",\"@id\":\"https:\/\/dosingpump.shop\/de\/#\/schema\/logo\/image\/\",\"url\":\"https:\/\/dosingpump.shop\/wp-content\/uploads\/2024\/10\/Dosing-Pump-Shop-logo.png\",\"contentUrl\":\"https:\/\/dosingpump.shop\/wp-content\/uploads\/2024\/10\/Dosing-Pump-Shop-logo.png\",\"width\":350,\"height\":45,\"caption\":\"Dosing Pump Shop B.V.\"},\"image\":{\"@id\":\"https:\/\/dosingpump.shop\/de\/#\/schema\/logo\/image\/\"},\"sameAs\":[\"https:\/\/linkedin.com\/company\/dosing-pump-shop\"]}]}<\/script>\n<meta property=\"product:price:amount\" content=\"757.00\" \/>\n<meta property=\"product:price:currency\" content=\"EUR\" \/>\n<meta property=\"og:availability\" content=\"instock\" \/>\n<meta property=\"product:availability\" content=\"instock\" \/>\n<meta property=\"product:retailer_item_id\" content=\"doseerinstalatie-Magnesiumsulfaat (Epsom-zouten)\" \/>\n<meta property=\"product:condition\" content=\"new\" \/>\n<!-- \/ Yoast SEO plugin. -->","yoast_head_json":{"title":"Doseringsanlegg for magnesiumsulfat (Epsom-salter) | Dosing Pump Shop B.V.","description":"Komplett doseringsanlegg for magnesiumsulfat (Epsom-salter) inkl. tank, sugelanse og doseringspumpe. Kapasitet: 50 liter.","robots":{"index":"index","follow":"follow","max-snippet":"max-snippet:-1","max-image-preview":"max-image-preview:large","max-video-preview":"max-video-preview:-1"},"canonical":"https:\/\/dosingpump.shop\/no\/produkt\/doseringsanlegg-for-magnesiumsulfat-epsomsalt\/","og_locale":"nb_NO","og_type":"article","og_title":"Doseerinstallatie voor Magnesiumsulfaat (Epsom-zouten) | Dosing Pump Shop B.V.","og_description":"Complete Doseerinstallatie voor Magnesiumsulfaat (Epsom-zouten) incl. tank, aanzuiglans en doseerpomp. Inhoud: 50 liter.","og_url":"https:\/\/dosingpump.shop\/no\/produkt\/doseringsanlegg-for-magnesiumsulfat-epsomsalt\/","og_site_name":"Dosing Pump Shop B.V.","article_modified_time":"2026-02-27T12:50:07+00:00","og_image":[{"width":500,"height":500,"url":"https:\/\/dosingpump.shop\/wp-content\/uploads\/2024\/12\/waterstofperoxide-doseerinstallatie.webp","type":"image\/webp"}],"twitter_card":"summary_large_image","twitter_misc":{"Pris":"&euro;757,00","Tilgjengelighet":"P\u00e5 lager"},"schema":{"@context":"https:\/\/schema.org","@graph":[{"@type":"WebPage","@id":"https:\/\/dosingpump.shop\/pl\/produkt-2\/instalacja-dozujaca-do-siarczanu-magnezu-i-soli-epsom\/","url":"https:\/\/dosingpump.shop\/pl\/produkt-2\/instalacja-dozujaca-do-siarczanu-magnezu-i-soli-epsom\/","name":"Doseringsanlegg for magnesiumsulfat (Epsom-salter) | Dosing Pump Shop B.V.","isPartOf":{"@id":"https:\/\/dosingpump.shop\/de\/#website"},"primaryImageOfPage":{"@id":"https:\/\/dosingpump.shop\/pl\/produkt-2\/instalacja-dozujaca-do-siarczanu-magnezu-i-soli-epsom\/#primaryimage"},"image":{"@id":"https:\/\/dosingpump.shop\/pl\/produkt-2\/instalacja-dozujaca-do-siarczanu-magnezu-i-soli-epsom\/#primaryimage"},"thumbnailUrl":"https:\/\/dosingpump.shop\/wp-content\/uploads\/2024\/12\/waterstofperoxide-doseerinstallatie.webp","datePublished":"2025-01-22T10:36:26+00:00","dateModified":"2026-02-27T12:50:07+00:00","description":"Komplett doseringsanlegg for magnesiumsulfat (Epsom-salter) inkl. tank, sugelanse og doseringspumpe. Kapasitet: 50 liter.","breadcrumb":{"@id":"https:\/\/dosingpump.shop\/pl\/produkt-2\/instalacja-dozujaca-do-siarczanu-magnezu-i-soli-epsom\/#breadcrumb"},"inLanguage":"nb-NO","potentialAction":[{"@type":"ReadAction","target":["https:\/\/dosingpump.shop\/pl\/produkt-2\/instalacja-dozujaca-do-siarczanu-magnezu-i-soli-epsom\/"]}]},{"@type":"ImageObject","inLanguage":"nb-NO","@id":"https:\/\/dosingpump.shop\/pl\/produkt-2\/instalacja-dozujaca-do-siarczanu-magnezu-i-soli-epsom\/#primaryimage","url":"https:\/\/dosingpump.shop\/wp-content\/uploads\/2024\/12\/waterstofperoxide-doseerinstallatie.webp","contentUrl":"https:\/\/dosingpump.shop\/wp-content\/uploads\/2024\/12\/waterstofperoxide-doseerinstallatie.webp","width":500,"height":500},{"@type":"BreadcrumbList","@id":"https:\/\/dosingpump.shop\/pl\/produkt-2\/instalacja-dozujaca-do-siarczanu-magnezu-i-soli-epsom\/#breadcrumb","itemListElement":[{"@type":"ListItem","position":1,"name":"Home","item":"https:\/\/dosingpump.shop\/"},{"@type":"ListItem","position":2,"name":"Shop","item":"https:\/\/dosingpump.shop\/de\/shop\/"},{"@type":"ListItem","position":3,"name":"Doseerinstallatie voor Magnesiumsulfaat (Epsom-zouten)"}]},{"@type":"WebSite","@id":"https:\/\/dosingpump.shop\/de\/#website","url":"https:\/\/dosingpump.shop\/de\/","name":"Dosing Pump Shop B.V.","description":"","publisher":{"@id":"https:\/\/dosingpump.shop\/de\/#organization"},"potentialAction":[{"@type":"SearchAction","target":{"@type":"EntryPoint","urlTemplate":"https:\/\/dosingpump.shop\/de\/?s={search_term_string}"},"query-input":{"@type":"PropertyValueSpecification","valueRequired":true,"valueName":"search_term_string"}}],"inLanguage":"nb-NO"},{"@type":"Organization","@id":"https:\/\/dosingpump.shop\/de\/#organization","name":"Dosing Pump Shop B.V.","url":"https:\/\/dosingpump.shop\/de\/","logo":{"@type":"ImageObject","inLanguage":"nb-NO","@id":"https:\/\/dosingpump.shop\/de\/#\/schema\/logo\/image\/","url":"https:\/\/dosingpump.shop\/wp-content\/uploads\/2024\/10\/Dosing-Pump-Shop-logo.png","contentUrl":"https:\/\/dosingpump.shop\/wp-content\/uploads\/2024\/10\/Dosing-Pump-Shop-logo.png","width":350,"height":45,"caption":"Dosing Pump Shop B.V."},"image":{"@id":"https:\/\/dosingpump.shop\/de\/#\/schema\/logo\/image\/"},"sameAs":["https:\/\/linkedin.com\/company\/dosing-pump-shop"]}]},"product_price_amount":"757.00","product_price_currency":"EUR","og_availability":"instock","product_availability":"instock","product_retailer_item_id":"doseerinstalatie-Magnesiumsulfaat (Epsom-zouten)","product_condition":"new"},"_links":{"self":[{"href":"https:\/\/dosingpump.shop\/no\/wp-json\/wp\/v2\/product\/6165","targetHints":{"allow":["GET"]}}],"collection":[{"href":"https:\/\/dosingpump.shop\/no\/wp-json\/wp\/v2\/product"}],"about":[{"href":"https:\/\/dosingpump.shop\/no\/wp-json\/wp\/v2\/types\/product"}],"wp:featuredmedia":[{"embeddable":true,"href":"https:\/\/dosingpump.shop\/no\/wp-json\/wp\/v2\/media\/4432"}],"wp:attachment":[{"href":"https:\/\/dosingpump.shop\/no\/wp-json\/wp\/v2\/media?parent=6165"}],"wp:term":[{"taxonomy":"product_brand","embeddable":true,"href":"https:\/\/dosingpump.shop\/no\/wp-json\/wp\/v2\/product_brand?post=6165"},{"taxonomy":"product_cat","embeddable":true,"href":"https:\/\/dosingpump.shop\/no\/wp-json\/wp\/v2\/product_cat?post=6165"},{"taxonomy":"product_tag","embeddable":true,"href":"https:\/\/dosingpump.shop\/no\/wp-json\/wp\/v2\/product_tag?post=6165"}],"curies":[{"name":"wp","href":"https:\/\/api.w.org\/{rel}","templated":true}]}}