{"id":6247,"date":"2025-01-22T10:37:42","date_gmt":"2025-01-22T10:37:42","guid":{"rendered":"https:\/\/dosingpump.shop\/product\/doseerinstallatie-voor-kaliumhydroxide-bijtende-potas\/"},"modified":"2026-02-27T14:50:11","modified_gmt":"2026-02-27T12:50:11","slug":"doseringsanlegg-for-kaustisk-kaliumhydroksid","status":"publish","type":"product","link":"https:\/\/dosingpump.shop\/no\/product\/doseerinstallatie-voor-kaliumhydroxide-bijtende-potas\/","title":{"rendered":"Doseringsanlegg for kaliumhydroksid (kaustisk pottaske)"},"content":{"rendered":"<h3>Dispenser for kaliumhydroksid (kaustisk pottaske) - 50 liter<\/h3>\n<p>Med dette doseringssystemet for kaliumhydroksid (kaustisk kali) (KOH) har du alt du trenger for \u00e5 dosere kaliumhydroksid (kaustisk kali) p\u00e5 en sikker og effektiv m\u00e5te. Vi har naturligvis tenkt p\u00e5 kjemisk bestandighet, slik at de ulike komponentene har sv\u00e6rt lang levetid.<\/p>\n<p>Tankens kapasitet er 50 liter som standard. Tanken er utstyrt med en sugelanse som er koblet til doseringspumpen. Sugelansen har en niv\u00e5kontakt som sl\u00e5r av pumpen n\u00e5r tanken er tom. Dette er praktisk fordi det forhindrer at det kommer luft inn i r\u00f8rene. Doseringspumpen kan monteres p\u00e5 tanken. Komponentene til dette systemet leveres separat. Monteringen er enkel, og vi kan selvf\u00f8lgelig hjelpe deg med dette.<\/p>\n<h3>Innhold Doseringsanlegg for kaliumhydroksid (kaustisk pottaske)<\/h3>\n<ul>\n<li>50-liters tank egnet for kaliumhydroksid (kaustisk pottaske).<\/li>\n<li>Emec K CL PLUS 08-08 (8 l\/time - 8 bar) doseringspumpe med justerbar slaglengde og frekvens.<\/li>\n<li>sugelanse med niv\u00e5kontroll<\/li>\n<li>Innspr\u00f8ytningsventil og doseringsslange<\/li>\n<\/ul>\n<p>For dette klordoseringssystemet <b>valgfritt<\/b> tilgjengelig:<\/p>\n<ul>\n<li>St\u00f8rre tank tilgjengelig fra: 100, 200, 500 eller 1 000 liter<\/li>\n<li>Kapasitet p\u00e5 opptil 80 liter i timen, for pumper plassert direkte p\u00e5 tanken<\/li>\n<li>Kapasitet p\u00e5 opptil 1 000 liter i timen, for pumper plassert mot en vegg over tanken<\/li>\n<li>4-20 mA-kontroll<\/li>\n<li>Pumpe for tankfylling<\/li>\n<li>Omr\u00f8rer (manuell eller automatisk)<\/li>\n<li>Passende dryppbrett<\/li>\n<li>Leveres ferdig montert<\/li>\n<\/ul>","protected":false},"excerpt":{"rendered":"<p>Komplett doseringssystem for kaliumhydroksid (kaustisk kali), inkludert tank, sugelanse og doseringspumpe. Kapasitet 50 liter.<\/p>","protected":false},"featured_media":4432,"template":"","meta":[],"product_brand":[],"product_cat":[123],"product_tag":[],"class_list":{"0":"post-6247","1":"product","2":"type-product","3":"status-publish","4":"has-post-thumbnail","6":"product_cat-doseerinstallaties-voor-chemicalien","8":"first","9":"instock","10":"taxable","11":"shipping-taxable","12":"purchasable","13":"product-type-simple"},"yoast_head":"<!-- This site is optimized with the Yoast SEO plugin v27.2 - https:\/\/yoast.com\/product\/yoast-seo-wordpress\/ -->\n<title>Doseerinstallatie voor Kaliumhydroxide (bijtende potas) | Dosing Pump Shop B.V.<\/title>\n<meta name=\"description\" content=\"Complete Doseerinstallatie voor Kaliumhydroxide (bijtende potas) incl. tank, aanzuiglans en doseerpomp. Inhoud: 50 liter.\" \/>\n<meta name=\"robots\" content=\"index, follow, max-snippet:-1, max-image-preview:large, max-video-preview:-1\" \/>\n<link rel=\"canonical\" href=\"https:\/\/dosingpump.shop\/no\/produkt\/doseringsanlegg-for-kaustisk-kaliumhydroksid\/\" \/>\n<meta property=\"og:locale\" content=\"nb_NO\" \/>\n<meta property=\"og:type\" content=\"article\" \/>\n<meta property=\"og:title\" content=\"Doseerinstallatie voor Kaliumhydroxide (bijtende potas) | Dosing Pump Shop B.V.\" \/>\n<meta property=\"og:description\" content=\"Complete Doseerinstallatie voor Kaliumhydroxide (bijtende potas) incl. tank, aanzuiglans en doseerpomp. Inhoud: 50 liter.\" \/>\n<meta property=\"og:url\" content=\"https:\/\/dosingpump.shop\/no\/produkt\/doseringsanlegg-for-kaustisk-kaliumhydroksid\/\" \/>\n<meta property=\"og:site_name\" content=\"Dosing Pump Shop B.V.\" \/>\n<meta property=\"article:modified_time\" content=\"2026-02-27T12:50:11+00:00\" \/>\n<meta property=\"og:image\" content=\"https:\/\/dosingpump.shop\/wp-content\/uploads\/2024\/12\/waterstofperoxide-doseerinstallatie.webp\" \/>\n\t<meta property=\"og:image:width\" content=\"500\" \/>\n\t<meta property=\"og:image:height\" content=\"500\" \/>\n\t<meta property=\"og:image:type\" content=\"image\/webp\" \/>\n<meta name=\"twitter:card\" content=\"summary_large_image\" \/>\n<meta name=\"twitter:label1\" content=\"Pris\" \/>\n\t<meta name=\"twitter:data1\" content=\"&euro;757,00\" \/>\n\t<meta name=\"twitter:label2\" content=\"Tilgjengelighet\" \/>\n\t<meta name=\"twitter:data2\" content=\"P\u00e5 lager\" \/>\n<script type=\"application\/ld+json\" class=\"yoast-schema-graph\">{\"@context\":\"https:\/\/schema.org\",\"@graph\":[{\"@type\":\"WebPage\",\"@id\":\"https:\/\/dosingpump.shop\/product\/doseerinstallatie-voor-kaliumhydroxide-bijtende-potas\/\",\"url\":\"https:\/\/dosingpump.shop\/product\/doseerinstallatie-voor-kaliumhydroxide-bijtende-potas\/\",\"name\":\"Doseerinstallatie voor Kaliumhydroxide (bijtende potas) | Dosing Pump Shop B.V.\",\"isPartOf\":{\"@id\":\"https:\/\/dosingpump.shop\/de\/#website\"},\"primaryImageOfPage\":{\"@id\":\"https:\/\/dosingpump.shop\/product\/doseerinstallatie-voor-kaliumhydroxide-bijtende-potas\/#primaryimage\"},\"image\":{\"@id\":\"https:\/\/dosingpump.shop\/product\/doseerinstallatie-voor-kaliumhydroxide-bijtende-potas\/#primaryimage\"},\"thumbnailUrl\":\"https:\/\/dosingpump.shop\/wp-content\/uploads\/2024\/12\/waterstofperoxide-doseerinstallatie.webp\",\"datePublished\":\"2025-01-22T10:37:42+00:00\",\"dateModified\":\"2026-02-27T12:50:11+00:00\",\"description\":\"Complete Doseerinstallatie voor Kaliumhydroxide (bijtende potas) incl. tank, aanzuiglans en doseerpomp. Inhoud: 50 liter.\",\"breadcrumb\":{\"@id\":\"https:\/\/dosingpump.shop\/product\/doseerinstallatie-voor-kaliumhydroxide-bijtende-potas\/#breadcrumb\"},\"inLanguage\":\"nb-NO\",\"potentialAction\":[{\"@type\":\"ReadAction\",\"target\":[\"https:\/\/dosingpump.shop\/product\/doseerinstallatie-voor-kaliumhydroxide-bijtende-potas\/\"]}]},{\"@type\":\"ImageObject\",\"inLanguage\":\"nb-NO\",\"@id\":\"https:\/\/dosingpump.shop\/product\/doseerinstallatie-voor-kaliumhydroxide-bijtende-potas\/#primaryimage\",\"url\":\"https:\/\/dosingpump.shop\/wp-content\/uploads\/2024\/12\/waterstofperoxide-doseerinstallatie.webp\",\"contentUrl\":\"https:\/\/dosingpump.shop\/wp-content\/uploads\/2024\/12\/waterstofperoxide-doseerinstallatie.webp\",\"width\":500,\"height\":500},{\"@type\":\"BreadcrumbList\",\"@id\":\"https:\/\/dosingpump.shop\/product\/doseerinstallatie-voor-kaliumhydroxide-bijtende-potas\/#breadcrumb\",\"itemListElement\":[{\"@type\":\"ListItem\",\"position\":1,\"name\":\"Home\",\"item\":\"https:\/\/dosingpump.shop\/\"},{\"@type\":\"ListItem\",\"position\":2,\"name\":\"Shop\",\"item\":\"https:\/\/dosingpump.shop\/de\/shop\/\"},{\"@type\":\"ListItem\",\"position\":3,\"name\":\"Doseerinstallatie voor Kaliumhydroxide (bijtende potas)\"}]},{\"@type\":\"WebSite\",\"@id\":\"https:\/\/dosingpump.shop\/de\/#website\",\"url\":\"https:\/\/dosingpump.shop\/de\/\",\"name\":\"Dosing Pump Shop B.V.\",\"description\":\"\",\"publisher\":{\"@id\":\"https:\/\/dosingpump.shop\/de\/#organization\"},\"potentialAction\":[{\"@type\":\"SearchAction\",\"target\":{\"@type\":\"EntryPoint\",\"urlTemplate\":\"https:\/\/dosingpump.shop\/de\/?s={search_term_string}\"},\"query-input\":{\"@type\":\"PropertyValueSpecification\",\"valueRequired\":true,\"valueName\":\"search_term_string\"}}],\"inLanguage\":\"nb-NO\"},{\"@type\":\"Organization\",\"@id\":\"https:\/\/dosingpump.shop\/de\/#organization\",\"name\":\"Dosing Pump Shop B.V.\",\"url\":\"https:\/\/dosingpump.shop\/de\/\",\"logo\":{\"@type\":\"ImageObject\",\"inLanguage\":\"nb-NO\",\"@id\":\"https:\/\/dosingpump.shop\/de\/#\/schema\/logo\/image\/\",\"url\":\"https:\/\/dosingpump.shop\/wp-content\/uploads\/2024\/10\/Dosing-Pump-Shop-logo.png\",\"contentUrl\":\"https:\/\/dosingpump.shop\/wp-content\/uploads\/2024\/10\/Dosing-Pump-Shop-logo.png\",\"width\":350,\"height\":45,\"caption\":\"Dosing Pump Shop B.V.\"},\"image\":{\"@id\":\"https:\/\/dosingpump.shop\/de\/#\/schema\/logo\/image\/\"},\"sameAs\":[\"https:\/\/linkedin.com\/company\/dosing-pump-shop\"]}]}<\/script>\n<meta property=\"product:price:amount\" content=\"757.00\" \/>\n<meta property=\"product:price:currency\" content=\"EUR\" \/>\n<meta property=\"og:availability\" content=\"instock\" \/>\n<meta property=\"product:availability\" content=\"instock\" \/>\n<meta property=\"product:retailer_item_id\" content=\"doseerinstalatie-Kaliumhydroxide (bijtende potas)\" \/>\n<meta property=\"product:condition\" content=\"new\" \/>\n<!-- \/ Yoast SEO plugin. -->","yoast_head_json":{"title":"Doseringsanlegg for kaliumhydroksid (kaustisk pottaske) | Dosing Pump Shop B.V.","description":"Komplett doseringsanlegg for kaliumhydroksid (kaustisk kali) inkl. tank, sugelanse og doseringspumpe. Kapasitet: 50 liter.","robots":{"index":"index","follow":"follow","max-snippet":"max-snippet:-1","max-image-preview":"max-image-preview:large","max-video-preview":"max-video-preview:-1"},"canonical":"https:\/\/dosingpump.shop\/no\/produkt\/doseringsanlegg-for-kaustisk-kaliumhydroksid\/","og_locale":"nb_NO","og_type":"article","og_title":"Doseerinstallatie voor Kaliumhydroxide (bijtende potas) | Dosing Pump Shop B.V.","og_description":"Complete Doseerinstallatie voor Kaliumhydroxide (bijtende potas) incl. tank, aanzuiglans en doseerpomp. Inhoud: 50 liter.","og_url":"https:\/\/dosingpump.shop\/no\/produkt\/doseringsanlegg-for-kaustisk-kaliumhydroksid\/","og_site_name":"Dosing Pump Shop B.V.","article_modified_time":"2026-02-27T12:50:11+00:00","og_image":[{"width":500,"height":500,"url":"https:\/\/dosingpump.shop\/wp-content\/uploads\/2024\/12\/waterstofperoxide-doseerinstallatie.webp","type":"image\/webp"}],"twitter_card":"summary_large_image","twitter_misc":{"Pris":"&euro;757,00","Tilgjengelighet":"P\u00e5 lager"},"schema":{"@context":"https:\/\/schema.org","@graph":[{"@type":"WebPage","@id":"https:\/\/dosingpump.shop\/product\/doseerinstallatie-voor-kaliumhydroxide-bijtende-potas\/","url":"https:\/\/dosingpump.shop\/product\/doseerinstallatie-voor-kaliumhydroxide-bijtende-potas\/","name":"Doseringsanlegg for kaliumhydroksid (kaustisk pottaske) | Dosing Pump Shop B.V.","isPartOf":{"@id":"https:\/\/dosingpump.shop\/de\/#website"},"primaryImageOfPage":{"@id":"https:\/\/dosingpump.shop\/product\/doseerinstallatie-voor-kaliumhydroxide-bijtende-potas\/#primaryimage"},"image":{"@id":"https:\/\/dosingpump.shop\/product\/doseerinstallatie-voor-kaliumhydroxide-bijtende-potas\/#primaryimage"},"thumbnailUrl":"https:\/\/dosingpump.shop\/wp-content\/uploads\/2024\/12\/waterstofperoxide-doseerinstallatie.webp","datePublished":"2025-01-22T10:37:42+00:00","dateModified":"2026-02-27T12:50:11+00:00","description":"Komplett doseringsanlegg for kaliumhydroksid (kaustisk kali) inkl. tank, sugelanse og doseringspumpe. Kapasitet: 50 liter.","breadcrumb":{"@id":"https:\/\/dosingpump.shop\/product\/doseerinstallatie-voor-kaliumhydroxide-bijtende-potas\/#breadcrumb"},"inLanguage":"nb-NO","potentialAction":[{"@type":"ReadAction","target":["https:\/\/dosingpump.shop\/product\/doseerinstallatie-voor-kaliumhydroxide-bijtende-potas\/"]}]},{"@type":"ImageObject","inLanguage":"nb-NO","@id":"https:\/\/dosingpump.shop\/product\/doseerinstallatie-voor-kaliumhydroxide-bijtende-potas\/#primaryimage","url":"https:\/\/dosingpump.shop\/wp-content\/uploads\/2024\/12\/waterstofperoxide-doseerinstallatie.webp","contentUrl":"https:\/\/dosingpump.shop\/wp-content\/uploads\/2024\/12\/waterstofperoxide-doseerinstallatie.webp","width":500,"height":500},{"@type":"BreadcrumbList","@id":"https:\/\/dosingpump.shop\/product\/doseerinstallatie-voor-kaliumhydroxide-bijtende-potas\/#breadcrumb","itemListElement":[{"@type":"ListItem","position":1,"name":"Home","item":"https:\/\/dosingpump.shop\/"},{"@type":"ListItem","position":2,"name":"Shop","item":"https:\/\/dosingpump.shop\/de\/shop\/"},{"@type":"ListItem","position":3,"name":"Doseerinstallatie voor Kaliumhydroxide (bijtende potas)"}]},{"@type":"WebSite","@id":"https:\/\/dosingpump.shop\/de\/#website","url":"https:\/\/dosingpump.shop\/de\/","name":"Dosing Pump Shop B.V.","description":"","publisher":{"@id":"https:\/\/dosingpump.shop\/de\/#organization"},"potentialAction":[{"@type":"SearchAction","target":{"@type":"EntryPoint","urlTemplate":"https:\/\/dosingpump.shop\/de\/?s={search_term_string}"},"query-input":{"@type":"PropertyValueSpecification","valueRequired":true,"valueName":"search_term_string"}}],"inLanguage":"nb-NO"},{"@type":"Organization","@id":"https:\/\/dosingpump.shop\/de\/#organization","name":"Dosing Pump Shop B.V.","url":"https:\/\/dosingpump.shop\/de\/","logo":{"@type":"ImageObject","inLanguage":"nb-NO","@id":"https:\/\/dosingpump.shop\/de\/#\/schema\/logo\/image\/","url":"https:\/\/dosingpump.shop\/wp-content\/uploads\/2024\/10\/Dosing-Pump-Shop-logo.png","contentUrl":"https:\/\/dosingpump.shop\/wp-content\/uploads\/2024\/10\/Dosing-Pump-Shop-logo.png","width":350,"height":45,"caption":"Dosing Pump Shop B.V."},"image":{"@id":"https:\/\/dosingpump.shop\/de\/#\/schema\/logo\/image\/"},"sameAs":["https:\/\/linkedin.com\/company\/dosing-pump-shop"]}]},"product_price_amount":"757.00","product_price_currency":"EUR","og_availability":"instock","product_availability":"instock","product_retailer_item_id":"doseerinstalatie-Kaliumhydroxide (bijtende potas)","product_condition":"new"},"_links":{"self":[{"href":"https:\/\/dosingpump.shop\/no\/wp-json\/wp\/v2\/product\/6247","targetHints":{"allow":["GET"]}}],"collection":[{"href":"https:\/\/dosingpump.shop\/no\/wp-json\/wp\/v2\/product"}],"about":[{"href":"https:\/\/dosingpump.shop\/no\/wp-json\/wp\/v2\/types\/product"}],"wp:featuredmedia":[{"embeddable":true,"href":"https:\/\/dosingpump.shop\/no\/wp-json\/wp\/v2\/media\/4432"}],"wp:attachment":[{"href":"https:\/\/dosingpump.shop\/no\/wp-json\/wp\/v2\/media?parent=6247"}],"wp:term":[{"taxonomy":"product_brand","embeddable":true,"href":"https:\/\/dosingpump.shop\/no\/wp-json\/wp\/v2\/product_brand?post=6247"},{"taxonomy":"product_cat","embeddable":true,"href":"https:\/\/dosingpump.shop\/no\/wp-json\/wp\/v2\/product_cat?post=6247"},{"taxonomy":"product_tag","embeddable":true,"href":"https:\/\/dosingpump.shop\/no\/wp-json\/wp\/v2\/product_tag?post=6247"}],"curies":[{"name":"wp","href":"https:\/\/api.w.org\/{rel}","templated":true}]}}