{"id":7588,"date":"2025-07-01T12:05:35","date_gmt":"2025-07-01T10:05:35","guid":{"rendered":"https:\/\/dosingpump.shop\/product\/pompkop-b-g-ppfpce\/"},"modified":"2026-03-10T23:21:34","modified_gmt":"2026-03-10T22:21:34","slug":"pumpehode-b-g-ppfpce","status":"publish","type":"product","link":"https:\/\/dosingpump.shop\/no\/product\/pompkop-b-g-ppfpce\/","title":{"rendered":"Pumpehode B \"G\" PP+FP+CE"},"content":{"rendered":"<p>Emecs pumpehoder er de avgj\u00f8rende komponentene som sikrer n\u00f8yaktig og p\u00e5litelig dosering av v\u00e6sker i en lang rekke industrielle og kommersielle bruksomr\u00e5der. De er det viktigste driftsmessige midtpunktet i ethvert Emec-doseringssystem, og hver eneste detalj er utformet for \u00e5 sikre maksimal effektivitet og holdbarhet.<\/p>\n<p>Disse pumpehodene er produsert av materialer av h\u00f8y kvalitet som er spesielt utvalgt i henhold til v\u00e6sken som skal dispenseres, enten det er aggressive kjemikalier, tyktflytende l\u00f8sninger eller \u00f8mfintlige reagenser. Dette sikrer eksepsjonell kjemikaliebestandighet og lang levetid, selv under de mest krevende forhold. Den gjennomtenkte interne utformingen minimerer slitasje og optimaliserer v\u00e6skestr\u00f8mmen, noe som resulterer i jevn og reproduserbar dispensering.<\/p>\n<p>Presisjonen til pumpehodene er avgj\u00f8rende for prosesser der hver dr\u00e5pe teller. De garanterer kontrollert og stabil dosering, noe som er avgj\u00f8rende for kvalitetskontroll, effektiv bruk av r\u00e5materialer og overholdelse av prosessparametere. Emec tilbyr et mangfold av pumpehoder med ulike str\u00f8mningshastigheter og trykk, noe som gj\u00f8r dem egnet for et bredt spekter av bruksomr\u00e5der, fra vannbehandling og kjemiske prosesser til landbruk og n\u00e6ringsmiddelindustri.<\/p>\n<p>Kort sagt er Emecs pumpehoder det uunnv\u00e6rlige leddet som sikrer p\u00e5liteligheten og n\u00f8yaktigheten i doseringsprosessene dine, noe som bidrar betydelig til systemets samlede ytelse og effektivitet.<\/p>","protected":false},"excerpt":{"rendered":"<ul>\n<li>Laget av materialer av h\u00f8y kvalitet<\/li>\n<li>For presis og p\u00e5litelig dosering<\/li>\n<li>Egnet for emec-doseringspumper<\/li>\n<\/ul>\n<p>Finner du ikke ut av det? Ta kontakt med oss, vi er klare til \u00e5 hjelpe deg.<\/p>","protected":false},"featured_media":7711,"template":"","meta":[],"product_brand":[],"product_cat":[236],"product_tag":[],"class_list":{"0":"post-7588","1":"product","2":"type-product","3":"status-publish","4":"has-post-thumbnail","6":"product_cat-pompkoppen","8":"first","9":"instock","10":"taxable","11":"shipping-taxable","12":"product-type-simple"},"yoast_head":"<!-- This site is optimized with the Yoast SEO plugin v27.2 - https:\/\/yoast.com\/product\/yoast-seo-wordpress\/ -->\n<title>Pompkop B &quot;G&quot; PP+FP+CE - Dosing Pump Shop B.V.<\/title>\n<meta name=\"robots\" content=\"index, follow, max-snippet:-1, max-image-preview:large, max-video-preview:-1\" \/>\n<link rel=\"canonical\" href=\"https:\/\/dosingpump.shop\/no\/produkt\/pumpehode-b-g-ppfpce\/\" \/>\n<meta property=\"og:locale\" content=\"nb_NO\" \/>\n<meta property=\"og:type\" content=\"article\" \/>\n<meta property=\"og:title\" content=\"Pompkop B &quot;G&quot; PP+FP+CE - Dosing Pump Shop B.V.\" \/>\n<meta property=\"og:description\" content=\"Gemaakt van hoogwaardige materialen  Voor nauwkeurige en betrouwbare dosering  Geschikt voor emec doseerpompen  Kom je er niet aan uit? Neem dan contact op wij staan klaar om u te helpen.\" \/>\n<meta property=\"og:url\" content=\"https:\/\/dosingpump.shop\/no\/produkt\/pumpehode-b-g-ppfpce\/\" \/>\n<meta property=\"og:site_name\" content=\"Dosing Pump Shop B.V.\" \/>\n<meta property=\"article:modified_time\" content=\"2026-03-10T22:21:34+00:00\" \/>\n<meta property=\"og:image\" content=\"https:\/\/dosingpump.shop\/wp-content\/uploads\/2025\/07\/Emec-Pumphead-PP.webp\" \/>\n\t<meta property=\"og:image:width\" content=\"500\" \/>\n\t<meta property=\"og:image:height\" content=\"500\" \/>\n\t<meta property=\"og:image:type\" content=\"image\/webp\" \/>\n<meta name=\"twitter:card\" content=\"summary_large_image\" \/>\n<meta name=\"twitter:label1\" content=\"Pris\" \/>\n\t<meta name=\"twitter:data1\" content=\"\" \/>\n\t<meta name=\"twitter:label2\" content=\"Tilgjengelighet\" \/>\n\t<meta name=\"twitter:data2\" content=\"P\u00e5 lager\" \/>\n<script type=\"application\/ld+json\" class=\"yoast-schema-graph\">{\"@context\":\"https:\/\/schema.org\",\"@graph\":[{\"@type\":\"WebPage\",\"@id\":\"https:\/\/dosingpump.shop\/cz\/produkt-2\/hlava-cerpadla-b-g-ppfpce\/\",\"url\":\"https:\/\/dosingpump.shop\/cz\/produkt-2\/hlava-cerpadla-b-g-ppfpce\/\",\"name\":\"Pompkop B \\\"G\\\" PP+FP+CE - Dosing Pump Shop B.V.\",\"isPartOf\":{\"@id\":\"https:\/\/dosingpump.shop\/de\/#website\"},\"primaryImageOfPage\":{\"@id\":\"https:\/\/dosingpump.shop\/cz\/produkt-2\/hlava-cerpadla-b-g-ppfpce\/#primaryimage\"},\"image\":{\"@id\":\"https:\/\/dosingpump.shop\/cz\/produkt-2\/hlava-cerpadla-b-g-ppfpce\/#primaryimage\"},\"thumbnailUrl\":\"https:\/\/dosingpump.shop\/wp-content\/uploads\/2025\/07\/Emec-Pumphead-PP.webp\",\"datePublished\":\"2025-07-01T10:05:35+00:00\",\"dateModified\":\"2026-03-10T22:21:34+00:00\",\"breadcrumb\":{\"@id\":\"https:\/\/dosingpump.shop\/cz\/produkt-2\/hlava-cerpadla-b-g-ppfpce\/#breadcrumb\"},\"inLanguage\":\"nb-NO\",\"potentialAction\":[{\"@type\":\"ReadAction\",\"target\":[\"https:\/\/dosingpump.shop\/cz\/produkt-2\/hlava-cerpadla-b-g-ppfpce\/\"]}]},{\"@type\":\"ImageObject\",\"inLanguage\":\"nb-NO\",\"@id\":\"https:\/\/dosingpump.shop\/cz\/produkt-2\/hlava-cerpadla-b-g-ppfpce\/#primaryimage\",\"url\":\"https:\/\/dosingpump.shop\/wp-content\/uploads\/2025\/07\/Emec-Pumphead-PP.webp\",\"contentUrl\":\"https:\/\/dosingpump.shop\/wp-content\/uploads\/2025\/07\/Emec-Pumphead-PP.webp\",\"width\":500,\"height\":500},{\"@type\":\"BreadcrumbList\",\"@id\":\"https:\/\/dosingpump.shop\/cz\/produkt-2\/hlava-cerpadla-b-g-ppfpce\/#breadcrumb\",\"itemListElement\":[{\"@type\":\"ListItem\",\"position\":1,\"name\":\"Home\",\"item\":\"https:\/\/dosingpump.shop\/\"},{\"@type\":\"ListItem\",\"position\":2,\"name\":\"Shop\",\"item\":\"https:\/\/dosingpump.shop\/de\/shop\/\"},{\"@type\":\"ListItem\",\"position\":3,\"name\":\"Pompkop B &#8220;G&#8221; PP+FP+CE\"}]},{\"@type\":\"WebSite\",\"@id\":\"https:\/\/dosingpump.shop\/de\/#website\",\"url\":\"https:\/\/dosingpump.shop\/de\/\",\"name\":\"Dosing Pump Shop B.V.\",\"description\":\"\",\"publisher\":{\"@id\":\"https:\/\/dosingpump.shop\/de\/#organization\"},\"potentialAction\":[{\"@type\":\"SearchAction\",\"target\":{\"@type\":\"EntryPoint\",\"urlTemplate\":\"https:\/\/dosingpump.shop\/de\/?s={search_term_string}\"},\"query-input\":{\"@type\":\"PropertyValueSpecification\",\"valueRequired\":true,\"valueName\":\"search_term_string\"}}],\"inLanguage\":\"nb-NO\"},{\"@type\":\"Organization\",\"@id\":\"https:\/\/dosingpump.shop\/de\/#organization\",\"name\":\"Dosing Pump Shop B.V.\",\"url\":\"https:\/\/dosingpump.shop\/de\/\",\"logo\":{\"@type\":\"ImageObject\",\"inLanguage\":\"nb-NO\",\"@id\":\"https:\/\/dosingpump.shop\/de\/#\/schema\/logo\/image\/\",\"url\":\"https:\/\/dosingpump.shop\/wp-content\/uploads\/2024\/10\/Dosing-Pump-Shop-logo.png\",\"contentUrl\":\"https:\/\/dosingpump.shop\/wp-content\/uploads\/2024\/10\/Dosing-Pump-Shop-logo.png\",\"width\":350,\"height\":45,\"caption\":\"Dosing Pump Shop B.V.\"},\"image\":{\"@id\":\"https:\/\/dosingpump.shop\/de\/#\/schema\/logo\/image\/\"},\"sameAs\":[\"https:\/\/linkedin.com\/company\/dosing-pump-shop\"]}]}<\/script>\n<meta property=\"product:price:currency\" content=\"EUR\" \/>\n<meta property=\"og:availability\" content=\"instock\" \/>\n<meta property=\"product:availability\" content=\"instock\" \/>\n<meta property=\"product:retailer_item_id\" content=\"020.0407.1\" \/>\n<meta property=\"product:condition\" content=\"new\" \/>\n<!-- \/ Yoast SEO plugin. -->","yoast_head_json":{"title":"Pumpehode B \"G\" PP+FP+CE - Dosing Pump Shop B.V.","robots":{"index":"index","follow":"follow","max-snippet":"max-snippet:-1","max-image-preview":"max-image-preview:large","max-video-preview":"max-video-preview:-1"},"canonical":"https:\/\/dosingpump.shop\/no\/produkt\/pumpehode-b-g-ppfpce\/","og_locale":"nb_NO","og_type":"article","og_title":"Pompkop B \"G\" PP+FP+CE - Dosing Pump Shop B.V.","og_description":"Gemaakt van hoogwaardige materialen  Voor nauwkeurige en betrouwbare dosering  Geschikt voor emec doseerpompen  Kom je er niet aan uit? Neem dan contact op wij staan klaar om u te helpen.","og_url":"https:\/\/dosingpump.shop\/no\/produkt\/pumpehode-b-g-ppfpce\/","og_site_name":"Dosing Pump Shop B.V.","article_modified_time":"2026-03-10T22:21:34+00:00","og_image":[{"width":500,"height":500,"url":"https:\/\/dosingpump.shop\/wp-content\/uploads\/2025\/07\/Emec-Pumphead-PP.webp","type":"image\/webp"}],"twitter_card":"summary_large_image","twitter_misc":{"Pris":"","Tilgjengelighet":"P\u00e5 lager"},"schema":{"@context":"https:\/\/schema.org","@graph":[{"@type":"WebPage","@id":"https:\/\/dosingpump.shop\/cz\/produkt-2\/hlava-cerpadla-b-g-ppfpce\/","url":"https:\/\/dosingpump.shop\/cz\/produkt-2\/hlava-cerpadla-b-g-ppfpce\/","name":"Pumpehode B \"G\" PP+FP+CE - Dosing Pump Shop B.V.","isPartOf":{"@id":"https:\/\/dosingpump.shop\/de\/#website"},"primaryImageOfPage":{"@id":"https:\/\/dosingpump.shop\/cz\/produkt-2\/hlava-cerpadla-b-g-ppfpce\/#primaryimage"},"image":{"@id":"https:\/\/dosingpump.shop\/cz\/produkt-2\/hlava-cerpadla-b-g-ppfpce\/#primaryimage"},"thumbnailUrl":"https:\/\/dosingpump.shop\/wp-content\/uploads\/2025\/07\/Emec-Pumphead-PP.webp","datePublished":"2025-07-01T10:05:35+00:00","dateModified":"2026-03-10T22:21:34+00:00","breadcrumb":{"@id":"https:\/\/dosingpump.shop\/cz\/produkt-2\/hlava-cerpadla-b-g-ppfpce\/#breadcrumb"},"inLanguage":"nb-NO","potentialAction":[{"@type":"ReadAction","target":["https:\/\/dosingpump.shop\/cz\/produkt-2\/hlava-cerpadla-b-g-ppfpce\/"]}]},{"@type":"ImageObject","inLanguage":"nb-NO","@id":"https:\/\/dosingpump.shop\/cz\/produkt-2\/hlava-cerpadla-b-g-ppfpce\/#primaryimage","url":"https:\/\/dosingpump.shop\/wp-content\/uploads\/2025\/07\/Emec-Pumphead-PP.webp","contentUrl":"https:\/\/dosingpump.shop\/wp-content\/uploads\/2025\/07\/Emec-Pumphead-PP.webp","width":500,"height":500},{"@type":"BreadcrumbList","@id":"https:\/\/dosingpump.shop\/cz\/produkt-2\/hlava-cerpadla-b-g-ppfpce\/#breadcrumb","itemListElement":[{"@type":"ListItem","position":1,"name":"Home","item":"https:\/\/dosingpump.shop\/"},{"@type":"ListItem","position":2,"name":"Shop","item":"https:\/\/dosingpump.shop\/de\/shop\/"},{"@type":"ListItem","position":3,"name":"Pompkop B &#8220;G&#8221; PP+FP+CE"}]},{"@type":"WebSite","@id":"https:\/\/dosingpump.shop\/de\/#website","url":"https:\/\/dosingpump.shop\/de\/","name":"Dosing Pump Shop B.V.","description":"","publisher":{"@id":"https:\/\/dosingpump.shop\/de\/#organization"},"potentialAction":[{"@type":"SearchAction","target":{"@type":"EntryPoint","urlTemplate":"https:\/\/dosingpump.shop\/de\/?s={search_term_string}"},"query-input":{"@type":"PropertyValueSpecification","valueRequired":true,"valueName":"search_term_string"}}],"inLanguage":"nb-NO"},{"@type":"Organization","@id":"https:\/\/dosingpump.shop\/de\/#organization","name":"Dosing Pump Shop B.V.","url":"https:\/\/dosingpump.shop\/de\/","logo":{"@type":"ImageObject","inLanguage":"nb-NO","@id":"https:\/\/dosingpump.shop\/de\/#\/schema\/logo\/image\/","url":"https:\/\/dosingpump.shop\/wp-content\/uploads\/2024\/10\/Dosing-Pump-Shop-logo.png","contentUrl":"https:\/\/dosingpump.shop\/wp-content\/uploads\/2024\/10\/Dosing-Pump-Shop-logo.png","width":350,"height":45,"caption":"Dosing Pump Shop B.V."},"image":{"@id":"https:\/\/dosingpump.shop\/de\/#\/schema\/logo\/image\/"},"sameAs":["https:\/\/linkedin.com\/company\/dosing-pump-shop"]}]},"product_price_currency":"EUR","og_availability":"instock","product_availability":"instock","product_retailer_item_id":"020.0407.1","product_condition":"new"},"_links":{"self":[{"href":"https:\/\/dosingpump.shop\/no\/wp-json\/wp\/v2\/product\/7588","targetHints":{"allow":["GET"]}}],"collection":[{"href":"https:\/\/dosingpump.shop\/no\/wp-json\/wp\/v2\/product"}],"about":[{"href":"https:\/\/dosingpump.shop\/no\/wp-json\/wp\/v2\/types\/product"}],"wp:featuredmedia":[{"embeddable":true,"href":"https:\/\/dosingpump.shop\/no\/wp-json\/wp\/v2\/media\/7711"}],"wp:attachment":[{"href":"https:\/\/dosingpump.shop\/no\/wp-json\/wp\/v2\/media?parent=7588"}],"wp:term":[{"taxonomy":"product_brand","embeddable":true,"href":"https:\/\/dosingpump.shop\/no\/wp-json\/wp\/v2\/product_brand?post=7588"},{"taxonomy":"product_cat","embeddable":true,"href":"https:\/\/dosingpump.shop\/no\/wp-json\/wp\/v2\/product_cat?post=7588"},{"taxonomy":"product_tag","embeddable":true,"href":"https:\/\/dosingpump.shop\/no\/wp-json\/wp\/v2\/product_tag?post=7588"}],"curies":[{"name":"wp","href":"https:\/\/api.w.org\/{rel}","templated":true}]}}