{"id":8555,"date":"2025-11-28T13:36:29","date_gmt":"2025-11-28T11:36:29","guid":{"rendered":"https:\/\/dosingpump.shop\/?post_type=product&#038;p=8555"},"modified":"2026-02-27T14:50:54","modified_gmt":"2026-02-27T12:50:54","slug":"emec-membran-ptfe-for-pumpehode-pcs-k-pumpe-f-c-v","status":"publish","type":"product","link":"https:\/\/dosingpump.shop\/no\/product\/emec-diaphragm-ptfe-for-pump-head-pcs-k-pump-f-c-v\/","title":{"rendered":"Emec DIAPHRAGM (PTFE) for pumpehode \"PCS\" \/ \"K\" (pumpe F\/C\/V)"},"content":{"rendered":"<p data-path-to-node=\"3\">Den <b>Emec PTFE-membran<\/b> utgj\u00f8r det bankende hjertet i Emec-doseringspumpen din og er konstruert for maksimal holdbarhet og kjemikalieresistens. I motsetning til konvensjonelle laminerte membraner, som ofte best\u00e5r av en gummikjerne med et tynt belegg, er Emec-membranen produsert av <b>fast PTFE (teflon)<\/b>.<\/p>\n<p data-path-to-node=\"4\">Denne unike produksjonsprosessen og det spesifikke materialvalget sikrer at membranen er ekstremt slitesterk. Fordi den best\u00e5r av ett solid stykke materiale, er delaminering (det vil si at lagene l\u00f8sner) umulig, noe som forlenger levetiden betydelig sammenlignet med standardmembraner. Takket v\u00e6re PTFE-membranens overlegne egenskaper er denne membranen motstandsdyktig mot praktisk talt alle aggressive kjemikalier, syrer og baser, noe som gj\u00f8r den universelt anvendelig i en rekke ulike industrielle applikasjoner.<\/p>\n<p data-path-to-node=\"5\">Membranen er fleksibel nok til \u00e5 f\u00f8lge elektromagnetens raske slagbevegelse, men sterk nok til \u00e5 sikre n\u00f8yaktig og konstant dosering i \u00e5revis uten tap av kapasitet.<\/p>","protected":false},"excerpt":{"rendered":"<ul>\n<li>PTFE-membran<\/li>\n<li>Fleksibel for \u00e5 f\u00f8lge elektromagnetens raske slagbevegelse<\/li>\n<\/ul>\n<p>Vil du ha hjelp til \u00e5 velge riktig produkt? Ta kontakt med oss.<\/p>","protected":false},"featured_media":8560,"template":"","meta":[],"product_brand":[],"product_cat":[348,30],"product_tag":[],"class_list":{"0":"post-8555","1":"product","2":"type-product","3":"status-publish","4":"has-post-thumbnail","6":"product_cat-diaphragms","7":"product_cat-spare-parts","9":"first","10":"instock","11":"taxable","12":"shipping-taxable","13":"purchasable","14":"product-type-simple"},"yoast_head":"<!-- This site is optimized with the Yoast SEO plugin v27.2 - https:\/\/yoast.com\/product\/yoast-seo-wordpress\/ -->\n<title>Emec DIAPHRAGM (PTFE) for pump head \u201cPCS\u201d \/ \u201dK\u201d (pump F\/C\/V) - Dosing Pump Shop B.V.<\/title>\n<meta name=\"robots\" content=\"index, follow, max-snippet:-1, max-image-preview:large, max-video-preview:-1\" \/>\n<link rel=\"canonical\" href=\"https:\/\/dosingpump.shop\/no\/produkt\/emec-membran-ptfe-for-pumpehode-pcs-k-pumpe-f-c-v\/\" \/>\n<meta property=\"og:locale\" content=\"nb_NO\" \/>\n<meta property=\"og:type\" content=\"article\" \/>\n<meta property=\"og:title\" content=\"Emec DIAPHRAGM (PTFE) for pump head \u201cPCS\u201d \/ \u201dK\u201d (pump F\/C\/V) - Dosing Pump Shop B.V.\" \/>\n<meta property=\"og:description\" content=\"PTFE Membraan  Flexibel om snelle slagbeweging van de elektromagneet te volgen  Wilt u help bij het kiezen van het juiste product? Neem dan contact met ons op.\" \/>\n<meta property=\"og:url\" content=\"https:\/\/dosingpump.shop\/no\/produkt\/emec-membran-ptfe-for-pumpehode-pcs-k-pumpe-f-c-v\/\" \/>\n<meta property=\"og:site_name\" content=\"Dosing Pump Shop B.V.\" \/>\n<meta property=\"article:modified_time\" content=\"2026-02-27T12:50:54+00:00\" \/>\n<meta property=\"og:image\" content=\"https:\/\/dosingpump.shop\/wp-content\/uploads\/2025\/11\/Diaphrama-1.png\" \/>\n\t<meta property=\"og:image:width\" content=\"500\" \/>\n\t<meta property=\"og:image:height\" content=\"500\" \/>\n\t<meta property=\"og:image:type\" content=\"image\/png\" \/>\n<meta name=\"twitter:card\" content=\"summary_large_image\" \/>\n<meta name=\"twitter:label1\" content=\"Pris\" \/>\n\t<meta name=\"twitter:data1\" content=\"&euro;15,00\" \/>\n\t<meta name=\"twitter:label2\" content=\"Tilgjengelighet\" \/>\n\t<meta name=\"twitter:data2\" content=\"P\u00e5 lager\" \/>\n<script type=\"application\/ld+json\" class=\"yoast-schema-graph\">{\"@context\":\"https:\/\/schema.org\",\"@graph\":[{\"@type\":\"WebPage\",\"@id\":\"https:\/\/dosingpump.shop\/product\/emec-diaphragm-ptfe-for-pump-head-pcs-k-pump-f-c-v\/\",\"url\":\"https:\/\/dosingpump.shop\/product\/emec-diaphragm-ptfe-for-pump-head-pcs-k-pump-f-c-v\/\",\"name\":\"Emec DIAPHRAGM (PTFE) for pump head \u201cPCS\u201d \/ \u201dK\u201d (pump F\/C\/V) - Dosing Pump Shop B.V.\",\"isPartOf\":{\"@id\":\"https:\/\/dosingpump.shop\/de\/#website\"},\"primaryImageOfPage\":{\"@id\":\"https:\/\/dosingpump.shop\/product\/emec-diaphragm-ptfe-for-pump-head-pcs-k-pump-f-c-v\/#primaryimage\"},\"image\":{\"@id\":\"https:\/\/dosingpump.shop\/product\/emec-diaphragm-ptfe-for-pump-head-pcs-k-pump-f-c-v\/#primaryimage\"},\"thumbnailUrl\":\"https:\/\/dosingpump.shop\/wp-content\/uploads\/2025\/11\/Diaphrama-1.png\",\"datePublished\":\"2025-11-28T11:36:29+00:00\",\"dateModified\":\"2026-02-27T12:50:54+00:00\",\"breadcrumb\":{\"@id\":\"https:\/\/dosingpump.shop\/product\/emec-diaphragm-ptfe-for-pump-head-pcs-k-pump-f-c-v\/#breadcrumb\"},\"inLanguage\":\"nb-NO\",\"potentialAction\":[{\"@type\":\"ReadAction\",\"target\":[\"https:\/\/dosingpump.shop\/product\/emec-diaphragm-ptfe-for-pump-head-pcs-k-pump-f-c-v\/\"]}]},{\"@type\":\"ImageObject\",\"inLanguage\":\"nb-NO\",\"@id\":\"https:\/\/dosingpump.shop\/product\/emec-diaphragm-ptfe-for-pump-head-pcs-k-pump-f-c-v\/#primaryimage\",\"url\":\"https:\/\/dosingpump.shop\/wp-content\/uploads\/2025\/11\/Diaphrama-1.png\",\"contentUrl\":\"https:\/\/dosingpump.shop\/wp-content\/uploads\/2025\/11\/Diaphrama-1.png\",\"width\":500,\"height\":500},{\"@type\":\"BreadcrumbList\",\"@id\":\"https:\/\/dosingpump.shop\/product\/emec-diaphragm-ptfe-for-pump-head-pcs-k-pump-f-c-v\/#breadcrumb\",\"itemListElement\":[{\"@type\":\"ListItem\",\"position\":1,\"name\":\"Home\",\"item\":\"https:\/\/dosingpump.shop\/\"},{\"@type\":\"ListItem\",\"position\":2,\"name\":\"Shop\",\"item\":\"https:\/\/dosingpump.shop\/de\/shop\/\"},{\"@type\":\"ListItem\",\"position\":3,\"name\":\"Emec DIAPHRAGM (PTFE) for pump head \u201cPCS\u201d \/ \u201dK\u201d (pump F\/C\/V)\"}]},{\"@type\":\"WebSite\",\"@id\":\"https:\/\/dosingpump.shop\/de\/#website\",\"url\":\"https:\/\/dosingpump.shop\/de\/\",\"name\":\"Dosing Pump Shop B.V.\",\"description\":\"\",\"publisher\":{\"@id\":\"https:\/\/dosingpump.shop\/de\/#organization\"},\"potentialAction\":[{\"@type\":\"SearchAction\",\"target\":{\"@type\":\"EntryPoint\",\"urlTemplate\":\"https:\/\/dosingpump.shop\/de\/?s={search_term_string}\"},\"query-input\":{\"@type\":\"PropertyValueSpecification\",\"valueRequired\":true,\"valueName\":\"search_term_string\"}}],\"inLanguage\":\"nb-NO\"},{\"@type\":\"Organization\",\"@id\":\"https:\/\/dosingpump.shop\/de\/#organization\",\"name\":\"Dosing Pump Shop B.V.\",\"url\":\"https:\/\/dosingpump.shop\/de\/\",\"logo\":{\"@type\":\"ImageObject\",\"inLanguage\":\"nb-NO\",\"@id\":\"https:\/\/dosingpump.shop\/de\/#\/schema\/logo\/image\/\",\"url\":\"https:\/\/dosingpump.shop\/wp-content\/uploads\/2024\/10\/Dosing-Pump-Shop-logo.png\",\"contentUrl\":\"https:\/\/dosingpump.shop\/wp-content\/uploads\/2024\/10\/Dosing-Pump-Shop-logo.png\",\"width\":350,\"height\":45,\"caption\":\"Dosing Pump Shop B.V.\"},\"image\":{\"@id\":\"https:\/\/dosingpump.shop\/de\/#\/schema\/logo\/image\/\"},\"sameAs\":[\"https:\/\/linkedin.com\/company\/dosing-pump-shop\"]}]}<\/script>\n<meta property=\"product:price:amount\" content=\"15.00\" \/>\n<meta property=\"product:price:currency\" content=\"EUR\" \/>\n<meta property=\"og:availability\" content=\"instock\" \/>\n<meta property=\"product:availability\" content=\"instock\" \/>\n<meta property=\"product:retailer_item_id\" content=\"01800010\" \/>\n<meta property=\"product:condition\" content=\"new\" \/>\n<!-- \/ Yoast SEO plugin. -->","yoast_head_json":{"title":"Emec DIAPHRAGM (PTFE) for pumpehode \"PCS\" \/ \"K\" (pumpe F\/C\/V) - Dosing Pump Shop B.V.","robots":{"index":"index","follow":"follow","max-snippet":"max-snippet:-1","max-image-preview":"max-image-preview:large","max-video-preview":"max-video-preview:-1"},"canonical":"https:\/\/dosingpump.shop\/no\/produkt\/emec-membran-ptfe-for-pumpehode-pcs-k-pumpe-f-c-v\/","og_locale":"nb_NO","og_type":"article","og_title":"Emec DIAPHRAGM (PTFE) for pump head \u201cPCS\u201d \/ \u201dK\u201d (pump F\/C\/V) - Dosing Pump Shop B.V.","og_description":"PTFE Membraan  Flexibel om snelle slagbeweging van de elektromagneet te volgen  Wilt u help bij het kiezen van het juiste product? Neem dan contact met ons op.","og_url":"https:\/\/dosingpump.shop\/no\/produkt\/emec-membran-ptfe-for-pumpehode-pcs-k-pumpe-f-c-v\/","og_site_name":"Dosing Pump Shop B.V.","article_modified_time":"2026-02-27T12:50:54+00:00","og_image":[{"width":500,"height":500,"url":"https:\/\/dosingpump.shop\/wp-content\/uploads\/2025\/11\/Diaphrama-1.png","type":"image\/png"}],"twitter_card":"summary_large_image","twitter_misc":{"Pris":"&euro;15,00","Tilgjengelighet":"P\u00e5 lager"},"schema":{"@context":"https:\/\/schema.org","@graph":[{"@type":"WebPage","@id":"https:\/\/dosingpump.shop\/product\/emec-diaphragm-ptfe-for-pump-head-pcs-k-pump-f-c-v\/","url":"https:\/\/dosingpump.shop\/product\/emec-diaphragm-ptfe-for-pump-head-pcs-k-pump-f-c-v\/","name":"Emec DIAPHRAGM (PTFE) for pumpehode \"PCS\" \/ \"K\" (pumpe F\/C\/V) - Dosing Pump Shop B.V.","isPartOf":{"@id":"https:\/\/dosingpump.shop\/de\/#website"},"primaryImageOfPage":{"@id":"https:\/\/dosingpump.shop\/product\/emec-diaphragm-ptfe-for-pump-head-pcs-k-pump-f-c-v\/#primaryimage"},"image":{"@id":"https:\/\/dosingpump.shop\/product\/emec-diaphragm-ptfe-for-pump-head-pcs-k-pump-f-c-v\/#primaryimage"},"thumbnailUrl":"https:\/\/dosingpump.shop\/wp-content\/uploads\/2025\/11\/Diaphrama-1.png","datePublished":"2025-11-28T11:36:29+00:00","dateModified":"2026-02-27T12:50:54+00:00","breadcrumb":{"@id":"https:\/\/dosingpump.shop\/product\/emec-diaphragm-ptfe-for-pump-head-pcs-k-pump-f-c-v\/#breadcrumb"},"inLanguage":"nb-NO","potentialAction":[{"@type":"ReadAction","target":["https:\/\/dosingpump.shop\/product\/emec-diaphragm-ptfe-for-pump-head-pcs-k-pump-f-c-v\/"]}]},{"@type":"ImageObject","inLanguage":"nb-NO","@id":"https:\/\/dosingpump.shop\/product\/emec-diaphragm-ptfe-for-pump-head-pcs-k-pump-f-c-v\/#primaryimage","url":"https:\/\/dosingpump.shop\/wp-content\/uploads\/2025\/11\/Diaphrama-1.png","contentUrl":"https:\/\/dosingpump.shop\/wp-content\/uploads\/2025\/11\/Diaphrama-1.png","width":500,"height":500},{"@type":"BreadcrumbList","@id":"https:\/\/dosingpump.shop\/product\/emec-diaphragm-ptfe-for-pump-head-pcs-k-pump-f-c-v\/#breadcrumb","itemListElement":[{"@type":"ListItem","position":1,"name":"Home","item":"https:\/\/dosingpump.shop\/"},{"@type":"ListItem","position":2,"name":"Shop","item":"https:\/\/dosingpump.shop\/de\/shop\/"},{"@type":"ListItem","position":3,"name":"Emec DIAPHRAGM (PTFE) for pump head \u201cPCS\u201d \/ \u201dK\u201d (pump F\/C\/V)"}]},{"@type":"WebSite","@id":"https:\/\/dosingpump.shop\/de\/#website","url":"https:\/\/dosingpump.shop\/de\/","name":"Dosing Pump Shop B.V.","description":"","publisher":{"@id":"https:\/\/dosingpump.shop\/de\/#organization"},"potentialAction":[{"@type":"SearchAction","target":{"@type":"EntryPoint","urlTemplate":"https:\/\/dosingpump.shop\/de\/?s={search_term_string}"},"query-input":{"@type":"PropertyValueSpecification","valueRequired":true,"valueName":"search_term_string"}}],"inLanguage":"nb-NO"},{"@type":"Organization","@id":"https:\/\/dosingpump.shop\/de\/#organization","name":"Dosing Pump Shop B.V.","url":"https:\/\/dosingpump.shop\/de\/","logo":{"@type":"ImageObject","inLanguage":"nb-NO","@id":"https:\/\/dosingpump.shop\/de\/#\/schema\/logo\/image\/","url":"https:\/\/dosingpump.shop\/wp-content\/uploads\/2024\/10\/Dosing-Pump-Shop-logo.png","contentUrl":"https:\/\/dosingpump.shop\/wp-content\/uploads\/2024\/10\/Dosing-Pump-Shop-logo.png","width":350,"height":45,"caption":"Dosing Pump Shop B.V."},"image":{"@id":"https:\/\/dosingpump.shop\/de\/#\/schema\/logo\/image\/"},"sameAs":["https:\/\/linkedin.com\/company\/dosing-pump-shop"]}]},"product_price_amount":"15.00","product_price_currency":"EUR","og_availability":"instock","product_availability":"instock","product_retailer_item_id":"01800010","product_condition":"new"},"_links":{"self":[{"href":"https:\/\/dosingpump.shop\/no\/wp-json\/wp\/v2\/product\/8555","targetHints":{"allow":["GET"]}}],"collection":[{"href":"https:\/\/dosingpump.shop\/no\/wp-json\/wp\/v2\/product"}],"about":[{"href":"https:\/\/dosingpump.shop\/no\/wp-json\/wp\/v2\/types\/product"}],"wp:featuredmedia":[{"embeddable":true,"href":"https:\/\/dosingpump.shop\/no\/wp-json\/wp\/v2\/media\/8560"}],"wp:attachment":[{"href":"https:\/\/dosingpump.shop\/no\/wp-json\/wp\/v2\/media?parent=8555"}],"wp:term":[{"taxonomy":"product_brand","embeddable":true,"href":"https:\/\/dosingpump.shop\/no\/wp-json\/wp\/v2\/product_brand?post=8555"},{"taxonomy":"product_cat","embeddable":true,"href":"https:\/\/dosingpump.shop\/no\/wp-json\/wp\/v2\/product_cat?post=8555"},{"taxonomy":"product_tag","embeddable":true,"href":"https:\/\/dosingpump.shop\/no\/wp-json\/wp\/v2\/product_tag?post=8555"}],"curies":[{"name":"wp","href":"https:\/\/api.w.org\/{rel}","templated":true}]}}