{"id":8731,"date":"2026-03-14T21:14:46","date_gmt":"2026-03-14T20:14:46","guid":{"rendered":"https:\/\/dosingpump.shop\/?post_type=product&#038;p=8731"},"modified":"2026-03-14T21:45:37","modified_gmt":"2026-03-14T20:45:37","slug":"beholderholder-med-dryppbrett-for-doseringspumpe-25-l-lakkert-stal","status":"publish","type":"product","link":"https:\/\/dosingpump.shop\/no\/product\/jerrycan-houder-met-lekbak-voor-doseerpomp-25l-gecoat-staal\/","title":{"rendered":"Jerrycanholder med dryppbrett for doseringspumpe - 25L | lakkert st\u00e5l"},"content":{"rendered":"<h2 data-section-id=\"r8g57z\" data-start=\"1324\" data-end=\"1371\">Kanneholder med dryppbrett for doseringspumper<\/h2>\n<p data-start=\"1373\" data-end=\"1658\">Denne profesjonelle <strong data-start=\"1392\" data-end=\"1422\">beholderholder med dryppbrett<\/strong> er utformet for sikker plassering av kjemikaliebeholdere i kombinasjon med en doseringspumpe. Holderen har plass til en <strong data-start=\"1554\" data-end=\"1579\">jerrycan opp til 25 liter<\/strong> og gj\u00f8r det mulig \u00e5 montere en doseringspumpe rett over beholderen.<\/p>\n<p data-start=\"1660\" data-end=\"1810\">Den integrerte monteringsplaten skaper et kompakt og praktisk doseringsarrangement der pumpe, kanne og dryppbrett er pent plassert sammen.<\/p>\n<p data-start=\"1812\" data-end=\"2002\">Holderen er laget av <strong data-start=\"1841\" data-end=\"1887\">St\u00e5l av h\u00f8y kvalitet med slitesterkt belegg<\/strong>, Det gj\u00f8r den egnet for bruk i industrielle og tekniske milj\u00f8er der det brukes kjemikalier.<\/p>\n<h3 data-section-id=\"1xaqgd4\" data-start=\"2004\" data-end=\"2028\">Integrert dryppbrett<\/h3>\n<p data-start=\"2030\" data-end=\"2252\">Holderen er utstyrt med en <strong data-start=\"2060\" data-end=\"2094\">dryppbrett med avtakbart rist<\/strong>. Eventuelle lekkasjer eller s\u00f8l fanges dermed opp umiddelbart, noe som holder installasjonen ren og reduserer risikoen for forurensning eller skader.<\/p>\n<h3 data-section-id=\"1w6voil\" data-start=\"2254\" data-end=\"2292\">Stabil og praktisk konstruksjon<\/h3>\n<p data-start=\"2294\" data-end=\"2446\">Beholderholderen er utstyrt med <strong data-start=\"2330\" data-end=\"2360\">fire justerbare f\u00f8tter<\/strong>, som gj\u00f8r det enkelt \u00e5 nivellere enheten, selv p\u00e5 ujevnt underlag.<\/p>\n<p data-start=\"2448\" data-end=\"2574\">I tillegg er <strong data-start=\"2468\" data-end=\"2499\">h\u00e5ndtak p\u00e5 begge sider<\/strong> slik at holderen enkelt kan flyttes ved behov.<\/p>\n<h3 data-section-id=\"7gxsde\" data-start=\"2576\" data-end=\"2592\">Bruksomr\u00e5der<\/h3>\n<p data-start=\"2594\" data-end=\"2647\">Denne holderen er mye brukt i installasjoner for:<\/p>\n<p data-start=\"2649\" data-end=\"2755\">- vannbehandling<br data-start=\"2667\" data-end=\"2670\" \/>- sv\u00f8mmebassenger<br data-start=\"2681\" data-end=\"2684\" \/>- industrielle prosesser<br data-start=\"2707\" data-end=\"2710\" \/>- rengj\u00f8ringssystemer<br data-start=\"2730\" data-end=\"2733\" \/>- kjemisk dosering<\/p>\n<p data-start=\"2757\" data-end=\"2873\">Monteringsplaten passer til de fleste <strong data-start=\"2800\" data-end=\"2825\">membrandoseringspumper<\/strong>, inkludert flere modeller av <strong data-start=\"2864\" data-end=\"2872\">EMEC<\/strong>.<\/p>\n<h1 data-section-id=\"1rpbep8\" data-start=\"2880\" data-end=\"2906\">Tekniske spesifikasjoner<\/h1>\n<div class=\"TyagGW_tableContainer\">\n<div class=\"group TyagGW_tableWrapper flex flex-col-reverse w-fit\" tabindex=\"-1\">\n<table class=\"w-fit min-w-(--thread-content-width)\" data-start=\"2908\" data-end=\"3353\">\n<thead data-start=\"2908\" data-end=\"2937\">\n<tr data-start=\"2908\" data-end=\"2937\">\n<th class=\"\" data-start=\"2908\" data-end=\"2921\" data-col-size=\"sm\">Funksjon<\/th>\n<th class=\"\" data-start=\"2921\" data-end=\"2937\" data-col-size=\"sm\">Spesifikasjon<\/th>\n<\/tr>\n<\/thead>\n<tbody data-start=\"2948\" data-end=\"3353\">\n<tr data-start=\"2948\" data-end=\"2988\">\n<td data-start=\"2948\" data-end=\"2958\" data-col-size=\"sm\">Produkt<\/td>\n<td data-start=\"2958\" data-end=\"2988\" data-col-size=\"sm\">Jerrycanholder med dryppbrett<\/td>\n<\/tr>\n<tr data-start=\"2989\" data-end=\"3010\">\n<td data-start=\"2989\" data-end=\"3001\" data-col-size=\"sm\">Materiale<\/td>\n<td data-start=\"3001\" data-end=\"3010\" data-col-size=\"sm\">St\u00e5l<\/td>\n<\/tr>\n<tr data-start=\"3011\" data-end=\"3054\">\n<td data-start=\"3011\" data-end=\"3023\" data-col-size=\"sm\">Avslutt<\/td>\n<td data-start=\"3023\" data-end=\"3054\" data-col-size=\"sm\">Kjemikaliebestandig belegg<\/td>\n<\/tr>\n<tr data-start=\"3055\" data-end=\"3093\">\n<td data-start=\"3055\" data-end=\"3077\" data-col-size=\"sm\">Jerrycan-kapasitet<\/td>\n<td data-start=\"3077\" data-end=\"3093\" data-col-size=\"sm\">Opp til 25 liter<\/td>\n<\/tr>\n<tr data-start=\"3094\" data-end=\"3123\">\n<td data-start=\"3094\" data-end=\"3103\" data-col-size=\"sm\">Dryppbrett<\/td>\n<td data-start=\"3103\" data-end=\"3123\" data-col-size=\"sm\">Ja, integrert<\/td>\n<\/tr>\n<tr data-start=\"3124\" data-end=\"3149\">\n<td data-start=\"3124\" data-end=\"3134\" data-col-size=\"sm\">Rutenett<\/td>\n<td data-start=\"3134\" data-end=\"3149\" data-col-size=\"sm\">Avtakbar<\/td>\n<\/tr>\n<tr data-start=\"3150\" data-end=\"3181\">\n<td data-start=\"3150\" data-end=\"3175\" data-col-size=\"sm\">Monteringsplate for pumpe<\/td>\n<td data-start=\"3175\" data-end=\"3181\" data-col-size=\"sm\">Ja<\/td>\n<\/tr>\n<tr data-start=\"3182\" data-end=\"3221\">\n<td data-start=\"3182\" data-end=\"3194\" data-col-size=\"sm\">F\u00f8tter<\/td>\n<td data-start=\"3194\" data-end=\"3221\" data-col-size=\"sm\">4 justerbare f\u00f8tter<\/td>\n<\/tr>\n<tr data-start=\"3222\" data-end=\"3259\">\n<td data-start=\"3222\" data-end=\"3235\" data-col-size=\"sm\">H\u00e5ndtak<\/td>\n<td data-start=\"3235\" data-end=\"3259\" data-col-size=\"sm\">Ja, p\u00e5 begge sider<\/td>\n<\/tr>\n<tr data-start=\"3260\" data-end=\"3310\">\n<td data-start=\"3260\" data-end=\"3273\" data-col-size=\"sm\">S\u00f8knad<\/td>\n<td data-start=\"3273\" data-end=\"3310\" data-col-size=\"sm\">Doseringspumper \/ kjemikaliedosering<\/td>\n<\/tr>\n<tr data-start=\"3311\" data-end=\"3353\">\n<td data-start=\"3311\" data-end=\"3327\" data-col-size=\"sm\">Egnet for<\/td>\n<td data-start=\"3327\" data-end=\"3353\" data-col-size=\"sm\">EMEC-doseringspumper, blant annet<\/td>\n<\/tr>\n<\/tbody>\n<\/table>\n<\/div>\n<\/div>","protected":false},"excerpt":{"rendered":"<p data-start=\"557\" data-end=\"820\">Dette <strong data-start=\"562\" data-end=\"606\">beholderholder med integrert dryppbrett<\/strong> er utformet for sikker og praktisk montering av doseringspumper. Holderen gir plass til <strong data-start=\"714\" data-end=\"740\">jerrykanner p\u00e5 opptil 25 liter<\/strong> og har en solid monteringsplate for montering av en doseringspumpe.<\/p>\n<p data-start=\"822\" data-end=\"1031\">Holderen er laget av <strong data-start=\"851\" data-end=\"867\">belagt st\u00e5l<\/strong> og utstyrt med <strong data-start=\"884\" data-end=\"911\">4 justerbare f\u00f8tter<\/strong> for stabil plassering. Takket v\u00e6re <strong data-start=\"948\" data-end=\"988\">praktiske sideh\u00e5ndtak<\/strong> holderen kan enkelt flyttes.<\/p>\n<p data-start=\"1033\" data-end=\"1143\">Det integrerte dryppbrettet med rist s\u00f8rger for at s\u00f8l eller lekkasjer holdes trygt under kontroll.<\/p>","protected":false},"featured_media":8749,"template":"","meta":[],"product_brand":[],"product_cat":[48,27,80],"product_tag":[],"class_list":{"0":"post-8731","1":"product","2":"type-product","3":"status-publish","4":"has-post-thumbnail","6":"product_cat-doseerinstallaties","7":"product_cat-complete-oplossingen","8":"product_cat-doseerunits","10":"first","11":"instock","12":"taxable","13":"shipping-taxable","14":"purchasable","15":"product-type-simple"},"yoast_head":"<!-- This site is optimized with the Yoast SEO plugin v27.2 - https:\/\/yoast.com\/product\/yoast-seo-wordpress\/ -->\n<title>Jerrycan houder met lekbak voor doseerpomp \u2013 25L | Gecoat staal - Dosing Pump Shop B.V.<\/title>\n<meta name=\"robots\" content=\"index, follow, max-snippet:-1, max-image-preview:large, max-video-preview:-1\" \/>\n<link rel=\"canonical\" href=\"https:\/\/dosingpump.shop\/no\/produkt\/beholderholder-med-dryppbrett-for-doseringspumpe-25-l-lakkert-stal\/\" \/>\n<meta property=\"og:locale\" content=\"nb_NO\" \/>\n<meta property=\"og:type\" content=\"article\" \/>\n<meta property=\"og:title\" content=\"Jerrycan houder met lekbak voor doseerpomp \u2013 25L | Gecoat staal - Dosing Pump Shop B.V.\" \/>\n<meta property=\"og:description\" content=\"Deze jerrycan houder met ge\u00efntegreerde lekbak is ontworpen voor een veilige en overzichtelijke installatie van doseerpompen. De houder biedt ruimte voor jerrycans tot 25 liter en beschikt over een stevige montageplaat voor het monteren van een doseerpomp. De houder is vervaardigd uit gecoat staal en voorzien van 4 verstelbare stelpoten voor stabiele plaatsing. Dankzij de praktische handgrepen aan de zijkant kan de houder eenvoudig worden verplaatst. De ge\u00efntegreerde lekbak met rooster zorgt ervoor dat eventuele morsingen of lekkages veilig worden opgevangen.\" \/>\n<meta property=\"og:url\" content=\"https:\/\/dosingpump.shop\/no\/produkt\/beholderholder-med-dryppbrett-for-doseringspumpe-25-l-lakkert-stal\/\" \/>\n<meta property=\"og:site_name\" content=\"Dosing Pump Shop B.V.\" \/>\n<meta property=\"article:modified_time\" content=\"2026-03-14T20:45:37+00:00\" \/>\n<meta property=\"og:image\" content=\"https:\/\/dosingpump.shop\/wp-content\/uploads\/2026\/03\/Dosing-pump-Jerrcan-with-driptray.png\" \/>\n\t<meta property=\"og:image:width\" content=\"1200\" \/>\n\t<meta property=\"og:image:height\" content=\"1200\" \/>\n\t<meta property=\"og:image:type\" content=\"image\/png\" \/>\n<meta name=\"twitter:card\" content=\"summary_large_image\" \/>\n<meta name=\"twitter:label1\" content=\"Pris\" \/>\n\t<meta name=\"twitter:data1\" content=\"&euro;495,00\" \/>\n\t<meta name=\"twitter:label2\" content=\"Tilgjengelighet\" \/>\n\t<meta name=\"twitter:data2\" content=\"P\u00e5 lager\" \/>\n<script type=\"application\/ld+json\" class=\"yoast-schema-graph\">{\"@context\":\"https:\/\/schema.org\",\"@graph\":[{\"@type\":\"WebPage\",\"@id\":\"https:\/\/dosingpump.shop\/product\/jerrycan-houder-met-lekbak-voor-doseerpomp-25l-gecoat-staal\/\",\"url\":\"https:\/\/dosingpump.shop\/product\/jerrycan-houder-met-lekbak-voor-doseerpomp-25l-gecoat-staal\/\",\"name\":\"Jerrycan houder met lekbak voor doseerpomp \u2013 25L | Gecoat staal - Dosing Pump Shop B.V.\",\"isPartOf\":{\"@id\":\"https:\/\/dosingpump.shop\/de\/#website\"},\"primaryImageOfPage\":{\"@id\":\"https:\/\/dosingpump.shop\/product\/jerrycan-houder-met-lekbak-voor-doseerpomp-25l-gecoat-staal\/#primaryimage\"},\"image\":{\"@id\":\"https:\/\/dosingpump.shop\/product\/jerrycan-houder-met-lekbak-voor-doseerpomp-25l-gecoat-staal\/#primaryimage\"},\"thumbnailUrl\":\"https:\/\/dosingpump.shop\/wp-content\/uploads\/2026\/03\/Dosing-pump-Jerrcan-with-driptray.png\",\"datePublished\":\"2026-03-14T20:14:46+00:00\",\"dateModified\":\"2026-03-14T20:45:37+00:00\",\"breadcrumb\":{\"@id\":\"https:\/\/dosingpump.shop\/product\/jerrycan-houder-met-lekbak-voor-doseerpomp-25l-gecoat-staal\/#breadcrumb\"},\"inLanguage\":\"nb-NO\",\"potentialAction\":[{\"@type\":\"ReadAction\",\"target\":[\"https:\/\/dosingpump.shop\/product\/jerrycan-houder-met-lekbak-voor-doseerpomp-25l-gecoat-staal\/\"]}]},{\"@type\":\"ImageObject\",\"inLanguage\":\"nb-NO\",\"@id\":\"https:\/\/dosingpump.shop\/product\/jerrycan-houder-met-lekbak-voor-doseerpomp-25l-gecoat-staal\/#primaryimage\",\"url\":\"https:\/\/dosingpump.shop\/wp-content\/uploads\/2026\/03\/Dosing-pump-Jerrcan-with-driptray.png\",\"contentUrl\":\"https:\/\/dosingpump.shop\/wp-content\/uploads\/2026\/03\/Dosing-pump-Jerrcan-with-driptray.png\",\"width\":1200,\"height\":1200},{\"@type\":\"BreadcrumbList\",\"@id\":\"https:\/\/dosingpump.shop\/product\/jerrycan-houder-met-lekbak-voor-doseerpomp-25l-gecoat-staal\/#breadcrumb\",\"itemListElement\":[{\"@type\":\"ListItem\",\"position\":1,\"name\":\"Home\",\"item\":\"https:\/\/dosingpump.shop\/\"},{\"@type\":\"ListItem\",\"position\":2,\"name\":\"Shop\",\"item\":\"https:\/\/dosingpump.shop\/de\/shop\/\"},{\"@type\":\"ListItem\",\"position\":3,\"name\":\"Jerrycan houder met lekbak voor doseerpomp \u2013 25L | Gecoat staal\"}]},{\"@type\":\"WebSite\",\"@id\":\"https:\/\/dosingpump.shop\/de\/#website\",\"url\":\"https:\/\/dosingpump.shop\/de\/\",\"name\":\"Dosing Pump Shop B.V.\",\"description\":\"\",\"publisher\":{\"@id\":\"https:\/\/dosingpump.shop\/de\/#organization\"},\"potentialAction\":[{\"@type\":\"SearchAction\",\"target\":{\"@type\":\"EntryPoint\",\"urlTemplate\":\"https:\/\/dosingpump.shop\/de\/?s={search_term_string}\"},\"query-input\":{\"@type\":\"PropertyValueSpecification\",\"valueRequired\":true,\"valueName\":\"search_term_string\"}}],\"inLanguage\":\"nb-NO\"},{\"@type\":\"Organization\",\"@id\":\"https:\/\/dosingpump.shop\/de\/#organization\",\"name\":\"Dosing Pump Shop B.V.\",\"url\":\"https:\/\/dosingpump.shop\/de\/\",\"logo\":{\"@type\":\"ImageObject\",\"inLanguage\":\"nb-NO\",\"@id\":\"https:\/\/dosingpump.shop\/de\/#\/schema\/logo\/image\/\",\"url\":\"https:\/\/dosingpump.shop\/wp-content\/uploads\/2024\/10\/Dosing-Pump-Shop-logo.png\",\"contentUrl\":\"https:\/\/dosingpump.shop\/wp-content\/uploads\/2024\/10\/Dosing-Pump-Shop-logo.png\",\"width\":350,\"height\":45,\"caption\":\"Dosing Pump Shop B.V.\"},\"image\":{\"@id\":\"https:\/\/dosingpump.shop\/de\/#\/schema\/logo\/image\/\"},\"sameAs\":[\"https:\/\/linkedin.com\/company\/dosing-pump-shop\"]}]}<\/script>\n<meta property=\"product:price:amount\" content=\"495.00\" \/>\n<meta property=\"product:price:currency\" content=\"EUR\" \/>\n<meta property=\"og:availability\" content=\"instock\" \/>\n<meta property=\"product:availability\" content=\"instock\" \/>\n<meta property=\"product:condition\" content=\"new\" \/>\n<!-- \/ Yoast SEO plugin. -->","yoast_head_json":{"title":"Kanneholder med dryppbrett for doseringspumpe - 25L | lakkert st\u00e5l - Dosing Pump Shop B.V.","robots":{"index":"index","follow":"follow","max-snippet":"max-snippet:-1","max-image-preview":"max-image-preview:large","max-video-preview":"max-video-preview:-1"},"canonical":"https:\/\/dosingpump.shop\/no\/produkt\/beholderholder-med-dryppbrett-for-doseringspumpe-25-l-lakkert-stal\/","og_locale":"nb_NO","og_type":"article","og_title":"Jerrycan houder met lekbak voor doseerpomp \u2013 25L | Gecoat staal - Dosing Pump Shop B.V.","og_description":"Deze jerrycan houder met ge\u00efntegreerde lekbak is ontworpen voor een veilige en overzichtelijke installatie van doseerpompen. De houder biedt ruimte voor jerrycans tot 25 liter en beschikt over een stevige montageplaat voor het monteren van een doseerpomp. De houder is vervaardigd uit gecoat staal en voorzien van 4 verstelbare stelpoten voor stabiele plaatsing. Dankzij de praktische handgrepen aan de zijkant kan de houder eenvoudig worden verplaatst. De ge\u00efntegreerde lekbak met rooster zorgt ervoor dat eventuele morsingen of lekkages veilig worden opgevangen.","og_url":"https:\/\/dosingpump.shop\/no\/produkt\/beholderholder-med-dryppbrett-for-doseringspumpe-25-l-lakkert-stal\/","og_site_name":"Dosing Pump Shop B.V.","article_modified_time":"2026-03-14T20:45:37+00:00","og_image":[{"width":1200,"height":1200,"url":"https:\/\/dosingpump.shop\/wp-content\/uploads\/2026\/03\/Dosing-pump-Jerrcan-with-driptray.png","type":"image\/png"}],"twitter_card":"summary_large_image","twitter_misc":{"Pris":"&euro;495,00","Tilgjengelighet":"P\u00e5 lager"},"schema":{"@context":"https:\/\/schema.org","@graph":[{"@type":"WebPage","@id":"https:\/\/dosingpump.shop\/product\/jerrycan-houder-met-lekbak-voor-doseerpomp-25l-gecoat-staal\/","url":"https:\/\/dosingpump.shop\/product\/jerrycan-houder-met-lekbak-voor-doseerpomp-25l-gecoat-staal\/","name":"Kanneholder med dryppbrett for doseringspumpe - 25L | lakkert st\u00e5l - Dosing Pump Shop B.V.","isPartOf":{"@id":"https:\/\/dosingpump.shop\/de\/#website"},"primaryImageOfPage":{"@id":"https:\/\/dosingpump.shop\/product\/jerrycan-houder-met-lekbak-voor-doseerpomp-25l-gecoat-staal\/#primaryimage"},"image":{"@id":"https:\/\/dosingpump.shop\/product\/jerrycan-houder-met-lekbak-voor-doseerpomp-25l-gecoat-staal\/#primaryimage"},"thumbnailUrl":"https:\/\/dosingpump.shop\/wp-content\/uploads\/2026\/03\/Dosing-pump-Jerrcan-with-driptray.png","datePublished":"2026-03-14T20:14:46+00:00","dateModified":"2026-03-14T20:45:37+00:00","breadcrumb":{"@id":"https:\/\/dosingpump.shop\/product\/jerrycan-houder-met-lekbak-voor-doseerpomp-25l-gecoat-staal\/#breadcrumb"},"inLanguage":"nb-NO","potentialAction":[{"@type":"ReadAction","target":["https:\/\/dosingpump.shop\/product\/jerrycan-houder-met-lekbak-voor-doseerpomp-25l-gecoat-staal\/"]}]},{"@type":"ImageObject","inLanguage":"nb-NO","@id":"https:\/\/dosingpump.shop\/product\/jerrycan-houder-met-lekbak-voor-doseerpomp-25l-gecoat-staal\/#primaryimage","url":"https:\/\/dosingpump.shop\/wp-content\/uploads\/2026\/03\/Dosing-pump-Jerrcan-with-driptray.png","contentUrl":"https:\/\/dosingpump.shop\/wp-content\/uploads\/2026\/03\/Dosing-pump-Jerrcan-with-driptray.png","width":1200,"height":1200},{"@type":"BreadcrumbList","@id":"https:\/\/dosingpump.shop\/product\/jerrycan-houder-met-lekbak-voor-doseerpomp-25l-gecoat-staal\/#breadcrumb","itemListElement":[{"@type":"ListItem","position":1,"name":"Home","item":"https:\/\/dosingpump.shop\/"},{"@type":"ListItem","position":2,"name":"Shop","item":"https:\/\/dosingpump.shop\/de\/shop\/"},{"@type":"ListItem","position":3,"name":"Jerrycan houder met lekbak voor doseerpomp \u2013 25L | Gecoat staal"}]},{"@type":"WebSite","@id":"https:\/\/dosingpump.shop\/de\/#website","url":"https:\/\/dosingpump.shop\/de\/","name":"Dosing Pump Shop B.V.","description":"","publisher":{"@id":"https:\/\/dosingpump.shop\/de\/#organization"},"potentialAction":[{"@type":"SearchAction","target":{"@type":"EntryPoint","urlTemplate":"https:\/\/dosingpump.shop\/de\/?s={search_term_string}"},"query-input":{"@type":"PropertyValueSpecification","valueRequired":true,"valueName":"search_term_string"}}],"inLanguage":"nb-NO"},{"@type":"Organization","@id":"https:\/\/dosingpump.shop\/de\/#organization","name":"Dosing Pump Shop B.V.","url":"https:\/\/dosingpump.shop\/de\/","logo":{"@type":"ImageObject","inLanguage":"nb-NO","@id":"https:\/\/dosingpump.shop\/de\/#\/schema\/logo\/image\/","url":"https:\/\/dosingpump.shop\/wp-content\/uploads\/2024\/10\/Dosing-Pump-Shop-logo.png","contentUrl":"https:\/\/dosingpump.shop\/wp-content\/uploads\/2024\/10\/Dosing-Pump-Shop-logo.png","width":350,"height":45,"caption":"Dosing Pump Shop B.V."},"image":{"@id":"https:\/\/dosingpump.shop\/de\/#\/schema\/logo\/image\/"},"sameAs":["https:\/\/linkedin.com\/company\/dosing-pump-shop"]}]},"product_price_amount":"495.00","product_price_currency":"EUR","og_availability":"instock","product_availability":"instock","product_condition":"new"},"_links":{"self":[{"href":"https:\/\/dosingpump.shop\/no\/wp-json\/wp\/v2\/product\/8731","targetHints":{"allow":["GET"]}}],"collection":[{"href":"https:\/\/dosingpump.shop\/no\/wp-json\/wp\/v2\/product"}],"about":[{"href":"https:\/\/dosingpump.shop\/no\/wp-json\/wp\/v2\/types\/product"}],"wp:featuredmedia":[{"embeddable":true,"href":"https:\/\/dosingpump.shop\/no\/wp-json\/wp\/v2\/media\/8749"}],"wp:attachment":[{"href":"https:\/\/dosingpump.shop\/no\/wp-json\/wp\/v2\/media?parent=8731"}],"wp:term":[{"taxonomy":"product_brand","embeddable":true,"href":"https:\/\/dosingpump.shop\/no\/wp-json\/wp\/v2\/product_brand?post=8731"},{"taxonomy":"product_cat","embeddable":true,"href":"https:\/\/dosingpump.shop\/no\/wp-json\/wp\/v2\/product_cat?post=8731"},{"taxonomy":"product_tag","embeddable":true,"href":"https:\/\/dosingpump.shop\/no\/wp-json\/wp\/v2\/product_tag?post=8731"}],"curies":[{"name":"wp","href":"https:\/\/api.w.org\/{rel}","templated":true}]}}