{"id":3928,"date":"2024-12-05T12:21:33","date_gmt":"2024-12-05T12:21:33","guid":{"rendered":"https:\/\/dosingpump.shop\/product\/doseerinstallatie-kacl\/"},"modified":"2026-02-27T14:49:14","modified_gmt":"2026-02-27T12:49:14","slug":"jednostka-dozujaca-kacl","status":"publish","type":"product","link":"https:\/\/dosingpump.shop\/pl\/product\/doseerinstallatie-kacl\/","title":{"rendered":"Jednostka dozuj\u0105ca KACL"},"content":{"rendered":"<h2 style=\"font-size: 1.6em; margin-bottom: 20px;\">Kompletna jednostka dozuj\u0105ca KACL<\/h2>\n<p>Szukaj\u0105c gotowej instalacji dozuj\u0105cej do bezpiecznego dozowania chemikali\u00f3w, zdecydowanie warto rozwa\u017cy\u0107 instalacj\u0119 dozuj\u0105c\u0105 KACL. Zbiornik o pojemno\u015bci 110 litr\u00f3w jest wyposa\u017cony w automatyczny mieszalnik z silnikiem elektrycznym, lanc\u0119 ss\u0105c\u0105, odpowietrznik i pomp\u0119 dozuj\u0105c\u0105.<\/p>\n<p>Pompa dozuj\u0105ca KACL jest wyposa\u017cona w automatyczne odpowietrzanie i mo\u017ce by\u0107 bardzo precyzyjnie ustawiona dzi\u0119ki regulowanej obj\u0119to\u015bci skoku. Dost\u0119pne s\u0105 r\u00f3\u017cne ci\u015bnienia i przep\u0142ywy.<\/p>\n<h3 style=\"font-size: 1.2em; margin-bottom: 20px;\">Z czego sk\u0142ada si\u0119 jednostka dozuj\u0105ca KACL?<\/h3>\n<ul style=\"list-style-type: disc; margin-left: 2rem;\">\n<li>Zbiornik na chemikalia o pojemno\u015bci 110 litr\u00f3w z odpowietrzeniem<\/li>\n<li>Mieszad\u0142o MIXVN8 0,09 kW<\/li>\n<li>Lanca ss\u0105ca LASP4 z p\u0142ywakiem, kt\u00f3ry wy\u0142\u0105cza pomp\u0119 dozuj\u0105c\u0105 przy niskim poziomie.<\/li>\n<li>Pompa dozuj\u0105ca KACL z regulowan\u0105 obj\u0119to\u015bci\u0105 skoku<\/li>\n<\/ul>\n<h3 style=\"font-size: 1.2em; margin-bottom: 20px;\">Dost\u0119pne r\u00f3wnie\u017c dla tego podajnika:<\/h3>\n<ul style=\"list-style-type: disc; margin-left: 2rem;\">\n<li>Pompa dozuj\u0105ca KMSA MF, sterowana sygna\u0142em 4-20 mA<\/li>\n<li>Wodomierz z generatorem impuls\u00f3w (i.c.w.) KMSA MF<\/li>\n<li>Tacka ociekowa<\/li>\n<li>Zbiornik na chemikalia o pojemno\u015bci do 1000 litr\u00f3w<\/li>\n<\/ul>","protected":false},"excerpt":{"rendered":"<h4>Kompletna jednostka dozuj\u0105ca KACL<\/h4>\n<p>Jednostka dozuj\u0105ca typu plug and play z pomp\u0105 dozuj\u0105c\u0105 i automatycznym mieszad\u0142em.<\/p>\n<p>Nadaje si\u0119 do r\u00f3\u017cnych chemikali\u00f3w. Wi\u0119cej informacji? Uzyskaj wycen\u0119!<\/p>\n<p>Dost\u0119pna proporcjonalna pompa dozuj\u0105ca.<\/p>","protected":false},"featured_media":3927,"template":"","meta":[],"product_brand":[],"product_cat":[48,17,27,80],"product_tag":[],"class_list":{"0":"post-3928","1":"product","2":"type-product","3":"status-publish","4":"has-post-thumbnail","6":"product_cat-doseerinstallaties","7":"product_cat-doseerpompen","8":"product_cat-complete-oplossingen","9":"product_cat-doseerunits","11":"first","12":"instock","13":"taxable","14":"shipping-taxable","15":"purchasable","16":"product-type-simple"},"yoast_head":"<!-- This site is optimized with the Yoast SEO plugin v27.2 - https:\/\/yoast.com\/product\/yoast-seo-wordpress\/ -->\n<title>Doseerinstallatie KACL | Dosing Pump Shop B.V.<\/title>\n<meta name=\"description\" content=\"Complete doseerinstallatie met roerwerk, vat, doseerpomp en aanzuig lans. Deze complete doseerinstallatie is uit voorraad leverbaar.\" \/>\n<meta name=\"robots\" content=\"index, follow, max-snippet:-1, max-image-preview:large, max-video-preview:-1\" \/>\n<link rel=\"canonical\" href=\"https:\/\/dosingpump.shop\/pl\/produkt-2\/jednostka-dozujaca-kacl\/\" \/>\n<meta property=\"og:locale\" content=\"pl_PL\" \/>\n<meta property=\"og:type\" content=\"article\" \/>\n<meta property=\"og:title\" content=\"Doseerinstallatie KACL | Dosing Pump Shop B.V.\" \/>\n<meta property=\"og:description\" content=\"Complete doseerinstallatie met roerwerk, vat, doseerpomp en aanzuig lans. Deze complete doseerinstallatie is uit voorraad leverbaar.\" \/>\n<meta property=\"og:url\" content=\"https:\/\/dosingpump.shop\/pl\/produkt-2\/jednostka-dozujaca-kacl\/\" \/>\n<meta property=\"og:site_name\" content=\"Dosing Pump Shop B.V.\" \/>\n<meta property=\"article:modified_time\" content=\"2026-02-27T12:49:14+00:00\" \/>\n<meta property=\"og:image\" content=\"https:\/\/dosingpump.shop\/wp-content\/uploads\/2024\/12\/doseerinstallatie_kmsa-removebg-preview-1.webp\" \/>\n\t<meta property=\"og:image:width\" content=\"500\" \/>\n\t<meta property=\"og:image:height\" content=\"500\" \/>\n\t<meta property=\"og:image:type\" content=\"image\/webp\" \/>\n<meta name=\"twitter:card\" content=\"summary_large_image\" \/>\n<meta name=\"twitter:label1\" content=\"Cena\" \/>\n\t<meta name=\"twitter:data1\" content=\"&euro;1.238,00\" \/>\n\t<meta name=\"twitter:label2\" content=\"Dost\u0119pno\u015b\u0107\" \/>\n\t<meta name=\"twitter:data2\" content=\"Dost\u0119pny\" \/>\n<script type=\"application\/ld+json\" class=\"yoast-schema-graph\">{\"@context\":\"https:\/\/schema.org\",\"@graph\":[{\"@type\":\"WebPage\",\"@id\":\"https:\/\/dosingpump.shop\/en\/product\/dosing-unit-kacl\/\",\"url\":\"https:\/\/dosingpump.shop\/en\/product\/dosing-unit-kacl\/\",\"name\":\"Doseerinstallatie KACL | Dosing Pump Shop B.V.\",\"isPartOf\":{\"@id\":\"https:\/\/dosingpump.shop\/de\/#website\"},\"primaryImageOfPage\":{\"@id\":\"https:\/\/dosingpump.shop\/en\/product\/dosing-unit-kacl\/#primaryimage\"},\"image\":{\"@id\":\"https:\/\/dosingpump.shop\/en\/product\/dosing-unit-kacl\/#primaryimage\"},\"thumbnailUrl\":\"https:\/\/dosingpump.shop\/wp-content\/uploads\/2024\/12\/doseerinstallatie_kmsa-removebg-preview-1.webp\",\"datePublished\":\"2024-12-05T12:21:33+00:00\",\"dateModified\":\"2026-02-27T12:49:14+00:00\",\"description\":\"Complete doseerinstallatie met roerwerk, vat, doseerpomp en aanzuig lans. Deze complete doseerinstallatie is uit voorraad leverbaar.\",\"breadcrumb\":{\"@id\":\"https:\/\/dosingpump.shop\/en\/product\/dosing-unit-kacl\/#breadcrumb\"},\"inLanguage\":\"pl-PL\",\"potentialAction\":[{\"@type\":\"ReadAction\",\"target\":[\"https:\/\/dosingpump.shop\/en\/product\/dosing-unit-kacl\/\"]}]},{\"@type\":\"ImageObject\",\"inLanguage\":\"pl-PL\",\"@id\":\"https:\/\/dosingpump.shop\/en\/product\/dosing-unit-kacl\/#primaryimage\",\"url\":\"https:\/\/dosingpump.shop\/wp-content\/uploads\/2024\/12\/doseerinstallatie_kmsa-removebg-preview-1.webp\",\"contentUrl\":\"https:\/\/dosingpump.shop\/wp-content\/uploads\/2024\/12\/doseerinstallatie_kmsa-removebg-preview-1.webp\",\"width\":500,\"height\":500},{\"@type\":\"BreadcrumbList\",\"@id\":\"https:\/\/dosingpump.shop\/en\/product\/dosing-unit-kacl\/#breadcrumb\",\"itemListElement\":[{\"@type\":\"ListItem\",\"position\":1,\"name\":\"Home\",\"item\":\"https:\/\/dosingpump.shop\/\"},{\"@type\":\"ListItem\",\"position\":2,\"name\":\"Shop\",\"item\":\"https:\/\/dosingpump.shop\/de\/shop\/\"},{\"@type\":\"ListItem\",\"position\":3,\"name\":\"Doseerinstallatie KACL\"}]},{\"@type\":\"WebSite\",\"@id\":\"https:\/\/dosingpump.shop\/de\/#website\",\"url\":\"https:\/\/dosingpump.shop\/de\/\",\"name\":\"Dosing Pump Shop B.V.\",\"description\":\"\",\"publisher\":{\"@id\":\"https:\/\/dosingpump.shop\/de\/#organization\"},\"potentialAction\":[{\"@type\":\"SearchAction\",\"target\":{\"@type\":\"EntryPoint\",\"urlTemplate\":\"https:\/\/dosingpump.shop\/de\/?s={search_term_string}\"},\"query-input\":{\"@type\":\"PropertyValueSpecification\",\"valueRequired\":true,\"valueName\":\"search_term_string\"}}],\"inLanguage\":\"pl-PL\"},{\"@type\":\"Organization\",\"@id\":\"https:\/\/dosingpump.shop\/de\/#organization\",\"name\":\"Dosing Pump Shop B.V.\",\"url\":\"https:\/\/dosingpump.shop\/de\/\",\"logo\":{\"@type\":\"ImageObject\",\"inLanguage\":\"pl-PL\",\"@id\":\"https:\/\/dosingpump.shop\/de\/#\/schema\/logo\/image\/\",\"url\":\"https:\/\/dosingpump.shop\/wp-content\/uploads\/2024\/10\/Dosing-Pump-Shop-logo.png\",\"contentUrl\":\"https:\/\/dosingpump.shop\/wp-content\/uploads\/2024\/10\/Dosing-Pump-Shop-logo.png\",\"width\":350,\"height\":45,\"caption\":\"Dosing Pump Shop B.V.\"},\"image\":{\"@id\":\"https:\/\/dosingpump.shop\/de\/#\/schema\/logo\/image\/\"},\"sameAs\":[\"https:\/\/linkedin.com\/company\/dosing-pump-shop\"]}]}<\/script>\n<meta property=\"product:price:amount\" content=\"1238.00\" \/>\n<meta property=\"product:price:currency\" content=\"EUR\" \/>\n<meta property=\"og:availability\" content=\"instock\" \/>\n<meta property=\"product:availability\" content=\"instock\" \/>\n<meta property=\"product:retailer_item_id\" content=\"Emec-DOS-KMSA\" \/>\n<meta property=\"product:condition\" content=\"new\" \/>\n<!-- \/ Yoast SEO plugin. -->","yoast_head_json":{"title":"Instalacja dozuj\u0105ca KACL | Dosing Pump Shop B.V.","description":"Kompletna jednostka dozuj\u0105ca z mieszad\u0142em, zbiornikiem, pomp\u0105 dozuj\u0105c\u0105 i lanc\u0105 ss\u0105c\u0105. Ta kompletna instalacja dozuj\u0105ca jest dost\u0119pna z magazynu.","robots":{"index":"index","follow":"follow","max-snippet":"max-snippet:-1","max-image-preview":"max-image-preview:large","max-video-preview":"max-video-preview:-1"},"canonical":"https:\/\/dosingpump.shop\/pl\/produkt-2\/jednostka-dozujaca-kacl\/","og_locale":"pl_PL","og_type":"article","og_title":"Doseerinstallatie KACL | Dosing Pump Shop B.V.","og_description":"Complete doseerinstallatie met roerwerk, vat, doseerpomp en aanzuig lans. Deze complete doseerinstallatie is uit voorraad leverbaar.","og_url":"https:\/\/dosingpump.shop\/pl\/produkt-2\/jednostka-dozujaca-kacl\/","og_site_name":"Dosing Pump Shop B.V.","article_modified_time":"2026-02-27T12:49:14+00:00","og_image":[{"width":500,"height":500,"url":"https:\/\/dosingpump.shop\/wp-content\/uploads\/2024\/12\/doseerinstallatie_kmsa-removebg-preview-1.webp","type":"image\/webp"}],"twitter_card":"summary_large_image","twitter_misc":{"Cena":"&euro;1.238,00","Dost\u0119pno\u015b\u0107":"Dost\u0119pny"},"schema":{"@context":"https:\/\/schema.org","@graph":[{"@type":"WebPage","@id":"https:\/\/dosingpump.shop\/en\/product\/dosing-unit-kacl\/","url":"https:\/\/dosingpump.shop\/en\/product\/dosing-unit-kacl\/","name":"Instalacja dozuj\u0105ca KACL | Dosing Pump Shop B.V.","isPartOf":{"@id":"https:\/\/dosingpump.shop\/de\/#website"},"primaryImageOfPage":{"@id":"https:\/\/dosingpump.shop\/en\/product\/dosing-unit-kacl\/#primaryimage"},"image":{"@id":"https:\/\/dosingpump.shop\/en\/product\/dosing-unit-kacl\/#primaryimage"},"thumbnailUrl":"https:\/\/dosingpump.shop\/wp-content\/uploads\/2024\/12\/doseerinstallatie_kmsa-removebg-preview-1.webp","datePublished":"2024-12-05T12:21:33+00:00","dateModified":"2026-02-27T12:49:14+00:00","description":"Kompletna jednostka dozuj\u0105ca z mieszad\u0142em, zbiornikiem, pomp\u0105 dozuj\u0105c\u0105 i lanc\u0105 ss\u0105c\u0105. Ta kompletna instalacja dozuj\u0105ca jest dost\u0119pna z magazynu.","breadcrumb":{"@id":"https:\/\/dosingpump.shop\/en\/product\/dosing-unit-kacl\/#breadcrumb"},"inLanguage":"pl-PL","potentialAction":[{"@type":"ReadAction","target":["https:\/\/dosingpump.shop\/en\/product\/dosing-unit-kacl\/"]}]},{"@type":"ImageObject","inLanguage":"pl-PL","@id":"https:\/\/dosingpump.shop\/en\/product\/dosing-unit-kacl\/#primaryimage","url":"https:\/\/dosingpump.shop\/wp-content\/uploads\/2024\/12\/doseerinstallatie_kmsa-removebg-preview-1.webp","contentUrl":"https:\/\/dosingpump.shop\/wp-content\/uploads\/2024\/12\/doseerinstallatie_kmsa-removebg-preview-1.webp","width":500,"height":500},{"@type":"BreadcrumbList","@id":"https:\/\/dosingpump.shop\/en\/product\/dosing-unit-kacl\/#breadcrumb","itemListElement":[{"@type":"ListItem","position":1,"name":"Home","item":"https:\/\/dosingpump.shop\/"},{"@type":"ListItem","position":2,"name":"Shop","item":"https:\/\/dosingpump.shop\/de\/shop\/"},{"@type":"ListItem","position":3,"name":"Doseerinstallatie KACL"}]},{"@type":"WebSite","@id":"https:\/\/dosingpump.shop\/de\/#website","url":"https:\/\/dosingpump.shop\/de\/","name":"Dosing Pump Shop B.V.","description":"","publisher":{"@id":"https:\/\/dosingpump.shop\/de\/#organization"},"potentialAction":[{"@type":"SearchAction","target":{"@type":"EntryPoint","urlTemplate":"https:\/\/dosingpump.shop\/de\/?s={search_term_string}"},"query-input":{"@type":"PropertyValueSpecification","valueRequired":true,"valueName":"search_term_string"}}],"inLanguage":"pl-PL"},{"@type":"Organization","@id":"https:\/\/dosingpump.shop\/de\/#organization","name":"Dosing Pump Shop B.V.","url":"https:\/\/dosingpump.shop\/de\/","logo":{"@type":"ImageObject","inLanguage":"pl-PL","@id":"https:\/\/dosingpump.shop\/de\/#\/schema\/logo\/image\/","url":"https:\/\/dosingpump.shop\/wp-content\/uploads\/2024\/10\/Dosing-Pump-Shop-logo.png","contentUrl":"https:\/\/dosingpump.shop\/wp-content\/uploads\/2024\/10\/Dosing-Pump-Shop-logo.png","width":350,"height":45,"caption":"Dosing Pump Shop B.V."},"image":{"@id":"https:\/\/dosingpump.shop\/de\/#\/schema\/logo\/image\/"},"sameAs":["https:\/\/linkedin.com\/company\/dosing-pump-shop"]}]},"product_price_amount":"1238.00","product_price_currency":"EUR","og_availability":"instock","product_availability":"instock","product_retailer_item_id":"Emec-DOS-KMSA","product_condition":"new"},"_links":{"self":[{"href":"https:\/\/dosingpump.shop\/pl\/wp-json\/wp\/v2\/product\/3928","targetHints":{"allow":["GET"]}}],"collection":[{"href":"https:\/\/dosingpump.shop\/pl\/wp-json\/wp\/v2\/product"}],"about":[{"href":"https:\/\/dosingpump.shop\/pl\/wp-json\/wp\/v2\/types\/product"}],"wp:featuredmedia":[{"embeddable":true,"href":"https:\/\/dosingpump.shop\/pl\/wp-json\/wp\/v2\/media\/3927"}],"wp:attachment":[{"href":"https:\/\/dosingpump.shop\/pl\/wp-json\/wp\/v2\/media?parent=3928"}],"wp:term":[{"taxonomy":"product_brand","embeddable":true,"href":"https:\/\/dosingpump.shop\/pl\/wp-json\/wp\/v2\/product_brand?post=3928"},{"taxonomy":"product_cat","embeddable":true,"href":"https:\/\/dosingpump.shop\/pl\/wp-json\/wp\/v2\/product_cat?post=3928"},{"taxonomy":"product_tag","embeddable":true,"href":"https:\/\/dosingpump.shop\/pl\/wp-json\/wp\/v2\/product_tag?post=3928"}],"curies":[{"name":"wp","href":"https:\/\/api.w.org\/{rel}","templated":true}]}}