{"id":4017,"date":"2024-12-05T12:21:44","date_gmt":"2024-12-05T12:21:44","guid":{"rendered":"https:\/\/dosingpump.shop\/product\/geleidbaarheidssensor-eicd\/"},"modified":"2026-02-27T14:49:15","modified_gmt":"2026-02-27T12:49:15","slug":"czujnik-przewodnosci-eicd","status":"publish","type":"product","link":"https:\/\/dosingpump.shop\/pl\/product\/geleidbaarheidssensor-eicd\/","title":{"rendered":"Czujnik przewodno\u015bci EICD"},"content":{"rendered":"<p><a>Opis<\/a><br \/>\n<a>Wersje<\/a><br \/>\nOpis<\/p>\n<h2 style=\"margin-bottom: 20px;\"><span style=\"color: #000000;\">Czujnik przewodno\u015bci EIDC<\/span>do u\u017cytku z kontrolerem (Emec)<\/h2>\n<p>To g<span style=\"color: #000000;\">Czujnik kierunkowo\u015bci?<\/span>mierzy przewodno\u015b\u0107 roztworu. Czujnik ten mierzy przewodno\u015b\u0107 za pomoc\u0105 elektrod ze stali nierdzewnej. Obudowa wykonana jest ze stali nierdzewnej, co umo\u017cliwia stosowanie w wysokich temperaturach i ci\u015bnieniach.<\/p>\n<p>Oczywi\u015bcie dostarczamy r\u00f3wnie\u017c sterowniki wsp\u00f3\u0142pracuj\u0105ce z tymi czujnikami.<\/p>\n<p>Szukasz systemu do pomiaru i kontroli przewodno\u015bci? Ch\u0119tnie pomo\u017cemy w wyborze odpowiedniego produktu. Po prostu skontaktuj si\u0119 z nami!<\/p>\n<h3 style=\"font-size: 1.2em; font-style: normal; margin-bottom: 20px;\">Cechy Czujnik przewodno\u015bci EIDC<\/h3>\n<ul style=\"margin-left: 2rem;\">\n<li style=\"font-family: Roboto, sans-serif; font-size: 15px; font-style: normal;\">Materia\u0142: stal nierdzewna 316L z elektrodami ze stali nierdzewnej 316L<\/li>\n<li style=\"font-family: Roboto, sans-serif; font-size: 15px; font-style: normal;\">Mo\u017cliwo\u015b\u0107 zastosowania d\u0142u\u017cszego kabla<\/li>\n<li>Zakres: patrz \"Wersje?<\/li>\n<li style=\"font-family: Roboto, sans-serif; font-size: 15px; font-style: normal;\">Maksymalne ci\u015bnienie: patrz \"Wersje?<\/li>\n<li style=\"font-family: Roboto, sans-serif; font-size: 15px; font-style: normal;\">Maksymalna temperatura: patrz \"Wersje?<\/li>\n<li style=\"font-family: Roboto, sans-serif; font-size: 15px; font-style: normal;\">Minimalna przewodno\u015b\u0107: patrz \"Wersje?<\/li>\n<\/ul>\n<p>Wersje<\/p>\n<p>W poni\u017cszej tabeli mo\u017cna sprawdzi\u0107, kt\u00f3re wersje s\u0105 dost\u0119pne. W tabeli mo\u017cna wybra\u0107 niekt\u00f3re z nich. Nie mo\u017cesz znale\u017a\u0107 odpowiedniego czujnika przewodno\u015bci? Skontaktuj si\u0119 z nami.<\/p>\n<table>\n<tbody>\n<tr>\n<td><b>Model<\/b><\/td>\n<td><b>elektroda<\/b><\/td>\n<td><b>zakres<\/b><\/td>\n<td><b>pasek<\/b><\/td>\n<td><b>temperatura (?C)<\/b><\/td>\n<td><b>czujnik temperatury?<\/b><\/td>\n<td><b>kabel (m)<\/b><\/td>\n<td><b>cia\u0142o<\/b><\/td>\n<td><b>?<\/b><\/td>\n<\/tr>\n<tr>\n<td>EICDC\/1<\/td>\n<td>SS k1<\/td>\n<td>0-20 ms<\/td>\n<td>?0-15<\/td>\n<td>0-130<\/td>\n<td>NTC<\/td>\n<td>4<\/td>\n<td>AISI 316<\/td>\n<td><\/td>\n<\/tr>\n<tr>\n<td>EICDC\/001<\/td>\n<td>SS k0.01<\/td>\n<td>0-20 _S<\/td>\n<td>?0-15<\/td>\n<td>0-130<\/td>\n<td>NTC<\/td>\n<td>4<\/td>\n<td>AISI 316<\/td>\n<td><\/td>\n<\/tr>\n<tr>\n<td>EICDC\/01<\/td>\n<td>SS k0.1<\/td>\n<td>0-200 _S<\/td>\n<td>?0-15<\/td>\n<td>0-130<\/td>\n<td>NTC<\/td>\n<td>4<\/td>\n<td>AISI 316<\/td>\n<td><\/td>\n<\/tr>\n<tr>\n<td>EICDCPT\/001<\/td>\n<td>SS k0.01<\/td>\n<td>0-20 _S<\/td>\n<td>?0-15<\/td>\n<td>0-130<\/td>\n<td>PT100<\/td>\n<td>4<\/td>\n<td>AISI 316<\/td>\n<td><\/td>\n<\/tr>\n<tr>\n<td>EICDCPT\/1<\/td>\n<td>SS k1<\/td>\n<td>0-20 mS<\/td>\n<td>?0-15<\/td>\n<td>0-130<\/td>\n<td>PT100<\/td>\n<td>4<\/td>\n<td>AISI 316<\/td>\n<td><\/td>\n<\/tr>\n<tr>\n<td>EICDCPT\/01<\/td>\n<td>SS k0.1<\/td>\n<td>?0-200 _S<\/td>\n<td>?0-15<\/td>\n<td>0-130<\/td>\n<td>PT100<\/td>\n<td>4<\/td>\n<td>AISI 316<\/td>\n<td><\/td>\n<\/tr>\n<tr>\n<td>EICDHPT\/1<\/td>\n<td>SS k1<\/td>\n<td>0-20 mS<\/td>\n<td>?0-15<\/td>\n<td>0-200<\/td>\n<td>PT100<\/td>\n<td>?4<\/td>\n<td>AISI 316<\/td>\n<td><\/td>\n<\/tr>\n<\/tbody>\n<\/table>","protected":false},"excerpt":{"rendered":"<p><span style=\"color: #000000;\">Czujnik przewodno\u015bci do u\u017cytku ze sterownikiem (Emec). Standardowo dostarczany z kablem o d\u0142ugo\u015bci 4 m.?<\/span><\/p>\n<p>Elektrody: STAL NIERDZEWNA.<\/p>\n<p>Obudowa: stal nierdzewna.<\/p>\n<p>Zakres: 0-200 _S | 0-20 _S | 0-20 mS |.<\/p>\n<p>Maksymalna temperatura: 200\u00b0C.<\/p>\n<p>Dost\u0119pne s\u0105 r\u00f3\u017cne wersje.<\/p>\n<p>Model: EIDC\/1<\/p>","protected":false},"featured_media":4016,"template":"","meta":[],"product_brand":[],"product_cat":[85],"product_tag":[],"class_list":{"0":"post-4017","1":"product","2":"type-product","3":"status-publish","4":"has-post-thumbnail","6":"product_cat-assortiment","8":"first","9":"instock","10":"taxable","11":"shipping-taxable","12":"purchasable","13":"product-type-simple"},"yoast_head":"<!-- This site is optimized with the Yoast SEO plugin v27.2 - https:\/\/yoast.com\/product\/yoast-seo-wordpress\/ -->\n<title>Geleidbaarheidssensor EICD | Dosing Pump Shop B.V.<\/title>\n<meta name=\"description\" content=\"Hoogwaardige geleidbaarheidssensor met RVS behuizing. Deze geleidbaarheidssensor is uit voorraad leverbaar en verkrijgbaar in diverse uitvoeringen.\" \/>\n<meta name=\"robots\" content=\"index, follow, max-snippet:-1, max-image-preview:large, max-video-preview:-1\" \/>\n<link rel=\"canonical\" href=\"https:\/\/dosingpump.shop\/pl\/produkt-2\/czujnik-przewodnosci-eicd\/\" \/>\n<meta property=\"og:locale\" content=\"pl_PL\" \/>\n<meta property=\"og:type\" content=\"article\" \/>\n<meta property=\"og:title\" content=\"Geleidbaarheidssensor EICD | Dosing Pump Shop B.V.\" \/>\n<meta property=\"og:description\" content=\"Hoogwaardige geleidbaarheidssensor met RVS behuizing. Deze geleidbaarheidssensor is uit voorraad leverbaar en verkrijgbaar in diverse uitvoeringen.\" \/>\n<meta property=\"og:url\" content=\"https:\/\/dosingpump.shop\/pl\/produkt-2\/czujnik-przewodnosci-eicd\/\" \/>\n<meta property=\"og:site_name\" content=\"Dosing Pump Shop B.V.\" \/>\n<meta property=\"article:modified_time\" content=\"2026-02-27T12:49:15+00:00\" \/>\n<meta property=\"og:image\" content=\"https:\/\/dosingpump.shop\/wp-content\/uploads\/2024\/12\/Geleidbaarheidssensor-EICD.webp\" \/>\n\t<meta property=\"og:image:width\" content=\"481\" \/>\n\t<meta property=\"og:image:height\" content=\"518\" \/>\n\t<meta property=\"og:image:type\" content=\"image\/webp\" \/>\n<meta name=\"twitter:card\" content=\"summary_large_image\" \/>\n<meta name=\"twitter:label1\" content=\"Cena\" \/>\n\t<meta name=\"twitter:data1\" content=\"&euro;247,00\" \/>\n\t<meta name=\"twitter:label2\" content=\"Dost\u0119pno\u015b\u0107\" \/>\n\t<meta name=\"twitter:data2\" content=\"Dost\u0119pny\" \/>\n<script type=\"application\/ld+json\" class=\"yoast-schema-graph\">{\"@context\":\"https:\/\/schema.org\",\"@graph\":[{\"@type\":\"WebPage\",\"@id\":\"https:\/\/dosingpump.shop\/se\/produkt\/konduktivitetssensor-eicd\/\",\"url\":\"https:\/\/dosingpump.shop\/se\/produkt\/konduktivitetssensor-eicd\/\",\"name\":\"Geleidbaarheidssensor EICD | Dosing Pump Shop B.V.\",\"isPartOf\":{\"@id\":\"https:\/\/dosingpump.shop\/de\/#website\"},\"primaryImageOfPage\":{\"@id\":\"https:\/\/dosingpump.shop\/se\/produkt\/konduktivitetssensor-eicd\/#primaryimage\"},\"image\":{\"@id\":\"https:\/\/dosingpump.shop\/se\/produkt\/konduktivitetssensor-eicd\/#primaryimage\"},\"thumbnailUrl\":\"https:\/\/dosingpump.shop\/wp-content\/uploads\/2024\/12\/Geleidbaarheidssensor-EICD.webp\",\"datePublished\":\"2024-12-05T12:21:44+00:00\",\"dateModified\":\"2026-02-27T12:49:15+00:00\",\"description\":\"Hoogwaardige geleidbaarheidssensor met RVS behuizing. Deze geleidbaarheidssensor is uit voorraad leverbaar en verkrijgbaar in diverse uitvoeringen.\",\"breadcrumb\":{\"@id\":\"https:\/\/dosingpump.shop\/se\/produkt\/konduktivitetssensor-eicd\/#breadcrumb\"},\"inLanguage\":\"pl-PL\",\"potentialAction\":[{\"@type\":\"ReadAction\",\"target\":[\"https:\/\/dosingpump.shop\/se\/produkt\/konduktivitetssensor-eicd\/\"]}]},{\"@type\":\"ImageObject\",\"inLanguage\":\"pl-PL\",\"@id\":\"https:\/\/dosingpump.shop\/se\/produkt\/konduktivitetssensor-eicd\/#primaryimage\",\"url\":\"https:\/\/dosingpump.shop\/wp-content\/uploads\/2024\/12\/Geleidbaarheidssensor-EICD.webp\",\"contentUrl\":\"https:\/\/dosingpump.shop\/wp-content\/uploads\/2024\/12\/Geleidbaarheidssensor-EICD.webp\",\"width\":481,\"height\":518},{\"@type\":\"BreadcrumbList\",\"@id\":\"https:\/\/dosingpump.shop\/se\/produkt\/konduktivitetssensor-eicd\/#breadcrumb\",\"itemListElement\":[{\"@type\":\"ListItem\",\"position\":1,\"name\":\"Home\",\"item\":\"https:\/\/dosingpump.shop\/\"},{\"@type\":\"ListItem\",\"position\":2,\"name\":\"Shop\",\"item\":\"https:\/\/dosingpump.shop\/de\/shop\/\"},{\"@type\":\"ListItem\",\"position\":3,\"name\":\"Geleidbaarheidssensor EICD\"}]},{\"@type\":\"WebSite\",\"@id\":\"https:\/\/dosingpump.shop\/de\/#website\",\"url\":\"https:\/\/dosingpump.shop\/de\/\",\"name\":\"Dosing Pump Shop B.V.\",\"description\":\"\",\"publisher\":{\"@id\":\"https:\/\/dosingpump.shop\/de\/#organization\"},\"potentialAction\":[{\"@type\":\"SearchAction\",\"target\":{\"@type\":\"EntryPoint\",\"urlTemplate\":\"https:\/\/dosingpump.shop\/de\/?s={search_term_string}\"},\"query-input\":{\"@type\":\"PropertyValueSpecification\",\"valueRequired\":true,\"valueName\":\"search_term_string\"}}],\"inLanguage\":\"pl-PL\"},{\"@type\":\"Organization\",\"@id\":\"https:\/\/dosingpump.shop\/de\/#organization\",\"name\":\"Dosing Pump Shop B.V.\",\"url\":\"https:\/\/dosingpump.shop\/de\/\",\"logo\":{\"@type\":\"ImageObject\",\"inLanguage\":\"pl-PL\",\"@id\":\"https:\/\/dosingpump.shop\/de\/#\/schema\/logo\/image\/\",\"url\":\"https:\/\/dosingpump.shop\/wp-content\/uploads\/2024\/10\/Dosing-Pump-Shop-logo.png\",\"contentUrl\":\"https:\/\/dosingpump.shop\/wp-content\/uploads\/2024\/10\/Dosing-Pump-Shop-logo.png\",\"width\":350,\"height\":45,\"caption\":\"Dosing Pump Shop B.V.\"},\"image\":{\"@id\":\"https:\/\/dosingpump.shop\/de\/#\/schema\/logo\/image\/\"},\"sameAs\":[\"https:\/\/linkedin.com\/company\/dosing-pump-shop\"]}]}<\/script>\n<meta property=\"product:price:amount\" content=\"247.00\" \/>\n<meta property=\"product:price:currency\" content=\"EUR\" \/>\n<meta property=\"og:availability\" content=\"instock\" \/>\n<meta property=\"product:availability\" content=\"instock\" \/>\n<meta property=\"product:retailer_item_id\" content=\"15110303-3-1\" \/>\n<meta property=\"product:condition\" content=\"new\" \/>\n<!-- \/ Yoast SEO plugin. -->","yoast_head_json":{"title":"Czujnik przewodno\u015bci EICD | Dosing Pump Shop B.V.","description":"Wysokiej jako\u015bci czujnik przewodno\u015bci z obudow\u0105 ze stali nierdzewnej. Ten czujnik przewodno\u015bci jest dost\u0119pny z magazynu w r\u00f3\u017cnych wersjach.","robots":{"index":"index","follow":"follow","max-snippet":"max-snippet:-1","max-image-preview":"max-image-preview:large","max-video-preview":"max-video-preview:-1"},"canonical":"https:\/\/dosingpump.shop\/pl\/produkt-2\/czujnik-przewodnosci-eicd\/","og_locale":"pl_PL","og_type":"article","og_title":"Geleidbaarheidssensor EICD | Dosing Pump Shop B.V.","og_description":"Hoogwaardige geleidbaarheidssensor met RVS behuizing. Deze geleidbaarheidssensor is uit voorraad leverbaar en verkrijgbaar in diverse uitvoeringen.","og_url":"https:\/\/dosingpump.shop\/pl\/produkt-2\/czujnik-przewodnosci-eicd\/","og_site_name":"Dosing Pump Shop B.V.","article_modified_time":"2026-02-27T12:49:15+00:00","og_image":[{"width":481,"height":518,"url":"https:\/\/dosingpump.shop\/wp-content\/uploads\/2024\/12\/Geleidbaarheidssensor-EICD.webp","type":"image\/webp"}],"twitter_card":"summary_large_image","twitter_misc":{"Cena":"&euro;247,00","Dost\u0119pno\u015b\u0107":"Dost\u0119pny"},"schema":{"@context":"https:\/\/schema.org","@graph":[{"@type":"WebPage","@id":"https:\/\/dosingpump.shop\/se\/produkt\/konduktivitetssensor-eicd\/","url":"https:\/\/dosingpump.shop\/se\/produkt\/konduktivitetssensor-eicd\/","name":"Czujnik przewodno\u015bci EICD | Dosing Pump Shop B.V.","isPartOf":{"@id":"https:\/\/dosingpump.shop\/de\/#website"},"primaryImageOfPage":{"@id":"https:\/\/dosingpump.shop\/se\/produkt\/konduktivitetssensor-eicd\/#primaryimage"},"image":{"@id":"https:\/\/dosingpump.shop\/se\/produkt\/konduktivitetssensor-eicd\/#primaryimage"},"thumbnailUrl":"https:\/\/dosingpump.shop\/wp-content\/uploads\/2024\/12\/Geleidbaarheidssensor-EICD.webp","datePublished":"2024-12-05T12:21:44+00:00","dateModified":"2026-02-27T12:49:15+00:00","description":"Wysokiej jako\u015bci czujnik przewodno\u015bci z obudow\u0105 ze stali nierdzewnej. Ten czujnik przewodno\u015bci jest dost\u0119pny z magazynu w r\u00f3\u017cnych wersjach.","breadcrumb":{"@id":"https:\/\/dosingpump.shop\/se\/produkt\/konduktivitetssensor-eicd\/#breadcrumb"},"inLanguage":"pl-PL","potentialAction":[{"@type":"ReadAction","target":["https:\/\/dosingpump.shop\/se\/produkt\/konduktivitetssensor-eicd\/"]}]},{"@type":"ImageObject","inLanguage":"pl-PL","@id":"https:\/\/dosingpump.shop\/se\/produkt\/konduktivitetssensor-eicd\/#primaryimage","url":"https:\/\/dosingpump.shop\/wp-content\/uploads\/2024\/12\/Geleidbaarheidssensor-EICD.webp","contentUrl":"https:\/\/dosingpump.shop\/wp-content\/uploads\/2024\/12\/Geleidbaarheidssensor-EICD.webp","width":481,"height":518},{"@type":"BreadcrumbList","@id":"https:\/\/dosingpump.shop\/se\/produkt\/konduktivitetssensor-eicd\/#breadcrumb","itemListElement":[{"@type":"ListItem","position":1,"name":"Home","item":"https:\/\/dosingpump.shop\/"},{"@type":"ListItem","position":2,"name":"Shop","item":"https:\/\/dosingpump.shop\/de\/shop\/"},{"@type":"ListItem","position":3,"name":"Geleidbaarheidssensor EICD"}]},{"@type":"WebSite","@id":"https:\/\/dosingpump.shop\/de\/#website","url":"https:\/\/dosingpump.shop\/de\/","name":"Dosing Pump Shop B.V.","description":"","publisher":{"@id":"https:\/\/dosingpump.shop\/de\/#organization"},"potentialAction":[{"@type":"SearchAction","target":{"@type":"EntryPoint","urlTemplate":"https:\/\/dosingpump.shop\/de\/?s={search_term_string}"},"query-input":{"@type":"PropertyValueSpecification","valueRequired":true,"valueName":"search_term_string"}}],"inLanguage":"pl-PL"},{"@type":"Organization","@id":"https:\/\/dosingpump.shop\/de\/#organization","name":"Dosing Pump Shop B.V.","url":"https:\/\/dosingpump.shop\/de\/","logo":{"@type":"ImageObject","inLanguage":"pl-PL","@id":"https:\/\/dosingpump.shop\/de\/#\/schema\/logo\/image\/","url":"https:\/\/dosingpump.shop\/wp-content\/uploads\/2024\/10\/Dosing-Pump-Shop-logo.png","contentUrl":"https:\/\/dosingpump.shop\/wp-content\/uploads\/2024\/10\/Dosing-Pump-Shop-logo.png","width":350,"height":45,"caption":"Dosing Pump Shop B.V."},"image":{"@id":"https:\/\/dosingpump.shop\/de\/#\/schema\/logo\/image\/"},"sameAs":["https:\/\/linkedin.com\/company\/dosing-pump-shop"]}]},"product_price_amount":"247.00","product_price_currency":"EUR","og_availability":"instock","product_availability":"instock","product_retailer_item_id":"15110303-3-1","product_condition":"new"},"_links":{"self":[{"href":"https:\/\/dosingpump.shop\/pl\/wp-json\/wp\/v2\/product\/4017","targetHints":{"allow":["GET"]}}],"collection":[{"href":"https:\/\/dosingpump.shop\/pl\/wp-json\/wp\/v2\/product"}],"about":[{"href":"https:\/\/dosingpump.shop\/pl\/wp-json\/wp\/v2\/types\/product"}],"wp:featuredmedia":[{"embeddable":true,"href":"https:\/\/dosingpump.shop\/pl\/wp-json\/wp\/v2\/media\/4016"}],"wp:attachment":[{"href":"https:\/\/dosingpump.shop\/pl\/wp-json\/wp\/v2\/media?parent=4017"}],"wp:term":[{"taxonomy":"product_brand","embeddable":true,"href":"https:\/\/dosingpump.shop\/pl\/wp-json\/wp\/v2\/product_brand?post=4017"},{"taxonomy":"product_cat","embeddable":true,"href":"https:\/\/dosingpump.shop\/pl\/wp-json\/wp\/v2\/product_cat?post=4017"},{"taxonomy":"product_tag","embeddable":true,"href":"https:\/\/dosingpump.shop\/pl\/wp-json\/wp\/v2\/product_tag?post=4017"}],"curies":[{"name":"wp","href":"https:\/\/api.w.org\/{rel}","templated":true}]}}