{"id":4033,"date":"2024-12-05T12:21:46","date_gmt":"2024-12-05T12:21:46","guid":{"rendered":"https:\/\/dosingpump.shop\/product\/emec-doseerpomp-met-ph-regelaar\/"},"modified":"2026-02-27T14:49:16","modified_gmt":"2026-02-27T12:49:16","slug":"pompa-dozujaca-emec-z-regulatorem-ph","status":"publish","type":"product","link":"https:\/\/dosingpump.shop\/pl\/product\/emec-doseerpomp-met-ph-regelaar\/","title":{"rendered":"Pompa dozuj\u0105ca Emec z kontrolerem pH"},"content":{"rendered":"<h3>Pompa dozuj\u0105ca Emec z kontrolerem pH<\/h3>\n<p>Kontrola pH jest wykorzystywana w wielu sytuacjach. W \u015bwiecie basen\u00f3w, ale tak\u017ce w ogrodnictwie i przemy\u015ble.<br \/>\nTen kompletny zestaw to prosty, ale skuteczny proporcjonalny regulator pH. Do\u0142\u0105czony czujnik pH jest wkr\u0119cany w siod\u0142o wiertnicze lub tr\u00f3jnik za pomoc\u0105 uchwytu czujnika i umo\u017cliwia wbudowanemu regulatorowi pH w pompie dozuj\u0105cej pomiar pH cieczy. Dozuj\u0105c kwas lub \u0142ug, uzyskuje si\u0119 \u017c\u0105dane pH.<\/p>\n<p>Pe\u0142na konfiguracja PVDF zapewnia d\u0142ug\u0105 \u017cywotno\u015b\u0107, nawet przy wy\u017cszych st\u0119\u017ceniach kwasu. VMS PO posiada bardzo wygodn\u0105 funkcj\u0119 p\u0142ywaka na filtrze ss\u0105cym. Wy\u0142\u0105cza ona pomp\u0119, gdy zbiornik jest pusty, zapobiegaj\u0105c opr\u00f3\u017cnieniu ca\u0142ej instalacji rurowej. Sygna\u0142 alarmowy mo\u017cna r\u00f3wnie\u017c wyprowadzi\u0107 na zewn\u0105trz i pod\u0142\u0105czy\u0107 do niego alarm.<\/p>\n<p>Emec VMS PO ma r\u0119czne odpowietrzanie.<\/p>\n<p>Ta konfiguracja jest odpowiednia dla kwas\u00f3w. Czy chcesz precyzyjnie zwi\u0119kszy\u0107 pH za pomoc\u0105 \u0142ugu? Oczywi\u015bcie, \u017ce tak. Je\u015bli tak, prosimy o kontakt!<\/p>\n<p>Wersja: VMS PO 10-04 z czujnikiem pH z kablem 0,8 m i uchwytem czujnika z gwintem 1\/2.<\/p>\n<p>Potrzebujesz wi\u0119cej informacji lub wyceny? Skontaktuj si\u0119 z nami!<\/p>\n<p>Cechy Pompa dozuj\u0105ca Emec z regulatorem ph<br \/>\nKonstrukcja szczeg\u00f3lnie odpowiednia do monta\u017cu na \u015bcianie<br \/>\nWyposa\u017cony w czytelny wy\u015bwietlacz LCD<br \/>\nPe\u0142na konfiguracja PVDF (g\u0142owica pompy, z\u0142\u0105czka wtryskowa, filtr ss\u0105cy i t\u0142oczny oraz w\u0119\u017ce ss\u0105ce)<br \/>\nDostarczany z kompletnym zestawem (2 m w\u0105\u017c ci\u015bnieniowy i ss\u0105cy, zaw\u00f3r wtryskowy i filtr ss\u0105cy)<br \/>\nDost\u0119pna wersja cicha.<br \/>\nDost\u0119pny przep\u0142yw i ci\u015bnienie<\/p>\n<p>Emec VMS PO Wersje<\/p>\n<p>&nbsp;<\/p>\n<table>\n<tbody>\n<tr>\n<th><span style=\"font-weight: 400;\">Ci\u015bnienie (bar)<\/span><\/th>\n<th><span style=\"font-weight: 400;\">Przep\u0142yw (l\/godz.)<\/span><\/th>\n<\/tr>\n<tr>\n<td>20<\/td>\n<td>01<\/td>\n<\/tr>\n<tr>\n<td>10<\/td>\n<td>04<\/td>\n<\/tr>\n<tr>\n<td>07<\/td>\n<td>06<\/td>\n<\/tr>\n<tr>\n<td>03<\/td>\n<td>10<\/td>\n<\/tr>\n<tr>\n<td>01<\/td>\n<td>16<\/td>\n<\/tr>\n<tr>\n<td><\/td>\n<td><\/td>\n<\/tr>\n<\/tbody>\n<\/table>\n<p>Dost\u0119pne s\u0105 r\u00f3\u017cne wersje tej pompy. Prosimy o kontakt!<\/p>","protected":false},"excerpt":{"rendered":"<p>Kompletny zestaw pompy dozuj\u0105cej, czujnika pH i uchwytu czujnika.<\/p>\n<p>Automatycznie reguluje na przyk\u0142ad pH basenu lub niecki.<\/p>\n<p>Regularnie stosowany r\u00f3wnie\u017c w ogrodnictwie.<\/p>\n<p>Wersja: VMS PO z czujnikiem pH z kablem 0,8 m i uchwytem czujnika 1\/2\u2033. Odpowiedni do kwas\u00f3w.<\/p>\n<p>Potrzebujesz innej wersji? Popro\u015b o wycen\u0119!<\/p>","protected":false},"featured_media":4032,"template":"","meta":[],"product_brand":[],"product_cat":[17],"product_tag":[],"class_list":{"0":"post-4033","1":"product","2":"type-product","3":"status-publish","4":"has-post-thumbnail","6":"product_cat-doseerpompen","8":"first","9":"instock","10":"taxable","11":"shipping-taxable","12":"purchasable","13":"product-type-simple"},"yoast_head":"<!-- This site is optimized with the Yoast SEO plugin v27.2 - https:\/\/yoast.com\/product\/yoast-seo-wordpress\/ -->\n<title>Emec doseerpomp met pH regelaar | Dosing Pump Shop B.V.<\/title>\n<meta name=\"description\" content=\"Complete set van Emec doseerpomp met pH regelaar voor het automatisch regelen van de pH van een volumestroom. _ ruime voorraad _ goed advies.\" \/>\n<meta name=\"robots\" content=\"index, follow, max-snippet:-1, max-image-preview:large, max-video-preview:-1\" \/>\n<link rel=\"canonical\" href=\"https:\/\/dosingpump.shop\/pl\/produkt-2\/pompa-dozujaca-emec-z-regulatorem-ph\/\" \/>\n<meta property=\"og:locale\" content=\"pl_PL\" \/>\n<meta property=\"og:type\" content=\"article\" \/>\n<meta property=\"og:title\" content=\"Emec doseerpomp met pH regelaar | Dosing Pump Shop B.V.\" \/>\n<meta property=\"og:description\" content=\"Complete set van Emec doseerpomp met pH regelaar voor het automatisch regelen van de pH van een volumestroom. _ ruime voorraad _ goed advies.\" \/>\n<meta property=\"og:url\" content=\"https:\/\/dosingpump.shop\/pl\/produkt-2\/pompa-dozujaca-emec-z-regulatorem-ph\/\" \/>\n<meta property=\"og:site_name\" content=\"Dosing Pump Shop B.V.\" \/>\n<meta property=\"article:modified_time\" content=\"2026-02-27T12:49:16+00:00\" \/>\n<meta property=\"og:image\" content=\"https:\/\/dosingpump.shop\/wp-content\/uploads\/2024\/12\/Doseerpomp-met-ph-regelaar.webp\" \/>\n\t<meta property=\"og:image:width\" content=\"316\" \/>\n\t<meta property=\"og:image:height\" content=\"368\" \/>\n\t<meta property=\"og:image:type\" content=\"image\/webp\" \/>\n<meta name=\"twitter:card\" content=\"summary_large_image\" \/>\n<meta name=\"twitter:label1\" content=\"Cena\" \/>\n\t<meta name=\"twitter:data1\" content=\"&euro;730,00\" \/>\n\t<meta name=\"twitter:label2\" content=\"Dost\u0119pno\u015b\u0107\" \/>\n\t<meta name=\"twitter:data2\" content=\"Dost\u0119pny\" \/>\n<script type=\"application\/ld+json\" class=\"yoast-schema-graph\">{\"@context\":\"https:\/\/schema.org\",\"@graph\":[{\"@type\":\"WebPage\",\"@id\":\"https:\/\/dosingpump.shop\/de\/produkt\/emec-dosierpumpe-mit-ph-regler\/\",\"url\":\"https:\/\/dosingpump.shop\/de\/produkt\/emec-dosierpumpe-mit-ph-regler\/\",\"name\":\"Emec doseerpomp met pH regelaar | Dosing Pump Shop B.V.\",\"isPartOf\":{\"@id\":\"https:\/\/dosingpump.shop\/de\/#website\"},\"primaryImageOfPage\":{\"@id\":\"https:\/\/dosingpump.shop\/de\/produkt\/emec-dosierpumpe-mit-ph-regler\/#primaryimage\"},\"image\":{\"@id\":\"https:\/\/dosingpump.shop\/de\/produkt\/emec-dosierpumpe-mit-ph-regler\/#primaryimage\"},\"thumbnailUrl\":\"https:\/\/dosingpump.shop\/wp-content\/uploads\/2024\/12\/Doseerpomp-met-ph-regelaar.webp\",\"datePublished\":\"2024-12-05T12:21:46+00:00\",\"dateModified\":\"2026-02-27T12:49:16+00:00\",\"description\":\"Complete set van Emec doseerpomp met pH regelaar voor het automatisch regelen van de pH van een volumestroom. _ ruime voorraad _ goed advies.\",\"breadcrumb\":{\"@id\":\"https:\/\/dosingpump.shop\/de\/produkt\/emec-dosierpumpe-mit-ph-regler\/#breadcrumb\"},\"inLanguage\":\"pl-PL\",\"potentialAction\":[{\"@type\":\"ReadAction\",\"target\":[\"https:\/\/dosingpump.shop\/de\/produkt\/emec-dosierpumpe-mit-ph-regler\/\"]}]},{\"@type\":\"ImageObject\",\"inLanguage\":\"pl-PL\",\"@id\":\"https:\/\/dosingpump.shop\/de\/produkt\/emec-dosierpumpe-mit-ph-regler\/#primaryimage\",\"url\":\"https:\/\/dosingpump.shop\/wp-content\/uploads\/2024\/12\/Doseerpomp-met-ph-regelaar.webp\",\"contentUrl\":\"https:\/\/dosingpump.shop\/wp-content\/uploads\/2024\/12\/Doseerpomp-met-ph-regelaar.webp\",\"width\":316,\"height\":368},{\"@type\":\"BreadcrumbList\",\"@id\":\"https:\/\/dosingpump.shop\/de\/produkt\/emec-dosierpumpe-mit-ph-regler\/#breadcrumb\",\"itemListElement\":[{\"@type\":\"ListItem\",\"position\":1,\"name\":\"Home\",\"item\":\"https:\/\/dosingpump.shop\/\"},{\"@type\":\"ListItem\",\"position\":2,\"name\":\"Shop\",\"item\":\"https:\/\/dosingpump.shop\/de\/shop\/\"},{\"@type\":\"ListItem\",\"position\":3,\"name\":\"Emec doseerpomp met pH regelaar\"}]},{\"@type\":\"WebSite\",\"@id\":\"https:\/\/dosingpump.shop\/de\/#website\",\"url\":\"https:\/\/dosingpump.shop\/de\/\",\"name\":\"Dosing Pump Shop B.V.\",\"description\":\"\",\"publisher\":{\"@id\":\"https:\/\/dosingpump.shop\/de\/#organization\"},\"potentialAction\":[{\"@type\":\"SearchAction\",\"target\":{\"@type\":\"EntryPoint\",\"urlTemplate\":\"https:\/\/dosingpump.shop\/de\/?s={search_term_string}\"},\"query-input\":{\"@type\":\"PropertyValueSpecification\",\"valueRequired\":true,\"valueName\":\"search_term_string\"}}],\"inLanguage\":\"pl-PL\"},{\"@type\":\"Organization\",\"@id\":\"https:\/\/dosingpump.shop\/de\/#organization\",\"name\":\"Dosing Pump Shop B.V.\",\"url\":\"https:\/\/dosingpump.shop\/de\/\",\"logo\":{\"@type\":\"ImageObject\",\"inLanguage\":\"pl-PL\",\"@id\":\"https:\/\/dosingpump.shop\/de\/#\/schema\/logo\/image\/\",\"url\":\"https:\/\/dosingpump.shop\/wp-content\/uploads\/2024\/10\/Dosing-Pump-Shop-logo.png\",\"contentUrl\":\"https:\/\/dosingpump.shop\/wp-content\/uploads\/2024\/10\/Dosing-Pump-Shop-logo.png\",\"width\":350,\"height\":45,\"caption\":\"Dosing Pump Shop B.V.\"},\"image\":{\"@id\":\"https:\/\/dosingpump.shop\/de\/#\/schema\/logo\/image\/\"},\"sameAs\":[\"https:\/\/linkedin.com\/company\/dosing-pump-shop\"]}]}<\/script>\n<meta property=\"product:price:amount\" content=\"730.00\" \/>\n<meta property=\"product:price:currency\" content=\"EUR\" \/>\n<meta property=\"og:availability\" content=\"instock\" \/>\n<meta property=\"product:availability\" content=\"instock\" \/>\n<meta property=\"product:condition\" content=\"new\" \/>\n<!-- \/ Yoast SEO plugin. -->","yoast_head_json":{"title":"Pompa dozuj\u0105ca Emec z regulatorem pH | Dosing Pump Shop B.V.","description":"Kompletny zestaw pompy dozuj\u0105cej Emec z regulatorem pH do automatycznej kontroli pH przep\u0142ywu obj\u0119to\u015bciowego. Du\u017cy zapas _ dobra rada.","robots":{"index":"index","follow":"follow","max-snippet":"max-snippet:-1","max-image-preview":"max-image-preview:large","max-video-preview":"max-video-preview:-1"},"canonical":"https:\/\/dosingpump.shop\/pl\/produkt-2\/pompa-dozujaca-emec-z-regulatorem-ph\/","og_locale":"pl_PL","og_type":"article","og_title":"Emec doseerpomp met pH regelaar | Dosing Pump Shop B.V.","og_description":"Complete set van Emec doseerpomp met pH regelaar voor het automatisch regelen van de pH van een volumestroom. _ ruime voorraad _ goed advies.","og_url":"https:\/\/dosingpump.shop\/pl\/produkt-2\/pompa-dozujaca-emec-z-regulatorem-ph\/","og_site_name":"Dosing Pump Shop B.V.","article_modified_time":"2026-02-27T12:49:16+00:00","og_image":[{"width":316,"height":368,"url":"https:\/\/dosingpump.shop\/wp-content\/uploads\/2024\/12\/Doseerpomp-met-ph-regelaar.webp","type":"image\/webp"}],"twitter_card":"summary_large_image","twitter_misc":{"Cena":"&euro;730,00","Dost\u0119pno\u015b\u0107":"Dost\u0119pny"},"schema":{"@context":"https:\/\/schema.org","@graph":[{"@type":"WebPage","@id":"https:\/\/dosingpump.shop\/de\/produkt\/emec-dosierpumpe-mit-ph-regler\/","url":"https:\/\/dosingpump.shop\/de\/produkt\/emec-dosierpumpe-mit-ph-regler\/","name":"Pompa dozuj\u0105ca Emec z regulatorem pH | Dosing Pump Shop B.V.","isPartOf":{"@id":"https:\/\/dosingpump.shop\/de\/#website"},"primaryImageOfPage":{"@id":"https:\/\/dosingpump.shop\/de\/produkt\/emec-dosierpumpe-mit-ph-regler\/#primaryimage"},"image":{"@id":"https:\/\/dosingpump.shop\/de\/produkt\/emec-dosierpumpe-mit-ph-regler\/#primaryimage"},"thumbnailUrl":"https:\/\/dosingpump.shop\/wp-content\/uploads\/2024\/12\/Doseerpomp-met-ph-regelaar.webp","datePublished":"2024-12-05T12:21:46+00:00","dateModified":"2026-02-27T12:49:16+00:00","description":"Kompletny zestaw pompy dozuj\u0105cej Emec z regulatorem pH do automatycznej kontroli pH przep\u0142ywu obj\u0119to\u015bciowego. Du\u017cy zapas _ dobra rada.","breadcrumb":{"@id":"https:\/\/dosingpump.shop\/de\/produkt\/emec-dosierpumpe-mit-ph-regler\/#breadcrumb"},"inLanguage":"pl-PL","potentialAction":[{"@type":"ReadAction","target":["https:\/\/dosingpump.shop\/de\/produkt\/emec-dosierpumpe-mit-ph-regler\/"]}]},{"@type":"ImageObject","inLanguage":"pl-PL","@id":"https:\/\/dosingpump.shop\/de\/produkt\/emec-dosierpumpe-mit-ph-regler\/#primaryimage","url":"https:\/\/dosingpump.shop\/wp-content\/uploads\/2024\/12\/Doseerpomp-met-ph-regelaar.webp","contentUrl":"https:\/\/dosingpump.shop\/wp-content\/uploads\/2024\/12\/Doseerpomp-met-ph-regelaar.webp","width":316,"height":368},{"@type":"BreadcrumbList","@id":"https:\/\/dosingpump.shop\/de\/produkt\/emec-dosierpumpe-mit-ph-regler\/#breadcrumb","itemListElement":[{"@type":"ListItem","position":1,"name":"Home","item":"https:\/\/dosingpump.shop\/"},{"@type":"ListItem","position":2,"name":"Shop","item":"https:\/\/dosingpump.shop\/de\/shop\/"},{"@type":"ListItem","position":3,"name":"Emec doseerpomp met pH regelaar"}]},{"@type":"WebSite","@id":"https:\/\/dosingpump.shop\/de\/#website","url":"https:\/\/dosingpump.shop\/de\/","name":"Dosing Pump Shop B.V.","description":"","publisher":{"@id":"https:\/\/dosingpump.shop\/de\/#organization"},"potentialAction":[{"@type":"SearchAction","target":{"@type":"EntryPoint","urlTemplate":"https:\/\/dosingpump.shop\/de\/?s={search_term_string}"},"query-input":{"@type":"PropertyValueSpecification","valueRequired":true,"valueName":"search_term_string"}}],"inLanguage":"pl-PL"},{"@type":"Organization","@id":"https:\/\/dosingpump.shop\/de\/#organization","name":"Dosing Pump Shop B.V.","url":"https:\/\/dosingpump.shop\/de\/","logo":{"@type":"ImageObject","inLanguage":"pl-PL","@id":"https:\/\/dosingpump.shop\/de\/#\/schema\/logo\/image\/","url":"https:\/\/dosingpump.shop\/wp-content\/uploads\/2024\/10\/Dosing-Pump-Shop-logo.png","contentUrl":"https:\/\/dosingpump.shop\/wp-content\/uploads\/2024\/10\/Dosing-Pump-Shop-logo.png","width":350,"height":45,"caption":"Dosing Pump Shop B.V."},"image":{"@id":"https:\/\/dosingpump.shop\/de\/#\/schema\/logo\/image\/"},"sameAs":["https:\/\/linkedin.com\/company\/dosing-pump-shop"]}]},"product_price_amount":"730.00","product_price_currency":"EUR","og_availability":"instock","product_availability":"instock","product_condition":"new"},"_links":{"self":[{"href":"https:\/\/dosingpump.shop\/pl\/wp-json\/wp\/v2\/product\/4033","targetHints":{"allow":["GET"]}}],"collection":[{"href":"https:\/\/dosingpump.shop\/pl\/wp-json\/wp\/v2\/product"}],"about":[{"href":"https:\/\/dosingpump.shop\/pl\/wp-json\/wp\/v2\/types\/product"}],"wp:featuredmedia":[{"embeddable":true,"href":"https:\/\/dosingpump.shop\/pl\/wp-json\/wp\/v2\/media\/4032"}],"wp:attachment":[{"href":"https:\/\/dosingpump.shop\/pl\/wp-json\/wp\/v2\/media?parent=4033"}],"wp:term":[{"taxonomy":"product_brand","embeddable":true,"href":"https:\/\/dosingpump.shop\/pl\/wp-json\/wp\/v2\/product_brand?post=4033"},{"taxonomy":"product_cat","embeddable":true,"href":"https:\/\/dosingpump.shop\/pl\/wp-json\/wp\/v2\/product_cat?post=4033"},{"taxonomy":"product_tag","embeddable":true,"href":"https:\/\/dosingpump.shop\/pl\/wp-json\/wp\/v2\/product_tag?post=4033"}],"curies":[{"name":"wp","href":"https:\/\/api.w.org\/{rel}","templated":true}]}}