{"id":4069,"date":"2024-12-05T12:21:49","date_gmt":"2024-12-05T12:21:49","guid":{"rendered":"https:\/\/dosingpump.shop\/product\/vrij-chloor-doseersysteem-voor-zwembaden\/"},"modified":"2026-02-27T14:49:17","modified_gmt":"2026-02-27T12:49:17","slug":"system-dozowania-wolnego-chloru-do-basenow","status":"publish","type":"product","link":"https:\/\/dosingpump.shop\/pl\/product\/vrij-chloor-doseersysteem-voor-zwembaden\/","title":{"rendered":"System dozowania wolnego chloru do basen\u00f3w"},"content":{"rendered":"<p>System dozowania wolnego chloru EMEC WDPHCL oferuje zaawansowane rozwi\u0105zanie do automatycznego pomiaru i regulacji poziomu wolnego chloru i pH w wodzie basenowej. Ten pakiet jest idealny do r\u00f3\u017cnych zastosowa\u0144, od prywatnych basen\u00f3w po publiczne obiekty p\u0142ywackie i spa. Zawsze zapewnia optymaln\u0105 jako\u015b\u0107 i bezpiecze\u0144stwo wody.<\/p>\n<p>&nbsp;<\/p>\n<h3>Wydajna pompa dozuj\u0105ca Emec WDPHCL<\/h3>\n<p>Rdzeniem tego systemu jest pompa dozuj\u0105ca Emec WDPHCL. Pompa ta znana jest z niezawodno\u015bci i wysokiej jako\u015bci. Jej trwa\u0142a konstrukcja obejmuje membran\u0119 wykonan\u0105 w ca\u0142o\u015bci z PTFE i o-ringi z Vitonu. Ponadto g\u0142owice pompy s\u0105 wykonane z wytrzyma\u0142ego PVDF.<\/p>\n<p>Pompa zosta\u0142a zaprojektowana z my\u015bl\u0105 o \u0142atwo\u015bci u\u017cytkowania. Instalacja jest \u0142atwa dzi\u0119ki monta\u017cowi na \u015bcianie. Wszystkie niezb\u0119dne materia\u0142y po\u0142\u0105czeniowe s\u0105 standardowo do\u0142\u0105czone, takie jak filtry ss\u0105ce, zawory wtryskowe 1\/2\u2033 i w\u0119\u017ce 4x6 mm. Innowacyjny system kalibracji gwarantuje dok\u0142adne pomiary. Opcjonalnie dost\u0119pny jest r\u00f3wnie\u017c czujnik przep\u0142ywu. Emec oferuje hojn\u0105 5-letni\u0105 gwarancj\u0119 na \"such\u0105 cz\u0119\u015b\u0107\", w tym membran\u0119.<\/p>\n<p>&nbsp;<\/p>\n<h3>Elektroda wolnego chloru Accurate Emec ECL6<\/h3>\n<p>Elektroda wolnego chloru Emec ECL6 jest niezb\u0119dnym elementem tego systemu dozowania. Jest to otwarte ogniwo amperometryczne, kt\u00f3re bardzo dok\u0142adnie mierzy wolny chlor. Czujnik dzia\u0142a pod maksymalnym ci\u015bnieniem 5 bar\u00f3w. Ponadto czujnik wymaga przep\u0142ywu 40 litr\u00f3w na godzin\u0119.<\/p>\n<p>Zakres pomiarowy wolnego chloru wynosi od 0 do 10 mg\/l (0 - 10 ppm). Temperatura pracy wynosi od 5 do 40 \u00b0C. Czujnik dzia\u0142a optymalnie w zakresie pH od 6 do 8. Razem te komponenty tworz\u0105 wydajny i niezawodny system zapewniaj\u0105cy zdrowe \u015brodowisko wody w k\u0105pielisku.<\/p>","protected":false},"excerpt":{"rendered":"<ul>\n<li>Bezpieczna i czysta woda w k\u0105pieliskach spe\u0142niaj\u0105ca odpowiednie wymogi bezpiecze\u0144stwa<\/li>\n<li>Automatyczna regulacja na podstawie wolnego chloru i pH<\/li>\n<li>Mo\u017cliwe s\u0105 r\u00f3wnie\u017c pompy w\u0119\u017cowe<\/li>\n<li>Zdalne sterowanie przez 3G, Wi-Fi i Ethernet (serwer ERMES) (opcja dodatkowa)<\/li>\n<li>Wraz z pomp\u0105 dozuj\u0105c\u0105 Emec WDPHCL z g\u0142owic\u0105 z PVDF<\/li>\n<li>W zestawie czujnik wolnego chloru (Emec ECL6)<\/li>\n<li>5-letnia gwarancja (z wy\u0142\u0105czeniem cz\u0119\u015bci mokrych)<\/li>\n<\/ul>","protected":false},"featured_media":4038,"template":"","meta":[],"product_brand":[],"product_cat":[85],"product_tag":[],"class_list":{"0":"post-4069","1":"product","2":"type-product","3":"status-publish","4":"has-post-thumbnail","6":"product_cat-assortiment","8":"first","9":"instock","10":"taxable","11":"shipping-taxable","12":"purchasable","13":"product-type-simple"},"yoast_head":"<!-- This site is optimized with the Yoast SEO plugin v27.2 - https:\/\/yoast.com\/product\/yoast-seo-wordpress\/ -->\n<title>Vrij Chloor Doseersysteem | Pakket met Doseerpomp + Vrij Chloor Sensor<\/title>\n<meta name=\"description\" content=\"Speciaal voor vrij chloor meten en reguleren van vrij chloor in zwembaden biedt dit pakket een pomp en sensor voor automatische regulering.\" \/>\n<meta name=\"robots\" content=\"index, follow, max-snippet:-1, max-image-preview:large, max-video-preview:-1\" \/>\n<link rel=\"canonical\" href=\"https:\/\/dosingpump.shop\/pl\/produkt-2\/system-dozowania-wolnego-chloru-do-basenow\/\" \/>\n<meta property=\"og:locale\" content=\"pl_PL\" \/>\n<meta property=\"og:type\" content=\"article\" \/>\n<meta property=\"og:title\" content=\"Vrij Chloor Doseersysteem | Pakket met Doseerpomp + Vrij Chloor Sensor\" \/>\n<meta property=\"og:description\" content=\"Speciaal voor vrij chloor meten en reguleren van vrij chloor in zwembaden biedt dit pakket een pomp en sensor voor automatische regulering.\" \/>\n<meta property=\"og:url\" content=\"https:\/\/dosingpump.shop\/pl\/produkt-2\/system-dozowania-wolnego-chloru-do-basenow\/\" \/>\n<meta property=\"og:site_name\" content=\"Dosing Pump Shop B.V.\" \/>\n<meta property=\"article:modified_time\" content=\"2026-02-27T12:49:17+00:00\" \/>\n<meta property=\"og:image\" content=\"https:\/\/dosingpump.shop\/wp-content\/uploads\/2024\/12\/Automatische-chloor-ph-regeling.webp\" \/>\n\t<meta property=\"og:image:width\" content=\"500\" \/>\n\t<meta property=\"og:image:height\" content=\"500\" \/>\n\t<meta property=\"og:image:type\" content=\"image\/webp\" \/>\n<meta name=\"twitter:card\" content=\"summary_large_image\" \/>\n<meta name=\"twitter:label1\" content=\"Cena\" \/>\n\t<meta name=\"twitter:data1\" content=\"&euro;2.317,00\" \/>\n\t<meta name=\"twitter:label2\" content=\"Dost\u0119pno\u015b\u0107\" \/>\n\t<meta name=\"twitter:data2\" content=\"Dost\u0119pny\" \/>\n<script type=\"application\/ld+json\" class=\"yoast-schema-graph\">{\"@context\":\"https:\/\/schema.org\",\"@graph\":[{\"@type\":\"WebPage\",\"@id\":\"https:\/\/dosingpump.shop\/lt\/produktas\/laisvojo-chloro-dozavimo-sistema-baseinams\/\",\"url\":\"https:\/\/dosingpump.shop\/lt\/produktas\/laisvojo-chloro-dozavimo-sistema-baseinams\/\",\"name\":\"Vrij Chloor Doseersysteem | Pakket met Doseerpomp + Vrij Chloor Sensor\",\"isPartOf\":{\"@id\":\"https:\/\/dosingpump.shop\/de\/#website\"},\"primaryImageOfPage\":{\"@id\":\"https:\/\/dosingpump.shop\/lt\/produktas\/laisvojo-chloro-dozavimo-sistema-baseinams\/#primaryimage\"},\"image\":{\"@id\":\"https:\/\/dosingpump.shop\/lt\/produktas\/laisvojo-chloro-dozavimo-sistema-baseinams\/#primaryimage\"},\"thumbnailUrl\":\"https:\/\/dosingpump.shop\/wp-content\/uploads\/2024\/12\/Automatische-chloor-ph-regeling.webp\",\"datePublished\":\"2024-12-05T12:21:49+00:00\",\"dateModified\":\"2026-02-27T12:49:17+00:00\",\"description\":\"Speciaal voor vrij chloor meten en reguleren van vrij chloor in zwembaden biedt dit pakket een pomp en sensor voor automatische regulering.\",\"breadcrumb\":{\"@id\":\"https:\/\/dosingpump.shop\/lt\/produktas\/laisvojo-chloro-dozavimo-sistema-baseinams\/#breadcrumb\"},\"inLanguage\":\"pl-PL\",\"potentialAction\":[{\"@type\":\"ReadAction\",\"target\":[\"https:\/\/dosingpump.shop\/lt\/produktas\/laisvojo-chloro-dozavimo-sistema-baseinams\/\"]}]},{\"@type\":\"ImageObject\",\"inLanguage\":\"pl-PL\",\"@id\":\"https:\/\/dosingpump.shop\/lt\/produktas\/laisvojo-chloro-dozavimo-sistema-baseinams\/#primaryimage\",\"url\":\"https:\/\/dosingpump.shop\/wp-content\/uploads\/2024\/12\/Automatische-chloor-ph-regeling.webp\",\"contentUrl\":\"https:\/\/dosingpump.shop\/wp-content\/uploads\/2024\/12\/Automatische-chloor-ph-regeling.webp\",\"width\":500,\"height\":500},{\"@type\":\"BreadcrumbList\",\"@id\":\"https:\/\/dosingpump.shop\/lt\/produktas\/laisvojo-chloro-dozavimo-sistema-baseinams\/#breadcrumb\",\"itemListElement\":[{\"@type\":\"ListItem\",\"position\":1,\"name\":\"Home\",\"item\":\"https:\/\/dosingpump.shop\/\"},{\"@type\":\"ListItem\",\"position\":2,\"name\":\"Shop\",\"item\":\"https:\/\/dosingpump.shop\/de\/shop\/\"},{\"@type\":\"ListItem\",\"position\":3,\"name\":\"Vrij Chloor Doseersysteem voor Zwembaden\"}]},{\"@type\":\"WebSite\",\"@id\":\"https:\/\/dosingpump.shop\/de\/#website\",\"url\":\"https:\/\/dosingpump.shop\/de\/\",\"name\":\"Dosing Pump Shop B.V.\",\"description\":\"\",\"publisher\":{\"@id\":\"https:\/\/dosingpump.shop\/de\/#organization\"},\"potentialAction\":[{\"@type\":\"SearchAction\",\"target\":{\"@type\":\"EntryPoint\",\"urlTemplate\":\"https:\/\/dosingpump.shop\/de\/?s={search_term_string}\"},\"query-input\":{\"@type\":\"PropertyValueSpecification\",\"valueRequired\":true,\"valueName\":\"search_term_string\"}}],\"inLanguage\":\"pl-PL\"},{\"@type\":\"Organization\",\"@id\":\"https:\/\/dosingpump.shop\/de\/#organization\",\"name\":\"Dosing Pump Shop B.V.\",\"url\":\"https:\/\/dosingpump.shop\/de\/\",\"logo\":{\"@type\":\"ImageObject\",\"inLanguage\":\"pl-PL\",\"@id\":\"https:\/\/dosingpump.shop\/de\/#\/schema\/logo\/image\/\",\"url\":\"https:\/\/dosingpump.shop\/wp-content\/uploads\/2024\/10\/Dosing-Pump-Shop-logo.png\",\"contentUrl\":\"https:\/\/dosingpump.shop\/wp-content\/uploads\/2024\/10\/Dosing-Pump-Shop-logo.png\",\"width\":350,\"height\":45,\"caption\":\"Dosing Pump Shop B.V.\"},\"image\":{\"@id\":\"https:\/\/dosingpump.shop\/de\/#\/schema\/logo\/image\/\"},\"sameAs\":[\"https:\/\/linkedin.com\/company\/dosing-pump-shop\"]}]}<\/script>\n<meta property=\"product:price:amount\" content=\"2317.00\" \/>\n<meta property=\"product:price:currency\" content=\"EUR\" \/>\n<meta property=\"og:availability\" content=\"instock\" \/>\n<meta property=\"product:availability\" content=\"instock\" \/>\n<meta property=\"product:retailer_item_id\" content=\"WDPHCL-1\" \/>\n<meta property=\"product:condition\" content=\"new\" \/>\n<!-- \/ Yoast SEO plugin. -->","yoast_head_json":{"title":"System dozowania wolnego chloru | Pakiet z pomp\u0105 dozuj\u0105c\u0105 + czujnik wolnego chloru","description":"Specjalnie do pomiaru i regulacji wolnego chloru w basenach, pakiet ten oferuje pomp\u0119 i czujnik do automatycznej regulacji.","robots":{"index":"index","follow":"follow","max-snippet":"max-snippet:-1","max-image-preview":"max-image-preview:large","max-video-preview":"max-video-preview:-1"},"canonical":"https:\/\/dosingpump.shop\/pl\/produkt-2\/system-dozowania-wolnego-chloru-do-basenow\/","og_locale":"pl_PL","og_type":"article","og_title":"Vrij Chloor Doseersysteem | Pakket met Doseerpomp + Vrij Chloor Sensor","og_description":"Speciaal voor vrij chloor meten en reguleren van vrij chloor in zwembaden biedt dit pakket een pomp en sensor voor automatische regulering.","og_url":"https:\/\/dosingpump.shop\/pl\/produkt-2\/system-dozowania-wolnego-chloru-do-basenow\/","og_site_name":"Dosing Pump Shop B.V.","article_modified_time":"2026-02-27T12:49:17+00:00","og_image":[{"width":500,"height":500,"url":"https:\/\/dosingpump.shop\/wp-content\/uploads\/2024\/12\/Automatische-chloor-ph-regeling.webp","type":"image\/webp"}],"twitter_card":"summary_large_image","twitter_misc":{"Cena":"&euro;2.317,00","Dost\u0119pno\u015b\u0107":"Dost\u0119pny"},"schema":{"@context":"https:\/\/schema.org","@graph":[{"@type":"WebPage","@id":"https:\/\/dosingpump.shop\/lt\/produktas\/laisvojo-chloro-dozavimo-sistema-baseinams\/","url":"https:\/\/dosingpump.shop\/lt\/produktas\/laisvojo-chloro-dozavimo-sistema-baseinams\/","name":"System dozowania wolnego chloru | Pakiet z pomp\u0105 dozuj\u0105c\u0105 + czujnik wolnego chloru","isPartOf":{"@id":"https:\/\/dosingpump.shop\/de\/#website"},"primaryImageOfPage":{"@id":"https:\/\/dosingpump.shop\/lt\/produktas\/laisvojo-chloro-dozavimo-sistema-baseinams\/#primaryimage"},"image":{"@id":"https:\/\/dosingpump.shop\/lt\/produktas\/laisvojo-chloro-dozavimo-sistema-baseinams\/#primaryimage"},"thumbnailUrl":"https:\/\/dosingpump.shop\/wp-content\/uploads\/2024\/12\/Automatische-chloor-ph-regeling.webp","datePublished":"2024-12-05T12:21:49+00:00","dateModified":"2026-02-27T12:49:17+00:00","description":"Specjalnie do pomiaru i regulacji wolnego chloru w basenach, pakiet ten oferuje pomp\u0119 i czujnik do automatycznej regulacji.","breadcrumb":{"@id":"https:\/\/dosingpump.shop\/lt\/produktas\/laisvojo-chloro-dozavimo-sistema-baseinams\/#breadcrumb"},"inLanguage":"pl-PL","potentialAction":[{"@type":"ReadAction","target":["https:\/\/dosingpump.shop\/lt\/produktas\/laisvojo-chloro-dozavimo-sistema-baseinams\/"]}]},{"@type":"ImageObject","inLanguage":"pl-PL","@id":"https:\/\/dosingpump.shop\/lt\/produktas\/laisvojo-chloro-dozavimo-sistema-baseinams\/#primaryimage","url":"https:\/\/dosingpump.shop\/wp-content\/uploads\/2024\/12\/Automatische-chloor-ph-regeling.webp","contentUrl":"https:\/\/dosingpump.shop\/wp-content\/uploads\/2024\/12\/Automatische-chloor-ph-regeling.webp","width":500,"height":500},{"@type":"BreadcrumbList","@id":"https:\/\/dosingpump.shop\/lt\/produktas\/laisvojo-chloro-dozavimo-sistema-baseinams\/#breadcrumb","itemListElement":[{"@type":"ListItem","position":1,"name":"Home","item":"https:\/\/dosingpump.shop\/"},{"@type":"ListItem","position":2,"name":"Shop","item":"https:\/\/dosingpump.shop\/de\/shop\/"},{"@type":"ListItem","position":3,"name":"Vrij Chloor Doseersysteem voor Zwembaden"}]},{"@type":"WebSite","@id":"https:\/\/dosingpump.shop\/de\/#website","url":"https:\/\/dosingpump.shop\/de\/","name":"Dosing Pump Shop B.V.","description":"","publisher":{"@id":"https:\/\/dosingpump.shop\/de\/#organization"},"potentialAction":[{"@type":"SearchAction","target":{"@type":"EntryPoint","urlTemplate":"https:\/\/dosingpump.shop\/de\/?s={search_term_string}"},"query-input":{"@type":"PropertyValueSpecification","valueRequired":true,"valueName":"search_term_string"}}],"inLanguage":"pl-PL"},{"@type":"Organization","@id":"https:\/\/dosingpump.shop\/de\/#organization","name":"Dosing Pump Shop B.V.","url":"https:\/\/dosingpump.shop\/de\/","logo":{"@type":"ImageObject","inLanguage":"pl-PL","@id":"https:\/\/dosingpump.shop\/de\/#\/schema\/logo\/image\/","url":"https:\/\/dosingpump.shop\/wp-content\/uploads\/2024\/10\/Dosing-Pump-Shop-logo.png","contentUrl":"https:\/\/dosingpump.shop\/wp-content\/uploads\/2024\/10\/Dosing-Pump-Shop-logo.png","width":350,"height":45,"caption":"Dosing Pump Shop B.V."},"image":{"@id":"https:\/\/dosingpump.shop\/de\/#\/schema\/logo\/image\/"},"sameAs":["https:\/\/linkedin.com\/company\/dosing-pump-shop"]}]},"product_price_amount":"2317.00","product_price_currency":"EUR","og_availability":"instock","product_availability":"instock","product_retailer_item_id":"WDPHCL-1","product_condition":"new"},"_links":{"self":[{"href":"https:\/\/dosingpump.shop\/pl\/wp-json\/wp\/v2\/product\/4069","targetHints":{"allow":["GET"]}}],"collection":[{"href":"https:\/\/dosingpump.shop\/pl\/wp-json\/wp\/v2\/product"}],"about":[{"href":"https:\/\/dosingpump.shop\/pl\/wp-json\/wp\/v2\/types\/product"}],"wp:featuredmedia":[{"embeddable":true,"href":"https:\/\/dosingpump.shop\/pl\/wp-json\/wp\/v2\/media\/4038"}],"wp:attachment":[{"href":"https:\/\/dosingpump.shop\/pl\/wp-json\/wp\/v2\/media?parent=4069"}],"wp:term":[{"taxonomy":"product_brand","embeddable":true,"href":"https:\/\/dosingpump.shop\/pl\/wp-json\/wp\/v2\/product_brand?post=4069"},{"taxonomy":"product_cat","embeddable":true,"href":"https:\/\/dosingpump.shop\/pl\/wp-json\/wp\/v2\/product_cat?post=4069"},{"taxonomy":"product_tag","embeddable":true,"href":"https:\/\/dosingpump.shop\/pl\/wp-json\/wp\/v2\/product_tag?post=4069"}],"curies":[{"name":"wp","href":"https:\/\/api.w.org\/{rel}","templated":true}]}}