{"id":4442,"date":"2024-12-05T12:23:00","date_gmt":"2024-12-05T12:23:00","guid":{"rendered":"https:\/\/dosingpump.shop\/?post_type=product&#038;p=4442"},"modified":"2026-02-27T14:49:31","modified_gmt":"2026-02-27T12:49:31","slug":"lasp4-d-4x6-40cm-2","status":"publish","type":"product","link":"https:\/\/dosingpump.shop\/pl\/product\/lasp4-d-4x6-40cm-2\/","title":{"rendered":"LASP4\/D 4X6 40CM"},"content":{"rendered":"<h2><strong>Emec LASP4\/D Lanca ss\u0105ca 40 cm<\/strong><\/h2>\n<p>Wi\u0119kszo\u015b\u0107 pomp dozuj\u0105cych Emec jest dostarczana z zaworem stopowym z filtrem ss\u0105cym. Dzia\u0142a to dobrze, ale s\u0105 przypadki, w kt\u00f3rych lanca ss\u0105ca dzia\u0142a lepiej lub bezpieczniej, na przyk\u0142ad gdy obecne jest mieszad\u0142o lub kanister. Lanca ss\u0105ca to plastikowa lanca z PVC lub PVDF z filtrem i prze\u0142\u0105cznikiem poziomu. Wybieraj\u0105c odpowiedni\u0105 d\u0142ugo\u015b\u0107, lanca ss\u0105ca dociera do dna beczki lub DPPL, a ssanie pompy jest nast\u0119pnie pod\u0142\u0105czane do g\u00f3rnej cz\u0119\u015bci. Gdy pompa jest kompatybilna, mo\u017cna pod\u0142\u0105czy\u0107 prze\u0142\u0105cznik poziomu. Wy\u0142\u0105cza on pomp\u0119, gdy zbiornik jest pusty. Szukasz innej wersji? Skontaktuj si\u0119 z nami i popro\u015b o wycen\u0119. Wi\u0119cej informacji technicznych? Zobacz zak\u0142adk\u0119 informacje techniczne.<\/p>","protected":false},"excerpt":{"rendered":"<p>Emec Lanca ss\u0105ca do pompy dozuj\u0105cej 40 cm. Materia\u0142 PVC, O-ring EPDM<\/p>","protected":false},"featured_media":0,"template":"","meta":[],"product_brand":[],"product_cat":[87],"product_tag":[],"class_list":{"0":"post-4442","1":"product","2":"type-product","3":"status-publish","5":"product_cat-aanzuiglans-lasp4","7":"first","8":"instock","9":"taxable","10":"shipping-taxable","11":"purchasable","12":"product-type-simple"},"yoast_head":"<!-- This site is optimized with the Yoast SEO plugin v27.2 - https:\/\/yoast.com\/product\/yoast-seo-wordpress\/ -->\n<title>LASP4\/D 4X6 40CM | Dosing Pump Shop B.V.<\/title>\n<meta name=\"robots\" content=\"index, follow, max-snippet:-1, max-image-preview:large, max-video-preview:-1\" \/>\n<link rel=\"canonical\" href=\"https:\/\/dosingpump.shop\/pl\/produkt-2\/lasp4-d-4x6-40cm-2\/\" \/>\n<meta property=\"og:locale\" content=\"pl_PL\" \/>\n<meta property=\"og:type\" content=\"article\" \/>\n<meta property=\"og:title\" content=\"LASP4\/D 4X6 40CM | Dosing Pump Shop B.V.\" \/>\n<meta property=\"og:description\" content=\"Emec Aanzuiglans voor doseerpomp 40 cm. Materiaal PVC, O-ring EPDM\" \/>\n<meta property=\"og:url\" content=\"https:\/\/dosingpump.shop\/pl\/produkt-2\/lasp4-d-4x6-40cm-2\/\" \/>\n<meta property=\"og:site_name\" content=\"Dosing Pump Shop B.V.\" \/>\n<meta property=\"article:modified_time\" content=\"2026-02-27T12:49:31+00:00\" \/>\n<meta name=\"twitter:card\" content=\"summary_large_image\" \/>\n<meta name=\"twitter:label1\" content=\"Cena\" \/>\n\t<meta name=\"twitter:data1\" content=\"&euro;124,00\" \/>\n\t<meta name=\"twitter:label2\" content=\"Dost\u0119pno\u015b\u0107\" \/>\n\t<meta name=\"twitter:data2\" content=\"Dost\u0119pny\" \/>\n<script type=\"application\/ld+json\" class=\"yoast-schema-graph\">{\"@context\":\"https:\/\/schema.org\",\"@graph\":[{\"@type\":\"WebPage\",\"@id\":\"https:\/\/dosingpump.shop\/cz\/produkt-2\/lasp4-d-4x6-40cm-2\/\",\"url\":\"https:\/\/dosingpump.shop\/cz\/produkt-2\/lasp4-d-4x6-40cm-2\/\",\"name\":\"LASP4\/D 4X6 40CM | Dosing Pump Shop B.V.\",\"isPartOf\":{\"@id\":\"https:\/\/dosingpump.shop\/de\/#website\"},\"datePublished\":\"2024-12-05T12:23:00+00:00\",\"dateModified\":\"2026-02-27T12:49:31+00:00\",\"breadcrumb\":{\"@id\":\"https:\/\/dosingpump.shop\/cz\/produkt-2\/lasp4-d-4x6-40cm-2\/#breadcrumb\"},\"inLanguage\":\"pl-PL\",\"potentialAction\":[{\"@type\":\"ReadAction\",\"target\":[\"https:\/\/dosingpump.shop\/cz\/produkt-2\/lasp4-d-4x6-40cm-2\/\"]}]},{\"@type\":\"BreadcrumbList\",\"@id\":\"https:\/\/dosingpump.shop\/cz\/produkt-2\/lasp4-d-4x6-40cm-2\/#breadcrumb\",\"itemListElement\":[{\"@type\":\"ListItem\",\"position\":1,\"name\":\"Home\",\"item\":\"https:\/\/dosingpump.shop\/\"},{\"@type\":\"ListItem\",\"position\":2,\"name\":\"Shop\",\"item\":\"https:\/\/dosingpump.shop\/de\/shop\/\"},{\"@type\":\"ListItem\",\"position\":3,\"name\":\"LASP4\/D 4X6 40CM\"}]},{\"@type\":\"WebSite\",\"@id\":\"https:\/\/dosingpump.shop\/de\/#website\",\"url\":\"https:\/\/dosingpump.shop\/de\/\",\"name\":\"Dosing Pump Shop B.V.\",\"description\":\"\",\"publisher\":{\"@id\":\"https:\/\/dosingpump.shop\/de\/#organization\"},\"potentialAction\":[{\"@type\":\"SearchAction\",\"target\":{\"@type\":\"EntryPoint\",\"urlTemplate\":\"https:\/\/dosingpump.shop\/de\/?s={search_term_string}\"},\"query-input\":{\"@type\":\"PropertyValueSpecification\",\"valueRequired\":true,\"valueName\":\"search_term_string\"}}],\"inLanguage\":\"pl-PL\"},{\"@type\":\"Organization\",\"@id\":\"https:\/\/dosingpump.shop\/de\/#organization\",\"name\":\"Dosing Pump Shop B.V.\",\"url\":\"https:\/\/dosingpump.shop\/de\/\",\"logo\":{\"@type\":\"ImageObject\",\"inLanguage\":\"pl-PL\",\"@id\":\"https:\/\/dosingpump.shop\/de\/#\/schema\/logo\/image\/\",\"url\":\"https:\/\/dosingpump.shop\/wp-content\/uploads\/2024\/10\/Dosing-Pump-Shop-logo.png\",\"contentUrl\":\"https:\/\/dosingpump.shop\/wp-content\/uploads\/2024\/10\/Dosing-Pump-Shop-logo.png\",\"width\":350,\"height\":45,\"caption\":\"Dosing Pump Shop B.V.\"},\"image\":{\"@id\":\"https:\/\/dosingpump.shop\/de\/#\/schema\/logo\/image\/\"},\"sameAs\":[\"https:\/\/linkedin.com\/company\/dosing-pump-shop\"]}]}<\/script>\n<meta property=\"product:price:amount\" content=\"124.00\" \/>\n<meta property=\"product:price:currency\" content=\"EUR\" \/>\n<meta property=\"og:availability\" content=\"instock\" \/>\n<meta property=\"product:availability\" content=\"instock\" \/>\n<meta property=\"product:retailer_item_id\" content=\"LASP4D04031Z035000\" \/>\n<meta property=\"product:condition\" content=\"new\" \/>\n<!-- \/ Yoast SEO plugin. -->","yoast_head_json":{"title":"LASP4\/D 4X6 40CM | Dosing Pump Shop B.V.","robots":{"index":"index","follow":"follow","max-snippet":"max-snippet:-1","max-image-preview":"max-image-preview:large","max-video-preview":"max-video-preview:-1"},"canonical":"https:\/\/dosingpump.shop\/pl\/produkt-2\/lasp4-d-4x6-40cm-2\/","og_locale":"pl_PL","og_type":"article","og_title":"LASP4\/D 4X6 40CM | Dosing Pump Shop B.V.","og_description":"Emec Aanzuiglans voor doseerpomp 40 cm. Materiaal PVC, O-ring EPDM","og_url":"https:\/\/dosingpump.shop\/pl\/produkt-2\/lasp4-d-4x6-40cm-2\/","og_site_name":"Dosing Pump Shop B.V.","article_modified_time":"2026-02-27T12:49:31+00:00","twitter_card":"summary_large_image","twitter_misc":{"Cena":"&euro;124,00","Dost\u0119pno\u015b\u0107":"Dost\u0119pny"},"schema":{"@context":"https:\/\/schema.org","@graph":[{"@type":"WebPage","@id":"https:\/\/dosingpump.shop\/cz\/produkt-2\/lasp4-d-4x6-40cm-2\/","url":"https:\/\/dosingpump.shop\/cz\/produkt-2\/lasp4-d-4x6-40cm-2\/","name":"LASP4\/D 4X6 40CM | Dosing Pump Shop B.V.","isPartOf":{"@id":"https:\/\/dosingpump.shop\/de\/#website"},"datePublished":"2024-12-05T12:23:00+00:00","dateModified":"2026-02-27T12:49:31+00:00","breadcrumb":{"@id":"https:\/\/dosingpump.shop\/cz\/produkt-2\/lasp4-d-4x6-40cm-2\/#breadcrumb"},"inLanguage":"pl-PL","potentialAction":[{"@type":"ReadAction","target":["https:\/\/dosingpump.shop\/cz\/produkt-2\/lasp4-d-4x6-40cm-2\/"]}]},{"@type":"BreadcrumbList","@id":"https:\/\/dosingpump.shop\/cz\/produkt-2\/lasp4-d-4x6-40cm-2\/#breadcrumb","itemListElement":[{"@type":"ListItem","position":1,"name":"Home","item":"https:\/\/dosingpump.shop\/"},{"@type":"ListItem","position":2,"name":"Shop","item":"https:\/\/dosingpump.shop\/de\/shop\/"},{"@type":"ListItem","position":3,"name":"LASP4\/D 4X6 40CM"}]},{"@type":"WebSite","@id":"https:\/\/dosingpump.shop\/de\/#website","url":"https:\/\/dosingpump.shop\/de\/","name":"Dosing Pump Shop B.V.","description":"","publisher":{"@id":"https:\/\/dosingpump.shop\/de\/#organization"},"potentialAction":[{"@type":"SearchAction","target":{"@type":"EntryPoint","urlTemplate":"https:\/\/dosingpump.shop\/de\/?s={search_term_string}"},"query-input":{"@type":"PropertyValueSpecification","valueRequired":true,"valueName":"search_term_string"}}],"inLanguage":"pl-PL"},{"@type":"Organization","@id":"https:\/\/dosingpump.shop\/de\/#organization","name":"Dosing Pump Shop B.V.","url":"https:\/\/dosingpump.shop\/de\/","logo":{"@type":"ImageObject","inLanguage":"pl-PL","@id":"https:\/\/dosingpump.shop\/de\/#\/schema\/logo\/image\/","url":"https:\/\/dosingpump.shop\/wp-content\/uploads\/2024\/10\/Dosing-Pump-Shop-logo.png","contentUrl":"https:\/\/dosingpump.shop\/wp-content\/uploads\/2024\/10\/Dosing-Pump-Shop-logo.png","width":350,"height":45,"caption":"Dosing Pump Shop B.V."},"image":{"@id":"https:\/\/dosingpump.shop\/de\/#\/schema\/logo\/image\/"},"sameAs":["https:\/\/linkedin.com\/company\/dosing-pump-shop"]}]},"product_price_amount":"124.00","product_price_currency":"EUR","og_availability":"instock","product_availability":"instock","product_retailer_item_id":"LASP4D04031Z035000","product_condition":"new"},"_links":{"self":[{"href":"https:\/\/dosingpump.shop\/pl\/wp-json\/wp\/v2\/product\/4442","targetHints":{"allow":["GET"]}}],"collection":[{"href":"https:\/\/dosingpump.shop\/pl\/wp-json\/wp\/v2\/product"}],"about":[{"href":"https:\/\/dosingpump.shop\/pl\/wp-json\/wp\/v2\/types\/product"}],"wp:attachment":[{"href":"https:\/\/dosingpump.shop\/pl\/wp-json\/wp\/v2\/media?parent=4442"}],"wp:term":[{"taxonomy":"product_brand","embeddable":true,"href":"https:\/\/dosingpump.shop\/pl\/wp-json\/wp\/v2\/product_brand?post=4442"},{"taxonomy":"product_cat","embeddable":true,"href":"https:\/\/dosingpump.shop\/pl\/wp-json\/wp\/v2\/product_cat?post=4442"},{"taxonomy":"product_tag","embeddable":true,"href":"https:\/\/dosingpump.shop\/pl\/wp-json\/wp\/v2\/product_tag?post=4442"}],"curies":[{"name":"wp","href":"https:\/\/api.w.org\/{rel}","templated":true}]}}