{"id":4963,"date":"2024-12-05T12:24:02","date_gmt":"2024-12-05T12:24:02","guid":{"rendered":"https:\/\/dosingpump.shop\/product\/doseerpomp-voor-water-gedestilleerd\/"},"modified":"2026-02-27T14:49:55","modified_gmt":"2026-02-27T12:49:55","slug":"pompa-dozujaca-do-wody-destylowanej","status":"publish","type":"product","link":"https:\/\/dosingpump.shop\/pl\/product\/doseerpomp-voor-water-gedestilleerd\/","title":{"rendered":"Pompa dozuj\u0105ca do wody destylowanej"},"content":{"rendered":"<h2>Pompa dozuj\u0105ca do wody destylowanej<\/h2>\n<p>Ta wysokiej jako\u015bci pompa dozuj\u0105ca Emec nadaje si\u0119 do dozowania wody destylowanej. Wybrali\u015bmy t\u0119 pomp\u0119 ze wzgl\u0119du na dobr\u0105 odporno\u015b\u0107 materia\u0142\u00f3w u\u017cytych do produkcji tego produktu. Gwarantuje to <b>d\u0142uga \u017cywotno\u015b\u0107<\/b> i bezpieczne \u015brodowisko pracy.<\/p>\n<p>Pompa dozuj\u0105ca KCL plus 08-08 posiada <b>regulowana obj\u0119to\u015b\u0107 skoku i regulowana cz\u0119stotliwo\u015b\u0107 skoku<\/b>. Ta pompa chemiczna jest zatem <b>Bardzo precyzyjna regulacja<\/b>.<\/p>\n<p>Pompa jest bardzo kompletna. W zestawie znajduje si\u0119 filtr ss\u0105cy i zaw\u00f3r wtryskowy.<\/p>\n<p>KCL plus 08-08 mo\u017ce dozowa\u0107 do 8 litr\u00f3w na godzin\u0119 przy ci\u015bnieniu 8 bar\u00f3w. Pompa jest regulowana r\u0119cznie i opcjonalnie mo\u017ce by\u0107 sterowana za pomoc\u0105 napi\u0119cia zasilania 230V. Oczywi\u015bcie dost\u0119pne s\u0105 r\u00f3wnie\u017c inne modele pomp dozuj\u0105cych.<\/p>\n<h3>Inne wersje Pompa dozuj\u0105ca do wody destylowanej<\/h3>\n<p>Ta pompa dozuj\u0105ca jest dost\u0119pna w r\u00f3\u017cnych wersjach. Na przyk\u0142ad mo\u017cliwe jest dostarczenie wersji MF, kt\u00f3ra mo\u017ce by\u0107 sterowana za pomoc\u0105 4-20 mA, impulsowo lub 0-10 V. Wi\u0119kszy przep\u0142yw r\u00f3wnie\u017c nie stanowi problemu. Mo\u017cliwe jest dostarczenie pompy, kt\u00f3ra mo\u017ce sterowa\u0107 nawet <b>1 000 litr\u00f3w na godzin\u0119<\/b> mo\u017ce dawkowa\u0107. Pod wzgl\u0119dem ci\u015bnienia lub napi\u0119cia zasilania istnieje oczywi\u015bcie wi\u0119cej opcji.<\/p>\n<h3>Jakie materia\u0142y zalecamy do dozowania wody destylowanej?<\/h3>\n<p>W Dosing Pump Shop posiadamy szerok\u0105 gam\u0119 cz\u0119\u015bci do pomp dozuj\u0105cych wykonanych z r\u00f3\u017cnych materia\u0142\u00f3w, dzi\u0119ki czemu mo\u017cemy dostosowa\u0107 ka\u017cd\u0105 pomp\u0119 dozuj\u0105c\u0105 do odpowiedniej wytrzyma\u0142o\u015bci. Do dozowania aldehydu octowego zalecamy nast\u0119puj\u0105ce cz\u0119\u015bci i materia\u0142y:<\/p>\n<p><b>G\u0142owica pompy<\/b><\/p>\n<ul>\n<li>PVDF<\/li>\n<li>PP<\/li>\n<li>Stal nierdzewna (SS 316)<\/li>\n<li>PMMA<\/li>\n<\/ul>\n<p><b>O-Ring<\/b><\/p>\n<ul>\n<li>FPM (Viton)<\/li>\n<li>EPDM<\/li>\n<\/ul>\n<p><b>Membrana<\/b><\/p>\n<ul>\n<li>PFTE (teflon)<\/li>\n<\/ul>\n<p><b>W\u0105\u017c dozuj\u0105cy<\/b><\/p>\n<ul>\n<li>PE<\/li>\n<li>PVC<\/li>\n<li>PVDF<\/li>\n<\/ul>\n<p><em>Cz\u0119\u015bci o ograniczonej odporno\u015bci na aldehyd octowy s\u0105 odporne, ale nale\u017cy pami\u0119ta\u0107, \u017ce trzeba b\u0119dzie je wymienia\u0107 cz\u0119\u015bciej.<\/em><\/p>\n<h3>Ciekawi mo\u017cliwo\u015bci?<\/h3>\n<p>Najwygodniejszym sposobem jest skontaktowanie si\u0119 z nami. Nast\u0119pnie mo\u017cemy przet\u0142umaczy\u0107 Twoje wymagania, aby uzyska\u0107 odpowiedni\u0105 pomp\u0119 dozuj\u0105c\u0105 do wody destylowanej!<\/p>","protected":false},"excerpt":{"rendered":"<p>Do bezpiecznego i dok\u0142adnego dozowania wody destylowanej (H2O). Od precyzyjnego dozowania (10 ml\/godz.) do du\u017cych aplikacji do 1000 litr\u00f3w na godzin\u0119 (w zale\u017cno\u015bci od wersji).<\/p>\n<p>Wersja: K CL PLUS 08-08 lub podobna.<br \/>Potrzebujesz innej wersji? Popro\u015b o wycen\u0119!<\/p>","protected":false},"featured_media":4072,"template":"","meta":[],"product_brand":[],"product_cat":[94],"product_tag":[],"class_list":{"0":"post-4963","1":"product","2":"type-product","3":"status-publish","4":"has-post-thumbnail","6":"product_cat-chemical-compatibility","8":"first","9":"instock","10":"taxable","11":"shipping-taxable","12":"purchasable","13":"product-type-simple"},"yoast_head":"<!-- This site is optimized with the Yoast SEO plugin v27.2 - https:\/\/yoast.com\/product\/yoast-seo-wordpress\/ -->\n<title>Doseerpomp voor Water, gedestilleerd | Dosing Pump Shop B.V.<\/title>\n<meta name=\"description\" content=\"Nauwkeurige en betrouwbare Doseerpomp voor Water, gedestilleerd voor diverse industri\u00eble toepassingen. Eenvoudige installatie en onderhoud.\" \/>\n<meta name=\"robots\" content=\"index, follow, max-snippet:-1, max-image-preview:large, max-video-preview:-1\" \/>\n<link rel=\"canonical\" href=\"https:\/\/dosingpump.shop\/pl\/produkt-2\/pompa-dozujaca-do-wody-destylowanej\/\" \/>\n<meta property=\"og:locale\" content=\"pl_PL\" \/>\n<meta property=\"og:type\" content=\"article\" \/>\n<meta property=\"og:title\" content=\"Doseerpomp voor Water, gedestilleerd | Dosing Pump Shop B.V.\" \/>\n<meta property=\"og:description\" content=\"Nauwkeurige en betrouwbare Doseerpomp voor Water, gedestilleerd voor diverse industri\u00eble toepassingen. Eenvoudige installatie en onderhoud.\" \/>\n<meta property=\"og:url\" content=\"https:\/\/dosingpump.shop\/pl\/produkt-2\/pompa-dozujaca-do-wody-destylowanej\/\" \/>\n<meta property=\"og:site_name\" content=\"Dosing Pump Shop B.V.\" \/>\n<meta property=\"article:modified_time\" content=\"2026-02-27T12:49:55+00:00\" \/>\n<meta property=\"og:image\" content=\"https:\/\/dosingpump.shop\/wp-content\/uploads\/2024\/12\/EMEC-K-SERIE-ANALOG-dosing-pump.webp\" \/>\n\t<meta property=\"og:image:width\" content=\"498\" \/>\n\t<meta property=\"og:image:height\" content=\"501\" \/>\n\t<meta property=\"og:image:type\" content=\"image\/webp\" \/>\n<meta name=\"twitter:card\" content=\"summary_large_image\" \/>\n<meta name=\"twitter:label1\" content=\"Cena\" \/>\n\t<meta name=\"twitter:data1\" content=\"&euro;459,00\" \/>\n\t<meta name=\"twitter:label2\" content=\"Dost\u0119pno\u015b\u0107\" \/>\n\t<meta name=\"twitter:data2\" content=\"Dost\u0119pny\" \/>\n<script type=\"application\/ld+json\" class=\"yoast-schema-graph\">{\"@context\":\"https:\/\/schema.org\",\"@graph\":[{\"@type\":\"WebPage\",\"@id\":\"https:\/\/dosingpump.shop\/pl\/produkt-2\/pompa-dozujaca-do-wody-destylowanej\/\",\"url\":\"https:\/\/dosingpump.shop\/pl\/produkt-2\/pompa-dozujaca-do-wody-destylowanej\/\",\"name\":\"Doseerpomp voor Water, gedestilleerd | Dosing Pump Shop B.V.\",\"isPartOf\":{\"@id\":\"https:\/\/dosingpump.shop\/de\/#website\"},\"primaryImageOfPage\":{\"@id\":\"https:\/\/dosingpump.shop\/pl\/produkt-2\/pompa-dozujaca-do-wody-destylowanej\/#primaryimage\"},\"image\":{\"@id\":\"https:\/\/dosingpump.shop\/pl\/produkt-2\/pompa-dozujaca-do-wody-destylowanej\/#primaryimage\"},\"thumbnailUrl\":\"https:\/\/dosingpump.shop\/wp-content\/uploads\/2024\/12\/EMEC-K-SERIE-ANALOG-dosing-pump.webp\",\"datePublished\":\"2024-12-05T12:24:02+00:00\",\"dateModified\":\"2026-02-27T12:49:55+00:00\",\"description\":\"Nauwkeurige en betrouwbare Doseerpomp voor Water, gedestilleerd voor diverse industri\u00eble toepassingen. Eenvoudige installatie en onderhoud.\",\"breadcrumb\":{\"@id\":\"https:\/\/dosingpump.shop\/pl\/produkt-2\/pompa-dozujaca-do-wody-destylowanej\/#breadcrumb\"},\"inLanguage\":\"pl-PL\",\"potentialAction\":[{\"@type\":\"ReadAction\",\"target\":[\"https:\/\/dosingpump.shop\/pl\/produkt-2\/pompa-dozujaca-do-wody-destylowanej\/\"]}]},{\"@type\":\"ImageObject\",\"inLanguage\":\"pl-PL\",\"@id\":\"https:\/\/dosingpump.shop\/pl\/produkt-2\/pompa-dozujaca-do-wody-destylowanej\/#primaryimage\",\"url\":\"https:\/\/dosingpump.shop\/wp-content\/uploads\/2024\/12\/EMEC-K-SERIE-ANALOG-dosing-pump.webp\",\"contentUrl\":\"https:\/\/dosingpump.shop\/wp-content\/uploads\/2024\/12\/EMEC-K-SERIE-ANALOG-dosing-pump.webp\",\"width\":498,\"height\":501},{\"@type\":\"BreadcrumbList\",\"@id\":\"https:\/\/dosingpump.shop\/pl\/produkt-2\/pompa-dozujaca-do-wody-destylowanej\/#breadcrumb\",\"itemListElement\":[{\"@type\":\"ListItem\",\"position\":1,\"name\":\"Home\",\"item\":\"https:\/\/dosingpump.shop\/\"},{\"@type\":\"ListItem\",\"position\":2,\"name\":\"Shop\",\"item\":\"https:\/\/dosingpump.shop\/de\/shop\/\"},{\"@type\":\"ListItem\",\"position\":3,\"name\":\"Doseerpomp voor Water, gedestilleerd\"}]},{\"@type\":\"WebSite\",\"@id\":\"https:\/\/dosingpump.shop\/de\/#website\",\"url\":\"https:\/\/dosingpump.shop\/de\/\",\"name\":\"Dosing Pump Shop B.V.\",\"description\":\"\",\"publisher\":{\"@id\":\"https:\/\/dosingpump.shop\/de\/#organization\"},\"potentialAction\":[{\"@type\":\"SearchAction\",\"target\":{\"@type\":\"EntryPoint\",\"urlTemplate\":\"https:\/\/dosingpump.shop\/de\/?s={search_term_string}\"},\"query-input\":{\"@type\":\"PropertyValueSpecification\",\"valueRequired\":true,\"valueName\":\"search_term_string\"}}],\"inLanguage\":\"pl-PL\"},{\"@type\":\"Organization\",\"@id\":\"https:\/\/dosingpump.shop\/de\/#organization\",\"name\":\"Dosing Pump Shop B.V.\",\"url\":\"https:\/\/dosingpump.shop\/de\/\",\"logo\":{\"@type\":\"ImageObject\",\"inLanguage\":\"pl-PL\",\"@id\":\"https:\/\/dosingpump.shop\/de\/#\/schema\/logo\/image\/\",\"url\":\"https:\/\/dosingpump.shop\/wp-content\/uploads\/2024\/10\/Dosing-Pump-Shop-logo.png\",\"contentUrl\":\"https:\/\/dosingpump.shop\/wp-content\/uploads\/2024\/10\/Dosing-Pump-Shop-logo.png\",\"width\":350,\"height\":45,\"caption\":\"Dosing Pump Shop B.V.\"},\"image\":{\"@id\":\"https:\/\/dosingpump.shop\/de\/#\/schema\/logo\/image\/\"},\"sameAs\":[\"https:\/\/linkedin.com\/company\/dosing-pump-shop\"]}]}<\/script>\n<meta property=\"product:price:amount\" content=\"459.00\" \/>\n<meta property=\"product:price:currency\" content=\"EUR\" \/>\n<meta property=\"og:availability\" content=\"instock\" \/>\n<meta property=\"product:availability\" content=\"instock\" \/>\n<meta property=\"product:retailer_item_id\" content=\"Water, gedestilleerd\" \/>\n<meta property=\"product:condition\" content=\"new\" \/>\n<!-- \/ Yoast SEO plugin. -->","yoast_head_json":{"title":"Pompa dozuj\u0105ca do wody destylowanej | Dosing Pump Shop B.V.","description":"Dok\u0142adna i niezawodna pompa dozuj\u0105ca do wody destylowanej do r\u00f3\u017cnych zastosowa\u0144 przemys\u0142owych. \u0141atwa instalacja i konserwacja.","robots":{"index":"index","follow":"follow","max-snippet":"max-snippet:-1","max-image-preview":"max-image-preview:large","max-video-preview":"max-video-preview:-1"},"canonical":"https:\/\/dosingpump.shop\/pl\/produkt-2\/pompa-dozujaca-do-wody-destylowanej\/","og_locale":"pl_PL","og_type":"article","og_title":"Doseerpomp voor Water, gedestilleerd | Dosing Pump Shop B.V.","og_description":"Nauwkeurige en betrouwbare Doseerpomp voor Water, gedestilleerd voor diverse industri\u00eble toepassingen. Eenvoudige installatie en onderhoud.","og_url":"https:\/\/dosingpump.shop\/pl\/produkt-2\/pompa-dozujaca-do-wody-destylowanej\/","og_site_name":"Dosing Pump Shop B.V.","article_modified_time":"2026-02-27T12:49:55+00:00","og_image":[{"width":498,"height":501,"url":"https:\/\/dosingpump.shop\/wp-content\/uploads\/2024\/12\/EMEC-K-SERIE-ANALOG-dosing-pump.webp","type":"image\/webp"}],"twitter_card":"summary_large_image","twitter_misc":{"Cena":"&euro;459,00","Dost\u0119pno\u015b\u0107":"Dost\u0119pny"},"schema":{"@context":"https:\/\/schema.org","@graph":[{"@type":"WebPage","@id":"https:\/\/dosingpump.shop\/pl\/produkt-2\/pompa-dozujaca-do-wody-destylowanej\/","url":"https:\/\/dosingpump.shop\/pl\/produkt-2\/pompa-dozujaca-do-wody-destylowanej\/","name":"Pompa dozuj\u0105ca do wody destylowanej | Dosing Pump Shop B.V.","isPartOf":{"@id":"https:\/\/dosingpump.shop\/de\/#website"},"primaryImageOfPage":{"@id":"https:\/\/dosingpump.shop\/pl\/produkt-2\/pompa-dozujaca-do-wody-destylowanej\/#primaryimage"},"image":{"@id":"https:\/\/dosingpump.shop\/pl\/produkt-2\/pompa-dozujaca-do-wody-destylowanej\/#primaryimage"},"thumbnailUrl":"https:\/\/dosingpump.shop\/wp-content\/uploads\/2024\/12\/EMEC-K-SERIE-ANALOG-dosing-pump.webp","datePublished":"2024-12-05T12:24:02+00:00","dateModified":"2026-02-27T12:49:55+00:00","description":"Dok\u0142adna i niezawodna pompa dozuj\u0105ca do wody destylowanej do r\u00f3\u017cnych zastosowa\u0144 przemys\u0142owych. \u0141atwa instalacja i konserwacja.","breadcrumb":{"@id":"https:\/\/dosingpump.shop\/pl\/produkt-2\/pompa-dozujaca-do-wody-destylowanej\/#breadcrumb"},"inLanguage":"pl-PL","potentialAction":[{"@type":"ReadAction","target":["https:\/\/dosingpump.shop\/pl\/produkt-2\/pompa-dozujaca-do-wody-destylowanej\/"]}]},{"@type":"ImageObject","inLanguage":"pl-PL","@id":"https:\/\/dosingpump.shop\/pl\/produkt-2\/pompa-dozujaca-do-wody-destylowanej\/#primaryimage","url":"https:\/\/dosingpump.shop\/wp-content\/uploads\/2024\/12\/EMEC-K-SERIE-ANALOG-dosing-pump.webp","contentUrl":"https:\/\/dosingpump.shop\/wp-content\/uploads\/2024\/12\/EMEC-K-SERIE-ANALOG-dosing-pump.webp","width":498,"height":501},{"@type":"BreadcrumbList","@id":"https:\/\/dosingpump.shop\/pl\/produkt-2\/pompa-dozujaca-do-wody-destylowanej\/#breadcrumb","itemListElement":[{"@type":"ListItem","position":1,"name":"Home","item":"https:\/\/dosingpump.shop\/"},{"@type":"ListItem","position":2,"name":"Shop","item":"https:\/\/dosingpump.shop\/de\/shop\/"},{"@type":"ListItem","position":3,"name":"Doseerpomp voor Water, gedestilleerd"}]},{"@type":"WebSite","@id":"https:\/\/dosingpump.shop\/de\/#website","url":"https:\/\/dosingpump.shop\/de\/","name":"Dosing Pump Shop B.V.","description":"","publisher":{"@id":"https:\/\/dosingpump.shop\/de\/#organization"},"potentialAction":[{"@type":"SearchAction","target":{"@type":"EntryPoint","urlTemplate":"https:\/\/dosingpump.shop\/de\/?s={search_term_string}"},"query-input":{"@type":"PropertyValueSpecification","valueRequired":true,"valueName":"search_term_string"}}],"inLanguage":"pl-PL"},{"@type":"Organization","@id":"https:\/\/dosingpump.shop\/de\/#organization","name":"Dosing Pump Shop B.V.","url":"https:\/\/dosingpump.shop\/de\/","logo":{"@type":"ImageObject","inLanguage":"pl-PL","@id":"https:\/\/dosingpump.shop\/de\/#\/schema\/logo\/image\/","url":"https:\/\/dosingpump.shop\/wp-content\/uploads\/2024\/10\/Dosing-Pump-Shop-logo.png","contentUrl":"https:\/\/dosingpump.shop\/wp-content\/uploads\/2024\/10\/Dosing-Pump-Shop-logo.png","width":350,"height":45,"caption":"Dosing Pump Shop B.V."},"image":{"@id":"https:\/\/dosingpump.shop\/de\/#\/schema\/logo\/image\/"},"sameAs":["https:\/\/linkedin.com\/company\/dosing-pump-shop"]}]},"product_price_amount":"459.00","product_price_currency":"EUR","og_availability":"instock","product_availability":"instock","product_retailer_item_id":"Water, gedestilleerd","product_condition":"new"},"_links":{"self":[{"href":"https:\/\/dosingpump.shop\/pl\/wp-json\/wp\/v2\/product\/4963","targetHints":{"allow":["GET"]}}],"collection":[{"href":"https:\/\/dosingpump.shop\/pl\/wp-json\/wp\/v2\/product"}],"about":[{"href":"https:\/\/dosingpump.shop\/pl\/wp-json\/wp\/v2\/types\/product"}],"wp:featuredmedia":[{"embeddable":true,"href":"https:\/\/dosingpump.shop\/pl\/wp-json\/wp\/v2\/media\/4072"}],"wp:attachment":[{"href":"https:\/\/dosingpump.shop\/pl\/wp-json\/wp\/v2\/media?parent=4963"}],"wp:term":[{"taxonomy":"product_brand","embeddable":true,"href":"https:\/\/dosingpump.shop\/pl\/wp-json\/wp\/v2\/product_brand?post=4963"},{"taxonomy":"product_cat","embeddable":true,"href":"https:\/\/dosingpump.shop\/pl\/wp-json\/wp\/v2\/product_cat?post=4963"},{"taxonomy":"product_tag","embeddable":true,"href":"https:\/\/dosingpump.shop\/pl\/wp-json\/wp\/v2\/product_tag?post=4963"}],"curies":[{"name":"wp","href":"https:\/\/api.w.org\/{rel}","templated":true}]}}