{"id":4998,"date":"2024-12-05T12:24:22","date_gmt":"2024-12-05T12:24:22","guid":{"rendered":"https:\/\/dosingpump.shop\/product\/fluimac-helios-as-25-vx-slangenpomp\/"},"modified":"2026-02-27T14:49:55","modified_gmt":"2026-02-27T12:49:55","slug":"pompa-perystaltyczna-fluimac-helios-as-25-vx","status":"publish","type":"product","link":"https:\/\/dosingpump.shop\/pl\/product\/fluimac-helios-as-25-vx-slangenpomp\/","title":{"rendered":"Pompa perystaltyczna Fluimac Helios AS-25-VX"},"content":{"rendered":"<p data-start=\"208\" data-end=\"1239\">Helios AS 25 VX to przemys\u0142owa pompa perystaltyczna z r\u0119cznie regulowan\u0105 pr\u0119dko\u015bci\u0105, dzi\u0119ki czemu doskonale nadaje si\u0119 do zastosowa\u0144, w kt\u00f3rych wymagane jest zmienne dozowanie. Dzi\u0119ki solidnej konstrukcji, samozasysaniu do sze\u015bciu metr\u00f3w i systemowi suchego w\u0119\u017ca, pompa jest niezwykle niezawodna w ci\u0105g\u0142ym u\u017cytkowaniu. Pompa mo\u017ce pracowa\u0107 na sucho bez uszkodze\u0144, co minimalizuje przestoje i u\u0142atwia konserwacj\u0119. Dost\u0119pno\u015b\u0107 r\u00f3\u017cnych materia\u0142\u00f3w w\u0119\u017cy - w tym w\u0119\u017cy zatwierdzonych przez FDA - sprawia, \u017ce pompa ma szerokie zastosowanie zar\u00f3wno w zastosowaniach chemicznych, jak i spo\u017cywczych. AS 25 VX oferuje szeroki wyb\u00f3r prze\u0142o\u017ce\u0144, z kt\u00f3rych ka\u017cde ma okre\u015blony regulowany zakres przep\u0142ywu, co u\u0142atwia dostosowanie pompy do procesu. Dzi\u0119ki wytrzyma\u0142ej konstrukcji ze stopu aluminium i z\u0142\u0105czom w\u0119\u017cy ze stali nierdzewnej, pompa ta mo\u017ce wytrzyma\u0107 trudne warunki przemys\u0142owe. Pompa Helios AS 25 VX jest szybko dost\u0119pna, \u0142atwa w konserwacji i opcjonalnie dost\u0119pna w wersji ATEX oraz z silnikiem jedno- lub tr\u00f3jfazowym.<\/p>","protected":false},"excerpt":{"rendered":"<ul>\n<li>Maksymalny przep\u0142yw: 1280 l\/h<\/li>\n<li>Maksymalne ci\u015bnienie: 4 bar<\/li>\n<li>Przep\u0142yw regulowany r\u0119cznie<\/li>\n<\/ul>\n<p>Cena oparta na modelu Helios AS 25 VX z w\u0119\u017cem perystaltycznym EPDM i z\u0142\u0105czkami w\u0119\u017ca z PVC.<\/p>","protected":false},"featured_media":7054,"template":"","meta":[],"product_brand":[],"product_cat":[266,26],"product_tag":[],"class_list":{"0":"post-4998","1":"product","2":"type-product","3":"status-publish","4":"has-post-thumbnail","6":"product_cat-fluimac-slangenpompen","7":"product_cat-slangenpompen","9":"first","10":"instock","11":"taxable","12":"shipping-taxable","13":"purchasable","14":"product-type-simple"},"yoast_head":"<!-- This site is optimized with the Yoast SEO plugin v27.2 - https:\/\/yoast.com\/product\/yoast-seo-wordpress\/ -->\n<title>Fluimac Helios AS-25-VX slangenpomp | Dosing Pump Shop B.V.<\/title>\n<meta name=\"robots\" content=\"index, follow, max-snippet:-1, max-image-preview:large, max-video-preview:-1\" \/>\n<link rel=\"canonical\" href=\"https:\/\/dosingpump.shop\/pl\/produkt-2\/pompa-perystaltyczna-fluimac-helios-as-25-vx\/\" \/>\n<meta property=\"og:locale\" content=\"pl_PL\" \/>\n<meta property=\"og:type\" content=\"article\" \/>\n<meta property=\"og:title\" content=\"Fluimac Helios AS-25-VX slangenpomp | Dosing Pump Shop B.V.\" \/>\n<meta property=\"og:description\" content=\"Maximale flow: 1280 l\/h  Maximale druk: 4 bar  Handmatig instelbare flow  Prijs op basis van Helios AS 25 VX met EPDM peristaltische slang en PVC slangkoppelingen.\" \/>\n<meta property=\"og:url\" content=\"https:\/\/dosingpump.shop\/pl\/produkt-2\/pompa-perystaltyczna-fluimac-helios-as-25-vx\/\" \/>\n<meta property=\"og:site_name\" content=\"Dosing Pump Shop B.V.\" \/>\n<meta property=\"article:modified_time\" content=\"2026-02-27T12:49:55+00:00\" \/>\n<meta property=\"og:image\" content=\"https:\/\/dosingpump.shop\/wp-content\/uploads\/2024\/12\/Fluimac-Helios-AS-10-VX-slangenpomp.png\" \/>\n\t<meta property=\"og:image:width\" content=\"500\" \/>\n\t<meta property=\"og:image:height\" content=\"500\" \/>\n\t<meta property=\"og:image:type\" content=\"image\/png\" \/>\n<meta name=\"twitter:card\" content=\"summary_large_image\" \/>\n<meta name=\"twitter:label1\" content=\"Cena\" \/>\n\t<meta name=\"twitter:data1\" content=\"&euro;6.261,00\" \/>\n\t<meta name=\"twitter:label2\" content=\"Dost\u0119pno\u015b\u0107\" \/>\n\t<meta name=\"twitter:data2\" content=\"Dost\u0119pny\" \/>\n<script type=\"application\/ld+json\" class=\"yoast-schema-graph\">{\"@context\":\"https:\/\/schema.org\",\"@graph\":[{\"@type\":\"WebPage\",\"@id\":\"https:\/\/dosingpump.shop\/pt\/produto\/bomba-peristaltica-fluimac-helios-as-25-vx\/\",\"url\":\"https:\/\/dosingpump.shop\/pt\/produto\/bomba-peristaltica-fluimac-helios-as-25-vx\/\",\"name\":\"Fluimac Helios AS-25-VX slangenpomp | Dosing Pump Shop B.V.\",\"isPartOf\":{\"@id\":\"https:\/\/dosingpump.shop\/de\/#website\"},\"primaryImageOfPage\":{\"@id\":\"https:\/\/dosingpump.shop\/pt\/produto\/bomba-peristaltica-fluimac-helios-as-25-vx\/#primaryimage\"},\"image\":{\"@id\":\"https:\/\/dosingpump.shop\/pt\/produto\/bomba-peristaltica-fluimac-helios-as-25-vx\/#primaryimage\"},\"thumbnailUrl\":\"https:\/\/dosingpump.shop\/wp-content\/uploads\/2024\/12\/Fluimac-Helios-AS-10-VX-slangenpomp.png\",\"datePublished\":\"2024-12-05T12:24:22+00:00\",\"dateModified\":\"2026-02-27T12:49:55+00:00\",\"breadcrumb\":{\"@id\":\"https:\/\/dosingpump.shop\/pt\/produto\/bomba-peristaltica-fluimac-helios-as-25-vx\/#breadcrumb\"},\"inLanguage\":\"pl-PL\",\"potentialAction\":[{\"@type\":\"ReadAction\",\"target\":[\"https:\/\/dosingpump.shop\/pt\/produto\/bomba-peristaltica-fluimac-helios-as-25-vx\/\"]}]},{\"@type\":\"ImageObject\",\"inLanguage\":\"pl-PL\",\"@id\":\"https:\/\/dosingpump.shop\/pt\/produto\/bomba-peristaltica-fluimac-helios-as-25-vx\/#primaryimage\",\"url\":\"https:\/\/dosingpump.shop\/wp-content\/uploads\/2024\/12\/Fluimac-Helios-AS-10-VX-slangenpomp.png\",\"contentUrl\":\"https:\/\/dosingpump.shop\/wp-content\/uploads\/2024\/12\/Fluimac-Helios-AS-10-VX-slangenpomp.png\",\"width\":500,\"height\":500},{\"@type\":\"BreadcrumbList\",\"@id\":\"https:\/\/dosingpump.shop\/pt\/produto\/bomba-peristaltica-fluimac-helios-as-25-vx\/#breadcrumb\",\"itemListElement\":[{\"@type\":\"ListItem\",\"position\":1,\"name\":\"Home\",\"item\":\"https:\/\/dosingpump.shop\/\"},{\"@type\":\"ListItem\",\"position\":2,\"name\":\"Shop\",\"item\":\"https:\/\/dosingpump.shop\/de\/shop\/\"},{\"@type\":\"ListItem\",\"position\":3,\"name\":\"Fluimac Helios AS-25-VX slangenpomp\"}]},{\"@type\":\"WebSite\",\"@id\":\"https:\/\/dosingpump.shop\/de\/#website\",\"url\":\"https:\/\/dosingpump.shop\/de\/\",\"name\":\"Dosing Pump Shop B.V.\",\"description\":\"\",\"publisher\":{\"@id\":\"https:\/\/dosingpump.shop\/de\/#organization\"},\"potentialAction\":[{\"@type\":\"SearchAction\",\"target\":{\"@type\":\"EntryPoint\",\"urlTemplate\":\"https:\/\/dosingpump.shop\/de\/?s={search_term_string}\"},\"query-input\":{\"@type\":\"PropertyValueSpecification\",\"valueRequired\":true,\"valueName\":\"search_term_string\"}}],\"inLanguage\":\"pl-PL\"},{\"@type\":\"Organization\",\"@id\":\"https:\/\/dosingpump.shop\/de\/#organization\",\"name\":\"Dosing Pump Shop B.V.\",\"url\":\"https:\/\/dosingpump.shop\/de\/\",\"logo\":{\"@type\":\"ImageObject\",\"inLanguage\":\"pl-PL\",\"@id\":\"https:\/\/dosingpump.shop\/de\/#\/schema\/logo\/image\/\",\"url\":\"https:\/\/dosingpump.shop\/wp-content\/uploads\/2024\/10\/Dosing-Pump-Shop-logo.png\",\"contentUrl\":\"https:\/\/dosingpump.shop\/wp-content\/uploads\/2024\/10\/Dosing-Pump-Shop-logo.png\",\"width\":350,\"height\":45,\"caption\":\"Dosing Pump Shop B.V.\"},\"image\":{\"@id\":\"https:\/\/dosingpump.shop\/de\/#\/schema\/logo\/image\/\"},\"sameAs\":[\"https:\/\/linkedin.com\/company\/dosing-pump-shop\"]}]}<\/script>\n<meta property=\"product:price:amount\" content=\"6261.00\" \/>\n<meta property=\"product:price:currency\" content=\"EUR\" \/>\n<meta property=\"og:availability\" content=\"instock\" \/>\n<meta property=\"product:availability\" content=\"instock\" \/>\n<meta property=\"product:retailer_item_id\" content=\"AS-25-VX\" \/>\n<meta property=\"product:condition\" content=\"new\" \/>\n<!-- \/ Yoast SEO plugin. -->","yoast_head_json":{"title":"Pompa perystaltyczna Fluimac Helios AS-25-VX | Dosing Pump Shop B.V.","robots":{"index":"index","follow":"follow","max-snippet":"max-snippet:-1","max-image-preview":"max-image-preview:large","max-video-preview":"max-video-preview:-1"},"canonical":"https:\/\/dosingpump.shop\/pl\/produkt-2\/pompa-perystaltyczna-fluimac-helios-as-25-vx\/","og_locale":"pl_PL","og_type":"article","og_title":"Fluimac Helios AS-25-VX slangenpomp | Dosing Pump Shop B.V.","og_description":"Maximale flow: 1280 l\/h  Maximale druk: 4 bar  Handmatig instelbare flow  Prijs op basis van Helios AS 25 VX met EPDM peristaltische slang en PVC slangkoppelingen.","og_url":"https:\/\/dosingpump.shop\/pl\/produkt-2\/pompa-perystaltyczna-fluimac-helios-as-25-vx\/","og_site_name":"Dosing Pump Shop B.V.","article_modified_time":"2026-02-27T12:49:55+00:00","og_image":[{"width":500,"height":500,"url":"https:\/\/dosingpump.shop\/wp-content\/uploads\/2024\/12\/Fluimac-Helios-AS-10-VX-slangenpomp.png","type":"image\/png"}],"twitter_card":"summary_large_image","twitter_misc":{"Cena":"&euro;6.261,00","Dost\u0119pno\u015b\u0107":"Dost\u0119pny"},"schema":{"@context":"https:\/\/schema.org","@graph":[{"@type":"WebPage","@id":"https:\/\/dosingpump.shop\/pt\/produto\/bomba-peristaltica-fluimac-helios-as-25-vx\/","url":"https:\/\/dosingpump.shop\/pt\/produto\/bomba-peristaltica-fluimac-helios-as-25-vx\/","name":"Pompa perystaltyczna Fluimac Helios AS-25-VX | Dosing Pump Shop B.V.","isPartOf":{"@id":"https:\/\/dosingpump.shop\/de\/#website"},"primaryImageOfPage":{"@id":"https:\/\/dosingpump.shop\/pt\/produto\/bomba-peristaltica-fluimac-helios-as-25-vx\/#primaryimage"},"image":{"@id":"https:\/\/dosingpump.shop\/pt\/produto\/bomba-peristaltica-fluimac-helios-as-25-vx\/#primaryimage"},"thumbnailUrl":"https:\/\/dosingpump.shop\/wp-content\/uploads\/2024\/12\/Fluimac-Helios-AS-10-VX-slangenpomp.png","datePublished":"2024-12-05T12:24:22+00:00","dateModified":"2026-02-27T12:49:55+00:00","breadcrumb":{"@id":"https:\/\/dosingpump.shop\/pt\/produto\/bomba-peristaltica-fluimac-helios-as-25-vx\/#breadcrumb"},"inLanguage":"pl-PL","potentialAction":[{"@type":"ReadAction","target":["https:\/\/dosingpump.shop\/pt\/produto\/bomba-peristaltica-fluimac-helios-as-25-vx\/"]}]},{"@type":"ImageObject","inLanguage":"pl-PL","@id":"https:\/\/dosingpump.shop\/pt\/produto\/bomba-peristaltica-fluimac-helios-as-25-vx\/#primaryimage","url":"https:\/\/dosingpump.shop\/wp-content\/uploads\/2024\/12\/Fluimac-Helios-AS-10-VX-slangenpomp.png","contentUrl":"https:\/\/dosingpump.shop\/wp-content\/uploads\/2024\/12\/Fluimac-Helios-AS-10-VX-slangenpomp.png","width":500,"height":500},{"@type":"BreadcrumbList","@id":"https:\/\/dosingpump.shop\/pt\/produto\/bomba-peristaltica-fluimac-helios-as-25-vx\/#breadcrumb","itemListElement":[{"@type":"ListItem","position":1,"name":"Home","item":"https:\/\/dosingpump.shop\/"},{"@type":"ListItem","position":2,"name":"Shop","item":"https:\/\/dosingpump.shop\/de\/shop\/"},{"@type":"ListItem","position":3,"name":"Fluimac Helios AS-25-VX slangenpomp"}]},{"@type":"WebSite","@id":"https:\/\/dosingpump.shop\/de\/#website","url":"https:\/\/dosingpump.shop\/de\/","name":"Dosing Pump Shop B.V.","description":"","publisher":{"@id":"https:\/\/dosingpump.shop\/de\/#organization"},"potentialAction":[{"@type":"SearchAction","target":{"@type":"EntryPoint","urlTemplate":"https:\/\/dosingpump.shop\/de\/?s={search_term_string}"},"query-input":{"@type":"PropertyValueSpecification","valueRequired":true,"valueName":"search_term_string"}}],"inLanguage":"pl-PL"},{"@type":"Organization","@id":"https:\/\/dosingpump.shop\/de\/#organization","name":"Dosing Pump Shop B.V.","url":"https:\/\/dosingpump.shop\/de\/","logo":{"@type":"ImageObject","inLanguage":"pl-PL","@id":"https:\/\/dosingpump.shop\/de\/#\/schema\/logo\/image\/","url":"https:\/\/dosingpump.shop\/wp-content\/uploads\/2024\/10\/Dosing-Pump-Shop-logo.png","contentUrl":"https:\/\/dosingpump.shop\/wp-content\/uploads\/2024\/10\/Dosing-Pump-Shop-logo.png","width":350,"height":45,"caption":"Dosing Pump Shop B.V."},"image":{"@id":"https:\/\/dosingpump.shop\/de\/#\/schema\/logo\/image\/"},"sameAs":["https:\/\/linkedin.com\/company\/dosing-pump-shop"]}]},"product_price_amount":"6261.00","product_price_currency":"EUR","og_availability":"instock","product_availability":"instock","product_retailer_item_id":"AS-25-VX","product_condition":"new"},"_links":{"self":[{"href":"https:\/\/dosingpump.shop\/pl\/wp-json\/wp\/v2\/product\/4998","targetHints":{"allow":["GET"]}}],"collection":[{"href":"https:\/\/dosingpump.shop\/pl\/wp-json\/wp\/v2\/product"}],"about":[{"href":"https:\/\/dosingpump.shop\/pl\/wp-json\/wp\/v2\/types\/product"}],"wp:featuredmedia":[{"embeddable":true,"href":"https:\/\/dosingpump.shop\/pl\/wp-json\/wp\/v2\/media\/7054"}],"wp:attachment":[{"href":"https:\/\/dosingpump.shop\/pl\/wp-json\/wp\/v2\/media?parent=4998"}],"wp:term":[{"taxonomy":"product_brand","embeddable":true,"href":"https:\/\/dosingpump.shop\/pl\/wp-json\/wp\/v2\/product_brand?post=4998"},{"taxonomy":"product_cat","embeddable":true,"href":"https:\/\/dosingpump.shop\/pl\/wp-json\/wp\/v2\/product_cat?post=4998"},{"taxonomy":"product_tag","embeddable":true,"href":"https:\/\/dosingpump.shop\/pl\/wp-json\/wp\/v2\/product_tag?post=4998"}],"curies":[{"name":"wp","href":"https:\/\/api.w.org\/{rel}","templated":true}]}}