{"id":6198,"date":"2025-01-22T10:36:56","date_gmt":"2025-01-22T10:36:56","guid":{"rendered":"https:\/\/dosingpump.shop\/product\/doseerinstallatie-voor-nikkel-ii-acetaat\/"},"modified":"2026-02-27T14:50:09","modified_gmt":"2026-02-27T12:50:09","slug":"jednostka-dozujaca-dla-octanu-niklu-ii","status":"publish","type":"product","link":"https:\/\/dosingpump.shop\/pl\/product\/doseerinstallatie-voor-nikkel-ii-acetaat\/","title":{"rendered":"Instalacja dozowania octanu niklu II"},"content":{"rendered":"<h3>Instalacja dozuj\u0105ca dla octanu niklu II - 50 litr\u00f3w<\/h3>\n<p>Dzi\u0119ki temu systemowi dozowania octanu niklu-ii ((CH3COO)2Ni) masz wszystko, czego potrzebujesz do bezpiecznego i wydajnego dozowania octanu niklu-ii. Oczywi\u015bcie pomy\u015bleli\u015bmy o odporno\u015bci chemicznej, aby r\u00f3\u017cne komponenty dzia\u0142a\u0142y przez bardzo d\u0142ugi czas.<\/p>\n<p>Pojemno\u015b\u0107 zbiornika wynosi standardowo 50 litr\u00f3w. Zbiornik jest wyposa\u017cony w lanc\u0119 ss\u0105c\u0105, kt\u00f3ra jest pod\u0142\u0105czona do pompy dozuj\u0105cej. Lanca ss\u0105ca ma styk poziomu, kt\u00f3ry wy\u0142\u0105cza pomp\u0119, gdy zbiornik jest pusty. Jest to wygodne, poniewa\u017c zapobiega przedostawaniu si\u0119 powietrza do rur. Pomp\u0119 dozuj\u0105c\u0105 mo\u017cna zamontowa\u0107 na zbiorniku. Komponenty tego systemu s\u0105 dostarczane oddzielnie. Monta\u017c jest \u0142atwy i oczywi\u015bcie mo\u017cemy w nim pom\u00f3c.<\/p>\n<h3>Zawarto\u015b\u0107 Dozownik octanu niklu II<\/h3>\n<ul>\n<li>Zbiornik o pojemno\u015bci 50 litr\u00f3w, odpowiedni do octanu niklu II.<\/li>\n<li>Pompa dozuj\u0105ca Emec K CL PLUS 08-08 (8 l\/h - 8 bar) z regulowan\u0105 d\u0142ugo\u015bci\u0105 skoku i cz\u0119stotliwo\u015bci\u0105.<\/li>\n<li>Lanca ss\u0105ca z kontrol\u0105 poziomu<\/li>\n<li>Zaw\u00f3r wtryskowy i w\u0105\u017c dozuj\u0105cy<\/li>\n<\/ul>\n<p>Dla tego systemu dozowania chloru <b>opcjonalny<\/b> dost\u0119pne:<\/p>\n<ul>\n<li>Wi\u0119kszy zbiornik dost\u0119pny od: 100, 200, 500 lub 1000 litr\u00f3w<\/li>\n<li>Wydajno\u015b\u0107 do 80 litr\u00f3w na godzin\u0119, dla pomp umieszczonych bezpo\u015brednio na zbiorniku<\/li>\n<li>Wydajno\u015b\u0107 do 1000 litr\u00f3w na godzin\u0119, dla pomp umieszczonych przy \u015bcianie nad zbiornikiem<\/li>\n<li>Sterowanie 4-20 mA<\/li>\n<li>Pompa nape\u0142niaj\u0105ca zbiornik<\/li>\n<li>Mieszad\u0142o (r\u0119czne lub automatyczne)<\/li>\n<li>Odpowiednia tacka ociekowa<\/li>\n<li>Dostawa w pe\u0142ni zmontowana<\/li>\n<\/ul>","protected":false},"excerpt":{"rendered":"<p>Kompletny system dozowania octanu niklu-ii zawieraj\u0105cy zbiornik, lanc\u0119 ss\u0105c\u0105 i pomp\u0119 dozuj\u0105c\u0105. Pojemno\u015b\u0107 50 litr\u00f3w.<\/p>","protected":false},"featured_media":4432,"template":"","meta":[],"product_brand":[],"product_cat":[123],"product_tag":[],"class_list":{"0":"post-6198","1":"product","2":"type-product","3":"status-publish","4":"has-post-thumbnail","6":"product_cat-doseerinstallaties-voor-chemicalien","8":"first","9":"instock","10":"taxable","11":"shipping-taxable","12":"purchasable","13":"product-type-simple"},"yoast_head":"<!-- This site is optimized with the Yoast SEO plugin v27.2 - https:\/\/yoast.com\/product\/yoast-seo-wordpress\/ -->\n<title>Doseerinstallatie voor Nikkel-II-acetaat | Dosing Pump Shop B.V.<\/title>\n<meta name=\"description\" content=\"Complete Doseerinstallatie voor Nikkel-II-acetaat incl. tank, aanzuiglans en doseerpomp. Inhoud: 50 liter.\" \/>\n<meta name=\"robots\" content=\"index, follow, max-snippet:-1, max-image-preview:large, max-video-preview:-1\" \/>\n<link rel=\"canonical\" href=\"https:\/\/dosingpump.shop\/pl\/produkt-2\/jednostka-dozujaca-dla-octanu-niklu-ii\/\" \/>\n<meta property=\"og:locale\" content=\"pl_PL\" \/>\n<meta property=\"og:type\" content=\"article\" \/>\n<meta property=\"og:title\" content=\"Doseerinstallatie voor Nikkel-II-acetaat | Dosing Pump Shop B.V.\" \/>\n<meta property=\"og:description\" content=\"Complete Doseerinstallatie voor Nikkel-II-acetaat incl. tank, aanzuiglans en doseerpomp. Inhoud: 50 liter.\" \/>\n<meta property=\"og:url\" content=\"https:\/\/dosingpump.shop\/pl\/produkt-2\/jednostka-dozujaca-dla-octanu-niklu-ii\/\" \/>\n<meta property=\"og:site_name\" content=\"Dosing Pump Shop B.V.\" \/>\n<meta property=\"article:modified_time\" content=\"2026-02-27T12:50:09+00:00\" \/>\n<meta property=\"og:image\" content=\"https:\/\/dosingpump.shop\/wp-content\/uploads\/2024\/12\/waterstofperoxide-doseerinstallatie.webp\" \/>\n\t<meta property=\"og:image:width\" content=\"500\" \/>\n\t<meta property=\"og:image:height\" content=\"500\" \/>\n\t<meta property=\"og:image:type\" content=\"image\/webp\" \/>\n<meta name=\"twitter:card\" content=\"summary_large_image\" \/>\n<meta name=\"twitter:label1\" content=\"Cena\" \/>\n\t<meta name=\"twitter:data1\" content=\"&euro;757,00\" \/>\n\t<meta name=\"twitter:label2\" content=\"Dost\u0119pno\u015b\u0107\" \/>\n\t<meta name=\"twitter:data2\" content=\"Dost\u0119pny\" \/>\n<script type=\"application\/ld+json\" class=\"yoast-schema-graph\">{\"@context\":\"https:\/\/schema.org\",\"@graph\":[{\"@type\":\"WebPage\",\"@id\":\"https:\/\/dosingpump.shop\/it\/prodotto\/dosatore-per-acetato-di-nichel-ii\/\",\"url\":\"https:\/\/dosingpump.shop\/it\/prodotto\/dosatore-per-acetato-di-nichel-ii\/\",\"name\":\"Doseerinstallatie voor Nikkel-II-acetaat | Dosing Pump Shop B.V.\",\"isPartOf\":{\"@id\":\"https:\/\/dosingpump.shop\/de\/#website\"},\"primaryImageOfPage\":{\"@id\":\"https:\/\/dosingpump.shop\/it\/prodotto\/dosatore-per-acetato-di-nichel-ii\/#primaryimage\"},\"image\":{\"@id\":\"https:\/\/dosingpump.shop\/it\/prodotto\/dosatore-per-acetato-di-nichel-ii\/#primaryimage\"},\"thumbnailUrl\":\"https:\/\/dosingpump.shop\/wp-content\/uploads\/2024\/12\/waterstofperoxide-doseerinstallatie.webp\",\"datePublished\":\"2025-01-22T10:36:56+00:00\",\"dateModified\":\"2026-02-27T12:50:09+00:00\",\"description\":\"Complete Doseerinstallatie voor Nikkel-II-acetaat incl. tank, aanzuiglans en doseerpomp. Inhoud: 50 liter.\",\"breadcrumb\":{\"@id\":\"https:\/\/dosingpump.shop\/it\/prodotto\/dosatore-per-acetato-di-nichel-ii\/#breadcrumb\"},\"inLanguage\":\"pl-PL\",\"potentialAction\":[{\"@type\":\"ReadAction\",\"target\":[\"https:\/\/dosingpump.shop\/it\/prodotto\/dosatore-per-acetato-di-nichel-ii\/\"]}]},{\"@type\":\"ImageObject\",\"inLanguage\":\"pl-PL\",\"@id\":\"https:\/\/dosingpump.shop\/it\/prodotto\/dosatore-per-acetato-di-nichel-ii\/#primaryimage\",\"url\":\"https:\/\/dosingpump.shop\/wp-content\/uploads\/2024\/12\/waterstofperoxide-doseerinstallatie.webp\",\"contentUrl\":\"https:\/\/dosingpump.shop\/wp-content\/uploads\/2024\/12\/waterstofperoxide-doseerinstallatie.webp\",\"width\":500,\"height\":500},{\"@type\":\"BreadcrumbList\",\"@id\":\"https:\/\/dosingpump.shop\/it\/prodotto\/dosatore-per-acetato-di-nichel-ii\/#breadcrumb\",\"itemListElement\":[{\"@type\":\"ListItem\",\"position\":1,\"name\":\"Home\",\"item\":\"https:\/\/dosingpump.shop\/\"},{\"@type\":\"ListItem\",\"position\":2,\"name\":\"Shop\",\"item\":\"https:\/\/dosingpump.shop\/de\/shop\/\"},{\"@type\":\"ListItem\",\"position\":3,\"name\":\"Doseerinstallatie voor Nikkel-II-acetaat\"}]},{\"@type\":\"WebSite\",\"@id\":\"https:\/\/dosingpump.shop\/de\/#website\",\"url\":\"https:\/\/dosingpump.shop\/de\/\",\"name\":\"Dosing Pump Shop B.V.\",\"description\":\"\",\"publisher\":{\"@id\":\"https:\/\/dosingpump.shop\/de\/#organization\"},\"potentialAction\":[{\"@type\":\"SearchAction\",\"target\":{\"@type\":\"EntryPoint\",\"urlTemplate\":\"https:\/\/dosingpump.shop\/de\/?s={search_term_string}\"},\"query-input\":{\"@type\":\"PropertyValueSpecification\",\"valueRequired\":true,\"valueName\":\"search_term_string\"}}],\"inLanguage\":\"pl-PL\"},{\"@type\":\"Organization\",\"@id\":\"https:\/\/dosingpump.shop\/de\/#organization\",\"name\":\"Dosing Pump Shop B.V.\",\"url\":\"https:\/\/dosingpump.shop\/de\/\",\"logo\":{\"@type\":\"ImageObject\",\"inLanguage\":\"pl-PL\",\"@id\":\"https:\/\/dosingpump.shop\/de\/#\/schema\/logo\/image\/\",\"url\":\"https:\/\/dosingpump.shop\/wp-content\/uploads\/2024\/10\/Dosing-Pump-Shop-logo.png\",\"contentUrl\":\"https:\/\/dosingpump.shop\/wp-content\/uploads\/2024\/10\/Dosing-Pump-Shop-logo.png\",\"width\":350,\"height\":45,\"caption\":\"Dosing Pump Shop B.V.\"},\"image\":{\"@id\":\"https:\/\/dosingpump.shop\/de\/#\/schema\/logo\/image\/\"},\"sameAs\":[\"https:\/\/linkedin.com\/company\/dosing-pump-shop\"]}]}<\/script>\n<meta property=\"product:price:amount\" content=\"757.00\" \/>\n<meta property=\"product:price:currency\" content=\"EUR\" \/>\n<meta property=\"og:availability\" content=\"instock\" \/>\n<meta property=\"product:availability\" content=\"instock\" \/>\n<meta property=\"product:retailer_item_id\" content=\"doseerinstalatie-Nikkel-II-acetaat\" \/>\n<meta property=\"product:condition\" content=\"new\" \/>\n<!-- \/ Yoast SEO plugin. -->","yoast_head_json":{"title":"Instalacja dozowania octanu niklu II | Dosing Pump Shop B.V.","description":"Kompletna instalacja dozuj\u0105ca do octanu niklu II, zawieraj\u0105ca zbiornik, lanc\u0119 ss\u0105c\u0105 i pomp\u0119 dozuj\u0105c\u0105. Pojemno\u015b\u0107: 50 litr\u00f3w.","robots":{"index":"index","follow":"follow","max-snippet":"max-snippet:-1","max-image-preview":"max-image-preview:large","max-video-preview":"max-video-preview:-1"},"canonical":"https:\/\/dosingpump.shop\/pl\/produkt-2\/jednostka-dozujaca-dla-octanu-niklu-ii\/","og_locale":"pl_PL","og_type":"article","og_title":"Doseerinstallatie voor Nikkel-II-acetaat | Dosing Pump Shop B.V.","og_description":"Complete Doseerinstallatie voor Nikkel-II-acetaat incl. tank, aanzuiglans en doseerpomp. Inhoud: 50 liter.","og_url":"https:\/\/dosingpump.shop\/pl\/produkt-2\/jednostka-dozujaca-dla-octanu-niklu-ii\/","og_site_name":"Dosing Pump Shop B.V.","article_modified_time":"2026-02-27T12:50:09+00:00","og_image":[{"width":500,"height":500,"url":"https:\/\/dosingpump.shop\/wp-content\/uploads\/2024\/12\/waterstofperoxide-doseerinstallatie.webp","type":"image\/webp"}],"twitter_card":"summary_large_image","twitter_misc":{"Cena":"&euro;757,00","Dost\u0119pno\u015b\u0107":"Dost\u0119pny"},"schema":{"@context":"https:\/\/schema.org","@graph":[{"@type":"WebPage","@id":"https:\/\/dosingpump.shop\/it\/prodotto\/dosatore-per-acetato-di-nichel-ii\/","url":"https:\/\/dosingpump.shop\/it\/prodotto\/dosatore-per-acetato-di-nichel-ii\/","name":"Instalacja dozowania octanu niklu II | Dosing Pump Shop B.V.","isPartOf":{"@id":"https:\/\/dosingpump.shop\/de\/#website"},"primaryImageOfPage":{"@id":"https:\/\/dosingpump.shop\/it\/prodotto\/dosatore-per-acetato-di-nichel-ii\/#primaryimage"},"image":{"@id":"https:\/\/dosingpump.shop\/it\/prodotto\/dosatore-per-acetato-di-nichel-ii\/#primaryimage"},"thumbnailUrl":"https:\/\/dosingpump.shop\/wp-content\/uploads\/2024\/12\/waterstofperoxide-doseerinstallatie.webp","datePublished":"2025-01-22T10:36:56+00:00","dateModified":"2026-02-27T12:50:09+00:00","description":"Kompletna instalacja dozuj\u0105ca do octanu niklu II, zawieraj\u0105ca zbiornik, lanc\u0119 ss\u0105c\u0105 i pomp\u0119 dozuj\u0105c\u0105. Pojemno\u015b\u0107: 50 litr\u00f3w.","breadcrumb":{"@id":"https:\/\/dosingpump.shop\/it\/prodotto\/dosatore-per-acetato-di-nichel-ii\/#breadcrumb"},"inLanguage":"pl-PL","potentialAction":[{"@type":"ReadAction","target":["https:\/\/dosingpump.shop\/it\/prodotto\/dosatore-per-acetato-di-nichel-ii\/"]}]},{"@type":"ImageObject","inLanguage":"pl-PL","@id":"https:\/\/dosingpump.shop\/it\/prodotto\/dosatore-per-acetato-di-nichel-ii\/#primaryimage","url":"https:\/\/dosingpump.shop\/wp-content\/uploads\/2024\/12\/waterstofperoxide-doseerinstallatie.webp","contentUrl":"https:\/\/dosingpump.shop\/wp-content\/uploads\/2024\/12\/waterstofperoxide-doseerinstallatie.webp","width":500,"height":500},{"@type":"BreadcrumbList","@id":"https:\/\/dosingpump.shop\/it\/prodotto\/dosatore-per-acetato-di-nichel-ii\/#breadcrumb","itemListElement":[{"@type":"ListItem","position":1,"name":"Home","item":"https:\/\/dosingpump.shop\/"},{"@type":"ListItem","position":2,"name":"Shop","item":"https:\/\/dosingpump.shop\/de\/shop\/"},{"@type":"ListItem","position":3,"name":"Doseerinstallatie voor Nikkel-II-acetaat"}]},{"@type":"WebSite","@id":"https:\/\/dosingpump.shop\/de\/#website","url":"https:\/\/dosingpump.shop\/de\/","name":"Dosing Pump Shop B.V.","description":"","publisher":{"@id":"https:\/\/dosingpump.shop\/de\/#organization"},"potentialAction":[{"@type":"SearchAction","target":{"@type":"EntryPoint","urlTemplate":"https:\/\/dosingpump.shop\/de\/?s={search_term_string}"},"query-input":{"@type":"PropertyValueSpecification","valueRequired":true,"valueName":"search_term_string"}}],"inLanguage":"pl-PL"},{"@type":"Organization","@id":"https:\/\/dosingpump.shop\/de\/#organization","name":"Dosing Pump Shop B.V.","url":"https:\/\/dosingpump.shop\/de\/","logo":{"@type":"ImageObject","inLanguage":"pl-PL","@id":"https:\/\/dosingpump.shop\/de\/#\/schema\/logo\/image\/","url":"https:\/\/dosingpump.shop\/wp-content\/uploads\/2024\/10\/Dosing-Pump-Shop-logo.png","contentUrl":"https:\/\/dosingpump.shop\/wp-content\/uploads\/2024\/10\/Dosing-Pump-Shop-logo.png","width":350,"height":45,"caption":"Dosing Pump Shop B.V."},"image":{"@id":"https:\/\/dosingpump.shop\/de\/#\/schema\/logo\/image\/"},"sameAs":["https:\/\/linkedin.com\/company\/dosing-pump-shop"]}]},"product_price_amount":"757.00","product_price_currency":"EUR","og_availability":"instock","product_availability":"instock","product_retailer_item_id":"doseerinstalatie-Nikkel-II-acetaat","product_condition":"new"},"_links":{"self":[{"href":"https:\/\/dosingpump.shop\/pl\/wp-json\/wp\/v2\/product\/6198","targetHints":{"allow":["GET"]}}],"collection":[{"href":"https:\/\/dosingpump.shop\/pl\/wp-json\/wp\/v2\/product"}],"about":[{"href":"https:\/\/dosingpump.shop\/pl\/wp-json\/wp\/v2\/types\/product"}],"wp:featuredmedia":[{"embeddable":true,"href":"https:\/\/dosingpump.shop\/pl\/wp-json\/wp\/v2\/media\/4432"}],"wp:attachment":[{"href":"https:\/\/dosingpump.shop\/pl\/wp-json\/wp\/v2\/media?parent=6198"}],"wp:term":[{"taxonomy":"product_brand","embeddable":true,"href":"https:\/\/dosingpump.shop\/pl\/wp-json\/wp\/v2\/product_brand?post=6198"},{"taxonomy":"product_cat","embeddable":true,"href":"https:\/\/dosingpump.shop\/pl\/wp-json\/wp\/v2\/product_cat?post=6198"},{"taxonomy":"product_tag","embeddable":true,"href":"https:\/\/dosingpump.shop\/pl\/wp-json\/wp\/v2\/product_tag?post=6198"}],"curies":[{"name":"wp","href":"https:\/\/api.w.org\/{rel}","templated":true}]}}