{"id":7271,"date":"2025-06-05T13:27:12","date_gmt":"2025-06-05T11:27:12","guid":{"rendered":"https:\/\/dosingpump.shop\/product\/slang-4x6-pe-25-meter\/"},"modified":"2026-02-27T14:50:29","modified_gmt":"2026-02-27T12:50:29","slug":"waz-4x6-pe-25-metrow","status":"publish","type":"product","link":"https:\/\/dosingpump.shop\/pl\/product\/slang-4x6-pe-25-meter\/","title":{"rendered":"W\u0105\u017c - 4\u00d76 - PE - 25 metr\u00f3w"},"content":{"rendered":"<p>W\u0105\u017c dozuj\u0105cy Emec 4\u00d76 mm, wykonany z wysokiej jako\u015bci polietylenu (PE), jest niezb\u0119dnym elementem do r\u00f3\u017cnych zastosowa\u0144 dozowania. W\u0105\u017c ten ma d\u0142ugo\u015b\u0107 25 metr\u00f3w i stanowi niezawodne i trwa\u0142e rozwi\u0105zanie do transportu chemikali\u00f3w w systemie dozowania. Dzi\u0119ki zastosowaniu polietylenu (PE) w\u0105\u017c ma dobr\u0105 odporno\u015b\u0107 chemiczn\u0105 na szeroki zakres cieczy. Dzi\u0119ki wewn\u0119trznej \u015brednicy 4 mm i zewn\u0119trznej \u015brednicy 6 mm, w\u0105\u017c ten nadaje si\u0119 do system\u00f3w wymagaj\u0105cych tych konkretnych wymiar\u00f3w. D\u0142ugo\u015b\u0107 25 metr\u00f3w zapewnia maksymaln\u0105 elastyczno\u015b\u0107 instalacji i w razie potrzeby mo\u017cna go \u0142atwo przyci\u0105\u0107 do odpowiedniego rozmiaru. Jest idealny do stosowania z pompami dozuj\u0105cymi Emec i innymi systemami dozowania, w kt\u00f3rych wymagany jest niezawodny i odporny chemicznie w\u0105\u017c. Polietylen (PE) jest znany ze swojej szerokiej kompatybilno\u015bci chemicznej; w przypadku okre\u015blonych chemikali\u00f3w najlepiej jest zapozna\u0107 si\u0119 z list\u0105 kompatybilno\u015bci chemicznej, aby upewni\u0107 si\u0119, \u017ce PE nadaje si\u0119 do danego zastosowania. Ten w\u0105\u017c jest op\u0142acalnym i niezawodnym wyborem dla potrzeb dozowania, z jako\u015bci\u0105, kt\u00f3rej mo\u017cna oczekiwa\u0107 od Emec.<\/p>","protected":false},"excerpt":{"rendered":"<ul>\n<li>Wysokiej jako\u015bci w\u0105\u017c PE firmy Emec<\/li>\n<li>Przepustowo\u015b\u0107 4\u00d76<\/li>\n<li>D\u0142ugo\u015b\u0107 25 metr\u00f3w<\/li>\n<\/ul>\n<p><em><strong>Dost\u0119pne w kilku wersjach<\/strong><\/em><\/p>","protected":false},"featured_media":7305,"template":"","meta":[],"product_brand":[],"product_cat":[34,280],"product_tag":[],"class_list":{"0":"post-7271","1":"product","2":"type-product","3":"status-publish","4":"has-post-thumbnail","6":"product_cat-accessoires","7":"product_cat-slangen","9":"first","10":"instock","11":"taxable","12":"shipping-taxable","13":"purchasable","14":"product-type-simple"},"yoast_head":"<!-- This site is optimized with the Yoast SEO plugin v27.2 - https:\/\/yoast.com\/product\/yoast-seo-wordpress\/ -->\n<title>Slang - 4x6 - PE - 25 Meter - Dosing Pump Shop B.V.<\/title>\n<meta name=\"robots\" content=\"index, follow, max-snippet:-1, max-image-preview:large, max-video-preview:-1\" \/>\n<link rel=\"canonical\" href=\"https:\/\/dosingpump.shop\/pl\/produkt-2\/waz-4x6-pe-25-metrow\/\" \/>\n<meta property=\"og:locale\" content=\"pl_PL\" \/>\n<meta property=\"og:type\" content=\"article\" \/>\n<meta property=\"og:title\" content=\"Slang - 4x6 - PE - 25 Meter - Dosing Pump Shop B.V.\" \/>\n<meta property=\"og:description\" content=\"Emec hoogwaardige PE Slang  Een doorvoer van 4x6  Lengte van 25 Meter  Beschikbaar in meerdere uitvoeringen\" \/>\n<meta property=\"og:url\" content=\"https:\/\/dosingpump.shop\/pl\/produkt-2\/waz-4x6-pe-25-metrow\/\" \/>\n<meta property=\"og:site_name\" content=\"Dosing Pump Shop B.V.\" \/>\n<meta property=\"article:modified_time\" content=\"2026-02-27T12:50:29+00:00\" \/>\n<meta property=\"og:image\" content=\"https:\/\/dosingpump.shop\/wp-content\/uploads\/2025\/06\/Emec-Slang-PE.png\" \/>\n\t<meta property=\"og:image:width\" content=\"500\" \/>\n\t<meta property=\"og:image:height\" content=\"500\" \/>\n\t<meta property=\"og:image:type\" content=\"image\/png\" \/>\n<meta name=\"twitter:card\" content=\"summary_large_image\" \/>\n<meta name=\"twitter:label1\" content=\"Cena\" \/>\n\t<meta name=\"twitter:data1\" content=\"&euro;32,00\" \/>\n\t<meta name=\"twitter:label2\" content=\"Dost\u0119pno\u015b\u0107\" \/>\n\t<meta name=\"twitter:data2\" content=\"Dost\u0119pny\" \/>\n<script type=\"application\/ld+json\" class=\"yoast-schema-graph\">{\"@context\":\"https:\/\/schema.org\",\"@graph\":[{\"@type\":\"WebPage\",\"@id\":\"https:\/\/dosingpump.shop\/ee\/toode-2\/voolik-4x6-pe-25-meetrit\/\",\"url\":\"https:\/\/dosingpump.shop\/ee\/toode-2\/voolik-4x6-pe-25-meetrit\/\",\"name\":\"Slang - 4x6 - PE - 25 Meter - Dosing Pump Shop B.V.\",\"isPartOf\":{\"@id\":\"https:\/\/dosingpump.shop\/de\/#website\"},\"primaryImageOfPage\":{\"@id\":\"https:\/\/dosingpump.shop\/ee\/toode-2\/voolik-4x6-pe-25-meetrit\/#primaryimage\"},\"image\":{\"@id\":\"https:\/\/dosingpump.shop\/ee\/toode-2\/voolik-4x6-pe-25-meetrit\/#primaryimage\"},\"thumbnailUrl\":\"https:\/\/dosingpump.shop\/wp-content\/uploads\/2025\/06\/Emec-Slang-PE.png\",\"datePublished\":\"2025-06-05T11:27:12+00:00\",\"dateModified\":\"2026-02-27T12:50:29+00:00\",\"breadcrumb\":{\"@id\":\"https:\/\/dosingpump.shop\/ee\/toode-2\/voolik-4x6-pe-25-meetrit\/#breadcrumb\"},\"inLanguage\":\"pl-PL\",\"potentialAction\":[{\"@type\":\"ReadAction\",\"target\":[\"https:\/\/dosingpump.shop\/ee\/toode-2\/voolik-4x6-pe-25-meetrit\/\"]}]},{\"@type\":\"ImageObject\",\"inLanguage\":\"pl-PL\",\"@id\":\"https:\/\/dosingpump.shop\/ee\/toode-2\/voolik-4x6-pe-25-meetrit\/#primaryimage\",\"url\":\"https:\/\/dosingpump.shop\/wp-content\/uploads\/2025\/06\/Emec-Slang-PE.png\",\"contentUrl\":\"https:\/\/dosingpump.shop\/wp-content\/uploads\/2025\/06\/Emec-Slang-PE.png\",\"width\":500,\"height\":500},{\"@type\":\"BreadcrumbList\",\"@id\":\"https:\/\/dosingpump.shop\/ee\/toode-2\/voolik-4x6-pe-25-meetrit\/#breadcrumb\",\"itemListElement\":[{\"@type\":\"ListItem\",\"position\":1,\"name\":\"Home\",\"item\":\"https:\/\/dosingpump.shop\/\"},{\"@type\":\"ListItem\",\"position\":2,\"name\":\"Shop\",\"item\":\"https:\/\/dosingpump.shop\/de\/shop\/\"},{\"@type\":\"ListItem\",\"position\":3,\"name\":\"Slang &#8211; 4&#215;6 &#8211; PE &#8211; 25 Meter\"}]},{\"@type\":\"WebSite\",\"@id\":\"https:\/\/dosingpump.shop\/de\/#website\",\"url\":\"https:\/\/dosingpump.shop\/de\/\",\"name\":\"Dosing Pump Shop B.V.\",\"description\":\"\",\"publisher\":{\"@id\":\"https:\/\/dosingpump.shop\/de\/#organization\"},\"potentialAction\":[{\"@type\":\"SearchAction\",\"target\":{\"@type\":\"EntryPoint\",\"urlTemplate\":\"https:\/\/dosingpump.shop\/de\/?s={search_term_string}\"},\"query-input\":{\"@type\":\"PropertyValueSpecification\",\"valueRequired\":true,\"valueName\":\"search_term_string\"}}],\"inLanguage\":\"pl-PL\"},{\"@type\":\"Organization\",\"@id\":\"https:\/\/dosingpump.shop\/de\/#organization\",\"name\":\"Dosing Pump Shop B.V.\",\"url\":\"https:\/\/dosingpump.shop\/de\/\",\"logo\":{\"@type\":\"ImageObject\",\"inLanguage\":\"pl-PL\",\"@id\":\"https:\/\/dosingpump.shop\/de\/#\/schema\/logo\/image\/\",\"url\":\"https:\/\/dosingpump.shop\/wp-content\/uploads\/2024\/10\/Dosing-Pump-Shop-logo.png\",\"contentUrl\":\"https:\/\/dosingpump.shop\/wp-content\/uploads\/2024\/10\/Dosing-Pump-Shop-logo.png\",\"width\":350,\"height\":45,\"caption\":\"Dosing Pump Shop B.V.\"},\"image\":{\"@id\":\"https:\/\/dosingpump.shop\/de\/#\/schema\/logo\/image\/\"},\"sameAs\":[\"https:\/\/linkedin.com\/company\/dosing-pump-shop\"]}]}<\/script>\n<meta property=\"product:price:amount\" content=\"32.00\" \/>\n<meta property=\"product:price:currency\" content=\"EUR\" \/>\n<meta property=\"og:availability\" content=\"instock\" \/>\n<meta property=\"product:availability\" content=\"instock\" \/>\n<meta property=\"product:retailer_item_id\" content=\"049.0496.0\" \/>\n<meta property=\"product:condition\" content=\"new\" \/>\n<!-- \/ Yoast SEO plugin. -->","yoast_head_json":{"title":"W\u0105\u017c - 4x6 - PE - 25 metr\u00f3w - Dosing Pump Shop B.V.","robots":{"index":"index","follow":"follow","max-snippet":"max-snippet:-1","max-image-preview":"max-image-preview:large","max-video-preview":"max-video-preview:-1"},"canonical":"https:\/\/dosingpump.shop\/pl\/produkt-2\/waz-4x6-pe-25-metrow\/","og_locale":"pl_PL","og_type":"article","og_title":"Slang - 4x6 - PE - 25 Meter - Dosing Pump Shop B.V.","og_description":"Emec hoogwaardige PE Slang  Een doorvoer van 4x6  Lengte van 25 Meter  Beschikbaar in meerdere uitvoeringen","og_url":"https:\/\/dosingpump.shop\/pl\/produkt-2\/waz-4x6-pe-25-metrow\/","og_site_name":"Dosing Pump Shop B.V.","article_modified_time":"2026-02-27T12:50:29+00:00","og_image":[{"width":500,"height":500,"url":"https:\/\/dosingpump.shop\/wp-content\/uploads\/2025\/06\/Emec-Slang-PE.png","type":"image\/png"}],"twitter_card":"summary_large_image","twitter_misc":{"Cena":"&euro;32,00","Dost\u0119pno\u015b\u0107":"Dost\u0119pny"},"schema":{"@context":"https:\/\/schema.org","@graph":[{"@type":"WebPage","@id":"https:\/\/dosingpump.shop\/ee\/toode-2\/voolik-4x6-pe-25-meetrit\/","url":"https:\/\/dosingpump.shop\/ee\/toode-2\/voolik-4x6-pe-25-meetrit\/","name":"W\u0105\u017c - 4x6 - PE - 25 metr\u00f3w - Dosing Pump Shop B.V.","isPartOf":{"@id":"https:\/\/dosingpump.shop\/de\/#website"},"primaryImageOfPage":{"@id":"https:\/\/dosingpump.shop\/ee\/toode-2\/voolik-4x6-pe-25-meetrit\/#primaryimage"},"image":{"@id":"https:\/\/dosingpump.shop\/ee\/toode-2\/voolik-4x6-pe-25-meetrit\/#primaryimage"},"thumbnailUrl":"https:\/\/dosingpump.shop\/wp-content\/uploads\/2025\/06\/Emec-Slang-PE.png","datePublished":"2025-06-05T11:27:12+00:00","dateModified":"2026-02-27T12:50:29+00:00","breadcrumb":{"@id":"https:\/\/dosingpump.shop\/ee\/toode-2\/voolik-4x6-pe-25-meetrit\/#breadcrumb"},"inLanguage":"pl-PL","potentialAction":[{"@type":"ReadAction","target":["https:\/\/dosingpump.shop\/ee\/toode-2\/voolik-4x6-pe-25-meetrit\/"]}]},{"@type":"ImageObject","inLanguage":"pl-PL","@id":"https:\/\/dosingpump.shop\/ee\/toode-2\/voolik-4x6-pe-25-meetrit\/#primaryimage","url":"https:\/\/dosingpump.shop\/wp-content\/uploads\/2025\/06\/Emec-Slang-PE.png","contentUrl":"https:\/\/dosingpump.shop\/wp-content\/uploads\/2025\/06\/Emec-Slang-PE.png","width":500,"height":500},{"@type":"BreadcrumbList","@id":"https:\/\/dosingpump.shop\/ee\/toode-2\/voolik-4x6-pe-25-meetrit\/#breadcrumb","itemListElement":[{"@type":"ListItem","position":1,"name":"Home","item":"https:\/\/dosingpump.shop\/"},{"@type":"ListItem","position":2,"name":"Shop","item":"https:\/\/dosingpump.shop\/de\/shop\/"},{"@type":"ListItem","position":3,"name":"Slang &#8211; 4&#215;6 &#8211; PE &#8211; 25 Meter"}]},{"@type":"WebSite","@id":"https:\/\/dosingpump.shop\/de\/#website","url":"https:\/\/dosingpump.shop\/de\/","name":"Dosing Pump Shop B.V.","description":"","publisher":{"@id":"https:\/\/dosingpump.shop\/de\/#organization"},"potentialAction":[{"@type":"SearchAction","target":{"@type":"EntryPoint","urlTemplate":"https:\/\/dosingpump.shop\/de\/?s={search_term_string}"},"query-input":{"@type":"PropertyValueSpecification","valueRequired":true,"valueName":"search_term_string"}}],"inLanguage":"pl-PL"},{"@type":"Organization","@id":"https:\/\/dosingpump.shop\/de\/#organization","name":"Dosing Pump Shop B.V.","url":"https:\/\/dosingpump.shop\/de\/","logo":{"@type":"ImageObject","inLanguage":"pl-PL","@id":"https:\/\/dosingpump.shop\/de\/#\/schema\/logo\/image\/","url":"https:\/\/dosingpump.shop\/wp-content\/uploads\/2024\/10\/Dosing-Pump-Shop-logo.png","contentUrl":"https:\/\/dosingpump.shop\/wp-content\/uploads\/2024\/10\/Dosing-Pump-Shop-logo.png","width":350,"height":45,"caption":"Dosing Pump Shop B.V."},"image":{"@id":"https:\/\/dosingpump.shop\/de\/#\/schema\/logo\/image\/"},"sameAs":["https:\/\/linkedin.com\/company\/dosing-pump-shop"]}]},"product_price_amount":"32.00","product_price_currency":"EUR","og_availability":"instock","product_availability":"instock","product_retailer_item_id":"049.0496.0","product_condition":"new"},"_links":{"self":[{"href":"https:\/\/dosingpump.shop\/pl\/wp-json\/wp\/v2\/product\/7271","targetHints":{"allow":["GET"]}}],"collection":[{"href":"https:\/\/dosingpump.shop\/pl\/wp-json\/wp\/v2\/product"}],"about":[{"href":"https:\/\/dosingpump.shop\/pl\/wp-json\/wp\/v2\/types\/product"}],"wp:featuredmedia":[{"embeddable":true,"href":"https:\/\/dosingpump.shop\/pl\/wp-json\/wp\/v2\/media\/7305"}],"wp:attachment":[{"href":"https:\/\/dosingpump.shop\/pl\/wp-json\/wp\/v2\/media?parent=7271"}],"wp:term":[{"taxonomy":"product_brand","embeddable":true,"href":"https:\/\/dosingpump.shop\/pl\/wp-json\/wp\/v2\/product_brand?post=7271"},{"taxonomy":"product_cat","embeddable":true,"href":"https:\/\/dosingpump.shop\/pl\/wp-json\/wp\/v2\/product_cat?post=7271"},{"taxonomy":"product_tag","embeddable":true,"href":"https:\/\/dosingpump.shop\/pl\/wp-json\/wp\/v2\/product_tag?post=7271"}],"curies":[{"name":"wp","href":"https:\/\/api.w.org\/{rel}","templated":true}]}}