{"id":8067,"date":"2025-07-11T12:51:37","date_gmt":"2025-07-11T10:51:37","guid":{"rendered":"https:\/\/dosingpump.shop\/product\/pompkop-ta-12x18-pvdffpce\/"},"modified":"2026-02-27T14:50:45","modified_gmt":"2026-02-27T12:50:45","slug":"glowica-pompy-ta-12x18-pvdffpce","status":"publish","type":"product","link":"https:\/\/dosingpump.shop\/pl\/product\/pompkop-ta-12x18-pvdffpce\/","title":{"rendered":"G\u0142owica pompy TA 12X18 (PVDF+FP+CE)"},"content":{"rendered":"<p>G\u0142owice pomp Emec s\u0105 kluczowymi komponentami, kt\u00f3re zapewniaj\u0105 dok\u0142adne i niezawodne dozowanie cieczy w szerokim zakresie zastosowa\u0144 przemys\u0142owych i komercyjnych. S\u0105 one niezb\u0119dnym elementem operacyjnym ka\u017cdego systemu dozowania Emec, z ka\u017cdym szczeg\u00f3\u0142em zaprojektowanym w celu zapewnienia maksymalnej wydajno\u015bci i trwa\u0142o\u015bci.<\/p>\n<p>Te g\u0142owice pomp s\u0105 produkowane z wysokiej jako\u015bci materia\u0142\u00f3w specjalnie dobranych do dozowanej cieczy, niezale\u017cnie od tego, czy s\u0105 to agresywne chemikalia, lepkie roztwory czy delikatne odczynniki. Zapewnia to wyj\u0105tkow\u0105 odporno\u015b\u0107 chemiczn\u0105 i d\u0142ug\u0105 \u017cywotno\u015b\u0107, nawet w najbardziej wymagaj\u0105cych warunkach. Przemy\u015blana konstrukcja wewn\u0119trzna minimalizuje zu\u017cycie i optymalizuje przep\u0142yw p\u0142ynu, zapewniaj\u0105c sp\u00f3jne i powtarzalne dozowanie.<\/p>\n<p>Precyzja g\u0142owic pomp ma kluczowe znaczenie w procesach, w kt\u00f3rych liczy si\u0119 ka\u017cda kropla. Gwarantuj\u0105 one kontrolowane i stabilne dozowanie, co ma zasadnicze znaczenie dla kontroli jako\u015bci, efektywnego wykorzystania surowc\u00f3w i zgodno\u015bci z parametrami procesu. Emec oferuje r\u00f3\u017cnorodne g\u0142owice pomp o r\u00f3\u017cnych nat\u0119\u017ceniach przep\u0142ywu i ci\u015bnieniach, dzi\u0119ki czemu nadaj\u0105 si\u0119 one do szerokiego zakresu zastosowa\u0144, od uzdatniania wody i proces\u00f3w chemicznych po rolnictwo i przemys\u0142 spo\u017cywczy.<\/p>\n<p>Kr\u00f3tko m\u00f3wi\u0105c, g\u0142owice pomp Emec s\u0105 niezb\u0119dnym ogniwem, kt\u00f3re zapewnia niezawodno\u015b\u0107 i dok\u0142adno\u015b\u0107 proces\u00f3w dozowania, znacz\u0105co przyczyniaj\u0105c si\u0119 do og\u00f3lnej wydajno\u015bci i skuteczno\u015bci systemu.<\/p>","protected":false},"excerpt":{"rendered":"<ul>\n<li>Wykonane z wysokiej jako\u015bci materia\u0142\u00f3w<\/li>\n<li>Precyzyjne i niezawodne dozowanie<\/li>\n<li>Nadaje si\u0119 do pomp dozuj\u0105cych emec<\/li>\n<\/ul>\n<p>Nie mo\u017cesz tego rozgry\u017a\u0107? Skontaktuj si\u0119 z nami, a ch\u0119tnie Ci pomo\u017cemy.<\/p>","protected":false},"featured_media":7712,"template":"","meta":[],"product_brand":[],"product_cat":[236],"product_tag":[],"class_list":{"0":"post-8067","1":"product","2":"type-product","3":"status-publish","4":"has-post-thumbnail","6":"product_cat-pompkoppen","8":"first","9":"instock","10":"taxable","11":"shipping-taxable","12":"purchasable","13":"product-type-simple"},"yoast_head":"<!-- This site is optimized with the Yoast SEO plugin v27.2 - https:\/\/yoast.com\/product\/yoast-seo-wordpress\/ -->\n<title>Pompkop TA 12X18 (PVDF+FP+CE) - Dosing Pump Shop B.V.<\/title>\n<meta name=\"robots\" content=\"index, follow, max-snippet:-1, max-image-preview:large, max-video-preview:-1\" \/>\n<link rel=\"canonical\" href=\"https:\/\/dosingpump.shop\/pl\/produkt-2\/glowica-pompy-ta-12x18-pvdffpce\/\" \/>\n<meta property=\"og:locale\" content=\"pl_PL\" \/>\n<meta property=\"og:type\" content=\"article\" \/>\n<meta property=\"og:title\" content=\"Pompkop TA 12X18 (PVDF+FP+CE) - Dosing Pump Shop B.V.\" \/>\n<meta property=\"og:description\" content=\"Gemaakt van hoogwaardige materialen  Voor nauwkeurige en betrouwbare dosering  Geschikt voor emec doseerpompen  Kom je er niet aan uit? Neem dan contact op wij staan klaar om u te helpen.\" \/>\n<meta property=\"og:url\" content=\"https:\/\/dosingpump.shop\/pl\/produkt-2\/glowica-pompy-ta-12x18-pvdffpce\/\" \/>\n<meta property=\"og:site_name\" content=\"Dosing Pump Shop B.V.\" \/>\n<meta property=\"article:modified_time\" content=\"2026-02-27T12:50:45+00:00\" \/>\n<meta property=\"og:image\" content=\"https:\/\/dosingpump.shop\/wp-content\/uploads\/2025\/07\/Emec-Pumphead-PVDF.png\" \/>\n\t<meta property=\"og:image:width\" content=\"500\" \/>\n\t<meta property=\"og:image:height\" content=\"500\" \/>\n\t<meta property=\"og:image:type\" content=\"image\/png\" \/>\n<meta name=\"twitter:card\" content=\"summary_large_image\" \/>\n<meta name=\"twitter:label1\" content=\"Cena\" \/>\n\t<meta name=\"twitter:data1\" content=\"&euro;51,00\" \/>\n\t<meta name=\"twitter:label2\" content=\"Dost\u0119pno\u015b\u0107\" \/>\n\t<meta name=\"twitter:data2\" content=\"Dost\u0119pny\" \/>\n<script type=\"application\/ld+json\" class=\"yoast-schema-graph\">{\"@context\":\"https:\/\/schema.org\",\"@graph\":[{\"@type\":\"WebPage\",\"@id\":\"https:\/\/dosingpump.shop\/no\/produkt\/pumpehode-ta-12x18-pvdffpce\/\",\"url\":\"https:\/\/dosingpump.shop\/no\/produkt\/pumpehode-ta-12x18-pvdffpce\/\",\"name\":\"Pompkop TA 12X18 (PVDF+FP+CE) - Dosing Pump Shop B.V.\",\"isPartOf\":{\"@id\":\"https:\/\/dosingpump.shop\/de\/#website\"},\"primaryImageOfPage\":{\"@id\":\"https:\/\/dosingpump.shop\/no\/produkt\/pumpehode-ta-12x18-pvdffpce\/#primaryimage\"},\"image\":{\"@id\":\"https:\/\/dosingpump.shop\/no\/produkt\/pumpehode-ta-12x18-pvdffpce\/#primaryimage\"},\"thumbnailUrl\":\"https:\/\/dosingpump.shop\/wp-content\/uploads\/2025\/07\/Emec-Pumphead-PVDF.png\",\"datePublished\":\"2025-07-11T10:51:37+00:00\",\"dateModified\":\"2026-02-27T12:50:45+00:00\",\"breadcrumb\":{\"@id\":\"https:\/\/dosingpump.shop\/no\/produkt\/pumpehode-ta-12x18-pvdffpce\/#breadcrumb\"},\"inLanguage\":\"pl-PL\",\"potentialAction\":[{\"@type\":\"ReadAction\",\"target\":[\"https:\/\/dosingpump.shop\/no\/produkt\/pumpehode-ta-12x18-pvdffpce\/\"]}]},{\"@type\":\"ImageObject\",\"inLanguage\":\"pl-PL\",\"@id\":\"https:\/\/dosingpump.shop\/no\/produkt\/pumpehode-ta-12x18-pvdffpce\/#primaryimage\",\"url\":\"https:\/\/dosingpump.shop\/wp-content\/uploads\/2025\/07\/Emec-Pumphead-PVDF.png\",\"contentUrl\":\"https:\/\/dosingpump.shop\/wp-content\/uploads\/2025\/07\/Emec-Pumphead-PVDF.png\",\"width\":500,\"height\":500},{\"@type\":\"BreadcrumbList\",\"@id\":\"https:\/\/dosingpump.shop\/no\/produkt\/pumpehode-ta-12x18-pvdffpce\/#breadcrumb\",\"itemListElement\":[{\"@type\":\"ListItem\",\"position\":1,\"name\":\"Home\",\"item\":\"https:\/\/dosingpump.shop\/\"},{\"@type\":\"ListItem\",\"position\":2,\"name\":\"Shop\",\"item\":\"https:\/\/dosingpump.shop\/de\/shop\/\"},{\"@type\":\"ListItem\",\"position\":3,\"name\":\"Pompkop TA 12X18 (PVDF+FP+CE)\"}]},{\"@type\":\"WebSite\",\"@id\":\"https:\/\/dosingpump.shop\/de\/#website\",\"url\":\"https:\/\/dosingpump.shop\/de\/\",\"name\":\"Dosing Pump Shop B.V.\",\"description\":\"\",\"publisher\":{\"@id\":\"https:\/\/dosingpump.shop\/de\/#organization\"},\"potentialAction\":[{\"@type\":\"SearchAction\",\"target\":{\"@type\":\"EntryPoint\",\"urlTemplate\":\"https:\/\/dosingpump.shop\/de\/?s={search_term_string}\"},\"query-input\":{\"@type\":\"PropertyValueSpecification\",\"valueRequired\":true,\"valueName\":\"search_term_string\"}}],\"inLanguage\":\"pl-PL\"},{\"@type\":\"Organization\",\"@id\":\"https:\/\/dosingpump.shop\/de\/#organization\",\"name\":\"Dosing Pump Shop B.V.\",\"url\":\"https:\/\/dosingpump.shop\/de\/\",\"logo\":{\"@type\":\"ImageObject\",\"inLanguage\":\"pl-PL\",\"@id\":\"https:\/\/dosingpump.shop\/de\/#\/schema\/logo\/image\/\",\"url\":\"https:\/\/dosingpump.shop\/wp-content\/uploads\/2024\/10\/Dosing-Pump-Shop-logo.png\",\"contentUrl\":\"https:\/\/dosingpump.shop\/wp-content\/uploads\/2024\/10\/Dosing-Pump-Shop-logo.png\",\"width\":350,\"height\":45,\"caption\":\"Dosing Pump Shop B.V.\"},\"image\":{\"@id\":\"https:\/\/dosingpump.shop\/de\/#\/schema\/logo\/image\/\"},\"sameAs\":[\"https:\/\/linkedin.com\/company\/dosing-pump-shop\"]}]}<\/script>\n<meta property=\"product:price:amount\" content=\"51.00\" \/>\n<meta property=\"product:price:currency\" content=\"EUR\" \/>\n<meta property=\"og:availability\" content=\"instock\" \/>\n<meta property=\"product:availability\" content=\"instock\" \/>\n<meta property=\"product:retailer_item_id\" content=\"02017991\" \/>\n<meta property=\"product:condition\" content=\"new\" \/>\n<!-- \/ Yoast SEO plugin. -->","yoast_head_json":{"title":"G\u0142owica pompy TA 12X18 (PVDF+FP+CE) - Dosing Pump Shop B.V.","robots":{"index":"index","follow":"follow","max-snippet":"max-snippet:-1","max-image-preview":"max-image-preview:large","max-video-preview":"max-video-preview:-1"},"canonical":"https:\/\/dosingpump.shop\/pl\/produkt-2\/glowica-pompy-ta-12x18-pvdffpce\/","og_locale":"pl_PL","og_type":"article","og_title":"Pompkop TA 12X18 (PVDF+FP+CE) - Dosing Pump Shop B.V.","og_description":"Gemaakt van hoogwaardige materialen  Voor nauwkeurige en betrouwbare dosering  Geschikt voor emec doseerpompen  Kom je er niet aan uit? Neem dan contact op wij staan klaar om u te helpen.","og_url":"https:\/\/dosingpump.shop\/pl\/produkt-2\/glowica-pompy-ta-12x18-pvdffpce\/","og_site_name":"Dosing Pump Shop B.V.","article_modified_time":"2026-02-27T12:50:45+00:00","og_image":[{"width":500,"height":500,"url":"https:\/\/dosingpump.shop\/wp-content\/uploads\/2025\/07\/Emec-Pumphead-PVDF.png","type":"image\/png"}],"twitter_card":"summary_large_image","twitter_misc":{"Cena":"&euro;51,00","Dost\u0119pno\u015b\u0107":"Dost\u0119pny"},"schema":{"@context":"https:\/\/schema.org","@graph":[{"@type":"WebPage","@id":"https:\/\/dosingpump.shop\/no\/produkt\/pumpehode-ta-12x18-pvdffpce\/","url":"https:\/\/dosingpump.shop\/no\/produkt\/pumpehode-ta-12x18-pvdffpce\/","name":"G\u0142owica pompy TA 12X18 (PVDF+FP+CE) - Dosing Pump Shop B.V.","isPartOf":{"@id":"https:\/\/dosingpump.shop\/de\/#website"},"primaryImageOfPage":{"@id":"https:\/\/dosingpump.shop\/no\/produkt\/pumpehode-ta-12x18-pvdffpce\/#primaryimage"},"image":{"@id":"https:\/\/dosingpump.shop\/no\/produkt\/pumpehode-ta-12x18-pvdffpce\/#primaryimage"},"thumbnailUrl":"https:\/\/dosingpump.shop\/wp-content\/uploads\/2025\/07\/Emec-Pumphead-PVDF.png","datePublished":"2025-07-11T10:51:37+00:00","dateModified":"2026-02-27T12:50:45+00:00","breadcrumb":{"@id":"https:\/\/dosingpump.shop\/no\/produkt\/pumpehode-ta-12x18-pvdffpce\/#breadcrumb"},"inLanguage":"pl-PL","potentialAction":[{"@type":"ReadAction","target":["https:\/\/dosingpump.shop\/no\/produkt\/pumpehode-ta-12x18-pvdffpce\/"]}]},{"@type":"ImageObject","inLanguage":"pl-PL","@id":"https:\/\/dosingpump.shop\/no\/produkt\/pumpehode-ta-12x18-pvdffpce\/#primaryimage","url":"https:\/\/dosingpump.shop\/wp-content\/uploads\/2025\/07\/Emec-Pumphead-PVDF.png","contentUrl":"https:\/\/dosingpump.shop\/wp-content\/uploads\/2025\/07\/Emec-Pumphead-PVDF.png","width":500,"height":500},{"@type":"BreadcrumbList","@id":"https:\/\/dosingpump.shop\/no\/produkt\/pumpehode-ta-12x18-pvdffpce\/#breadcrumb","itemListElement":[{"@type":"ListItem","position":1,"name":"Home","item":"https:\/\/dosingpump.shop\/"},{"@type":"ListItem","position":2,"name":"Shop","item":"https:\/\/dosingpump.shop\/de\/shop\/"},{"@type":"ListItem","position":3,"name":"Pompkop TA 12X18 (PVDF+FP+CE)"}]},{"@type":"WebSite","@id":"https:\/\/dosingpump.shop\/de\/#website","url":"https:\/\/dosingpump.shop\/de\/","name":"Dosing Pump Shop B.V.","description":"","publisher":{"@id":"https:\/\/dosingpump.shop\/de\/#organization"},"potentialAction":[{"@type":"SearchAction","target":{"@type":"EntryPoint","urlTemplate":"https:\/\/dosingpump.shop\/de\/?s={search_term_string}"},"query-input":{"@type":"PropertyValueSpecification","valueRequired":true,"valueName":"search_term_string"}}],"inLanguage":"pl-PL"},{"@type":"Organization","@id":"https:\/\/dosingpump.shop\/de\/#organization","name":"Dosing Pump Shop B.V.","url":"https:\/\/dosingpump.shop\/de\/","logo":{"@type":"ImageObject","inLanguage":"pl-PL","@id":"https:\/\/dosingpump.shop\/de\/#\/schema\/logo\/image\/","url":"https:\/\/dosingpump.shop\/wp-content\/uploads\/2024\/10\/Dosing-Pump-Shop-logo.png","contentUrl":"https:\/\/dosingpump.shop\/wp-content\/uploads\/2024\/10\/Dosing-Pump-Shop-logo.png","width":350,"height":45,"caption":"Dosing Pump Shop B.V."},"image":{"@id":"https:\/\/dosingpump.shop\/de\/#\/schema\/logo\/image\/"},"sameAs":["https:\/\/linkedin.com\/company\/dosing-pump-shop"]}]},"product_price_amount":"51.00","product_price_currency":"EUR","og_availability":"instock","product_availability":"instock","product_retailer_item_id":"02017991","product_condition":"new"},"_links":{"self":[{"href":"https:\/\/dosingpump.shop\/pl\/wp-json\/wp\/v2\/product\/8067","targetHints":{"allow":["GET"]}}],"collection":[{"href":"https:\/\/dosingpump.shop\/pl\/wp-json\/wp\/v2\/product"}],"about":[{"href":"https:\/\/dosingpump.shop\/pl\/wp-json\/wp\/v2\/types\/product"}],"wp:featuredmedia":[{"embeddable":true,"href":"https:\/\/dosingpump.shop\/pl\/wp-json\/wp\/v2\/media\/7712"}],"wp:attachment":[{"href":"https:\/\/dosingpump.shop\/pl\/wp-json\/wp\/v2\/media?parent=8067"}],"wp:term":[{"taxonomy":"product_brand","embeddable":true,"href":"https:\/\/dosingpump.shop\/pl\/wp-json\/wp\/v2\/product_brand?post=8067"},{"taxonomy":"product_cat","embeddable":true,"href":"https:\/\/dosingpump.shop\/pl\/wp-json\/wp\/v2\/product_cat?post=8067"},{"taxonomy":"product_tag","embeddable":true,"href":"https:\/\/dosingpump.shop\/pl\/wp-json\/wp\/v2\/product_tag?post=8067"}],"curies":[{"name":"wp","href":"https:\/\/api.w.org\/{rel}","templated":true}]}}