{"id":3965,"date":"2024-12-05T12:21:37","date_gmt":"2024-12-05T12:21:37","guid":{"rendered":"https:\/\/dosingpump.shop\/product\/emec-lotus-mini\/"},"modified":"2026-02-27T14:49:15","modified_gmt":"2026-02-27T12:49:15","slug":"emec-lotus-mini","status":"publish","type":"product","link":"https:\/\/dosingpump.shop\/pt\/product\/emec-lotus-mini\/","title":{"rendered":"Emec Lotus Mini"},"content":{"rendered":"<p>O sistema LOTUS MINI produz, doseia e controla o di\u00f3xido de cloro para a desinfe\u00e7\u00e3o da \u00e1gua. O di\u00f3xido de cloro \u00e9 produzido a partir de produtos qu\u00edmicos b\u00e1sicos dilu\u00eddos: processo \u00e1cido-clorito por \u00e1cido clor\u00eddrico (HCI 9%) e clorito de s\u00f3dio (NaCI02 7.5%). O di\u00f3xido de cloro produzido pelo LOTUS MINI \u00e9 ajustado para ser proporcional ao caudal de \u00e1gua em circula\u00e7\u00e3o ou com base num ponto de ajuste - \u00e9 ent\u00e3o doseado no caudal de \u00e1gua. N\u00e3o h\u00e1 armazenamento de di\u00f3xido de cloro, portanto n\u00e3o h\u00e1 g\u00e1s de di\u00f3xido de cloro ou solu\u00e7\u00f5es concentradas fora da aplica\u00e7\u00e3o do processo.<\/p>\n<p>O LOTUS MINI foi concebido para produzir di\u00f3xido de cloro numa c\u00e2mara de rea\u00e7\u00e3o. As v\u00e1lvulas multifuncionais nos pontos de inje\u00e7\u00e3o garantem a seguran\u00e7a da c\u00e2mara de rea\u00e7\u00e3o. Os produtos qu\u00edmicos de base s\u00e3o armazenados em tanques e alimentados na c\u00e2mara de rea\u00e7\u00e3o atrav\u00e9s de lan\u00e7as de suc\u00e7\u00e3o. Os interruptores de n\u00edvel integrados param automaticamente as bombas quando os tanques est\u00e3o vazios.<\/p>\n<p><strong>OP\u00c7\u00c3O DE SENSOR DE G\u00c1S<\/strong>LOTUS MINI com dete\u00e7\u00e3o de g\u00e1s.<\/p>\n<h2 style=\"font-size: 1.6em; margin-bottom: 20px;\"><span style=\"color: #000000;\"><br \/>\nCarater\u00edsticas:<\/span><\/h2>\n<ul style=\"list-style-type: disc; margin-left: 2rem;\">\n<li>Produ\u00e7\u00e3o imediata de CIO2.<\/li>\n<li>Dosagem CIO2 em modo PROPORCIONAL.<\/li>\n<li>Entrada de controlo do fluxo (alarme de fluxo).<\/li>\n<li>Controlo do n\u00edvel do reservat\u00f3rio (alarmes de n\u00edvel).<\/li>\n<li>Entrada do contador de \u00e1gua.<\/li>\n<li>Entrada em espera.<\/li>\n<li>Dados de produ\u00e7\u00e3o em tempo real.<\/li>\n<li>Monitoriza\u00e7\u00e3o das bombas e dos sensores de caudal SEFL.<\/li>\n<li>Armazenamento permanente de dados com o registo de dados do sistema (no menu Registo).<\/li>\n<li>Data de manuten\u00e7\u00e3o.<\/li>\n<li>Instrumento de controlo LOTUS.<\/li>\n<li>Bombas de medi\u00e7\u00e3o de HCI (vermelho) e NaCIO2 (azul).<\/li>\n<li>Bomba para \u00e1gua de dilui\u00e7\u00e3o (cinzenta).<\/li>\n<li>3 sensores de corrente SEFL como prote\u00e7\u00e3o.<\/li>\n<li>V\u00e1lvula multifuncional MFKT\/V como v\u00e1lvula de press\u00e3o, seguran\u00e7a, anti-sif\u00e3o e<\/li>\n<li>v\u00e1lvula de ventila\u00e7\u00e3o.<\/li>\n<li>Sala de rea\u00e7\u00e3o em PVC.<\/li>\n<li>Caixa de ASA (acrilonitrilo-estireno acrilato).<\/li>\n<li>Prote\u00e7\u00e3o IP65 (NEMA4x) do instrumento de controlo LOTUS.<\/li>\n<li>ENCODER Dire\u00e7\u00e3o das rodas.<\/li>\n<li>Temperatura de funcionamento: 0-45 oC (32-110oF).<\/li>\n<li>Sa\u00edda mA.<\/li>\n<\/ul>\n<h2 style=\"font-size: 1.6em; margin-bottom: 20px;\"><span style=\"color: #000000;\">Emec Lotus - modelos e carater\u00edsticas dispon\u00edveis.<\/span><\/h2>\n<p><strong><img decoding=\"async\" src=\"{{media url=\" alt=\"Emec Lotus Mini - modelos dispon\u00edveis e carater\u00edsticas\" \/><\/strong><\/p>","protected":false},"excerpt":{"rendered":"<p>Emec Lotus Mini, gerador de di\u00f3xido de cloro de 8 a 20 G\/H.<\/p>","protected":false},"featured_media":3964,"template":"","meta":[],"product_brand":[],"product_cat":[48,17,27],"product_tag":[],"class_list":{"0":"post-3965","1":"product","2":"type-product","3":"status-publish","4":"has-post-thumbnail","6":"product_cat-doseerinstallaties","7":"product_cat-doseerpompen","8":"product_cat-complete-oplossingen","10":"first","11":"instock","12":"taxable","13":"shipping-taxable","14":"purchasable","15":"product-type-simple"},"yoast_head":"<!-- This site is optimized with the Yoast SEO plugin v27.2 - https:\/\/yoast.com\/product\/yoast-seo-wordpress\/ -->\n<title>Emec Lotus Mini | Dosing Pump Shop B.V.<\/title>\n<meta name=\"description\" content=\"Compacte chloordioxidegenerator voor waterdesinfectie. Directe productie en dosering van chloordioxide zonder opslag. Veilig en effici\u00ebnt.\" \/>\n<meta name=\"robots\" content=\"index, follow, max-snippet:-1, max-image-preview:large, max-video-preview:-1\" \/>\n<link rel=\"canonical\" href=\"https:\/\/dosingpump.shop\/pt\/produto\/emec-lotus-mini\/\" \/>\n<meta property=\"og:locale\" content=\"pt_PT\" \/>\n<meta property=\"og:type\" content=\"article\" \/>\n<meta property=\"og:title\" content=\"Emec Lotus Mini | Dosing Pump Shop B.V.\" \/>\n<meta property=\"og:description\" content=\"Compacte chloordioxidegenerator voor waterdesinfectie. Directe productie en dosering van chloordioxide zonder opslag. Veilig en effici\u00ebnt.\" \/>\n<meta property=\"og:url\" content=\"https:\/\/dosingpump.shop\/pt\/produto\/emec-lotus-mini\/\" \/>\n<meta property=\"og:site_name\" content=\"Dosing Pump Shop B.V.\" \/>\n<meta property=\"article:modified_time\" content=\"2026-02-27T12:49:15+00:00\" \/>\n<meta property=\"og:image\" content=\"https:\/\/dosingpump.shop\/wp-content\/uploads\/2024\/12\/Emec-Lotus-Mini.webp\" \/>\n\t<meta property=\"og:image:width\" content=\"500\" \/>\n\t<meta property=\"og:image:height\" content=\"500\" \/>\n\t<meta property=\"og:image:type\" content=\"image\/webp\" \/>\n<meta name=\"twitter:card\" content=\"summary_large_image\" \/>\n<meta name=\"twitter:label1\" content=\"pre\u00e7o\" \/>\n\t<meta name=\"twitter:data1\" content=\"&euro;8.192,00\" \/>\n\t<meta name=\"twitter:label2\" content=\"Disponibilidade\" \/>\n\t<meta name=\"twitter:data2\" content=\"Em stock\" \/>\n<script type=\"application\/ld+json\" class=\"yoast-schema-graph\">{\"@context\":\"https:\/\/schema.org\",\"@graph\":[{\"@type\":\"WebPage\",\"@id\":\"https:\/\/dosingpump.shop\/pt\/produto\/emec-lotus-mini\/\",\"url\":\"https:\/\/dosingpump.shop\/pt\/produto\/emec-lotus-mini\/\",\"name\":\"Emec Lotus Mini | Dosing Pump Shop B.V.\",\"isPartOf\":{\"@id\":\"https:\/\/dosingpump.shop\/de\/#website\"},\"primaryImageOfPage\":{\"@id\":\"https:\/\/dosingpump.shop\/pt\/produto\/emec-lotus-mini\/#primaryimage\"},\"image\":{\"@id\":\"https:\/\/dosingpump.shop\/pt\/produto\/emec-lotus-mini\/#primaryimage\"},\"thumbnailUrl\":\"https:\/\/dosingpump.shop\/wp-content\/uploads\/2024\/12\/Emec-Lotus-Mini.webp\",\"datePublished\":\"2024-12-05T12:21:37+00:00\",\"dateModified\":\"2026-02-27T12:49:15+00:00\",\"description\":\"Compacte chloordioxidegenerator voor waterdesinfectie. Directe productie en dosering van chloordioxide zonder opslag. Veilig en effici\u00ebnt.\",\"breadcrumb\":{\"@id\":\"https:\/\/dosingpump.shop\/pt\/produto\/emec-lotus-mini\/#breadcrumb\"},\"inLanguage\":\"pt-PT\",\"potentialAction\":[{\"@type\":\"ReadAction\",\"target\":[\"https:\/\/dosingpump.shop\/pt\/produto\/emec-lotus-mini\/\"]}]},{\"@type\":\"ImageObject\",\"inLanguage\":\"pt-PT\",\"@id\":\"https:\/\/dosingpump.shop\/pt\/produto\/emec-lotus-mini\/#primaryimage\",\"url\":\"https:\/\/dosingpump.shop\/wp-content\/uploads\/2024\/12\/Emec-Lotus-Mini.webp\",\"contentUrl\":\"https:\/\/dosingpump.shop\/wp-content\/uploads\/2024\/12\/Emec-Lotus-Mini.webp\",\"width\":500,\"height\":500},{\"@type\":\"BreadcrumbList\",\"@id\":\"https:\/\/dosingpump.shop\/pt\/produto\/emec-lotus-mini\/#breadcrumb\",\"itemListElement\":[{\"@type\":\"ListItem\",\"position\":1,\"name\":\"Home\",\"item\":\"https:\/\/dosingpump.shop\/\"},{\"@type\":\"ListItem\",\"position\":2,\"name\":\"Shop\",\"item\":\"https:\/\/dosingpump.shop\/de\/shop\/\"},{\"@type\":\"ListItem\",\"position\":3,\"name\":\"Emec Lotus Mini\"}]},{\"@type\":\"WebSite\",\"@id\":\"https:\/\/dosingpump.shop\/de\/#website\",\"url\":\"https:\/\/dosingpump.shop\/de\/\",\"name\":\"Dosing Pump Shop B.V.\",\"description\":\"\",\"publisher\":{\"@id\":\"https:\/\/dosingpump.shop\/de\/#organization\"},\"potentialAction\":[{\"@type\":\"SearchAction\",\"target\":{\"@type\":\"EntryPoint\",\"urlTemplate\":\"https:\/\/dosingpump.shop\/de\/?s={search_term_string}\"},\"query-input\":{\"@type\":\"PropertyValueSpecification\",\"valueRequired\":true,\"valueName\":\"search_term_string\"}}],\"inLanguage\":\"pt-PT\"},{\"@type\":\"Organization\",\"@id\":\"https:\/\/dosingpump.shop\/de\/#organization\",\"name\":\"Dosing Pump Shop B.V.\",\"url\":\"https:\/\/dosingpump.shop\/de\/\",\"logo\":{\"@type\":\"ImageObject\",\"inLanguage\":\"pt-PT\",\"@id\":\"https:\/\/dosingpump.shop\/de\/#\/schema\/logo\/image\/\",\"url\":\"https:\/\/dosingpump.shop\/wp-content\/uploads\/2024\/10\/Dosing-Pump-Shop-logo.png\",\"contentUrl\":\"https:\/\/dosingpump.shop\/wp-content\/uploads\/2024\/10\/Dosing-Pump-Shop-logo.png\",\"width\":350,\"height\":45,\"caption\":\"Dosing Pump Shop B.V.\"},\"image\":{\"@id\":\"https:\/\/dosingpump.shop\/de\/#\/schema\/logo\/image\/\"},\"sameAs\":[\"https:\/\/linkedin.com\/company\/dosing-pump-shop\"]}]}<\/script>\n<meta property=\"product:price:amount\" content=\"8192.00\" \/>\n<meta property=\"product:price:currency\" content=\"EUR\" \/>\n<meta property=\"og:availability\" content=\"instock\" \/>\n<meta property=\"product:availability\" content=\"instock\" \/>\n<meta property=\"product:retailer_item_id\" content=\"Emec Lotus Mini-1\" \/>\n<meta property=\"product:condition\" content=\"new\" \/>\n<!-- \/ Yoast SEO plugin. -->","yoast_head_json":{"title":"Emec Lotus Mini | Dosing Pump Shop B.V.","description":"Gerador compacto de di\u00f3xido de cloro para a desinfe\u00e7\u00e3o da \u00e1gua. Produ\u00e7\u00e3o e dosagem direta de di\u00f3xido de cloro sem armazenamento. Seguro e eficiente.","robots":{"index":"index","follow":"follow","max-snippet":"max-snippet:-1","max-image-preview":"max-image-preview:large","max-video-preview":"max-video-preview:-1"},"canonical":"https:\/\/dosingpump.shop\/pt\/produto\/emec-lotus-mini\/","og_locale":"pt_PT","og_type":"article","og_title":"Emec Lotus Mini | Dosing Pump Shop B.V.","og_description":"Compacte chloordioxidegenerator voor waterdesinfectie. Directe productie en dosering van chloordioxide zonder opslag. Veilig en effici\u00ebnt.","og_url":"https:\/\/dosingpump.shop\/pt\/produto\/emec-lotus-mini\/","og_site_name":"Dosing Pump Shop B.V.","article_modified_time":"2026-02-27T12:49:15+00:00","og_image":[{"width":500,"height":500,"url":"https:\/\/dosingpump.shop\/wp-content\/uploads\/2024\/12\/Emec-Lotus-Mini.webp","type":"image\/webp"}],"twitter_card":"summary_large_image","twitter_misc":{"pre\u00e7o":"&euro;8.192,00","Disponibilidade":"Em stock"},"schema":{"@context":"https:\/\/schema.org","@graph":[{"@type":"WebPage","@id":"https:\/\/dosingpump.shop\/pt\/produto\/emec-lotus-mini\/","url":"https:\/\/dosingpump.shop\/pt\/produto\/emec-lotus-mini\/","name":"Emec Lotus Mini | Dosing Pump Shop B.V.","isPartOf":{"@id":"https:\/\/dosingpump.shop\/de\/#website"},"primaryImageOfPage":{"@id":"https:\/\/dosingpump.shop\/pt\/produto\/emec-lotus-mini\/#primaryimage"},"image":{"@id":"https:\/\/dosingpump.shop\/pt\/produto\/emec-lotus-mini\/#primaryimage"},"thumbnailUrl":"https:\/\/dosingpump.shop\/wp-content\/uploads\/2024\/12\/Emec-Lotus-Mini.webp","datePublished":"2024-12-05T12:21:37+00:00","dateModified":"2026-02-27T12:49:15+00:00","description":"Gerador compacto de di\u00f3xido de cloro para a desinfe\u00e7\u00e3o da \u00e1gua. Produ\u00e7\u00e3o e dosagem direta de di\u00f3xido de cloro sem armazenamento. Seguro e eficiente.","breadcrumb":{"@id":"https:\/\/dosingpump.shop\/pt\/produto\/emec-lotus-mini\/#breadcrumb"},"inLanguage":"pt-PT","potentialAction":[{"@type":"ReadAction","target":["https:\/\/dosingpump.shop\/pt\/produto\/emec-lotus-mini\/"]}]},{"@type":"ImageObject","inLanguage":"pt-PT","@id":"https:\/\/dosingpump.shop\/pt\/produto\/emec-lotus-mini\/#primaryimage","url":"https:\/\/dosingpump.shop\/wp-content\/uploads\/2024\/12\/Emec-Lotus-Mini.webp","contentUrl":"https:\/\/dosingpump.shop\/wp-content\/uploads\/2024\/12\/Emec-Lotus-Mini.webp","width":500,"height":500},{"@type":"BreadcrumbList","@id":"https:\/\/dosingpump.shop\/pt\/produto\/emec-lotus-mini\/#breadcrumb","itemListElement":[{"@type":"ListItem","position":1,"name":"Home","item":"https:\/\/dosingpump.shop\/"},{"@type":"ListItem","position":2,"name":"Shop","item":"https:\/\/dosingpump.shop\/de\/shop\/"},{"@type":"ListItem","position":3,"name":"Emec Lotus Mini"}]},{"@type":"WebSite","@id":"https:\/\/dosingpump.shop\/de\/#website","url":"https:\/\/dosingpump.shop\/de\/","name":"Dosing Pump Shop B.V.","description":"","publisher":{"@id":"https:\/\/dosingpump.shop\/de\/#organization"},"potentialAction":[{"@type":"SearchAction","target":{"@type":"EntryPoint","urlTemplate":"https:\/\/dosingpump.shop\/de\/?s={search_term_string}"},"query-input":{"@type":"PropertyValueSpecification","valueRequired":true,"valueName":"search_term_string"}}],"inLanguage":"pt-PT"},{"@type":"Organization","@id":"https:\/\/dosingpump.shop\/de\/#organization","name":"Dosing Pump Shop B.V.","url":"https:\/\/dosingpump.shop\/de\/","logo":{"@type":"ImageObject","inLanguage":"pt-PT","@id":"https:\/\/dosingpump.shop\/de\/#\/schema\/logo\/image\/","url":"https:\/\/dosingpump.shop\/wp-content\/uploads\/2024\/10\/Dosing-Pump-Shop-logo.png","contentUrl":"https:\/\/dosingpump.shop\/wp-content\/uploads\/2024\/10\/Dosing-Pump-Shop-logo.png","width":350,"height":45,"caption":"Dosing Pump Shop B.V."},"image":{"@id":"https:\/\/dosingpump.shop\/de\/#\/schema\/logo\/image\/"},"sameAs":["https:\/\/linkedin.com\/company\/dosing-pump-shop"]}]},"product_price_amount":"8192.00","product_price_currency":"EUR","og_availability":"instock","product_availability":"instock","product_retailer_item_id":"Emec Lotus Mini-1","product_condition":"new"},"_links":{"self":[{"href":"https:\/\/dosingpump.shop\/pt\/wp-json\/wp\/v2\/product\/3965","targetHints":{"allow":["GET"]}}],"collection":[{"href":"https:\/\/dosingpump.shop\/pt\/wp-json\/wp\/v2\/product"}],"about":[{"href":"https:\/\/dosingpump.shop\/pt\/wp-json\/wp\/v2\/types\/product"}],"wp:featuredmedia":[{"embeddable":true,"href":"https:\/\/dosingpump.shop\/pt\/wp-json\/wp\/v2\/media\/3964"}],"wp:attachment":[{"href":"https:\/\/dosingpump.shop\/pt\/wp-json\/wp\/v2\/media?parent=3965"}],"wp:term":[{"taxonomy":"product_brand","embeddable":true,"href":"https:\/\/dosingpump.shop\/pt\/wp-json\/wp\/v2\/product_brand?post=3965"},{"taxonomy":"product_cat","embeddable":true,"href":"https:\/\/dosingpump.shop\/pt\/wp-json\/wp\/v2\/product_cat?post=3965"},{"taxonomy":"product_tag","embeddable":true,"href":"https:\/\/dosingpump.shop\/pt\/wp-json\/wp\/v2\/product_tag?post=3965"}],"curies":[{"name":"wp","href":"https:\/\/api.w.org\/{rel}","templated":true}]}}