{"id":4024,"date":"2024-12-05T12:21:45","date_gmt":"2024-12-05T12:21:45","guid":{"rendered":"https:\/\/dosingpump.shop\/product\/doseerpomp-voor-ureum\/"},"modified":"2026-02-27T14:49:16","modified_gmt":"2026-02-27T12:49:16","slug":"bomba-doseadora-de-ureia","status":"publish","type":"product","link":"https:\/\/dosingpump.shop\/pt\/product\/doseerpomp-voor-ureum\/","title":{"rendered":"Bomba doseadora de ureia"},"content":{"rendered":"<p>A ureia \u00e9 normalmente adicionada aos gases de escape dos novos motores diesel a uma concentra\u00e7\u00e3o de 32-35%. Com esta adi\u00e7\u00e3o <strong>Em combina\u00e7\u00e3o com um catalisador SCR, as emiss\u00f5es de NOx s\u00e3o significativamente reduzidas<\/strong>. A ureia \u00e9 tamb\u00e9m conhecida pelo nome comercial <strong>Adblue<\/strong>. \u00c9 utilizado principalmente em <strong>cami\u00f5es, mas tamb\u00e9m, cada vez mais, no transporte mar\u00edtimo<\/strong>.<\/p>\n<p>Para o <strong>Dosagem de ureia<\/strong> \u00e9 importante escolher uma bomba doseadora fi\u00e1vel que disponha de materiais resistentes \u00e0 ureia. Na nossa gama de produtos, temos uma s\u00e9rie de op\u00e7\u00f5es:<\/p>\n<ul>\n<li>At\u00e9 cerca de 10 litros por hora: <strong>Bomba doseadora Emec V CL e VMS MF<\/strong>. Estas bombas doseadoras s\u00e3o acionadas electromagneticamente.<\/li>\n<li>A partir de 10 litros por hora: <strong>Bomba doseadora Emec Prius D<\/strong>. Isto permite dosear a ureia at\u00e9 1.000 litros por hora. Com esta bomba tamb\u00e9m \u00e9 poss\u00edvel, por exemplo, encher um tanque di\u00e1rio a partir do bunker. Trata-se de uma bomba doseadora motorizada.<\/li>\n<\/ul>\n<h3>Propriedades<\/h3>\n<p><strong>Emec V CL Bomba doseadora de ureia<\/strong><\/p>\n<ul>\n<li>Design especialmente adequado para montagem na parede<\/li>\n<li>Frequ\u00eancia de curso ajust\u00e1vel<\/li>\n<li>Purga de ar manual<\/li>\n<li>Fornecido com um kit completo (2 m de mangueira de press\u00e3o e de aspira\u00e7\u00e3o, 2 m de mangueira de ventila\u00e7\u00e3o (PE), bocal de inje\u00e7\u00e3o e filtro de aspira\u00e7\u00e3o)<\/li>\n<\/ul>\n<p><strong>Emec VMS MF<\/strong><\/p>\n<ul>\n<li>Controlo proporcional atrav\u00e9s de 4-20 mA ? 0-10V, etc. Poss\u00edvel em combina\u00e7\u00e3o com contador de \u00e1gua para solu\u00e7\u00e3o em ppm ou percentagem<\/li>\n<\/ul>\n<p><strong>Emec Prius D<\/strong><\/p>\n<ul>\n<li>Ajust\u00e1vel manualmente atrav\u00e9s da frequ\u00eancia do curso. Esta bomba tamb\u00e9m est\u00e1 dispon\u00edvel com controlo de 4-20 mA.<\/li>\n<\/ul>\n<h3>Caudal e press\u00e3o dispon\u00edveis<\/h3>\n<p><strong>Emec V CO<\/strong><\/p>\n<table>\n<tbody>\n<tr>\n<th>Press\u00e3o (Bar)<\/th>\n<th>Caudal (l\/hora)<\/th>\n<\/tr>\n<tr>\n<td>20<\/td>\n<td>1<\/td>\n<\/tr>\n<tr>\n<td>15<\/td>\n<td>2<\/td>\n<\/tr>\n<tr>\n<td>10<\/td>\n<td>4<\/td>\n<\/tr>\n<tr>\n<td>7<\/td>\n<td>6<\/td>\n<\/tr>\n<tr>\n<td>5<\/td>\n<td>1<\/td>\n<\/tr>\n<tr>\n<td>1<\/td>\n<td>16<\/td>\n<\/tr>\n<\/tbody>\n<\/table>\n<p><strong>Emec VMS MF<\/strong><\/p>\n<table>\n<tbody>\n<tr>\n<th>Press\u00e3o (Bar)<\/th>\n<th>Caudal (l\/hora)<\/th>\n<\/tr>\n<tr>\n<td>20<\/td>\n<td>1<\/td>\n<\/tr>\n<tr>\n<td>18<\/td>\n<td>2, 4<\/td>\n<\/tr>\n<tr>\n<td>15<\/td>\n<td>2, 4, 5<\/td>\n<\/tr>\n<tr>\n<td>10<\/td>\n<td>5, 10<\/td>\n<\/tr>\n<tr>\n<td>7<\/td>\n<td>6<\/td>\n<\/tr>\n<tr>\n<td>5<\/td>\n<td>1, 10, 12<\/td>\n<\/tr>\n<tr>\n<td>4<\/td>\n<td>8<\/td>\n<\/tr>\n<tr>\n<td>3<\/td>\n<td>10<\/td>\n<\/tr>\n<tr>\n<td>1<\/td>\n<td>16<\/td>\n<\/tr>\n<tr>\n<td>0<\/td>\n<td>4<\/td>\n<\/tr>\n<\/tbody>\n<\/table>\n<p><strong>Emec Prius D<\/strong><\/p>\n<table>\n<tbody>\n<tr>\n<th style=\"width: 50%;\">Press\u00e3o (Bar)<\/th>\n<th style=\"width: 50%;\">Caudal (l\/hora)<\/th>\n<\/tr>\n<tr>\n<td>10<\/td>\n<td>12<\/td>\n<\/tr>\n<tr>\n<td>10<\/td>\n<td>56<\/td>\n<\/tr>\n<tr>\n<td>10<\/td>\n<td>60<\/td>\n<\/tr>\n<tr>\n<td>10<\/td>\n<td>105<\/td>\n<\/tr>\n<\/tbody>\n<\/table>\n<table>\n<tbody>\n<tr>\n<th style=\"width: 50%;\">Press\u00e3o (Bar)<\/th>\n<th style=\"width: 50%;\">Caudal (l\/hora)<\/th>\n<\/tr>\n<tr>\n<td>07<\/td>\n<td>32<\/td>\n<\/tr>\n<tr>\n<td>07<\/td>\n<td>64<\/td>\n<\/tr>\n<tr>\n<td>07<\/td>\n<td>86<\/td>\n<\/tr>\n<tr>\n<td>07<\/td>\n<td>160<\/td>\n<\/tr>\n<\/tbody>\n<\/table>\n<table>\n<tbody>\n<tr>\n<th style=\"width: 50%;\">Press\u00e3o (Bar)<\/th>\n<th style=\"width: 50%;\">Caudal (l\/hora)<\/th>\n<\/tr>\n<tr>\n<td>05<\/td>\n<td>48<\/td>\n<\/tr>\n<tr>\n<td>05<\/td>\n<td>96<\/td>\n<\/tr>\n<tr>\n<td>05<\/td>\n<td>240<\/td>\n<\/tr>\n<tr>\n<td>05<\/td>\n<td>440<\/td>\n<\/tr>\n<\/tbody>\n<\/table>\n<table>\n<tbody>\n<tr>\n<th style=\"width: 50%;\">Press\u00e3o (Bar)<\/th>\n<th style=\"width: 50%;\">Caudal (l\/hora)<\/th>\n<\/tr>\n<tr>\n<td>05<\/td>\n<td>350<\/td>\n<\/tr>\n<tr>\n<td>05<\/td>\n<td>530<\/td>\n<\/tr>\n<tr>\n<td>05<\/td>\n<td>1000<\/td>\n<\/tr>\n<tr>\n<td>02<\/td>\n<td>1000<\/td>\n<\/tr>\n<\/tbody>\n<\/table>\n<table>\n<tbody>\n<tr style=\"font-size: 15px;\">\n<th style=\"width: 50%;\">Press\u00e3o (Bar)<\/th>\n<th style=\"width: 50%;\">Caudal (l\/hora)<\/th>\n<\/tr>\n<tr>\n<td>05<\/td>\n<td>750<\/td>\n<\/tr>\n<tr>\n<td>03<\/td>\n<td>750<\/td>\n<\/tr>\n<\/tbody>\n<\/table>\n<p>Vers\u00f5es<\/p>\n<p>Na tabela abaixo pode ver quais as vers\u00f5es dispon\u00edveis. N\u00e3o encontra a bomba que pretende? Ent\u00e3o contacte-nos.<\/p>\n<table>\n<tbody>\n<tr>\n<th><\/th>\n<th>V CL Bomba doseadora<\/th>\n<th>VMS MF Bomba doseadora<\/th>\n<th>Prius D 50 Hz<\/th>\n<\/tr>\n<tr>\n<th>Descri\u00e7\u00e3o<\/th>\n<td>Sistema de dosagem constante com controlo de n\u00edvel.<\/td>\n<td>Sistema de dosagem multiusos constante\/proporcional.<\/td>\n<td>Sistema de dosagem constante, acionado por motor<\/td>\n<\/tr>\n<tr>\n<th>Carater\u00edsticas<\/th>\n<td>\n<ul>\n<li>Frequ\u00eancia de curso ajust\u00e1vel manualmente<\/li>\n<li>Controlo do n\u00edvel do filtro de aspira\u00e7\u00e3o<\/li>\n<\/ul>\n<\/td>\n<td>\n<ul>\n<li>Equipado com ecr\u00e3<\/li>\n<li>Tecnologia de microprocessadores<\/li>\n<li>Controlo por mA, Volt e Impulso<\/li>\n<li>Dosagem por lotes<\/li>\n<li>Controlo por contador de \u00e1gua<\/li>\n<li>Com controlo de n\u00edvel<\/li>\n<\/ul>\n<\/td>\n<td>\n<ul>\n<li>Membrana totalmente em PTFE<\/li>\n<li>Ajuste infinitamente vari\u00e1vel do comprimento da mangueira<\/li>\n<li>V\u00e1rios tipos de \"pe\u00e7as h\u00famidas\" dispon\u00edveis<\/li>\n<\/ul>\n<\/td>\n<\/tr>\n<tr>\n<th>Carater\u00edsticas<\/th>\n<td>\n<ul>\n<li>Divisor 1\/10. (para caudais muito baixos)<\/li>\n<li>O n\u00edvel desliga a bomba quando o recipiente est\u00e1 vazio.<\/li>\n<li>O sinal de n\u00edvel tamb\u00e9m pode ser utilizado num PLC.<\/li>\n<\/ul>\n<\/td>\n<td>\n<ul>\n<li>Constante<\/li>\n<li>Dividir<\/li>\n<li>Multiplicar<\/li>\n<li>PPM<\/li>\n<li>Lote<\/li>\n<li>Volt<\/li>\n<li>mA<\/li>\n<li>%<\/li>\n<li>ml\/q<\/li>\n<\/ul>\n<\/td>\n<td>\n<ul>\n<li>Dosagem constante<\/li>\n<\/ul>\n<\/td>\n<\/tr>\n<tr>\n<th>Entrada<\/th>\n<td>\n<ul>\n<li>Controlo do n\u00edvel<\/li>\n<\/ul>\n<\/td>\n<td>\n<ul>\n<li>Controlo do n\u00edvel<\/li>\n<li>Contador de \u00e1gua<\/li>\n<\/ul>\n<\/td>\n<td><\/td>\n<\/tr>\n<tr>\n<th>Sa\u00edda<\/th>\n<td>\n<ul>\n<li>Sa\u00edda de alarme (atrav\u00e9s de divisor no controlo de n\u00edvel)<\/li>\n<\/ul>\n<\/td>\n<td>\n<ul>\n<li>Sa\u00edda de alarme (opcional)<\/li>\n<\/ul>\n<\/td>\n<td><\/td>\n<\/tr>\n<\/tbody>\n<\/table>","protected":false},"excerpt":{"rendered":"<ul>\n<li>V\u00e1rias bombas doseadoras electromagn\u00e9ticas e motorizadas para a dosagem de ureia (Adblue)<\/li>\n<li>Desde pequenas aplica\u00e7\u00f5es de distribui\u00e7\u00e3o (1 litro por hora) a grandes aplica\u00e7\u00f5es at\u00e9 1.000 litros por hora<\/li>\n<li>O pre\u00e7o aplica-se \u00e0s seguintes vers\u00f5es: Emec V CL 15-2, 10-04, 07-06, 05-01, 04-08 e 03-10.<\/li>\n<\/ul>\n<p>Precisa de outra vers\u00e3o? Solicite um or\u00e7amento!<\/p>","protected":false},"featured_media":3970,"template":"","meta":[],"product_brand":[],"product_cat":[83,17],"product_tag":[],"class_list":{"0":"post-4024","1":"product","2":"type-product","3":"status-publish","4":"has-post-thumbnail","6":"product_cat-doseerpomp-voor-specifieke-chemicalien","7":"product_cat-doseerpompen","9":"first","10":"instock","11":"taxable","12":"shipping-taxable","13":"purchasable","14":"product-type-simple"},"yoast_head":"<!-- This site is optimized with the Yoast SEO plugin v27.2 - https:\/\/yoast.com\/product\/yoast-seo-wordpress\/ -->\n<title>Doseerpomp voor Ureum | Chemicali\u00ebn Pomp | Dosing Pump Shop B.V.<\/title>\n<meta name=\"description\" content=\"Een doseerpomp voor ureum garandeert een constante dosering aan de katalysator. Optioneel proportioneel aan te sturen. Bezoek de webshop!\" \/>\n<meta name=\"robots\" content=\"index, follow, max-snippet:-1, max-image-preview:large, max-video-preview:-1\" \/>\n<link rel=\"canonical\" href=\"https:\/\/dosingpump.shop\/pt\/produto\/bomba-doseadora-de-ureia\/\" \/>\n<meta property=\"og:locale\" content=\"pt_PT\" \/>\n<meta property=\"og:type\" content=\"article\" \/>\n<meta property=\"og:title\" content=\"Doseerpomp voor Ureum | Chemicali\u00ebn Pomp | Dosing Pump Shop B.V.\" \/>\n<meta property=\"og:description\" content=\"Een doseerpomp voor ureum garandeert een constante dosering aan de katalysator. Optioneel proportioneel aan te sturen. Bezoek de webshop!\" \/>\n<meta property=\"og:url\" content=\"https:\/\/dosingpump.shop\/pt\/produto\/bomba-doseadora-de-ureia\/\" \/>\n<meta property=\"og:site_name\" content=\"Dosing Pump Shop B.V.\" \/>\n<meta property=\"article:modified_time\" content=\"2026-02-27T12:49:16+00:00\" \/>\n<meta property=\"og:image\" content=\"https:\/\/dosingpump.shop\/wp-content\/uploads\/2024\/12\/doseerpomp-voor-waterstofperoxide.webp\" \/>\n\t<meta property=\"og:image:width\" content=\"500\" \/>\n\t<meta property=\"og:image:height\" content=\"500\" \/>\n\t<meta property=\"og:image:type\" content=\"image\/webp\" \/>\n<meta name=\"twitter:card\" content=\"summary_large_image\" \/>\n<meta name=\"twitter:label1\" content=\"pre\u00e7o\" \/>\n\t<meta name=\"twitter:data1\" content=\"&euro;296,00\" \/>\n\t<meta name=\"twitter:label2\" content=\"Disponibilidade\" \/>\n\t<meta name=\"twitter:data2\" content=\"Em stock\" \/>\n<script type=\"application\/ld+json\" class=\"yoast-schema-graph\">{\"@context\":\"https:\/\/schema.org\",\"@graph\":[{\"@type\":\"WebPage\",\"@id\":\"https:\/\/dosingpump.shop\/dk\/produkt\/urea-doseringspumpe\/\",\"url\":\"https:\/\/dosingpump.shop\/dk\/produkt\/urea-doseringspumpe\/\",\"name\":\"Doseerpomp voor Ureum | Chemicali\u00ebn Pomp | Dosing Pump Shop B.V.\",\"isPartOf\":{\"@id\":\"https:\/\/dosingpump.shop\/de\/#website\"},\"primaryImageOfPage\":{\"@id\":\"https:\/\/dosingpump.shop\/dk\/produkt\/urea-doseringspumpe\/#primaryimage\"},\"image\":{\"@id\":\"https:\/\/dosingpump.shop\/dk\/produkt\/urea-doseringspumpe\/#primaryimage\"},\"thumbnailUrl\":\"https:\/\/dosingpump.shop\/wp-content\/uploads\/2024\/12\/doseerpomp-voor-waterstofperoxide.webp\",\"datePublished\":\"2024-12-05T12:21:45+00:00\",\"dateModified\":\"2026-02-27T12:49:16+00:00\",\"description\":\"Een doseerpomp voor ureum garandeert een constante dosering aan de katalysator. Optioneel proportioneel aan te sturen. Bezoek de webshop!\",\"breadcrumb\":{\"@id\":\"https:\/\/dosingpump.shop\/dk\/produkt\/urea-doseringspumpe\/#breadcrumb\"},\"inLanguage\":\"pt-PT\",\"potentialAction\":[{\"@type\":\"ReadAction\",\"target\":[\"https:\/\/dosingpump.shop\/dk\/produkt\/urea-doseringspumpe\/\"]}]},{\"@type\":\"ImageObject\",\"inLanguage\":\"pt-PT\",\"@id\":\"https:\/\/dosingpump.shop\/dk\/produkt\/urea-doseringspumpe\/#primaryimage\",\"url\":\"https:\/\/dosingpump.shop\/wp-content\/uploads\/2024\/12\/doseerpomp-voor-waterstofperoxide.webp\",\"contentUrl\":\"https:\/\/dosingpump.shop\/wp-content\/uploads\/2024\/12\/doseerpomp-voor-waterstofperoxide.webp\",\"width\":500,\"height\":500},{\"@type\":\"BreadcrumbList\",\"@id\":\"https:\/\/dosingpump.shop\/dk\/produkt\/urea-doseringspumpe\/#breadcrumb\",\"itemListElement\":[{\"@type\":\"ListItem\",\"position\":1,\"name\":\"Home\",\"item\":\"https:\/\/dosingpump.shop\/\"},{\"@type\":\"ListItem\",\"position\":2,\"name\":\"Shop\",\"item\":\"https:\/\/dosingpump.shop\/de\/shop\/\"},{\"@type\":\"ListItem\",\"position\":3,\"name\":\"Doseerpomp voor Ureum\"}]},{\"@type\":\"WebSite\",\"@id\":\"https:\/\/dosingpump.shop\/de\/#website\",\"url\":\"https:\/\/dosingpump.shop\/de\/\",\"name\":\"Dosing Pump Shop B.V.\",\"description\":\"\",\"publisher\":{\"@id\":\"https:\/\/dosingpump.shop\/de\/#organization\"},\"potentialAction\":[{\"@type\":\"SearchAction\",\"target\":{\"@type\":\"EntryPoint\",\"urlTemplate\":\"https:\/\/dosingpump.shop\/de\/?s={search_term_string}\"},\"query-input\":{\"@type\":\"PropertyValueSpecification\",\"valueRequired\":true,\"valueName\":\"search_term_string\"}}],\"inLanguage\":\"pt-PT\"},{\"@type\":\"Organization\",\"@id\":\"https:\/\/dosingpump.shop\/de\/#organization\",\"name\":\"Dosing Pump Shop B.V.\",\"url\":\"https:\/\/dosingpump.shop\/de\/\",\"logo\":{\"@type\":\"ImageObject\",\"inLanguage\":\"pt-PT\",\"@id\":\"https:\/\/dosingpump.shop\/de\/#\/schema\/logo\/image\/\",\"url\":\"https:\/\/dosingpump.shop\/wp-content\/uploads\/2024\/10\/Dosing-Pump-Shop-logo.png\",\"contentUrl\":\"https:\/\/dosingpump.shop\/wp-content\/uploads\/2024\/10\/Dosing-Pump-Shop-logo.png\",\"width\":350,\"height\":45,\"caption\":\"Dosing Pump Shop B.V.\"},\"image\":{\"@id\":\"https:\/\/dosingpump.shop\/de\/#\/schema\/logo\/image\/\"},\"sameAs\":[\"https:\/\/linkedin.com\/company\/dosing-pump-shop\"]}]}<\/script>\n<meta property=\"product:price:amount\" content=\"296.00\" \/>\n<meta property=\"product:price:currency\" content=\"EUR\" \/>\n<meta property=\"og:availability\" content=\"instock\" \/>\n<meta property=\"product:availability\" content=\"instock\" \/>\n<meta property=\"product:condition\" content=\"new\" \/>\n<!-- \/ Yoast SEO plugin. -->","yoast_head_json":{"title":"Bomba doseadora para Ureia | Chemicals Pump | Dosing Pump Shop B.V.","description":"Uma bomba doseadora para a ureia assegura uma dosagem constante para o catalisador. Controlo proporcional opcional. Visite a loja virtual!","robots":{"index":"index","follow":"follow","max-snippet":"max-snippet:-1","max-image-preview":"max-image-preview:large","max-video-preview":"max-video-preview:-1"},"canonical":"https:\/\/dosingpump.shop\/pt\/produto\/bomba-doseadora-de-ureia\/","og_locale":"pt_PT","og_type":"article","og_title":"Doseerpomp voor Ureum | Chemicali\u00ebn Pomp | Dosing Pump Shop B.V.","og_description":"Een doseerpomp voor ureum garandeert een constante dosering aan de katalysator. Optioneel proportioneel aan te sturen. Bezoek de webshop!","og_url":"https:\/\/dosingpump.shop\/pt\/produto\/bomba-doseadora-de-ureia\/","og_site_name":"Dosing Pump Shop B.V.","article_modified_time":"2026-02-27T12:49:16+00:00","og_image":[{"width":500,"height":500,"url":"https:\/\/dosingpump.shop\/wp-content\/uploads\/2024\/12\/doseerpomp-voor-waterstofperoxide.webp","type":"image\/webp"}],"twitter_card":"summary_large_image","twitter_misc":{"pre\u00e7o":"&euro;296,00","Disponibilidade":"Em stock"},"schema":{"@context":"https:\/\/schema.org","@graph":[{"@type":"WebPage","@id":"https:\/\/dosingpump.shop\/dk\/produkt\/urea-doseringspumpe\/","url":"https:\/\/dosingpump.shop\/dk\/produkt\/urea-doseringspumpe\/","name":"Bomba doseadora para Ureia | Chemicals Pump | Dosing Pump Shop B.V.","isPartOf":{"@id":"https:\/\/dosingpump.shop\/de\/#website"},"primaryImageOfPage":{"@id":"https:\/\/dosingpump.shop\/dk\/produkt\/urea-doseringspumpe\/#primaryimage"},"image":{"@id":"https:\/\/dosingpump.shop\/dk\/produkt\/urea-doseringspumpe\/#primaryimage"},"thumbnailUrl":"https:\/\/dosingpump.shop\/wp-content\/uploads\/2024\/12\/doseerpomp-voor-waterstofperoxide.webp","datePublished":"2024-12-05T12:21:45+00:00","dateModified":"2026-02-27T12:49:16+00:00","description":"Uma bomba doseadora para a ureia assegura uma dosagem constante para o catalisador. Controlo proporcional opcional. Visite a loja virtual!","breadcrumb":{"@id":"https:\/\/dosingpump.shop\/dk\/produkt\/urea-doseringspumpe\/#breadcrumb"},"inLanguage":"pt-PT","potentialAction":[{"@type":"ReadAction","target":["https:\/\/dosingpump.shop\/dk\/produkt\/urea-doseringspumpe\/"]}]},{"@type":"ImageObject","inLanguage":"pt-PT","@id":"https:\/\/dosingpump.shop\/dk\/produkt\/urea-doseringspumpe\/#primaryimage","url":"https:\/\/dosingpump.shop\/wp-content\/uploads\/2024\/12\/doseerpomp-voor-waterstofperoxide.webp","contentUrl":"https:\/\/dosingpump.shop\/wp-content\/uploads\/2024\/12\/doseerpomp-voor-waterstofperoxide.webp","width":500,"height":500},{"@type":"BreadcrumbList","@id":"https:\/\/dosingpump.shop\/dk\/produkt\/urea-doseringspumpe\/#breadcrumb","itemListElement":[{"@type":"ListItem","position":1,"name":"Home","item":"https:\/\/dosingpump.shop\/"},{"@type":"ListItem","position":2,"name":"Shop","item":"https:\/\/dosingpump.shop\/de\/shop\/"},{"@type":"ListItem","position":3,"name":"Doseerpomp voor Ureum"}]},{"@type":"WebSite","@id":"https:\/\/dosingpump.shop\/de\/#website","url":"https:\/\/dosingpump.shop\/de\/","name":"Dosing Pump Shop B.V.","description":"","publisher":{"@id":"https:\/\/dosingpump.shop\/de\/#organization"},"potentialAction":[{"@type":"SearchAction","target":{"@type":"EntryPoint","urlTemplate":"https:\/\/dosingpump.shop\/de\/?s={search_term_string}"},"query-input":{"@type":"PropertyValueSpecification","valueRequired":true,"valueName":"search_term_string"}}],"inLanguage":"pt-PT"},{"@type":"Organization","@id":"https:\/\/dosingpump.shop\/de\/#organization","name":"Dosing Pump Shop B.V.","url":"https:\/\/dosingpump.shop\/de\/","logo":{"@type":"ImageObject","inLanguage":"pt-PT","@id":"https:\/\/dosingpump.shop\/de\/#\/schema\/logo\/image\/","url":"https:\/\/dosingpump.shop\/wp-content\/uploads\/2024\/10\/Dosing-Pump-Shop-logo.png","contentUrl":"https:\/\/dosingpump.shop\/wp-content\/uploads\/2024\/10\/Dosing-Pump-Shop-logo.png","width":350,"height":45,"caption":"Dosing Pump Shop B.V."},"image":{"@id":"https:\/\/dosingpump.shop\/de\/#\/schema\/logo\/image\/"},"sameAs":["https:\/\/linkedin.com\/company\/dosing-pump-shop"]}]},"product_price_amount":"296.00","product_price_currency":"EUR","og_availability":"instock","product_availability":"instock","product_condition":"new"},"_links":{"self":[{"href":"https:\/\/dosingpump.shop\/pt\/wp-json\/wp\/v2\/product\/4024","targetHints":{"allow":["GET"]}}],"collection":[{"href":"https:\/\/dosingpump.shop\/pt\/wp-json\/wp\/v2\/product"}],"about":[{"href":"https:\/\/dosingpump.shop\/pt\/wp-json\/wp\/v2\/types\/product"}],"wp:featuredmedia":[{"embeddable":true,"href":"https:\/\/dosingpump.shop\/pt\/wp-json\/wp\/v2\/media\/3970"}],"wp:attachment":[{"href":"https:\/\/dosingpump.shop\/pt\/wp-json\/wp\/v2\/media?parent=4024"}],"wp:term":[{"taxonomy":"product_brand","embeddable":true,"href":"https:\/\/dosingpump.shop\/pt\/wp-json\/wp\/v2\/product_brand?post=4024"},{"taxonomy":"product_cat","embeddable":true,"href":"https:\/\/dosingpump.shop\/pt\/wp-json\/wp\/v2\/product_cat?post=4024"},{"taxonomy":"product_tag","embeddable":true,"href":"https:\/\/dosingpump.shop\/pt\/wp-json\/wp\/v2\/product_tag?post=4024"}],"curies":[{"name":"wp","href":"https:\/\/api.w.org\/{rel}","templated":true}]}}