{"id":4031,"date":"2024-12-05T12:21:46","date_gmt":"2024-12-05T12:21:46","guid":{"rendered":"https:\/\/dosingpump.shop\/product\/emec-vms-po-chloorpomp-met-redox-sensor-orp\/"},"modified":"2026-02-27T14:49:16","modified_gmt":"2026-02-27T12:49:16","slug":"bomba-de-cloro-emec-vms-po-com-sensor-redox-orp","status":"publish","type":"product","link":"https:\/\/dosingpump.shop\/pt\/product\/emec-vms-po-chloorpomp-met-redox-sensor-orp\/","title":{"rendered":"Bomba de cloro Emec VMS PO com sensor redox (ORP)"},"content":{"rendered":"<h2>Bomba de cloro Emec VMSA PO<\/h2>\n<p style=\"margin-bottom: 1rem; font-family: 'Open Sans', Arial, 'Helvetica Neue', Helvetica, sans-serif; font-size: 14px; font-style: normal; font-weight: 400;\">Controlo autom\u00e1tico da adi\u00e7\u00e3o de cloro com base na redox (<a href=\"https:\/\/dosingpump.shop\/pt\/centro-de-conhecimento\/valor-orp-e-redox\/\">ORP<\/a>) \u00e9 um m\u00e9todo muito utilizado para a desinfe\u00e7\u00e3o das \u00e1guas balneares nas piscinas privadas. O Emec VMSA PO funciona de acordo com este princ\u00edpio. Atrav\u00e9s do sinal de um sensor ORP, a quantidade correta de cloro \u00e9 doseada na \u00e1gua. O sensor ORP com cabo de 0,8 m est\u00e1 inclu\u00eddo neste conjunto.<\/p>\n<p style=\"margin-bottom: 1rem; font-family: 'Open Sans', Arial, 'Helvetica Neue', Helvetica, sans-serif; font-size: 14px; font-style: normal; font-weight: 400;\">A configura\u00e7\u00e3o totalmente em PVDF assegura uma longa vida \u00fatil, mesmo com concentra\u00e7\u00f5es de cloro mais elevadas. A VMS PO?est\u00e1 equipada com uma fun\u00e7\u00e3o de flutua\u00e7\u00e3o muito pr\u00e1tica no filtro de aspira\u00e7\u00e3o. Esta fun\u00e7\u00e3o desliga a bomba quando o recipiente est\u00e1 vazio, evitando que toda a tubagem fique vazia. Tamb\u00e9m \u00e9 poss\u00edvel extrair este sinal de alarme externamente e anexar-lhe um alarme.<\/p>\n<p style=\"margin-bottom: 1rem; font-family: 'Open Sans', Arial, 'Helvetica Neue', Helvetica, sans-serif; font-size: 14px; font-style: normal; font-weight: 400;\">O Emec VMSA PO tem uma purga autom\u00e1tica.<\/p>\n<p style=\"margin-bottom: 1rem; font-family: 'Open Sans', Arial, 'Helvetica Neue', Helvetica, sans-serif; font-size: 14px; font-style: normal; font-weight: 400;\">Ao dosear o cloro automaticamente, \u00e9 importante que o pH seja tamb\u00e9m regulado corretamente! Tamb\u00e9m dispomos de um conjunto para o efeito.<\/p>\n<p style=\"margin-bottom: 1rem; font-family: 'Open Sans', Arial, 'Helvetica Neue', Helvetica, sans-serif; font-size: 14px; font-style: normal; font-weight: 400;\">Precisa de mais informa\u00e7\u00f5es ou de um or\u00e7amento? Ent\u00e3o entre em contacto!<\/p>\n<h3 style=\"margin-bottom: 20px; font-weight: 400; line-height: 1.1; font-size: 1.2em; font-family: Bitter; font-style: normal;\">Carater\u00edsticas Bomba de cloro Emec VMSA PO<\/h3>\n<ul style=\"margin-bottom: 2.5rem; margin-left: 2rem; font-family: 'Open Sans', Arial, 'Helvetica Neue', Helvetica, sans-serif; font-size: 14px; font-style: normal; font-weight: 400;\">\n<li style=\"margin-bottom: 1rem;\">Design especialmente adequado para montagem na parede<\/li>\n<li style=\"margin-bottom: 1rem;\">Equipado com um ecr\u00e3 LCD n\u00edtido<\/li>\n<li style=\"margin-bottom: 1rem;\">Configura\u00e7\u00e3o completa em PVDF (cabe\u00e7a da bomba, bocal de inje\u00e7\u00e3o, filtro de aspira\u00e7\u00e3o e descarga e tubos de aspira\u00e7\u00e3o)<\/li>\n<li style=\"margin-bottom: 1rem;\">Fornecido com um kit completo (2 m de mangueira de press\u00e3o e de aspira\u00e7\u00e3o, 2 m de mangueira de ventila\u00e7\u00e3o (PE), bocal de inje\u00e7\u00e3o e filtro de aspira\u00e7\u00e3o)<\/li>\n<li style=\"margin-bottom: 1rem;\">Vers\u00e3o silenciosa dispon\u00edvel.<\/li>\n<\/ul>\n<h3>Caudal e press\u00e3o dispon\u00edveis<\/h3>\n<p><b>Emec VMSA PO<\/b><\/p>\n<table>\n<tbody>\n<tr>\n<th>Press\u00e3o (Bar)<\/th>\n<th>Caudal (l\/hora)<\/th>\n<\/tr>\n<tr>\n<td>18<\/td>\n<td>02<\/td>\n<\/tr>\n<tr>\n<td>10<\/td>\n<td>3,4<\/td>\n<\/tr>\n<tr>\n<td>07<\/td>\n<td>04<\/td>\n<\/tr>\n<tr>\n<td>01<\/td>\n<td>3,5<\/td>\n<\/tr>\n<tr>\n<td>01<\/td>\n<td>13,5<\/td>\n<\/tr>\n<tr>\n<td><\/td>\n<td><\/td>\n<\/tr>\n<\/tbody>\n<\/table>\n<p>Vers\u00f5es<\/p>\n<p>Est\u00e3o dispon\u00edveis v\u00e1rias vers\u00f5es para esta bomba. Por favor, contacte-nos!<\/p>","protected":false},"excerpt":{"rendered":"<p>Conjunto completo de bomba doseadora, sensor redox e suporte do sensor.<\/p>\n<p>Regula automaticamente o teor de cloro de uma piscina, por exemplo.<\/p>\n<p>Tamb\u00e9m utilizado regularmente na horticultura.<\/p>\n<p>Vers\u00e3o: VMSA PO com sensor ERH com cabo de 0,8 m e suporte de sensor de 1\/2\u2033.<\/p>\n<p>Precisa de outra vers\u00e3o? Solicite um or\u00e7amento!<\/p>","protected":false},"featured_media":4030,"template":"","meta":[],"product_brand":[],"product_cat":[85],"product_tag":[],"class_list":{"0":"post-4031","1":"product","2":"type-product","3":"status-publish","4":"has-post-thumbnail","6":"product_cat-assortiment","8":"first","9":"onbackorder","10":"taxable","11":"shipping-taxable","12":"purchasable","13":"product-type-simple"},"yoast_head":"<!-- This site is optimized with the Yoast SEO plugin v27.2 - https:\/\/yoast.com\/product\/yoast-seo-wordpress\/ -->\n<title>Chloorpomp met Redox Sensor | Dosing Pump Shop B.V.<\/title>\n<meta name=\"description\" content=\"Complete set van Emec VMSA PO chloorpomp met redox sensor voor het automatisch regelen van chloor. _ ruime voorraad _ goed advies.\" \/>\n<meta name=\"robots\" content=\"index, follow, max-snippet:-1, max-image-preview:large, max-video-preview:-1\" \/>\n<link rel=\"canonical\" href=\"https:\/\/dosingpump.shop\/pt\/produto\/bomba-de-cloro-emec-vms-po-com-sensor-redox-orp\/\" \/>\n<meta property=\"og:locale\" content=\"pt_PT\" \/>\n<meta property=\"og:type\" content=\"article\" \/>\n<meta property=\"og:title\" content=\"Chloorpomp met Redox Sensor | Dosing Pump Shop B.V.\" \/>\n<meta property=\"og:description\" content=\"Complete set van Emec VMSA PO chloorpomp met redox sensor voor het automatisch regelen van chloor. _ ruime voorraad _ goed advies.\" \/>\n<meta property=\"og:url\" content=\"https:\/\/dosingpump.shop\/pt\/produto\/bomba-de-cloro-emec-vms-po-com-sensor-redox-orp\/\" \/>\n<meta property=\"og:site_name\" content=\"Dosing Pump Shop B.V.\" \/>\n<meta property=\"article:modified_time\" content=\"2026-02-27T12:49:16+00:00\" \/>\n<meta property=\"og:image\" content=\"https:\/\/dosingpump.shop\/wp-content\/uploads\/2024\/12\/Emec-VSMA.webp\" \/>\n\t<meta property=\"og:image:width\" content=\"499\" \/>\n\t<meta property=\"og:image:height\" content=\"500\" \/>\n\t<meta property=\"og:image:type\" content=\"image\/webp\" \/>\n<meta name=\"twitter:card\" content=\"summary_large_image\" \/>\n<meta name=\"twitter:label1\" content=\"pre\u00e7o\" \/>\n\t<meta name=\"twitter:data1\" content=\"&euro;741,00\" \/>\n\t<meta name=\"twitter:label2\" content=\"Disponibilidade\" \/>\n\t<meta name=\"twitter:data2\" content=\"Por encomenda\" \/>\n<script type=\"application\/ld+json\" class=\"yoast-schema-graph\">{\"@context\":\"https:\/\/schema.org\",\"@graph\":[{\"@type\":\"WebPage\",\"@id\":\"https:\/\/dosingpump.shop\/ro\/produs-2\/emec-vms-po-pompa-de-clor-cu-senzor-redox-orp\/\",\"url\":\"https:\/\/dosingpump.shop\/ro\/produs-2\/emec-vms-po-pompa-de-clor-cu-senzor-redox-orp\/\",\"name\":\"Chloorpomp met Redox Sensor | Dosing Pump Shop B.V.\",\"isPartOf\":{\"@id\":\"https:\/\/dosingpump.shop\/de\/#website\"},\"primaryImageOfPage\":{\"@id\":\"https:\/\/dosingpump.shop\/ro\/produs-2\/emec-vms-po-pompa-de-clor-cu-senzor-redox-orp\/#primaryimage\"},\"image\":{\"@id\":\"https:\/\/dosingpump.shop\/ro\/produs-2\/emec-vms-po-pompa-de-clor-cu-senzor-redox-orp\/#primaryimage\"},\"thumbnailUrl\":\"https:\/\/dosingpump.shop\/wp-content\/uploads\/2024\/12\/Emec-VSMA.webp\",\"datePublished\":\"2024-12-05T12:21:46+00:00\",\"dateModified\":\"2026-02-27T12:49:16+00:00\",\"description\":\"Complete set van Emec VMSA PO chloorpomp met redox sensor voor het automatisch regelen van chloor. _ ruime voorraad _ goed advies.\",\"breadcrumb\":{\"@id\":\"https:\/\/dosingpump.shop\/ro\/produs-2\/emec-vms-po-pompa-de-clor-cu-senzor-redox-orp\/#breadcrumb\"},\"inLanguage\":\"pt-PT\",\"potentialAction\":[{\"@type\":\"ReadAction\",\"target\":[\"https:\/\/dosingpump.shop\/ro\/produs-2\/emec-vms-po-pompa-de-clor-cu-senzor-redox-orp\/\"]}]},{\"@type\":\"ImageObject\",\"inLanguage\":\"pt-PT\",\"@id\":\"https:\/\/dosingpump.shop\/ro\/produs-2\/emec-vms-po-pompa-de-clor-cu-senzor-redox-orp\/#primaryimage\",\"url\":\"https:\/\/dosingpump.shop\/wp-content\/uploads\/2024\/12\/Emec-VSMA.webp\",\"contentUrl\":\"https:\/\/dosingpump.shop\/wp-content\/uploads\/2024\/12\/Emec-VSMA.webp\",\"width\":499,\"height\":500},{\"@type\":\"BreadcrumbList\",\"@id\":\"https:\/\/dosingpump.shop\/ro\/produs-2\/emec-vms-po-pompa-de-clor-cu-senzor-redox-orp\/#breadcrumb\",\"itemListElement\":[{\"@type\":\"ListItem\",\"position\":1,\"name\":\"Home\",\"item\":\"https:\/\/dosingpump.shop\/\"},{\"@type\":\"ListItem\",\"position\":2,\"name\":\"Shop\",\"item\":\"https:\/\/dosingpump.shop\/de\/shop\/\"},{\"@type\":\"ListItem\",\"position\":3,\"name\":\"Emec VMS PO chloorpomp met redox sensor (ORP)\"}]},{\"@type\":\"WebSite\",\"@id\":\"https:\/\/dosingpump.shop\/de\/#website\",\"url\":\"https:\/\/dosingpump.shop\/de\/\",\"name\":\"Dosing Pump Shop B.V.\",\"description\":\"\",\"publisher\":{\"@id\":\"https:\/\/dosingpump.shop\/de\/#organization\"},\"potentialAction\":[{\"@type\":\"SearchAction\",\"target\":{\"@type\":\"EntryPoint\",\"urlTemplate\":\"https:\/\/dosingpump.shop\/de\/?s={search_term_string}\"},\"query-input\":{\"@type\":\"PropertyValueSpecification\",\"valueRequired\":true,\"valueName\":\"search_term_string\"}}],\"inLanguage\":\"pt-PT\"},{\"@type\":\"Organization\",\"@id\":\"https:\/\/dosingpump.shop\/de\/#organization\",\"name\":\"Dosing Pump Shop B.V.\",\"url\":\"https:\/\/dosingpump.shop\/de\/\",\"logo\":{\"@type\":\"ImageObject\",\"inLanguage\":\"pt-PT\",\"@id\":\"https:\/\/dosingpump.shop\/de\/#\/schema\/logo\/image\/\",\"url\":\"https:\/\/dosingpump.shop\/wp-content\/uploads\/2024\/10\/Dosing-Pump-Shop-logo.png\",\"contentUrl\":\"https:\/\/dosingpump.shop\/wp-content\/uploads\/2024\/10\/Dosing-Pump-Shop-logo.png\",\"width\":350,\"height\":45,\"caption\":\"Dosing Pump Shop B.V.\"},\"image\":{\"@id\":\"https:\/\/dosingpump.shop\/de\/#\/schema\/logo\/image\/\"},\"sameAs\":[\"https:\/\/linkedin.com\/company\/dosing-pump-shop\"]}]}<\/script>\n<meta property=\"product:price:amount\" content=\"741.00\" \/>\n<meta property=\"product:price:currency\" content=\"EUR\" \/>\n<meta property=\"og:availability\" content=\"backorder\" \/>\n<meta property=\"product:availability\" content=\"available for order\" \/>\n<meta property=\"product:condition\" content=\"new\" \/>\n<!-- \/ Yoast SEO plugin. -->","yoast_head_json":{"title":"Bomba de cloro com sensor Redox | Dosing Pump Shop B.V.","description":"Conjunto completo de bomba de cloro Emec VMSA PO com sensor redox para controlo autom\u00e1tico do cloro. Grande stock _ bom aconselhamento.","robots":{"index":"index","follow":"follow","max-snippet":"max-snippet:-1","max-image-preview":"max-image-preview:large","max-video-preview":"max-video-preview:-1"},"canonical":"https:\/\/dosingpump.shop\/pt\/produto\/bomba-de-cloro-emec-vms-po-com-sensor-redox-orp\/","og_locale":"pt_PT","og_type":"article","og_title":"Chloorpomp met Redox Sensor | Dosing Pump Shop B.V.","og_description":"Complete set van Emec VMSA PO chloorpomp met redox sensor voor het automatisch regelen van chloor. _ ruime voorraad _ goed advies.","og_url":"https:\/\/dosingpump.shop\/pt\/produto\/bomba-de-cloro-emec-vms-po-com-sensor-redox-orp\/","og_site_name":"Dosing Pump Shop B.V.","article_modified_time":"2026-02-27T12:49:16+00:00","og_image":[{"width":499,"height":500,"url":"https:\/\/dosingpump.shop\/wp-content\/uploads\/2024\/12\/Emec-VSMA.webp","type":"image\/webp"}],"twitter_card":"summary_large_image","twitter_misc":{"pre\u00e7o":"&euro;741,00","Disponibilidade":"Por encomenda"},"schema":{"@context":"https:\/\/schema.org","@graph":[{"@type":"WebPage","@id":"https:\/\/dosingpump.shop\/ro\/produs-2\/emec-vms-po-pompa-de-clor-cu-senzor-redox-orp\/","url":"https:\/\/dosingpump.shop\/ro\/produs-2\/emec-vms-po-pompa-de-clor-cu-senzor-redox-orp\/","name":"Bomba de cloro com sensor Redox | Dosing Pump Shop B.V.","isPartOf":{"@id":"https:\/\/dosingpump.shop\/de\/#website"},"primaryImageOfPage":{"@id":"https:\/\/dosingpump.shop\/ro\/produs-2\/emec-vms-po-pompa-de-clor-cu-senzor-redox-orp\/#primaryimage"},"image":{"@id":"https:\/\/dosingpump.shop\/ro\/produs-2\/emec-vms-po-pompa-de-clor-cu-senzor-redox-orp\/#primaryimage"},"thumbnailUrl":"https:\/\/dosingpump.shop\/wp-content\/uploads\/2024\/12\/Emec-VSMA.webp","datePublished":"2024-12-05T12:21:46+00:00","dateModified":"2026-02-27T12:49:16+00:00","description":"Conjunto completo de bomba de cloro Emec VMSA PO com sensor redox para controlo autom\u00e1tico do cloro. Grande stock _ bom aconselhamento.","breadcrumb":{"@id":"https:\/\/dosingpump.shop\/ro\/produs-2\/emec-vms-po-pompa-de-clor-cu-senzor-redox-orp\/#breadcrumb"},"inLanguage":"pt-PT","potentialAction":[{"@type":"ReadAction","target":["https:\/\/dosingpump.shop\/ro\/produs-2\/emec-vms-po-pompa-de-clor-cu-senzor-redox-orp\/"]}]},{"@type":"ImageObject","inLanguage":"pt-PT","@id":"https:\/\/dosingpump.shop\/ro\/produs-2\/emec-vms-po-pompa-de-clor-cu-senzor-redox-orp\/#primaryimage","url":"https:\/\/dosingpump.shop\/wp-content\/uploads\/2024\/12\/Emec-VSMA.webp","contentUrl":"https:\/\/dosingpump.shop\/wp-content\/uploads\/2024\/12\/Emec-VSMA.webp","width":499,"height":500},{"@type":"BreadcrumbList","@id":"https:\/\/dosingpump.shop\/ro\/produs-2\/emec-vms-po-pompa-de-clor-cu-senzor-redox-orp\/#breadcrumb","itemListElement":[{"@type":"ListItem","position":1,"name":"Home","item":"https:\/\/dosingpump.shop\/"},{"@type":"ListItem","position":2,"name":"Shop","item":"https:\/\/dosingpump.shop\/de\/shop\/"},{"@type":"ListItem","position":3,"name":"Emec VMS PO chloorpomp met redox sensor (ORP)"}]},{"@type":"WebSite","@id":"https:\/\/dosingpump.shop\/de\/#website","url":"https:\/\/dosingpump.shop\/de\/","name":"Dosing Pump Shop B.V.","description":"","publisher":{"@id":"https:\/\/dosingpump.shop\/de\/#organization"},"potentialAction":[{"@type":"SearchAction","target":{"@type":"EntryPoint","urlTemplate":"https:\/\/dosingpump.shop\/de\/?s={search_term_string}"},"query-input":{"@type":"PropertyValueSpecification","valueRequired":true,"valueName":"search_term_string"}}],"inLanguage":"pt-PT"},{"@type":"Organization","@id":"https:\/\/dosingpump.shop\/de\/#organization","name":"Dosing Pump Shop B.V.","url":"https:\/\/dosingpump.shop\/de\/","logo":{"@type":"ImageObject","inLanguage":"pt-PT","@id":"https:\/\/dosingpump.shop\/de\/#\/schema\/logo\/image\/","url":"https:\/\/dosingpump.shop\/wp-content\/uploads\/2024\/10\/Dosing-Pump-Shop-logo.png","contentUrl":"https:\/\/dosingpump.shop\/wp-content\/uploads\/2024\/10\/Dosing-Pump-Shop-logo.png","width":350,"height":45,"caption":"Dosing Pump Shop B.V."},"image":{"@id":"https:\/\/dosingpump.shop\/de\/#\/schema\/logo\/image\/"},"sameAs":["https:\/\/linkedin.com\/company\/dosing-pump-shop"]}]},"product_price_amount":"741.00","product_price_currency":"EUR","og_availability":"backorder","product_availability":"available for order","product_condition":"new"},"_links":{"self":[{"href":"https:\/\/dosingpump.shop\/pt\/wp-json\/wp\/v2\/product\/4031","targetHints":{"allow":["GET"]}}],"collection":[{"href":"https:\/\/dosingpump.shop\/pt\/wp-json\/wp\/v2\/product"}],"about":[{"href":"https:\/\/dosingpump.shop\/pt\/wp-json\/wp\/v2\/types\/product"}],"wp:featuredmedia":[{"embeddable":true,"href":"https:\/\/dosingpump.shop\/pt\/wp-json\/wp\/v2\/media\/4030"}],"wp:attachment":[{"href":"https:\/\/dosingpump.shop\/pt\/wp-json\/wp\/v2\/media?parent=4031"}],"wp:term":[{"taxonomy":"product_brand","embeddable":true,"href":"https:\/\/dosingpump.shop\/pt\/wp-json\/wp\/v2\/product_brand?post=4031"},{"taxonomy":"product_cat","embeddable":true,"href":"https:\/\/dosingpump.shop\/pt\/wp-json\/wp\/v2\/product_cat?post=4031"},{"taxonomy":"product_tag","embeddable":true,"href":"https:\/\/dosingpump.shop\/pt\/wp-json\/wp\/v2\/product_tag?post=4031"}],"curies":[{"name":"wp","href":"https:\/\/api.w.org\/{rel}","templated":true}]}}