{"id":4033,"date":"2024-12-05T12:21:46","date_gmt":"2024-12-05T12:21:46","guid":{"rendered":"https:\/\/dosingpump.shop\/product\/emec-doseerpomp-met-ph-regelaar\/"},"modified":"2026-02-27T14:49:16","modified_gmt":"2026-02-27T12:49:16","slug":"bomba-doseadora-emec-com-regulador-de-ph","status":"publish","type":"product","link":"https:\/\/dosingpump.shop\/pt\/product\/emec-doseerpomp-met-ph-regelaar\/","title":{"rendered":"Bomba doseadora Emec com controlador de pH"},"content":{"rendered":"<h3>Bomba doseadora Emec com controlador de pH<\/h3>\n<p>O controlo do pH \u00e9 utilizado em muitas situa\u00e7\u00f5es. No mundo das piscinas, mas tamb\u00e9m na horticultura e na ind\u00fastria.<br \/>\nEste kit completo \u00e9 um controlador de pH proporcional simples mas eficaz. O sensor de pH inclu\u00eddo \u00e9 aparafusado numa sela de perfura\u00e7\u00e3o ou num T com o suporte do sensor e permite que o controlador de pH integrado na bomba doseadora me\u00e7a o pH do l\u00edquido. Ao dosear o \u00e1cido ou a lix\u00edvia, obt\u00e9m-se o pH desejado.<\/p>\n<p>A configura\u00e7\u00e3o totalmente em PVDF assegura uma longa vida \u00fatil, mesmo com concentra\u00e7\u00f5es de \u00e1cido mais elevadas. A VMS PO possui uma fun\u00e7\u00e3o de flutua\u00e7\u00e3o muito conveniente no filtro de suc\u00e7\u00e3o. Esta fun\u00e7\u00e3o desliga a bomba quando o recipiente est\u00e1 vazio, evitando que toda a tubagem fique vazia. Tamb\u00e9m \u00e9 poss\u00edvel extrair este sinal de alarme externamente e anexar-lhe um alarme.<\/p>\n<p>O Emec VMS PO tem uma purga manual.<\/p>\n<p>Esta configura\u00e7\u00e3o \u00e9 adequada para \u00e1cido. Quer aumentar o pH exatamente com lix\u00edvia? Claro que sim. Se for o caso, entre em contacto connosco!<\/p>\n<p>Vers\u00e3o: VMS PO 10-04 com sensor de pH com cabo de 0,8 m e suporte de sensor com rosca 1\/2.<\/p>\n<p>Precisa de mais informa\u00e7\u00f5es ou de um or\u00e7amento? Ent\u00e3o entre em contacto!<\/p>\n<p>Carater\u00edsticas Bomba doseadora Emec com regulador de pH<br \/>\nDesign especialmente adequado para montagem na parede<br \/>\nEquipado com um ecr\u00e3 LCD n\u00edtido<br \/>\nConfigura\u00e7\u00e3o completa em PVDF (cabe\u00e7a da bomba, bocal de inje\u00e7\u00e3o, filtro de aspira\u00e7\u00e3o e descarga e tubos de aspira\u00e7\u00e3o)<br \/>\nFornecido com um kit completo (2 m de mangueira de press\u00e3o e de aspira\u00e7\u00e3o, v\u00e1lvula de inje\u00e7\u00e3o e filtro de aspira\u00e7\u00e3o)<br \/>\nVers\u00e3o silenciosa dispon\u00edvel.<br \/>\nCaudal e press\u00e3o dispon\u00edveis<\/p>\n<p>Vers\u00f5es PO do Emec VMS<\/p>\n<p>&nbsp;<\/p>\n<table>\n<tbody>\n<tr>\n<th><span style=\"font-weight: 400;\">Press\u00e3o (Bar)<\/span><\/th>\n<th><span style=\"font-weight: 400;\">Caudal (l\/hora)<\/span><\/th>\n<\/tr>\n<tr>\n<td>20<\/td>\n<td>01<\/td>\n<\/tr>\n<tr>\n<td>10<\/td>\n<td>04<\/td>\n<\/tr>\n<tr>\n<td>07<\/td>\n<td>06<\/td>\n<\/tr>\n<tr>\n<td>03<\/td>\n<td>10<\/td>\n<\/tr>\n<tr>\n<td>01<\/td>\n<td>16<\/td>\n<\/tr>\n<tr>\n<td><\/td>\n<td><\/td>\n<\/tr>\n<\/tbody>\n<\/table>\n<p>Est\u00e3o dispon\u00edveis v\u00e1rias vers\u00f5es para esta bomba. Por favor, contacte-nos!<\/p>","protected":false},"excerpt":{"rendered":"<p>Conjunto completo de bomba doseadora, sensor de pH e suporte de sensor.<\/p>\n<p>Regula automaticamente o pH de uma piscina ou de um tanque, por exemplo.<\/p>\n<p>Tamb\u00e9m utilizado regularmente na horticultura.<\/p>\n<p>Vers\u00e3o: VMS PO com sensor de pH com cabo de 0,8m e suporte de sensor de 1\/2\u2033. Adequado para \u00e1cidos.<\/p>\n<p>Precisa de outra vers\u00e3o? Solicite um or\u00e7amento!<\/p>","protected":false},"featured_media":4032,"template":"","meta":[],"product_brand":[],"product_cat":[17],"product_tag":[],"class_list":{"0":"post-4033","1":"product","2":"type-product","3":"status-publish","4":"has-post-thumbnail","6":"product_cat-doseerpompen","8":"first","9":"instock","10":"taxable","11":"shipping-taxable","12":"purchasable","13":"product-type-simple"},"yoast_head":"<!-- This site is optimized with the Yoast SEO plugin v27.2 - https:\/\/yoast.com\/product\/yoast-seo-wordpress\/ -->\n<title>Emec doseerpomp met pH regelaar | Dosing Pump Shop B.V.<\/title>\n<meta name=\"description\" content=\"Complete set van Emec doseerpomp met pH regelaar voor het automatisch regelen van de pH van een volumestroom. _ ruime voorraad _ goed advies.\" \/>\n<meta name=\"robots\" content=\"index, follow, max-snippet:-1, max-image-preview:large, max-video-preview:-1\" \/>\n<link rel=\"canonical\" href=\"https:\/\/dosingpump.shop\/pt\/produto\/bomba-doseadora-emec-com-regulador-de-ph\/\" \/>\n<meta property=\"og:locale\" content=\"pt_PT\" \/>\n<meta property=\"og:type\" content=\"article\" \/>\n<meta property=\"og:title\" content=\"Emec doseerpomp met pH regelaar | Dosing Pump Shop B.V.\" \/>\n<meta property=\"og:description\" content=\"Complete set van Emec doseerpomp met pH regelaar voor het automatisch regelen van de pH van een volumestroom. _ ruime voorraad _ goed advies.\" \/>\n<meta property=\"og:url\" content=\"https:\/\/dosingpump.shop\/pt\/produto\/bomba-doseadora-emec-com-regulador-de-ph\/\" \/>\n<meta property=\"og:site_name\" content=\"Dosing Pump Shop B.V.\" \/>\n<meta property=\"article:modified_time\" content=\"2026-02-27T12:49:16+00:00\" \/>\n<meta property=\"og:image\" content=\"https:\/\/dosingpump.shop\/wp-content\/uploads\/2024\/12\/Doseerpomp-met-ph-regelaar.webp\" \/>\n\t<meta property=\"og:image:width\" content=\"316\" \/>\n\t<meta property=\"og:image:height\" content=\"368\" \/>\n\t<meta property=\"og:image:type\" content=\"image\/webp\" \/>\n<meta name=\"twitter:card\" content=\"summary_large_image\" \/>\n<meta name=\"twitter:label1\" content=\"pre\u00e7o\" \/>\n\t<meta name=\"twitter:data1\" content=\"&euro;730,00\" \/>\n\t<meta name=\"twitter:label2\" content=\"Disponibilidade\" \/>\n\t<meta name=\"twitter:data2\" content=\"Em stock\" \/>\n<script type=\"application\/ld+json\" class=\"yoast-schema-graph\">{\"@context\":\"https:\/\/schema.org\",\"@graph\":[{\"@type\":\"WebPage\",\"@id\":\"https:\/\/dosingpump.shop\/de\/produkt\/emec-dosierpumpe-mit-ph-regler\/\",\"url\":\"https:\/\/dosingpump.shop\/de\/produkt\/emec-dosierpumpe-mit-ph-regler\/\",\"name\":\"Emec doseerpomp met pH regelaar | Dosing Pump Shop B.V.\",\"isPartOf\":{\"@id\":\"https:\/\/dosingpump.shop\/de\/#website\"},\"primaryImageOfPage\":{\"@id\":\"https:\/\/dosingpump.shop\/de\/produkt\/emec-dosierpumpe-mit-ph-regler\/#primaryimage\"},\"image\":{\"@id\":\"https:\/\/dosingpump.shop\/de\/produkt\/emec-dosierpumpe-mit-ph-regler\/#primaryimage\"},\"thumbnailUrl\":\"https:\/\/dosingpump.shop\/wp-content\/uploads\/2024\/12\/Doseerpomp-met-ph-regelaar.webp\",\"datePublished\":\"2024-12-05T12:21:46+00:00\",\"dateModified\":\"2026-02-27T12:49:16+00:00\",\"description\":\"Complete set van Emec doseerpomp met pH regelaar voor het automatisch regelen van de pH van een volumestroom. _ ruime voorraad _ goed advies.\",\"breadcrumb\":{\"@id\":\"https:\/\/dosingpump.shop\/de\/produkt\/emec-dosierpumpe-mit-ph-regler\/#breadcrumb\"},\"inLanguage\":\"pt-PT\",\"potentialAction\":[{\"@type\":\"ReadAction\",\"target\":[\"https:\/\/dosingpump.shop\/de\/produkt\/emec-dosierpumpe-mit-ph-regler\/\"]}]},{\"@type\":\"ImageObject\",\"inLanguage\":\"pt-PT\",\"@id\":\"https:\/\/dosingpump.shop\/de\/produkt\/emec-dosierpumpe-mit-ph-regler\/#primaryimage\",\"url\":\"https:\/\/dosingpump.shop\/wp-content\/uploads\/2024\/12\/Doseerpomp-met-ph-regelaar.webp\",\"contentUrl\":\"https:\/\/dosingpump.shop\/wp-content\/uploads\/2024\/12\/Doseerpomp-met-ph-regelaar.webp\",\"width\":316,\"height\":368},{\"@type\":\"BreadcrumbList\",\"@id\":\"https:\/\/dosingpump.shop\/de\/produkt\/emec-dosierpumpe-mit-ph-regler\/#breadcrumb\",\"itemListElement\":[{\"@type\":\"ListItem\",\"position\":1,\"name\":\"Home\",\"item\":\"https:\/\/dosingpump.shop\/\"},{\"@type\":\"ListItem\",\"position\":2,\"name\":\"Shop\",\"item\":\"https:\/\/dosingpump.shop\/de\/shop\/\"},{\"@type\":\"ListItem\",\"position\":3,\"name\":\"Emec doseerpomp met pH regelaar\"}]},{\"@type\":\"WebSite\",\"@id\":\"https:\/\/dosingpump.shop\/de\/#website\",\"url\":\"https:\/\/dosingpump.shop\/de\/\",\"name\":\"Dosing Pump Shop B.V.\",\"description\":\"\",\"publisher\":{\"@id\":\"https:\/\/dosingpump.shop\/de\/#organization\"},\"potentialAction\":[{\"@type\":\"SearchAction\",\"target\":{\"@type\":\"EntryPoint\",\"urlTemplate\":\"https:\/\/dosingpump.shop\/de\/?s={search_term_string}\"},\"query-input\":{\"@type\":\"PropertyValueSpecification\",\"valueRequired\":true,\"valueName\":\"search_term_string\"}}],\"inLanguage\":\"pt-PT\"},{\"@type\":\"Organization\",\"@id\":\"https:\/\/dosingpump.shop\/de\/#organization\",\"name\":\"Dosing Pump Shop B.V.\",\"url\":\"https:\/\/dosingpump.shop\/de\/\",\"logo\":{\"@type\":\"ImageObject\",\"inLanguage\":\"pt-PT\",\"@id\":\"https:\/\/dosingpump.shop\/de\/#\/schema\/logo\/image\/\",\"url\":\"https:\/\/dosingpump.shop\/wp-content\/uploads\/2024\/10\/Dosing-Pump-Shop-logo.png\",\"contentUrl\":\"https:\/\/dosingpump.shop\/wp-content\/uploads\/2024\/10\/Dosing-Pump-Shop-logo.png\",\"width\":350,\"height\":45,\"caption\":\"Dosing Pump Shop B.V.\"},\"image\":{\"@id\":\"https:\/\/dosingpump.shop\/de\/#\/schema\/logo\/image\/\"},\"sameAs\":[\"https:\/\/linkedin.com\/company\/dosing-pump-shop\"]}]}<\/script>\n<meta property=\"product:price:amount\" content=\"730.00\" \/>\n<meta property=\"product:price:currency\" content=\"EUR\" \/>\n<meta property=\"og:availability\" content=\"instock\" \/>\n<meta property=\"product:availability\" content=\"instock\" \/>\n<meta property=\"product:condition\" content=\"new\" \/>\n<!-- \/ Yoast SEO plugin. -->","yoast_head_json":{"title":"Bomba doseadora Emec com controlador de pH | Dosing Pump Shop B.V.","description":"Conjunto completo de bomba doseadora Emec com controlador de pH para controlo autom\u00e1tico do pH de um fluxo de volume. Grande stock _ bom aconselhamento.","robots":{"index":"index","follow":"follow","max-snippet":"max-snippet:-1","max-image-preview":"max-image-preview:large","max-video-preview":"max-video-preview:-1"},"canonical":"https:\/\/dosingpump.shop\/pt\/produto\/bomba-doseadora-emec-com-regulador-de-ph\/","og_locale":"pt_PT","og_type":"article","og_title":"Emec doseerpomp met pH regelaar | Dosing Pump Shop B.V.","og_description":"Complete set van Emec doseerpomp met pH regelaar voor het automatisch regelen van de pH van een volumestroom. _ ruime voorraad _ goed advies.","og_url":"https:\/\/dosingpump.shop\/pt\/produto\/bomba-doseadora-emec-com-regulador-de-ph\/","og_site_name":"Dosing Pump Shop B.V.","article_modified_time":"2026-02-27T12:49:16+00:00","og_image":[{"width":316,"height":368,"url":"https:\/\/dosingpump.shop\/wp-content\/uploads\/2024\/12\/Doseerpomp-met-ph-regelaar.webp","type":"image\/webp"}],"twitter_card":"summary_large_image","twitter_misc":{"pre\u00e7o":"&euro;730,00","Disponibilidade":"Em stock"},"schema":{"@context":"https:\/\/schema.org","@graph":[{"@type":"WebPage","@id":"https:\/\/dosingpump.shop\/de\/produkt\/emec-dosierpumpe-mit-ph-regler\/","url":"https:\/\/dosingpump.shop\/de\/produkt\/emec-dosierpumpe-mit-ph-regler\/","name":"Bomba doseadora Emec com controlador de pH | Dosing Pump Shop B.V.","isPartOf":{"@id":"https:\/\/dosingpump.shop\/de\/#website"},"primaryImageOfPage":{"@id":"https:\/\/dosingpump.shop\/de\/produkt\/emec-dosierpumpe-mit-ph-regler\/#primaryimage"},"image":{"@id":"https:\/\/dosingpump.shop\/de\/produkt\/emec-dosierpumpe-mit-ph-regler\/#primaryimage"},"thumbnailUrl":"https:\/\/dosingpump.shop\/wp-content\/uploads\/2024\/12\/Doseerpomp-met-ph-regelaar.webp","datePublished":"2024-12-05T12:21:46+00:00","dateModified":"2026-02-27T12:49:16+00:00","description":"Conjunto completo de bomba doseadora Emec com controlador de pH para controlo autom\u00e1tico do pH de um fluxo de volume. Grande stock _ bom aconselhamento.","breadcrumb":{"@id":"https:\/\/dosingpump.shop\/de\/produkt\/emec-dosierpumpe-mit-ph-regler\/#breadcrumb"},"inLanguage":"pt-PT","potentialAction":[{"@type":"ReadAction","target":["https:\/\/dosingpump.shop\/de\/produkt\/emec-dosierpumpe-mit-ph-regler\/"]}]},{"@type":"ImageObject","inLanguage":"pt-PT","@id":"https:\/\/dosingpump.shop\/de\/produkt\/emec-dosierpumpe-mit-ph-regler\/#primaryimage","url":"https:\/\/dosingpump.shop\/wp-content\/uploads\/2024\/12\/Doseerpomp-met-ph-regelaar.webp","contentUrl":"https:\/\/dosingpump.shop\/wp-content\/uploads\/2024\/12\/Doseerpomp-met-ph-regelaar.webp","width":316,"height":368},{"@type":"BreadcrumbList","@id":"https:\/\/dosingpump.shop\/de\/produkt\/emec-dosierpumpe-mit-ph-regler\/#breadcrumb","itemListElement":[{"@type":"ListItem","position":1,"name":"Home","item":"https:\/\/dosingpump.shop\/"},{"@type":"ListItem","position":2,"name":"Shop","item":"https:\/\/dosingpump.shop\/de\/shop\/"},{"@type":"ListItem","position":3,"name":"Emec doseerpomp met pH regelaar"}]},{"@type":"WebSite","@id":"https:\/\/dosingpump.shop\/de\/#website","url":"https:\/\/dosingpump.shop\/de\/","name":"Dosing Pump Shop B.V.","description":"","publisher":{"@id":"https:\/\/dosingpump.shop\/de\/#organization"},"potentialAction":[{"@type":"SearchAction","target":{"@type":"EntryPoint","urlTemplate":"https:\/\/dosingpump.shop\/de\/?s={search_term_string}"},"query-input":{"@type":"PropertyValueSpecification","valueRequired":true,"valueName":"search_term_string"}}],"inLanguage":"pt-PT"},{"@type":"Organization","@id":"https:\/\/dosingpump.shop\/de\/#organization","name":"Dosing Pump Shop B.V.","url":"https:\/\/dosingpump.shop\/de\/","logo":{"@type":"ImageObject","inLanguage":"pt-PT","@id":"https:\/\/dosingpump.shop\/de\/#\/schema\/logo\/image\/","url":"https:\/\/dosingpump.shop\/wp-content\/uploads\/2024\/10\/Dosing-Pump-Shop-logo.png","contentUrl":"https:\/\/dosingpump.shop\/wp-content\/uploads\/2024\/10\/Dosing-Pump-Shop-logo.png","width":350,"height":45,"caption":"Dosing Pump Shop B.V."},"image":{"@id":"https:\/\/dosingpump.shop\/de\/#\/schema\/logo\/image\/"},"sameAs":["https:\/\/linkedin.com\/company\/dosing-pump-shop"]}]},"product_price_amount":"730.00","product_price_currency":"EUR","og_availability":"instock","product_availability":"instock","product_condition":"new"},"_links":{"self":[{"href":"https:\/\/dosingpump.shop\/pt\/wp-json\/wp\/v2\/product\/4033","targetHints":{"allow":["GET"]}}],"collection":[{"href":"https:\/\/dosingpump.shop\/pt\/wp-json\/wp\/v2\/product"}],"about":[{"href":"https:\/\/dosingpump.shop\/pt\/wp-json\/wp\/v2\/types\/product"}],"wp:featuredmedia":[{"embeddable":true,"href":"https:\/\/dosingpump.shop\/pt\/wp-json\/wp\/v2\/media\/4032"}],"wp:attachment":[{"href":"https:\/\/dosingpump.shop\/pt\/wp-json\/wp\/v2\/media?parent=4033"}],"wp:term":[{"taxonomy":"product_brand","embeddable":true,"href":"https:\/\/dosingpump.shop\/pt\/wp-json\/wp\/v2\/product_brand?post=4033"},{"taxonomy":"product_cat","embeddable":true,"href":"https:\/\/dosingpump.shop\/pt\/wp-json\/wp\/v2\/product_cat?post=4033"},{"taxonomy":"product_tag","embeddable":true,"href":"https:\/\/dosingpump.shop\/pt\/wp-json\/wp\/v2\/product_tag?post=4033"}],"curies":[{"name":"wp","href":"https:\/\/api.w.org\/{rel}","templated":true}]}}