{"id":4091,"date":"2024-12-05T12:21:53","date_gmt":"2024-12-05T12:21:53","guid":{"rendered":"https:\/\/dosingpump.shop\/?post_type=product&#038;p=4091"},"modified":"2026-02-27T14:49:18","modified_gmt":"2026-02-27T12:49:18","slug":"prism-10-13-fp-bomba-doseadora-modbus","status":"publish","type":"product","link":"https:\/\/dosingpump.shop\/pt\/product\/prisma-10-13-fp-modbus-doseerpomp\/","title":{"rendered":"PRISMA 10-13 FP MODBUS Bomba doseadora"},"content":{"rendered":"<h3>Bomba doseadora Emec Prisma 05-80: A perfei\u00e7\u00e3o na gest\u00e3o precisa da dosagem<\/h3>\n<p>O Emec Prisma 10-13 FP MODBUS \u00e9 um <strong>bomba doseadora de alta qualidade<\/strong> que pode dosear 13 litros por hora a uma press\u00e3o de 10 bar. Todas as bombas doseadoras Emec possuem uma membrana totalmente em PTFE e s\u00e3o muito dur\u00e1veis. Doseia-se ano ap\u00f3s ano sem problemas e <strong>dosagem cont\u00ednua<\/strong> n\u00e3o tem qualquer obje\u00e7\u00e3o.<\/p>\n<p><strong>Nota!<\/strong> Que escolha a configura\u00e7\u00e3o correta para a sua aplica\u00e7\u00e3o e para o produto que est\u00e1 a dosear! Teremos todo o gosto em ajud\u00e1-lo a fazer a escolha certa. Para tal, pode sempre contactar-nos. As bombas s\u00e3o <strong>fornecido completo<\/strong> com filtro de admiss\u00e3o, v\u00e1lvula de inje\u00e7\u00e3o e algumas mangueiras. Assim, pode come\u00e7ar a utiliz\u00e1-lo num instante.<\/p>\n<h4>Carater\u00edsticas \u00fanicas:<\/h4>\n<ul>\n<li><strong>Conectividade:<\/strong> Opcional com Bluetooth e controlo remoto atrav\u00e9s do servidor Emec Ermes, que lhe permite ler e regular a bomba a partir de qualquer parte do mundo atrav\u00e9s do seu telem\u00f3vel.<\/li>\n<li><strong>Compatibilidade:<\/strong> S\u00e3o poss\u00edveis liga\u00e7\u00f5es MODBUS e RS485. A RS485 \u00e9 mesmo a norma.<\/li>\n<li><strong>Adaptabilidade:<\/strong> O software e o motor passo a passo permitem que o Emec Prisma seja totalmente personalizado de acordo com as suas necessidades de dosagem. Est\u00e3o dispon\u00edveis v\u00e1rios programas de dosagem!<\/li>\n<li><strong>Controlo m\u00e1ximo:<\/strong> Um impressionante r\u00e1cio de abertura de cama de 1:4800 garante o controlo mais preciso do seu processo de dosagem.<\/li>\n<li><strong>Modo lento:<\/strong> Uma carater\u00edstica \u00fanica para a distribui\u00e7\u00e3o precisa de l\u00edquidos de alta viscosidade, reduzindo o curso da bomba para 25, 50 ou 75% da capacidade normal.<\/li>\n<\/ul>\n<h4>Vers\u00f5es dispon\u00edveis da bomba doseadora Emec Prisma:<\/h4>\n<p>De 20 bar - 1 l\/h a 02 bar - 80 l\/h, h\u00e1 sempre uma bomba doseadora Emec Prisma que se adapta perfeitamente \u00e0s suas necessidades. Solicite um or\u00e7amento e estamos prontos para o aconselhar!<\/p>","protected":false},"excerpt":{"rendered":"<p>Com a s\u00e9rie Emec PRISMA, obt\u00e9m a melhor bomba doseadora da casa. Com o seu motor de passo, esta bomba de diafragma \u00e9 a bomba doseadora mais inovadora at\u00e9 \u00e0 data. Se procura precis\u00e3o e fiabilidade, solicite imediatamente esta bomba polivalente.<\/p>\n<ul>\n<li>WIFI<\/li>\n<li>Bluetooth<\/li>\n<li>modbus<\/li>\n<li>RS485<\/li>\n<\/ul>","protected":false},"featured_media":4117,"template":"","meta":[],"product_brand":[],"product_cat":[78],"product_tag":[],"class_list":{"0":"post-4091","1":"product","2":"type-product","3":"status-publish","4":"has-post-thumbnail","6":"product_cat-emec-prisma","8":"first","9":"instock","10":"taxable","11":"shipping-taxable","12":"purchasable","13":"product-type-simple"},"yoast_head":"<!-- This site is optimized with the Yoast SEO plugin v27.2 - https:\/\/yoast.com\/product\/yoast-seo-wordpress\/ -->\n<title>Emec Prisma 10-13 FP MODBUS Doseerpomp | Dosing Pump Shop B.V.<\/title>\n<meta name=\"description\" content=\"De Emec Prisma is een ouder model stappenmotor doseerpomp. Capaciteit: 13 l\/uur. Druk: 10 bar. Laatste modellen. Aantrekkelijke korting.\" \/>\n<meta name=\"robots\" content=\"index, follow, max-snippet:-1, max-image-preview:large, max-video-preview:-1\" \/>\n<link rel=\"canonical\" href=\"https:\/\/dosingpump.shop\/pt\/produto\/prism-10-13-fp-bomba-doseadora-modbus\/\" \/>\n<meta property=\"og:locale\" content=\"pt_PT\" \/>\n<meta property=\"og:type\" content=\"article\" \/>\n<meta property=\"og:title\" content=\"Emec Prisma 10-13 FP MODBUS Doseerpomp | Dosing Pump Shop B.V.\" \/>\n<meta property=\"og:description\" content=\"De Emec Prisma is een ouder model stappenmotor doseerpomp. Capaciteit: 13 l\/uur. Druk: 10 bar. Laatste modellen. Aantrekkelijke korting.\" \/>\n<meta property=\"og:url\" content=\"https:\/\/dosingpump.shop\/pt\/produto\/prism-10-13-fp-bomba-doseadora-modbus\/\" \/>\n<meta property=\"og:site_name\" content=\"Dosing Pump Shop B.V.\" \/>\n<meta property=\"article:modified_time\" content=\"2026-02-27T12:49:18+00:00\" \/>\n<meta property=\"og:image\" content=\"https:\/\/dosingpump.shop\/wp-content\/uploads\/2024\/12\/Emec-Prisma-MODBUS-Doseerpomp.webp\" \/>\n\t<meta property=\"og:image:width\" content=\"500\" \/>\n\t<meta property=\"og:image:height\" content=\"500\" \/>\n\t<meta property=\"og:image:type\" content=\"image\/webp\" \/>\n<meta name=\"twitter:card\" content=\"summary_large_image\" \/>\n<meta name=\"twitter:label1\" content=\"pre\u00e7o\" \/>\n\t<meta name=\"twitter:data1\" content=\"&euro;1.508,00\" \/>\n\t<meta name=\"twitter:label2\" content=\"Disponibilidade\" \/>\n\t<meta name=\"twitter:data2\" content=\"Em stock\" \/>\n<script type=\"application\/ld+json\" class=\"yoast-schema-graph\">{\"@context\":\"https:\/\/schema.org\",\"@graph\":[{\"@type\":\"WebPage\",\"@id\":\"https:\/\/dosingpump.shop\/en\/product\/prism-10-13-fp-modbus-dosing-pump\/\",\"url\":\"https:\/\/dosingpump.shop\/en\/product\/prism-10-13-fp-modbus-dosing-pump\/\",\"name\":\"Emec Prisma 10-13 FP MODBUS Doseerpomp | Dosing Pump Shop B.V.\",\"isPartOf\":{\"@id\":\"https:\/\/dosingpump.shop\/de\/#website\"},\"primaryImageOfPage\":{\"@id\":\"https:\/\/dosingpump.shop\/en\/product\/prism-10-13-fp-modbus-dosing-pump\/#primaryimage\"},\"image\":{\"@id\":\"https:\/\/dosingpump.shop\/en\/product\/prism-10-13-fp-modbus-dosing-pump\/#primaryimage\"},\"thumbnailUrl\":\"https:\/\/dosingpump.shop\/wp-content\/uploads\/2024\/12\/Emec-Prisma-MODBUS-Doseerpomp.webp\",\"datePublished\":\"2024-12-05T12:21:53+00:00\",\"dateModified\":\"2026-02-27T12:49:18+00:00\",\"description\":\"De Emec Prisma is een ouder model stappenmotor doseerpomp. Capaciteit: 13 l\/uur. Druk: 10 bar. Laatste modellen. Aantrekkelijke korting.\",\"breadcrumb\":{\"@id\":\"https:\/\/dosingpump.shop\/en\/product\/prism-10-13-fp-modbus-dosing-pump\/#breadcrumb\"},\"inLanguage\":\"pt-PT\",\"potentialAction\":[{\"@type\":\"ReadAction\",\"target\":[\"https:\/\/dosingpump.shop\/en\/product\/prism-10-13-fp-modbus-dosing-pump\/\"]}]},{\"@type\":\"ImageObject\",\"inLanguage\":\"pt-PT\",\"@id\":\"https:\/\/dosingpump.shop\/en\/product\/prism-10-13-fp-modbus-dosing-pump\/#primaryimage\",\"url\":\"https:\/\/dosingpump.shop\/wp-content\/uploads\/2024\/12\/Emec-Prisma-MODBUS-Doseerpomp.webp\",\"contentUrl\":\"https:\/\/dosingpump.shop\/wp-content\/uploads\/2024\/12\/Emec-Prisma-MODBUS-Doseerpomp.webp\",\"width\":500,\"height\":500},{\"@type\":\"BreadcrumbList\",\"@id\":\"https:\/\/dosingpump.shop\/en\/product\/prism-10-13-fp-modbus-dosing-pump\/#breadcrumb\",\"itemListElement\":[{\"@type\":\"ListItem\",\"position\":1,\"name\":\"Home\",\"item\":\"https:\/\/dosingpump.shop\/\"},{\"@type\":\"ListItem\",\"position\":2,\"name\":\"Shop\",\"item\":\"https:\/\/dosingpump.shop\/de\/shop\/\"},{\"@type\":\"ListItem\",\"position\":3,\"name\":\"PRISMA 10-13 FP MODBUS Doseerpomp\"}]},{\"@type\":\"WebSite\",\"@id\":\"https:\/\/dosingpump.shop\/de\/#website\",\"url\":\"https:\/\/dosingpump.shop\/de\/\",\"name\":\"Dosing Pump Shop B.V.\",\"description\":\"\",\"publisher\":{\"@id\":\"https:\/\/dosingpump.shop\/de\/#organization\"},\"potentialAction\":[{\"@type\":\"SearchAction\",\"target\":{\"@type\":\"EntryPoint\",\"urlTemplate\":\"https:\/\/dosingpump.shop\/de\/?s={search_term_string}\"},\"query-input\":{\"@type\":\"PropertyValueSpecification\",\"valueRequired\":true,\"valueName\":\"search_term_string\"}}],\"inLanguage\":\"pt-PT\"},{\"@type\":\"Organization\",\"@id\":\"https:\/\/dosingpump.shop\/de\/#organization\",\"name\":\"Dosing Pump Shop B.V.\",\"url\":\"https:\/\/dosingpump.shop\/de\/\",\"logo\":{\"@type\":\"ImageObject\",\"inLanguage\":\"pt-PT\",\"@id\":\"https:\/\/dosingpump.shop\/de\/#\/schema\/logo\/image\/\",\"url\":\"https:\/\/dosingpump.shop\/wp-content\/uploads\/2024\/10\/Dosing-Pump-Shop-logo.png\",\"contentUrl\":\"https:\/\/dosingpump.shop\/wp-content\/uploads\/2024\/10\/Dosing-Pump-Shop-logo.png\",\"width\":350,\"height\":45,\"caption\":\"Dosing Pump Shop B.V.\"},\"image\":{\"@id\":\"https:\/\/dosingpump.shop\/de\/#\/schema\/logo\/image\/\"},\"sameAs\":[\"https:\/\/linkedin.com\/company\/dosing-pump-shop\"]}]}<\/script>\n<meta property=\"product:price:amount\" content=\"1508.00\" \/>\n<meta property=\"product:price:currency\" content=\"EUR\" \/>\n<meta property=\"og:availability\" content=\"instock\" \/>\n<meta property=\"product:availability\" content=\"instock\" \/>\n<meta property=\"product:retailer_item_id\" content=\"PRS10013K00KV00A000\" \/>\n<meta property=\"product:condition\" content=\"new\" \/>\n<!-- \/ Yoast SEO plugin. -->","yoast_head_json":{"title":"Emec Prisma 10-13 FP MODBUS Bomba doseadora | Dosing Pump Shop B.V.","description":"A Emec Prisma \u00e9 uma bomba doseadora com motor de passo de modelo antigo. Capacidade: 13 l\/hora. Press\u00e3o: 10 bar. Modelos mais recentes. Desconto atrativo.","robots":{"index":"index","follow":"follow","max-snippet":"max-snippet:-1","max-image-preview":"max-image-preview:large","max-video-preview":"max-video-preview:-1"},"canonical":"https:\/\/dosingpump.shop\/pt\/produto\/prism-10-13-fp-bomba-doseadora-modbus\/","og_locale":"pt_PT","og_type":"article","og_title":"Emec Prisma 10-13 FP MODBUS Doseerpomp | Dosing Pump Shop B.V.","og_description":"De Emec Prisma is een ouder model stappenmotor doseerpomp. Capaciteit: 13 l\/uur. Druk: 10 bar. Laatste modellen. Aantrekkelijke korting.","og_url":"https:\/\/dosingpump.shop\/pt\/produto\/prism-10-13-fp-bomba-doseadora-modbus\/","og_site_name":"Dosing Pump Shop B.V.","article_modified_time":"2026-02-27T12:49:18+00:00","og_image":[{"width":500,"height":500,"url":"https:\/\/dosingpump.shop\/wp-content\/uploads\/2024\/12\/Emec-Prisma-MODBUS-Doseerpomp.webp","type":"image\/webp"}],"twitter_card":"summary_large_image","twitter_misc":{"pre\u00e7o":"&euro;1.508,00","Disponibilidade":"Em stock"},"schema":{"@context":"https:\/\/schema.org","@graph":[{"@type":"WebPage","@id":"https:\/\/dosingpump.shop\/en\/product\/prism-10-13-fp-modbus-dosing-pump\/","url":"https:\/\/dosingpump.shop\/en\/product\/prism-10-13-fp-modbus-dosing-pump\/","name":"Emec Prisma 10-13 FP MODBUS Bomba doseadora | Dosing Pump Shop B.V.","isPartOf":{"@id":"https:\/\/dosingpump.shop\/de\/#website"},"primaryImageOfPage":{"@id":"https:\/\/dosingpump.shop\/en\/product\/prism-10-13-fp-modbus-dosing-pump\/#primaryimage"},"image":{"@id":"https:\/\/dosingpump.shop\/en\/product\/prism-10-13-fp-modbus-dosing-pump\/#primaryimage"},"thumbnailUrl":"https:\/\/dosingpump.shop\/wp-content\/uploads\/2024\/12\/Emec-Prisma-MODBUS-Doseerpomp.webp","datePublished":"2024-12-05T12:21:53+00:00","dateModified":"2026-02-27T12:49:18+00:00","description":"A Emec Prisma \u00e9 uma bomba doseadora com motor de passo de modelo antigo. Capacidade: 13 l\/hora. Press\u00e3o: 10 bar. Modelos mais recentes. Desconto atrativo.","breadcrumb":{"@id":"https:\/\/dosingpump.shop\/en\/product\/prism-10-13-fp-modbus-dosing-pump\/#breadcrumb"},"inLanguage":"pt-PT","potentialAction":[{"@type":"ReadAction","target":["https:\/\/dosingpump.shop\/en\/product\/prism-10-13-fp-modbus-dosing-pump\/"]}]},{"@type":"ImageObject","inLanguage":"pt-PT","@id":"https:\/\/dosingpump.shop\/en\/product\/prism-10-13-fp-modbus-dosing-pump\/#primaryimage","url":"https:\/\/dosingpump.shop\/wp-content\/uploads\/2024\/12\/Emec-Prisma-MODBUS-Doseerpomp.webp","contentUrl":"https:\/\/dosingpump.shop\/wp-content\/uploads\/2024\/12\/Emec-Prisma-MODBUS-Doseerpomp.webp","width":500,"height":500},{"@type":"BreadcrumbList","@id":"https:\/\/dosingpump.shop\/en\/product\/prism-10-13-fp-modbus-dosing-pump\/#breadcrumb","itemListElement":[{"@type":"ListItem","position":1,"name":"Home","item":"https:\/\/dosingpump.shop\/"},{"@type":"ListItem","position":2,"name":"Shop","item":"https:\/\/dosingpump.shop\/de\/shop\/"},{"@type":"ListItem","position":3,"name":"PRISMA 10-13 FP MODBUS Doseerpomp"}]},{"@type":"WebSite","@id":"https:\/\/dosingpump.shop\/de\/#website","url":"https:\/\/dosingpump.shop\/de\/","name":"Dosing Pump Shop B.V.","description":"","publisher":{"@id":"https:\/\/dosingpump.shop\/de\/#organization"},"potentialAction":[{"@type":"SearchAction","target":{"@type":"EntryPoint","urlTemplate":"https:\/\/dosingpump.shop\/de\/?s={search_term_string}"},"query-input":{"@type":"PropertyValueSpecification","valueRequired":true,"valueName":"search_term_string"}}],"inLanguage":"pt-PT"},{"@type":"Organization","@id":"https:\/\/dosingpump.shop\/de\/#organization","name":"Dosing Pump Shop B.V.","url":"https:\/\/dosingpump.shop\/de\/","logo":{"@type":"ImageObject","inLanguage":"pt-PT","@id":"https:\/\/dosingpump.shop\/de\/#\/schema\/logo\/image\/","url":"https:\/\/dosingpump.shop\/wp-content\/uploads\/2024\/10\/Dosing-Pump-Shop-logo.png","contentUrl":"https:\/\/dosingpump.shop\/wp-content\/uploads\/2024\/10\/Dosing-Pump-Shop-logo.png","width":350,"height":45,"caption":"Dosing Pump Shop B.V."},"image":{"@id":"https:\/\/dosingpump.shop\/de\/#\/schema\/logo\/image\/"},"sameAs":["https:\/\/linkedin.com\/company\/dosing-pump-shop"]}]},"product_price_amount":"1508.00","product_price_currency":"EUR","og_availability":"instock","product_availability":"instock","product_retailer_item_id":"PRS10013K00KV00A000","product_condition":"new"},"_links":{"self":[{"href":"https:\/\/dosingpump.shop\/pt\/wp-json\/wp\/v2\/product\/4091","targetHints":{"allow":["GET"]}}],"collection":[{"href":"https:\/\/dosingpump.shop\/pt\/wp-json\/wp\/v2\/product"}],"about":[{"href":"https:\/\/dosingpump.shop\/pt\/wp-json\/wp\/v2\/types\/product"}],"wp:featuredmedia":[{"embeddable":true,"href":"https:\/\/dosingpump.shop\/pt\/wp-json\/wp\/v2\/media\/4117"}],"wp:attachment":[{"href":"https:\/\/dosingpump.shop\/pt\/wp-json\/wp\/v2\/media?parent=4091"}],"wp:term":[{"taxonomy":"product_brand","embeddable":true,"href":"https:\/\/dosingpump.shop\/pt\/wp-json\/wp\/v2\/product_brand?post=4091"},{"taxonomy":"product_cat","embeddable":true,"href":"https:\/\/dosingpump.shop\/pt\/wp-json\/wp\/v2\/product_cat?post=4091"},{"taxonomy":"product_tag","embeddable":true,"href":"https:\/\/dosingpump.shop\/pt\/wp-json\/wp\/v2\/product_tag?post=4091"}],"curies":[{"name":"wp","href":"https:\/\/api.w.org\/{rel}","templated":true}]}}