{"id":4092,"date":"2024-12-05T12:21:54","date_gmt":"2024-12-05T12:21:54","guid":{"rendered":"https:\/\/dosingpump.shop\/?post_type=product&#038;p=4092"},"modified":"2026-02-27T14:49:18","modified_gmt":"2026-02-27T12:49:18","slug":"bomba-doseadora-emec-prism-24vdc","status":"publish","type":"product","link":"https:\/\/dosingpump.shop\/pt\/product\/emec-prisma-24vdc-doseerpomp\/","title":{"rendered":"EMEC PRISMA 24VDC Bomba doseadora"},"content":{"rendered":"<h3>Emec Prisma 05-28 Bomba doseadora: A perfei\u00e7\u00e3o na gest\u00e3o precisa da dosagem<\/h3>\n<p>Descobrir o <strong>Bomba doseadora Emec Prisma<\/strong>Esta bomba doseadora de alto desempenho est\u00e1 equipada de s\u00e9rie com um motor de passo para uma precis\u00e3o inigual\u00e1vel na dosagem de l\u00edquidos, mesmo os mais viscosos. Esta bomba doseadora de elevado desempenho est\u00e1 configurada de s\u00e9rie para controlo atrav\u00e9s de sinal externo (4-20mA | 0-10V | Pulso) e RS485. A 05-28 pode fornecer 28 litros por hora a uma contrapress\u00e3o de 5 bar.<\/p>\n<h4>Carater\u00edsticas \u00fanicas:<\/h4>\n<ul>\n<li><strong>Conectividade:<\/strong> Opcional com Bluetooth e controlo remoto atrav\u00e9s do servidor Emec Ermes, que lhe permite ler e regular a bomba a partir de qualquer parte do mundo atrav\u00e9s do seu telem\u00f3vel.<\/li>\n<li><strong>Compatibilidade:<\/strong> S\u00e3o poss\u00edveis liga\u00e7\u00f5es MODBUS e RS485. A RS485 \u00e9 mesmo a norma.<\/li>\n<li><strong>Adaptabilidade:<\/strong> O software e o motor passo a passo permitem que o Emec Prisma seja totalmente personalizado de acordo com as suas necessidades de dosagem. Est\u00e3o dispon\u00edveis v\u00e1rios programas de dosagem!<\/li>\n<li><strong>Controlo m\u00e1ximo:<\/strong> Um impressionante r\u00e1cio de abertura de cama de 1:4800 garante o controlo mais preciso do seu processo de dosagem.<\/li>\n<li><strong>Modo lento:<\/strong> Uma carater\u00edstica \u00fanica para a distribui\u00e7\u00e3o precisa de l\u00edquidos de alta viscosidade, reduzindo o curso da bomba para 25, 50 ou 75% da capacidade normal.<\/li>\n<\/ul>\n<h4>Vers\u00f5es dispon\u00edveis da bomba doseadora Emec Prisma:<\/h4>\n<p>De 20 bar - 1 l\/h a 02 bar - 80 l\/h, h\u00e1 sempre uma bomba doseadora Emec Prisma que se adapta perfeitamente \u00e0s suas necessidades. Precisa de ajuda para escolher a vers\u00e3o correta? Solicite um or\u00e7amento e estamos prontos para o aconselhar!<\/p>","protected":false},"excerpt":{"rendered":"<p>Com a s\u00e9rie Emec PRISMA, obt\u00e9m a melhor bomba doseadora da casa. Com o seu motor de passo, esta bomba de diafragma \u00e9 a bomba doseadora mais inovadora at\u00e9 \u00e0 data. Se procura precis\u00e3o e fiabilidade, solicite imediatamente esta bomba polivalente.<\/p>\n<ul>\n<li>WIFI<\/li>\n<li>Bluetooth<\/li>\n<li>modbus<\/li>\n<li>RS485<\/li>\n<\/ul>","protected":false},"featured_media":4249,"template":"","meta":[],"product_brand":[],"product_cat":[17,19,78],"product_tag":[],"class_list":{"0":"post-4092","1":"product","2":"type-product","3":"status-publish","4":"has-post-thumbnail","6":"product_cat-doseerpompen","7":"product_cat-stappenmotor-gedreven","8":"product_cat-emec-prisma","10":"first","11":"instock","12":"taxable","13":"shipping-taxable","14":"purchasable","15":"product-type-simple"},"yoast_head":"<!-- This site is optimized with the Yoast SEO plugin v27.2 - https:\/\/yoast.com\/product\/yoast-seo-wordpress\/ -->\n<title>EMEC PRISMA 24VDC Doseerpomp | Dosing Pump Shop B.V.<\/title>\n<meta name=\"robots\" content=\"index, follow, max-snippet:-1, max-image-preview:large, max-video-preview:-1\" \/>\n<link rel=\"canonical\" href=\"https:\/\/dosingpump.shop\/pt\/produto\/bomba-doseadora-emec-prism-24vdc\/\" \/>\n<meta property=\"og:locale\" content=\"pt_PT\" \/>\n<meta property=\"og:type\" content=\"article\" \/>\n<meta property=\"og:title\" content=\"EMEC PRISMA 24VDC Doseerpomp | Dosing Pump Shop B.V.\" \/>\n<meta property=\"og:description\" content=\"Met de Emec PRISMA serie haalt u de beste doseerpomp in huis. Deze membraanpomp is met zijn stappenmotor de meeste innovatieve doseerpomp tot nu toe. Vraag deze alleskunner direct aan als u gaat voor precisie en betrouwbaarheid.   WIFI  Bluetooth  modbus  RS485\" \/>\n<meta property=\"og:url\" content=\"https:\/\/dosingpump.shop\/pt\/produto\/bomba-doseadora-emec-prism-24vdc\/\" \/>\n<meta property=\"og:site_name\" content=\"Dosing Pump Shop B.V.\" \/>\n<meta property=\"article:modified_time\" content=\"2026-02-27T12:49:18+00:00\" \/>\n<meta property=\"og:image\" content=\"https:\/\/dosingpump.shop\/wp-content\/uploads\/2024\/12\/Emec-Prisma-Doseerpomp-24vdc.webp\" \/>\n\t<meta property=\"og:image:width\" content=\"500\" \/>\n\t<meta property=\"og:image:height\" content=\"500\" \/>\n\t<meta property=\"og:image:type\" content=\"image\/webp\" \/>\n<meta name=\"twitter:card\" content=\"summary_large_image\" \/>\n<meta name=\"twitter:label1\" content=\"pre\u00e7o\" \/>\n\t<meta name=\"twitter:data1\" content=\"&euro;1.563,00\" \/>\n\t<meta name=\"twitter:label2\" content=\"Disponibilidade\" \/>\n\t<meta name=\"twitter:data2\" content=\"Em stock\" \/>\n<script type=\"application\/ld+json\" class=\"yoast-schema-graph\">{\"@context\":\"https:\/\/schema.org\",\"@graph\":[{\"@type\":\"WebPage\",\"@id\":\"https:\/\/dosingpump.shop\/pt\/produto\/bomba-doseadora-emec-prism-24vdc\/\",\"url\":\"https:\/\/dosingpump.shop\/pt\/produto\/bomba-doseadora-emec-prism-24vdc\/\",\"name\":\"EMEC PRISMA 24VDC Doseerpomp | Dosing Pump Shop B.V.\",\"isPartOf\":{\"@id\":\"https:\/\/dosingpump.shop\/de\/#website\"},\"primaryImageOfPage\":{\"@id\":\"https:\/\/dosingpump.shop\/pt\/produto\/bomba-doseadora-emec-prism-24vdc\/#primaryimage\"},\"image\":{\"@id\":\"https:\/\/dosingpump.shop\/pt\/produto\/bomba-doseadora-emec-prism-24vdc\/#primaryimage\"},\"thumbnailUrl\":\"https:\/\/dosingpump.shop\/wp-content\/uploads\/2024\/12\/Emec-Prisma-Doseerpomp-24vdc.webp\",\"datePublished\":\"2024-12-05T12:21:54+00:00\",\"dateModified\":\"2026-02-27T12:49:18+00:00\",\"breadcrumb\":{\"@id\":\"https:\/\/dosingpump.shop\/pt\/produto\/bomba-doseadora-emec-prism-24vdc\/#breadcrumb\"},\"inLanguage\":\"pt-PT\",\"potentialAction\":[{\"@type\":\"ReadAction\",\"target\":[\"https:\/\/dosingpump.shop\/pt\/produto\/bomba-doseadora-emec-prism-24vdc\/\"]}]},{\"@type\":\"ImageObject\",\"inLanguage\":\"pt-PT\",\"@id\":\"https:\/\/dosingpump.shop\/pt\/produto\/bomba-doseadora-emec-prism-24vdc\/#primaryimage\",\"url\":\"https:\/\/dosingpump.shop\/wp-content\/uploads\/2024\/12\/Emec-Prisma-Doseerpomp-24vdc.webp\",\"contentUrl\":\"https:\/\/dosingpump.shop\/wp-content\/uploads\/2024\/12\/Emec-Prisma-Doseerpomp-24vdc.webp\",\"width\":500,\"height\":500},{\"@type\":\"BreadcrumbList\",\"@id\":\"https:\/\/dosingpump.shop\/pt\/produto\/bomba-doseadora-emec-prism-24vdc\/#breadcrumb\",\"itemListElement\":[{\"@type\":\"ListItem\",\"position\":1,\"name\":\"Home\",\"item\":\"https:\/\/dosingpump.shop\/\"},{\"@type\":\"ListItem\",\"position\":2,\"name\":\"Shop\",\"item\":\"https:\/\/dosingpump.shop\/de\/shop\/\"},{\"@type\":\"ListItem\",\"position\":3,\"name\":\"EMEC PRISMA 24VDC Doseerpomp\"}]},{\"@type\":\"WebSite\",\"@id\":\"https:\/\/dosingpump.shop\/de\/#website\",\"url\":\"https:\/\/dosingpump.shop\/de\/\",\"name\":\"Dosing Pump Shop B.V.\",\"description\":\"\",\"publisher\":{\"@id\":\"https:\/\/dosingpump.shop\/de\/#organization\"},\"potentialAction\":[{\"@type\":\"SearchAction\",\"target\":{\"@type\":\"EntryPoint\",\"urlTemplate\":\"https:\/\/dosingpump.shop\/de\/?s={search_term_string}\"},\"query-input\":{\"@type\":\"PropertyValueSpecification\",\"valueRequired\":true,\"valueName\":\"search_term_string\"}}],\"inLanguage\":\"pt-PT\"},{\"@type\":\"Organization\",\"@id\":\"https:\/\/dosingpump.shop\/de\/#organization\",\"name\":\"Dosing Pump Shop B.V.\",\"url\":\"https:\/\/dosingpump.shop\/de\/\",\"logo\":{\"@type\":\"ImageObject\",\"inLanguage\":\"pt-PT\",\"@id\":\"https:\/\/dosingpump.shop\/de\/#\/schema\/logo\/image\/\",\"url\":\"https:\/\/dosingpump.shop\/wp-content\/uploads\/2024\/10\/Dosing-Pump-Shop-logo.png\",\"contentUrl\":\"https:\/\/dosingpump.shop\/wp-content\/uploads\/2024\/10\/Dosing-Pump-Shop-logo.png\",\"width\":350,\"height\":45,\"caption\":\"Dosing Pump Shop B.V.\"},\"image\":{\"@id\":\"https:\/\/dosingpump.shop\/de\/#\/schema\/logo\/image\/\"},\"sameAs\":[\"https:\/\/linkedin.com\/company\/dosing-pump-shop\"]}]}<\/script>\n<meta property=\"product:price:amount\" content=\"1563.00\" \/>\n<meta property=\"product:price:currency\" content=\"EUR\" \/>\n<meta property=\"og:availability\" content=\"instock\" \/>\n<meta property=\"product:availability\" content=\"instock\" \/>\n<meta property=\"product:retailer_item_id\" content=\"PRI05028K0007V00A000\" \/>\n<meta property=\"product:condition\" content=\"new\" \/>\n<!-- \/ Yoast SEO plugin. -->","yoast_head_json":{"title":"EMEC PRISMA 24VDC Bomba doseadora | Dosing Pump Shop B.V.","robots":{"index":"index","follow":"follow","max-snippet":"max-snippet:-1","max-image-preview":"max-image-preview:large","max-video-preview":"max-video-preview:-1"},"canonical":"https:\/\/dosingpump.shop\/pt\/produto\/bomba-doseadora-emec-prism-24vdc\/","og_locale":"pt_PT","og_type":"article","og_title":"EMEC PRISMA 24VDC Doseerpomp | Dosing Pump Shop B.V.","og_description":"Met de Emec PRISMA serie haalt u de beste doseerpomp in huis. Deze membraanpomp is met zijn stappenmotor de meeste innovatieve doseerpomp tot nu toe. Vraag deze alleskunner direct aan als u gaat voor precisie en betrouwbaarheid.   WIFI  Bluetooth  modbus  RS485","og_url":"https:\/\/dosingpump.shop\/pt\/produto\/bomba-doseadora-emec-prism-24vdc\/","og_site_name":"Dosing Pump Shop B.V.","article_modified_time":"2026-02-27T12:49:18+00:00","og_image":[{"width":500,"height":500,"url":"https:\/\/dosingpump.shop\/wp-content\/uploads\/2024\/12\/Emec-Prisma-Doseerpomp-24vdc.webp","type":"image\/webp"}],"twitter_card":"summary_large_image","twitter_misc":{"pre\u00e7o":"&euro;1.563,00","Disponibilidade":"Em stock"},"schema":{"@context":"https:\/\/schema.org","@graph":[{"@type":"WebPage","@id":"https:\/\/dosingpump.shop\/pt\/produto\/bomba-doseadora-emec-prism-24vdc\/","url":"https:\/\/dosingpump.shop\/pt\/produto\/bomba-doseadora-emec-prism-24vdc\/","name":"EMEC PRISMA 24VDC Bomba doseadora | Dosing Pump Shop B.V.","isPartOf":{"@id":"https:\/\/dosingpump.shop\/de\/#website"},"primaryImageOfPage":{"@id":"https:\/\/dosingpump.shop\/pt\/produto\/bomba-doseadora-emec-prism-24vdc\/#primaryimage"},"image":{"@id":"https:\/\/dosingpump.shop\/pt\/produto\/bomba-doseadora-emec-prism-24vdc\/#primaryimage"},"thumbnailUrl":"https:\/\/dosingpump.shop\/wp-content\/uploads\/2024\/12\/Emec-Prisma-Doseerpomp-24vdc.webp","datePublished":"2024-12-05T12:21:54+00:00","dateModified":"2026-02-27T12:49:18+00:00","breadcrumb":{"@id":"https:\/\/dosingpump.shop\/pt\/produto\/bomba-doseadora-emec-prism-24vdc\/#breadcrumb"},"inLanguage":"pt-PT","potentialAction":[{"@type":"ReadAction","target":["https:\/\/dosingpump.shop\/pt\/produto\/bomba-doseadora-emec-prism-24vdc\/"]}]},{"@type":"ImageObject","inLanguage":"pt-PT","@id":"https:\/\/dosingpump.shop\/pt\/produto\/bomba-doseadora-emec-prism-24vdc\/#primaryimage","url":"https:\/\/dosingpump.shop\/wp-content\/uploads\/2024\/12\/Emec-Prisma-Doseerpomp-24vdc.webp","contentUrl":"https:\/\/dosingpump.shop\/wp-content\/uploads\/2024\/12\/Emec-Prisma-Doseerpomp-24vdc.webp","width":500,"height":500},{"@type":"BreadcrumbList","@id":"https:\/\/dosingpump.shop\/pt\/produto\/bomba-doseadora-emec-prism-24vdc\/#breadcrumb","itemListElement":[{"@type":"ListItem","position":1,"name":"Home","item":"https:\/\/dosingpump.shop\/"},{"@type":"ListItem","position":2,"name":"Shop","item":"https:\/\/dosingpump.shop\/de\/shop\/"},{"@type":"ListItem","position":3,"name":"EMEC PRISMA 24VDC Doseerpomp"}]},{"@type":"WebSite","@id":"https:\/\/dosingpump.shop\/de\/#website","url":"https:\/\/dosingpump.shop\/de\/","name":"Dosing Pump Shop B.V.","description":"","publisher":{"@id":"https:\/\/dosingpump.shop\/de\/#organization"},"potentialAction":[{"@type":"SearchAction","target":{"@type":"EntryPoint","urlTemplate":"https:\/\/dosingpump.shop\/de\/?s={search_term_string}"},"query-input":{"@type":"PropertyValueSpecification","valueRequired":true,"valueName":"search_term_string"}}],"inLanguage":"pt-PT"},{"@type":"Organization","@id":"https:\/\/dosingpump.shop\/de\/#organization","name":"Dosing Pump Shop B.V.","url":"https:\/\/dosingpump.shop\/de\/","logo":{"@type":"ImageObject","inLanguage":"pt-PT","@id":"https:\/\/dosingpump.shop\/de\/#\/schema\/logo\/image\/","url":"https:\/\/dosingpump.shop\/wp-content\/uploads\/2024\/10\/Dosing-Pump-Shop-logo.png","contentUrl":"https:\/\/dosingpump.shop\/wp-content\/uploads\/2024\/10\/Dosing-Pump-Shop-logo.png","width":350,"height":45,"caption":"Dosing Pump Shop B.V."},"image":{"@id":"https:\/\/dosingpump.shop\/de\/#\/schema\/logo\/image\/"},"sameAs":["https:\/\/linkedin.com\/company\/dosing-pump-shop"]}]},"product_price_amount":"1563.00","product_price_currency":"EUR","og_availability":"instock","product_availability":"instock","product_retailer_item_id":"PRI05028K0007V00A000","product_condition":"new"},"_links":{"self":[{"href":"https:\/\/dosingpump.shop\/pt\/wp-json\/wp\/v2\/product\/4092","targetHints":{"allow":["GET"]}}],"collection":[{"href":"https:\/\/dosingpump.shop\/pt\/wp-json\/wp\/v2\/product"}],"about":[{"href":"https:\/\/dosingpump.shop\/pt\/wp-json\/wp\/v2\/types\/product"}],"wp:featuredmedia":[{"embeddable":true,"href":"https:\/\/dosingpump.shop\/pt\/wp-json\/wp\/v2\/media\/4249"}],"wp:attachment":[{"href":"https:\/\/dosingpump.shop\/pt\/wp-json\/wp\/v2\/media?parent=4092"}],"wp:term":[{"taxonomy":"product_brand","embeddable":true,"href":"https:\/\/dosingpump.shop\/pt\/wp-json\/wp\/v2\/product_brand?post=4092"},{"taxonomy":"product_cat","embeddable":true,"href":"https:\/\/dosingpump.shop\/pt\/wp-json\/wp\/v2\/product_cat?post=4092"},{"taxonomy":"product_tag","embeddable":true,"href":"https:\/\/dosingpump.shop\/pt\/wp-json\/wp\/v2\/product_tag?post=4092"}],"curies":[{"name":"wp","href":"https:\/\/api.w.org\/{rel}","templated":true}]}}