{"id":4353,"date":"2024-12-05T12:22:45","date_gmt":"2024-12-05T12:22:45","guid":{"rendered":"https:\/\/dosingpump.shop\/product\/lasp4-d-4x6-40cm-2-lev-10cm-1bnc-22-wires\/"},"modified":"2026-02-27T14:49:27","modified_gmt":"2026-02-27T12:49:27","slug":"lasp4-d-4x6-40cm-2-lev-10cm-1bnc-22-fios","status":"publish","type":"product","link":"https:\/\/dosingpump.shop\/pt\/product\/lasp4-d-4x6-40cm-2-lev-10cm-1bnc-22-wires\/","title":{"rendered":"LASP4\/D 4X6 40CM 2 LEV. 10CM 1\u00b0=BNC-2\u00b0=2 FIOS"},"content":{"rendered":"<h2><strong>Emec LASP4\/D Lan\u00e7a de aspira\u00e7\u00e3o 40 cm<\/strong><\/h2>\n<p>A maioria das bombas doseadoras Emec \u00e9 fornecida com uma v\u00e1lvula de p\u00e9 com filtro de suc\u00e7\u00e3o. Isto funciona bem, mas h\u00e1 casos em que uma lan\u00e7a de suc\u00e7\u00e3o funciona melhor ou \u00e9 mais segura, como quando existe um agitador ou com um bid\u00e3o. Uma lan\u00e7a de suc\u00e7\u00e3o \u00e9 uma lan\u00e7a de pl\u00e1stico PVC ou PVDF com um filtro e um interrutor de n\u00edvel. Selecionando o comprimento certo, a lan\u00e7a de suc\u00e7\u00e3o atinge o fundo do tambor ou IBC e a suc\u00e7\u00e3o da bomba \u00e9 ent\u00e3o ligada ao topo. Quando a bomba \u00e9 compat\u00edvel, o interrutor de n\u00edvel pode ser ligado. Este desliga a bomba quando o recipiente est\u00e1 vazio. Est\u00e1 \u00e0 procura de uma vers\u00e3o diferente? Ent\u00e3o contacte-nos e pe\u00e7a um or\u00e7amento. Mais informa\u00e7\u00f5es t\u00e9cnicas? Consulte o separador de informa\u00e7\u00f5es t\u00e9cnicas.<\/p>","protected":false},"excerpt":{"rendered":"<p>Emec Lan\u00e7a de aspira\u00e7\u00e3o para bomba doseadora 40 cm. Material PVC, O-ring EPDM<\/p>","protected":false},"featured_media":0,"template":"","meta":[],"product_brand":[],"product_cat":[87],"product_tag":[],"class_list":{"0":"post-4353","1":"product","2":"type-product","3":"status-publish","5":"product_cat-aanzuiglans-lasp4","7":"first","8":"instock","9":"taxable","10":"shipping-taxable","11":"purchasable","12":"product-type-simple"},"yoast_head":"<!-- This site is optimized with the Yoast SEO plugin v27.2 - https:\/\/yoast.com\/product\/yoast-seo-wordpress\/ -->\n<title>LASP4\/D 4X6 40CM 2 LEV. 10CM 1\u00b0=BNC-2\u00b0=2 WIRES | Dosing Pump Shop B.V.<\/title>\n<meta name=\"robots\" content=\"index, follow, max-snippet:-1, max-image-preview:large, max-video-preview:-1\" \/>\n<link rel=\"canonical\" href=\"https:\/\/dosingpump.shop\/pt\/produto\/lasp4-d-4x6-40cm-2-lev-10cm-1bnc-22-fios\/\" \/>\n<meta property=\"og:locale\" content=\"pt_PT\" \/>\n<meta property=\"og:type\" content=\"article\" \/>\n<meta property=\"og:title\" content=\"LASP4\/D 4X6 40CM 2 LEV. 10CM 1\u00b0=BNC-2\u00b0=2 WIRES | Dosing Pump Shop B.V.\" \/>\n<meta property=\"og:description\" content=\"Emec Aanzuiglans voor doseerpomp 40 cm. Materiaal PVC, O-ring EPDM\" \/>\n<meta property=\"og:url\" content=\"https:\/\/dosingpump.shop\/pt\/produto\/lasp4-d-4x6-40cm-2-lev-10cm-1bnc-22-fios\/\" \/>\n<meta property=\"og:site_name\" content=\"Dosing Pump Shop B.V.\" \/>\n<meta property=\"article:modified_time\" content=\"2026-02-27T12:49:27+00:00\" \/>\n<meta name=\"twitter:card\" content=\"summary_large_image\" \/>\n<meta name=\"twitter:label1\" content=\"pre\u00e7o\" \/>\n\t<meta name=\"twitter:data1\" content=\"&euro;151,00\" \/>\n\t<meta name=\"twitter:label2\" content=\"Disponibilidade\" \/>\n\t<meta name=\"twitter:data2\" content=\"Em stock\" \/>\n<script type=\"application\/ld+json\" class=\"yoast-schema-graph\">{\"@context\":\"https:\/\/schema.org\",\"@graph\":[{\"@type\":\"WebPage\",\"@id\":\"https:\/\/dosingpump.shop\/cz\/produkt-2\/lasp4-d-4x6-40cm-2-lev-10cm-1bnc-22-dratu\/\",\"url\":\"https:\/\/dosingpump.shop\/cz\/produkt-2\/lasp4-d-4x6-40cm-2-lev-10cm-1bnc-22-dratu\/\",\"name\":\"LASP4\/D 4X6 40CM 2 LEV. 10CM 1\u00b0=BNC-2\u00b0=2 WIRES | Dosing Pump Shop B.V.\",\"isPartOf\":{\"@id\":\"https:\/\/dosingpump.shop\/de\/#website\"},\"datePublished\":\"2024-12-05T12:22:45+00:00\",\"dateModified\":\"2026-02-27T12:49:27+00:00\",\"breadcrumb\":{\"@id\":\"https:\/\/dosingpump.shop\/cz\/produkt-2\/lasp4-d-4x6-40cm-2-lev-10cm-1bnc-22-dratu\/#breadcrumb\"},\"inLanguage\":\"pt-PT\",\"potentialAction\":[{\"@type\":\"ReadAction\",\"target\":[\"https:\/\/dosingpump.shop\/cz\/produkt-2\/lasp4-d-4x6-40cm-2-lev-10cm-1bnc-22-dratu\/\"]}]},{\"@type\":\"BreadcrumbList\",\"@id\":\"https:\/\/dosingpump.shop\/cz\/produkt-2\/lasp4-d-4x6-40cm-2-lev-10cm-1bnc-22-dratu\/#breadcrumb\",\"itemListElement\":[{\"@type\":\"ListItem\",\"position\":1,\"name\":\"Home\",\"item\":\"https:\/\/dosingpump.shop\/\"},{\"@type\":\"ListItem\",\"position\":2,\"name\":\"Shop\",\"item\":\"https:\/\/dosingpump.shop\/de\/shop\/\"},{\"@type\":\"ListItem\",\"position\":3,\"name\":\"LASP4\/D 4X6 40CM 2 LEV. 10CM 1\u00b0=BNC-2\u00b0=2 WIRES\"}]},{\"@type\":\"WebSite\",\"@id\":\"https:\/\/dosingpump.shop\/de\/#website\",\"url\":\"https:\/\/dosingpump.shop\/de\/\",\"name\":\"Dosing Pump Shop B.V.\",\"description\":\"\",\"publisher\":{\"@id\":\"https:\/\/dosingpump.shop\/de\/#organization\"},\"potentialAction\":[{\"@type\":\"SearchAction\",\"target\":{\"@type\":\"EntryPoint\",\"urlTemplate\":\"https:\/\/dosingpump.shop\/de\/?s={search_term_string}\"},\"query-input\":{\"@type\":\"PropertyValueSpecification\",\"valueRequired\":true,\"valueName\":\"search_term_string\"}}],\"inLanguage\":\"pt-PT\"},{\"@type\":\"Organization\",\"@id\":\"https:\/\/dosingpump.shop\/de\/#organization\",\"name\":\"Dosing Pump Shop B.V.\",\"url\":\"https:\/\/dosingpump.shop\/de\/\",\"logo\":{\"@type\":\"ImageObject\",\"inLanguage\":\"pt-PT\",\"@id\":\"https:\/\/dosingpump.shop\/de\/#\/schema\/logo\/image\/\",\"url\":\"https:\/\/dosingpump.shop\/wp-content\/uploads\/2024\/10\/Dosing-Pump-Shop-logo.png\",\"contentUrl\":\"https:\/\/dosingpump.shop\/wp-content\/uploads\/2024\/10\/Dosing-Pump-Shop-logo.png\",\"width\":350,\"height\":45,\"caption\":\"Dosing Pump Shop B.V.\"},\"image\":{\"@id\":\"https:\/\/dosingpump.shop\/de\/#\/schema\/logo\/image\/\"},\"sameAs\":[\"https:\/\/linkedin.com\/company\/dosing-pump-shop\"]}]}<\/script>\n<meta property=\"product:price:amount\" content=\"151.00\" \/>\n<meta property=\"product:price:currency\" content=\"EUR\" \/>\n<meta property=\"og:availability\" content=\"instock\" \/>\n<meta property=\"product:availability\" content=\"instock\" \/>\n<meta property=\"product:retailer_item_id\" content=\"LASP4D040315Y3,5000\" \/>\n<meta property=\"product:condition\" content=\"new\" \/>\n<!-- \/ Yoast SEO plugin. -->","yoast_head_json":{"title":"LASP4\/D 4X6 40CM 2 LEV. 10CM 1\u00b0=BNC-2\u00b0=2 FIOS | Dosing Pump Shop EG.","robots":{"index":"index","follow":"follow","max-snippet":"max-snippet:-1","max-image-preview":"max-image-preview:large","max-video-preview":"max-video-preview:-1"},"canonical":"https:\/\/dosingpump.shop\/pt\/produto\/lasp4-d-4x6-40cm-2-lev-10cm-1bnc-22-fios\/","og_locale":"pt_PT","og_type":"article","og_title":"LASP4\/D 4X6 40CM 2 LEV. 10CM 1\u00b0=BNC-2\u00b0=2 WIRES | Dosing Pump Shop B.V.","og_description":"Emec Aanzuiglans voor doseerpomp 40 cm. Materiaal PVC, O-ring EPDM","og_url":"https:\/\/dosingpump.shop\/pt\/produto\/lasp4-d-4x6-40cm-2-lev-10cm-1bnc-22-fios\/","og_site_name":"Dosing Pump Shop B.V.","article_modified_time":"2026-02-27T12:49:27+00:00","twitter_card":"summary_large_image","twitter_misc":{"pre\u00e7o":"&euro;151,00","Disponibilidade":"Em stock"},"schema":{"@context":"https:\/\/schema.org","@graph":[{"@type":"WebPage","@id":"https:\/\/dosingpump.shop\/cz\/produkt-2\/lasp4-d-4x6-40cm-2-lev-10cm-1bnc-22-dratu\/","url":"https:\/\/dosingpump.shop\/cz\/produkt-2\/lasp4-d-4x6-40cm-2-lev-10cm-1bnc-22-dratu\/","name":"LASP4\/D 4X6 40CM 2 LEV. 10CM 1\u00b0=BNC-2\u00b0=2 FIOS | Dosing Pump Shop EG.","isPartOf":{"@id":"https:\/\/dosingpump.shop\/de\/#website"},"datePublished":"2024-12-05T12:22:45+00:00","dateModified":"2026-02-27T12:49:27+00:00","breadcrumb":{"@id":"https:\/\/dosingpump.shop\/cz\/produkt-2\/lasp4-d-4x6-40cm-2-lev-10cm-1bnc-22-dratu\/#breadcrumb"},"inLanguage":"pt-PT","potentialAction":[{"@type":"ReadAction","target":["https:\/\/dosingpump.shop\/cz\/produkt-2\/lasp4-d-4x6-40cm-2-lev-10cm-1bnc-22-dratu\/"]}]},{"@type":"BreadcrumbList","@id":"https:\/\/dosingpump.shop\/cz\/produkt-2\/lasp4-d-4x6-40cm-2-lev-10cm-1bnc-22-dratu\/#breadcrumb","itemListElement":[{"@type":"ListItem","position":1,"name":"Home","item":"https:\/\/dosingpump.shop\/"},{"@type":"ListItem","position":2,"name":"Shop","item":"https:\/\/dosingpump.shop\/de\/shop\/"},{"@type":"ListItem","position":3,"name":"LASP4\/D 4X6 40CM 2 LEV. 10CM 1\u00b0=BNC-2\u00b0=2 WIRES"}]},{"@type":"WebSite","@id":"https:\/\/dosingpump.shop\/de\/#website","url":"https:\/\/dosingpump.shop\/de\/","name":"Dosing Pump Shop B.V.","description":"","publisher":{"@id":"https:\/\/dosingpump.shop\/de\/#organization"},"potentialAction":[{"@type":"SearchAction","target":{"@type":"EntryPoint","urlTemplate":"https:\/\/dosingpump.shop\/de\/?s={search_term_string}"},"query-input":{"@type":"PropertyValueSpecification","valueRequired":true,"valueName":"search_term_string"}}],"inLanguage":"pt-PT"},{"@type":"Organization","@id":"https:\/\/dosingpump.shop\/de\/#organization","name":"Dosing Pump Shop B.V.","url":"https:\/\/dosingpump.shop\/de\/","logo":{"@type":"ImageObject","inLanguage":"pt-PT","@id":"https:\/\/dosingpump.shop\/de\/#\/schema\/logo\/image\/","url":"https:\/\/dosingpump.shop\/wp-content\/uploads\/2024\/10\/Dosing-Pump-Shop-logo.png","contentUrl":"https:\/\/dosingpump.shop\/wp-content\/uploads\/2024\/10\/Dosing-Pump-Shop-logo.png","width":350,"height":45,"caption":"Dosing Pump Shop B.V."},"image":{"@id":"https:\/\/dosingpump.shop\/de\/#\/schema\/logo\/image\/"},"sameAs":["https:\/\/linkedin.com\/company\/dosing-pump-shop"]}]},"product_price_amount":"151.00","product_price_currency":"EUR","og_availability":"instock","product_availability":"instock","product_retailer_item_id":"LASP4D040315Y3,5000","product_condition":"new"},"_links":{"self":[{"href":"https:\/\/dosingpump.shop\/pt\/wp-json\/wp\/v2\/product\/4353","targetHints":{"allow":["GET"]}}],"collection":[{"href":"https:\/\/dosingpump.shop\/pt\/wp-json\/wp\/v2\/product"}],"about":[{"href":"https:\/\/dosingpump.shop\/pt\/wp-json\/wp\/v2\/types\/product"}],"wp:attachment":[{"href":"https:\/\/dosingpump.shop\/pt\/wp-json\/wp\/v2\/media?parent=4353"}],"wp:term":[{"taxonomy":"product_brand","embeddable":true,"href":"https:\/\/dosingpump.shop\/pt\/wp-json\/wp\/v2\/product_brand?post=4353"},{"taxonomy":"product_cat","embeddable":true,"href":"https:\/\/dosingpump.shop\/pt\/wp-json\/wp\/v2\/product_cat?post=4353"},{"taxonomy":"product_tag","embeddable":true,"href":"https:\/\/dosingpump.shop\/pt\/wp-json\/wp\/v2\/product_tag?post=4353"}],"curies":[{"name":"wp","href":"https:\/\/api.w.org\/{rel}","templated":true}]}}